{"id":424,"date":"2020-11-19T14:37:09","date_gmt":"2020-11-19T14:37:09","guid":{"rendered":"https:\/\/elfsight.com\/pl\/?page_id=424"},"modified":"2021-04-21T13:44:10","modified_gmt":"2021-04-21T13:44:10","slug":"siteorigin-widgets","status":"publish","type":"page","link":"https:\/\/elfsight.com\/pl\/siteorigin-widgets\/","title":{"rendered":"SiteOrigin widgets"},"content":{"rendered":"\n<h2>Najdoskonalsze wid\u017cety Elfsight dla unowocze\u015bnienia twojej strony www SiteOrigin<\/h2>\n\n<p>Przez wiele lat nasz team profesjonalist\u00f3w Elfsight stwarza Plug&amp;Play i modyfikowalne dodatki chmurowe dla Twojej firmy. Elfsight zapewnia wsparcie premium i du\u017c\u0105 szybko\u015b\u0107 \u0142adowania. Wid\u017cety Elfsight s\u0142u\u017c\u0105 w\u0142a\u015bcicielom witryn internetowych, niekomercyjnych oraz innym z r\u00f3\u017cnych cz\u0119\u015bci \u015bwiata upora\u0107 si\u0119 z powa\u017cnymi celami wydajniej. \n<\/p>\n\n<p>A\u017ceby powi\u0119kszy\u0107 liczb\u0119 lead\u00f3w, przedstawi\u0107 pozytywny feedback na Pa\u0144stwa us\u0142ugi, zwi\u0119kszy\u0107 zaufanie do swojej marki, po prostu dodaj\u0105c wtyczku do Twojej strony internetowej. Nasze plany taryfowe wahaj\u0105 si\u0119 od bezp\u0142atnych do premium. Spr\u00f3buj zintegrowa\u0107 dowolnie odpowiednie aplikacji korzystaj\u0105c z naszej wersji demonstracyjnej i sprawd\u017a jak bardzo to b\u0119dzie przydatne w kwestii rozwoju witryny Twojego firmy. <\/p>\n\n<h2>Czemu dodatki Elfsight s\u0105 najlepszymi narz\u0119dziami dla Ciebie? <\/h2>\n\n<p> Poznaj spis podstawowych jako\u015bci naszych rozszerze\u0144, kt\u00f3re umo\u017cliwiaj\u0105 nam by\u0107 lepszymi, ni\u017c nasi konkurenci: <\/p>\n\n\n<ul>\n<li> Bezp\u0142atna i szybka obs\u0142uga przy wbudowaniu lub dostosowywanie widget\u00f3w; <\/li>\n<li> Adaptacja do wszystkich rozdzielczo\u015bci stron internetowych i przyjazne dla urz\u0105dze\u0144 mobilnych; <\/li>\n<li> Nie musicie uczy\u0107 si\u0119 programowa\u0107; <\/li>\n<li> Bogata r\u00f3\u017cnorodno\u015b\u0107 opcji dostosowywania; <\/li>\n<li> Oparte na chmurze aplikacji pomagaj\u0105 zwi\u0119kszy\u0107 pr\u0119dko\u015b\u0107 \u0142adowania serwisu; <\/li>\n<li> Wszystkie dost\u0119pne poprawki s\u0105 gratisowe i regularne; <\/li>\n<li> Rozs\u0105dny zakres cen; <\/li>\n<li> Profesjonalna pomoc z problemami klient\u00f3w. <\/li>\n<\/ul>\n\n<p> Sprawd\u017a wolne wersje Lite naszych wtyczek i u\u017cywaj jej potencja\u0142 lub kup dowolne wymagane wtyczk\u0119 z 20% rabatem. <\/p>\n\n\n<h2> Jak umie\u015bci\u0107 Pa\u0144stwa dodatki na stronie internetowej SiteOrigin <\/h2>\n\n<p> Mo\u017cesz zamie\u015bci\u0107 pluginy, wykonuj\u0105c nast\u0119pnie etapy z kr\u00f3tkiej wskaz\u00f3wki: <\/p>\n\n\n<ol>\n<li> Wybierz wymagany plugin; <\/li>\n<li> Wprowad\u017a niekt\u00f3re przydatne ustawienia; <\/li>\n<li> Zastosuj zmiany; <\/li>\n<li> Skopiuj generowany kod; <\/li>\n<li> Zainstaluj go w przydatnym miejscu Pa\u0144stwa witryny lub szablonu; <\/li>\n<li> Gotowe! Uda\u0142o Ci si\u0119 zintegrowa\u0107 plugin. <\/li>\n<\/ol>\n\n<p> Je\u015bli b\u0119dziesz potrzebowa\u0142 pomocy, prosimy poinformowa\u0107 o tym zespo\u0142 obs\u0142ugi Elfsight. <\/p>\n","protected":false},"excerpt":{"rendered":"Najdoskonalsze wid\u017cety Elfsight dla unowocze\u015bnienia twojej strony www SiteOrigin Przez wiele lat nasz team profesjonalist\u00f3w Elfsight stwarza Plug&amp;Play i modyfikowalne dodatki chmurowe dla Twojej firmy. Elfsight zapewnia wsparcie premium i du\u017c\u0105 szybko\u015b\u0107 \u0142adowania. Wid\u017cety Elfsight s\u0142u\u017c\u0105 w\u0142a\u015bcicielom witryn internetowych, niekomercyjnych oraz innym z r\u00f3\u017cnych cz\u0119\u015bci \u015bwiata upora\u0107 si\u0119 z powa\u017cnymi&#8230;","protected":false},"author":13,"featured_media":0,"parent":0,"menu_order":0,"comment_status":"closed","ping_status":"closed","template":"templates\/template-platform.php","meta":{"publish_to_discourse":"","publish_post_category":"","wpdc_auto_publish_overridden":"","wpdc_topic_tags":"","wpdc_pin_topic":"","wpdc_pin_until":"","discourse_post_id":"","discourse_permalink":"","wpdc_publishing_response":"","wpdc_publishing_error":"","footnotes":""},"class_list":["post-424","page","type-page","status-publish","hentry"],"yoast_head":"<!-- This site is optimized with the Yoast SEO plugin v25.3.1 - https:\/\/yoast.com\/wordpress\/plugins\/seo\/ -->\n<title>Ponad 80 darmowych SiteOrigin widget\u00f3w dla strony internetowej<\/title>\n<meta name=\"description\" content=\"Kolekcja najlepszych gratisowych widget\u00f3w najwy\u017cszej klasy dla Twojej witryny SiteOrigin. Pom\u00f3c przy dostosowanie i szeroka gama opcji.\" \/>\n<meta name=\"robots\" content=\"index, follow, max-snippet:-1, max-image-preview:large, max-video-preview:-1\" \/>\n<link rel=\"canonical\" href=\"https:\/\/elfsight.com\/pl\/siteorigin-widgets\/\" \/>\n<meta property=\"og:locale\" content=\"pl_PL\" \/>\n<meta property=\"og:type\" content=\"article\" \/>\n<meta property=\"og:title\" content=\"Ponad 80 darmowych SiteOrigin widget\u00f3w dla strony internetowej\" \/>\n<meta property=\"og:description\" content=\"Kolekcja najlepszych gratisowych widget\u00f3w najwy\u017cszej klasy dla Twojej witryny SiteOrigin. Pom\u00f3c przy dostosowanie i szeroka gama opcji.\" \/>\n<meta property=\"og:url\" content=\"https:\/\/elfsight.com\/pl\/siteorigin-widgets\/\" \/>\n<meta property=\"og:site_name\" content=\"Elfsight PL\" \/>\n<meta property=\"article:modified_time\" content=\"2021-04-21T13:44:10+00:00\" \/>\n<meta name=\"twitter:card\" content=\"summary_large_image\" \/>\n<meta name=\"twitter:label1\" content=\"Szacowany czas czytania\" \/>\n\t<meta name=\"twitter:data1\" content=\"2 minuty\" \/>\n<!-- \/ Yoast SEO plugin. -->","yoast_head_json":{"title":"Ponad 80 darmowych SiteOrigin widget\u00f3w dla strony internetowej","description":"Kolekcja najlepszych gratisowych widget\u00f3w najwy\u017cszej klasy dla Twojej witryny SiteOrigin. Pom\u00f3c przy dostosowanie i szeroka gama opcji.","robots":{"index":"index","follow":"follow","max-snippet":"max-snippet:-1","max-image-preview":"max-image-preview:large","max-video-preview":"max-video-preview:-1"},"canonical":"https:\/\/elfsight.com\/pl\/siteorigin-widgets\/","og_locale":"pl_PL","og_type":"article","og_title":"Ponad 80 darmowych SiteOrigin widget\u00f3w dla strony internetowej","og_description":"Kolekcja najlepszych gratisowych widget\u00f3w najwy\u017cszej klasy dla Twojej witryny SiteOrigin. Pom\u00f3c przy dostosowanie i szeroka gama opcji.","og_url":"https:\/\/elfsight.com\/pl\/siteorigin-widgets\/","og_site_name":"Elfsight PL","article_modified_time":"2021-04-21T13:44:10+00:00","twitter_card":"summary_large_image","twitter_misc":{"Szacowany czas czytania":"2 minuty"},"schema":{"@context":"https:\/\/schema.org","@graph":[{"@type":"WebPage","@id":"https:\/\/elfsight.com\/pl\/siteorigin-widgets\/","url":"https:\/\/elfsight.com\/pl\/siteorigin-widgets\/","name":"Ponad 80 darmowych SiteOrigin widget\u00f3w dla strony internetowej","isPartOf":{"@id":"https:\/\/elfsight.com\/pl\/#website"},"datePublished":"2020-11-19T14:37:09+00:00","dateModified":"2021-04-21T13:44:10+00:00","description":"Kolekcja najlepszych gratisowych widget\u00f3w najwy\u017cszej klasy dla Twojej witryny SiteOrigin. Pom\u00f3c przy dostosowanie i szeroka gama opcji.","breadcrumb":{"@id":"https:\/\/elfsight.com\/pl\/siteorigin-widgets\/#breadcrumb"},"inLanguage":"pl-PL","potentialAction":[{"@type":"ReadAction","target":["https:\/\/elfsight.com\/pl\/siteorigin-widgets\/"]}]},{"@type":"BreadcrumbList","@id":"https:\/\/elfsight.com\/pl\/siteorigin-widgets\/#breadcrumb","itemListElement":[{"@type":"ListItem","position":1,"name":"Home","item":"https:\/\/elfsight.com\/pl\/"},{"@type":"ListItem","position":2,"name":"SiteOrigin widgets"}]},{"@type":"WebSite","@id":"https:\/\/elfsight.com\/pl\/#website","url":"https:\/\/elfsight.com\/pl\/","name":"Elfsight PL","description":"Just another Elfsight Sites site","potentialAction":[{"@type":"SearchAction","target":{"@type":"EntryPoint","urlTemplate":"https:\/\/elfsight.com\/pl\/?s={search_term_string}"},"query-input":{"@type":"PropertyValueSpecification","valueRequired":true,"valueName":"search_term_string"}}],"inLanguage":"pl-PL"}]}},"meta_box":{"industry":"","seo_heading":"","heading":"","description":"","cta_heading":"","cta_description":"","application":"","h1":"Najlepsze widgety SiteOrigin","h1_caption":"Darmowy zestaw rewelacyjnych plugin\u00f3w wysokiej klasy z szerok\u0105 gam\u0105 funkcji dla zwi\u0119kszenia zapotrzebowania u\u017cytkownika oraz osi\u0105gni\u0119cia wszystkich r\u00f3\u017cnych cel\u00f3w o charakterze handlowym. Szybkie integrowanie, szeroki zakres mo\u017cliwo\u015bci dostosowywania oraz kompetentne wsparcie klienta.","application_category":[],"applications_title":"Przetestuj najodpowiedniejsze wid\u017cety dla twojej strony internetowej w\u015br\u00f3d wszystkich dodatk\u00f3w nieodp\u0142atnych w demonstracje online","applications_request_title":"Nie mo\u017cesz znale\u017a\u0107 odpowiedniego widgeta?","applications_request_button_text":"Zam\u00f3w widget","hero_text":"","hero_video":"","hero_video_schema_markup":"","selling_points_title":"","selling_points_caption":"","selling_points":[],"selling_points_cta_text":"","features_title":"","features":"","ed_cta_examples_text":"","ed_cta_examples_hidden":"","ed_cta_demo_text":"","ed_cta_demo_hidden":"","why_caption":"","why_editor_title":"","why_editor_text":"","why_team_title":"","why_team_text":"","why_service_title":"","why_service_text":"","template_catalog_visible":"","template_catalog_title":"","template_catalog_text":"","template_catalog_categories_visible":"","demo_title":"","demo_caption":"","default_faq_hidden":"","app_template_category":[],"platform":"421","template_public_id":"","codecanyon_url":"","codecanyon_item_id":"","codecanyon_price":"","pricing_caption":"","pricing_elfsight_apps_hide_column":"","pricing_elfsight_apps_url":"","pricing_codecanyon_price_caption":"","integration_category":[],"integration_request_title":"","integration_request_cta":"","integration_platform":"","integrations":[],"platform_category":[],"video_schema_markup":"","price":"","trial":"","benefits":[],"button_url":"","button_target_blank":"","button_nofollow":"","attributes":[],"tags":[],"tags_disable_links":"","hide_more_platforms":"","video_object":"","demo_hide_cta":"","demo_hide_cloud_options":"","pricing_title":"","pricing":[],"related_apps_title":"","related_apps_hidden":"","author":"","image":[],"title":"","job":"","social_networks":[]},"_links":{"self":[{"href":"https:\/\/elfsight.com\/pl\/wp-json\/wp\/v2\/pages\/424","targetHints":{"allow":["GET"]}}],"collection":[{"href":"https:\/\/elfsight.com\/pl\/wp-json\/wp\/v2\/pages"}],"about":[{"href":"https:\/\/elfsight.com\/pl\/wp-json\/wp\/v2\/types\/page"}],"author":[{"embeddable":true,"href":"https:\/\/elfsight.com\/pl\/wp-json\/wp\/v2\/users\/13"}],"replies":[{"embeddable":true,"href":"https:\/\/elfsight.com\/pl\/wp-json\/wp\/v2\/comments?post=424"}],"version-history":[{"count":2,"href":"https:\/\/elfsight.com\/pl\/wp-json\/wp\/v2\/pages\/424\/revisions"}],"predecessor-version":[{"id":426,"href":"https:\/\/elfsight.com\/pl\/wp-json\/wp\/v2\/pages\/424\/revisions\/426"}],"wp:attachment":[{"href":"https:\/\/elfsight.com\/pl\/wp-json\/wp\/v2\/media?parent=424"}],"curies":[{"name":"wp","href":"https:\/\/api.w.org\/{rel}","templated":true}]}}