{"id":4239,"date":"2024-05-03T06:28:45","date_gmt":"2024-05-03T06:28:45","guid":{"rendered":"https:\/\/elfsight.com\/pl\/?page_id=4239"},"modified":"2024-11-14T09:23:51","modified_gmt":"2024-11-14T09:23:51","slug":"drupal","status":"publish","type":"page","link":"https:\/\/elfsight.com\/pl\/audio-player-widget\/drupal\/","title":{"rendered":"Audio Player &#8211; Drupal"},"content":{"rendered":"<div class=\"application-platform-content-item-description application-platform-content-item\" id=\"description\" data-nav-section=\"description\"> <h2>Opis<\/h2> <p>Elfsight Music Player to proste narz\u0119dzie dla witryn Drupal, kt\u00f3re pozwala odtwarza\u0107 \u015bcie\u017cki audio bezpo\u015brednio na Twojej witrynie . Wtyczka jest niezwykle konfigurowalna: mo\u017cesz zmieni\u0107 jej po\u0142o\u017cenie, umie\u015bci\u0107 j\u0105 w dowolnym miejscu strony, zmieni\u0107 jej rozmiar, przemalowa\u0107 t\u0142o i wszystkie inne cz\u0119\u015bci, aby po\u0142\u0105czy\u0107 je ze stylem swojej witryny, zastosowa\u0107 ciemn\u0105 kolorystyk\u0119, pokaza\u0107 ok\u0142adki i zademonstrowa\u0107 lub ukry\u0107 4 dodatkowe elementy odtwarzacza, np. pasek post\u0119pu, tytu\u0142 i inne. Do\u0142\u0105cz tyle utwor\u00f3w, ile chcesz zachwyci\u0107 u\u017cytkownik\u00f3w, w\u0142\u0105cz opcj\u0119 autoodtwarzania i nie miej w\u0105tpliwo\u015bci \u2013 odwiedzaj\u0105cy nie opuszcz\u0105 Twojej witryny od razu!<\/p> <p><b>Zwi\u0119ksz skuteczno\u015b\u0107 swojej witryny w e- cele handlowe z modu\u0142em Elfsight Audio<\/b><\/p> <\/div> <div class=\"application-platform-content-item-features application-platform-content-item\" id=\"features\" data-nav-section=\"features\"> <h2>Oferujemy zaawansowane i \u0142atwe funkcje, sprawd\u017a niekt\u00f3re z nich: <\/h2> <ul><li>R\u00f3\u017cne zmiany kolor\u00f3w<\/li> <li>Schemat kolor\u00f3w ciemny\/jasny<\/li> <li>Elastyczny projekt<\/li> <li>Dost\u0119pne 2 uk\u0142ady<\/li> <li>Mo\u017cliwo\u015b\u0107 wykorzystania obrazu t\u0142a<\/li> <\/ul><p><a href=\"#demo\">Mo\u017cesz przetestowa\u0107 dzia\u0142anie widgetu, korzystaj\u0105c z wersji demonstracyjnej<\/a><\/p> <\/div> <div class=\"application-platform-content-item-installation application-platform-content-item\" id=\"installation\" data-nav-section=\"installation\"> <h2>Jak osadzi\u0107 odtwarzacz audio na mojej stronie Drupal? <\/h2> <div class=\"video-container\"><iframe width=\"720\" height=\"405\" src=\"https:\/\/www.youtube.com\/embed\/QLsJXosBMXw\" frameborder=\"0\" allowfullscreen=\"\"><\/iframe><\/div><p>Wystarczy zastosowa\u0107 si\u0119 do poni\u017cszych instrukcji, aby zintegrowa\u0107 modu\u0142. <\/p> <ol><li><b>Zarz\u0105dzaj naszym darmowym edytorem i zacznij tworzy\u0107 spersonalizowany modu\u0142. <\/b><br> Wybierz wybrany uk\u0142ad i specyfikacj\u0119 modu\u0142u i zapisz wszystkie zmiany. <\/li> <li><b>Odbierz sw\u00f3j osobisty kod, kt\u00f3ry jest wy\u015bwietlany w specjalnym formularzu w aplikacjach Elfsight. <\/b><br> Zaraz po zako\u0144czeniu tworzenia modu\u0142u skopiuj kod z wy\u015bwietlonego wyskakuj\u0105cego okienka i zachowaj go do wykorzystania w przysz\u0142o\u015bci. <\/li> <li><b>Rozpocznij korzystanie z modu\u0142u na swojej stronie Drupal. <\/b><br> Wstaw wcze\u015bniej zapisany kod na swoj\u0105 stron\u0119 internetow\u0105 i zapisz zmiany. <\/li> <li><b>Gotowe! Osadzanie zosta\u0142o pomy\u015blnie wykonane. <\/b><br> Przejd\u017a do swojej witryny, aby zobaczy\u0107, jak dzia\u0142a modu\u0142. <\/li><\/ol><p>Je\u015bli masz pytania lub masz jakiekolwiek komplikacje, nie wahaj si\u0119 skontaktowa\u0107 z naszym zespo\u0142em obs\u0142ugi klienta. Nasi konsultanci ch\u0119tnie odpowiedz\u0105 na wszystkie pytania dotycz\u0105ce narz\u0119dzia.<\/p> <\/div>","protected":false},"excerpt":{"rendered":"","protected":false},"author":9,"featured_media":0,"parent":2674,"menu_order":0,"comment_status":"closed","ping_status":"closed","template":"templates\/template-application-platform.php","meta":{"publish_to_discourse":"","publish_post_category":"","wpdc_auto_publish_overridden":"","wpdc_topic_tags":"","wpdc_pin_topic":"","wpdc_pin_until":"","discourse_post_id":"","discourse_permalink":"","wpdc_publishing_response":"","wpdc_publishing_error":"","footnotes":""},"class_list":["post-4239","page","type-page","status-publish","hentry"],"yoast_head":"<!-- This site is optimized with the Yoast SEO plugin v25.3.1 - https:\/\/yoast.com\/wordpress\/plugins\/seo\/ -->\n<title>Odtwarzacz audio \u2014 dodaj aplikacj\u0119 Muzyka do witryny Drupal (szybko i bezp\u0142atnie)<\/title>\n<meta name=\"description\" content=\"Umie\u015b\u0107 elastyczny wid\u017cet odtwarzacza audio w swojej witrynie Drupal. Skorzystaj z por\u0119cznej wersji demonstracyjnej i w ci\u0105gu kilku minut ukszta\u0142tuj sw\u00f3j spersonalizowany widget.\" \/>\n<meta name=\"robots\" content=\"index, follow, max-snippet:-1, max-image-preview:large, max-video-preview:-1\" \/>\n<link rel=\"canonical\" href=\"https:\/\/elfsight.com\/pl\/audio-player-widget\/drupal\/\" \/>\n<meta property=\"og:locale\" content=\"pl_PL\" \/>\n<meta property=\"og:type\" content=\"article\" \/>\n<meta property=\"og:title\" content=\"Odtwarzacz audio \u2014 dodaj aplikacj\u0119 Muzyka do witryny Drupal (szybko i bezp\u0142atnie)\" \/>\n<meta property=\"og:description\" content=\"Umie\u015b\u0107 elastyczny wid\u017cet odtwarzacza audio w swojej witrynie Drupal. Skorzystaj z por\u0119cznej wersji demonstracyjnej i w ci\u0105gu kilku minut ukszta\u0142tuj sw\u00f3j spersonalizowany widget.\" \/>\n<meta property=\"og:url\" content=\"https:\/\/elfsight.com\/pl\/audio-player-widget\/drupal\/\" \/>\n<meta property=\"og:site_name\" content=\"Elfsight PL\" \/>\n<meta property=\"article:modified_time\" content=\"2024-11-14T09:23:51+00:00\" \/>\n<meta name=\"twitter:card\" content=\"summary_large_image\" \/>\n<meta name=\"twitter:label1\" content=\"Szacowany czas czytania\" \/>\n\t<meta name=\"twitter:data1\" content=\"2 minuty\" \/>\n<!-- \/ Yoast SEO plugin. -->","yoast_head_json":{"title":"Odtwarzacz audio \u2014 dodaj aplikacj\u0119 Muzyka do witryny Drupal (szybko i bezp\u0142atnie)","description":"Umie\u015b\u0107 elastyczny wid\u017cet odtwarzacza audio w swojej witrynie Drupal. Skorzystaj z por\u0119cznej wersji demonstracyjnej i w ci\u0105gu kilku minut ukszta\u0142tuj sw\u00f3j spersonalizowany widget.","robots":{"index":"index","follow":"follow","max-snippet":"max-snippet:-1","max-image-preview":"max-image-preview:large","max-video-preview":"max-video-preview:-1"},"canonical":"https:\/\/elfsight.com\/pl\/audio-player-widget\/drupal\/","og_locale":"pl_PL","og_type":"article","og_title":"Odtwarzacz audio \u2014 dodaj aplikacj\u0119 Muzyka do witryny Drupal (szybko i bezp\u0142atnie)","og_description":"Umie\u015b\u0107 elastyczny wid\u017cet odtwarzacza audio w swojej witrynie Drupal. Skorzystaj z por\u0119cznej wersji demonstracyjnej i w ci\u0105gu kilku minut ukszta\u0142tuj sw\u00f3j spersonalizowany widget.","og_url":"https:\/\/elfsight.com\/pl\/audio-player-widget\/drupal\/","og_site_name":"Elfsight PL","article_modified_time":"2024-11-14T09:23:51+00:00","twitter_card":"summary_large_image","twitter_misc":{"Szacowany czas czytania":"2 minuty"},"schema":{"@context":"https:\/\/schema.org","@graph":[{"@type":"WebPage","@id":"https:\/\/elfsight.com\/pl\/audio-player-widget\/drupal\/","url":"https:\/\/elfsight.com\/pl\/audio-player-widget\/drupal\/","name":"Odtwarzacz audio \u2014 dodaj aplikacj\u0119 Muzyka do witryny Drupal (szybko i bezp\u0142atnie)","isPartOf":{"@id":"https:\/\/elfsight.com\/pl\/#website"},"datePublished":"2024-05-03T06:28:45+00:00","dateModified":"2024-11-14T09:23:51+00:00","description":"Umie\u015b\u0107 elastyczny wid\u017cet odtwarzacza audio w swojej witrynie Drupal. Skorzystaj z por\u0119cznej wersji demonstracyjnej i w ci\u0105gu kilku minut ukszta\u0142tuj sw\u00f3j spersonalizowany widget.","breadcrumb":{"@id":"https:\/\/elfsight.com\/pl\/audio-player-widget\/drupal\/#breadcrumb"},"inLanguage":"pl-PL","potentialAction":[{"@type":"ReadAction","target":["https:\/\/elfsight.com\/pl\/audio-player-widget\/drupal\/"]}]},{"@type":"BreadcrumbList","@id":"https:\/\/elfsight.com\/pl\/audio-player-widget\/drupal\/#breadcrumb","itemListElement":[{"@type":"ListItem","position":1,"name":"Home","item":"https:\/\/elfsight.com\/pl\/"},{"@type":"ListItem","position":2,"name":"Audio Player","item":"https:\/\/elfsight.com\/pl\/audio-player-widget\/"},{"@type":"ListItem","position":3,"name":"Audio Player &#8211; Drupal"}]},{"@type":"WebSite","@id":"https:\/\/elfsight.com\/pl\/#website","url":"https:\/\/elfsight.com\/pl\/","name":"Elfsight PL","description":"Just another Elfsight Sites site","potentialAction":[{"@type":"SearchAction","target":{"@type":"EntryPoint","urlTemplate":"https:\/\/elfsight.com\/pl\/?s={search_term_string}"},"query-input":{"@type":"PropertyValueSpecification","valueRequired":true,"valueName":"search_term_string"}}],"inLanguage":"pl-PL"}]}},"meta_box":{"industry":"","seo_heading":"","heading":"","description":"","cta_heading":"","cta_description":"","application":"2673","h1":"Modu\u0142 Drupal Audio Player","h1_caption":"Dodawaj i prezentuj \u015bcie\u017cki audio bezpo\u015brednio na swojej stronie internetowej za pomoc\u0105 eleganckiego, konfigurowalnego odtwarzacza, bez wysi\u0142ku na swojej stronie Drupal.","application_category":[],"applications_title":"","applications_request_title":"","applications_request_button_text":"","hero_text":"","hero_video":"","hero_video_schema_markup":"","selling_points_title":"","selling_points_caption":"","selling_points":[],"selling_points_cta_text":"","features_title":"","features":"","ed_cta_examples_text":"","ed_cta_examples_hidden":"","ed_cta_demo_text":"","ed_cta_demo_hidden":"","why_caption":"","why_editor_title":"","why_editor_text":"","why_team_title":"","why_team_text":"","why_service_title":"","why_service_text":"","template_catalog_visible":"","template_catalog_title":"","template_catalog_text":"","template_catalog_categories_visible":"","demo_title":"Utw\u00f3rz modu\u0142 odtwarzacza audio","demo_caption":"Skonfiguruj sw\u00f3j odtwarzacz audio i dodaj go do swojej witryny Drupal za darmo!","default_faq_hidden":"","app_template_category":[],"platform":"47","template_public_id":"","codecanyon_url":"","codecanyon_item_id":"","codecanyon_price":"","pricing_caption":"","pricing_elfsight_apps_hide_column":"","pricing_elfsight_apps_url":"","pricing_codecanyon_price_caption":"","integration_category":[],"integration_request_title":"","integration_request_cta":"","integration_platform":"","integrations":[],"platform_category":[],"video_schema_markup":"","price":"od 0 USD \/ miesi\u0105c","trial":"","benefits":[{"text":"Bezp\u0142atna pomoc w monta\u017cu"},{"text":"Skuteczna obs\u0142uga klienta"},{"text":"14-dniowa gwarancja zwrotu pieni\u0119dzy"}],"button_url":"#demo","button_target_blank":"","button_nofollow":"","attributes":[{"name":"Instaluje"},{"name":"Czu\u0142y"},{"name":"Kompatybilne przegl\u0105darki"}],"tags":[],"tags_disable_links":"","hide_more_platforms":"","video_object":"","demo_hide_cta":"","demo_hide_cloud_options":"","pricing_title":"","pricing":[{"pricing_icon":"platform","pricing_title":"Elfsight Apps","pricing_title_caption":"Wieloplatformowe rozwi\u0105zanie cyfrowe","pricing_price":"od 0 USD \/ miesi\u0105c","pricing_price_caption":"zacznij od bezp\u0142atnego planu","pricing_benefits":[{"text":"Nielimitowane domeny"},{"text":"Szybka obs\u0142uga klienta"},{"text":"Bezp\u0142atna pomoc w monta\u017cu"},{"text":"Specjalna oferta na wiele aplikacji"}],"pricing_button_text":"Dodaj do witryny","pricing_button_url":"#demo"}],"related_apps_title":"","related_apps_hidden":"","author":"","image":[],"title":"","job":"","social_networks":[]},"_links":{"self":[{"href":"https:\/\/elfsight.com\/pl\/wp-json\/wp\/v2\/pages\/4239","targetHints":{"allow":["GET"]}}],"collection":[{"href":"https:\/\/elfsight.com\/pl\/wp-json\/wp\/v2\/pages"}],"about":[{"href":"https:\/\/elfsight.com\/pl\/wp-json\/wp\/v2\/types\/page"}],"author":[{"embeddable":true,"href":"https:\/\/elfsight.com\/pl\/wp-json\/wp\/v2\/users\/9"}],"replies":[{"embeddable":true,"href":"https:\/\/elfsight.com\/pl\/wp-json\/wp\/v2\/comments?post=4239"}],"version-history":[{"count":2,"href":"https:\/\/elfsight.com\/pl\/wp-json\/wp\/v2\/pages\/4239\/revisions"}],"predecessor-version":[{"id":7657,"href":"https:\/\/elfsight.com\/pl\/wp-json\/wp\/v2\/pages\/4239\/revisions\/7657"}],"up":[{"embeddable":true,"href":"https:\/\/elfsight.com\/pl\/wp-json\/wp\/v2\/pages\/2674"}],"wp:attachment":[{"href":"https:\/\/elfsight.com\/pl\/wp-json\/wp\/v2\/media?parent=4239"}],"curies":[{"name":"wp","href":"https:\/\/api.w.org\/{rel}","templated":true}]}}