{"id":4237,"date":"2024-05-03T06:28:43","date_gmt":"2024-05-03T06:28:43","guid":{"rendered":"https:\/\/elfsight.com\/pl\/?page_id=4237"},"modified":"2025-12-01T11:27:17","modified_gmt":"2025-12-01T11:27:17","slug":"elementor","status":"publish","type":"page","link":"https:\/\/elfsight.com\/pl\/audio-player-widget\/elementor\/","title":{"rendered":"Audio Player &#8211; Elementor"},"content":{"rendered":"<div class=\"application-platform-content-item-description application-platform-content-item\" id=\"description\" data-nav-section=\"description\"> <h2>Osad\u017a odtwarzacz audio w Elementorze za pomoc\u0105 wid\u017cetu Elfsight<\/h2> <p>Elfsight Music Player to nieskomplikowane narz\u0119dzie dla witryn Elementor, umo\u017cliwiaj\u0105ce odtwarzaj \u015bcie\u017cki audio bezpo\u015brednio na stronach swojej witryny. Narz\u0119dzie jest niezwykle modyfikowalne: mo\u017cesz zmienia\u0107 jego po\u0142o\u017cenie, ustawia\u0107 w dowolnym miejscu strony, zmienia\u0107 jego rozmiar, przemalowywa\u0107 t\u0142o i inne cz\u0119\u015bci, aby zmiesza\u0107 je z uk\u0142adem witryny, u\u017cywa\u0107 ciemnej kolorystyki, ujawnia\u0107 obrazy i demonstrowa\u0107 lub ukrywa\u0107 cztery dodatkowe elementy gracza, takie jak pasek post\u0119pu, tytu\u0142 i inne. Mo\u017cesz przes\u0142a\u0107 tyle utwor\u00f3w, ile potrzebujesz, aby zapewni\u0107 rozrywk\u0119 odwiedzaj\u0105cym, w\u0142\u0105czy\u0107 opcj\u0119 automatycznego odtwarzania i nie mie\u0107 w\u0105tpliwo\u015bci \u2013 Twoi u\u017cytkownicy nie opuszcz\u0105 Twojej witryny w po\u015bpiechu!<\/p><p><b>U\u017cyj wid\u017cetu Elfsight Audio aby wydajniej zdobywa\u0107 szczyty e-commerce!<\/b><\/p> <\/div> <div class=\"application-platform-content-item-features application-platform-content-item\" id=\"features\" data-nav-section=\"features\"> <h2>Podstawowe funkcje wid\u017cetu obejmuj\u0105<\/h2> <ul><li>R\u00f3\u017cne kolory odmiany<\/li> <li>Schemat kolor\u00f3w ciemny\/jasny<\/li> <li>Elastyczny projekt<\/li> <li>Dost\u0119pne s\u0105 2 uk\u0142ady<\/li> <li>Opcja do\u0142\u0105czenia obrazu t\u0142a<\/li> <\/ul><p><a href=\"#demo\">Mo\u017cesz sprawdzi\u0107 warto\u015b\u0107 widgetu za pomoc\u0105 wersji demonstracyjnej<\/a><\/p> <\/div> <div class=\"application-platform-content-item-installation application-platform-content-item\" id=\"installation\" data-nav-section=\"installation\"> <h2>Jak mog\u0119 osadzi\u0107 odtwarzacz audio na mojej stronie internetowej Elementora? <\/h2> <div class=\"video-container\">\n<iframe width=\"720\" height=\"405\" src=\"https:\/\/www.youtube.com\/embed\/MXCCpmruVMc?si=l-hs6FeAWCHOMcfW\" frameborder=\"0\" allowfullscreen=\"\"><\/iframe>\n<\/div><p>Wystarczy wykona\u0107 poni\u017csze kroki, aby wstawi\u0107 wid\u017cet.<\/p> <ol><li><b>Zarz\u0105dzaj naszym bezp\u0142atnym konfiguratorem i zacznij tworzy\u0107 w\u0142asny instrument.<\/b><br> Wybierz odpowiedni interfejs i funkcjonalno\u015b\u0107 narz\u0119dzia oraz zapisz poprawki.<\/li> <li><b>Otrzymaj indywidualny kod, kt\u00f3ry jest wy\u015bwietlany w oknie aplikacji Elfsight<\/b><br> Zaraz po zako\u0144czeniu tworzenia wid\u017cetu skopiuj osobisty kod z wy\u015bwietlonego pola i zapisz go na p\u00f3\u017aniej.<\/li> <li><b>Zaanga\u017cuj si\u0119 w korzystanie z wid\u017cetu Muzyka na Elementorze<\/b><br> Dodaj kod zapisany wcze\u015bniej na swojej stronie i zapisz poprawki. <\/li> <li><b>Gotowe! Osadzanie zosta\u0142o pomy\u015blnie zako\u0144czone<\/b><br> Przejd\u017a na swoj\u0105 stron\u0119, aby sprawdzi\u0107 dzia\u0142anie narz\u0119dzia.<\/li> <\/ol> <p>Je\u015bli masz pytania lub napotkasz jakie\u015b problemy, nie wahaj si\u0119 napisa\u0107 do naszego zespo\u0142u obs\u0142ugi klienta. Nasi konsultanci z przyjemno\u015bci\u0105 rozwi\u0105\u017c\u0105 wszystkie problemy, jakie mo\u017cesz mie\u0107 z widgetem. <\/p> <\/div><div class=\"faq\" data-component=\"FAQ\"><div class=\"faq-item\">\r\n\t\t\t\t\t<div class=\"faq-item-question\">\r\n\t\t\t\t\t\t<h3 class=\"faq-item-question-text\">W jaki spos\u00f3b mog\u0119 doda\u0107 odtwarzacz audio do witryny Elementor?<\/h3>\r\n\r\n\t\t\t\t\t\t<div class=\"faq-item-question-icon\"><\/div>\r\n\t\t\t\t\t<\/div>\r\n\r\n\t\t\t\t\t<div class=\"faq-item-answer\">\r\n\t\t\t\t\t\t<div class=\"faq-item-answer-text\"><p>Tworzenie narz\u0119dzia odbywa si\u0119 w ramach us\u0142ugi Elfsight i nie musisz kodowa\u0107. Skorzystaj z naszej wersji demonstracyjnej na \u017cywo, aby spersonalizowa\u0107 swoje narz\u0119dzie, zdoby\u0107 kod i zintegrowa\u0107 go ze swoj\u0105 witryn\u0105. <\/p><\/div>\r\n\t\t\t\t\t<\/div>\r\n\t\t\t\t<\/div><div class=\"faq-item\">\r\n\t\t\t\t\t<div class=\"faq-item-question\">\r\n\t\t\t\t\t\t<h3 class=\"faq-item-question-text\">Najlepsze sposoby wykorzystania integracji odtwarzacza muzyki<\/h3>\r\n\r\n\t\t\t\t\t\t<div class=\"faq-item-question-icon\"><\/div>\r\n\t\t\t\t\t<\/div>\r\n\r\n\t\t\t\t\t<div class=\"faq-item-answer\">\r\n\t\t\t\t\t\t<div class=\"faq-item-answer-text\"><p>Zapewnimy wiele opcji dostosowywania: pe\u0142nowymiarowe wid\u017cety do wdro\u017cenia w strefa tre\u015bci, p\u0142ywaj\u0105ce wtyczki z opcjami przewijania, uk\u0142ady stopki, sekcji nag\u0142\u00f3wka i wszystkie warianty mo\u017cliwo\u015bci pionowych pask\u00f3w bocznych i menu. <\/p><\/div>\r\n\t\t\t\t\t<\/div>\r\n\t\t\t\t<\/div><div class=\"faq-item\">\r\n\t\t\t\t\t<div class=\"faq-item-question\">\r\n\t\t\t\t\t\t<h3 class=\"faq-item-question-text\">Czy za pomoc\u0105 Twojego edytora mog\u0119 utworzy\u0107 playlist\u0119 muzyczn\u0105 lub odtwarzacz audiobook\u00f3w?<\/h3>\r\n\r\n\t\t\t\t\t\t<div class=\"faq-item-question-icon\"><\/div>\r\n\t\t\t\t\t<\/div>\r\n\r\n\t\t\t\t\t<div class=\"faq-item-answer\">\r\n\t\t\t\t\t\t<div class=\"faq-item-answer-text\"><p>Mo\u017cesz tworzy\u0107 dowolne odmiany wid\u017cetu. W edytorze dost\u0119pnych jest wiele uk\u0142ad\u00f3w, a ka\u017cdy z nich mo\u017cna szybko spersonalizowa\u0107 wed\u0142ug w\u0142asnych potrzeb. <\/p><\/div>\r\n\t\t\t\t\t<\/div>\r\n\t\t\t\t<\/div><\/div>","protected":false},"excerpt":{"rendered":"","protected":false},"author":9,"featured_media":0,"parent":2674,"menu_order":0,"comment_status":"closed","ping_status":"closed","template":"templates\/template-application-platform.php","meta":{"publish_to_discourse":"","publish_post_category":"","wpdc_auto_publish_overridden":"","wpdc_topic_tags":"","wpdc_pin_topic":"","wpdc_pin_until":"","discourse_post_id":"","discourse_permalink":"","wpdc_publishing_response":"","wpdc_publishing_error":"","footnotes":""},"class_list":["post-4237","page","type-page","status-publish","hentry"],"yoast_head":"<!-- This site is optimized with the Yoast SEO plugin v25.3.1 - https:\/\/yoast.com\/wordpress\/plugins\/seo\/ -->\n<title>Odtwarzacz audio - Dodaj wid\u017cet muzyczny do witryny Elementor (\u0142atwe i bezp\u0142atne)<\/title>\n<meta name=\"description\" content=\"Umie\u015b\u0107 atrakcyjny odtwarzacz audio w swojej witrynie Elementor. Uruchom pomocne demo i w ci\u0105gu kilku minut utw\u00f3rz spersonalizowany wid\u017cet muzyczny.\" \/>\n<meta name=\"robots\" content=\"index, follow, max-snippet:-1, max-image-preview:large, max-video-preview:-1\" \/>\n<link rel=\"canonical\" href=\"https:\/\/elfsight.com\/pl\/audio-player-widget\/elementor\/\" \/>\n<meta property=\"og:locale\" content=\"pl_PL\" \/>\n<meta property=\"og:type\" content=\"article\" \/>\n<meta property=\"og:title\" content=\"Odtwarzacz audio - Dodaj wid\u017cet muzyczny do witryny Elementor (\u0142atwe i bezp\u0142atne)\" \/>\n<meta property=\"og:description\" content=\"Umie\u015b\u0107 atrakcyjny odtwarzacz audio w swojej witrynie Elementor. Uruchom pomocne demo i w ci\u0105gu kilku minut utw\u00f3rz spersonalizowany wid\u017cet muzyczny.\" \/>\n<meta property=\"og:url\" content=\"https:\/\/elfsight.com\/pl\/audio-player-widget\/elementor\/\" \/>\n<meta property=\"og:site_name\" content=\"Elfsight PL\" \/>\n<meta property=\"article:modified_time\" content=\"2025-12-01T11:27:17+00:00\" \/>\n<meta name=\"twitter:card\" content=\"summary_large_image\" \/>\n<meta name=\"twitter:label1\" content=\"Szacowany czas czytania\" \/>\n\t<meta name=\"twitter:data1\" content=\"3 minuty\" \/>\n<!-- \/ Yoast SEO plugin. -->","yoast_head_json":{"title":"Odtwarzacz audio - Dodaj wid\u017cet muzyczny do witryny Elementor (\u0142atwe i bezp\u0142atne)","description":"Umie\u015b\u0107 atrakcyjny odtwarzacz audio w swojej witrynie Elementor. Uruchom pomocne demo i w ci\u0105gu kilku minut utw\u00f3rz spersonalizowany wid\u017cet muzyczny.","robots":{"index":"index","follow":"follow","max-snippet":"max-snippet:-1","max-image-preview":"max-image-preview:large","max-video-preview":"max-video-preview:-1"},"canonical":"https:\/\/elfsight.com\/pl\/audio-player-widget\/elementor\/","og_locale":"pl_PL","og_type":"article","og_title":"Odtwarzacz audio - Dodaj wid\u017cet muzyczny do witryny Elementor (\u0142atwe i bezp\u0142atne)","og_description":"Umie\u015b\u0107 atrakcyjny odtwarzacz audio w swojej witrynie Elementor. Uruchom pomocne demo i w ci\u0105gu kilku minut utw\u00f3rz spersonalizowany wid\u017cet muzyczny.","og_url":"https:\/\/elfsight.com\/pl\/audio-player-widget\/elementor\/","og_site_name":"Elfsight PL","article_modified_time":"2025-12-01T11:27:17+00:00","twitter_card":"summary_large_image","twitter_misc":{"Szacowany czas czytania":"3 minuty"},"schema":{"@context":"https:\/\/schema.org","@graph":[{"@type":"WebPage","@id":"https:\/\/elfsight.com\/pl\/audio-player-widget\/elementor\/","url":"https:\/\/elfsight.com\/pl\/audio-player-widget\/elementor\/","name":"Odtwarzacz audio - Dodaj wid\u017cet muzyczny do witryny Elementor (\u0142atwe i bezp\u0142atne)","isPartOf":{"@id":"https:\/\/elfsight.com\/pl\/#website"},"datePublished":"2024-05-03T06:28:43+00:00","dateModified":"2025-12-01T11:27:17+00:00","description":"Umie\u015b\u0107 atrakcyjny odtwarzacz audio w swojej witrynie Elementor. Uruchom pomocne demo i w ci\u0105gu kilku minut utw\u00f3rz spersonalizowany wid\u017cet muzyczny.","breadcrumb":{"@id":"https:\/\/elfsight.com\/pl\/audio-player-widget\/elementor\/#breadcrumb"},"inLanguage":"pl-PL","potentialAction":[{"@type":"ReadAction","target":["https:\/\/elfsight.com\/pl\/audio-player-widget\/elementor\/"]}]},{"@type":"BreadcrumbList","@id":"https:\/\/elfsight.com\/pl\/audio-player-widget\/elementor\/#breadcrumb","itemListElement":[{"@type":"ListItem","position":1,"name":"Home","item":"https:\/\/elfsight.com\/pl\/"},{"@type":"ListItem","position":2,"name":"Audio Player","item":"https:\/\/elfsight.com\/pl\/audio-player-widget\/"},{"@type":"ListItem","position":3,"name":"Audio Player &#8211; Elementor"}]},{"@type":"WebSite","@id":"https:\/\/elfsight.com\/pl\/#website","url":"https:\/\/elfsight.com\/pl\/","name":"Elfsight PL","description":"Just another Elfsight Sites site","potentialAction":[{"@type":"SearchAction","target":{"@type":"EntryPoint","urlTemplate":"https:\/\/elfsight.com\/pl\/?s={search_term_string}"},"query-input":{"@type":"PropertyValueSpecification","valueRequired":true,"valueName":"search_term_string"}}],"inLanguage":"pl-PL"}]}},"meta_box":{"industry":"","seo_heading":"","heading":"","description":"","cta_heading":"","cta_description":"","application":"2673","h1":"Wid\u017cet odtwarzacza audio Elementor","h1_caption":"Dodawaj i prezentuj \u015bcie\u017cki audio bezpo\u015brednio na swojej stronie internetowej za pomoc\u0105 eleganckiego, konfigurowalnego odtwarzacza, bez wysi\u0142ku do swojej witryny Elementor.","application_category":[],"applications_title":"","applications_request_title":"","applications_request_button_text":"","hero_text":"","hero_video":"","hero_video_schema_markup":"","selling_points_title":"","selling_points_caption":"","selling_points":[],"selling_points_cta_text":"","features_title":"","features":"","ed_cta_examples_text":"","ed_cta_examples_hidden":"","ed_cta_demo_text":"","ed_cta_demo_hidden":"","why_caption":"","why_editor_title":"","why_editor_text":"","why_team_title":"","why_team_text":"","why_service_title":"","why_service_text":"","template_catalog_visible":"0","template_catalog_title":"","template_catalog_text":"","template_catalog_categories_visible":"","demo_title":"Utw\u00f3rz wid\u017cet odtwarzacza audio","demo_caption":"Skonfiguruj sw\u00f3j odtwarzacz audio i dodaj go do swojej witryny Elementor za darmo!","default_faq_hidden":"","app_template_category":[],"platform":"268","template_public_id":"","codecanyon_url":"","codecanyon_item_id":"","codecanyon_price":"","pricing_caption":"","pricing_elfsight_apps_hide_column":"","pricing_elfsight_apps_url":"","pricing_codecanyon_price_caption":"","integration_category":[],"integration_request_title":"","integration_request_cta":"","integration_platform":"","integrations":[],"platform_category":[],"video_schema_markup":"","price":"od 0 USD \/ miesi\u0105c","trial":"","benefits":[{"text":"Bezp\u0142atna pomoc w monta\u017cu"},{"text":"Wsparcie premium"},{"text":"14-dniowa gwarancja zwrotu pieni\u0119dzy"}],"button_url":"#demo","button_target_blank":"0","button_nofollow":"0","attributes":[{"name":"Instaluje"},{"name":"Czu\u0142y"},{"name":"Kompatybilne przegl\u0105darki"}],"tags":[],"tags_disable_links":"0","hide_more_platforms":"0","video_object":"","demo_hide_cta":"0","demo_hide_cloud_options":"0","pricing_title":"","pricing":[{"pricing_icon":"platform","pricing_title":"Elfsight Apps","pricing_title_caption":"Wersja wieloplatformowa, kt\u00f3ra dzia\u0142a na dowolnej witrynie","pricing_price":"od 0 USD \/ miesi\u0105c","pricing_price_caption":"zacznij od bezp\u0142atnego planu","pricing_benefits":[{"text":"Nielimitowane strony internetowe"},{"text":"Wsparcie firmy premium i dobrze udokumentowane"},{"text":"Bezp\u0142atna pomoc w monta\u017cu"},{"text":"Specjalna oferta na wiele aplikacji"}],"pricing_button_text":"Dodaj do witryny","pricing_button_url":"#demo"}],"related_apps_title":"","related_apps_hidden":"0","author":"","image":[],"title":"","job":"","social_networks":[]},"_links":{"self":[{"href":"https:\/\/elfsight.com\/pl\/wp-json\/wp\/v2\/pages\/4237","targetHints":{"allow":["GET"]}}],"collection":[{"href":"https:\/\/elfsight.com\/pl\/wp-json\/wp\/v2\/pages"}],"about":[{"href":"https:\/\/elfsight.com\/pl\/wp-json\/wp\/v2\/types\/page"}],"author":[{"embeddable":true,"href":"https:\/\/elfsight.com\/pl\/wp-json\/wp\/v2\/users\/9"}],"replies":[{"embeddable":true,"href":"https:\/\/elfsight.com\/pl\/wp-json\/wp\/v2\/comments?post=4237"}],"version-history":[{"count":3,"href":"https:\/\/elfsight.com\/pl\/wp-json\/wp\/v2\/pages\/4237\/revisions"}],"predecessor-version":[{"id":10812,"href":"https:\/\/elfsight.com\/pl\/wp-json\/wp\/v2\/pages\/4237\/revisions\/10812"}],"up":[{"embeddable":true,"href":"https:\/\/elfsight.com\/pl\/wp-json\/wp\/v2\/pages\/2674"}],"wp:attachment":[{"href":"https:\/\/elfsight.com\/pl\/wp-json\/wp\/v2\/media?parent=4237"}],"curies":[{"name":"wp","href":"https:\/\/api.w.org\/{rel}","templated":true}]}}