{"id":4232,"date":"2024-05-03T06:28:42","date_gmt":"2024-05-03T06:28:42","guid":{"rendered":"https:\/\/elfsight.com\/pl\/?page_id=4232"},"modified":"2024-11-14T09:23:44","modified_gmt":"2024-11-14T09:23:44","slug":"joomla","status":"publish","type":"page","link":"https:\/\/elfsight.com\/pl\/audio-player-widget\/joomla\/","title":{"rendered":"Audio Player &#8211; Joomla"},"content":{"rendered":"<div class=\"application-platform-content-item-description application-platform-content-item\" id=\"description\" data-nav-section=\"description\"> <h2>Opis<\/h2> <p>Elfsight Music Player to prosty modu\u0142 dla Joomla, kt\u00f3ry umo\u017cliwia strumieniowe przesy\u0142anie \u015bcie\u017cek audio bezpo\u015brednio na Twoj\u0105 stron\u0119 internetow\u0105. Rozszerzenie audio jest niezwykle konfigurowalne: mo\u017cesz dowolnie zmienia\u0107 jego po\u0142o\u017cenie, ustawia\u0107 je w dowolnym miejscu strony, skalowa\u0107 jego rozmiar, zmienia\u0107 kolor t\u0142a i innych cz\u0119\u015bci, aby zmiesza\u0107 je z uk\u0142adem witryny, stosowa\u0107 ciemny motyw, pokazywa\u0107 ok\u0142adki oraz pokazywa\u0107 lub ukrywa\u0107 cztery inne szczeg\u00f3\u0142y gracza, na przyk\u0142ad pasek post\u0119pu, nag\u0142\u00f3wek i inne. Prze\u015blij tyle utwor\u00f3w, ile chcesz, aby zapewni\u0107 rozrywk\u0119 u\u017cytkownikom, w\u0142\u0105cz autoodtwarzanie i nie miej w\u0105tpliwo\u015bci \u2013 Twoi odbiorcy nie opuszcz\u0105 Twojej strony g\u0142\u00f3wnej w po\u015bpiechu! <\/p><p><b>Uruchom modu\u0142 Elfsight Audio, aby sprosta\u0107 wyzwaniom e-commerce!<\/b><\/p> <\/div> <div class=\"application-platform-content-item-features application-platform-content-item\" id=\"features\" data-nav-section=\"features\"> <h2>Przeanalizuj list\u0119 najwa\u017cniejsze funkcje:<\/h2> <ul><li>Liczne warianty kolorystyczne<\/li> <li>Motyw ciemnych\/jasnych kolor\u00f3w<\/li> <li>Responsywny projekt<\/li> <li>Dost\u0119pne 2 uk\u0142ady<\/li> <li>Mo\u017cliwo\u015b\u0107 do\u0142\u0105czenia obrazu t\u0142a<\/li> <\/ul><p><a href=\"#demo\">Pe\u0142n\u0105 funkcjonalno\u015b\u0107 wid\u017cetu mo\u017cesz przetestowa\u0107 w wersji demonstracyjnej na tej stronie<\/a><\/p> <\/div> <div class=\"application-platform-content-item-installation application-platform-content-item\" id=\"installation\" data-nav-section=\"installation\"> <h2>Jak doda\u0107 rozszerzenie Audio Player na mojej stronie Joomla? <\/h2> <div class=\"video-container\"><iframe width=\"720\" height=\"405\" src=\"https:\/\/www.youtube.com\/embed\/f8HssPqPtJE\" frameborder=\"0\" allowfullscreen=\"\"><\/iframe><\/div><p>Wystarczy wykona\u0107 poni\u017csze kroki, aby rozpocz\u0105\u0107 korzystanie z modu\u0142u.<\/p> <ol><li><b>Skorzystaj z naszego bezp\u0142atnego edytora i zacznij kszta\u0142towa\u0107 swoje spersonalizowane rozszerzenie. <\/b><br> Wybierz wybrane cechy aran\u017cacyjne i funkcjonalne rozbudowy oraz zapisz wszystkie poprawki. <\/li> <li><b>Zdob\u0105d\u017a sw\u00f3j unikalny kod widoczny w pude\u0142ku w aplikacjach Elfsight. <\/b><br> Po zako\u0144czeniu konfiguracji Twojego rozszerzenia skopiuj kod osobisty z wy\u015bwietlonego pola i zachowaj go na przysz\u0142o\u015b\u0107. <\/li> <li><b>Rozpocznij stosowanie rozszerzenia w witrynie Joomla. <\/b><br> Wprowad\u017a zapisany wcze\u015bniej kod na swoj\u0105 stron\u0119 i zapisz zmiany. <\/li> <li><b>Gotowe! Konfiguracja zosta\u0142a ca\u0142kowicie zako\u0144czona. <\/b><br> Przejd\u017a do swojej witryny, aby sprawdzi\u0107 dzia\u0142anie rozszerzenia. <\/li><\/ol><p>Je\u015bli masz pytania lub masz problemy, bez wahania skontaktuj si\u0119 z naszym dzia\u0142em obs\u0142ugi klienta. Nasi specjali\u015bci pragn\u0105 rozwi\u0105za\u0107 wszystkie problemy, jakie mo\u017cesz mie\u0107 z wid\u017cetem. <\/p> <\/div><div class=\"faq\" data-component=\"FAQ\"><div class=\"faq-item\">\r\n\t\t\t\t\t<div class=\"faq-item-question\">\r\n\t\t\t\t\t\t<h3 class=\"faq-item-question-text\">W jaki spos\u00f3b mog\u0119 osadzi\u0107 odtwarzacz audio w witrynie Joomla?<\/h3>\r\n\r\n\t\t\t\t\t\t<div class=\"faq-item-question-icon\"><\/div>\r\n\t\t\t\t\t<\/div>\r\n\r\n\t\t\t\t\t<div class=\"faq-item-answer\">\r\n\t\t\t\t\t\t<div class=\"faq-item-answer-text\"><p>Tworzenie narz\u0119dzia jest wykonywane w witrynie Elfsight i nie musisz uczy\u0107 si\u0119 kodowania. Skorzystaj z naszej wersji demonstracyjnej online, aby dostosowa\u0107 w\u0142asn\u0105 wtyczk\u0119, uzyska\u0107 kod i zintegrowa\u0107 go ze swoj\u0105 witryn\u0105. <\/p><\/div>\r\n\t\t\t\t\t<\/div>\r\n\t\t\t\t<\/div><div class=\"faq-item\">\r\n\t\t\t\t\t<div class=\"faq-item-question\">\r\n\t\t\t\t\t\t<h3 class=\"faq-item-question-text\">Najlepsze sposoby wykorzystania integracji odtwarzacza muzyki<\/h3>\r\n\r\n\t\t\t\t\t\t<div class=\"faq-item-question-icon\"><\/div>\r\n\t\t\t\t\t<\/div>\r\n\r\n\t\t\t\t\t<div class=\"faq-item-answer\">\r\n\t\t\t\t\t\t<div class=\"faq-item-answer-text\"><p>Mamy wiele opcji dostosowywania: pe\u0142nowymiarowe wid\u017cety do wstawiania w obszarze zawarto\u015bci, p\u0142ywaj\u0105ce wtyczki z opcjami przewijania, uk\u0142adami stopki witryny, sekcj\u0105 nag\u0142\u00f3wka i wszelkiego rodzaju opcjami pionowymi pask\u00f3w bocznych i menu. <\/p><\/div>\r\n\t\t\t\t\t<\/div>\r\n\t\t\t\t<\/div><div class=\"faq-item\">\r\n\t\t\t\t\t<div class=\"faq-item-question\">\r\n\t\t\t\t\t\t<h3 class=\"faq-item-question-text\">Czy za pomoc\u0105 Twojego edytora mog\u0119 utworzy\u0107 ksi\u0105\u017ck\u0119 audio lub playlist\u0119 do medytacji?<\/h3>\r\n\r\n\t\t\t\t\t\t<div class=\"faq-item-question-icon\"><\/div>\r\n\t\t\t\t\t<\/div>\r\n\r\n\t\t\t\t\t<div class=\"faq-item-answer\">\r\n\t\t\t\t\t\t<div class=\"faq-item-answer-text\"><p>Mo\u017cesz modyfikowa\u0107 dowolne wid\u017cety. W edytorze dost\u0119pnych jest wiele uk\u0142ad\u00f3w, a ka\u017cdy z nich mo\u017cna \u0142atwo dostosowa\u0107, tak jak Ci brakuje. <\/p><\/div>\r\n\t\t\t\t\t<\/div>\r\n\t\t\t\t<\/div><\/div>","protected":false},"excerpt":{"rendered":"","protected":false},"author":9,"featured_media":0,"parent":2674,"menu_order":0,"comment_status":"closed","ping_status":"closed","template":"templates\/template-application-platform.php","meta":{"publish_to_discourse":"","publish_post_category":"","wpdc_auto_publish_overridden":"","wpdc_topic_tags":"","wpdc_pin_topic":"","wpdc_pin_until":"","discourse_post_id":"","discourse_permalink":"","wpdc_publishing_response":"","wpdc_publishing_error":"","footnotes":""},"class_list":["post-4232","page","type-page","status-publish","hentry"],"yoast_head":"<!-- This site is optimized with the Yoast SEO plugin v25.3.1 - https:\/\/yoast.com\/wordpress\/plugins\/seo\/ -->\n<title>Odtwarzacz audio \u2014 dodaj aplikacj\u0119 Muzyka do witryny Joomla (szybko i za darmo)<\/title>\n<meta name=\"description\" content=\"Umie\u015b\u0107 elastyczne rozszerzenie Music Player w swojej Joomla. Skorzystaj z por\u0119cznej wersji demonstracyjnej Elfsight i zbuduj w\u0142asny modu\u0142 audio w zaledwie 2 minuty.\" \/>\n<meta name=\"robots\" content=\"index, follow, max-snippet:-1, max-image-preview:large, max-video-preview:-1\" \/>\n<link rel=\"canonical\" href=\"https:\/\/elfsight.com\/pl\/audio-player-widget\/joomla\/\" \/>\n<meta property=\"og:locale\" content=\"pl_PL\" \/>\n<meta property=\"og:type\" content=\"article\" \/>\n<meta property=\"og:title\" content=\"Odtwarzacz audio \u2014 dodaj aplikacj\u0119 Muzyka do witryny Joomla (szybko i za darmo)\" \/>\n<meta property=\"og:description\" content=\"Umie\u015b\u0107 elastyczne rozszerzenie Music Player w swojej Joomla. Skorzystaj z por\u0119cznej wersji demonstracyjnej Elfsight i zbuduj w\u0142asny modu\u0142 audio w zaledwie 2 minuty.\" \/>\n<meta property=\"og:url\" content=\"https:\/\/elfsight.com\/pl\/audio-player-widget\/joomla\/\" \/>\n<meta property=\"og:site_name\" content=\"Elfsight PL\" \/>\n<meta property=\"article:modified_time\" content=\"2024-11-14T09:23:44+00:00\" \/>\n<meta name=\"twitter:card\" content=\"summary_large_image\" \/>\n<meta name=\"twitter:label1\" content=\"Szacowany czas czytania\" \/>\n\t<meta name=\"twitter:data1\" content=\"2 minuty\" \/>\n<!-- \/ Yoast SEO plugin. -->","yoast_head_json":{"title":"Odtwarzacz audio \u2014 dodaj aplikacj\u0119 Muzyka do witryny Joomla (szybko i za darmo)","description":"Umie\u015b\u0107 elastyczne rozszerzenie Music Player w swojej Joomla. Skorzystaj z por\u0119cznej wersji demonstracyjnej Elfsight i zbuduj w\u0142asny modu\u0142 audio w zaledwie 2 minuty.","robots":{"index":"index","follow":"follow","max-snippet":"max-snippet:-1","max-image-preview":"max-image-preview:large","max-video-preview":"max-video-preview:-1"},"canonical":"https:\/\/elfsight.com\/pl\/audio-player-widget\/joomla\/","og_locale":"pl_PL","og_type":"article","og_title":"Odtwarzacz audio \u2014 dodaj aplikacj\u0119 Muzyka do witryny Joomla (szybko i za darmo)","og_description":"Umie\u015b\u0107 elastyczne rozszerzenie Music Player w swojej Joomla. Skorzystaj z por\u0119cznej wersji demonstracyjnej Elfsight i zbuduj w\u0142asny modu\u0142 audio w zaledwie 2 minuty.","og_url":"https:\/\/elfsight.com\/pl\/audio-player-widget\/joomla\/","og_site_name":"Elfsight PL","article_modified_time":"2024-11-14T09:23:44+00:00","twitter_card":"summary_large_image","twitter_misc":{"Szacowany czas czytania":"2 minuty"},"schema":{"@context":"https:\/\/schema.org","@graph":[{"@type":"WebPage","@id":"https:\/\/elfsight.com\/pl\/audio-player-widget\/joomla\/","url":"https:\/\/elfsight.com\/pl\/audio-player-widget\/joomla\/","name":"Odtwarzacz audio \u2014 dodaj aplikacj\u0119 Muzyka do witryny Joomla (szybko i za darmo)","isPartOf":{"@id":"https:\/\/elfsight.com\/pl\/#website"},"datePublished":"2024-05-03T06:28:42+00:00","dateModified":"2024-11-14T09:23:44+00:00","description":"Umie\u015b\u0107 elastyczne rozszerzenie Music Player w swojej Joomla. Skorzystaj z por\u0119cznej wersji demonstracyjnej Elfsight i zbuduj w\u0142asny modu\u0142 audio w zaledwie 2 minuty.","breadcrumb":{"@id":"https:\/\/elfsight.com\/pl\/audio-player-widget\/joomla\/#breadcrumb"},"inLanguage":"pl-PL","potentialAction":[{"@type":"ReadAction","target":["https:\/\/elfsight.com\/pl\/audio-player-widget\/joomla\/"]}]},{"@type":"BreadcrumbList","@id":"https:\/\/elfsight.com\/pl\/audio-player-widget\/joomla\/#breadcrumb","itemListElement":[{"@type":"ListItem","position":1,"name":"Home","item":"https:\/\/elfsight.com\/pl\/"},{"@type":"ListItem","position":2,"name":"Audio Player","item":"https:\/\/elfsight.com\/pl\/audio-player-widget\/"},{"@type":"ListItem","position":3,"name":"Audio Player &#8211; Joomla"}]},{"@type":"WebSite","@id":"https:\/\/elfsight.com\/pl\/#website","url":"https:\/\/elfsight.com\/pl\/","name":"Elfsight PL","description":"Just another Elfsight Sites site","potentialAction":[{"@type":"SearchAction","target":{"@type":"EntryPoint","urlTemplate":"https:\/\/elfsight.com\/pl\/?s={search_term_string}"},"query-input":{"@type":"PropertyValueSpecification","valueRequired":true,"valueName":"search_term_string"}}],"inLanguage":"pl-PL"}]}},"meta_box":{"industry":"","seo_heading":"","heading":"","description":"","cta_heading":"","cta_description":"","application":"2673","h1":"Rozszerzenie Joomla Audio Player","h1_caption":"Dodawaj i prezentuj \u015bcie\u017cki audio bezpo\u015brednio na swojej stronie internetowej za pomoc\u0105 eleganckiego, konfigurowalnego odtwarzacza w swojej witrynie Joomla.","application_category":[],"applications_title":"","applications_request_title":"","applications_request_button_text":"","hero_text":"","hero_video":"","hero_video_schema_markup":"","selling_points_title":"","selling_points_caption":"","selling_points":[],"selling_points_cta_text":"","features_title":"","features":"","ed_cta_examples_text":"","ed_cta_examples_hidden":"","ed_cta_demo_text":"","ed_cta_demo_hidden":"","why_caption":"","why_editor_title":"","why_editor_text":"","why_team_title":"","why_team_text":"","why_service_title":"","why_service_text":"","template_catalog_visible":"","template_catalog_title":"","template_catalog_text":"","template_catalog_categories_visible":"","demo_title":"Utw\u00f3rz wtyczk\u0119 odtwarzacza audio","demo_caption":"Skonfiguruj sw\u00f3j odtwarzacz audio i dodaj go do swojej witryny Joomla za darmo!","default_faq_hidden":"","app_template_category":[],"platform":"53","template_public_id":"","codecanyon_url":"","codecanyon_item_id":"","codecanyon_price":"","pricing_caption":"","pricing_elfsight_apps_hide_column":"","pricing_elfsight_apps_url":"","pricing_codecanyon_price_caption":"","integration_category":[],"integration_request_title":"","integration_request_cta":"","integration_platform":"","integrations":[],"platform_category":[],"video_schema_markup":"","price":"od 0 USD \/ miesi\u0105c","trial":"","benefits":[{"text":"Bezp\u0142atna pomoc w monta\u017cu"},{"text":"Wyj\u0105tkowe wsparcie"},{"text":"14-dniowa gwarancja zwrotu pieni\u0119dzy"}],"button_url":"#demo","button_target_blank":"","button_nofollow":"","attributes":[{"name":"Instaluje"},{"name":"Czu\u0142y"},{"name":"Kompatybilne przegl\u0105darki"}],"tags":[],"tags_disable_links":"","hide_more_platforms":"","video_object":"","demo_hide_cta":"","demo_hide_cloud_options":"","pricing_title":"","pricing":[{"pricing_icon":"platform","pricing_title":"Elfsight Apps","pricing_title_caption":"Wersja wieloplatformowa, kt\u00f3ra pasuje do ka\u017cdej witryny","pricing_price":"od 0 USD \/ miesi\u0105c","pricing_price_caption":"zacznij od bezp\u0142atnego planu","pricing_benefits":[{"text":"Nielimitowane domeny"},{"text":"Profesjonalne wsparcie i dobrze udokumentowane"},{"text":"Bezp\u0142atna pomoc w monta\u017cu"},{"text":"Oferta ograniczona czasowo dla wielu aplikacji"}],"pricing_button_text":"Dodaj do witryny","pricing_button_url":"#demo"}],"related_apps_title":"","related_apps_hidden":"","author":"","image":[],"title":"","job":"","social_networks":[]},"_links":{"self":[{"href":"https:\/\/elfsight.com\/pl\/wp-json\/wp\/v2\/pages\/4232","targetHints":{"allow":["GET"]}}],"collection":[{"href":"https:\/\/elfsight.com\/pl\/wp-json\/wp\/v2\/pages"}],"about":[{"href":"https:\/\/elfsight.com\/pl\/wp-json\/wp\/v2\/types\/page"}],"author":[{"embeddable":true,"href":"https:\/\/elfsight.com\/pl\/wp-json\/wp\/v2\/users\/9"}],"replies":[{"embeddable":true,"href":"https:\/\/elfsight.com\/pl\/wp-json\/wp\/v2\/comments?post=4232"}],"version-history":[{"count":2,"href":"https:\/\/elfsight.com\/pl\/wp-json\/wp\/v2\/pages\/4232\/revisions"}],"predecessor-version":[{"id":7655,"href":"https:\/\/elfsight.com\/pl\/wp-json\/wp\/v2\/pages\/4232\/revisions\/7655"}],"up":[{"embeddable":true,"href":"https:\/\/elfsight.com\/pl\/wp-json\/wp\/v2\/pages\/2674"}],"wp:attachment":[{"href":"https:\/\/elfsight.com\/pl\/wp-json\/wp\/v2\/media?parent=4232"}],"curies":[{"name":"wp","href":"https:\/\/api.w.org\/{rel}","templated":true}]}}