{"id":4231,"date":"2024-05-03T06:28:41","date_gmt":"2024-05-03T06:28:41","guid":{"rendered":"https:\/\/elfsight.com\/pl\/?page_id=4231"},"modified":"2025-06-23T08:35:29","modified_gmt":"2025-06-23T08:35:29","slug":"jquery","status":"publish","type":"page","link":"https:\/\/elfsight.com\/pl\/audio-player-widget\/jquery\/","title":{"rendered":"Audio Player &#8211; jQuery"},"content":{"rendered":"<div class=\"application-platform-content-item-description application-platform-content-item\" id=\"description\" data-nav-section=\"description\">\n<h2>Opis<\/h2>\n<p>Elfsight Audio Player z list\u0105 odtwarzania to prosta wtyczka do jQuery umo\u017cliwiaj\u0105ca strumieniowe przesy\u0142anie \u015bcie\u017cek audio bezpo\u015brednio na strony Twojej witryny. Wid\u017cet jest niezwykle konfigurowalny: mo\u017cesz zmienia\u0107 jego po\u0142o\u017cenie, osadza\u0107 go w dowolnym miejscu strony, zmienia\u0107 jego rozmiar, zmienia\u0107 kolor t\u0142a i wszystkich innych element\u00f3w, aby dopasowa\u0107 je do stylu witryny, u\u017cywa\u0107 ciemnej kolorystyki, wy\u015bwietla\u0107 ok\u0142adki i demonstrowa\u0107 lub ukrywa\u0107 4 inne elementy odtwarzacza, na przyk\u0142ad pasek post\u0119pu, kierunek i inne. Mo\u017cesz przes\u0142a\u0107 dowoln\u0105 liczb\u0119 utwor\u00f3w, ile chcesz, aby zachwyci\u0107 u\u017cytkownik\u00f3w, w\u0142\u0105czy\u0107 autoodtwarzanie i nie mie\u0107 w\u0105tpliwo\u015bci \u2013 Twoi u\u017cytkownicy nie opuszcz\u0105 Twojej strony g\u0142\u00f3wnej w po\u015bpiechu!<\/p>\n<p>Dzi\u0119ki odtwarzaczowi audio Elfsight mo\u017cesz osi\u0105gn\u0105\u0107 solidny rozw\u00f3j firmy i zwi\u0119kszy\u0107 sprzeda\u017c.<\/p>\n<\/div>\n\n<div class=\"application-platform-content-item-features application-platform-content-item\" id=\"features\" data-nav-section=\"features\">\n<h2>To tylko kilka z szerokich funkcji wid\u017cetu:<\/h2>\n<ul>\n    <li>R\u00f3\u017cne zmiany kolor\u00f3w;<\/li>\n    <li>Motyw ciemnych\/jasnych kolor\u00f3w;<\/li>\n    <li>Responsywny projekt;<\/li>\n    <li>Dost\u0119pne s\u0105 dwa uk\u0142ady;<\/li>\n    <li>Mo\u017cliwo\u015b\u0107 wykorzystania obrazu t\u0142a.<\/li>\n<\/ul>\n<p><a href=\"#demo\">Mo\u017cesz sprawdzi\u0107, co oferuje wid\u017cet, korzystaj\u0105c z wersji demonstracyjnej<\/a><\/p>\n<\/div>\n\n<div class=\"application-platform-content-item-installation application-platform-content-item\" id=\"installation\" data-nav-section=\"installation\">\n<h2>Jak osadzi\u0107 odtwarzacz audio w mojej witrynie internetowej jQuery?<\/h2>\n<p>Wystarczy wykona\u0107 poni\u017csze kroki, aby osadzi\u0107 wtyczk\u0119.<\/p>\n<ol>\n    <li>Skorzystaj z naszej bezp\u0142atnej wersji demonstracyjnej i zacznij tworzy\u0107 w\u0142asn\u0105 wtyczk\u0119.\n        <br>Okre\u015bl po\u017c\u0105dany wygl\u0105d i aspekty narz\u0119dzia oraz zapisz poprawki.<\/li>\n    <li>Zdob\u0105d\u017a kod osobisty, kt\u00f3ry pojawia si\u0119 w specjalnym formularzu w aplikacjach Elfsight.\n        <br>Po zako\u0144czeniu generowania Twojego osobistego narz\u0119dzia skopiuj ekskluzywny kod z wy\u015bwietlonego okna i zachowaj go do p\u00f3\u017aniejszego wykorzystania.<\/li>\n    <li>Rozpocznij korzystanie z odtwarzacza muzyki w witrynie jQuery.\n        <br>Wstaw zapisany wcze\u015bniej kod na swojej stronie i zastosuj modyfikacje.<\/li>\n    <li>Instalacja zosta\u0142a pomy\u015blnie zako\u0144czona.\n        <br>Przejd\u017a do swojej witryny, aby sprawdzi\u0107, jak dzia\u0142a narz\u0119dzie.<\/li>\n<\/ol>\n<p>Je\u015bli napotkasz jakiekolwiek zapytania lub napotkasz przeszkody, nie wahaj si\u0119 aplikowa\u0107 do naszego zespo\u0142u obs\u0142ugi klienta. Nasi specjali\u015bci z przyjemno\u015bci\u0105 pomog\u0105 Ci we wszystkich problemach, jakie mo\u017cesz mie\u0107 z produktem.<\/p>\n<\/div>\n\n<div class=\"faq\" data-component=\"FAQ\">\n<div class=\"faq-item\">\r\n\t\t\t\t\t<div class=\"faq-item-question\">\r\n\t\t\t\t\t\t<h3 class=\"faq-item-question-text\">W jaki spos\u00f3b doda\u0107 odtwarzacz audio do witryny jQuery?<\/h3>\r\n\r\n\t\t\t\t\t\t<div class=\"faq-item-question-icon\"><\/div>\r\n\t\t\t\t\t<\/div>\r\n\r\n\t\t\t\t\t<div class=\"faq-item-answer\">\r\n\t\t\t\t\t\t<div class=\"faq-item-answer-text\">\n<p>Tworzenie wid\u017cetu ma miejsce w witrynie Elfsight i nie musisz uczy\u0107 si\u0119 kodowania. Zastosuj wersj\u0119 demonstracyjn\u0105 online, aby ukszta\u0142towa\u0107 swoj\u0105 osobist\u0105 aplikacj\u0119, uzyskaj kod i umie\u015b\u0107 go na swojej stronie. <\/p>\n<\/div>\r\n\t\t\t\t\t<\/div>\r\n\t\t\t\t<\/div>\n\n<div class=\"faq-item\">\r\n\t\t\t\t\t<div class=\"faq-item-question\">\r\n\t\t\t\t\t\t<h3 class=\"faq-item-question-text\">Najlepsze sposoby wykorzystania integracji z odtwarzaczem muzycznym<\/h3>\r\n\r\n\t\t\t\t\t\t<div class=\"faq-item-question-icon\"><\/div>\r\n\t\t\t\t\t<\/div>\r\n\r\n\t\t\t\t\t<div class=\"faq-item-answer\">\r\n\t\t\t\t\t\t<div class=\"faq-item-answer-text\">\n<p>Oferujemy mn\u00f3stwo mo\u017cliwo\u015bci dostosowania: pe\u0142nowymiarowe wid\u017cety do osadzania w strefie tre\u015bci, p\u0142ywaj\u0105ce wid\u017cety z mo\u017cliwo\u015bci\u0105 przewijania, miniatury stopki witryny, sekcji nag\u0142\u00f3wka i wszelkiego rodzaju mo\u017cliwo\u015bci pionowe dla pask\u00f3w bocznych i menu. <\/p>\n<\/div>\r\n\t\t\t\t\t<\/div>\r\n\t\t\t\t<\/div>\n\n<div class=\"faq-item\">\r\n\t\t\t\t\t<div class=\"faq-item-question\">\r\n\t\t\t\t\t\t<h3 class=\"faq-item-question-text\">Jak za pomoc\u0105 edytora zbudowa\u0107 odtwarzacz d\u017awi\u0119k\u00f3w natury lub odtwarzacz audio z pojedyncz\u0105 \u015bcie\u017ck\u0105?<\/h3>\r\n\r\n\t\t\t\t\t\t<div class=\"faq-item-question-icon\"><\/div>\r\n\t\t\t\t\t<\/div>\r\n\r\n\t\t\t\t\t<div class=\"faq-item-answer\">\r\n\t\t\t\t\t\t<div class=\"faq-item-answer-text\">\n<p>Mo\u017cesz wprowadza\u0107 zmiany w dowolnym wid\u017cecie. W edytorze dost\u0119pnych jest mn\u00f3stwo uk\u0142ad\u00f3w, a ka\u017cdy z nich mo\u017cna \u0142atwo dostosowa\u0107 do w\u0142asnych potrzeb. <\/p>\n<\/div>\r\n\t\t\t\t\t<\/div>\r\n\t\t\t\t<\/div>\n<\/div>","protected":false},"excerpt":{"rendered":"","protected":false},"author":9,"featured_media":0,"parent":2674,"menu_order":0,"comment_status":"closed","ping_status":"closed","template":"templates\/template-application-platform.php","meta":{"publish_to_discourse":"","publish_post_category":"","wpdc_auto_publish_overridden":"","wpdc_topic_tags":"","wpdc_pin_topic":"","wpdc_pin_until":"","discourse_post_id":"","discourse_permalink":"","wpdc_publishing_response":"","wpdc_publishing_error":"","footnotes":""},"class_list":["post-4231","page","type-page","status-publish","hentry"],"yoast_head":"<!-- This site is optimized with the Yoast SEO plugin v25.3.1 - https:\/\/yoast.com\/wordpress\/plugins\/seo\/ -->\n<title>Odtwarzacz audio \u2014 dodaj aplikacj\u0119 Muzyka do witryny jQuery (szybko i bezp\u0142atnie)<\/title>\n<meta name=\"description\" content=\"Umie\u015b\u0107 prosty odtwarzacz audio na swojej stronie internetowej jQuery. Uruchom nasze wygodne demo i wygeneruj w\u0142asn\u0105 wtyczk\u0119 Music Player w zaledwie 2 minuty.\" \/>\n<meta name=\"robots\" content=\"index, follow, max-snippet:-1, max-image-preview:large, max-video-preview:-1\" \/>\n<link rel=\"canonical\" href=\"https:\/\/elfsight.com\/pl\/audio-player-widget\/jquery\/\" \/>\n<meta property=\"og:locale\" content=\"pl_PL\" \/>\n<meta property=\"og:type\" content=\"article\" \/>\n<meta property=\"og:title\" content=\"Odtwarzacz audio \u2014 dodaj aplikacj\u0119 Muzyka do witryny jQuery (szybko i bezp\u0142atnie)\" \/>\n<meta property=\"og:description\" content=\"Umie\u015b\u0107 prosty odtwarzacz audio na swojej stronie internetowej jQuery. Uruchom nasze wygodne demo i wygeneruj w\u0142asn\u0105 wtyczk\u0119 Music Player w zaledwie 2 minuty.\" \/>\n<meta property=\"og:url\" content=\"https:\/\/elfsight.com\/pl\/audio-player-widget\/jquery\/\" \/>\n<meta property=\"og:site_name\" content=\"Elfsight PL\" \/>\n<meta property=\"article:modified_time\" content=\"2025-06-23T08:35:29+00:00\" \/>\n<meta name=\"twitter:card\" content=\"summary_large_image\" \/>\n<meta name=\"twitter:label1\" content=\"Szacowany czas czytania\" \/>\n\t<meta name=\"twitter:data1\" content=\"3 minuty\" \/>\n<!-- \/ Yoast SEO plugin. -->","yoast_head_json":{"title":"Odtwarzacz audio \u2014 dodaj aplikacj\u0119 Muzyka do witryny jQuery (szybko i bezp\u0142atnie)","description":"Umie\u015b\u0107 prosty odtwarzacz audio na swojej stronie internetowej jQuery. Uruchom nasze wygodne demo i wygeneruj w\u0142asn\u0105 wtyczk\u0119 Music Player w zaledwie 2 minuty.","robots":{"index":"index","follow":"follow","max-snippet":"max-snippet:-1","max-image-preview":"max-image-preview:large","max-video-preview":"max-video-preview:-1"},"canonical":"https:\/\/elfsight.com\/pl\/audio-player-widget\/jquery\/","og_locale":"pl_PL","og_type":"article","og_title":"Odtwarzacz audio \u2014 dodaj aplikacj\u0119 Muzyka do witryny jQuery (szybko i bezp\u0142atnie)","og_description":"Umie\u015b\u0107 prosty odtwarzacz audio na swojej stronie internetowej jQuery. Uruchom nasze wygodne demo i wygeneruj w\u0142asn\u0105 wtyczk\u0119 Music Player w zaledwie 2 minuty.","og_url":"https:\/\/elfsight.com\/pl\/audio-player-widget\/jquery\/","og_site_name":"Elfsight PL","article_modified_time":"2025-06-23T08:35:29+00:00","twitter_card":"summary_large_image","twitter_misc":{"Szacowany czas czytania":"3 minuty"},"schema":{"@context":"https:\/\/schema.org","@graph":[{"@type":"WebPage","@id":"https:\/\/elfsight.com\/pl\/audio-player-widget\/jquery\/","url":"https:\/\/elfsight.com\/pl\/audio-player-widget\/jquery\/","name":"Odtwarzacz audio \u2014 dodaj aplikacj\u0119 Muzyka do witryny jQuery (szybko i bezp\u0142atnie)","isPartOf":{"@id":"https:\/\/elfsight.com\/pl\/#website"},"datePublished":"2024-05-03T06:28:41+00:00","dateModified":"2025-06-23T08:35:29+00:00","description":"Umie\u015b\u0107 prosty odtwarzacz audio na swojej stronie internetowej jQuery. Uruchom nasze wygodne demo i wygeneruj w\u0142asn\u0105 wtyczk\u0119 Music Player w zaledwie 2 minuty.","breadcrumb":{"@id":"https:\/\/elfsight.com\/pl\/audio-player-widget\/jquery\/#breadcrumb"},"inLanguage":"pl-PL","potentialAction":[{"@type":"ReadAction","target":["https:\/\/elfsight.com\/pl\/audio-player-widget\/jquery\/"]}]},{"@type":"BreadcrumbList","@id":"https:\/\/elfsight.com\/pl\/audio-player-widget\/jquery\/#breadcrumb","itemListElement":[{"@type":"ListItem","position":1,"name":"Home","item":"https:\/\/elfsight.com\/pl\/"},{"@type":"ListItem","position":2,"name":"Audio Player","item":"https:\/\/elfsight.com\/pl\/audio-player-widget\/"},{"@type":"ListItem","position":3,"name":"Audio Player &#8211; jQuery"}]},{"@type":"WebSite","@id":"https:\/\/elfsight.com\/pl\/#website","url":"https:\/\/elfsight.com\/pl\/","name":"Elfsight PL","description":"Just another Elfsight Sites site","potentialAction":[{"@type":"SearchAction","target":{"@type":"EntryPoint","urlTemplate":"https:\/\/elfsight.com\/pl\/?s={search_term_string}"},"query-input":{"@type":"PropertyValueSpecification","valueRequired":true,"valueName":"search_term_string"}}],"inLanguage":"pl-PL"}]}},"meta_box":{"industry":"","seo_heading":"","heading":"","description":"","cta_heading":"","cta_description":"","application":"2673","h1":"Wtyczka jQuery Audio Player","h1_caption":"Dodawaj i prezentuj \u015bcie\u017cki audio bezpo\u015brednio na swojej stronie internetowej za pomoc\u0105 eleganckiego, konfigurowalnego odtwarzacza, bez wysi\u0142ku umieszczaj\u0105c go na swojej stronie internetowej jQuery.","application_category":[],"applications_title":"","applications_request_title":"","applications_request_button_text":"","hero_text":"","hero_video":"","hero_video_schema_markup":"","selling_points_title":"","selling_points_caption":"","selling_points":[],"selling_points_cta_text":"","features_title":"","features":"","ed_cta_examples_text":"","ed_cta_examples_hidden":"","ed_cta_demo_text":"","ed_cta_demo_hidden":"","why_caption":"","why_editor_title":"","why_editor_text":"","why_team_title":"","why_team_text":"","why_service_title":"","why_service_text":"","template_catalog_visible":"0","template_catalog_title":"","template_catalog_text":"","template_catalog_categories_visible":"","demo_title":"Utw\u00f3rz wtyczk\u0119 odtwarzacza audio","demo_caption":"Skonfiguruj sw\u00f3j odtwarzacz audio i dodaj go do swojej witryny jQuery za darmo!","default_faq_hidden":"","app_template_category":[],"platform":"56","template_public_id":"","codecanyon_url":"","codecanyon_item_id":"","codecanyon_price":"","pricing_caption":"","pricing_elfsight_apps_hide_column":"","pricing_elfsight_apps_url":"","pricing_codecanyon_price_caption":"","integration_category":[],"integration_request_title":"","integration_request_cta":"","integration_platform":"","integrations":[],"platform_category":[],"video_schema_markup":"","price":"od 0 USD \/ miesi\u0105c","trial":"","benefits":[{"text":"Bezp\u0142atna pomoc w monta\u017cu"},{"text":"Profesjonalna obs\u0142uga klienta"},{"text":"14-dniowa gwarancja zwrotu pieni\u0119dzy"}],"button_url":"#demo","button_target_blank":"0","button_nofollow":"0","attributes":[{"name":"Instaluje"},{"name":"Czu\u0142y"},{"name":"Kompatybilne przegl\u0105darki"}],"tags":[],"tags_disable_links":"0","hide_more_platforms":"0","video_object":"","demo_hide_cta":"0","demo_hide_cloud_options":"0","pricing_title":"","pricing":[{"pricing_icon":"platform","pricing_title":"Elfsight Apps","pricing_title_caption":"Wersja wieloplatformowa, kt\u00f3ra dzia\u0142a na ka\u017cdej stronie","pricing_price":"od 0 USD \/ miesi\u0105c","pricing_price_caption":"zacznij od bezp\u0142atnego planu","pricing_benefits":[{"text":"Nielimitowane domeny"},{"text":"Dedykowane i terminowe wsparcie oraz dobrze udokumentowane"},{"text":"Bezp\u0142atna pomoc w monta\u017cu"},{"text":"100% konfigurowalny"}],"pricing_button_text":"Dodaj do witryny","pricing_button_url":"#demo"}],"related_apps_title":"","related_apps_hidden":"0","author":"","image":[],"title":"","job":"","social_networks":[]},"_links":{"self":[{"href":"https:\/\/elfsight.com\/pl\/wp-json\/wp\/v2\/pages\/4231","targetHints":{"allow":["GET"]}}],"collection":[{"href":"https:\/\/elfsight.com\/pl\/wp-json\/wp\/v2\/pages"}],"about":[{"href":"https:\/\/elfsight.com\/pl\/wp-json\/wp\/v2\/types\/page"}],"author":[{"embeddable":true,"href":"https:\/\/elfsight.com\/pl\/wp-json\/wp\/v2\/users\/9"}],"replies":[{"embeddable":true,"href":"https:\/\/elfsight.com\/pl\/wp-json\/wp\/v2\/comments?post=4231"}],"version-history":[{"count":2,"href":"https:\/\/elfsight.com\/pl\/wp-json\/wp\/v2\/pages\/4231\/revisions"}],"predecessor-version":[{"id":10204,"href":"https:\/\/elfsight.com\/pl\/wp-json\/wp\/v2\/pages\/4231\/revisions\/10204"}],"up":[{"embeddable":true,"href":"https:\/\/elfsight.com\/pl\/wp-json\/wp\/v2\/pages\/2674"}],"wp:attachment":[{"href":"https:\/\/elfsight.com\/pl\/wp-json\/wp\/v2\/media?parent=4231"}],"curies":[{"name":"wp","href":"https:\/\/api.w.org\/{rel}","templated":true}]}}