{"id":4230,"date":"2024-05-03T06:28:40","date_gmt":"2024-05-03T06:28:40","guid":{"rendered":"https:\/\/elfsight.com\/pl\/?page_id=4230"},"modified":"2024-11-14T09:23:44","modified_gmt":"2024-11-14T09:23:44","slug":"iframe","status":"publish","type":"page","link":"https:\/\/elfsight.com\/pl\/audio-player-widget\/iframe\/","title":{"rendered":"Audio Player &#8211; iFrame"},"content":{"rendered":"<div class=\"application-platform-content-item-description application-platform-content-item\" id=\"description\" data-nav-section=\"description\"> <h2>Osad\u017a odtwarzacz audio w iFrame za pomoc\u0105 wid\u017cetu Elfsight<\/h2> <p>Elfsight Music Player to prosty wid\u017cet dla witryn iFrame, umo\u017cliwiaj\u0105cy przesy\u0142aj strumieniowo \u015bcie\u017cki audio bezpo\u015brednio na swoj\u0105 stron\u0119 g\u0142\u00f3wn\u0105. Narz\u0119dzie ma ogromne mo\u017cliwo\u015bci dostosowywania: mo\u017cesz dowolnie zmienia\u0107 jego po\u0142o\u017cenie, umieszcza\u0107 w dowolnym miejscu strony, zmienia\u0107 jego rozmiar, przemalowywa\u0107 t\u0142o i wszystkie inne cz\u0119\u015bci, aby zmiesza\u0107 je z uk\u0142adem witryny, stosowa\u0107 ciemn\u0105 kolorystyk\u0119, wy\u015bwietla\u0107 ok\u0142adki i demonstrowa\u0107 lub ukrywaj\u0105 cztery dodatkowe elementy odtwarzacza, na przyk\u0142ad pasek post\u0119pu, nag\u0142\u00f3wek i inne. Prze\u015blij tyle utwor\u00f3w, ile chcesz, aby zaanga\u017cowa\u0107 odwiedzaj\u0105cych, w\u0142\u0105cz autoodtwarzanie i nie miej w\u0105tpliwo\u015bci \u2013 odwiedzaj\u0105cy nie opuszcz\u0105 Twojej witryny w po\u015bpiechu!<\/p> <p><b>Dzi\u0119ki wid\u017cetowi Elfsight Audio osi\u0105gaj szybciej rozw\u00f3j biznesu i zwi\u0119kszenie sprzeda\u017cy.<\/b><\/p> <\/div> <div class=\"application-platform-content-item-features application-platform-content-item\" id=\"features\" data-nav-section=\"features\"> <h2>Wid\u017cet oferuje przydatne i nieskomplikowane funkcje, zobacz niekt\u00f3re z nich: <\/h2> <ul><li>R\u00f3\u017cne warianty kolorystyczne<\/li> <li>Motyw ciemnego\/jasnego koloru<\/li> <li>Responsywny projekt<\/li> <li>Dost\u0119pne 2 uk\u0142ady<\/li> <li>Mo\u017cliwo\u015b\u0107 dodania obrazu t\u0142a<\/li> <\/ul><p><a href=\"#demo\">Po prostu sprawd\u017a t\u0119 wersj\u0119 demonstracyjn\u0105, aby zobaczy\u0107, ile wart jest wid\u017cet<\/a><\/p> <\/div> <div class=\"application-platform-content-item-installation application-platform-content-item\" id=\"installation\" data-nav-section=\"installation\"> <h2>Jak doda\u0107 odtwarzacz muzyczny do mojej witryny iFrame?<\/h2> <p>Wystarczy wykona\u0107 kroki opisane poni\u017cej, aby zintegrowa\u0107 narz\u0119dzie.<\/p> <ol><li><b>Korzystaj\u0105c z naszej bezp\u0142atnej wersji demonstracyjnej i zacznij kszta\u0142towa\u0107 sw\u00f3j w\u0142asny widget.<\/b><br> Okre\u015bl odpowiedni uk\u0142ad i opcje narz\u0119dzia oraz zastosuj modyfikacje.<\/li><li><b>Skopiuj sw\u00f3j indywidualny kod, kt\u00f3ry pojawi si\u0119 w polu w Elfsight Aplikacje<\/b><br> Zaraz po skonfigurowaniu narz\u0119dzia skopiuj kod osobisty z wyskakuj\u0105cego okienka i zapisz go na p\u00f3\u017aniej.<\/li><li><b>Rozpocznij korzystanie z d\u017awi\u0119ku wid\u017cet na Twojej witrynie iFrame<\/b><br> Wstaw ostatnio skopiowany kod na swoj\u0105 stron\u0119 g\u0142\u00f3wn\u0105 i zapisz zmiany.<\/li><li><b>Konfiguracja zosta\u0142a zako\u0144czona<\/b><br> Przejd\u017a do swojej witryny aby zobaczy\u0107 dzia\u0142anie wid\u017cetu.<\/li><\/ol> <p>Je\u015bli masz pytania lub napotkasz przeszkody, nie wahaj si\u0119 zwr\u00f3ci\u0107 o pomoc do naszego zespo\u0142u wsparcia. Nasi ludzie ch\u0119tnie pomog\u0105 Ci we wszystkich problemach, jakie mo\u017cesz mie\u0107 z produktem. <\/p> <div class=\"faq\" data-component=\"FAQ\"><div class=\"faq-item\">\r\n\t\t\t\t\t<div class=\"faq-item-question\">\r\n\t\t\t\t\t\t<h3 class=\"faq-item-question-text\">Jak mog\u0119 osadzi\u0107 wid\u017cet odtwarzacza audio iFrame na mojej stronie internetowej Squarespace bez umiej\u0119tno\u015bci kodowania?<\/h3>\r\n\r\n\t\t\t\t\t\t<div class=\"faq-item-question-icon\"><\/div>\r\n\t\t\t\t\t<\/div>\r\n\r\n\t\t\t\t\t<div class=\"faq-item-answer\">\r\n\t\t\t\t\t\t<div class=\"faq-item-answer-text\"><p>Elfsight oferuje rozwi\u0105zanie oparte na chmurze, kt\u00f3re umo\u017cliwia u\u017cytkownikom osadzanie odtwarzacza audio iFrame widget, przekonaj si\u0119, jak prosty jest ten proces:<\/p><ul><li>Uzyskaj dost\u0119p do edytora online, aby wygenerowa\u0107 sekcj\u0119 wid\u017cetu odtwarzacza audio iFrame, kt\u00f3r\u0105 chcesz zintegrowa\u0107 ze swoj\u0105 witryn\u0105 Squarespace.<\/li><li>Wybierz jeden z naszych wst\u0119pnie zaprojektowanych szablon\u00f3w i dostosuj ustawienia wid\u017cetu iFrame Audio Player, zmodyfikuj uk\u0142ad i schemat kolor\u00f3w, do\u0142\u0105cz swoj\u0105 tre\u015b\u0107 bez konieczno\u015bci kodowania.<\/li><li>Zapisz skonfigurowane ustawienia wid\u017cet iFrame Audio Player i uzyskaj kod wid\u017cetu do umieszczenia na stronie, kt\u00f3ry mo\u017cna \u0142atwo i bezp\u0142atnie doda\u0107 do witryny Squarespace.<\/li><\/ul><p>Pracuj\u0105c w przyjaznym dla u\u017cytkownika Edytorze, ka\u017cdy u\u017cytkownik Internetu mo\u017ce utw\u00f3rz sekcj\u0119 wid\u017cetu iFrame Audio Player i umie\u015b\u0107 j\u0105 na swojej stronie internetowej Squarespace. Aby uzyska\u0107 dost\u0119p do Edytora Elfsight, nie jest wymagana \u017cadna p\u0142atno\u015b\u0107 ani ujawnianie danych karty. Je\u015bli na kt\u00f3rymkolwiek etapie napotkasz jakiekolwiek trudno\u015bci, skontaktuj si\u0119 z naszym dzia\u0142em obs\u0142ugi klienta.<\/p><\/div>\r\n\t\t\t\t\t<\/div>\r\n\t\t\t\t<\/div><\/div><\/div>","protected":false},"excerpt":{"rendered":"","protected":false},"author":9,"featured_media":0,"parent":2674,"menu_order":0,"comment_status":"closed","ping_status":"closed","template":"templates\/template-application-platform.php","meta":{"publish_to_discourse":"","publish_post_category":"","wpdc_auto_publish_overridden":"","wpdc_topic_tags":"","wpdc_pin_topic":"","wpdc_pin_until":"","discourse_post_id":"","discourse_permalink":"","wpdc_publishing_response":"","wpdc_publishing_error":"","footnotes":""},"class_list":["post-4230","page","type-page","status-publish","hentry"],"yoast_head":"<!-- This site is optimized with the Yoast SEO plugin v25.3.1 - https:\/\/yoast.com\/wordpress\/plugins\/seo\/ -->\n<title>Odtwarzacz audio \u2014 dodaj odtwarzacz muzyki do witryny iFrame (bezp\u0142atnie i szybko)<\/title>\n<meta name=\"description\" content=\"Zintegruj atrakcyjny odtwarzacz audio ze swoj\u0105 stron\u0105 iFrame. Skorzystaj z naszej wygodnej wersji demonstracyjnej i utw\u00f3rz w\u0142asny odtwarzacz muzyczny w zaledwie 2 minuty.\" \/>\n<meta name=\"robots\" content=\"index, follow, max-snippet:-1, max-image-preview:large, max-video-preview:-1\" \/>\n<link rel=\"canonical\" href=\"https:\/\/elfsight.com\/pl\/audio-player-widget\/iframe\/\" \/>\n<meta property=\"og:locale\" content=\"pl_PL\" \/>\n<meta property=\"og:type\" content=\"article\" \/>\n<meta property=\"og:title\" content=\"Odtwarzacz audio \u2014 dodaj odtwarzacz muzyki do witryny iFrame (bezp\u0142atnie i szybko)\" \/>\n<meta property=\"og:description\" content=\"Zintegruj atrakcyjny odtwarzacz audio ze swoj\u0105 stron\u0105 iFrame. Skorzystaj z naszej wygodnej wersji demonstracyjnej i utw\u00f3rz w\u0142asny odtwarzacz muzyczny w zaledwie 2 minuty.\" \/>\n<meta property=\"og:url\" content=\"https:\/\/elfsight.com\/pl\/audio-player-widget\/iframe\/\" \/>\n<meta property=\"og:site_name\" content=\"Elfsight PL\" \/>\n<meta property=\"article:modified_time\" content=\"2024-11-14T09:23:44+00:00\" \/>\n<meta name=\"twitter:card\" content=\"summary_large_image\" \/>\n<meta name=\"twitter:label1\" content=\"Szacowany czas czytania\" \/>\n\t<meta name=\"twitter:data1\" content=\"3 minuty\" \/>\n<!-- \/ Yoast SEO plugin. -->","yoast_head_json":{"title":"Odtwarzacz audio \u2014 dodaj odtwarzacz muzyki do witryny iFrame (bezp\u0142atnie i szybko)","description":"Zintegruj atrakcyjny odtwarzacz audio ze swoj\u0105 stron\u0105 iFrame. Skorzystaj z naszej wygodnej wersji demonstracyjnej i utw\u00f3rz w\u0142asny odtwarzacz muzyczny w zaledwie 2 minuty.","robots":{"index":"index","follow":"follow","max-snippet":"max-snippet:-1","max-image-preview":"max-image-preview:large","max-video-preview":"max-video-preview:-1"},"canonical":"https:\/\/elfsight.com\/pl\/audio-player-widget\/iframe\/","og_locale":"pl_PL","og_type":"article","og_title":"Odtwarzacz audio \u2014 dodaj odtwarzacz muzyki do witryny iFrame (bezp\u0142atnie i szybko)","og_description":"Zintegruj atrakcyjny odtwarzacz audio ze swoj\u0105 stron\u0105 iFrame. Skorzystaj z naszej wygodnej wersji demonstracyjnej i utw\u00f3rz w\u0142asny odtwarzacz muzyczny w zaledwie 2 minuty.","og_url":"https:\/\/elfsight.com\/pl\/audio-player-widget\/iframe\/","og_site_name":"Elfsight PL","article_modified_time":"2024-11-14T09:23:44+00:00","twitter_card":"summary_large_image","twitter_misc":{"Szacowany czas czytania":"3 minuty"},"schema":{"@context":"https:\/\/schema.org","@graph":[{"@type":"WebPage","@id":"https:\/\/elfsight.com\/pl\/audio-player-widget\/iframe\/","url":"https:\/\/elfsight.com\/pl\/audio-player-widget\/iframe\/","name":"Odtwarzacz audio \u2014 dodaj odtwarzacz muzyki do witryny iFrame (bezp\u0142atnie i szybko)","isPartOf":{"@id":"https:\/\/elfsight.com\/pl\/#website"},"datePublished":"2024-05-03T06:28:40+00:00","dateModified":"2024-11-14T09:23:44+00:00","description":"Zintegruj atrakcyjny odtwarzacz audio ze swoj\u0105 stron\u0105 iFrame. Skorzystaj z naszej wygodnej wersji demonstracyjnej i utw\u00f3rz w\u0142asny odtwarzacz muzyczny w zaledwie 2 minuty.","breadcrumb":{"@id":"https:\/\/elfsight.com\/pl\/audio-player-widget\/iframe\/#breadcrumb"},"inLanguage":"pl-PL","potentialAction":[{"@type":"ReadAction","target":["https:\/\/elfsight.com\/pl\/audio-player-widget\/iframe\/"]}]},{"@type":"BreadcrumbList","@id":"https:\/\/elfsight.com\/pl\/audio-player-widget\/iframe\/#breadcrumb","itemListElement":[{"@type":"ListItem","position":1,"name":"Home","item":"https:\/\/elfsight.com\/pl\/"},{"@type":"ListItem","position":2,"name":"Audio Player","item":"https:\/\/elfsight.com\/pl\/audio-player-widget\/"},{"@type":"ListItem","position":3,"name":"Audio Player &#8211; iFrame"}]},{"@type":"WebSite","@id":"https:\/\/elfsight.com\/pl\/#website","url":"https:\/\/elfsight.com\/pl\/","name":"Elfsight PL","description":"Just another Elfsight Sites site","potentialAction":[{"@type":"SearchAction","target":{"@type":"EntryPoint","urlTemplate":"https:\/\/elfsight.com\/pl\/?s={search_term_string}"},"query-input":{"@type":"PropertyValueSpecification","valueRequired":true,"valueName":"search_term_string"}}],"inLanguage":"pl-PL"}]}},"meta_box":{"industry":"","seo_heading":"","heading":"","description":"","cta_heading":"","cta_description":"","application":"2673","h1":"Wid\u017cet odtwarzacza audio iFrame","h1_caption":"Dodawaj i prezentuj \u015bcie\u017cki audio bezpo\u015brednio na swojej stronie internetowej za pomoc\u0105 eleganckiego, konfigurowalnego odtwarzacza, bez wysi\u0142ku umieszczaj\u0105c go na swojej stronie internetowej iFrame.","application_category":[],"applications_title":"","applications_request_title":"","applications_request_button_text":"","hero_text":"","hero_video":"","hero_video_schema_markup":"","selling_points_title":"","selling_points_caption":"","selling_points":[],"selling_points_cta_text":"","features_title":"","features":"","ed_cta_examples_text":"","ed_cta_examples_hidden":"","ed_cta_demo_text":"","ed_cta_demo_hidden":"","why_caption":"","why_editor_title":"","why_editor_text":"","why_team_title":"","why_team_text":"","why_service_title":"","why_service_text":"","template_catalog_visible":"","template_catalog_title":"","template_catalog_text":"","template_catalog_categories_visible":"","demo_title":"Utw\u00f3rz wid\u017cet odtwarzacza audio","demo_caption":"Skonfiguruj sw\u00f3j odtwarzacz audio i dodaj go do swojej witryny iFrame za darmo!","default_faq_hidden":"","app_template_category":[],"platform":"187","template_public_id":"","codecanyon_url":"","codecanyon_item_id":"","codecanyon_price":"","pricing_caption":"","pricing_elfsight_apps_hide_column":"","pricing_elfsight_apps_url":"","pricing_codecanyon_price_caption":"","integration_category":[],"integration_request_title":"","integration_request_cta":"","integration_platform":"","integrations":[],"platform_category":[],"video_schema_markup":"","price":"od 0 USD \/ miesi\u0105c","trial":"","benefits":[{"text":"Bezp\u0142atna pomoc w instalacji"},{"text":"Wyj\u0105tkowe wsparcie"},{"text":"14-dniowa gwarancja zwrotu pieni\u0119dzy"}],"button_url":"#demo","button_target_blank":"","button_nofollow":"","attributes":[{"name":"Instaluje"},{"name":"Czu\u0142y"},{"name":"Kompatybilne przegl\u0105darki"}],"tags":[],"tags_disable_links":"","hide_more_platforms":"","video_object":"","demo_hide_cta":"","demo_hide_cloud_options":"","pricing_title":"","pricing":[{"pricing_icon":"platform","pricing_title":"Elfsight Apps","pricing_title_caption":"Oprogramowanie niezale\u017cne od platformy, kt\u00f3re dzia\u0142a na ka\u017cdej stronie internetowej","pricing_price":"od 0 USD \/ miesi\u0105c","pricing_price_caption":"zacznij od bezp\u0142atnego planu","pricing_benefits":[{"text":"Nieograniczona liczba stron internetowych"},{"text":"Profesjonalne i terminowe wsparcie"},{"text":"Bezp\u0142atna us\u0142uga monta\u017cu"},{"text":"Specjalna cena za wiele aplikacji"}],"pricing_button_text":"Dodaj do witryny","pricing_button_url":"#demo"}],"related_apps_title":"","related_apps_hidden":"","author":"","image":[],"title":"","job":"","social_networks":[]},"_links":{"self":[{"href":"https:\/\/elfsight.com\/pl\/wp-json\/wp\/v2\/pages\/4230","targetHints":{"allow":["GET"]}}],"collection":[{"href":"https:\/\/elfsight.com\/pl\/wp-json\/wp\/v2\/pages"}],"about":[{"href":"https:\/\/elfsight.com\/pl\/wp-json\/wp\/v2\/types\/page"}],"author":[{"embeddable":true,"href":"https:\/\/elfsight.com\/pl\/wp-json\/wp\/v2\/users\/9"}],"replies":[{"embeddable":true,"href":"https:\/\/elfsight.com\/pl\/wp-json\/wp\/v2\/comments?post=4230"}],"version-history":[{"count":1,"href":"https:\/\/elfsight.com\/pl\/wp-json\/wp\/v2\/pages\/4230\/revisions"}],"predecessor-version":[{"id":4234,"href":"https:\/\/elfsight.com\/pl\/wp-json\/wp\/v2\/pages\/4230\/revisions\/4234"}],"up":[{"embeddable":true,"href":"https:\/\/elfsight.com\/pl\/wp-json\/wp\/v2\/pages\/2674"}],"wp:attachment":[{"href":"https:\/\/elfsight.com\/pl\/wp-json\/wp\/v2\/media?parent=4230"}],"curies":[{"name":"wp","href":"https:\/\/api.w.org\/{rel}","templated":true}]}}