{"id":4229,"date":"2024-05-03T06:28:39","date_gmt":"2024-05-03T06:28:39","guid":{"rendered":"https:\/\/elfsight.com\/pl\/?page_id=4229"},"modified":"2024-11-14T09:23:44","modified_gmt":"2024-11-14T09:23:44","slug":"magento","status":"publish","type":"page","link":"https:\/\/elfsight.com\/pl\/audio-player-widget\/magento\/","title":{"rendered":"Audio Player &#8211; Magento"},"content":{"rendered":"<div class=\"application-platform-content-item-description application-platform-content-item\" id=\"description\" data-nav-section=\"description\"> <h2>Opis<\/h2> <p>Elfsight Music Player to nieskomplikowana wtyczka do witryn Magento, kt\u00f3ra umo\u017cliwia strumieniowe przesy\u0142anie \u015bcie\u017cek audio na Twoj\u0105 witryn\u0119 . Wtyczka jest ca\u0142kowicie modyfikowalna: mo\u017cesz zmieni\u0107 jej po\u0142o\u017cenie, wstawi\u0107 j\u0105 w dowolnym miejscu strony, zmieni\u0107 jej rozmiar, przemalowa\u0107 t\u0142o i inne cz\u0119\u015bci, aby zmiesza\u0107 je z uk\u0142adem witryny, zastosowa\u0107 ciemn\u0105 kolorystyk\u0119, pokaza\u0107 ok\u0142adki i wy\u015bwietlacz lub ukryj cztery dodatkowe szczeg\u00f3\u0142y gracza, na przyk\u0142ad pasek post\u0119pu, tytu\u0142 i wiele innych. Do\u0142\u0105cz tyle utwor\u00f3w, ile potrzebujesz, aby zaanga\u017cowa\u0107 odbiorc\u00f3w, w\u0142\u0105cz autoodtwarzanie i nie wahaj si\u0119 \u2013 Twoi u\u017cytkownicy nie opuszcz\u0105 Twojej witryny w po\u015bpiechu!<\/p> <p><b>Dzi\u0119ki Elfsight Audio Player mo\u017cesz do\u015bwiadczy\u0107 zr\u00f3wnowa\u017cony rozw\u00f3j biznesu i wi\u0119ksza sprzeda\u017c.<\/b><\/p> <\/div> <div class=\"application-platform-content-item-features application-platform-content-item\" id=\"features\" data-nav-section=\"features\"> <h2>G\u0142\u00f3wne funkcje wid\u017cetu obejmuj\u0105<\/h2> <ul><li>Nieograniczone zmiany kolor\u00f3w<\/li> <li>Schemat kolor\u00f3w ciemny\/jasny<\/li> <li>Responsywny projekt<\/li> <li>2 uk\u0142ady gotowe do u\u017cycia<\/li> <li>Opcja u\u017cycia obrazu t\u0142a<\/li> <\/ul><p><a href=\"#demo\">Wypr\u00f3buj wszystkie opcje dostosowywania w 100% funkcjonalnej wersji demonstracyjnej<\/a><\/p> <\/div><div class=\"application-platform-content-item-installation application-platform-content-item\" id=\"installation\" data-nav-section=\"installation\"> <h2>Jak mog\u0119 osadzi\u0107 odtwarzacz audio na mojej stronie Magento?<\/h2> <p>Wystarczy wykona\u0107 kroki opisane poni\u017cej, aby zintegrowa\u0107 narz\u0119dzie. <\/p> <ol><li><b>Uruchom nasz\u0105 bezp\u0142atn\u0105 wersj\u0119 demonstracyjn\u0105 i zacznij tworzy\u0107 w\u0142asne rozszerzenie. <\/b><br> Okre\u015bl odpowiedni interfejs i aspekty rozszerzenia i zapisz wszystkie modyfikacje. <\/li> <li><b>Odbierz sw\u00f3j osobisty kod, kt\u00f3ry pojawi si\u0119 w polu aplikacji Elfsight. <\/b><br> Zaraz po zako\u0144czeniu ustanawiania swojego numeru wewn\u0119trznego skopiuj kod osobisty w wy\u015bwietlonym oknie i zapisz go na p\u00f3\u017aniej. <\/li> <li><b>Zainicjuj u\u017cycie rozszerzenia na stronie internetowej Magento. <\/b><br> Wstaw ostatnio zapisany kod do swojej witryny i zapisz zmiany. <\/li> <li><b>Instalacja zosta\u0142a pomy\u015blnie zako\u0144czona. <\/b><br> Przejd\u017a do swojej witryny, aby sprawdzi\u0107 dzia\u0142anie rozszerzenia. <\/li><\/ol><p>Je\u015bli masz pytania lub napotkasz trudno\u015bci, nie wahaj si\u0119 skontaktowa\u0107 z naszym personelem wsparcia. Nasi specjali\u015bci ch\u0119tnie odpowiedz\u0105 na wszystkie pytania dotycz\u0105ce widgetu. <\/p> <\/div>","protected":false},"excerpt":{"rendered":"","protected":false},"author":9,"featured_media":0,"parent":2674,"menu_order":0,"comment_status":"closed","ping_status":"closed","template":"templates\/template-application-platform.php","meta":{"publish_to_discourse":"","publish_post_category":"","wpdc_auto_publish_overridden":"","wpdc_topic_tags":"","wpdc_pin_topic":"","wpdc_pin_until":"","discourse_post_id":"","discourse_permalink":"","wpdc_publishing_response":"","wpdc_publishing_error":"","footnotes":""},"class_list":["post-4229","page","type-page","status-publish","hentry"],"yoast_head":"<!-- This site is optimized with the Yoast SEO plugin v25.3.1 - https:\/\/yoast.com\/wordpress\/plugins\/seo\/ -->\n<title>Audio Player - Dodaj odtwarzacz muzyki do strony Magento (bezp\u0142atnie i szybko)<\/title>\n<meta name=\"description\" content=\"Dodaj elastyczny odtwarzacz audio do swojej strony Magento. Uruchom \u0142atwe w zarz\u0105dzaniu demo Elfsight i stw\u00f3rz w\u0142asny odtwarzacz muzyki w zaledwie 2 minuty.\" \/>\n<meta name=\"robots\" content=\"index, follow, max-snippet:-1, max-image-preview:large, max-video-preview:-1\" \/>\n<link rel=\"canonical\" href=\"https:\/\/elfsight.com\/pl\/audio-player-widget\/magento\/\" \/>\n<meta property=\"og:locale\" content=\"pl_PL\" \/>\n<meta property=\"og:type\" content=\"article\" \/>\n<meta property=\"og:title\" content=\"Audio Player - Dodaj odtwarzacz muzyki do strony Magento (bezp\u0142atnie i szybko)\" \/>\n<meta property=\"og:description\" content=\"Dodaj elastyczny odtwarzacz audio do swojej strony Magento. Uruchom \u0142atwe w zarz\u0105dzaniu demo Elfsight i stw\u00f3rz w\u0142asny odtwarzacz muzyki w zaledwie 2 minuty.\" \/>\n<meta property=\"og:url\" content=\"https:\/\/elfsight.com\/pl\/audio-player-widget\/magento\/\" \/>\n<meta property=\"og:site_name\" content=\"Elfsight PL\" \/>\n<meta property=\"article:modified_time\" content=\"2024-11-14T09:23:44+00:00\" \/>\n<meta name=\"twitter:card\" content=\"summary_large_image\" \/>\n<meta name=\"twitter:label1\" content=\"Szacowany czas czytania\" \/>\n\t<meta name=\"twitter:data1\" content=\"2 minuty\" \/>\n<!-- \/ Yoast SEO plugin. -->","yoast_head_json":{"title":"Audio Player - Dodaj odtwarzacz muzyki do strony Magento (bezp\u0142atnie i szybko)","description":"Dodaj elastyczny odtwarzacz audio do swojej strony Magento. Uruchom \u0142atwe w zarz\u0105dzaniu demo Elfsight i stw\u00f3rz w\u0142asny odtwarzacz muzyki w zaledwie 2 minuty.","robots":{"index":"index","follow":"follow","max-snippet":"max-snippet:-1","max-image-preview":"max-image-preview:large","max-video-preview":"max-video-preview:-1"},"canonical":"https:\/\/elfsight.com\/pl\/audio-player-widget\/magento\/","og_locale":"pl_PL","og_type":"article","og_title":"Audio Player - Dodaj odtwarzacz muzyki do strony Magento (bezp\u0142atnie i szybko)","og_description":"Dodaj elastyczny odtwarzacz audio do swojej strony Magento. Uruchom \u0142atwe w zarz\u0105dzaniu demo Elfsight i stw\u00f3rz w\u0142asny odtwarzacz muzyki w zaledwie 2 minuty.","og_url":"https:\/\/elfsight.com\/pl\/audio-player-widget\/magento\/","og_site_name":"Elfsight PL","article_modified_time":"2024-11-14T09:23:44+00:00","twitter_card":"summary_large_image","twitter_misc":{"Szacowany czas czytania":"2 minuty"},"schema":{"@context":"https:\/\/schema.org","@graph":[{"@type":"WebPage","@id":"https:\/\/elfsight.com\/pl\/audio-player-widget\/magento\/","url":"https:\/\/elfsight.com\/pl\/audio-player-widget\/magento\/","name":"Audio Player - Dodaj odtwarzacz muzyki do strony Magento (bezp\u0142atnie i szybko)","isPartOf":{"@id":"https:\/\/elfsight.com\/pl\/#website"},"datePublished":"2024-05-03T06:28:39+00:00","dateModified":"2024-11-14T09:23:44+00:00","description":"Dodaj elastyczny odtwarzacz audio do swojej strony Magento. Uruchom \u0142atwe w zarz\u0105dzaniu demo Elfsight i stw\u00f3rz w\u0142asny odtwarzacz muzyki w zaledwie 2 minuty.","breadcrumb":{"@id":"https:\/\/elfsight.com\/pl\/audio-player-widget\/magento\/#breadcrumb"},"inLanguage":"pl-PL","potentialAction":[{"@type":"ReadAction","target":["https:\/\/elfsight.com\/pl\/audio-player-widget\/magento\/"]}]},{"@type":"BreadcrumbList","@id":"https:\/\/elfsight.com\/pl\/audio-player-widget\/magento\/#breadcrumb","itemListElement":[{"@type":"ListItem","position":1,"name":"Home","item":"https:\/\/elfsight.com\/pl\/"},{"@type":"ListItem","position":2,"name":"Audio Player","item":"https:\/\/elfsight.com\/pl\/audio-player-widget\/"},{"@type":"ListItem","position":3,"name":"Audio Player &#8211; Magento"}]},{"@type":"WebSite","@id":"https:\/\/elfsight.com\/pl\/#website","url":"https:\/\/elfsight.com\/pl\/","name":"Elfsight PL","description":"Just another Elfsight Sites site","potentialAction":[{"@type":"SearchAction","target":{"@type":"EntryPoint","urlTemplate":"https:\/\/elfsight.com\/pl\/?s={search_term_string}"},"query-input":{"@type":"PropertyValueSpecification","valueRequired":true,"valueName":"search_term_string"}}],"inLanguage":"pl-PL"}]}},"meta_box":{"industry":"","seo_heading":"","heading":"","description":"","cta_heading":"","cta_description":"","application":"2673","h1":"Rozszerzenie Magento Audio Player","h1_caption":"Dodawaj i prezentuj \u015bcie\u017cki audio bezpo\u015brednio na swojej stronie internetowej za pomoc\u0105 eleganckiego, konfigurowalnego odtwarzacza, bez wysi\u0142ku do swojej witryny Magento.","application_category":[],"applications_title":"","applications_request_title":"","applications_request_button_text":"","hero_text":"","hero_video":"","hero_video_schema_markup":"","selling_points_title":"","selling_points_caption":"","selling_points":[],"selling_points_cta_text":"","features_title":"","features":"","ed_cta_examples_text":"","ed_cta_examples_hidden":"","ed_cta_demo_text":"","ed_cta_demo_hidden":"","why_caption":"","why_editor_title":"","why_editor_text":"","why_team_title":"","why_team_text":"","why_service_title":"","why_service_text":"","template_catalog_visible":"","template_catalog_title":"","template_catalog_text":"","template_catalog_categories_visible":"","demo_title":"Utw\u00f3rz rozszerzenie odtwarzacza audio","demo_caption":"Skonfiguruj sw\u00f3j odtwarzacz audio i dodaj go do swojej witryny Magento za darmo!","default_faq_hidden":"","app_template_category":[],"platform":"92","template_public_id":"","codecanyon_url":"","codecanyon_item_id":"","codecanyon_price":"","pricing_caption":"","pricing_elfsight_apps_hide_column":"","pricing_elfsight_apps_url":"","pricing_codecanyon_price_caption":"","integration_category":[],"integration_request_title":"","integration_request_cta":"","integration_platform":"","integrations":[],"platform_category":[],"video_schema_markup":"","price":"od 0 USD \/ miesi\u0105c","trial":"","benefits":[{"text":"Bezp\u0142atna us\u0142uga monta\u017cu"},{"text":"Skuteczna obs\u0142uga klienta"},{"text":"14-dniowa gwarancja zwrotu pieni\u0119dzy"}],"button_url":"#demo","button_target_blank":"","button_nofollow":"","attributes":[{"name":"Instaluje"},{"name":"Czu\u0142y"},{"name":"Kompatybilne przegl\u0105darki"}],"tags":[],"tags_disable_links":"","hide_more_platforms":"","video_object":"","demo_hide_cta":"","demo_hide_cloud_options":"","pricing_title":"","pricing":[{"pricing_icon":"platform","pricing_title":"Elfsight Apps","pricing_title_caption":"Wieloplatformowe rozwi\u0105zanie cyfrowe, kt\u00f3re pasuje do ka\u017cdej witryny","pricing_price":"od 0 USD \/ miesi\u0105c","pricing_price_caption":"zacznij od bezp\u0142atnego planu","pricing_benefits":[{"text":"Nielimitowane strony internetowe"},{"text":"Profesjonalna obs\u0142uga klienta"},{"text":"Bezp\u0142atne wsparcie instalacyjne"},{"text":"Bezp\u0142atne wsparcie instalacyjne"}],"pricing_button_text":"Dodaj do witryny","pricing_button_url":"#demo"}],"related_apps_title":"","related_apps_hidden":"","author":"","image":[],"title":"","job":"","social_networks":[]},"_links":{"self":[{"href":"https:\/\/elfsight.com\/pl\/wp-json\/wp\/v2\/pages\/4229","targetHints":{"allow":["GET"]}}],"collection":[{"href":"https:\/\/elfsight.com\/pl\/wp-json\/wp\/v2\/pages"}],"about":[{"href":"https:\/\/elfsight.com\/pl\/wp-json\/wp\/v2\/types\/page"}],"author":[{"embeddable":true,"href":"https:\/\/elfsight.com\/pl\/wp-json\/wp\/v2\/users\/9"}],"replies":[{"embeddable":true,"href":"https:\/\/elfsight.com\/pl\/wp-json\/wp\/v2\/comments?post=4229"}],"version-history":[{"count":1,"href":"https:\/\/elfsight.com\/pl\/wp-json\/wp\/v2\/pages\/4229\/revisions"}],"predecessor-version":[{"id":4233,"href":"https:\/\/elfsight.com\/pl\/wp-json\/wp\/v2\/pages\/4229\/revisions\/4233"}],"up":[{"embeddable":true,"href":"https:\/\/elfsight.com\/pl\/wp-json\/wp\/v2\/pages\/2674"}],"wp:attachment":[{"href":"https:\/\/elfsight.com\/pl\/wp-json\/wp\/v2\/media?parent=4229"}],"curies":[{"name":"wp","href":"https:\/\/api.w.org\/{rel}","templated":true}]}}