{"id":4224,"date":"2024-05-03T06:28:38","date_gmt":"2024-05-03T06:28:38","guid":{"rendered":"https:\/\/elfsight.com\/pl\/?page_id=4224"},"modified":"2024-11-14T09:23:36","modified_gmt":"2024-11-14T09:23:36","slug":"html","status":"publish","type":"page","link":"https:\/\/elfsight.com\/pl\/audio-player-widget\/html\/","title":{"rendered":"Audio Player &#8211; HTML"},"content":{"rendered":"<div class=\"application-platform-content-item-description application-platform-content-item\" id=\"description\" data-nav-section=\"description\"> <h2>Opis<\/h2> <p>Elfsight Music Player z list\u0105 odtwarzania to nieskomplikowane narz\u0119dzie dla stron HTML umo\u017cliwiaj\u0105ce bezpo\u015brednie odtwarzanie \u015bcie\u017cek audio na stronach. Widget jest niezwykle modyfikowalny: mo\u017cesz zmieni\u0107 jego po\u0142o\u017cenie, ustawi\u0107 go w dowolnym miejscu strony, zmieni\u0107 jego rozmiar, przemalowa\u0107 t\u0142o i inne elementy, aby zmiesza\u0107 je z uk\u0142adem witryny, u\u017cy\u0107 ciemnego motywu, ods\u0142oni\u0107 ok\u0142adki i pokaza\u0107 lub ukry\u0107 czterech dodatkowych graczy elementy, takie jak pasek post\u0119pu, tytu\u0142 i wiele innych. Prze\u015blij tyle utwor\u00f3w, ile chcesz zaanga\u017cowa\u0107 odbiorc\u00f3w, w\u0142\u0105cz automatyczne odtwarzanie i nie wahaj si\u0119 \u2013 Twoi odbiorcy nie opuszcz\u0105 Twojej witryny natychmiast!<\/p><p><b>Zwi\u0119ksz skuteczno\u015b\u0107 swojej witryny w osi\u0105ganiu cel\u00f3w biznesowych za pomoc\u0105 niestandardowego odtwarzacza audio Elfsight<\/b><\/p> <\/div> <div class=\"application-platform-content-item-features application-platform-content-item\" id=\"features\" data-nav-section=\"features\"> <h2>Podstawowe funkcje wid\u017cetu muzycznego obejmuj\u0105<\/h2> <ul><li>R\u00f3\u017cne wersje kolorystyczne <\/li> <li>Schemat kolor\u00f3w ciemny\/jasny<\/li> <li>Elastyczny projekt<\/li> <li>Dost\u0119pne 2 uk\u0142ady<\/li> <li>Mo\u017cliwo\u015b\u0107 dodania obrazu t\u0142a<\/li> <\/ul><p><a href=\"#demo\">Mo\u017cesz wypr\u00f3bowa\u0107 pe\u0142n\u0105 funkcjonalno\u015b\u0107 wid\u017cetu w wersji demonstracyjnej tutaj<\/a><\/p> <\/div> <div class=\"application-platform-content-item-installation application-platform-content-item\" id=\"installation\" data-nav-section=\"installation\"> <h2>Jak osadzi\u0107 kod odtwarzacza audio w mojej witrynie HTML?<\/h2><div class=\"video-container\"><iframe width=\"720\" height=\"405\" src=\"https:\/\/www.youtube.com\/embed\/QMvtw1fdz04\" frameborder=\"0\" allowfullscreen=\"\"><\/iframe><\/div><p>Wystarczy wykona\u0107 kilka krok\u00f3w opisanych poni\u017cej, aby doda\u0107 odtwarzacz audio HTML wid\u017cetu muzycznego z list\u0105 odtwarzania.<\/p> <ol><li><b>Zarz\u0105dzaj nasz\u0105 bezp\u0142atn\u0105 wersj\u0105 demonstracyjn\u0105 i zacznij tworzy\u0107 niestandardowy szablon.<\/b><br> Wybierz niestandardow\u0105 form\u0119 i cechy wid\u017cetu i zapisz zmiany. <\/li> <li><b>Zdob\u0105d\u017a osobisty kod udost\u0119pniony w specjalnym formularzu w aplikacjach Elfsight.<\/b><br> Po zako\u0144czeniu tworzenia szablonu muzycznego skopiuj indywidualny kod z wy\u015bwietlonego wyskakuj\u0105cego okienka i zachowaj go do wykorzystania w przysz\u0142o\u015bci.<\/li> <li><b>Rozpocznij korzystanie z wid\u017cetu w swojej witrynie HTML.<\/b><br> Umie\u015b\u0107 zapisany ostatnio kod odtwarzacza muzyki na swojej stronie i zastosuj ulepszenia. <\/li> <li><b>Instalacja zosta\u0142a pomy\u015blnie uko\u0144czona.<\/b><br> Przejd\u017a do swojej witryny, aby sprawdzi\u0107 dzia\u0142anie wid\u017cetu. <\/li> <\/ol> <p>Je\u015bli masz pytania lub napotkasz jakiekolwiek problemy, skontaktuj si\u0119 z naszym zespo\u0142em pomocy technicznej. Nasi ludzie z przyjemno\u015bci\u0105 rozwi\u0105\u017c\u0105 wszystkie problemy, jakie mo\u017cesz mie\u0107 z wtyczk\u0105. <\/p> <\/div><div class=\"faq\" data-component=\"FAQ\"><div class=\"faq-item\">\r\n\t\t\t\t\t<div class=\"faq-item-question\">\r\n\t\t\t\t\t\t<h3 class=\"faq-item-question-text\">Jak doda\u0107 odtwarzacz audio do witryny HTML?<\/h3>\r\n\r\n\t\t\t\t\t\t<div class=\"faq-item-question-icon\"><\/div>\r\n\t\t\t\t\t<\/div>\r\n\r\n\t\t\t\t\t<div class=\"faq-item-answer\">\r\n\t\t\t\t\t\t<div class=\"faq-item-answer-text\"><p>Tworzenie wid\u017cetu odbywa si\u0119 na strony Elfsight i nie ma potrzeby kodowania. Otw\u00f3rz aktywne demo, aby dostosowa\u0107 sw\u00f3j osobisty widget, uzyska\u0107 kod i umie\u015bci\u0107 go na swojej stronie. <\/p><\/div>\r\n\t\t\t\t\t<\/div>\r\n\t\t\t\t<\/div><div class=\"faq-item\">\r\n\t\t\t\t\t<div class=\"faq-item-question\">\r\n\t\t\t\t\t\t<h3 class=\"faq-item-question-text\">Najlepsze sposoby wykorzystania integracji z odtwarzaczem<\/h3>\r\n\r\n\t\t\t\t\t\t<div class=\"faq-item-question-icon\"><\/div>\r\n\t\t\t\t\t<\/div>\r\n\r\n\t\t\t\t\t<div class=\"faq-item-answer\">\r\n\t\t\t\t\t\t<div class=\"faq-item-answer-text\"><p>Zapewnimy mn\u00f3stwo opcji personalizacji: pe\u0142nowymiarowe wid\u017cety do wstawiania w sekcja tre\u015bci, p\u0142ywaj\u0105ce wtyczki z mo\u017cliwo\u015bci\u0105 przewijania, uk\u0142ady stopki, sekcja nag\u0142\u00f3wka i wszystkie warianty mo\u017cliwo\u015bci pionowych pask\u00f3w bocznych i menu. <\/p><\/div>\r\n\t\t\t\t\t<\/div>\r\n\t\t\t\t<\/div><div class=\"faq-item\">\r\n\t\t\t\t\t<div class=\"faq-item-question\">\r\n\t\t\t\t\t\t<h3 class=\"faq-item-question-text\">Czy istnieje mo\u017cliwo\u015b\u0107 utworzenia pojedynczej \u015bcie\u017cki lub odtwarzacza medytacyjnego za pomoc\u0105 edytora?<\/h3>\r\n\r\n\t\t\t\t\t\t<div class=\"faq-item-question-icon\"><\/div>\r\n\t\t\t\t\t<\/div>\r\n\r\n\t\t\t\t\t<div class=\"faq-item-answer\">\r\n\t\t\t\t\t\t<div class=\"faq-item-answer-text\"><p>Mo\u017cesz dowolnie kszta\u0142towa\u0107 modyfikacje dowolnego wid\u017cetu . W edytorze dost\u0119pnych jest wiele uk\u0142ad\u00f3w, a ka\u017cdy z nich mo\u017cna szybko dostosowa\u0107 do w\u0142asnych potrzeb. <\/p><\/div>\r\n\t\t\t\t\t<\/div>\r\n\t\t\t\t<\/div><\/div>","protected":false},"excerpt":{"rendered":"","protected":false},"author":9,"featured_media":0,"parent":2674,"menu_order":0,"comment_status":"closed","ping_status":"closed","template":"templates\/template-application-platform.php","meta":{"publish_to_discourse":"","publish_post_category":"","wpdc_auto_publish_overridden":"","wpdc_topic_tags":"","wpdc_pin_topic":"","wpdc_pin_until":"","discourse_post_id":"","discourse_permalink":"","wpdc_publishing_response":"","wpdc_publishing_error":"","footnotes":""},"class_list":["post-4224","page","type-page","status-publish","hentry"],"yoast_head":"<!-- This site is optimized with the Yoast SEO plugin v25.3.1 - https:\/\/yoast.com\/wordpress\/plugins\/seo\/ -->\n<title>Audio Player \u2014 kod odtwarzacza muzyki na stron\u0119 HTML (szybko i za darmo)<\/title>\n<meta name=\"description\" content=\"Dodaj elastyczny kod odtwarzacza audio do swojej strony internetowej HTML. Skorzystaj z \u0142atwej w zarz\u0105dzaniu wersji demonstracyjnej i utw\u00f3rz sw\u00f3j unikalny wid\u017cet muzyczny w ci\u0105gu zaledwie kilku minut.\" \/>\n<meta name=\"robots\" content=\"index, follow, max-snippet:-1, max-image-preview:large, max-video-preview:-1\" \/>\n<link rel=\"canonical\" href=\"https:\/\/elfsight.com\/pl\/audio-player-widget\/html\/\" \/>\n<meta property=\"og:locale\" content=\"pl_PL\" \/>\n<meta property=\"og:type\" content=\"article\" \/>\n<meta property=\"og:title\" content=\"Audio Player \u2014 kod odtwarzacza muzyki na stron\u0119 HTML (szybko i za darmo)\" \/>\n<meta property=\"og:description\" content=\"Dodaj elastyczny kod odtwarzacza audio do swojej strony internetowej HTML. Skorzystaj z \u0142atwej w zarz\u0105dzaniu wersji demonstracyjnej i utw\u00f3rz sw\u00f3j unikalny wid\u017cet muzyczny w ci\u0105gu zaledwie kilku minut.\" \/>\n<meta property=\"og:url\" content=\"https:\/\/elfsight.com\/pl\/audio-player-widget\/html\/\" \/>\n<meta property=\"og:site_name\" content=\"Elfsight PL\" \/>\n<meta property=\"article:modified_time\" content=\"2024-11-14T09:23:36+00:00\" \/>\n<meta name=\"twitter:card\" content=\"summary_large_image\" \/>\n<meta name=\"twitter:label1\" content=\"Szacowany czas czytania\" \/>\n\t<meta name=\"twitter:data1\" content=\"3 minuty\" \/>\n<!-- \/ Yoast SEO plugin. -->","yoast_head_json":{"title":"Audio Player \u2014 kod odtwarzacza muzyki na stron\u0119 HTML (szybko i za darmo)","description":"Dodaj elastyczny kod odtwarzacza audio do swojej strony internetowej HTML. Skorzystaj z \u0142atwej w zarz\u0105dzaniu wersji demonstracyjnej i utw\u00f3rz sw\u00f3j unikalny wid\u017cet muzyczny w ci\u0105gu zaledwie kilku minut.","robots":{"index":"index","follow":"follow","max-snippet":"max-snippet:-1","max-image-preview":"max-image-preview:large","max-video-preview":"max-video-preview:-1"},"canonical":"https:\/\/elfsight.com\/pl\/audio-player-widget\/html\/","og_locale":"pl_PL","og_type":"article","og_title":"Audio Player \u2014 kod odtwarzacza muzyki na stron\u0119 HTML (szybko i za darmo)","og_description":"Dodaj elastyczny kod odtwarzacza audio do swojej strony internetowej HTML. Skorzystaj z \u0142atwej w zarz\u0105dzaniu wersji demonstracyjnej i utw\u00f3rz sw\u00f3j unikalny wid\u017cet muzyczny w ci\u0105gu zaledwie kilku minut.","og_url":"https:\/\/elfsight.com\/pl\/audio-player-widget\/html\/","og_site_name":"Elfsight PL","article_modified_time":"2024-11-14T09:23:36+00:00","twitter_card":"summary_large_image","twitter_misc":{"Szacowany czas czytania":"3 minuty"},"schema":{"@context":"https:\/\/schema.org","@graph":[{"@type":"WebPage","@id":"https:\/\/elfsight.com\/pl\/audio-player-widget\/html\/","url":"https:\/\/elfsight.com\/pl\/audio-player-widget\/html\/","name":"Audio Player \u2014 kod odtwarzacza muzyki na stron\u0119 HTML (szybko i za darmo)","isPartOf":{"@id":"https:\/\/elfsight.com\/pl\/#website"},"datePublished":"2024-05-03T06:28:38+00:00","dateModified":"2024-11-14T09:23:36+00:00","description":"Dodaj elastyczny kod odtwarzacza audio do swojej strony internetowej HTML. Skorzystaj z \u0142atwej w zarz\u0105dzaniu wersji demonstracyjnej i utw\u00f3rz sw\u00f3j unikalny wid\u017cet muzyczny w ci\u0105gu zaledwie kilku minut.","breadcrumb":{"@id":"https:\/\/elfsight.com\/pl\/audio-player-widget\/html\/#breadcrumb"},"inLanguage":"pl-PL","potentialAction":[{"@type":"ReadAction","target":["https:\/\/elfsight.com\/pl\/audio-player-widget\/html\/"]}]},{"@type":"BreadcrumbList","@id":"https:\/\/elfsight.com\/pl\/audio-player-widget\/html\/#breadcrumb","itemListElement":[{"@type":"ListItem","position":1,"name":"Home","item":"https:\/\/elfsight.com\/pl\/"},{"@type":"ListItem","position":2,"name":"Audio Player","item":"https:\/\/elfsight.com\/pl\/audio-player-widget\/"},{"@type":"ListItem","position":3,"name":"Audio Player &#8211; HTML"}]},{"@type":"WebSite","@id":"https:\/\/elfsight.com\/pl\/#website","url":"https:\/\/elfsight.com\/pl\/","name":"Elfsight PL","description":"Just another Elfsight Sites site","potentialAction":[{"@type":"SearchAction","target":{"@type":"EntryPoint","urlTemplate":"https:\/\/elfsight.com\/pl\/?s={search_term_string}"},"query-input":{"@type":"PropertyValueSpecification","valueRequired":true,"valueName":"search_term_string"}}],"inLanguage":"pl-PL"}]}},"meta_box":{"industry":"","seo_heading":"","heading":"","description":"","cta_heading":"","cta_description":"","application":"2673","h1":"Wid\u017cet odtwarzacza audio HTML","h1_caption":"Dodawaj i prezentuj \u015bcie\u017cki audio bezpo\u015brednio na swojej stronie internetowej za pomoc\u0105 eleganckiego, konfigurowalnego odtwarzacza, bez wysi\u0142ku umieszczaj\u0105c go w swojej witrynie HTML.","application_category":[],"applications_title":"","applications_request_title":"","applications_request_button_text":"","hero_text":"","hero_video":"","hero_video_schema_markup":"","selling_points_title":"","selling_points_caption":"","selling_points":[],"selling_points_cta_text":"","features_title":"","features":"","ed_cta_examples_text":"","ed_cta_examples_hidden":"","ed_cta_demo_text":"","ed_cta_demo_hidden":"","why_caption":"","why_editor_title":"","why_editor_text":"","why_team_title":"","why_team_text":"","why_service_title":"","why_service_text":"","template_catalog_visible":"","template_catalog_title":"","template_catalog_text":"","template_catalog_categories_visible":"","demo_title":"Utw\u00f3rz wid\u017cet odtwarzacza audio","demo_caption":"Skonfiguruj sw\u00f3j odtwarzacz audio i dodaj go do swojej witryny HTML za darmo!","default_faq_hidden":"","app_template_category":[],"platform":"50","template_public_id":"","codecanyon_url":"","codecanyon_item_id":"","codecanyon_price":"","pricing_caption":"","pricing_elfsight_apps_hide_column":"","pricing_elfsight_apps_url":"","pricing_codecanyon_price_caption":"","integration_category":[],"integration_request_title":"","integration_request_cta":"","integration_platform":"","integrations":[],"platform_category":[],"video_schema_markup":"","price":"od 0 USD \/ miesi\u0105c","trial":"","benefits":[{"text":"Bezp\u0142atna pomoc w instalacji"},{"text":"Kompetentna obs\u0142uga klienta"},{"text":"14-dniowa gwarancja zwrotu pieni\u0119dzy"}],"button_url":"#demo","button_target_blank":"","button_nofollow":"","attributes":[{"name":"Instaluje"},{"name":"Czu\u0142y"},{"name":"Kompatybilne przegl\u0105darki"}],"tags":[],"tags_disable_links":"","hide_more_platforms":"","video_object":"","demo_hide_cta":"","demo_hide_cloud_options":"","pricing_title":"","pricing":[{"pricing_icon":"platform","pricing_title":"Elfsight Apps","pricing_title_caption":"Oprogramowanie wieloplatformowe","pricing_price":"od 0 USD \/ miesi\u0105c","pricing_price_caption":"zacznij od bezp\u0142atnego planu","pricing_benefits":[{"text":"Nielimitowane strony internetowe"},{"text":"Ca\u0142odobowa obs\u0142uga klienta"},{"text":"Bezp\u0142atna us\u0142uga monta\u017cu"},{"text":"Oferta ograniczona czasowo dla wielu aplikacji"}],"pricing_button_text":"Dodaj do witryny","pricing_button_url":"#demo"}],"related_apps_title":"","related_apps_hidden":"","author":"","image":[],"title":"","job":"","social_networks":[]},"_links":{"self":[{"href":"https:\/\/elfsight.com\/pl\/wp-json\/wp\/v2\/pages\/4224","targetHints":{"allow":["GET"]}}],"collection":[{"href":"https:\/\/elfsight.com\/pl\/wp-json\/wp\/v2\/pages"}],"about":[{"href":"https:\/\/elfsight.com\/pl\/wp-json\/wp\/v2\/types\/page"}],"author":[{"embeddable":true,"href":"https:\/\/elfsight.com\/pl\/wp-json\/wp\/v2\/users\/9"}],"replies":[{"embeddable":true,"href":"https:\/\/elfsight.com\/pl\/wp-json\/wp\/v2\/comments?post=4224"}],"version-history":[{"count":2,"href":"https:\/\/elfsight.com\/pl\/wp-json\/wp\/v2\/pages\/4224\/revisions"}],"predecessor-version":[{"id":7654,"href":"https:\/\/elfsight.com\/pl\/wp-json\/wp\/v2\/pages\/4224\/revisions\/7654"}],"up":[{"embeddable":true,"href":"https:\/\/elfsight.com\/pl\/wp-json\/wp\/v2\/pages\/2674"}],"wp:attachment":[{"href":"https:\/\/elfsight.com\/pl\/wp-json\/wp\/v2\/media?parent=4224"}],"curies":[{"name":"wp","href":"https:\/\/api.w.org\/{rel}","templated":true}]}}