{"id":4216,"date":"2024-05-03T06:28:34","date_gmt":"2024-05-03T06:28:34","guid":{"rendered":"https:\/\/elfsight.com\/pl\/?page_id=4216"},"modified":"2025-06-23T08:37:58","modified_gmt":"2025-06-23T08:37:58","slug":"squarespace","status":"publish","type":"page","link":"https:\/\/elfsight.com\/pl\/audio-player-widget\/squarespace\/","title":{"rendered":"Audio Player &#8211; Squarespace"},"content":{"rendered":"<div class=\"application-platform-content-item-description application-platform-content-item\" id=\"description\" data-nav-section=\"description\"> <h2>Osad\u017a odtwarzacz audio w Squarespace za pomoc\u0105 wid\u017cetu Elfsight<\/h2> <p>Elfsight Audio Player to niestandardowa wtyczka do witryn Squarespace, umo\u017cliwiaj\u0105ca odtwarzaj \u015bcie\u017cki audio na swojej stronie internetowej. Narz\u0119dzie jest w pe\u0142ni konfigurowalne: mo\u017cesz zmienia\u0107 jego po\u0142o\u017cenie, ustawia\u0107 je w dowolnym miejscu strony, zmienia\u0107 jego rozmiar, nak\u0142ada\u0107 na t\u0142o i wszystkie inne elementy, aby dopasowa\u0107 je do stylu witryny, stosowa\u0107 ciemny motyw, pokazywa\u0107 ok\u0142adki oraz pokazywa\u0107 lub ukrywa\u0107 4 dodatkowe cz\u0119\u015bci odtwarzacza, na przyk\u0142ad pasek post\u0119pu, tytu\u0142 i inne. Mo\u017cesz przes\u0142a\u0107 tyle utwor\u00f3w, ile chcesz, aby zachwyci\u0107 u\u017cytkownik\u00f3w, w\u0142\u0105czy\u0107 opcj\u0119 autoodtwarzania i mie\u0107 pewno\u015b\u0107, \u017ce odwiedzaj\u0105cy nie opuszcz\u0105 Twojej strony g\u0142\u00f3wnej w po\u015bpiechu!<\/p> <p><b>Zwi\u0119ksz sukces swojej witryny do zada\u0144 biznesowych za pomoc\u0105 wtyczki Elfsight Music<\/b><\/p> <div class=\"faq\" data-component=\"FAQ\"> <div class=\"faq-item\">\r\n\t\t\t\t\t<div class=\"faq-item-question\">\r\n\t\t\t\t\t\t<h3 class=\"faq-item-question-text\">Jakie masz inne wid\u017cety dla Squarespace? <\/h3>\r\n\r\n\t\t\t\t\t\t<div class=\"faq-item-question-icon\"><\/div>\r\n\t\t\t\t\t<\/div>\r\n\r\n\t\t\t\t\t<div class=\"faq-item-answer\">\r\n\t\t\t\t\t\t<div class=\"faq-item-answer-text\"> <p>Mo\u017cesz korzysta\u0107 z mn\u00f3stwa aplikacji do dowolnego celu w Twojej witrynie, niezale\u017cnie od prowadzonej przez Ciebie dzia\u0142alno\u015bci. Na przyk\u0142ad w\u0142a\u015bciciele witryn e-commerce mog\u0105 korzysta\u0107 z naszych <a href=\"https:\/\/elfsight.com\/google-reviews-widget\/squarespace\/\">Opinii Google<\/a>, <a href=\"https:\/\/ elfsight.com\/countdown-timer-widget\/squarespace\/\">Timer odliczaj\u0105cy<\/a> i <a href=\"https:\/\/elfsight.com\/qr-code-widget\/squarespace\/\">kod QR<\/a> dla wielu zada\u0144. Dost\u0119pne s\u0105 tak\u017ce <a href=\"https:\/\/elfsight.com\/whatsapp-chat-widget\/squarespace\/\">czat WhatsApp<\/a> i <a href=\"https:\/\/elfsight.com\/event-calendar -widget\/squarespace\/\">Kalendarz wydarze\u0144<\/a>.<\/p> <\/div>\r\n\t\t\t\t\t<\/div>\r\n\t\t\t\t<\/div> <div class=\"faq-item\">\r\n\t\t\t\t\t<div class=\"faq-item-question\">\r\n\t\t\t\t\t\t<h3 class=\"faq-item-question-text\">W jaki spos\u00f3b mog\u0119 osadzi\u0107 wtyczk\u0119 Music Player na mojej stronie internetowej Squarespace? <\/h3>\r\n\r\n\t\t\t\t\t\t<div class=\"faq-item-question-icon\"><\/div>\r\n\t\t\t\t\t<\/div>\r\n\r\n\t\t\t\t\t<div class=\"faq-item-answer\">\r\n\t\t\t\t\t\t<div class=\"faq-item-answer-text\"> <p>Mo\u017cesz doda\u0107 Wtyczka Music Player na Twojej stronie Squarespace, po prostu przechodz\u0105c do panelu administracyjnego i wykonuj\u0105c nast\u0119puj\u0105ce czynno\u015bci: <\/p><ol><li>Wybierz ustawienia motywu. <\/li><li>Wybierz element, w kt\u00f3rym chcesz zintegrowa\u0107 wtyczk\u0119 Squarespace. <\/li><li>Wklej sw\u00f3j kod z aplikacji Elfsight i zapisz zmiany. <\/li><li>To proste. <\/li><\/ol><p>Nie zapomnij zapozna\u0107 si\u0119 z naszym szczeg\u00f3\u0142owym przewodnikiem instalacji <a href=\"https:\/\/elfsight.com\/tutorials\/how-to-embed-audio-player-on-any-website\/#how-to-add-music-player-to-squarespace\">tutaj<\/a>.<\/p><\/div>\r\n\t\t\t\t\t<\/div>\r\n\t\t\t\t<\/div> <div class=\"faq-item\">\r\n\t\t\t\t\t<div class=\"faq-item-question\">\r\n\t\t\t\t\t\t<h3 class=\"faq-item-question-text\">Czy mog\u0119 zobaczy\u0107 wtyczk\u0119 Squarespace Music Player w r\u0119ku? <\/h3>\r\n\r\n\t\t\t\t\t\t<div class=\"faq-item-question-icon\"><\/div>\r\n\t\t\t\t\t<\/div>\r\n\r\n\t\t\t\t\t<div class=\"faq-item-answer\">\r\n\t\t\t\t\t\t<div class=\"faq-item-answer-text\"> <p>Tak, i jest to naprawd\u0119 \u0142atwe, poniewa\u017c masz do dyspozycji <a href=\"https:\/\/elfsight.com\/audio-player-widget\/#demo\">demo<\/a> na \u017cywo! Pami\u0119taj, \u017ce mo\u017cesz go r\u00f3wnie\u017c u\u017cy\u0107 do dodania odtwarzacza muzyki do swojej witryny Squarespace!<\/p><\/div>\r\n\t\t\t\t\t<\/div>\r\n\t\t\t\t<\/div> <\/div><\/div> <div class=\"application-platform-content-item-features application-platform-content-item\" id=\"features\" data-nav-section=\"features\"> <h2>Wid\u017cet zawiera praktyczne i szybkie funkcje, zobacz niekt\u00f3re z nich:<\/h2> <ul><li>Liczne odmiany kolor\u00f3w<\/li> <li>Schemat kolor\u00f3w ciemny\/jasny<\/li> <li>Responsywny projekt<\/li> <li> Dwa uk\u0142ady gotowe do u\u017cycia<\/li> <li>Mo\u017cliwo\u015b\u0107 dodania obrazu t\u0142a<\/li> <\/ul><p><a href=\"#demo\">Odkryj wszystkie funkcje personalizacji w 100% funkcjonalnej wersji demonstracyjnej<\/a><\/p> <\/div> <div class=\"application-platform-content-item-installation application-platform-content-item\" id=\"installation\" data-nav-section=\"installation\"> <h2>Jak osadzi\u0107 niestandardowy odtwarzacz muzyki w mojej witrynie Squarespace?<\/h2><div class=\"video-container\"><iframe width=\"720\" height=\"405\" src=\"https:\/\/www.youtube.com\/embed\/jGJ5GCRqc9U\" frameborder=\"0\" allowfullscreen=\"\"><\/iframe><\/div><p>Po prostu post\u0119puj zgodnie z instrukcje poni\u017cej, aby doda\u0107 modu\u0142 audio.<\/p> <ol><li><b>Zastosuj nasz\u0105 bezp\u0142atn\u0105 wersj\u0119 demonstracyjn\u0105 i rozpocznij tworzenie unikalnej wtyczki.<\/b><br> Okre\u015bl preferowany wygl\u0105d i cechy funkcjonalne wid\u017cetu oraz zastosuj poprawki.<\/li> <li><b>Odbierz sw\u00f3j unikalny kod pojawiaj\u0105cy si\u0119 w specjalnym formularzu w aplikacjach Elfsight.<\/b><br> Po zako\u0144czeniu dostosowywania Twojego osobistego narz\u0119dzia skopiuj ekskluzywny kod z wy\u015bwietlonego wyskakuj\u0105cego okienka i zachowaj je na przysz\u0142o\u015b\u0107.<\/li> <li><b>Rozpocznij korzystanie z odtwarzacza audio w Squarespace.<\/b><br> Dodaj kod zapisany ostatnio na swojej stronie internetowej i zastosuj korekty.<\/li> <li><b>Gotowe! Osadzanie zosta\u0142o zako\u0144czone.<\/b><br> Odwied\u017a swoj\u0105 witryn\u0119, aby sprawdzi\u0107, jak dzia\u0142a widget.<\/li> <\/ol> <p>Je\u015bli masz pytania lub napotka\u0142e\u015b jakiekolwiek problemy, skontaktuj si\u0119 z naszym dzia\u0142em obs\u0142ugi klienta. Nasi konsultanci z przyjemno\u015bci\u0105 odpowiedz\u0105 na wszystkie pytania dotycz\u0105ce wtyczki.<\/p> <\/div>","protected":false},"excerpt":{"rendered":"","protected":false},"author":9,"featured_media":0,"parent":2674,"menu_order":0,"comment_status":"closed","ping_status":"closed","template":"templates\/template-application-platform.php","meta":{"publish_to_discourse":"","publish_post_category":"","wpdc_auto_publish_overridden":"","wpdc_topic_tags":"","wpdc_pin_topic":"","wpdc_pin_until":"","discourse_post_id":"","discourse_permalink":"","wpdc_publishing_response":"","wpdc_publishing_error":"","footnotes":""},"class_list":["post-4216","page","type-page","status-publish","hentry"],"yoast_head":"<!-- This site is optimized with the Yoast SEO plugin v25.3.1 - https:\/\/yoast.com\/wordpress\/plugins\/seo\/ -->\n<title>Odtwarzacz audio \u2014 dodaj odtwarzacz muzyczny do witryny Squarespace (szybko i bezp\u0142atnie)<\/title>\n<meta name=\"description\" content=\"Dodaj responsywn\u0105 aplikacj\u0119 odtwarzacza audio do witryny Squarespace. Zastosuj wygodne demo i w ci\u0105gu kilku minut stw\u00f3rz w\u0142asny wid\u017cet muzyczny.\" \/>\n<meta name=\"robots\" content=\"index, follow, max-snippet:-1, max-image-preview:large, max-video-preview:-1\" \/>\n<link rel=\"canonical\" href=\"https:\/\/elfsight.com\/pl\/audio-player-widget\/squarespace\/\" \/>\n<meta property=\"og:locale\" content=\"pl_PL\" \/>\n<meta property=\"og:type\" content=\"article\" \/>\n<meta property=\"og:title\" content=\"Odtwarzacz audio \u2014 dodaj odtwarzacz muzyczny do witryny Squarespace (szybko i bezp\u0142atnie)\" \/>\n<meta property=\"og:description\" content=\"Dodaj responsywn\u0105 aplikacj\u0119 odtwarzacza audio do witryny Squarespace. Zastosuj wygodne demo i w ci\u0105gu kilku minut stw\u00f3rz w\u0142asny wid\u017cet muzyczny.\" \/>\n<meta property=\"og:url\" content=\"https:\/\/elfsight.com\/pl\/audio-player-widget\/squarespace\/\" \/>\n<meta property=\"og:site_name\" content=\"Elfsight PL\" \/>\n<meta property=\"article:modified_time\" content=\"2025-06-23T08:37:58+00:00\" \/>\n<meta name=\"twitter:card\" content=\"summary_large_image\" \/>\n<meta name=\"twitter:label1\" content=\"Szacowany czas czytania\" \/>\n\t<meta name=\"twitter:data1\" content=\"3 minuty\" \/>\n<!-- \/ Yoast SEO plugin. -->","yoast_head_json":{"title":"Odtwarzacz audio \u2014 dodaj odtwarzacz muzyczny do witryny Squarespace (szybko i bezp\u0142atnie)","description":"Dodaj responsywn\u0105 aplikacj\u0119 odtwarzacza audio do witryny Squarespace. Zastosuj wygodne demo i w ci\u0105gu kilku minut stw\u00f3rz w\u0142asny wid\u017cet muzyczny.","robots":{"index":"index","follow":"follow","max-snippet":"max-snippet:-1","max-image-preview":"max-image-preview:large","max-video-preview":"max-video-preview:-1"},"canonical":"https:\/\/elfsight.com\/pl\/audio-player-widget\/squarespace\/","og_locale":"pl_PL","og_type":"article","og_title":"Odtwarzacz audio \u2014 dodaj odtwarzacz muzyczny do witryny Squarespace (szybko i bezp\u0142atnie)","og_description":"Dodaj responsywn\u0105 aplikacj\u0119 odtwarzacza audio do witryny Squarespace. Zastosuj wygodne demo i w ci\u0105gu kilku minut stw\u00f3rz w\u0142asny wid\u017cet muzyczny.","og_url":"https:\/\/elfsight.com\/pl\/audio-player-widget\/squarespace\/","og_site_name":"Elfsight PL","article_modified_time":"2025-06-23T08:37:58+00:00","twitter_card":"summary_large_image","twitter_misc":{"Szacowany czas czytania":"3 minuty"},"schema":{"@context":"https:\/\/schema.org","@graph":[{"@type":"WebPage","@id":"https:\/\/elfsight.com\/pl\/audio-player-widget\/squarespace\/","url":"https:\/\/elfsight.com\/pl\/audio-player-widget\/squarespace\/","name":"Odtwarzacz audio \u2014 dodaj odtwarzacz muzyczny do witryny Squarespace (szybko i bezp\u0142atnie)","isPartOf":{"@id":"https:\/\/elfsight.com\/pl\/#website"},"datePublished":"2024-05-03T06:28:34+00:00","dateModified":"2025-06-23T08:37:58+00:00","description":"Dodaj responsywn\u0105 aplikacj\u0119 odtwarzacza audio do witryny Squarespace. Zastosuj wygodne demo i w ci\u0105gu kilku minut stw\u00f3rz w\u0142asny wid\u017cet muzyczny.","breadcrumb":{"@id":"https:\/\/elfsight.com\/pl\/audio-player-widget\/squarespace\/#breadcrumb"},"inLanguage":"pl-PL","potentialAction":[{"@type":"ReadAction","target":["https:\/\/elfsight.com\/pl\/audio-player-widget\/squarespace\/"]}]},{"@type":"BreadcrumbList","@id":"https:\/\/elfsight.com\/pl\/audio-player-widget\/squarespace\/#breadcrumb","itemListElement":[{"@type":"ListItem","position":1,"name":"Home","item":"https:\/\/elfsight.com\/pl\/"},{"@type":"ListItem","position":2,"name":"Audio Player","item":"https:\/\/elfsight.com\/pl\/audio-player-widget\/"},{"@type":"ListItem","position":3,"name":"Audio Player &#8211; Squarespace"}]},{"@type":"WebSite","@id":"https:\/\/elfsight.com\/pl\/#website","url":"https:\/\/elfsight.com\/pl\/","name":"Elfsight PL","description":"Just another Elfsight Sites site","potentialAction":[{"@type":"SearchAction","target":{"@type":"EntryPoint","urlTemplate":"https:\/\/elfsight.com\/pl\/?s={search_term_string}"},"query-input":{"@type":"PropertyValueSpecification","valueRequired":true,"valueName":"search_term_string"}}],"inLanguage":"pl-PL"}]}},"meta_box":{"industry":"","seo_heading":"","heading":"","description":"","cta_heading":"","cta_description":"","application":"2673","h1":"Wtyczka Squarespace Music Player","h1_caption":"Dodawaj i prezentuj \u015bcie\u017cki audio bezpo\u015brednio na swojej stronie internetowej za pomoc\u0105 eleganckiego, konfigurowalnego odtwarzacza bez wysi\u0142ku na swojej stronie Squarespace.","application_category":[],"applications_title":"","applications_request_title":"","applications_request_button_text":"","hero_text":"","hero_video":"","hero_video_schema_markup":"","selling_points_title":"","selling_points_caption":"","selling_points":[],"selling_points_cta_text":"","features_title":"","features":"","ed_cta_examples_text":"","ed_cta_examples_hidden":"","ed_cta_demo_text":"","ed_cta_demo_hidden":"","why_caption":"","why_editor_title":"","why_editor_text":"","why_team_title":"","why_team_text":"","why_service_title":"","why_service_text":"","template_catalog_visible":"0","template_catalog_title":"","template_catalog_text":"","template_catalog_categories_visible":"","demo_title":"Utw\u00f3rz wtyczk\u0119 odtwarzacza audio","demo_caption":"Skonfiguruj sw\u00f3j odtwarzacz audio i dodaj go do swojej witryny Squarespace za darmo!","default_faq_hidden":"","app_template_category":[],"platform":"7588","template_public_id":"","codecanyon_url":"","codecanyon_item_id":"","codecanyon_price":"","pricing_caption":"","pricing_elfsight_apps_hide_column":"","pricing_elfsight_apps_url":"","pricing_codecanyon_price_caption":"","integration_category":[],"integration_request_title":"","integration_request_cta":"","integration_platform":"","integrations":[],"platform_category":[],"video_schema_markup":"","price":"od 0 USD \/ miesi\u0105c","trial":"","benefits":[{"text":"Bezp\u0142atna us\u0142uga monta\u017cu"},{"text":"Do\u015bwiadczona obs\u0142uga klienta"},{"text":"14-dniowa gwarancja zwrotu pieni\u0119dzy"}],"button_url":"#demo","button_target_blank":"0","button_nofollow":"0","attributes":[{"name":"Instaluje"},{"name":"Czu\u0142y"},{"name":"Kompatybilne przegl\u0105darki"}],"tags":[],"tags_disable_links":"0","hide_more_platforms":"0","video_object":"","demo_hide_cta":"0","demo_hide_cloud_options":"0","pricing_title":"","pricing":[{"pricing_icon":"platform","pricing_title":"Elfsight Apps","pricing_title_caption":"Niezale\u017cne od platformy rozwi\u0105zanie, kt\u00f3re pasuje do ka\u017cdej witryny internetowej","pricing_price":"od 0 USD \/ miesi\u0105c","pricing_price_caption":"zacznij od bezp\u0142atnego planu","pricing_benefits":[{"text":"Nielimitowane domeny"},{"text":"Szybkie i terminowe wsparcie"},{"text":"Bezp\u0142atna pomoc w monta\u017cu"},{"text":"Elastyczny projekt"}],"pricing_button_text":"Dodaj do witryny","pricing_button_url":"#demo"}],"related_apps_title":"","related_apps_hidden":"0","author":"","image":[],"title":"","job":"","social_networks":[]},"_links":{"self":[{"href":"https:\/\/elfsight.com\/pl\/wp-json\/wp\/v2\/pages\/4216","targetHints":{"allow":["GET"]}}],"collection":[{"href":"https:\/\/elfsight.com\/pl\/wp-json\/wp\/v2\/pages"}],"about":[{"href":"https:\/\/elfsight.com\/pl\/wp-json\/wp\/v2\/types\/page"}],"author":[{"embeddable":true,"href":"https:\/\/elfsight.com\/pl\/wp-json\/wp\/v2\/users\/9"}],"replies":[{"embeddable":true,"href":"https:\/\/elfsight.com\/pl\/wp-json\/wp\/v2\/comments?post=4216"}],"version-history":[{"count":3,"href":"https:\/\/elfsight.com\/pl\/wp-json\/wp\/v2\/pages\/4216\/revisions"}],"predecessor-version":[{"id":9767,"href":"https:\/\/elfsight.com\/pl\/wp-json\/wp\/v2\/pages\/4216\/revisions\/9767"}],"up":[{"embeddable":true,"href":"https:\/\/elfsight.com\/pl\/wp-json\/wp\/v2\/pages\/2674"}],"wp:attachment":[{"href":"https:\/\/elfsight.com\/pl\/wp-json\/wp\/v2\/media?parent=4216"}],"curies":[{"name":"wp","href":"https:\/\/api.w.org\/{rel}","templated":true}]}}