{"id":4215,"date":"2024-05-03T06:28:33","date_gmt":"2024-05-03T06:28:33","guid":{"rendered":"https:\/\/elfsight.com\/pl\/?page_id=4215"},"modified":"2025-12-02T14:13:43","modified_gmt":"2025-12-02T14:13:43","slug":"webflow","status":"publish","type":"page","link":"https:\/\/elfsight.com\/pl\/audio-player-widget\/webflow\/","title":{"rendered":"Audio Player &#8211; Webflow"},"content":{"rendered":"<div class=\"application-platform-content-item-description application-platform-content-item\" id=\"description\" data-nav-section=\"description\">\n<h2>Osad\u017a odtwarzacz audio w Webflow za pomoc\u0105 wid\u017cetu Elfsight<\/h2>\n<p>Elfsight Music Player to prosty widget dla witryny Webflow, umo\u017cliwiaj\u0105cy strumieniowe przesy\u0142anie \u015bcie\u017cek audio bezpo\u015brednio na strony Twojej witryny. Narz\u0119dzie jest niezwykle konfigurowalne: mo\u017cesz zmieni\u0107 jego po\u0142o\u017cenie, osadzi\u0107 w dowolnym miejscu strony, skalowa\u0107 jego rozmiar, nak\u0142ada\u0107 na t\u0142o i wszystkie inne elementy, aby zmiesza\u0107 je z projektem witryny, zastosowa\u0107 ciemn\u0105 kolorystyk\u0119, wy\u015bwietla\u0107 obrazy i pokazywa\u0107 lub ukrywa\u0107 4 dodatkowe szczeg\u00f3\u0142y gracza, takie jak pasek post\u0119pu, tytu\u0142 i wiele innych. Prze\u015blij tyle utwor\u00f3w, ile potrzebujesz, aby zachwyci\u0107 u\u017cytkownik\u00f3w, w\u0142\u0105cz opcj\u0119 autoodtwarzania i miej pewno\u015b\u0107, \u017ce Twoi u\u017cytkownicy nie opuszcz\u0105 Twojej strony w po\u015bpiechu!<\/p>\n<p>Uczy\u0144 swoj\u0105 witryn\u0119 bardziej efektywn\u0105 dla cel\u00f3w biznesowych przy pomocy wid\u017cetu Elfsight Audio.<\/p>\n<div class=\"faq\" data-component=\"FAQ\">\n    <div class=\"faq-item\">\r\n\t\t\t\t\t<div class=\"faq-item-question\">\r\n\t\t\t\t\t\t<h3 class=\"faq-item-question-text\">Jakie inne wid\u017cety dla Webflow mo\u017cesz zaoferowa\u0107?<\/h3>\r\n\r\n\t\t\t\t\t\t<div class=\"faq-item-question-icon\"><\/div>\r\n\t\t\t\t\t<\/div>\r\n\r\n\t\t\t\t\t<div class=\"faq-item-answer\">\r\n\t\t\t\t\t\t<div class=\"faq-item-answer-text\">\n    <p>Istnieje ogromna r\u00f3\u017cnorodno\u015b\u0107 wid\u017cet\u00f3w, dzi\u0119ki kt\u00f3rym mo\u017cesz spe\u0142ni\u0107 dowolny rodzaj zadania na Twojej stronie internetowej. Mo\u017cesz na przyk\u0142ad skorzysta\u0107 z naszego <a href=\"https:\/\/elfsight.com\/online-form-builder\/webflow\/\">Kreatora formularzy<\/a> lub <a href=\"https:\/\/elfsight.com\/popup-widget\/webflow\/\">Wyskakuj\u0105ce okienko<\/a>, je\u015bli masz witryn\u0119 e-commerce. Oczywi\u015bcie ka\u017cda witryna odniesie korzy\u015bci wy\u0142\u0105cznie dzi\u0119ki naszemu wysoce funkcjonalnemu i atrakcyjnemu <a href=\"https:\/\/elfsight.com\/instagram-feed-instashow\/webflow\/\">kana\u0142owi na Instagramie<\/a> oraz <a href=\"https:\/\/elfsight.com\/slider-widget\/webflow\/\">Slider<\/a>. I nie zapomnij o naszej wspania\u0142ej <a href=\"https:\/\/elfsight.com\/cookie-consent-widget\/webflow\/\">Zgodzie na pliki cookie<\/a>.<\/p>\n    <\/div>\r\n\t\t\t\t\t<\/div>\r\n\t\t\t\t<\/div>\n\n    <div class=\"faq-item\">\r\n\t\t\t\t\t<div class=\"faq-item-question\">\r\n\t\t\t\t\t\t<h3 class=\"faq-item-question-text\">Jak mog\u0119 osadzi\u0107 wid\u017cet Odtwarzacza muzyki na mojej stronie Webflow?<\/h3>\r\n\r\n\t\t\t\t\t\t<div class=\"faq-item-question-icon\"><\/div>\r\n\t\t\t\t\t<\/div>\r\n\r\n\t\t\t\t\t<div class=\"faq-item-answer\">\r\n\t\t\t\t\t\t<div class=\"faq-item-answer-text\">\n    <p>Mo\u017cesz doda\u0107 wid\u017cet Odtwarzacza muzyki do swojej witryny Webflow, po prostu otwieraj\u0105c panel administracyjny i wykonuj\u0105c nast\u0119puj\u0105ce czynno\u015bci:<\/p>\n    <ol>\n        <li>Przejd\u017a do ustawie\u0144 swojej witryny.<\/li>\n        <li>Wybierz element, z kt\u00f3rym chcesz zintegrowa\u0107 odtwarzacz muzyczny.<\/li>\n        <li>Wklej sw\u00f3j kod z aplikacji Elfsight i zapisz zmiany.<\/li>\n        <li>Wszystko gotowe.<\/li>\n    <\/ol>\n    <p>Tutaj, na <a href=\"https:\/\/elfsight.com\/tutorials\/how-to-embed-audio-player-on-any-website\/#how-to-add-live-chat-to-webflow\">tej stronie<\/a> znajdziesz szczeg\u00f3\u0142owy przewodnik dotycz\u0105cy instalacji wid\u017cetu Webflow. Je\u015bli nadal masz jakie\u015b pytania, daj nam zna\u0107.<\/p>\n    <\/div>\r\n\t\t\t\t\t<\/div>\r\n\t\t\t\t<\/div>\n\n    <div class=\"faq-item\">\r\n\t\t\t\t\t<div class=\"faq-item-question\">\r\n\t\t\t\t\t\t<h3 class=\"faq-item-question-text\">Czy mog\u0119 zobaczy\u0107 Tw\u00f3j wid\u017cet Webflow Music Player w akcji?<\/h3>\r\n\r\n\t\t\t\t\t\t<div class=\"faq-item-question-icon\"><\/div>\r\n\t\t\t\t\t<\/div>\r\n\r\n\t\t\t\t\t<div class=\"faq-item-answer\">\r\n\t\t\t\t\t\t<div class=\"faq-item-answer-text\">\n    <p>Pewnie! Mo\u017cesz to \u0142atwo zrobi\u0107, odwiedzaj\u0105c <a href=\"https:\/\/elfsight.com\/audio-player-widget\/#demo\">t\u0119 stron\u0119<\/a> i korzystaj\u0105c z naszej wersji demonstracyjnej na \u017cywo, kt\u00f3ra pozwala zobaczy\u0107, jak b\u0119dzie wygl\u0105da\u0107 wid\u017cet i wybierz jego cechy funkcjonalne wraz z najbardziej odpowiednim szablonem. Przy okazji, mo\u017cesz doda\u0107 wid\u017cet do swojej witryny Webflow prosto z wersji demonstracyjnej!<\/p>\n    <\/div>\r\n\t\t\t\t\t<\/div>\r\n\t\t\t\t<\/div>\n<\/div>\n<\/div>\n\n<div class=\"application-platform-content-item-features application-platform-content-item\" id=\"features\" data-nav-section=\"features\">\n<h2>Sprawd\u017a list\u0119 najpot\u0119\u017cniejsze funkcje:<\/h2>\n<ul>\n    <li>R\u00f3\u017cne warianty kolorystyczne;<\/li>\n    <li>Motyw ciemnych\/jasnych kolor\u00f3w;<\/li>\n    <li>Responsywny projekt;<\/li>\n    <li>2 gotowe uk\u0142ady do u\u017cycia;<\/li>\n    <li>Mo\u017cliwo\u015b\u0107 do\u0142\u0105czenia obrazu t\u0142a.<\/li>\n<\/ul>\n<p><a href=\"#demo\">Mo\u017cesz sprawdzi\u0107, czy wid\u017cet jest dla Ciebie, korzystaj\u0105c z wersji demonstracyjnej<\/a><\/p>\n<\/div>\n\n<div class=\"application-platform-content-item-installation application-platform-content-item\" id=\"installation\" data-nav-section=\"installation\">\n<h2>Jak osadzi\u0107 odtwarzacz audio w mojej witrynie internetowej Webflow?<\/h2>\n<div class=\"video-container\"><iframe allowfullscreen=\"\" frameborder=\"0\" height=\"405\" src=\"https:\/\/www.youtube.com\/embed\/g95M4DoygJk?si=uQsE4BjWKy-jkvzB\" width=\"720\"><\/iframe><\/div>\n<p>Wystarczy post\u0119powa\u0107 zgodnie z poni\u017cszymi wskaz\u00f3wkami, aby aktywowa\u0107 wid\u017cet muzyczny.<\/p>\n<ol>\n    <li>Skorzystaj z naszego bezp\u0142atnego konfiguratora i zacznij tworzy\u0107 w\u0142asny widget.\n        <br>Wybierz wybrane cechy konstrukcyjne i funkcjonalne narz\u0119dzia oraz zastosuj poprawki.<\/li>\n    <li>Wy\u015bwietl sw\u00f3j indywidualny kod w oknie aplikacji Elfsight.\n        <br>Po zako\u0144czeniu tworzenia wid\u017cetu skopiuj kod osobisty w wy\u015bwietlonym polu i zachowaj go do dalszego wykorzystania.<\/li>\n    <li>Rozpocznij korzystanie z odtwarzacza muzyki na stronie internetowej Webflow.\n        <br>Zaimplementuj kod, kt\u00f3ry ostatnio skopiowa\u0142e\u015b na swojej stronie i zastosuj ulepszenia.<\/li>\n    <li>Gotowe! Integracja zosta\u0142a ca\u0142kowicie zako\u0144czona.\n        <br>Przejd\u017a na swoj\u0105 stron\u0119 internetow\u0105, aby sprawdzi\u0107 dzia\u0142anie wid\u017cetu.<\/li>\n<\/ol>\n<p>Je\u015bli masz do czynienia z zapytaniami lub napotykasz pewne komplikacje, nie obawiaj si\u0119 skontaktowa\u0107 z naszym personelem obs\u0142ugi klienta. Nasi specjali\u015bci ch\u0119tnie odpowiedz\u0105 na wszystkie pytania dotycz\u0105ce wtyczki.<\/p>\n<\/div>","protected":false},"excerpt":{"rendered":"","protected":false},"author":9,"featured_media":0,"parent":2674,"menu_order":0,"comment_status":"closed","ping_status":"closed","template":"templates\/template-application-platform.php","meta":{"publish_to_discourse":"","publish_post_category":"","wpdc_auto_publish_overridden":"","wpdc_topic_tags":"","wpdc_pin_topic":"","wpdc_pin_until":"","discourse_post_id":"","discourse_permalink":"","wpdc_publishing_response":"","wpdc_publishing_error":"","footnotes":""},"class_list":["post-4215","page","type-page","status-publish","hentry"],"yoast_head":"<!-- This site is optimized with the Yoast SEO plugin v25.3.1 - https:\/\/yoast.com\/wordpress\/plugins\/seo\/ -->\n<title>Odtwarzacz audio | Dodaj odtwarzacz muzyki do witryny Webflow (szybko i bezp\u0142atnie)<\/title>\n<meta name=\"description\" content=\"Zaimplementuj atrakcyjny wid\u017cet odtwarzacza audio na swojej stronie Webflow. Skorzystaj z naszego przydatnego demo i zbuduj sw\u00f3j unikalny widget w zaledwie 2 minuty.\" \/>\n<meta name=\"robots\" content=\"index, follow, max-snippet:-1, max-image-preview:large, max-video-preview:-1\" \/>\n<link rel=\"canonical\" href=\"https:\/\/elfsight.com\/pl\/audio-player-widget\/webflow\/\" \/>\n<meta property=\"og:locale\" content=\"pl_PL\" \/>\n<meta property=\"og:type\" content=\"article\" \/>\n<meta property=\"og:title\" content=\"Odtwarzacz audio | Dodaj odtwarzacz muzyki do witryny Webflow (szybko i bezp\u0142atnie)\" \/>\n<meta property=\"og:description\" content=\"Zaimplementuj atrakcyjny wid\u017cet odtwarzacza audio na swojej stronie Webflow. Skorzystaj z naszego przydatnego demo i zbuduj sw\u00f3j unikalny widget w zaledwie 2 minuty.\" \/>\n<meta property=\"og:url\" content=\"https:\/\/elfsight.com\/pl\/audio-player-widget\/webflow\/\" \/>\n<meta property=\"og:site_name\" content=\"Elfsight PL\" \/>\n<meta property=\"article:modified_time\" content=\"2025-12-02T14:13:43+00:00\" \/>\n<meta name=\"twitter:card\" content=\"summary_large_image\" \/>\n<meta name=\"twitter:label1\" content=\"Szacowany czas czytania\" \/>\n\t<meta name=\"twitter:data1\" content=\"3 minuty\" \/>\n<!-- \/ Yoast SEO plugin. -->","yoast_head_json":{"title":"Odtwarzacz audio | Dodaj odtwarzacz muzyki do witryny Webflow (szybko i bezp\u0142atnie)","description":"Zaimplementuj atrakcyjny wid\u017cet odtwarzacza audio na swojej stronie Webflow. Skorzystaj z naszego przydatnego demo i zbuduj sw\u00f3j unikalny widget w zaledwie 2 minuty.","robots":{"index":"index","follow":"follow","max-snippet":"max-snippet:-1","max-image-preview":"max-image-preview:large","max-video-preview":"max-video-preview:-1"},"canonical":"https:\/\/elfsight.com\/pl\/audio-player-widget\/webflow\/","og_locale":"pl_PL","og_type":"article","og_title":"Odtwarzacz audio | Dodaj odtwarzacz muzyki do witryny Webflow (szybko i bezp\u0142atnie)","og_description":"Zaimplementuj atrakcyjny wid\u017cet odtwarzacza audio na swojej stronie Webflow. Skorzystaj z naszego przydatnego demo i zbuduj sw\u00f3j unikalny widget w zaledwie 2 minuty.","og_url":"https:\/\/elfsight.com\/pl\/audio-player-widget\/webflow\/","og_site_name":"Elfsight PL","article_modified_time":"2025-12-02T14:13:43+00:00","twitter_card":"summary_large_image","twitter_misc":{"Szacowany czas czytania":"3 minuty"},"schema":{"@context":"https:\/\/schema.org","@graph":[{"@type":"WebPage","@id":"https:\/\/elfsight.com\/pl\/audio-player-widget\/webflow\/","url":"https:\/\/elfsight.com\/pl\/audio-player-widget\/webflow\/","name":"Odtwarzacz audio | Dodaj odtwarzacz muzyki do witryny Webflow (szybko i bezp\u0142atnie)","isPartOf":{"@id":"https:\/\/elfsight.com\/pl\/#website"},"datePublished":"2024-05-03T06:28:33+00:00","dateModified":"2025-12-02T14:13:43+00:00","description":"Zaimplementuj atrakcyjny wid\u017cet odtwarzacza audio na swojej stronie Webflow. Skorzystaj z naszego przydatnego demo i zbuduj sw\u00f3j unikalny widget w zaledwie 2 minuty.","breadcrumb":{"@id":"https:\/\/elfsight.com\/pl\/audio-player-widget\/webflow\/#breadcrumb"},"inLanguage":"pl-PL","potentialAction":[{"@type":"ReadAction","target":["https:\/\/elfsight.com\/pl\/audio-player-widget\/webflow\/"]}]},{"@type":"BreadcrumbList","@id":"https:\/\/elfsight.com\/pl\/audio-player-widget\/webflow\/#breadcrumb","itemListElement":[{"@type":"ListItem","position":1,"name":"Home","item":"https:\/\/elfsight.com\/pl\/"},{"@type":"ListItem","position":2,"name":"Audio Player","item":"https:\/\/elfsight.com\/pl\/audio-player-widget\/"},{"@type":"ListItem","position":3,"name":"Audio Player &#8211; Webflow"}]},{"@type":"WebSite","@id":"https:\/\/elfsight.com\/pl\/#website","url":"https:\/\/elfsight.com\/pl\/","name":"Elfsight PL","description":"Just another Elfsight Sites site","potentialAction":[{"@type":"SearchAction","target":{"@type":"EntryPoint","urlTemplate":"https:\/\/elfsight.com\/pl\/?s={search_term_string}"},"query-input":{"@type":"PropertyValueSpecification","valueRequired":true,"valueName":"search_term_string"}}],"inLanguage":"pl-PL"}]}},"meta_box":{"industry":"","seo_heading":"","heading":"","description":"","cta_heading":"","cta_description":"","application":"2673","h1":"Wid\u017cet odtwarzacza audio Webflow","h1_caption":"Dodawaj i prezentuj \u015bcie\u017cki audio bezpo\u015brednio na swojej stronie internetowej za pomoc\u0105 eleganckiego, konfigurowalnego odtwarzacza, bez wysi\u0142ku umieszczaj\u0105c go na swojej stronie internetowej Webflow.","application_category":[],"applications_title":"","applications_request_title":"","applications_request_button_text":"","hero_text":"","hero_video":"","hero_video_schema_markup":"","selling_points_title":"","selling_points_caption":"","selling_points":[],"selling_points_cta_text":"","features_title":"","features":"","ed_cta_examples_text":"","ed_cta_examples_hidden":"","ed_cta_demo_text":"","ed_cta_demo_hidden":"","why_caption":"","why_editor_title":"","why_editor_text":"","why_team_title":"","why_team_text":"","why_service_title":"","why_service_text":"","template_catalog_visible":"0","template_catalog_title":"","template_catalog_text":"","template_catalog_categories_visible":"","demo_title":"Utw\u00f3rz wid\u017cet odtwarzacza audio","demo_caption":"Skonfiguruj sw\u00f3j odtwarzacz audio i dodaj go do swojej witryny Webflow za darmo!","default_faq_hidden":"","app_template_category":[],"platform":"127","template_public_id":"","codecanyon_url":"","codecanyon_item_id":"","codecanyon_price":"","pricing_caption":"","pricing_elfsight_apps_hide_column":"","pricing_elfsight_apps_url":"","pricing_codecanyon_price_caption":"","integration_category":[],"integration_request_title":"","integration_request_cta":"","integration_platform":"","integrations":[],"platform_category":[],"video_schema_markup":"","price":"od 0 USD \/ miesi\u0105c","trial":"","benefits":[{"text":"Bezp\u0142atna pomoc w monta\u017cu"},{"text":"Skuteczna obs\u0142uga klienta"},{"text":"14-dniowa gwarancja zwrotu pieni\u0119dzy"}],"button_url":"#demo","button_target_blank":"0","button_nofollow":"0","attributes":[{"name":"Instaluje"},{"name":"Czu\u0142y"},{"name":"Kompatybilne przegl\u0105darki"}],"tags":[],"tags_disable_links":"0","hide_more_platforms":"0","video_object":"","demo_hide_cta":"0","demo_hide_cloud_options":"0","pricing_title":"","pricing":[{"pricing_icon":"platform","pricing_title":"Elfsight Apps","pricing_title_caption":"Rozwi\u0105zanie wieloplatformowe, kt\u00f3re dzia\u0142a na dowolnej witrynie","pricing_price":"od 0 USD \/ miesi\u0105c","pricing_price_caption":"zacznij od bezp\u0142atnego planu","pricing_benefits":[{"text":"Nielimitowane domeny"},{"text":"Profesjonalne wsparcie"},{"text":"Bezp\u0142atna pomoc przy instalacji"},{"text":"Oferta specjalna na wiele aplikacji"}],"pricing_button_text":"Dodaj do witryny","pricing_button_url":"#demo"}],"related_apps_title":"","related_apps_hidden":"0","author":"","image":[],"title":"","job":"","social_networks":[]},"_links":{"self":[{"href":"https:\/\/elfsight.com\/pl\/wp-json\/wp\/v2\/pages\/4215","targetHints":{"allow":["GET"]}}],"collection":[{"href":"https:\/\/elfsight.com\/pl\/wp-json\/wp\/v2\/pages"}],"about":[{"href":"https:\/\/elfsight.com\/pl\/wp-json\/wp\/v2\/types\/page"}],"author":[{"embeddable":true,"href":"https:\/\/elfsight.com\/pl\/wp-json\/wp\/v2\/users\/9"}],"replies":[{"embeddable":true,"href":"https:\/\/elfsight.com\/pl\/wp-json\/wp\/v2\/comments?post=4215"}],"version-history":[{"count":5,"href":"https:\/\/elfsight.com\/pl\/wp-json\/wp\/v2\/pages\/4215\/revisions"}],"predecessor-version":[{"id":10813,"href":"https:\/\/elfsight.com\/pl\/wp-json\/wp\/v2\/pages\/4215\/revisions\/10813"}],"up":[{"embeddable":true,"href":"https:\/\/elfsight.com\/pl\/wp-json\/wp\/v2\/pages\/2674"}],"wp:attachment":[{"href":"https:\/\/elfsight.com\/pl\/wp-json\/wp\/v2\/media?parent=4215"}],"curies":[{"name":"wp","href":"https:\/\/api.w.org\/{rel}","templated":true}]}}