{"id":4214,"date":"2024-05-03T06:28:32","date_gmt":"2024-05-03T06:28:32","guid":{"rendered":"https:\/\/elfsight.com\/pl\/?page_id=4214"},"modified":"2025-06-23T08:40:42","modified_gmt":"2025-06-23T08:40:42","slug":"webnode","status":"publish","type":"page","link":"https:\/\/elfsight.com\/pl\/audio-player-widget\/webnode\/","title":{"rendered":"Audio Player &#8211; Webnode"},"content":{"rendered":"<div class=\"application-platform-content-item-description application-platform-content-item\" id=\"description\" data-nav-section=\"description\"> <h2>Opis<\/h2> <p>Elfsight Music Player to nieskomplikowana wtyczka do witryn Webnode, kt\u00f3ra umo\u017cliwia strumieniowe przesy\u0142anie \u015bcie\u017cek audio bezpo\u015brednio do sieci strona. Wid\u017cet jest w pe\u0142ni konfigurowalny: mo\u017cesz dowolnie zmienia\u0107 jego po\u0142o\u017cenie, ustawia\u0107 go w dowolnym miejscu strony, skalowa\u0107 jego rozmiar, nak\u0142ada\u0107 na t\u0142o i inne elementy, aby dopasowa\u0107 je do stylu witryny, stosowa\u0107 ciemn\u0105 kolorystyk\u0119, wy\u015bwietla\u0107 obrazy i wy\u015bwietlaj lub ukrywaj cztery inne cz\u0119\u015bci gracza, takie jak pasek post\u0119pu, nag\u0142\u00f3wek i wiele innych. Prze\u015blij tyle utwor\u00f3w, ile chcesz zapewni\u0107 rozrywk\u0119 publiczno\u015bci, w\u0142\u0105cz autoodtwarzanie i miej pewno\u015b\u0107, \u017ce u\u017cytkownicy nie opuszcz\u0105 Twojej witryny natychmiast! <\/p> <p><b>Dzi\u0119ki wid\u017cetowi Elfsight Audio mo\u017cesz osi\u0105gn\u0105\u0107 zr\u00f3wnowa\u017cony rozw\u00f3j biznesu i zwi\u0119kszy\u0107 sprzeda\u017c <\/b><\/p> <\/div> <div class=\"application-platform-content-item-features application-platform-content-item\" id=\"features\" data-nav-section=\"features\"> <h2>Wid\u017cet ma praktyczne i \u0142atwe w obs\u0142udze funkcje, zobacz niekt\u00f3re z nich: <\/h2> <ul><li>R\u00f3\u017cne warianty kolorystyczne<\/li> <li>Motyw ciemnych\/jasnych kolor\u00f3w<\/li> <li>Responsywny projekt<\/li> <li>Dost\u0119pne dwa uk\u0142ady<\/li> <li>Mo\u017cliwo\u015b\u0107 do\u0142\u0105czenia obrazu t\u0142a<\/li> <\/ul><p><a href=\"#demo\">Mo\u017cesz zobaczy\u0107, jak dzia\u0142a widget, wypr\u00f3bowuj\u0105c wersj\u0119 demonstracyjn\u0105<\/a><\/p> <\/div> <div class=\"application-platform-content-item-installation application-platform-content-item\" id=\"installation\" data-nav-section=\"installation\"> <h2>Jak mog\u0119 doda\u0107 odtwarzacz audio do mojej witryny Webnode?<\/h2> <p>Wystarczy post\u0119powa\u0107 zgodnie z poni\u017cszymi wskaz\u00f3wkami, aby zintegrowa\u0107 wtyczk\u0119 muzyczn\u0105.<\/p> <ol><li><b>Zastosuj nasze bezp\u0142atne demo i zacznij tworzy\u0107 sw\u00f3j spersonalizowany instrument.<\/b><br> Okre\u015bl niestandardowy projekt i opcje wtyczki oraz zapisz modyfikacje.<\/li> <li><b>Odbierz Tw\u00f3j indywidualny kod pojawiaj\u0105cy si\u0119 w oknie aplikacji Elfsight.<\/b><br> Po zako\u0144czeniu generowania wtyczki skopiuj osobisty kod w wy\u015bwietlonym oknie i zapisz go do p\u00f3\u017aniejszego wykorzystania.<\/li> <li><b>Rozpocznij stosowanie odtwarzacza muzyki na stronie g\u0142\u00f3wnej Webnode.<\/b><br> Zaimplementuj kod, kt\u00f3ry ostatnio skopiowa\u0142e\u015b na swojej stronie g\u0142\u00f3wnej i zastosuj zmiany.<\/li> <li><b>Instalacja zako\u0144czy\u0142a si\u0119 pomy\u015blnie zosta\u0142o wykonane.<\/b><br> Odwied\u017a swoj\u0105 witryn\u0119, aby zobaczy\u0107, jak dzia\u0142a wtyczka.<\/li> <\/ol> <p>W przypadku pyta\u0144 lub kolizji z jakimikolwiek problemami, skontaktuj si\u0119 z naszym klientem obs\u0142uga. Nasi konsultanci ch\u0119tnie pomog\u0105 Ci we wszystkich problemach, jakie mo\u017cesz mie\u0107 z wtyczk\u0105. <\/p> <\/div>","protected":false},"excerpt":{"rendered":"","protected":false},"author":9,"featured_media":0,"parent":2674,"menu_order":0,"comment_status":"closed","ping_status":"closed","template":"templates\/template-application-platform.php","meta":{"publish_to_discourse":"","publish_post_category":"","wpdc_auto_publish_overridden":"","wpdc_topic_tags":"","wpdc_pin_topic":"","wpdc_pin_until":"","discourse_post_id":"","discourse_permalink":"","wpdc_publishing_response":"","wpdc_publishing_error":"","footnotes":""},"class_list":["post-4214","page","type-page","status-publish","hentry"],"yoast_head":"<!-- This site is optimized with the Yoast SEO plugin v25.3.1 - https:\/\/yoast.com\/wordpress\/plugins\/seo\/ -->\n<title>Elfsight Audio Player dla witryny Webnode (szybko i bezp\u0142atnie)<\/title>\n<meta name=\"description\" content=\"Dodaj narz\u0119dzie adaptacyjnego odtwarzacza audio na swojej stronie Webnode. Skorzystaj z \u0142atwej w zarz\u0105dzaniu wersji demonstracyjnej Elfsight i zbuduj w\u0142asn\u0105 wtyczk\u0119 w zaledwie 2 minuty.\" \/>\n<meta name=\"robots\" content=\"index, follow, max-snippet:-1, max-image-preview:large, max-video-preview:-1\" \/>\n<link rel=\"canonical\" href=\"https:\/\/elfsight.com\/pl\/audio-player-widget\/webnode\/\" \/>\n<meta property=\"og:locale\" content=\"pl_PL\" \/>\n<meta property=\"og:type\" content=\"article\" \/>\n<meta property=\"og:title\" content=\"Elfsight Audio Player dla witryny Webnode (szybko i bezp\u0142atnie)\" \/>\n<meta property=\"og:description\" content=\"Dodaj narz\u0119dzie adaptacyjnego odtwarzacza audio na swojej stronie Webnode. Skorzystaj z \u0142atwej w zarz\u0105dzaniu wersji demonstracyjnej Elfsight i zbuduj w\u0142asn\u0105 wtyczk\u0119 w zaledwie 2 minuty.\" \/>\n<meta property=\"og:url\" content=\"https:\/\/elfsight.com\/pl\/audio-player-widget\/webnode\/\" \/>\n<meta property=\"og:site_name\" content=\"Elfsight PL\" \/>\n<meta property=\"article:modified_time\" content=\"2025-06-23T08:40:42+00:00\" \/>\n<meta name=\"twitter:card\" content=\"summary_large_image\" \/>\n<meta name=\"twitter:label1\" content=\"Szacowany czas czytania\" \/>\n\t<meta name=\"twitter:data1\" content=\"2 minuty\" \/>\n<!-- \/ Yoast SEO plugin. -->","yoast_head_json":{"title":"Elfsight Audio Player dla witryny Webnode (szybko i bezp\u0142atnie)","description":"Dodaj narz\u0119dzie adaptacyjnego odtwarzacza audio na swojej stronie Webnode. Skorzystaj z \u0142atwej w zarz\u0105dzaniu wersji demonstracyjnej Elfsight i zbuduj w\u0142asn\u0105 wtyczk\u0119 w zaledwie 2 minuty.","robots":{"index":"index","follow":"follow","max-snippet":"max-snippet:-1","max-image-preview":"max-image-preview:large","max-video-preview":"max-video-preview:-1"},"canonical":"https:\/\/elfsight.com\/pl\/audio-player-widget\/webnode\/","og_locale":"pl_PL","og_type":"article","og_title":"Elfsight Audio Player dla witryny Webnode (szybko i bezp\u0142atnie)","og_description":"Dodaj narz\u0119dzie adaptacyjnego odtwarzacza audio na swojej stronie Webnode. Skorzystaj z \u0142atwej w zarz\u0105dzaniu wersji demonstracyjnej Elfsight i zbuduj w\u0142asn\u0105 wtyczk\u0119 w zaledwie 2 minuty.","og_url":"https:\/\/elfsight.com\/pl\/audio-player-widget\/webnode\/","og_site_name":"Elfsight PL","article_modified_time":"2025-06-23T08:40:42+00:00","twitter_card":"summary_large_image","twitter_misc":{"Szacowany czas czytania":"2 minuty"},"schema":{"@context":"https:\/\/schema.org","@graph":[{"@type":"WebPage","@id":"https:\/\/elfsight.com\/pl\/audio-player-widget\/webnode\/","url":"https:\/\/elfsight.com\/pl\/audio-player-widget\/webnode\/","name":"Elfsight Audio Player dla witryny Webnode (szybko i bezp\u0142atnie)","isPartOf":{"@id":"https:\/\/elfsight.com\/pl\/#website"},"datePublished":"2024-05-03T06:28:32+00:00","dateModified":"2025-06-23T08:40:42+00:00","description":"Dodaj narz\u0119dzie adaptacyjnego odtwarzacza audio na swojej stronie Webnode. Skorzystaj z \u0142atwej w zarz\u0105dzaniu wersji demonstracyjnej Elfsight i zbuduj w\u0142asn\u0105 wtyczk\u0119 w zaledwie 2 minuty.","breadcrumb":{"@id":"https:\/\/elfsight.com\/pl\/audio-player-widget\/webnode\/#breadcrumb"},"inLanguage":"pl-PL","potentialAction":[{"@type":"ReadAction","target":["https:\/\/elfsight.com\/pl\/audio-player-widget\/webnode\/"]}]},{"@type":"BreadcrumbList","@id":"https:\/\/elfsight.com\/pl\/audio-player-widget\/webnode\/#breadcrumb","itemListElement":[{"@type":"ListItem","position":1,"name":"Home","item":"https:\/\/elfsight.com\/pl\/"},{"@type":"ListItem","position":2,"name":"Audio Player","item":"https:\/\/elfsight.com\/pl\/audio-player-widget\/"},{"@type":"ListItem","position":3,"name":"Audio Player &#8211; Webnode"}]},{"@type":"WebSite","@id":"https:\/\/elfsight.com\/pl\/#website","url":"https:\/\/elfsight.com\/pl\/","name":"Elfsight PL","description":"Just another Elfsight Sites site","potentialAction":[{"@type":"SearchAction","target":{"@type":"EntryPoint","urlTemplate":"https:\/\/elfsight.com\/pl\/?s={search_term_string}"},"query-input":{"@type":"PropertyValueSpecification","valueRequired":true,"valueName":"search_term_string"}}],"inLanguage":"pl-PL"}]}},"meta_box":{"industry":"","seo_heading":"","heading":"","description":"","cta_heading":"","cta_description":"","application":"2673","h1":"Wid\u017cet odtwarzacza audio Webnode","h1_caption":"Dodawaj i prezentuj \u015bcie\u017cki audio bezpo\u015brednio na swojej stronie internetowej za pomoc\u0105 eleganckiego, konfigurowalnego odtwarzacza, bez wysi\u0142ku do swojej witryny Webnode.","application_category":[],"applications_title":"","applications_request_title":"","applications_request_button_text":"","hero_text":"","hero_video":"","hero_video_schema_markup":"","selling_points_title":"","selling_points_caption":"","selling_points":[],"selling_points_cta_text":"","features_title":"","features":"","ed_cta_examples_text":"","ed_cta_examples_hidden":"","ed_cta_demo_text":"","ed_cta_demo_hidden":"","why_caption":"","why_editor_title":"","why_editor_text":"","why_team_title":"","why_team_text":"","why_service_title":"","why_service_text":"","template_catalog_visible":"0","template_catalog_title":"","template_catalog_text":"","template_catalog_categories_visible":"","demo_title":"Utw\u00f3rz wid\u017cet odtwarzacza audio","demo_caption":"Skonfiguruj sw\u00f3j odtwarzacz audio i dodaj go do swojej witryny Webnode za darmo!","default_faq_hidden":"","app_template_category":[],"platform":"138","template_public_id":"","codecanyon_url":"","codecanyon_item_id":"","codecanyon_price":"","pricing_caption":"","pricing_elfsight_apps_hide_column":"","pricing_elfsight_apps_url":"","pricing_codecanyon_price_caption":"","integration_category":[],"integration_request_title":"","integration_request_cta":"","integration_platform":"","integrations":[],"platform_category":[],"video_schema_markup":"","price":"od 0 USD \/ miesi\u0105c","trial":"","benefits":[{"text":"Bezp\u0142atna us\u0142uga monta\u017cu"},{"text":"Do\u015bwiadczona obs\u0142uga klienta"},{"text":"14-dniowa gwarancja zwrotu pieni\u0119dzy"}],"button_url":"#demo","button_target_blank":"0","button_nofollow":"0","attributes":[{"name":"Instaluje"},{"name":"Czu\u0142y"},{"name":"Kompatybilne przegl\u0105darki"}],"tags":[],"tags_disable_links":"0","hide_more_platforms":"0","video_object":"","demo_hide_cta":"0","demo_hide_cloud_options":"0","pricing_title":"","pricing":[{"pricing_icon":"platform","pricing_title":"Elfsight Apps","pricing_title_caption":"Oprogramowanie wieloplatformowe, kt\u00f3re pasuje do ka\u017cdej witryny internetowej","pricing_price":"od 0 USD \/ miesi\u0105c","pricing_price_caption":"zacznij od bezp\u0142atnego planu","pricing_benefits":[{"text":"Nielimitowane domeny"},{"text":"Profesjonalna obs\u0142uga klienta"},{"text":"Bezp\u0142atne wsparcie przy instalacji"},{"text":"Specjalna oferta na wiele aplikacji"}],"pricing_button_text":"Dodaj do witryny","pricing_button_url":"#demo"}],"related_apps_title":"","related_apps_hidden":"0","author":"","image":[],"title":"","job":"","social_networks":[]},"_links":{"self":[{"href":"https:\/\/elfsight.com\/pl\/wp-json\/wp\/v2\/pages\/4214","targetHints":{"allow":["GET"]}}],"collection":[{"href":"https:\/\/elfsight.com\/pl\/wp-json\/wp\/v2\/pages"}],"about":[{"href":"https:\/\/elfsight.com\/pl\/wp-json\/wp\/v2\/types\/page"}],"author":[{"embeddable":true,"href":"https:\/\/elfsight.com\/pl\/wp-json\/wp\/v2\/users\/9"}],"replies":[{"embeddable":true,"href":"https:\/\/elfsight.com\/pl\/wp-json\/wp\/v2\/comments?post=4214"}],"version-history":[{"count":2,"href":"https:\/\/elfsight.com\/pl\/wp-json\/wp\/v2\/pages\/4214\/revisions"}],"predecessor-version":[{"id":10206,"href":"https:\/\/elfsight.com\/pl\/wp-json\/wp\/v2\/pages\/4214\/revisions\/10206"}],"up":[{"embeddable":true,"href":"https:\/\/elfsight.com\/pl\/wp-json\/wp\/v2\/pages\/2674"}],"wp:attachment":[{"href":"https:\/\/elfsight.com\/pl\/wp-json\/wp\/v2\/media?parent=4214"}],"curies":[{"name":"wp","href":"https:\/\/api.w.org\/{rel}","templated":true}]}}