{"id":4206,"date":"2024-05-03T06:28:28","date_gmt":"2024-05-03T06:28:28","guid":{"rendered":"https:\/\/elfsight.com\/pl\/?page_id=4206"},"modified":"2024-11-14T09:23:21","modified_gmt":"2024-11-14T09:23:21","slug":"bigcommerce","status":"publish","type":"page","link":"https:\/\/elfsight.com\/pl\/audio-player-widget\/bigcommerce\/","title":{"rendered":"Audio Player &#8211; BigCommerce"},"content":{"rendered":"<div class=\"application-platform-content-item-description application-platform-content-item\" id=\"description\" data-nav-section=\"description\"> <h2>Opis<\/h2> <p>Elfsight Music Player to prosta aplikacja dla witryn BigCommerce, kt\u00f3ra umo\u017cliwia odtwarzanie \u015bcie\u017cek audio bezpo\u015brednio w Internecie strona. Wid\u017cet jest niezwykle konfigurowalny: mo\u017cesz zmieni\u0107 jego po\u0142o\u017cenie, wstawi\u0107 go w dowolnym miejscu strony, skalowa\u0107 jego rozmiar, przemalowa\u0107 t\u0142o i inne elementy, aby dopasowa\u0107 je do stylu witryny, zastosowa\u0107 ciemny motyw, ods\u0142oni\u0107 ok\u0142adki i pokaza\u0107 lub ukry\u0107 czterech dodatkowych graczy elementy, na przyk\u0142ad pasek post\u0119pu, nag\u0142\u00f3wek i inne. Do\u0142\u0105cz tyle utwor\u00f3w, ile potrzebujesz, aby zapewni\u0107 rozrywk\u0119 odwiedzaj\u0105cym, w\u0142\u0105cz opcj\u0119 automatycznego odtwarzania i miej pewno\u015b\u0107, \u017ce Twoi odbiorcy nie opuszcz\u0105 Twojej witryny w po\u015bpiechu!<\/p><p><b>Dzi\u0119ki Elfsight Audio Player osi\u0105gnij szybciej rozw\u00f3j biznesu i lepsza sprzeda\u017c <\/b><\/p> <\/div><div class=\"application-platform-content-item-features application-platform-content-item\" id=\"features\" data-nav-section=\"features\"> <h2>Sprawd\u017a list\u0119 najbardziej przydatnych funkcji:<\/h2> <ul><li>R\u00f3\u017cne zmiany kolor\u00f3w <\/li> <li>Motyw ciemnego\/jasnego koloru<\/li> <li>Responsywny projekt<\/li> <li>Dost\u0119pne s\u0105 dwa uk\u0142ady<\/li> <li>Opcja u\u017cycia obrazu t\u0142a<\/li> <\/ul><p><a href=\"#demo\">Po prostu wypr\u00f3buj t\u0119 wersj\u0119 demonstracyjn\u0105, aby uzyska\u0107 pe\u0142ny obraz<\/a><\/p> <\/div> <div class=\"application-platform-content-item-installation application-platform-content-item\" id=\"installation\" data-nav-section=\"installation\"> <h2>Jak mog\u0119 osadzi\u0107 Odtwarzacz muzyki do mojej witryny BigCommerce?<\/h2> <div class=\"video-container\"><iframe width=\"720\" height=\"405\" src=\"https:\/\/www.youtube.com\/embed\/OheXTE8Ffbw\" frameborder=\"0\" allowfullscreen=\"\"><\/iframe><\/div><p>Wystarczy wykona\u0107 poni\u017csze wskaz\u00f3wki, aby rozpocz\u0105\u0107 prac\u0119 z wid\u017cetem audio.<\/p> <ol><li><b>Zarz\u0105dzaj naszym bezp\u0142atnym edytorze i zacznij tworzy\u0107 w\u0142asny widget. <\/b><br> Wybierz wybrany wygl\u0105d i dzia\u0142anie wid\u017cetu i zastosuj wszystkie poprawki. <\/li> <li><b>Zdob\u0105d\u017a osobisty kod pojawiaj\u0105cy si\u0119 w oknie aplikacji Elfsight. <\/b><br> Zaraz po zako\u0144czeniu konfiguracji osobistego wid\u017cetu skopiuj kod z wyskakuj\u0105cego okienka i zachowaj go do wykorzystania w przysz\u0142o\u015bci. <\/li> <li><b>Zacznij korzysta\u0107 z widgetu na stronie BigCommerce. <\/b><br> Zintegruj zapisany ostatnio kod ze swoj\u0105 stron\u0105 i zastosuj poprawki. <\/li> <li><b>Instalacja zosta\u0142a pomy\u015blnie zako\u0144czona. <\/b><br> Przejd\u017a do swojej witryny i sprawd\u017a dzia\u0142anie widgetu. <\/li><\/ol><p>Je\u015bli b\u0119dziesz mie\u0107 pytania lub napotkasz jakiekolwiek przeszkody, nie b\u00f3j si\u0119 napisa\u0107 do naszego zespo\u0142u wsparcia. Nasi ludzie pragn\u0105 rozwi\u0105za\u0107 wszystkie problemy, jakie mo\u017cesz mie\u0107 z wtyczk\u0105.<\/p> <\/div>","protected":false},"excerpt":{"rendered":"","protected":false},"author":9,"featured_media":0,"parent":2674,"menu_order":0,"comment_status":"closed","ping_status":"closed","template":"templates\/template-application-platform.php","meta":{"publish_to_discourse":"","publish_post_category":"","wpdc_auto_publish_overridden":"","wpdc_topic_tags":"","wpdc_pin_topic":"","wpdc_pin_until":"","discourse_post_id":"","discourse_permalink":"","wpdc_publishing_response":"","wpdc_publishing_error":"","footnotes":""},"class_list":["post-4206","page","type-page","status-publish","hentry"],"yoast_head":"<!-- This site is optimized with the Yoast SEO plugin v25.3.1 - https:\/\/yoast.com\/wordpress\/plugins\/seo\/ -->\n<title>Odtwarzacz audio \u2014 dodaj aplikacj\u0119 muzyczn\u0105 do witryny BigCommerce (szybko i bezp\u0142atnie)<\/title>\n<meta name=\"description\" content=\"Dodaj responsywn\u0105 aplikacj\u0119 odtwarzacza audio do swojej witryny BigCommerce. Zastosuj wygodne demo i w ci\u0105gu kilku minut stw\u00f3rz w\u0142asny wid\u017cet muzyczny.\" \/>\n<meta name=\"robots\" content=\"index, follow, max-snippet:-1, max-image-preview:large, max-video-preview:-1\" \/>\n<link rel=\"canonical\" href=\"https:\/\/elfsight.com\/pl\/audio-player-widget\/bigcommerce\/\" \/>\n<meta property=\"og:locale\" content=\"pl_PL\" \/>\n<meta property=\"og:type\" content=\"article\" \/>\n<meta property=\"og:title\" content=\"Odtwarzacz audio \u2014 dodaj aplikacj\u0119 muzyczn\u0105 do witryny BigCommerce (szybko i bezp\u0142atnie)\" \/>\n<meta property=\"og:description\" content=\"Dodaj responsywn\u0105 aplikacj\u0119 odtwarzacza audio do swojej witryny BigCommerce. Zastosuj wygodne demo i w ci\u0105gu kilku minut stw\u00f3rz w\u0142asny wid\u017cet muzyczny.\" \/>\n<meta property=\"og:url\" content=\"https:\/\/elfsight.com\/pl\/audio-player-widget\/bigcommerce\/\" \/>\n<meta property=\"og:site_name\" content=\"Elfsight PL\" \/>\n<meta property=\"article:modified_time\" content=\"2024-11-14T09:23:21+00:00\" \/>\n<meta name=\"twitter:card\" content=\"summary_large_image\" \/>\n<meta name=\"twitter:label1\" content=\"Szacowany czas czytania\" \/>\n\t<meta name=\"twitter:data1\" content=\"2 minuty\" \/>\n<!-- \/ Yoast SEO plugin. -->","yoast_head_json":{"title":"Odtwarzacz audio \u2014 dodaj aplikacj\u0119 muzyczn\u0105 do witryny BigCommerce (szybko i bezp\u0142atnie)","description":"Dodaj responsywn\u0105 aplikacj\u0119 odtwarzacza audio do swojej witryny BigCommerce. Zastosuj wygodne demo i w ci\u0105gu kilku minut stw\u00f3rz w\u0142asny wid\u017cet muzyczny.","robots":{"index":"index","follow":"follow","max-snippet":"max-snippet:-1","max-image-preview":"max-image-preview:large","max-video-preview":"max-video-preview:-1"},"canonical":"https:\/\/elfsight.com\/pl\/audio-player-widget\/bigcommerce\/","og_locale":"pl_PL","og_type":"article","og_title":"Odtwarzacz audio \u2014 dodaj aplikacj\u0119 muzyczn\u0105 do witryny BigCommerce (szybko i bezp\u0142atnie)","og_description":"Dodaj responsywn\u0105 aplikacj\u0119 odtwarzacza audio do swojej witryny BigCommerce. Zastosuj wygodne demo i w ci\u0105gu kilku minut stw\u00f3rz w\u0142asny wid\u017cet muzyczny.","og_url":"https:\/\/elfsight.com\/pl\/audio-player-widget\/bigcommerce\/","og_site_name":"Elfsight PL","article_modified_time":"2024-11-14T09:23:21+00:00","twitter_card":"summary_large_image","twitter_misc":{"Szacowany czas czytania":"2 minuty"},"schema":{"@context":"https:\/\/schema.org","@graph":[{"@type":"WebPage","@id":"https:\/\/elfsight.com\/pl\/audio-player-widget\/bigcommerce\/","url":"https:\/\/elfsight.com\/pl\/audio-player-widget\/bigcommerce\/","name":"Odtwarzacz audio \u2014 dodaj aplikacj\u0119 muzyczn\u0105 do witryny BigCommerce (szybko i bezp\u0142atnie)","isPartOf":{"@id":"https:\/\/elfsight.com\/pl\/#website"},"datePublished":"2024-05-03T06:28:28+00:00","dateModified":"2024-11-14T09:23:21+00:00","description":"Dodaj responsywn\u0105 aplikacj\u0119 odtwarzacza audio do swojej witryny BigCommerce. Zastosuj wygodne demo i w ci\u0105gu kilku minut stw\u00f3rz w\u0142asny wid\u017cet muzyczny.","breadcrumb":{"@id":"https:\/\/elfsight.com\/pl\/audio-player-widget\/bigcommerce\/#breadcrumb"},"inLanguage":"pl-PL","potentialAction":[{"@type":"ReadAction","target":["https:\/\/elfsight.com\/pl\/audio-player-widget\/bigcommerce\/"]}]},{"@type":"BreadcrumbList","@id":"https:\/\/elfsight.com\/pl\/audio-player-widget\/bigcommerce\/#breadcrumb","itemListElement":[{"@type":"ListItem","position":1,"name":"Home","item":"https:\/\/elfsight.com\/pl\/"},{"@type":"ListItem","position":2,"name":"Audio Player","item":"https:\/\/elfsight.com\/pl\/audio-player-widget\/"},{"@type":"ListItem","position":3,"name":"Audio Player &#8211; BigCommerce"}]},{"@type":"WebSite","@id":"https:\/\/elfsight.com\/pl\/#website","url":"https:\/\/elfsight.com\/pl\/","name":"Elfsight PL","description":"Just another Elfsight Sites site","potentialAction":[{"@type":"SearchAction","target":{"@type":"EntryPoint","urlTemplate":"https:\/\/elfsight.com\/pl\/?s={search_term_string}"},"query-input":{"@type":"PropertyValueSpecification","valueRequired":true,"valueName":"search_term_string"}}],"inLanguage":"pl-PL"}]}},"meta_box":{"industry":"","seo_heading":"","heading":"","description":"","cta_heading":"","cta_description":"","application":"2673","h1":"Aplikacja odtwarzacza audio BigCommerce","h1_caption":"Dodawaj i prezentuj \u015bcie\u017cki audio bezpo\u015brednio na swojej stronie internetowej za pomoc\u0105 eleganckiego, konfigurowalnego odtwarzacza, bez wysi\u0142ku umieszczaj\u0105c je na swojej stronie BigCommerce.","application_category":[],"applications_title":"","applications_request_title":"","applications_request_button_text":"","hero_text":"","hero_video":"","hero_video_schema_markup":"","selling_points_title":"","selling_points_caption":"","selling_points":[],"selling_points_cta_text":"","features_title":"","features":"","ed_cta_examples_text":"","ed_cta_examples_hidden":"","ed_cta_demo_text":"","ed_cta_demo_hidden":"","why_caption":"","why_editor_title":"","why_editor_text":"","why_team_title":"","why_team_text":"","why_service_title":"","why_service_text":"","template_catalog_visible":"","template_catalog_title":"","template_catalog_text":"","template_catalog_categories_visible":"","demo_title":"Utw\u00f3rz aplikacj\u0119 odtwarzacza audio","demo_caption":"Skonfiguruj sw\u00f3j odtwarzacz audio i dodaj go do swojej witryny BigCommerce za darmo!","default_faq_hidden":"","app_template_category":[],"platform":"41","template_public_id":"","codecanyon_url":"","codecanyon_item_id":"","codecanyon_price":"","pricing_caption":"","pricing_elfsight_apps_hide_column":"","pricing_elfsight_apps_url":"","pricing_codecanyon_price_caption":"","integration_category":[],"integration_request_title":"","integration_request_cta":"","integration_platform":"","integrations":[],"platform_category":[],"video_schema_markup":"","price":"od 0 USD \/ miesi\u0105c","trial":"","benefits":[{"text":"Bezp\u0142atna pomoc w instalacji"},{"text":"Do\u015bwiadczona obs\u0142uga klienta"},{"text":"14-dniowa gwarancja zwrotu pieni\u0119dzy"}],"button_url":"#demo","button_target_blank":"","button_nofollow":"","attributes":[{"name":"Instaluje"},{"name":"Czu\u0142y"},{"name":"Kompatybilne przegl\u0105darki"}],"tags":[],"tags_disable_links":"","hide_more_platforms":"","video_object":"","demo_hide_cta":"","demo_hide_cloud_options":"","pricing_title":"","pricing":[{"pricing_icon":"platform","pricing_title":"Elfsight Apps","pricing_title_caption":"Wersja wieloplatformowa, kt\u00f3ra dzia\u0142a na ka\u017cdej stronie","pricing_price":"od 0 USD \/ miesi\u0105c","pricing_price_caption":"zacznij od bezp\u0142atnego planu","pricing_benefits":[{"text":"Nielimitowane strony internetowe"},{"text":"Szybka obs\u0142uga klienta i dobrze udokumentowana"},{"text":"Bezp\u0142atne wsparcie przy instalacji"},{"text":"W pe\u0142ni konfigurowalny"}],"pricing_button_text":"Dodaj do witryny","pricing_button_url":"#demo"}],"related_apps_title":"","related_apps_hidden":"","author":"","image":[],"title":"","job":"","social_networks":[]},"_links":{"self":[{"href":"https:\/\/elfsight.com\/pl\/wp-json\/wp\/v2\/pages\/4206","targetHints":{"allow":["GET"]}}],"collection":[{"href":"https:\/\/elfsight.com\/pl\/wp-json\/wp\/v2\/pages"}],"about":[{"href":"https:\/\/elfsight.com\/pl\/wp-json\/wp\/v2\/types\/page"}],"author":[{"embeddable":true,"href":"https:\/\/elfsight.com\/pl\/wp-json\/wp\/v2\/users\/9"}],"replies":[{"embeddable":true,"href":"https:\/\/elfsight.com\/pl\/wp-json\/wp\/v2\/comments?post=4206"}],"version-history":[{"count":2,"href":"https:\/\/elfsight.com\/pl\/wp-json\/wp\/v2\/pages\/4206\/revisions"}],"predecessor-version":[{"id":7648,"href":"https:\/\/elfsight.com\/pl\/wp-json\/wp\/v2\/pages\/4206\/revisions\/7648"}],"up":[{"embeddable":true,"href":"https:\/\/elfsight.com\/pl\/wp-json\/wp\/v2\/pages\/2674"}],"wp:attachment":[{"href":"https:\/\/elfsight.com\/pl\/wp-json\/wp\/v2\/media?parent=4206"}],"curies":[{"name":"wp","href":"https:\/\/api.w.org\/{rel}","templated":true}]}}