{"id":4205,"date":"2024-05-03T06:28:27","date_gmt":"2024-05-03T06:28:27","guid":{"rendered":"https:\/\/elfsight.com\/pl\/?page_id=4205"},"modified":"2025-06-23T08:44:59","modified_gmt":"2025-06-23T08:44:59","slug":"wordpress","status":"publish","type":"page","link":"https:\/\/elfsight.com\/pl\/audio-player-widget\/wordpress\/","title":{"rendered":"Audio Player &#8211; WordPress"},"content":{"rendered":"<div class=\"application-platform-content-item-description application-platform-content-item\" id=\"description\" data-nav-section=\"description\">\n<h2>Osad\u017a odtwarzacz audio w WordPress za pomoc\u0105 wid\u017cetu Elfsight<\/h2>\n<p>Elfsight Music Player to najlepsza wtyczka do WordPressa umo\u017cliwiaj\u0105ca odtwarzanie \u015bcie\u017cki audio bezpo\u015brednio na stronach Twojej witryny. Narz\u0119dzie jest w pe\u0142ni konfigurowalne: mo\u017cesz zmienia\u0107 jego po\u0142o\u017cenie, ustawia\u0107 w dowolnym miejscu strony, skalowa\u0107 jego rozmiar, zmienia\u0107 kolor t\u0142a i wszystkich innych element\u00f3w, aby dopasowa\u0107 je do stylu Twojej witryny, stosowa\u0107 ciemn\u0105 kolorystyk\u0119, ujawnia\u0107 obrazy i wy\u015bwietl lub ukryj 4 dodatkowe cz\u0119\u015bci gracza, takie jak pasek post\u0119pu, nag\u0142\u00f3wek i inne. Dodaj tyle utwor\u00f3w, ile chcesz, aby zachwyci\u0107 odbiorc\u00f3w, w\u0142\u0105cz automatyczne odtwarzanie i miej pewno\u015b\u0107, \u017ce odwiedzaj\u0105cy nie opuszcz\u0105 Twojej strony g\u0142\u00f3wnej natychmiast!<\/p>\n<p>Dzi\u0119ki wtyczce Elfsight Audio rozpocznij szybszy rozw\u00f3j biznesu i zwi\u0119ksz sprzeda\u017c.<\/p>\n<div class=\"faq\" data-component=\"FAQ\">\n    <div class=\"faq-item\">\r\n\t\t\t\t\t<div class=\"faq-item-question\">\r\n\t\t\t\t\t\t<h3 class=\"faq-item-question-text\">Czy s\u0105 jakie\u015b inne narz\u0119dzia dla WordPressa, kt\u00f3re mog\u0119 umie\u015bci\u0107 na mojej stronie internetowej?<\/h3>\r\n\r\n\t\t\t\t\t\t<div class=\"faq-item-question-icon\"><\/div>\r\n\t\t\t\t\t<\/div>\r\n\r\n\t\t\t\t\t<div class=\"faq-item-answer\">\r\n\t\t\t\t\t\t<div class=\"faq-item-answer-text\">\n    <p>Mamy do zaoferowania ogromn\u0105 r\u00f3\u017cnorodno\u015b\u0107 r\u00f3\u017cnych narz\u0119dzi, aby osi\u0105gn\u0105\u0107 dowolny cel na swojej stronie internetowej. Przekonaj si\u0119 sam: <a href=\"https:\/\/elfsight.com\/whatsapp-chat-widget\/wordpress\/\">Czat WhatsApp<\/a>, <a href=\"https:\/\/elfsight.com\/facebook-chat-widget\/wordpress\/\">Czat na Facebooku<\/a>, <a href=\"https:\/\/elfsight.com\/google-reviews-widget\/wordpress\/\">Opinie Google<\/a>, <a href=\"https:\/\/elfsight.com\/testimonials-slider-widget\/wordpress\/\">Suwak opinii<\/a>, <a href=\"https:\/\/elfsight.com\/youtube-channel-plugin-yottie\/wordpress\/\">YouTube Kana\u0142<\/a>. Wybierz swoje narz\u0119dzie lub dodaj je wszystkie do swojej witryny &#8211; wyb\u00f3r nale\u017cy do Ciebie! <\/p>\n    <\/div>\r\n\t\t\t\t\t<\/div>\r\n\t\t\t\t<\/div>\n    <div class=\"faq-item\">\r\n\t\t\t\t\t<div class=\"faq-item-question\">\r\n\t\t\t\t\t\t<h3 class=\"faq-item-question-text\">W jaki spos\u00f3b mog\u0119 osadzi\u0107 wtyczk\u0119 Music Player w mojej witrynie WordPress?<\/h3>\r\n\r\n\t\t\t\t\t\t<div class=\"faq-item-question-icon\"><\/div>\r\n\t\t\t\t\t<\/div>\r\n\r\n\t\t\t\t\t<div class=\"faq-item-answer\">\r\n\t\t\t\t\t\t<div class=\"faq-item-answer-text\">\n    <p>Mo\u017cesz \u0142atwo doda\u0107 wtyczk\u0119 Music Player do swojej witryny WordPress. Po prostu przejd\u017a do panelu administracyjnego i wykonaj nast\u0119puj\u0105ce kroki: <\/p>\n    <ol>\n        <li>Wybierz ustawienia motywu. <\/li>\n        <li>Wybierz cz\u0119\u015b\u0107, w kt\u00f3rej chcesz doda\u0107 wtyczk\u0119 WordPress. <\/li>\n        <li>Wklej sw\u00f3j kod z us\u0142ugi Elfsight Apps i zastosuj zmiany. <\/li>\n        <li>To proste. <\/li>\n    <\/ol>\n    <p>Mo\u017cesz te\u017c sprawdzi\u0107 <a href=\"https:\/\/elfsight.com\/tutorials\/how-to-embed-audio-player-on-any-website\/#how-to-add-music%20player-to-wordpress\">ten przewodnik<\/a>, je\u015bli pozosta\u0142y jeszcze jakie\u015b pytania dotycz\u0105ce dzia\u0142ania naszego wid\u017cetu WordPress.<\/p>\n    <\/div>\r\n\t\t\t\t\t<\/div>\r\n\t\t\t\t<\/div>\n    <div class=\"faq-item\">\r\n\t\t\t\t\t<div class=\"faq-item-question\">\r\n\t\t\t\t\t\t<h3 class=\"faq-item-question-text\">Czy mog\u0119 przetestowa\u0107 korzystasz z aplikacji WordPress Music Player?<\/h3>\r\n\r\n\t\t\t\t\t\t<div class=\"faq-item-question-icon\"><\/div>\r\n\t\t\t\t\t<\/div>\r\n\r\n\t\t\t\t\t<div class=\"faq-item-answer\">\r\n\t\t\t\t\t\t<div class=\"faq-item-answer-text\">\n    <p>Mo\u017cesz nie tylko u\u017cywa\u0107, ale tak\u017ce doda\u0107 odtwarzacz muzyczny do swojej witryny WordPress, a wszystko to za pomoc\u0105 naszej wersji demonstracyjnej na \u017cywo! Sprawd\u017a to <a href=\"https:\/\/elfsight.com\/audio-player-widget\/#demo\">tutaj<\/a>.<\/p>\n    <\/div>\r\n\t\t\t\t\t<\/div>\r\n\t\t\t\t<\/div>\n<\/div>\n<\/div>\n\n<div class=\"application-platform-content-item-features application-platform-content-item\" id=\"features\" data-nav-section=\"features\">\n<h2>Wtyczka zawiera przydatne i proste funkcje, oto niekt\u00f3re z nich:<\/h2>\n<ul>\n    <li>Liczne zmiany kolor\u00f3w<\/li>\n    <li>Motyw ciemnych\/jasnych kolor\u00f3w<\/li>\n    <li>Projekt responsywny<\/li>\n    <li>Dost\u0119pne s\u0105 dwa uk\u0142ady<\/li>\n    <li>Mo\u017cliwo\u015b\u0107 u\u017cycia obrazu t\u0142a<\/li>\n<\/ul>\n<p><a href=\"#demo\">Wystarczy spr\u00f3bowa\u0107 to demo, aby uzyska\u0107 pe\u0142ny obraz<\/a><\/p>\n<\/div>\n\n<div class=\"application-platform-content-item-installation application-platform-content-item\" id=\"installation\" data-nav-section=\"installation\">\n<h2>Jak doda\u0107 odtwarzacz audio do mojej witryny WordPress?<\/h2>\n<div><iframe width=\"720\" height=\"405\" src=\"https:\/\/www.youtube.com\/embed\/_BP9Fh7-wOg\" frameborder=\"0\" allowfullscreen=\"\"><\/iframe><\/div>\n<p>Wystarczy wykona\u0107 kilka krok\u00f3w opisanych poni\u017cej, aby rozpocz\u0105\u0107 prac\u0119 z wtyczk\u0105 odtwarzacza muzyki.<\/p>\n<ol>\n    <li>Uruchom nasz darmowy edytor i zacznij tworzy\u0107 swoj\u0105 unikaln\u0105 wtyczk\u0119.\n        <br>Znajd\u017a preferowany uk\u0142ad i aspekty wtyczki i zapisz wszystkie modyfikacje. <\/li>\n    <li>Zdob\u0105d\u017a sw\u00f3j osobisty kod pokazany w specjalnym formularzu w aplikacjach Elfsight.\n        <br>Po zako\u0144czeniu konfiguracji wtyczki skopiuj indywidualny kod z wy\u015bwietlonego wyskakuj\u0105cego okienka i zachowaj go na p\u00f3\u017aniej. <\/li>\n    <li>Rozpocznij korzystanie z wtyczki w witrynie WordPress.\n        <br>Dodaj skopiowany wcze\u015bniej kod na swoj\u0105 stron\u0119 i zapisz poprawki. <\/li>\n    <li>Gotowe! Osadzanie zosta\u0142o w pe\u0142ni zako\u0144czone.\n        <br>Odwied\u017a swoj\u0105 stron\u0119 internetow\u0105, aby zobaczy\u0107 w dzia\u0142aniu dzia\u0142anie wtyczki. <\/li>\n<\/ol>\n<p>Je\u015bli masz pytania lub napotkasz jakiekolwiek przeszkody, nie wahaj si\u0119 skontaktowa\u0107 z naszym personelem pomocniczym. Nasi specjali\u015bci z przyjemno\u015bci\u0105 rozwi\u0105\u017c\u0105 wszystkie problemy, jakie mo\u017cesz mie\u0107 z produktem. <\/p>\n<\/div>\n\n<div class=\"faq\" data-component=\"FAQ\">\n    <div class=\"faq-item\">\r\n\t\t\t\t\t<div class=\"faq-item-question\">\r\n\t\t\t\t\t\t<h3 class=\"faq-item-question-text\">Najlepsze sposoby wykorzystania integracji odtwarzacza audio<\/h3>\r\n\r\n\t\t\t\t\t\t<div class=\"faq-item-question-icon\"><\/div>\r\n\t\t\t\t\t<\/div>\r\n\r\n\t\t\t\t\t<div class=\"faq-item-answer\">\r\n\t\t\t\t\t\t<div class=\"faq-item-answer-text\">\n    <p>Zapewniamy wiele opcji dostosowywania: pe\u0142nowymiarowe wid\u017cety dla dodawanie do sekcji tre\u015bci, p\u0142ywaj\u0105ce wtyczki umo\u017cliwiaj\u0105ce przewijanie, miniatury stopki witryny, nag\u0142\u00f3wka i wszelkiego rodzaju pionowe mo\u017cliwo\u015bci pask\u00f3w bocznych i menu. <\/p>\n    <\/div>\r\n\t\t\t\t\t<\/div>\r\n\t\t\t\t<\/div>\n    <div class=\"faq-item\">\r\n\t\t\t\t\t<div class=\"faq-item-question\">\r\n\t\t\t\t\t\t<h3 class=\"faq-item-question-text\">Czy mog\u0119 zbudowa\u0107 nowy album lub odtwarzacz pojedynczych utwor\u00f3w za pomoc\u0105 edytora?<\/h3>\r\n\r\n\t\t\t\t\t\t<div class=\"faq-item-question-icon\"><\/div>\r\n\t\t\t\t\t<\/div>\r\n\r\n\t\t\t\t\t<div class=\"faq-item-answer\">\r\n\t\t\t\t\t\t<div class=\"faq-item-answer-text\">\n    <p>Mo\u017cesz stworzy\u0107 dowolne modyfikacje wid\u017cetu. W edytorze dost\u0119pna jest szeroka gama uk\u0142ad\u00f3w, a ka\u017cdy z nich mo\u017cna \u0142atwo dostosowa\u0107 do w\u0142asnych potrzeb. <\/p>\n    <\/div>\r\n\t\t\t\t\t<\/div>\r\n\t\t\t\t<\/div>\n<\/div>","protected":false},"excerpt":{"rendered":"","protected":false},"author":9,"featured_media":0,"parent":2674,"menu_order":0,"comment_status":"closed","ping_status":"closed","template":"templates\/template-application-platform.php","meta":{"publish_to_discourse":"","publish_post_category":"","wpdc_auto_publish_overridden":"","wpdc_topic_tags":"","wpdc_pin_topic":"","wpdc_pin_until":"","discourse_post_id":"","discourse_permalink":"","wpdc_publishing_response":"","wpdc_publishing_error":"","footnotes":""},"class_list":["post-4205","page","type-page","status-publish","hentry"],"yoast_head":"<!-- This site is optimized with the Yoast SEO plugin v25.3.1 - https:\/\/yoast.com\/wordpress\/plugins\/seo\/ -->\n<title>Odtwarzacz audio \u2014 dodaj aplikacj\u0119 Muzyka do witryny WordPress (szybko i bezp\u0142atnie)<\/title>\n<meta name=\"description\" content=\"Dodaj elastyczny widget odtwarzacza muzyki do swojej witryny WordPress. Zastosuj nasze wygodne demo i utw\u00f3rz spersonalizowan\u0105 wtyczk\u0119 w zaledwie 2 minuty.\" \/>\n<meta name=\"robots\" content=\"index, follow, max-snippet:-1, max-image-preview:large, max-video-preview:-1\" \/>\n<link rel=\"canonical\" href=\"https:\/\/elfsight.com\/pl\/audio-player-widget\/wordpress\/\" \/>\n<meta property=\"og:locale\" content=\"pl_PL\" \/>\n<meta property=\"og:type\" content=\"article\" \/>\n<meta property=\"og:title\" content=\"Odtwarzacz audio \u2014 dodaj aplikacj\u0119 Muzyka do witryny WordPress (szybko i bezp\u0142atnie)\" \/>\n<meta property=\"og:description\" content=\"Dodaj elastyczny widget odtwarzacza muzyki do swojej witryny WordPress. Zastosuj nasze wygodne demo i utw\u00f3rz spersonalizowan\u0105 wtyczk\u0119 w zaledwie 2 minuty.\" \/>\n<meta property=\"og:url\" content=\"https:\/\/elfsight.com\/pl\/audio-player-widget\/wordpress\/\" \/>\n<meta property=\"og:site_name\" content=\"Elfsight PL\" \/>\n<meta property=\"article:modified_time\" content=\"2025-06-23T08:44:59+00:00\" \/>\n<meta name=\"twitter:card\" content=\"summary_large_image\" \/>\n<meta name=\"twitter:label1\" content=\"Szacowany czas czytania\" \/>\n\t<meta name=\"twitter:data1\" content=\"4 minuty\" \/>\n<!-- \/ Yoast SEO plugin. -->","yoast_head_json":{"title":"Odtwarzacz audio \u2014 dodaj aplikacj\u0119 Muzyka do witryny WordPress (szybko i bezp\u0142atnie)","description":"Dodaj elastyczny widget odtwarzacza muzyki do swojej witryny WordPress. Zastosuj nasze wygodne demo i utw\u00f3rz spersonalizowan\u0105 wtyczk\u0119 w zaledwie 2 minuty.","robots":{"index":"index","follow":"follow","max-snippet":"max-snippet:-1","max-image-preview":"max-image-preview:large","max-video-preview":"max-video-preview:-1"},"canonical":"https:\/\/elfsight.com\/pl\/audio-player-widget\/wordpress\/","og_locale":"pl_PL","og_type":"article","og_title":"Odtwarzacz audio \u2014 dodaj aplikacj\u0119 Muzyka do witryny WordPress (szybko i bezp\u0142atnie)","og_description":"Dodaj elastyczny widget odtwarzacza muzyki do swojej witryny WordPress. Zastosuj nasze wygodne demo i utw\u00f3rz spersonalizowan\u0105 wtyczk\u0119 w zaledwie 2 minuty.","og_url":"https:\/\/elfsight.com\/pl\/audio-player-widget\/wordpress\/","og_site_name":"Elfsight PL","article_modified_time":"2025-06-23T08:44:59+00:00","twitter_card":"summary_large_image","twitter_misc":{"Szacowany czas czytania":"4 minuty"},"schema":{"@context":"https:\/\/schema.org","@graph":[{"@type":"WebPage","@id":"https:\/\/elfsight.com\/pl\/audio-player-widget\/wordpress\/","url":"https:\/\/elfsight.com\/pl\/audio-player-widget\/wordpress\/","name":"Odtwarzacz audio \u2014 dodaj aplikacj\u0119 Muzyka do witryny WordPress (szybko i bezp\u0142atnie)","isPartOf":{"@id":"https:\/\/elfsight.com\/pl\/#website"},"datePublished":"2024-05-03T06:28:27+00:00","dateModified":"2025-06-23T08:44:59+00:00","description":"Dodaj elastyczny widget odtwarzacza muzyki do swojej witryny WordPress. Zastosuj nasze wygodne demo i utw\u00f3rz spersonalizowan\u0105 wtyczk\u0119 w zaledwie 2 minuty.","breadcrumb":{"@id":"https:\/\/elfsight.com\/pl\/audio-player-widget\/wordpress\/#breadcrumb"},"inLanguage":"pl-PL","potentialAction":[{"@type":"ReadAction","target":["https:\/\/elfsight.com\/pl\/audio-player-widget\/wordpress\/"]}]},{"@type":"BreadcrumbList","@id":"https:\/\/elfsight.com\/pl\/audio-player-widget\/wordpress\/#breadcrumb","itemListElement":[{"@type":"ListItem","position":1,"name":"Home","item":"https:\/\/elfsight.com\/pl\/"},{"@type":"ListItem","position":2,"name":"Audio Player","item":"https:\/\/elfsight.com\/pl\/audio-player-widget\/"},{"@type":"ListItem","position":3,"name":"Audio Player &#8211; WordPress"}]},{"@type":"WebSite","@id":"https:\/\/elfsight.com\/pl\/#website","url":"https:\/\/elfsight.com\/pl\/","name":"Elfsight PL","description":"Just another Elfsight Sites site","potentialAction":[{"@type":"SearchAction","target":{"@type":"EntryPoint","urlTemplate":"https:\/\/elfsight.com\/pl\/?s={search_term_string}"},"query-input":{"@type":"PropertyValueSpecification","valueRequired":true,"valueName":"search_term_string"}}],"inLanguage":"pl-PL"}]}},"meta_box":{"industry":"","seo_heading":"","heading":"","description":"","cta_heading":"","cta_description":"","application":"2673","h1":"Wtyczka WordPress Audio Player","h1_caption":"Dodawaj i prezentuj \u015bcie\u017cki audio bezpo\u015brednio na swojej stronie internetowej za pomoc\u0105 eleganckiego, konfigurowalnego odtwarzacza, bez wysi\u0142ku do swojej witryny WordPress.","application_category":[],"applications_title":"","applications_request_title":"","applications_request_button_text":"","hero_text":"","hero_video":"","hero_video_schema_markup":"","selling_points_title":"","selling_points_caption":"","selling_points":[],"selling_points_cta_text":"","features_title":"","features":"","ed_cta_examples_text":"","ed_cta_examples_hidden":"","ed_cta_demo_text":"","ed_cta_demo_hidden":"","why_caption":"","why_editor_title":"","why_editor_text":"","why_team_title":"","why_team_text":"","why_service_title":"","why_service_text":"","template_catalog_visible":"0","template_catalog_title":"","template_catalog_text":"","template_catalog_categories_visible":"","demo_title":"Utw\u00f3rz wtyczk\u0119 odtwarzacza audio","demo_caption":"Skonfiguruj sw\u00f3j odtwarzacz audio i dodaj go do swojej witryny WordPress za darmo!","default_faq_hidden":"","app_template_category":[],"platform":"31","template_public_id":"","codecanyon_url":"","codecanyon_item_id":"","codecanyon_price":"","pricing_caption":"","pricing_elfsight_apps_hide_column":"","pricing_elfsight_apps_url":"","pricing_codecanyon_price_caption":"","integration_category":[],"integration_request_title":"","integration_request_cta":"","integration_platform":"","integrations":[],"platform_category":[],"video_schema_markup":"","price":"od 0 USD \/ miesi\u0105c","trial":"","benefits":[{"text":"Bezp\u0142atna us\u0142uga monta\u017cu"},{"text":"Wyj\u0105tkowe wsparcie"},{"text":"14-dniowa gwarancja zwrotu pieni\u0119dzy"}],"button_url":"#demo","button_target_blank":"0","button_nofollow":"0","attributes":[{"name":"Instaluje"},{"name":"Czu\u0142y"},{"name":"Kompatybilne przegl\u0105darki"}],"tags":[],"tags_disable_links":"0","hide_more_platforms":"0","video_object":"","demo_hide_cta":"0","demo_hide_cloud_options":"0","pricing_title":"","pricing":[{"pricing_icon":"platform","pricing_title":"Elfsight Apps","pricing_title_caption":"Oprogramowanie wieloplatformowe","pricing_price":"od 0 USD \/ miesi\u0105c","pricing_price_caption":"zacznij od bezp\u0142atnego planu","pricing_benefits":[{"text":"Nielimitowane domeny"},{"text":"Ca\u0142odobowe i terminowe wsparcie"},{"text":"Oferta ograniczona czasowo dla wielu aplikacji"},{"text":"Oferta specjalna na wiele aplikacji"}],"pricing_button_text":"Dodaj do witryny","pricing_button_url":"#demo"}],"related_apps_title":"","related_apps_hidden":"0","author":"","image":[],"title":"","job":"","social_networks":[]},"_links":{"self":[{"href":"https:\/\/elfsight.com\/pl\/wp-json\/wp\/v2\/pages\/4205","targetHints":{"allow":["GET"]}}],"collection":[{"href":"https:\/\/elfsight.com\/pl\/wp-json\/wp\/v2\/pages"}],"about":[{"href":"https:\/\/elfsight.com\/pl\/wp-json\/wp\/v2\/types\/page"}],"author":[{"embeddable":true,"href":"https:\/\/elfsight.com\/pl\/wp-json\/wp\/v2\/users\/9"}],"replies":[{"embeddable":true,"href":"https:\/\/elfsight.com\/pl\/wp-json\/wp\/v2\/comments?post=4205"}],"version-history":[{"count":3,"href":"https:\/\/elfsight.com\/pl\/wp-json\/wp\/v2\/pages\/4205\/revisions"}],"predecessor-version":[{"id":10209,"href":"https:\/\/elfsight.com\/pl\/wp-json\/wp\/v2\/pages\/4205\/revisions\/10209"}],"up":[{"embeddable":true,"href":"https:\/\/elfsight.com\/pl\/wp-json\/wp\/v2\/pages\/2674"}],"wp:attachment":[{"href":"https:\/\/elfsight.com\/pl\/wp-json\/wp\/v2\/media?parent=4205"}],"curies":[{"name":"wp","href":"https:\/\/api.w.org\/{rel}","templated":true}]}}