{"id":4200,"date":"2024-05-03T06:28:26","date_gmt":"2024-05-03T06:28:26","guid":{"rendered":"https:\/\/elfsight.com\/pl\/?page_id=4200"},"modified":"2024-11-14T09:03:03","modified_gmt":"2024-11-14T09:03:03","slug":"woocommerce","status":"publish","type":"page","link":"https:\/\/elfsight.com\/pl\/audio-player-widget\/woocommerce\/","title":{"rendered":"Audio Player &#8211; WooCommerce"},"content":{"rendered":"<div class=\"application-platform-content-item-description application-platform-content-item\" id=\"description\" data-nav-section=\"description\"><h2>Opis<\/h2><p>Elfsight Audio Player to prosta wtyczka do WooCommerce, kt\u00f3ra umo\u017cliwia odtwarzanie \u015bcie\u017cek audio bezpo\u015brednio na Twojej stronie internetowej. Widget jest niezwykle modyfikowalny: mo\u017cesz zmieni\u0107 jego po\u0142o\u017cenie, ustawi\u0107 go w dowolnym miejscu na stronie, zmieni\u0107 jego rozmiar, ponownie pokolorowa\u0107 t\u0142o i wszystkie inne cz\u0119\u015bci, aby dopasowa\u0107 je do stylu Twojej witryny, u\u017cy\u0107 ciemnego motywu, wy\u015bwietli\u0107 obrazy i zademonstrowa\u0107 lub ukry\u0107 cztery inne elementy odtwarzacza, takie jak pasek post\u0119pu, tytu\u0142 i inne. Do\u0142\u0105cz tyle utwor\u00f3w, ile chcesz zabawi\u0107 odbiorc\u00f3w, w\u0142\u0105cz autoodtwarzanie i nie wahaj si\u0119 \u2013 Twoi u\u017cytkownicy nie opuszcz\u0105 Twojej strony natychmiast!<\/p>.<p><b>Zwi\u0119ksz efektywno\u015b\u0107 swojej witryny cele e-commerce z Elfsight Audio Player<\/b><\/p><div class=\"faq\" data-component=\"FAQ\"> <div class=\"faq-item\">\r\n\t\t\t\t\t<div class=\"faq-item-question\">\r\n\t\t\t\t\t\t<h3 class=\"faq-item-question-text\">Jakie dok\u0142adnie inne wid\u017cety dla WooCommerce masz do zaoferowania? <\/h3>\r\n\r\n\t\t\t\t\t\t<div class=\"faq-item-question-icon\"><\/div>\r\n\t\t\t\t\t<\/div>\r\n\r\n\t\t\t\t\t<div class=\"faq-item-answer\">\r\n\t\t\t\t\t\t<div class=\"faq-item-answer-text\"> <p>Mo\u017cemy udost\u0119pni\u0107 Ci ogromn\u0105 r\u00f3\u017cnorodno\u015b\u0107 wid\u017cet\u00f3w do osi\u0105gni\u0119cia dowolne zadanie na Twojej stronie internetowej. Mo\u017cesz na przyk\u0142ad wybra\u0107 <a href=\"https:\/\/elfsight.com\/instagram-feed-instashow\/woocommerce\/\">Kana\u0142 na Instagramie<\/a>, aby zaprezentowa\u0107 swoj\u0105 firm\u0119 za pomoc\u0105 interaktywnego kana\u0142u, lub <a href=\"https:\/\/elfsight.com\/whatsapp-chat-widget\/woocommerce\/\">Czat WhatsApp<\/a>, aby zapewni\u0107 swoim odbiorcom \u0142atwe w u\u017cyciu i znane narz\u0119dzie umo\u017cliwiaj\u0105ce kontakt z Tob\u0105. Mo\u017ce to by\u0107 te\u017c <a href=\"https:\/\/elfsight.com\/pricing-table-plugin\/woocommerce\/\">Tabela cen<\/a>, kt\u00f3ra pozwoli Ci przedstawi\u0107 swoj\u0105 polityk\u0119 cenow\u0105 oraz <a href=\"https:\/\/elfsight.com\/amazon-reviews-widget\/woocommerce\/\">Recenzje Amazon<\/a> zawieraj\u0105ce recenzje Twojej firmy od zachwyconych klient\u00f3w. I oczywi\u015bcie zawsze jest miejsce na wid\u017cet <a href=\"https:\/\/elfsight.com\/qr-code-widget\/woocommerce\/\">Kod QR<\/a>.<\/p> <\/div>\r\n\t\t\t\t\t<\/div>\r\n\t\t\t\t<\/div> [pytanie faq_item =&#8221;W jaki spos\u00f3b mog\u0119 osadzi\u0107 wtyczk\u0119 WooCommerce Music Player na mojej stronie internetowej?&#8221;] <p>Mo\u017cesz doda\u0107 wtyczk\u0119 Music Player do motywu swojej witryny WooCommerce. Po prostu otw\u00f3rz panel administracyjny i wykonaj nast\u0119puj\u0105ce czynno\u015bci: <\/p><ol><li>Kliknij ustawienia motywu. <\/li><li>Wybierz cz\u0119\u015b\u0107, w kt\u00f3rej chcesz doda\u0107 odtwarzacz muzyczny. <\/li><li>Osad\u017a kod z aplikacji Elfsight i zapisz swoje modyfikacje. <\/li><li>Zako\u0144czono. <\/li><\/ol><p>Mo\u017cesz tak\u017ce sprawdzi\u0107 <a href=\"https:\/\/elfsight.com\/tutorials\/how-to-embed-audio-player-on-any-website\/# how-to-add-music-player-to-woocommerce\">ten przewodnik<\/a>, je\u015bli potrzebujesz bardziej szczeg\u00f3\u0142owych instrukcji dotycz\u0105cych instalacji wtyczki WooCommerce.<\/p><p>[\/faq_item] <div class=\"faq-item\">\r\n\t\t\t\t\t<div class=\"faq-item-question\">\r\n\t\t\t\t\t\t<h3 class=\"faq-item-question-text\"> Czy istnieje spos\u00f3b, aby zobaczy\u0107, jak dzia\u0142a wtyczka WooCommerce Music Player? <\/h3>\r\n\r\n\t\t\t\t\t\t<div class=\"faq-item-question-icon\"><\/div>\r\n\t\t\t\t\t<\/div>\r\n\r\n\t\t\t\t\t<div class=\"faq-item-answer\">\r\n\t\t\t\t\t\t<div class=\"faq-item-answer-text\"> <\/p><p>Tak, mo\u017cesz to zrobi\u0107 bezpo\u015brednio w wersji demonstracyjnej wid\u017cetu. pami\u0119taj, \u017ce mo\u017cesz utworzy\u0107, a nast\u0119pnie doda\u0107 wid\u017cet do swojej witryny WooCommerce bezpo\u015brednio z <a href=\"https:\/\/elfsight.com\/audio-player-widget\/#demo\">demo<\/a>!<\/p><\/div>\r\n\t\t\t\t\t<\/div>\r\n\t\t\t\t<\/div> <\/div><\/div> <div class=\"application-platform-content-item-features application-platform-content-item\" id=\"features\" data-nav-section=\"features\"><h2>To tylko kilka z bogatych funkcji wid\u017cetu:<\/h2><ul><li>Nieograniczona r\u00f3\u017cnorodno\u015b\u0107 kolor\u00f3w<\/li> <li>Motyw ciemnego\/jasnego koloru<\/li> <li>Responsywny projekt<\/li> <li>Dost\u0119pne 2 uk\u0142ady<\/li> <li>Opcja dodania obrazu t\u0142a<\/li> <\/ul> <p><a href=\"#demo\">Mo\u017cesz wypr\u00f3bowa\u0107 pe\u0142n\u0105 funkcjonalno\u015b\u0107 wid\u017cetu w wersji demonstracyjnej<\/a><\/p><\/div><div class=\"application-platform-content-item-installation application-platform-content-item\" id=\"installation\" data-nav-section=\"installation\"><h2>Jak mog\u0119 osadzi\u0107 odtwarzacz audio na mojej stronie WooCommerce?<\/h2><p>Wystarczy wykona\u0107 kilka krok\u00f3w przedstawionych poni\u017cej, aby zintegrowa\u0107 wtyczk\u0119.<\/p><ol><li><b>Zarz\u0105dzaj\u0105c naszym darmowym edytorem, zacznij kszta\u0142towa\u0107 sw\u00f3j niestandardowy wid\u017cet. <\/b><br>Okre\u015bl niestandardow\u0105 form\u0119 i specyfikacje narz\u0119dzia oraz zastosuj modyfikacje.<\/li><li><b>Uzyskaj unikalny kod pokazany w specjalnym formularzu w aplikacjach Elfsight.<\/b><br>Gdy tylko dostosowywanie wtyczki si\u0119 zako\u0144czy, skopiuj ekskluzywny kod z wy\u015bwietlonego okna i zapisz go do p\u00f3\u017aniejszego u\u017cycia.<\/li><li><b>Rozpocznij korzystanie z narz\u0119dzia na stronie WooCommerce.<\/b><br>Dodaj skopiowany ostatnio kod na swoj\u0105 stron\u0119 g\u0142\u00f3wn\u0105 i zastosuj poprawki.<\/li><li><b>Gotowe! Osadzanie zosta\u0142o pomy\u015blnie zako\u0144czone.<\/b><br>Przejd\u017a na swoj\u0105 stron\u0119, aby zobaczy\u0107 dzia\u0142anie wid\u017cetu.<\/li><\/ol><p>Je\u015bli napotkasz jakiekolwiek problemy, nie wahaj si\u0119 zwr\u00f3ci\u0107 o pomoc do naszego wsparcia zesp\u00f3\u0142. Nasi specjali\u015bci ch\u0119tnie rozwi\u0105\u017c\u0105 wszelkie problemy, jakie mo\u017cesz mie\u0107 z widgetem.<\/p><\/div>","protected":false},"excerpt":{"rendered":"","protected":false},"author":9,"featured_media":0,"parent":2674,"menu_order":0,"comment_status":"closed","ping_status":"closed","template":"templates\/template-application-platform.php","meta":{"publish_to_discourse":"","publish_post_category":"","wpdc_auto_publish_overridden":"","wpdc_topic_tags":"","wpdc_pin_topic":"","wpdc_pin_until":"","discourse_post_id":"","discourse_permalink":"","wpdc_publishing_response":"","wpdc_publishing_error":"","footnotes":""},"class_list":["post-4200","page","type-page","status-publish","hentry"],"yoast_head":"<!-- This site is optimized with the Yoast SEO plugin v25.3.1 - https:\/\/yoast.com\/wordpress\/plugins\/seo\/ -->\n<title>Odtwarzacz muzyki | Dodaj wtyczk\u0119 Audio do witryny WooCommerce (szybko i bezp\u0142atnie)<\/title>\n<meta name=\"description\" content=\"Mo\u017cesz dostosowa\u0107 wtyczk\u0119 Audio Player kilkoma klikni\u0119ciami i wstawi\u0107 j\u0105 do swojej witryny WooCommerce bezpo\u015brednio z wersji demonstracyjnej na \u017cywo.\" \/>\n<meta name=\"robots\" content=\"index, follow, max-snippet:-1, max-image-preview:large, max-video-preview:-1\" \/>\n<link rel=\"canonical\" href=\"https:\/\/elfsight.com\/pl\/audio-player-widget\/woocommerce\/\" \/>\n<meta property=\"og:locale\" content=\"pl_PL\" \/>\n<meta property=\"og:type\" content=\"article\" \/>\n<meta property=\"og:title\" content=\"Odtwarzacz muzyki | Dodaj wtyczk\u0119 Audio do witryny WooCommerce (szybko i bezp\u0142atnie)\" \/>\n<meta property=\"og:description\" content=\"Mo\u017cesz dostosowa\u0107 wtyczk\u0119 Audio Player kilkoma klikni\u0119ciami i wstawi\u0107 j\u0105 do swojej witryny WooCommerce bezpo\u015brednio z wersji demonstracyjnej na \u017cywo.\" \/>\n<meta property=\"og:url\" content=\"https:\/\/elfsight.com\/pl\/audio-player-widget\/woocommerce\/\" \/>\n<meta property=\"og:site_name\" content=\"Elfsight PL\" \/>\n<meta property=\"article:modified_time\" content=\"2024-11-14T09:03:03+00:00\" \/>\n<meta name=\"twitter:card\" content=\"summary_large_image\" \/>\n<meta name=\"twitter:label1\" content=\"Szacowany czas czytania\" \/>\n\t<meta name=\"twitter:data1\" content=\"3 minuty\" \/>\n<!-- \/ Yoast SEO plugin. -->","yoast_head_json":{"title":"Odtwarzacz muzyki | Dodaj wtyczk\u0119 Audio do witryny WooCommerce (szybko i bezp\u0142atnie)","description":"Mo\u017cesz dostosowa\u0107 wtyczk\u0119 Audio Player kilkoma klikni\u0119ciami i wstawi\u0107 j\u0105 do swojej witryny WooCommerce bezpo\u015brednio z wersji demonstracyjnej na \u017cywo.","robots":{"index":"index","follow":"follow","max-snippet":"max-snippet:-1","max-image-preview":"max-image-preview:large","max-video-preview":"max-video-preview:-1"},"canonical":"https:\/\/elfsight.com\/pl\/audio-player-widget\/woocommerce\/","og_locale":"pl_PL","og_type":"article","og_title":"Odtwarzacz muzyki | Dodaj wtyczk\u0119 Audio do witryny WooCommerce (szybko i bezp\u0142atnie)","og_description":"Mo\u017cesz dostosowa\u0107 wtyczk\u0119 Audio Player kilkoma klikni\u0119ciami i wstawi\u0107 j\u0105 do swojej witryny WooCommerce bezpo\u015brednio z wersji demonstracyjnej na \u017cywo.","og_url":"https:\/\/elfsight.com\/pl\/audio-player-widget\/woocommerce\/","og_site_name":"Elfsight PL","article_modified_time":"2024-11-14T09:03:03+00:00","twitter_card":"summary_large_image","twitter_misc":{"Szacowany czas czytania":"3 minuty"},"schema":{"@context":"https:\/\/schema.org","@graph":[{"@type":"WebPage","@id":"https:\/\/elfsight.com\/pl\/audio-player-widget\/woocommerce\/","url":"https:\/\/elfsight.com\/pl\/audio-player-widget\/woocommerce\/","name":"Odtwarzacz muzyki | Dodaj wtyczk\u0119 Audio do witryny WooCommerce (szybko i bezp\u0142atnie)","isPartOf":{"@id":"https:\/\/elfsight.com\/pl\/#website"},"datePublished":"2024-05-03T06:28:26+00:00","dateModified":"2024-11-14T09:03:03+00:00","description":"Mo\u017cesz dostosowa\u0107 wtyczk\u0119 Audio Player kilkoma klikni\u0119ciami i wstawi\u0107 j\u0105 do swojej witryny WooCommerce bezpo\u015brednio z wersji demonstracyjnej na \u017cywo.","breadcrumb":{"@id":"https:\/\/elfsight.com\/pl\/audio-player-widget\/woocommerce\/#breadcrumb"},"inLanguage":"pl-PL","potentialAction":[{"@type":"ReadAction","target":["https:\/\/elfsight.com\/pl\/audio-player-widget\/woocommerce\/"]}]},{"@type":"BreadcrumbList","@id":"https:\/\/elfsight.com\/pl\/audio-player-widget\/woocommerce\/#breadcrumb","itemListElement":[{"@type":"ListItem","position":1,"name":"Home","item":"https:\/\/elfsight.com\/pl\/"},{"@type":"ListItem","position":2,"name":"Audio Player","item":"https:\/\/elfsight.com\/pl\/audio-player-widget\/"},{"@type":"ListItem","position":3,"name":"Audio Player &#8211; WooCommerce"}]},{"@type":"WebSite","@id":"https:\/\/elfsight.com\/pl\/#website","url":"https:\/\/elfsight.com\/pl\/","name":"Elfsight PL","description":"Just another Elfsight Sites site","potentialAction":[{"@type":"SearchAction","target":{"@type":"EntryPoint","urlTemplate":"https:\/\/elfsight.com\/pl\/?s={search_term_string}"},"query-input":{"@type":"PropertyValueSpecification","valueRequired":true,"valueName":"search_term_string"}}],"inLanguage":"pl-PL"}]}},"meta_box":{"industry":"","seo_heading":"","heading":"","description":"","cta_heading":"","cta_description":"","application":"2673","h1":"Wtyczka WooCommerce Audio Player","h1_caption":"Dodawaj i prezentuj \u015bcie\u017cki audio bezpo\u015brednio na swojej stronie internetowej za pomoc\u0105 eleganckiego, konfigurowalnego odtwarzacza, bez wysi\u0142ku umieszczaj\u0105c go na swojej stronie internetowej WooCommerce.","application_category":[],"applications_title":"","applications_request_title":"","applications_request_button_text":"","hero_text":"","hero_video":"","hero_video_schema_markup":"","selling_points_title":"","selling_points_caption":"","selling_points":[],"selling_points_cta_text":"","features_title":"","features":"","ed_cta_examples_text":"","ed_cta_examples_hidden":"","ed_cta_demo_text":"","ed_cta_demo_hidden":"","why_caption":"","why_editor_title":"","why_editor_text":"","why_team_title":"","why_team_text":"","why_service_title":"","why_service_text":"","template_catalog_visible":"","template_catalog_title":"","template_catalog_text":"","template_catalog_categories_visible":"","demo_title":"Utw\u00f3rz aplikacj\u0119 odtwarzacza audio","demo_caption":"Skonfiguruj sw\u00f3j odtwarzacz audio i dodaj go do swojej witryny WooCommerce za darmo!","default_faq_hidden":"","app_template_category":[],"platform":"335","template_public_id":"","codecanyon_url":"","codecanyon_item_id":"","codecanyon_price":"","pricing_caption":"","pricing_elfsight_apps_hide_column":"","pricing_elfsight_apps_url":"","pricing_codecanyon_price_caption":"","integration_category":[],"integration_request_title":"","integration_request_cta":"","integration_platform":"","integrations":[],"platform_category":[],"video_schema_markup":"","price":"od 0 USD \/ miesi\u0105c","trial":"","benefits":[{"text":"Bezp\u0142atna pomoc w instalacji"},{"text":"Wsparcie premium"},{"text":"14-dniowa gwarancja zwrotu pieni\u0119dzy"}],"button_url":"#demo","button_target_blank":"","button_nofollow":"","attributes":[{"name":"Instaluje"},{"name":"Czu\u0142y"},{"name":"Kompatybilne przegl\u0105darki"}],"tags":[],"tags_disable_links":"","hide_more_platforms":"","video_object":"","demo_hide_cta":"","demo_hide_cloud_options":"","pricing_title":"","pricing":[{"pricing_icon":"platform","pricing_title":"Elfsight Apps","pricing_title_caption":"Wieloplatformowe rozwi\u0105zanie cyfrowe, kt\u00f3re pasuje do ka\u017cdej witryny","pricing_price":"od 0 USD \/ miesi\u0105c","pricing_price_caption":"zacznij od bezp\u0142atnego planu","pricing_benefits":[{"text":"Nielimitowane strony internetowe"},{"text":"Szybka obs\u0142uga klienta i dobrze udokumentowana"},{"text":"Bezp\u0142atna pomoc przy instalacji"},{"text":"Elastyczny projekt"}],"pricing_button_text":"Dodaj do witryny","pricing_button_url":"#demo"}],"related_apps_title":"","related_apps_hidden":"","author":"","image":[],"title":"","job":"","social_networks":[]},"_links":{"self":[{"href":"https:\/\/elfsight.com\/pl\/wp-json\/wp\/v2\/pages\/4200","targetHints":{"allow":["GET"]}}],"collection":[{"href":"https:\/\/elfsight.com\/pl\/wp-json\/wp\/v2\/pages"}],"about":[{"href":"https:\/\/elfsight.com\/pl\/wp-json\/wp\/v2\/types\/page"}],"author":[{"embeddable":true,"href":"https:\/\/elfsight.com\/pl\/wp-json\/wp\/v2\/users\/9"}],"replies":[{"embeddable":true,"href":"https:\/\/elfsight.com\/pl\/wp-json\/wp\/v2\/comments?post=4200"}],"version-history":[{"count":1,"href":"https:\/\/elfsight.com\/pl\/wp-json\/wp\/v2\/pages\/4200\/revisions"}],"predecessor-version":[{"id":4204,"href":"https:\/\/elfsight.com\/pl\/wp-json\/wp\/v2\/pages\/4200\/revisions\/4204"}],"up":[{"embeddable":true,"href":"https:\/\/elfsight.com\/pl\/wp-json\/wp\/v2\/pages\/2674"}],"wp:attachment":[{"href":"https:\/\/elfsight.com\/pl\/wp-json\/wp\/v2\/media?parent=4200"}],"curies":[{"name":"wp","href":"https:\/\/api.w.org\/{rel}","templated":true}]}}