{"id":4198,"date":"2024-05-03T06:28:24","date_gmt":"2024-05-03T06:28:24","guid":{"rendered":"https:\/\/elfsight.com\/pl\/?page_id=4198"},"modified":"2024-11-14T08:53:05","modified_gmt":"2024-11-14T08:53:05","slug":"google-sites","status":"publish","type":"page","link":"https:\/\/elfsight.com\/pl\/audio-player-widget\/google-sites\/","title":{"rendered":"Audio Player &#8211; Google Sites"},"content":{"rendered":"<div class=\"application-platform-content-item-description application-platform-content-item\" id=\"description\" data-nav-section=\"description\"> <h2>Osad\u017a odtwarzacz audio w Witrynach Google za pomoc\u0105 wid\u017cetu Elfsight<\/h2> <p>Wid\u017cet Elfsight Music Player to proste narz\u0119dzie dla Witryny Google umo\u017cliwiaj\u0105ce mo\u017cliwo\u015b\u0107 odtwarzania \u015bcie\u017cek audio bezpo\u015brednio na stronach Twojej witryny. Wtyczka jest niezwykle konfigurowalna: mo\u017cesz zmieni\u0107 jej po\u0142o\u017cenie, wstawi\u0107 j\u0105 w dowolnym miejscu na stronie, zmieni\u0107 jej rozmiar, przemalowa\u0107 t\u0142o i inne elementy, aby po\u0142\u0105czy\u0107 je z uk\u0142adem witryny, zastosowa\u0107 ciemny motyw, wy\u015bwietli\u0107 obrazy i zademonstrowa\u0107 lub ukry\u0107 4 innych graczy szczeg\u00f3\u0142y, takie jak pasek post\u0119pu, nag\u0142\u00f3wek i wiele innych. Dodaj tyle utwor\u00f3w, ile chcesz, aby zachwyci\u0107 odwiedzaj\u0105cych, w\u0142\u0105cz autoodtwarzanie i nie wahaj si\u0119 \u2013 Twoi odbiorcy nie opuszcz\u0105 Twojej strony g\u0142\u00f3wnej od razu! <\/p><p><b>Wykorzystaj wid\u017cet Elfsight Music Player, aby szybciej osi\u0105gn\u0105\u0107 swoje cele biznesowe! <\/b><\/p> <\/div> <div class=\"application-platform-content-item-features application-platform-content-item\" id=\"features\" data-nav-section=\"features\"> <h2>Oto podstawowe cechy wid\u017cetu: <\/h2> <ul><li>Nieograniczone zmiany kolor\u00f3w<\/li><li>Schemat kolor\u00f3w ciemny\/jasny<\/li><li>Responsywny projekt<\/li><li>Dost\u0119pne s\u0105 dwa uk\u0142ady<\/li><li>Mo\u017cliwo\u015b\u0107 wykorzystania obrazu t\u0142a<\/li><\/ul><p><a href=\"#demo\">Pe\u0142ne mo\u017cliwo\u015bci wid\u017cetu mo\u017cesz odkry\u0107 w poni\u017cszej wersji demonstracyjnej<\/a><\/p> <\/div> <div class=\"application-platform-content-item-installation application-platform-content-item\" id=\"installation\" data-nav-section=\"installation\"> <h2>Jak doda\u0107 odtwarzacz audio do moich Witryn Google?<\/h2> <div class=\"video-container\"><iframe width=\"720\" height=\"405\" src=\"https:\/\/www.youtube.com\/embed\/8Y50XDEq9S8\" frameborder=\"0\" allowfullscreen=\"\"><\/iframe><\/div><p>Wystarczy wykona\u0107 kilka krok\u00f3w przedstawionych poni\u017cej, aby doda\u0107 narz\u0119dzie.<\/p> <ol><li><b>Zarz\u0105dzaj nasz\u0105 bezp\u0142atn\u0105 wersj\u0105 demonstracyjn\u0105 i rozpocznij tworzenie w\u0142asnego instrumentu.<\/b><br> Okre\u015bl preferowany projekt i cechy funkcjonalne wid\u017cetu i zapisz modyfikacje.<\/li> <li><b>Skopiuj indywidualny kod pokazany w specjalnym formularzu w aplikacjach Elfsight <\/b><br> Zaraz po wygenerowaniu osobistego wid\u017cetu Audio skopiuj indywidualny kod z wy\u015bwietlonego pola i zachowaj go na przysz\u0142o\u015b\u0107. <\/li> <li><b>Zainicjuj wykorzystanie wid\u017cetu Muzyka w swojej witrynie Google<\/b><br> Zaimplementuj ostatnio zapisany kod na swojej stronie g\u0142\u00f3wnej i zapisz poprawki.<\/li> <li> <b>Instalacja zosta\u0142a pomy\u015blnie zako\u0144czona.<\/b><br> Przejd\u017a do swojej witryny, aby sprawdzi\u0107 dzia\u0142anie wtyczki.<\/li><\/ol> <div class=\"tip-yellow tip\"><b>Ze wzgl\u0119du na specyfik\u0119 dzia\u0142ania Witryn Google , wid\u017cet mo\u017ce wygl\u0105da\u0107 inaczej ni\u017c wersja demonstracyjna online. Przepraszamy za wszelkie niedogodno\u015bci.<\/b><\/div><p>Je\u015bli masz pytania lub napotkasz jakiekolwiek trudno\u015bci, bez wahania skontaktuj si\u0119 z naszym dzia\u0142em obs\u0142ugi klienta. Nasi specjali\u015bci z przyjemno\u015bci\u0105 rozwi\u0105\u017c\u0105 wszystkie problemy, jakie mo\u017cesz mie\u0107 z narz\u0119dziem. <\/p> <div class=\"faq\" data-component=\"FAQ\"><div class=\"faq-item\">\r\n\t\t\t\t\t<div class=\"faq-item-question\">\r\n\t\t\t\t\t\t<h3 class=\"faq-item-question-text\">Jak mog\u0119 osadzi\u0107 galeri\u0119 wideo YouTube w mojej witrynie Squarespace bez umiej\u0119tno\u015bci kodowania?<\/h3>\r\n\r\n\t\t\t\t\t\t<div class=\"faq-item-question-icon\"><\/div>\r\n\t\t\t\t\t<\/div>\r\n\r\n\t\t\t\t\t<div class=\"faq-item-answer\">\r\n\t\t\t\t\t\t<div class=\"faq-item-answer-text\"><p>Elfsight przedstawia rozwi\u0105zanie oparte na chmurze, kt\u00f3re umo\u017cliwia u\u017cytkownikom generowanie galerii wideo YouTube na ich w\u0142asny. Przekonaj si\u0119 o prostocie tego procesu:<\/p><ul><li>Wejd\u017a do edytora online, aby utworzy\u0107 sekcj\u0119 Galerii wideo YouTube, kt\u00f3r\u0105 chcesz zintegrowa\u0107 ze swoj\u0105 witryn\u0105 Squarespace.<\/li><li>Wybierz jedn\u0105 z naszych wst\u0119pnie u\u0142o\u017cone szablony i personalizuj ustawienia Galerii wideo YouTube, dostosuj uk\u0142ad i schemat kolor\u00f3w, w\u0142\u0105czaj tre\u015bci bez konieczno\u015bci kodowania.<\/li><li>Zachowaj preferencje ustalone dla Galerii wideo YouTube i zdob\u0105d\u017a kod do osadzaj\u0105c wid\u017cet, kt\u00f3ry mo\u017cna \u0142atwo umie\u015bci\u0107 w witrynie Squarespace bez \u017cadnych op\u0142at.<\/li><\/ul><p>Dzi\u0119ki obs\u0142udze przyjaznego dla u\u017cytkownika Edytora ka\u017cdy u\u017cytkownik online mo\u017ce wygenerowa\u0107 sekcj\u0119 Galerii wideo YouTube i j\u0105 doda\u0107 na ich stronie internetowej Squarespace. Aby uzyska\u0107 dost\u0119p do Edytora Elfsight, nie ma potrzeby dokonywania p\u0142atno\u015bci ani ujawniania danych karty. Je\u015bli na kt\u00f3rymkolwiek etapie napotkasz jakiekolwiek przeszkody, nie wahaj si\u0119 skontaktowa\u0107 z naszym dzia\u0142em obs\u0142ugi klienta.<\/p><\/div>\r\n\t\t\t\t\t<\/div>\r\n\t\t\t\t<\/div><\/div><\/div>","protected":false},"excerpt":{"rendered":"","protected":false},"author":9,"featured_media":0,"parent":2674,"menu_order":0,"comment_status":"closed","ping_status":"closed","template":"templates\/template-application-platform.php","meta":{"publish_to_discourse":"","publish_post_category":"","wpdc_auto_publish_overridden":"","wpdc_topic_tags":"","wpdc_pin_topic":"","wpdc_pin_until":"","discourse_post_id":"","discourse_permalink":"","wpdc_publishing_response":"","wpdc_publishing_error":"","footnotes":""},"class_list":["post-4198","page","type-page","status-publish","hentry"],"yoast_head":"<!-- This site is optimized with the Yoast SEO plugin v25.3.1 - https:\/\/yoast.com\/wordpress\/plugins\/seo\/ -->\n<title>Odtwarzacz audio \u2014 dodaj wid\u017cet muzyki i d\u017awi\u0119ku do Witryn Google (bezp\u0142atny i szybki)<\/title>\n<meta name=\"description\" content=\"Umie\u015b\u0107 responsywny gad\u017cet Odtwarzacza muzyki w swojej witrynie Google Sites. Skorzystaj z por\u0119cznej wersji demonstracyjnej Elfsight i wygeneruj sw\u00f3j unikalny wid\u017cet muzyczny w zaledwie 2 minuty.\" \/>\n<meta name=\"robots\" content=\"index, follow, max-snippet:-1, max-image-preview:large, max-video-preview:-1\" \/>\n<link rel=\"canonical\" href=\"https:\/\/elfsight.com\/pl\/audio-player-widget\/google-sites\/\" \/>\n<meta property=\"og:locale\" content=\"pl_PL\" \/>\n<meta property=\"og:type\" content=\"article\" \/>\n<meta property=\"og:title\" content=\"Odtwarzacz audio \u2014 dodaj wid\u017cet muzyki i d\u017awi\u0119ku do Witryn Google (bezp\u0142atny i szybki)\" \/>\n<meta property=\"og:description\" content=\"Umie\u015b\u0107 responsywny gad\u017cet Odtwarzacza muzyki w swojej witrynie Google Sites. Skorzystaj z por\u0119cznej wersji demonstracyjnej Elfsight i wygeneruj sw\u00f3j unikalny wid\u017cet muzyczny w zaledwie 2 minuty.\" \/>\n<meta property=\"og:url\" content=\"https:\/\/elfsight.com\/pl\/audio-player-widget\/google-sites\/\" \/>\n<meta property=\"og:site_name\" content=\"Elfsight PL\" \/>\n<meta property=\"article:modified_time\" content=\"2024-11-14T08:53:05+00:00\" \/>\n<meta name=\"twitter:card\" content=\"summary_large_image\" \/>\n<meta name=\"twitter:label1\" content=\"Szacowany czas czytania\" \/>\n\t<meta name=\"twitter:data1\" content=\"3 minuty\" \/>\n<!-- \/ Yoast SEO plugin. -->","yoast_head_json":{"title":"Odtwarzacz audio \u2014 dodaj wid\u017cet muzyki i d\u017awi\u0119ku do Witryn Google (bezp\u0142atny i szybki)","description":"Umie\u015b\u0107 responsywny gad\u017cet Odtwarzacza muzyki w swojej witrynie Google Sites. Skorzystaj z por\u0119cznej wersji demonstracyjnej Elfsight i wygeneruj sw\u00f3j unikalny wid\u017cet muzyczny w zaledwie 2 minuty.","robots":{"index":"index","follow":"follow","max-snippet":"max-snippet:-1","max-image-preview":"max-image-preview:large","max-video-preview":"max-video-preview:-1"},"canonical":"https:\/\/elfsight.com\/pl\/audio-player-widget\/google-sites\/","og_locale":"pl_PL","og_type":"article","og_title":"Odtwarzacz audio \u2014 dodaj wid\u017cet muzyki i d\u017awi\u0119ku do Witryn Google (bezp\u0142atny i szybki)","og_description":"Umie\u015b\u0107 responsywny gad\u017cet Odtwarzacza muzyki w swojej witrynie Google Sites. Skorzystaj z por\u0119cznej wersji demonstracyjnej Elfsight i wygeneruj sw\u00f3j unikalny wid\u017cet muzyczny w zaledwie 2 minuty.","og_url":"https:\/\/elfsight.com\/pl\/audio-player-widget\/google-sites\/","og_site_name":"Elfsight PL","article_modified_time":"2024-11-14T08:53:05+00:00","twitter_card":"summary_large_image","twitter_misc":{"Szacowany czas czytania":"3 minuty"},"schema":{"@context":"https:\/\/schema.org","@graph":[{"@type":"WebPage","@id":"https:\/\/elfsight.com\/pl\/audio-player-widget\/google-sites\/","url":"https:\/\/elfsight.com\/pl\/audio-player-widget\/google-sites\/","name":"Odtwarzacz audio \u2014 dodaj wid\u017cet muzyki i d\u017awi\u0119ku do Witryn Google (bezp\u0142atny i szybki)","isPartOf":{"@id":"https:\/\/elfsight.com\/pl\/#website"},"datePublished":"2024-05-03T06:28:24+00:00","dateModified":"2024-11-14T08:53:05+00:00","description":"Umie\u015b\u0107 responsywny gad\u017cet Odtwarzacza muzyki w swojej witrynie Google Sites. Skorzystaj z por\u0119cznej wersji demonstracyjnej Elfsight i wygeneruj sw\u00f3j unikalny wid\u017cet muzyczny w zaledwie 2 minuty.","breadcrumb":{"@id":"https:\/\/elfsight.com\/pl\/audio-player-widget\/google-sites\/#breadcrumb"},"inLanguage":"pl-PL","potentialAction":[{"@type":"ReadAction","target":["https:\/\/elfsight.com\/pl\/audio-player-widget\/google-sites\/"]}]},{"@type":"BreadcrumbList","@id":"https:\/\/elfsight.com\/pl\/audio-player-widget\/google-sites\/#breadcrumb","itemListElement":[{"@type":"ListItem","position":1,"name":"Home","item":"https:\/\/elfsight.com\/pl\/"},{"@type":"ListItem","position":2,"name":"Audio Player","item":"https:\/\/elfsight.com\/pl\/audio-player-widget\/"},{"@type":"ListItem","position":3,"name":"Audio Player &#8211; Google Sites"}]},{"@type":"WebSite","@id":"https:\/\/elfsight.com\/pl\/#website","url":"https:\/\/elfsight.com\/pl\/","name":"Elfsight PL","description":"Just another Elfsight Sites site","potentialAction":[{"@type":"SearchAction","target":{"@type":"EntryPoint","urlTemplate":"https:\/\/elfsight.com\/pl\/?s={search_term_string}"},"query-input":{"@type":"PropertyValueSpecification","valueRequired":true,"valueName":"search_term_string"}}],"inLanguage":"pl-PL"}]}},"meta_box":{"industry":"","seo_heading":"","heading":"","description":"","cta_heading":"","cta_description":"","application":"2673","h1":"Wid\u017cet odtwarzacza audio Witryn Google","h1_caption":"Dodawaj i prezentuj \u015bcie\u017cki d\u017awi\u0119kowe bezpo\u015brednio w swojej witrynie za pomoc\u0105 eleganckiego, konfigurowalnego odtwarzacza, kt\u00f3ry umo\u017cliwia \u0142atwe wy\u015bwietlanie w Witrynach Google.","application_category":[],"applications_title":"","applications_request_title":"","applications_request_button_text":"","hero_text":"","hero_video":"","hero_video_schema_markup":"","selling_points_title":"","selling_points_caption":"","selling_points":[],"selling_points_cta_text":"","features_title":"","features":"","ed_cta_examples_text":"","ed_cta_examples_hidden":"","ed_cta_demo_text":"","ed_cta_demo_hidden":"","why_caption":"","why_editor_title":"","why_editor_text":"","why_team_title":"","why_team_text":"","why_service_title":"","why_service_text":"","template_catalog_visible":"","template_catalog_title":"","template_catalog_text":"","template_catalog_categories_visible":"","demo_title":"Utw\u00f3rz wid\u017cet odtwarzacza audio","demo_caption":"Skonfiguruj odtwarzacz audio i dodaj go za darmo do swojej witryny Google Sites!","default_faq_hidden":"","app_template_category":[],"platform":"484","template_public_id":"","codecanyon_url":"","codecanyon_item_id":"","codecanyon_price":"","pricing_caption":"","pricing_elfsight_apps_hide_column":"","pricing_elfsight_apps_url":"","pricing_codecanyon_price_caption":"","integration_category":[],"integration_request_title":"","integration_request_cta":"","integration_platform":"","integrations":[],"platform_category":[],"video_schema_markup":"","price":"od 0 USD \/ miesi\u0105c","trial":"","benefits":[{"text":"Bezp\u0142atna us\u0142uga monta\u017cu"},{"text":"Kompetentna obs\u0142uga klienta"},{"text":"14-dniowa gwarancja zwrotu pieni\u0119dzy"}],"button_url":"#demo","button_target_blank":"","button_nofollow":"","attributes":[{"name":"Instaluje"},{"name":"Czu\u0142y"},{"name":"Kompatybilne przegl\u0105darki"}],"tags":[],"tags_disable_links":"","hide_more_platforms":"","video_object":"","demo_hide_cta":"","demo_hide_cloud_options":"","pricing_title":"","pricing":[{"pricing_icon":"platform","pricing_title":"Elfsight Apps","pricing_title_caption":"Niezale\u017cne od platformy rozwi\u0105zanie cyfrowe","pricing_price":"od 0 USD \/ miesi\u0105c","pricing_price_caption":"zacznij od bezp\u0142atnego planu","pricing_benefits":[{"text":"Nieograniczona liczba domen"},{"text":"Profesjonalne i terminowe wsparcie"},{"text":"Bezp\u0142atna us\u0142uga monta\u017cu"},{"text":"Specjalna cena za wiele aplikacji"}],"pricing_button_text":"Dodaj do witryny","pricing_button_url":"#demo"}],"related_apps_title":"","related_apps_hidden":"","author":"","image":[],"title":"","job":"","social_networks":[]},"_links":{"self":[{"href":"https:\/\/elfsight.com\/pl\/wp-json\/wp\/v2\/pages\/4198","targetHints":{"allow":["GET"]}}],"collection":[{"href":"https:\/\/elfsight.com\/pl\/wp-json\/wp\/v2\/pages"}],"about":[{"href":"https:\/\/elfsight.com\/pl\/wp-json\/wp\/v2\/types\/page"}],"author":[{"embeddable":true,"href":"https:\/\/elfsight.com\/pl\/wp-json\/wp\/v2\/users\/9"}],"replies":[{"embeddable":true,"href":"https:\/\/elfsight.com\/pl\/wp-json\/wp\/v2\/comments?post=4198"}],"version-history":[{"count":2,"href":"https:\/\/elfsight.com\/pl\/wp-json\/wp\/v2\/pages\/4198\/revisions"}],"predecessor-version":[{"id":7646,"href":"https:\/\/elfsight.com\/pl\/wp-json\/wp\/v2\/pages\/4198\/revisions\/7646"}],"up":[{"embeddable":true,"href":"https:\/\/elfsight.com\/pl\/wp-json\/wp\/v2\/pages\/2674"}],"wp:attachment":[{"href":"https:\/\/elfsight.com\/pl\/wp-json\/wp\/v2\/media?parent=4198"}],"curies":[{"name":"wp","href":"https:\/\/api.w.org\/{rel}","templated":true}]}}