{"id":4192,"date":"2024-05-03T06:28:22","date_gmt":"2024-05-03T06:28:22","guid":{"rendered":"https:\/\/elfsight.com\/pl\/?page_id=4192"},"modified":"2024-10-25T11:58:06","modified_gmt":"2024-10-25T11:58:06","slug":"prestashop","status":"publish","type":"page","link":"https:\/\/elfsight.com\/pl\/audio-player-widget\/prestashop\/","title":{"rendered":"Audio Player &#8211; PrestaShop"},"content":{"rendered":"<div class=\"application-platform-content-item-description application-platform-content-item\" id=\"description\" data-nav-section=\"description\"> <h2>Opis<\/h2> <p>Elfsight Audio Player to prosty widget umo\u017cliwiaj\u0105cy strumieniowe przesy\u0142anie \u015bcie\u017cek audio na Twojej stronie internetowej. Widget jest w pe\u0142ni konfigurowalny: mo\u017cesz zmienia\u0107 jego po\u0142o\u017cenie, ustawia\u0107 go w dowolnym miejscu strony, zmienia\u0107 jego rozmiar, nak\u0142ada\u0107 na t\u0142o i wszystkie inne cz\u0119\u015bci, aby dopasowa\u0107 go do stylu swojej witryny, u\u017cywa\u0107 ciemnej kolorystyki, wy\u015bwietla\u0107 obrazy oraz wy\u015bwietla\u0107 lub ukrywa\u0107 trzy inne elementy odtwarzacza, takie jak pasek post\u0119pu i wiele innych. Dodaj tyle utwor\u00f3w, ile potrzebujesz, aby zaanga\u017cowa\u0107 u\u017cytkownik\u00f3w, w\u0142\u0105cz autoodtwarzanie i nie wahaj si\u0119 \u2013 Twoi odbiorcy nie opuszcz\u0105 Twojej strony w po\u015bpiechu! <\/p> <p><b>Dzi\u0119ki odtwarzaczowi audio mo\u017cesz obserwowa\u0107 aktywny rozw\u00f3j firmy i zwi\u0119ksza\u0107 sprzeda\u017c <\/b><\/p> <\/div> <div class=\"application-platform-content-item-features application-platform-content-item\" id=\"features\" data-nav-section=\"features\"> <h2>Do najwa\u017cniejszych funkcji widgetu nale\u017c\u0105<\/h2> <ul><li>Nieograniczone zmiany kolor\u00f3w<\/li><li>Schemat kolor\u00f3w ciemnych\/jasnych<\/li><li>Elastyczny projekt<\/li><li>Dotyczy 2 uk\u0142ad\u00f3w<\/li><li> Opcja dodania obrazu t\u0142a<\/li><li>Dodaj nieograniczon\u0105 liczb\u0119 utwor\u00f3w<\/li><li>Mo\u017cliwo\u015b\u0107 zaprojektowania spersonalizowanego motywu kolorystycznego<\/li><li>Obs\u0142ugiwane formaty: DASH (mpd), webm, mp4, ogv, HLS (m3u8), mp3<\/li><li>Opcja automatycznego odtwarzania<\/li><li>Dodawaj utwory wed\u0142ug adresu URL lub bezpo\u015brednio z urz\u0105dzenia<\/li><\/ul><p><a href=\"#demo\">Sprawd\u017a wszystkie ustawienia w pe\u0142ni funkcjonalnej wersji demonstracyjnej<\/a><\/p> <\/div> <div class=\"application-platform-content-item-installation application-platform-content-item\" id=\"installation\" data-nav-section=\"installation\"> <h2>Jak osadzi\u0107 odtwarzacz audio na mojej stronie PrestaShop? <\/h2> <p>Wystarczy spe\u0142ni\u0107 poni\u017csze wytyczne, aby zintegrowa\u0107 dodatek. <\/p> <ol><li><b>Zarz\u0105dzaj nasz\u0105 bezp\u0142atn\u0105 wersj\u0105 demonstracyjn\u0105 i zacznij tworzy\u0107 w\u0142asny dodatek. <\/b><br> Okre\u015bl odpowiedni uk\u0142ad i charakterystyk\u0119 wid\u017cetu i zastosuj zmiany. <\/li> <li><b>Zdob\u0105d\u017a kod osobisty pokazany w polu w aplikacjach Elfsight. <\/b><br> Zaraz po zako\u0144czeniu generowania Twojego osobistego narz\u0119dzia skopiuj ekskluzywny kod z wy\u015bwietlonego pola i zapisz go do wykorzystania w przysz\u0142o\u015bci. <\/li> <li><b>Rozpocznij korzystanie z dodatku na stronie PrestaShop. <\/b><br> Wstaw wcze\u015bniej zapisany kod na swojej stronie i zapisz ulepszenia. <\/li> <li><b>Instalacja zosta\u0142a pomy\u015blnie zako\u0144czona. <\/b><br> Odwied\u017a swoj\u0105 stron\u0119 internetow\u0105, aby sprawdzi\u0107, jak dzia\u0142a widget. <\/li><\/ol> <p>Je\u015bli napotkasz jakiekolwiek trudno\u015bci, nie wahaj si\u0119 zg\u0142osi\u0107 do naszego zespo\u0142u obs\u0142ugi klienta. Nasi specjali\u015bci pragn\u0105 rozwi\u0105za\u0107 wszystkie problemy, jakie mo\u017cesz mie\u0107 z widgetem. <\/p> <\/div><p><\/p>","protected":false},"excerpt":{"rendered":"","protected":false},"author":9,"featured_media":0,"parent":2674,"menu_order":0,"comment_status":"closed","ping_status":"closed","template":"templates\/template-application-platform.php","meta":{"publish_to_discourse":"","publish_post_category":"","wpdc_auto_publish_overridden":"","wpdc_topic_tags":"","wpdc_pin_topic":"","wpdc_pin_until":"","discourse_post_id":"","discourse_permalink":"","wpdc_publishing_response":"","wpdc_publishing_error":"","footnotes":""},"class_list":["post-4192","page","type-page","status-publish","hentry"],"yoast_head":"<!-- This site is optimized with the Yoast SEO plugin v25.3.1 - https:\/\/yoast.com\/wordpress\/plugins\/seo\/ -->\n<title>Odtwarzacz audio \u2014 Dodaj odtwarzacz muzyczny do witryny PrestaShop (szybko i za darmo)<\/title>\n<meta name=\"description\" content=\"Dodaj responsywn\u0105 aplikacj\u0119 odtwarzacza audio do witryny PrestaShop. Zastosuj wygodne demo i w ci\u0105gu kilku minut stw\u00f3rz w\u0142asny wid\u017cet muzyczny.\" \/>\n<meta name=\"robots\" content=\"index, follow, max-snippet:-1, max-image-preview:large, max-video-preview:-1\" \/>\n<link rel=\"canonical\" href=\"https:\/\/elfsight.com\/pl\/audio-player-widget\/prestashop\/\" \/>\n<meta property=\"og:locale\" content=\"pl_PL\" \/>\n<meta property=\"og:type\" content=\"article\" \/>\n<meta property=\"og:title\" content=\"Odtwarzacz audio \u2014 Dodaj odtwarzacz muzyczny do witryny PrestaShop (szybko i za darmo)\" \/>\n<meta property=\"og:description\" content=\"Dodaj responsywn\u0105 aplikacj\u0119 odtwarzacza audio do witryny PrestaShop. Zastosuj wygodne demo i w ci\u0105gu kilku minut stw\u00f3rz w\u0142asny wid\u017cet muzyczny.\" \/>\n<meta property=\"og:url\" content=\"https:\/\/elfsight.com\/pl\/audio-player-widget\/prestashop\/\" \/>\n<meta property=\"og:site_name\" content=\"Elfsight PL\" \/>\n<meta property=\"article:modified_time\" content=\"2024-10-25T11:58:06+00:00\" \/>\n<meta name=\"twitter:card\" content=\"summary_large_image\" \/>\n<meta name=\"twitter:label1\" content=\"Szacowany czas czytania\" \/>\n\t<meta name=\"twitter:data1\" content=\"2 minuty\" \/>\n<!-- \/ Yoast SEO plugin. -->","yoast_head_json":{"title":"Odtwarzacz audio \u2014 Dodaj odtwarzacz muzyczny do witryny PrestaShop (szybko i za darmo)","description":"Dodaj responsywn\u0105 aplikacj\u0119 odtwarzacza audio do witryny PrestaShop. Zastosuj wygodne demo i w ci\u0105gu kilku minut stw\u00f3rz w\u0142asny wid\u017cet muzyczny.","robots":{"index":"index","follow":"follow","max-snippet":"max-snippet:-1","max-image-preview":"max-image-preview:large","max-video-preview":"max-video-preview:-1"},"canonical":"https:\/\/elfsight.com\/pl\/audio-player-widget\/prestashop\/","og_locale":"pl_PL","og_type":"article","og_title":"Odtwarzacz audio \u2014 Dodaj odtwarzacz muzyczny do witryny PrestaShop (szybko i za darmo)","og_description":"Dodaj responsywn\u0105 aplikacj\u0119 odtwarzacza audio do witryny PrestaShop. Zastosuj wygodne demo i w ci\u0105gu kilku minut stw\u00f3rz w\u0142asny wid\u017cet muzyczny.","og_url":"https:\/\/elfsight.com\/pl\/audio-player-widget\/prestashop\/","og_site_name":"Elfsight PL","article_modified_time":"2024-10-25T11:58:06+00:00","twitter_card":"summary_large_image","twitter_misc":{"Szacowany czas czytania":"2 minuty"},"schema":{"@context":"https:\/\/schema.org","@graph":[{"@type":"WebPage","@id":"https:\/\/elfsight.com\/pl\/audio-player-widget\/prestashop\/","url":"https:\/\/elfsight.com\/pl\/audio-player-widget\/prestashop\/","name":"Odtwarzacz audio \u2014 Dodaj odtwarzacz muzyczny do witryny PrestaShop (szybko i za darmo)","isPartOf":{"@id":"https:\/\/elfsight.com\/pl\/#website"},"datePublished":"2024-05-03T06:28:22+00:00","dateModified":"2024-10-25T11:58:06+00:00","description":"Dodaj responsywn\u0105 aplikacj\u0119 odtwarzacza audio do witryny PrestaShop. Zastosuj wygodne demo i w ci\u0105gu kilku minut stw\u00f3rz w\u0142asny wid\u017cet muzyczny.","breadcrumb":{"@id":"https:\/\/elfsight.com\/pl\/audio-player-widget\/prestashop\/#breadcrumb"},"inLanguage":"pl-PL","potentialAction":[{"@type":"ReadAction","target":["https:\/\/elfsight.com\/pl\/audio-player-widget\/prestashop\/"]}]},{"@type":"BreadcrumbList","@id":"https:\/\/elfsight.com\/pl\/audio-player-widget\/prestashop\/#breadcrumb","itemListElement":[{"@type":"ListItem","position":1,"name":"Home","item":"https:\/\/elfsight.com\/pl\/"},{"@type":"ListItem","position":2,"name":"Audio Player","item":"https:\/\/elfsight.com\/pl\/audio-player-widget\/"},{"@type":"ListItem","position":3,"name":"Audio Player &#8211; PrestaShop"}]},{"@type":"WebSite","@id":"https:\/\/elfsight.com\/pl\/#website","url":"https:\/\/elfsight.com\/pl\/","name":"Elfsight PL","description":"Just another Elfsight Sites site","potentialAction":[{"@type":"SearchAction","target":{"@type":"EntryPoint","urlTemplate":"https:\/\/elfsight.com\/pl\/?s={search_term_string}"},"query-input":{"@type":"PropertyValueSpecification","valueRequired":true,"valueName":"search_term_string"}}],"inLanguage":"pl-PL"}]}},"meta_box":{"industry":"","seo_heading":"","heading":"","description":"","cta_heading":"","cta_description":"","application":"2673","h1":"Dodatek do odtwarzacza muzyki PrestaShop","h1_caption":"Dodawaj i prezentuj \u015bcie\u017cki audio bezpo\u015brednio na swojej stronie internetowej za pomoc\u0105 eleganckiego, konfigurowalnego odtwarzacza, bez wysi\u0142ku umieszczaj\u0105c je na swojej stronie Prestashop.","application_category":[],"applications_title":"","applications_request_title":"","applications_request_button_text":"","hero_text":"","hero_video":"","hero_video_schema_markup":"","selling_points_title":"","selling_points_caption":"","selling_points":[],"selling_points_cta_text":"","features_title":"","features":"","ed_cta_examples_text":"","ed_cta_examples_hidden":"","ed_cta_demo_text":"","ed_cta_demo_hidden":"","why_caption":"","why_editor_title":"","why_editor_text":"","why_team_title":"","why_team_text":"","why_service_title":"","why_service_text":"","template_catalog_visible":"","template_catalog_title":"","template_catalog_text":"","template_catalog_categories_visible":"","demo_title":"Zach\u0119camy do stworzenia spersonalizowanego odtwarzacza muzycznego PrestaShop!","demo_caption":"Dostosuj go i zintegruj widget ze swoj\u0105 stron\u0105 korzystaj\u0105c z wersji demonstracyjnej","default_faq_hidden":"","app_template_category":[],"platform":"586","template_public_id":"","codecanyon_url":"","codecanyon_item_id":"","codecanyon_price":"","pricing_caption":"","pricing_elfsight_apps_hide_column":"","pricing_elfsight_apps_url":"","pricing_codecanyon_price_caption":"","integration_category":[],"integration_request_title":"","integration_request_cta":"","integration_platform":"","integrations":[],"platform_category":[],"video_schema_markup":"","price":"od 0 USD \/ miesi\u0105c","trial":"","benefits":[{"text":"Bezp\u0142atna pomoc w monta\u017cu"},{"text":"Wyj\u0105tkowe wsparcie"},{"text":"14-dniowa gwarancja zwrotu pieni\u0119dzy"}],"button_url":"#demo","button_target_blank":"","button_nofollow":"","attributes":[{"name":"Instaluje"},{"name":"Czu\u0142y"},{"name":"Kompatybilne przegl\u0105darki"}],"tags":[],"tags_disable_links":"","hide_more_platforms":"","video_object":"","demo_hide_cta":"","demo_hide_cloud_options":"","pricing_title":"","pricing":[{"pricing_icon":"platform","pricing_title":"Elfsight Apps","pricing_title_caption":"Oprogramowanie wieloplatformowe, kt\u00f3re dzia\u0142a na dowolnej stronie internetowej","pricing_price":"od 0 USD \/ miesi\u0105c","pricing_price_caption":"zacznij od bezp\u0142atnego planu","pricing_benefits":[{"text":"Nielimitowane strony internetowe"},{"text":"Bezp\u0142atne wsparcie firmy"},{"text":"Bezp\u0142atna pomoc przy instalacji"},{"text":"W pe\u0142ni konfigurowalny"}],"pricing_button_text":"Dodaj do witryny","pricing_button_url":"#demo"}],"related_apps_title":"","related_apps_hidden":"","author":"","image":[],"title":"","job":"","social_networks":[]},"_links":{"self":[{"href":"https:\/\/elfsight.com\/pl\/wp-json\/wp\/v2\/pages\/4192","targetHints":{"allow":["GET"]}}],"collection":[{"href":"https:\/\/elfsight.com\/pl\/wp-json\/wp\/v2\/pages"}],"about":[{"href":"https:\/\/elfsight.com\/pl\/wp-json\/wp\/v2\/types\/page"}],"author":[{"embeddable":true,"href":"https:\/\/elfsight.com\/pl\/wp-json\/wp\/v2\/users\/9"}],"replies":[{"embeddable":true,"href":"https:\/\/elfsight.com\/pl\/wp-json\/wp\/v2\/comments?post=4192"}],"version-history":[{"count":1,"href":"https:\/\/elfsight.com\/pl\/wp-json\/wp\/v2\/pages\/4192\/revisions"}],"predecessor-version":[{"id":4196,"href":"https:\/\/elfsight.com\/pl\/wp-json\/wp\/v2\/pages\/4192\/revisions\/4196"}],"up":[{"embeddable":true,"href":"https:\/\/elfsight.com\/pl\/wp-json\/wp\/v2\/pages\/2674"}],"wp:attachment":[{"href":"https:\/\/elfsight.com\/pl\/wp-json\/wp\/v2\/media?parent=4192"}],"curies":[{"name":"wp","href":"https:\/\/api.w.org\/{rel}","templated":true}]}}