{"id":4190,"date":"2024-05-03T06:28:20","date_gmt":"2024-05-03T06:28:20","guid":{"rendered":"https:\/\/elfsight.com\/pl\/?page_id=4190"},"modified":"2024-11-14T09:25:36","modified_gmt":"2024-11-14T09:25:36","slug":"blogger","status":"publish","type":"page","link":"https:\/\/elfsight.com\/pl\/apple-app-store-reviews-widget\/blogger\/","title":{"rendered":"Apple App Store Reviews &#8211; Blogger"},"content":{"rendered":"<div class=\"application-platform-content-item-description application-platform-content-item\" id=\"description\" data-nav-section=\"description\"><h2>Opis<\/h2> <p>Elfsight Apple Store Recenzje to przydatny widget, kt\u00f3ry umo\u017cliwia prezentowanie recenzji na temat Twojej firmy bezpo\u015brednio w Twojej witrynie . Za pomoc\u0105 tego narz\u0119dzia b\u0119dziesz m\u00f3g\u0142 zastosowa\u0107 filtry maskuj\u0105ce niechciane komentarze, pokaza\u0107 swoj\u0105 liczb\u0119 gwiazdek i ocen, zaprezentowa\u0107 dane o tw\u00f3rcach komentarzy, a tak\u017ce doda\u0107 przycisk CTA, kt\u00f3ry zmotywuje u\u017cytkownik\u00f3w do opublikowania komentarza. Recenzje Apple Elfsight pomog\u0105 Ci pochwali\u0107 si\u0119 wysokim poziomem wiarygodno\u015bci spo\u0142ecznej w Twojej witrynie i sprawi\u0105, \u017ce zaczniesz dokonywa\u0107 wi\u0119kszej liczby nowych zakup\u00f3w. <\/p><p><b>Sprzeda\u017c na wy\u017cszym poziomie mo\u017ce pochwali\u0107 si\u0119 znacz\u0105cymi ocenami i uznaniem klient\u00f3w<\/b><\/p><\/div> <div class=\"application-platform-content-item-features application-platform-content-item\" id=\"features\" data-nav-section=\"features\"><h2>Funkcje<\/h2> <p> Tutaj mo\u017cesz zobaczy\u0107 wszystkie cechy produktu. Mo\u017cesz nimi zarz\u0105dza\u0107 bezpo\u015brednio w edytorze, a oni pomog\u0105 Ci skonfigurowa\u0107 wid\u017cet najbardziej odpowiedni do Twoich potrzeb. <\/p> <ul> <li>Opcja ustawienia szybko\u015bci przesuwania i szybko\u015bci automatycznego odtwarzania; <\/li> <li>Wyb\u00f3r typu paginacji w uk\u0142adzie Slider; <\/li> <li>Regulowana szeroko\u015b\u0107 i wysoko\u015b\u0107; <\/li> <li>Prze\u0142\u0105czany nag\u0142\u00f3wek narz\u0119dzia; <\/li> <\/ul> <p><a href=\"#demo\">Wypr\u00f3buj wszystkie inne funkcje w wersji demonstracyjnej<\/a><\/p> <\/div> <div class=\"application-platform-content-item-installation application-platform-content-item\" id=\"installation\" data-nav-section=\"installation\"><h2> Jak zintegrowa\u0107 recenzje Apple Store z Bloggerem? <\/h2> <p>Aby wstawi\u0107 wid\u017cet, wystarczy zastosowa\u0107 si\u0119 do poni\u017cszych instrukcji. <\/p> <ul> <li><b>Stw\u00f3rz w\u0142asn\u0105 wtyczk\u0119 Apple<\/b><br> Za pomoc\u0105 naszego bezp\u0142atnego konfiguratora utw\u00f3rz wtyczk\u0119 z preferowanym interfejsem i cechami funkcjonalnymi. <\/li> <li><b>Odbierz osobisty kod, aby doda\u0107 wtyczk\u0119<\/b><br> Po utworzeniu wid\u017cetu otrzymasz sw\u00f3j osobisty kod z powiadomienia pojawiaj\u0105cego si\u0119 w aplikacjach Elfsight. Skopiuj ten kod. <\/li> <li><b>Opublikuj wtyczk\u0119 w swojej witrynie Bloggera<\/b><br> Wybierz obszar, w kt\u00f3rym chcesz osadzi\u0107 wtyczk\u0119 i wstaw tam skopiowany kod. Opublikuj wyniki. <\/li> <li><b>Gotowe! <\/b><br> Przejd\u017a do swojej witryny, aby zobaczy\u0107 swoj\u0105 wtyczk\u0119. <\/li> <\/ul> <p>Je\u015bli potrzebujesz pomocy lub masz pytania, skontaktuj si\u0119 z naszym dzia\u0142em obs\u0142ugi klienta. Przy ka\u017cdej pro\u015bbie wyci\u0105gniemy pomocn\u0105 d\u0142o\u0144. <\/p> <\/div>","protected":false},"excerpt":{"rendered":"","protected":false},"author":9,"featured_media":0,"parent":1402,"menu_order":0,"comment_status":"closed","ping_status":"closed","template":"templates\/template-application-platform.php","meta":{"publish_to_discourse":"","publish_post_category":"","wpdc_auto_publish_overridden":"","wpdc_topic_tags":"","wpdc_pin_topic":"","wpdc_pin_until":"","discourse_post_id":"","discourse_permalink":"","wpdc_publishing_response":"","wpdc_publishing_error":"","footnotes":""},"class_list":["post-4190","page","type-page","status-publish","hentry"],"yoast_head":"<!-- This site is optimized with the Yoast SEO plugin v25.3.1 - https:\/\/yoast.com\/wordpress\/plugins\/seo\/ -->\n<title>Osad\u017a recenzje Apple w swojej witrynie Bloggera (\u0142atwo i szybko)<\/title>\n<meta name=\"description\" content=\"Utworzenie w\u0142asnego wid\u017cetu Recenzje Apple i opublikowanie go w witrynie Bloggera jest \u0142atwym procesem. Obs\u0142uga klienta Elfsight jest bezp\u0142atna.\" \/>\n<meta name=\"robots\" content=\"index, follow, max-snippet:-1, max-image-preview:large, max-video-preview:-1\" \/>\n<link rel=\"canonical\" href=\"https:\/\/elfsight.com\/pl\/apple-app-store-reviews-widget\/blogger\/\" \/>\n<meta property=\"og:locale\" content=\"pl_PL\" \/>\n<meta property=\"og:type\" content=\"article\" \/>\n<meta property=\"og:title\" content=\"Osad\u017a recenzje Apple w swojej witrynie Bloggera (\u0142atwo i szybko)\" \/>\n<meta property=\"og:description\" content=\"Utworzenie w\u0142asnego wid\u017cetu Recenzje Apple i opublikowanie go w witrynie Bloggera jest \u0142atwym procesem. Obs\u0142uga klienta Elfsight jest bezp\u0142atna.\" \/>\n<meta property=\"og:url\" content=\"https:\/\/elfsight.com\/pl\/apple-app-store-reviews-widget\/blogger\/\" \/>\n<meta property=\"og:site_name\" content=\"Elfsight PL\" \/>\n<meta property=\"article:modified_time\" content=\"2024-11-14T09:25:36+00:00\" \/>\n<meta name=\"twitter:card\" content=\"summary_large_image\" \/>\n<meta name=\"twitter:label1\" content=\"Szacowany czas czytania\" \/>\n\t<meta name=\"twitter:data1\" content=\"2 minuty\" \/>\n<!-- \/ Yoast SEO plugin. -->","yoast_head_json":{"title":"Osad\u017a recenzje Apple w swojej witrynie Bloggera (\u0142atwo i szybko)","description":"Utworzenie w\u0142asnego wid\u017cetu Recenzje Apple i opublikowanie go w witrynie Bloggera jest \u0142atwym procesem. Obs\u0142uga klienta Elfsight jest bezp\u0142atna.","robots":{"index":"index","follow":"follow","max-snippet":"max-snippet:-1","max-image-preview":"max-image-preview:large","max-video-preview":"max-video-preview:-1"},"canonical":"https:\/\/elfsight.com\/pl\/apple-app-store-reviews-widget\/blogger\/","og_locale":"pl_PL","og_type":"article","og_title":"Osad\u017a recenzje Apple w swojej witrynie Bloggera (\u0142atwo i szybko)","og_description":"Utworzenie w\u0142asnego wid\u017cetu Recenzje Apple i opublikowanie go w witrynie Bloggera jest \u0142atwym procesem. Obs\u0142uga klienta Elfsight jest bezp\u0142atna.","og_url":"https:\/\/elfsight.com\/pl\/apple-app-store-reviews-widget\/blogger\/","og_site_name":"Elfsight PL","article_modified_time":"2024-11-14T09:25:36+00:00","twitter_card":"summary_large_image","twitter_misc":{"Szacowany czas czytania":"2 minuty"},"schema":{"@context":"https:\/\/schema.org","@graph":[{"@type":"WebPage","@id":"https:\/\/elfsight.com\/pl\/apple-app-store-reviews-widget\/blogger\/","url":"https:\/\/elfsight.com\/pl\/apple-app-store-reviews-widget\/blogger\/","name":"Osad\u017a recenzje Apple w swojej witrynie Bloggera (\u0142atwo i szybko)","isPartOf":{"@id":"https:\/\/elfsight.com\/pl\/#website"},"datePublished":"2024-05-03T06:28:20+00:00","dateModified":"2024-11-14T09:25:36+00:00","description":"Utworzenie w\u0142asnego wid\u017cetu Recenzje Apple i opublikowanie go w witrynie Bloggera jest \u0142atwym procesem. Obs\u0142uga klienta Elfsight jest bezp\u0142atna.","breadcrumb":{"@id":"https:\/\/elfsight.com\/pl\/apple-app-store-reviews-widget\/blogger\/#breadcrumb"},"inLanguage":"pl-PL","potentialAction":[{"@type":"ReadAction","target":["https:\/\/elfsight.com\/pl\/apple-app-store-reviews-widget\/blogger\/"]}]},{"@type":"BreadcrumbList","@id":"https:\/\/elfsight.com\/pl\/apple-app-store-reviews-widget\/blogger\/#breadcrumb","itemListElement":[{"@type":"ListItem","position":1,"name":"Home","item":"https:\/\/elfsight.com\/pl\/"},{"@type":"ListItem","position":2,"name":"Apple App Store Reviews","item":"https:\/\/elfsight.com\/pl\/apple-app-store-reviews-widget\/"},{"@type":"ListItem","position":3,"name":"Apple App Store Reviews &#8211; Blogger"}]},{"@type":"WebSite","@id":"https:\/\/elfsight.com\/pl\/#website","url":"https:\/\/elfsight.com\/pl\/","name":"Elfsight PL","description":"Just another Elfsight Sites site","potentialAction":[{"@type":"SearchAction","target":{"@type":"EntryPoint","urlTemplate":"https:\/\/elfsight.com\/pl\/?s={search_term_string}"},"query-input":{"@type":"PropertyValueSpecification","valueRequired":true,"valueName":"search_term_string"}}],"inLanguage":"pl-PL"}]}},"meta_box":{"industry":"","seo_heading":"","heading":"","description":"","cta_heading":"","cta_description":"","application":"1401","h1":"Widget recenzji recenzji w sklepie Apple App Store na Bloggerze","h1_caption":"Osadzaj recenzje z wid\u017cetu sklepu z wid\u017cetami Apple, aby bez wysi\u0142ku budowa\u0107 wiarygodno\u015b\u0107 i zach\u0119ca\u0107 do cz\u0119stszych pobra\u0144 w witrynie Bloggera.","application_category":[],"applications_title":"","applications_request_title":"","applications_request_button_text":"","hero_text":"","hero_video":"","hero_video_schema_markup":"","selling_points_title":"","selling_points_caption":"","selling_points":[],"selling_points_cta_text":"","features_title":"","features":"","ed_cta_examples_text":"","ed_cta_examples_hidden":"","ed_cta_demo_text":"","ed_cta_demo_hidden":"","why_caption":"","why_editor_title":"","why_editor_text":"","why_team_title":"","why_team_text":"","why_service_title":"","why_service_text":"","template_catalog_visible":"","template_catalog_title":"","template_catalog_text":"","template_catalog_categories_visible":"","demo_title":"Utw\u00f3rz wid\u017cet Recenzje w sklepie Apple App Store","demo_caption":"Skonfiguruj swoje recenzje w sklepie Apple App Store i dodaj je za darmo do swojej witryny Blogger!","default_faq_hidden":"","app_template_category":[],"platform":"44","template_public_id":"","codecanyon_url":"","codecanyon_item_id":"","codecanyon_price":"","pricing_caption":"","pricing_elfsight_apps_hide_column":"","pricing_elfsight_apps_url":"","pricing_codecanyon_price_caption":"","integration_category":[],"integration_request_title":"","integration_request_cta":"","integration_platform":"","integrations":[],"platform_category":[],"video_schema_markup":"","price":"od 0 USD \/ miesi\u0105c","trial":"","benefits":[{"text":"Bezp\u0142atna pomoc w instalacji"},{"text":"Wyj\u0105tkowe wsparcie"},{"text":"14-dniowa gwarancja zwrotu pieni\u0119dzy"}],"button_url":"#demo","button_target_blank":"","button_nofollow":"","attributes":[{"name":"Instaluje"},{"name":"Czu\u0142y"},{"name":"Kompatybilne przegl\u0105darki"}],"tags":[],"tags_disable_links":"","hide_more_platforms":"","video_object":"","demo_hide_cta":"","demo_hide_cloud_options":"","pricing_title":"","pricing":[{"pricing_icon":"platform","pricing_title":"Elfsight Apps","pricing_title_caption":"Rozwi\u0105zanie wieloplatformowe, kt\u00f3re pasuje do ka\u017cdej witryny","pricing_price":"od 0 USD \/ miesi\u0105c","pricing_price_caption":"zacznij od bezp\u0142atnego planu","pricing_benefits":[{"text":"Nielimitowane strony internetowe"},{"text":"Dedykowana obs\u0142uga klienta"},{"text":"Bezp\u0142atna pomoc w instalacji"},{"text":"Elastyczny projekt"}],"pricing_button_text":"Dodaj do witryny","pricing_button_url":"#demo"}],"related_apps_title":"","related_apps_hidden":"","author":"","image":[],"title":"","job":"","social_networks":[]},"_links":{"self":[{"href":"https:\/\/elfsight.com\/pl\/wp-json\/wp\/v2\/pages\/4190","targetHints":{"allow":["GET"]}}],"collection":[{"href":"https:\/\/elfsight.com\/pl\/wp-json\/wp\/v2\/pages"}],"about":[{"href":"https:\/\/elfsight.com\/pl\/wp-json\/wp\/v2\/types\/page"}],"author":[{"embeddable":true,"href":"https:\/\/elfsight.com\/pl\/wp-json\/wp\/v2\/users\/9"}],"replies":[{"embeddable":true,"href":"https:\/\/elfsight.com\/pl\/wp-json\/wp\/v2\/comments?post=4190"}],"version-history":[{"count":1,"href":"https:\/\/elfsight.com\/pl\/wp-json\/wp\/v2\/pages\/4190\/revisions"}],"predecessor-version":[{"id":4194,"href":"https:\/\/elfsight.com\/pl\/wp-json\/wp\/v2\/pages\/4190\/revisions\/4194"}],"up":[{"embeddable":true,"href":"https:\/\/elfsight.com\/pl\/wp-json\/wp\/v2\/pages\/1402"}],"wp:attachment":[{"href":"https:\/\/elfsight.com\/pl\/wp-json\/wp\/v2\/media?parent=4190"}],"curies":[{"name":"wp","href":"https:\/\/api.w.org\/{rel}","templated":true}]}}