{"id":4181,"date":"2024-05-03T06:28:15","date_gmt":"2024-05-03T06:28:15","guid":{"rendered":"https:\/\/elfsight.com\/pl\/?page_id=4181"},"modified":"2024-11-14T09:25:29","modified_gmt":"2024-11-14T09:25:29","slug":"elementor","status":"publish","type":"page","link":"https:\/\/elfsight.com\/pl\/apple-app-store-reviews-widget\/elementor\/","title":{"rendered":"Apple App Store Reviews &#8211; Elementor"},"content":{"rendered":"<div class=\"application-platform-content-item-description application-platform-content-item\" id=\"description\" data-nav-section=\"description\"><h2>Osadzaj recenzje Apple App Store w Elementorze za pomoc\u0105 wid\u017cetu Elfsight<\/h2> <p>Elfsight Apple App Store Recenzje to przydatne narz\u0119dzie s\u0142u\u017c\u0105ce do wy\u015bwietlaj recenzje swoich produkt\u00f3w bezpo\u015brednio na swojej stronie internetowej. Korzystaj\u0105c z narz\u0119dzia Elfsight, b\u0119dziesz m\u00f3g\u0142 zastosowa\u0107 filtry ukrywaj\u0105ce niepo\u017c\u0105dane komentarze, pochwali\u0107 si\u0119 swoj\u0105 liczb\u0105 gwiazdek i ocen, doda\u0107 dane o autorach komentarzy, a tak\u017ce doda\u0107 CTA, kt\u00f3re zmotywuje u\u017cytkownik\u00f3w do pozostawienia recenzji. Recenzje Apple Elfsight pomog\u0105 zademonstrowa\u0107 Tw\u00f3j wspania\u0142y dow\u00f3d spo\u0142eczno\u015bciowy na stronie internetowej i zwi\u0119kszy\u0107 sprzeda\u017c. <\/p><p><b>Zwi\u0119ksz sprzeda\u017c, okazuj\u0105c doskona\u0142\u0105 ocen\u0119 i wdzi\u0119czno\u015b\u0107 odwiedzaj\u0105cych<\/b><\/p><\/div> <div class=\"application-platform-content-item-features application-platform-content-item\" id=\"features\" data-nav-section=\"features\"><h2>G\u0142\u00f3wne funkcje aplikacji Apple Widget Recenzje Sklepu<\/h2> <p>Oto lista wszystkich cech funkcjonalnych produktu. S\u0105 one dost\u0119pne bezpo\u015brednio w edytorze i pomog\u0105 Ci ukszta\u0142towa\u0107 wid\u017cet specjalnie pod Twoje potrzeby. <\/p> <ul> <li>Ustawianie szybko\u015bci przesuwania i szybko\u015bci automatycznego odtwarzania; <\/li> <li>Wyb\u00f3r typu paginacji w uk\u0142adzie Slider; <\/li> <li>Elastyczna szeroko\u015b\u0107 i wysoko\u015b\u0107; <\/li> <li>Opcja w\u0142\u0105czania\/wy\u0142\u0105czania nag\u0142\u00f3wka wid\u017cetu; <\/li> <\/ul> <p><a href=\"#demo\">Mo\u017cesz wypr\u00f3bowa\u0107 wszystkie funkcje wid\u017cetu bezpo\u015brednio w wersji demonstracyjnej<\/a><\/p> <\/div> <div class=\"application-platform-content-item-installation application-platform-content-item\" id=\"installation\" data-nav-section=\"installation\"> <h2>Jak doda\u0107 recenzje Apple Store do mojej witryny Elementor? <\/h2> <p>Aby wstawi\u0107 wid\u017cet, post\u0119puj zgodnie z poni\u017cszymi wskaz\u00f3wkami. <\/p> <ul> <li><b>Stw\u00f3rz spersonalizowan\u0105 wtyczk\u0119 Apple<\/b><br> W naszej bezp\u0142atnej wersji demonstracyjnej utw\u00f3rz wtyczk\u0119 o preferowanym wygl\u0105dzie i funkcjach. <\/li> <li><b>Odbierz osobisty kod umo\u017cliwiaj\u0105cy wy\u015bwietlenie wtyczki<\/b><br> Po ustawieniu wid\u017cetu kod instalacyjny otrzymasz z wyskakuj\u0105cego powiadomienia w aplikacji Elfsight. Skopiuj to. <\/li> <li><b>Opublikuj wtyczk\u0119 na swojej stronie Elementora<\/b><br> Wybierz miejsce, w kt\u00f3rym chcesz wy\u015bwietli\u0107 wtyczk\u0119 i wstaw tam zapisany kod. Opublikuj wyniki. <\/li> <li><b>Instalacja zosta\u0142a zako\u0144czona<\/b><br> Wejd\u017a na stron\u0119 internetow\u0105, aby zobaczy\u0107 swoj\u0105 wtyczk\u0119. <\/li> <\/ul> <p>Je\u015bli potrzebujesz porady lub masz problemy, skontaktuj si\u0119 z obs\u0142ug\u0105 klienta. Nasi specjali\u015bci ch\u0119tnie pomog\u0105 w ka\u017cdej sprawie. <\/p> <\/div>","protected":false},"excerpt":{"rendered":"","protected":false},"author":9,"featured_media":0,"parent":1402,"menu_order":0,"comment_status":"closed","ping_status":"closed","template":"templates\/template-application-platform.php","meta":{"publish_to_discourse":"","publish_post_category":"","wpdc_auto_publish_overridden":"","wpdc_topic_tags":"","wpdc_pin_topic":"","wpdc_pin_until":"","discourse_post_id":"","discourse_permalink":"","wpdc_publishing_response":"","wpdc_publishing_error":"","footnotes":""},"class_list":["post-4181","page","type-page","status-publish","hentry"],"yoast_head":"<!-- This site is optimized with the Yoast SEO plugin v25.3.1 - https:\/\/yoast.com\/wordpress\/plugins\/seo\/ -->\n<title>Osad\u017a recenzje Apple na swojej stronie internetowej Elementor (\u0142atwo i szybko)<\/title>\n<meta name=\"description\" content=\"Utworzenie w\u0142asnego wid\u017cetu Apple Reviews i opublikowanie go w witrynie Elementor jest \u0142atwym procesem. Obs\u0142uga klienta Elfsight jest bezp\u0142atna.\" \/>\n<meta name=\"robots\" content=\"index, follow, max-snippet:-1, max-image-preview:large, max-video-preview:-1\" \/>\n<link rel=\"canonical\" href=\"https:\/\/elfsight.com\/pl\/apple-app-store-reviews-widget\/elementor\/\" \/>\n<meta property=\"og:locale\" content=\"pl_PL\" \/>\n<meta property=\"og:type\" content=\"article\" \/>\n<meta property=\"og:title\" content=\"Osad\u017a recenzje Apple na swojej stronie internetowej Elementor (\u0142atwo i szybko)\" \/>\n<meta property=\"og:description\" content=\"Utworzenie w\u0142asnego wid\u017cetu Apple Reviews i opublikowanie go w witrynie Elementor jest \u0142atwym procesem. Obs\u0142uga klienta Elfsight jest bezp\u0142atna.\" \/>\n<meta property=\"og:url\" content=\"https:\/\/elfsight.com\/pl\/apple-app-store-reviews-widget\/elementor\/\" \/>\n<meta property=\"og:site_name\" content=\"Elfsight PL\" \/>\n<meta property=\"article:modified_time\" content=\"2024-11-14T09:25:29+00:00\" \/>\n<meta name=\"twitter:card\" content=\"summary_large_image\" \/>\n<meta name=\"twitter:label1\" content=\"Szacowany czas czytania\" \/>\n\t<meta name=\"twitter:data1\" content=\"2 minuty\" \/>\n<!-- \/ Yoast SEO plugin. -->","yoast_head_json":{"title":"Osad\u017a recenzje Apple na swojej stronie internetowej Elementor (\u0142atwo i szybko)","description":"Utworzenie w\u0142asnego wid\u017cetu Apple Reviews i opublikowanie go w witrynie Elementor jest \u0142atwym procesem. Obs\u0142uga klienta Elfsight jest bezp\u0142atna.","robots":{"index":"index","follow":"follow","max-snippet":"max-snippet:-1","max-image-preview":"max-image-preview:large","max-video-preview":"max-video-preview:-1"},"canonical":"https:\/\/elfsight.com\/pl\/apple-app-store-reviews-widget\/elementor\/","og_locale":"pl_PL","og_type":"article","og_title":"Osad\u017a recenzje Apple na swojej stronie internetowej Elementor (\u0142atwo i szybko)","og_description":"Utworzenie w\u0142asnego wid\u017cetu Apple Reviews i opublikowanie go w witrynie Elementor jest \u0142atwym procesem. Obs\u0142uga klienta Elfsight jest bezp\u0142atna.","og_url":"https:\/\/elfsight.com\/pl\/apple-app-store-reviews-widget\/elementor\/","og_site_name":"Elfsight PL","article_modified_time":"2024-11-14T09:25:29+00:00","twitter_card":"summary_large_image","twitter_misc":{"Szacowany czas czytania":"2 minuty"},"schema":{"@context":"https:\/\/schema.org","@graph":[{"@type":"WebPage","@id":"https:\/\/elfsight.com\/pl\/apple-app-store-reviews-widget\/elementor\/","url":"https:\/\/elfsight.com\/pl\/apple-app-store-reviews-widget\/elementor\/","name":"Osad\u017a recenzje Apple na swojej stronie internetowej Elementor (\u0142atwo i szybko)","isPartOf":{"@id":"https:\/\/elfsight.com\/pl\/#website"},"datePublished":"2024-05-03T06:28:15+00:00","dateModified":"2024-11-14T09:25:29+00:00","description":"Utworzenie w\u0142asnego wid\u017cetu Apple Reviews i opublikowanie go w witrynie Elementor jest \u0142atwym procesem. Obs\u0142uga klienta Elfsight jest bezp\u0142atna.","breadcrumb":{"@id":"https:\/\/elfsight.com\/pl\/apple-app-store-reviews-widget\/elementor\/#breadcrumb"},"inLanguage":"pl-PL","potentialAction":[{"@type":"ReadAction","target":["https:\/\/elfsight.com\/pl\/apple-app-store-reviews-widget\/elementor\/"]}]},{"@type":"BreadcrumbList","@id":"https:\/\/elfsight.com\/pl\/apple-app-store-reviews-widget\/elementor\/#breadcrumb","itemListElement":[{"@type":"ListItem","position":1,"name":"Home","item":"https:\/\/elfsight.com\/pl\/"},{"@type":"ListItem","position":2,"name":"Apple App Store Reviews","item":"https:\/\/elfsight.com\/pl\/apple-app-store-reviews-widget\/"},{"@type":"ListItem","position":3,"name":"Apple App Store Reviews &#8211; Elementor"}]},{"@type":"WebSite","@id":"https:\/\/elfsight.com\/pl\/#website","url":"https:\/\/elfsight.com\/pl\/","name":"Elfsight PL","description":"Just another Elfsight Sites site","potentialAction":[{"@type":"SearchAction","target":{"@type":"EntryPoint","urlTemplate":"https:\/\/elfsight.com\/pl\/?s={search_term_string}"},"query-input":{"@type":"PropertyValueSpecification","valueRequired":true,"valueName":"search_term_string"}}],"inLanguage":"pl-PL"}]}},"meta_box":{"industry":"","seo_heading":"","heading":"","description":"","cta_heading":"","cta_description":"","application":"1401","h1":"Wid\u017cet recenzji Elementor Apple App Store","h1_caption":"Osadzaj recenzje z wid\u017cetu sklepu z wid\u017cetami Apple, aby bez wysi\u0142ku budowa\u0107 wiarygodno\u015b\u0107 i zach\u0119ca\u0107 do cz\u0119stszych pobra\u0144 na swojej stronie internetowej Elementor.","application_category":[],"applications_title":"","applications_request_title":"","applications_request_button_text":"","hero_text":"","hero_video":"","hero_video_schema_markup":"","selling_points_title":"","selling_points_caption":"","selling_points":[],"selling_points_cta_text":"","features_title":"","features":"","ed_cta_examples_text":"","ed_cta_examples_hidden":"","ed_cta_demo_text":"","ed_cta_demo_hidden":"","why_caption":"","why_editor_title":"","why_editor_text":"","why_team_title":"","why_team_text":"","why_service_title":"","why_service_text":"","template_catalog_visible":"","template_catalog_title":"","template_catalog_text":"","template_catalog_categories_visible":"","demo_title":"Utw\u00f3rz wid\u017cet Recenzje w sklepie Apple App Store","demo_caption":"Skonfiguruj swoje recenzje w Apple App Store i dodaj je za darmo do swojej witryny Elementor!","default_faq_hidden":"","app_template_category":[],"platform":"268","template_public_id":"","codecanyon_url":"","codecanyon_item_id":"","codecanyon_price":"","pricing_caption":"","pricing_elfsight_apps_hide_column":"","pricing_elfsight_apps_url":"","pricing_codecanyon_price_caption":"","integration_category":[],"integration_request_title":"","integration_request_cta":"","integration_platform":"","integrations":[],"platform_category":[],"video_schema_markup":"","price":"od 0 USD \/ miesi\u0105c","trial":"","benefits":[{"text":"Bezp\u0142atna pomoc w monta\u017cu"},{"text":"Do\u015bwiadczona obs\u0142uga klienta"},{"text":"14-dniowa gwarancja zwrotu pieni\u0119dzy"}],"button_url":"#demo","button_target_blank":"","button_nofollow":"","attributes":[{"name":"Instaluje"},{"name":"Czu\u0142y"},{"name":"Kompatybilne przegl\u0105darki"}],"tags":[],"tags_disable_links":"","hide_more_platforms":"","video_object":"","demo_hide_cta":"","demo_hide_cloud_options":"","pricing_title":"","pricing":[{"pricing_icon":"platform","pricing_title":"Elfsight Apps","pricing_title_caption":"Wersja niezale\u017cna od platformy","pricing_price":"od 0 USD \/ miesi\u0105c","pricing_price_caption":"zacznij od bezp\u0142atnego planu","pricing_benefits":[{"text":"Nielimitowane domeny"},{"text":"Dedykowane wsparcie firmy"},{"text":"Bezp\u0142atna us\u0142uga monta\u017cu"},{"text":"Specjalna cena za wiele aplikacji"}],"pricing_button_text":"Dodaj do witryny","pricing_button_url":"#demo"}],"related_apps_title":"","related_apps_hidden":"","author":"","image":[],"title":"","job":"","social_networks":[]},"_links":{"self":[{"href":"https:\/\/elfsight.com\/pl\/wp-json\/wp\/v2\/pages\/4181","targetHints":{"allow":["GET"]}}],"collection":[{"href":"https:\/\/elfsight.com\/pl\/wp-json\/wp\/v2\/pages"}],"about":[{"href":"https:\/\/elfsight.com\/pl\/wp-json\/wp\/v2\/types\/page"}],"author":[{"embeddable":true,"href":"https:\/\/elfsight.com\/pl\/wp-json\/wp\/v2\/users\/9"}],"replies":[{"embeddable":true,"href":"https:\/\/elfsight.com\/pl\/wp-json\/wp\/v2\/comments?post=4181"}],"version-history":[{"count":1,"href":"https:\/\/elfsight.com\/pl\/wp-json\/wp\/v2\/pages\/4181\/revisions"}],"predecessor-version":[{"id":4185,"href":"https:\/\/elfsight.com\/pl\/wp-json\/wp\/v2\/pages\/4181\/revisions\/4185"}],"up":[{"embeddable":true,"href":"https:\/\/elfsight.com\/pl\/wp-json\/wp\/v2\/pages\/1402"}],"wp:attachment":[{"href":"https:\/\/elfsight.com\/pl\/wp-json\/wp\/v2\/media?parent=4181"}],"curies":[{"name":"wp","href":"https:\/\/api.w.org\/{rel}","templated":true}]}}