{"id":4174,"date":"2024-05-03T06:28:12","date_gmt":"2024-05-03T06:28:12","guid":{"rendered":"https:\/\/elfsight.com\/pl\/?page_id=4174"},"modified":"2024-11-14T09:25:15","modified_gmt":"2024-11-14T09:25:15","slug":"magento","status":"publish","type":"page","link":"https:\/\/elfsight.com\/pl\/apple-app-store-reviews-widget\/magento\/","title":{"rendered":"Apple App Store Reviews &#8211; Magento"},"content":{"rendered":"<div class=\"application-platform-content-item-description application-platform-content-item\" id=\"description\" data-nav-section=\"description\"><h2>Opis<\/h2> <p>Elfsight Apple Store Recenzje to przydatne narz\u0119dzie s\u0142u\u017c\u0105ce do prezentowania recenzji o Twoich produktach bezpo\u015brednio w Twojej witrynie. Korzystaj\u0105c z rozszerzenia Elfsight, b\u0119dziesz w stanie u\u017cywa\u0107 filtr\u00f3w do ukrywania niechcianych komentarzy, pokazywa\u0107 swoj\u0105 liczb\u0119 gwiazdek i ocen, wy\u015bwietla\u0107 informacje o autorach komentarzy i dodawa\u0107 CTA, kt\u00f3re zmotywuje u\u017cytkownik\u00f3w do pozostawienia recenzji. Recenzje Apple Elfsight pomog\u0105 Ci wykaza\u0107 si\u0119 wysokim poziomem wiarygodno\u015bci spo\u0142ecznej w witrynie i przyci\u0105gn\u0105\u0107 nowe zakupy. <\/p><p><b>Wy\u017cszy poziom sprzeda\u017cy mo\u017ce pochwali\u0107 si\u0119 imponuj\u0105c\u0105 ocen\u0105 i uznaniem klient\u00f3w<\/b><\/p><\/div> <div class=\"application-platform-content-item-features application-platform-content-item\" id=\"features\" data-nav-section=\"features\"><h2>Funkcje<\/h2> <p>Zobacz wszystkie funkcje produktu. Mo\u017cesz je ustawi\u0107 bezpo\u015brednio w edytorze, a one pomog\u0105 Ci stworzy\u0107 wid\u017cet dostosowany do Twoich potrzeb. <\/p> <ul> <li>Wyb\u00f3r szybko\u015bci slajdu i szybko\u015bci autoodtwarzania; <\/li> <li>Wyb\u00f3r typu paginacji w uk\u0142adzie Slider; <\/li> <li>Elastyczna szeroko\u015b\u0107 i wysoko\u015b\u0107; <\/li> <li>Opcja w\u0142\u0105czania\/wy\u0142\u0105czania nag\u0142\u00f3wka narz\u0119dzia; <\/li> <\/ul> <p><a href=\"#demo\">Mo\u017cesz wypr\u00f3bowa\u0107 wszystkie funkcje widgetu bezpo\u015brednio w wersji demonstracyjnej<\/a><\/p> <\/div> <div class=\"application-platform-content-item-installation application-platform-content-item\" id=\"installation\" data-nav-section=\"installation\"><h2>Jak mog\u0119 zintegrowa\u0107 recenzje Apple Store z moj\u0105 witryn\u0105 Magento? <\/h2> <p>Aby rozpocz\u0105\u0107 korzystanie z wid\u017cetu, wykonaj kilka szybkich krok\u00f3w. <\/p> <ol><li><b>Otw\u00f3rz nasz darmowy konfigurator i rozpocznij prac\u0119 ze swoim unikalnym rozszerzeniem. <\/b><br> Wybierz preferowany uk\u0142ad i parametry rozszerzenia i zastosuj wszystkie zmiany. <\/li> <li><b>Ujawnij sw\u00f3j osobisty kod w specjalnym formularzu w aplikacjach Elfsight. <\/b><br> Po skonfigurowaniu numeru wewn\u0119trznego skopiuj kod osobisty z wy\u015bwietlonego pola i zachowaj go na dalsze potrzeby. <\/li> <li><b>Zainicjuj u\u017cycie rozszerzenia w swojej witrynie Magento. <\/b><br> Wklej zapisany wcze\u015bniej kod na swoj\u0105 stron\u0119 i zastosuj ulepszenia. <\/li> <li><b>Gotowe! Integracja zosta\u0142a ca\u0142kowicie zako\u0144czona. <\/b><br> Przejd\u017a na swoj\u0105 stron\u0119 internetow\u0105 i sprawd\u017a dzia\u0142anie rozszerzenia. <\/li><\/ol><p>Po\u015bwi\u0119\u0107 chwil\u0119, aby skontaktowa\u0107 si\u0119 z obs\u0142ug\u0105 klienta, je\u015bli potrzebujesz porady lub masz o co\u015b zapyta\u0107. Przy ka\u017cdej pro\u015bbie wyci\u0105gniemy pomocn\u0105 d\u0142o\u0144. <\/p> <\/div>","protected":false},"excerpt":{"rendered":"","protected":false},"author":9,"featured_media":0,"parent":1402,"menu_order":0,"comment_status":"closed","ping_status":"closed","template":"templates\/template-application-platform.php","meta":{"publish_to_discourse":"","publish_post_category":"","wpdc_auto_publish_overridden":"","wpdc_topic_tags":"","wpdc_pin_topic":"","wpdc_pin_until":"","discourse_post_id":"","discourse_permalink":"","wpdc_publishing_response":"","wpdc_publishing_error":"","footnotes":""},"class_list":["post-4174","page","type-page","status-publish","hentry"],"yoast_head":"<!-- This site is optimized with the Yoast SEO plugin v25.3.1 - https:\/\/yoast.com\/wordpress\/plugins\/seo\/ -->\n<title>Osad\u017a recenzje Apple na swojej stronie Magento (\u0142atwo i szybko)<\/title>\n<meta name=\"description\" content=\"Utworzenie w\u0142asnego wid\u017cetu Apple Reviews i opublikowanie go w witrynie Magento jest \u0142atwym procesem. Obs\u0142uga klienta Elfsight jest bezp\u0142atna.\" \/>\n<meta name=\"robots\" content=\"index, follow, max-snippet:-1, max-image-preview:large, max-video-preview:-1\" \/>\n<link rel=\"canonical\" href=\"https:\/\/elfsight.com\/pl\/apple-app-store-reviews-widget\/magento\/\" \/>\n<meta property=\"og:locale\" content=\"pl_PL\" \/>\n<meta property=\"og:type\" content=\"article\" \/>\n<meta property=\"og:title\" content=\"Osad\u017a recenzje Apple na swojej stronie Magento (\u0142atwo i szybko)\" \/>\n<meta property=\"og:description\" content=\"Utworzenie w\u0142asnego wid\u017cetu Apple Reviews i opublikowanie go w witrynie Magento jest \u0142atwym procesem. Obs\u0142uga klienta Elfsight jest bezp\u0142atna.\" \/>\n<meta property=\"og:url\" content=\"https:\/\/elfsight.com\/pl\/apple-app-store-reviews-widget\/magento\/\" \/>\n<meta property=\"og:site_name\" content=\"Elfsight PL\" \/>\n<meta property=\"article:modified_time\" content=\"2024-11-14T09:25:15+00:00\" \/>\n<meta name=\"twitter:card\" content=\"summary_large_image\" \/>\n<meta name=\"twitter:label1\" content=\"Szacowany czas czytania\" \/>\n\t<meta name=\"twitter:data1\" content=\"2 minuty\" \/>\n<!-- \/ Yoast SEO plugin. -->","yoast_head_json":{"title":"Osad\u017a recenzje Apple na swojej stronie Magento (\u0142atwo i szybko)","description":"Utworzenie w\u0142asnego wid\u017cetu Apple Reviews i opublikowanie go w witrynie Magento jest \u0142atwym procesem. Obs\u0142uga klienta Elfsight jest bezp\u0142atna.","robots":{"index":"index","follow":"follow","max-snippet":"max-snippet:-1","max-image-preview":"max-image-preview:large","max-video-preview":"max-video-preview:-1"},"canonical":"https:\/\/elfsight.com\/pl\/apple-app-store-reviews-widget\/magento\/","og_locale":"pl_PL","og_type":"article","og_title":"Osad\u017a recenzje Apple na swojej stronie Magento (\u0142atwo i szybko)","og_description":"Utworzenie w\u0142asnego wid\u017cetu Apple Reviews i opublikowanie go w witrynie Magento jest \u0142atwym procesem. Obs\u0142uga klienta Elfsight jest bezp\u0142atna.","og_url":"https:\/\/elfsight.com\/pl\/apple-app-store-reviews-widget\/magento\/","og_site_name":"Elfsight PL","article_modified_time":"2024-11-14T09:25:15+00:00","twitter_card":"summary_large_image","twitter_misc":{"Szacowany czas czytania":"2 minuty"},"schema":{"@context":"https:\/\/schema.org","@graph":[{"@type":"WebPage","@id":"https:\/\/elfsight.com\/pl\/apple-app-store-reviews-widget\/magento\/","url":"https:\/\/elfsight.com\/pl\/apple-app-store-reviews-widget\/magento\/","name":"Osad\u017a recenzje Apple na swojej stronie Magento (\u0142atwo i szybko)","isPartOf":{"@id":"https:\/\/elfsight.com\/pl\/#website"},"datePublished":"2024-05-03T06:28:12+00:00","dateModified":"2024-11-14T09:25:15+00:00","description":"Utworzenie w\u0142asnego wid\u017cetu Apple Reviews i opublikowanie go w witrynie Magento jest \u0142atwym procesem. Obs\u0142uga klienta Elfsight jest bezp\u0142atna.","breadcrumb":{"@id":"https:\/\/elfsight.com\/pl\/apple-app-store-reviews-widget\/magento\/#breadcrumb"},"inLanguage":"pl-PL","potentialAction":[{"@type":"ReadAction","target":["https:\/\/elfsight.com\/pl\/apple-app-store-reviews-widget\/magento\/"]}]},{"@type":"BreadcrumbList","@id":"https:\/\/elfsight.com\/pl\/apple-app-store-reviews-widget\/magento\/#breadcrumb","itemListElement":[{"@type":"ListItem","position":1,"name":"Home","item":"https:\/\/elfsight.com\/pl\/"},{"@type":"ListItem","position":2,"name":"Apple App Store Reviews","item":"https:\/\/elfsight.com\/pl\/apple-app-store-reviews-widget\/"},{"@type":"ListItem","position":3,"name":"Apple App Store Reviews &#8211; Magento"}]},{"@type":"WebSite","@id":"https:\/\/elfsight.com\/pl\/#website","url":"https:\/\/elfsight.com\/pl\/","name":"Elfsight PL","description":"Just another Elfsight Sites site","potentialAction":[{"@type":"SearchAction","target":{"@type":"EntryPoint","urlTemplate":"https:\/\/elfsight.com\/pl\/?s={search_term_string}"},"query-input":{"@type":"PropertyValueSpecification","valueRequired":true,"valueName":"search_term_string"}}],"inLanguage":"pl-PL"}]}},"meta_box":{"industry":"","seo_heading":"","heading":"","description":"","cta_heading":"","cta_description":"","application":"1401","h1":"Rozszerzenie recenzji Magento Apple App Store","h1_caption":"Osadzaj recenzje z rozszerzenia sklepu z rozszerzeniami Apple, aby bez wysi\u0142ku budowa\u0107 wiarygodno\u015b\u0107 i zach\u0119ca\u0107 do cz\u0119stszych pobra\u0144 na swojej stronie Magento.","application_category":[],"applications_title":"","applications_request_title":"","applications_request_button_text":"","hero_text":"","hero_video":"","hero_video_schema_markup":"","selling_points_title":"","selling_points_caption":"","selling_points":[],"selling_points_cta_text":"","features_title":"","features":"","ed_cta_examples_text":"","ed_cta_examples_hidden":"","ed_cta_demo_text":"","ed_cta_demo_hidden":"","why_caption":"","why_editor_title":"","why_editor_text":"","why_team_title":"","why_team_text":"","why_service_title":"","why_service_text":"","template_catalog_visible":"","template_catalog_title":"","template_catalog_text":"","template_catalog_categories_visible":"","demo_title":"Utw\u00f3rz rozszerzenie Recenzje w sklepie Apple App Store","demo_caption":"Skonfiguruj swoje recenzje Apple App Store i dodaj je za darmo do swojej witryny Magento!","default_faq_hidden":"","app_template_category":[],"platform":"92","template_public_id":"","codecanyon_url":"","codecanyon_item_id":"","codecanyon_price":"","pricing_caption":"","pricing_elfsight_apps_hide_column":"","pricing_elfsight_apps_url":"","pricing_codecanyon_price_caption":"","integration_category":[],"integration_request_title":"","integration_request_cta":"","integration_platform":"","integrations":[],"platform_category":[],"video_schema_markup":"","price":"od 0 USD \/ miesi\u0105c","trial":"","benefits":[{"text":"Bezp\u0142atna us\u0142uga monta\u017cu"},{"text":"Wyj\u0105tkowe wsparcie"},{"text":"14-dniowa gwarancja zwrotu pieni\u0119dzy"}],"button_url":"#demo","button_target_blank":"","button_nofollow":"","attributes":[{"name":"Instaluje"},{"name":"Czu\u0142y"},{"name":"Kompatybilne przegl\u0105darki"}],"tags":[],"tags_disable_links":"","hide_more_platforms":"","video_object":"","demo_hide_cta":"","demo_hide_cloud_options":"","pricing_title":"","pricing":[{"pricing_icon":"platform","pricing_title":"Elfsight Apps","pricing_title_caption":"Oprogramowanie niezale\u017cne od platformy, kt\u00f3re dzia\u0142a na ka\u017cdej stronie internetowej","pricing_price":"od 0 USD \/ miesi\u0105c","pricing_price_caption":"zacznij od bezp\u0142atnego planu","pricing_benefits":[{"text":"Nielimitowane domeny"},{"text":"Bezp\u0142atne i terminowe wsparcie"},{"text":"Bezp\u0142atna us\u0142uga monta\u017cu"},{"text":"W pe\u0142ni konfigurowalny"}],"pricing_button_text":"Dodaj do witryny","pricing_button_url":"#demo"}],"related_apps_title":"","related_apps_hidden":"","author":"","image":[],"title":"","job":"","social_networks":[]},"_links":{"self":[{"href":"https:\/\/elfsight.com\/pl\/wp-json\/wp\/v2\/pages\/4174","targetHints":{"allow":["GET"]}}],"collection":[{"href":"https:\/\/elfsight.com\/pl\/wp-json\/wp\/v2\/pages"}],"about":[{"href":"https:\/\/elfsight.com\/pl\/wp-json\/wp\/v2\/types\/page"}],"author":[{"embeddable":true,"href":"https:\/\/elfsight.com\/pl\/wp-json\/wp\/v2\/users\/9"}],"replies":[{"embeddable":true,"href":"https:\/\/elfsight.com\/pl\/wp-json\/wp\/v2\/comments?post=4174"}],"version-history":[{"count":1,"href":"https:\/\/elfsight.com\/pl\/wp-json\/wp\/v2\/pages\/4174\/revisions"}],"predecessor-version":[{"id":4178,"href":"https:\/\/elfsight.com\/pl\/wp-json\/wp\/v2\/pages\/4174\/revisions\/4178"}],"up":[{"embeddable":true,"href":"https:\/\/elfsight.com\/pl\/wp-json\/wp\/v2\/pages\/1402"}],"wp:attachment":[{"href":"https:\/\/elfsight.com\/pl\/wp-json\/wp\/v2\/media?parent=4174"}],"curies":[{"name":"wp","href":"https:\/\/api.w.org\/{rel}","templated":true}]}}