{"id":4166,"date":"2024-05-03T06:28:08","date_gmt":"2024-05-03T06:28:08","guid":{"rendered":"https:\/\/elfsight.com\/pl\/?page_id=4166"},"modified":"2025-06-24T12:52:33","modified_gmt":"2025-06-24T12:52:33","slug":"shopify","status":"publish","type":"page","link":"https:\/\/elfsight.com\/pl\/apple-app-store-reviews-widget\/shopify\/","title":{"rendered":"Apple App Store Reviews &#8211; Shopify"},"content":{"rendered":"<div class=\"application-platform-content-item-description application-platform-content-item\" id=\"description\" data-nav-section=\"description\"><h2>Umie\u015b\u0107 recenzje Apple App Store w Shopify za pomoc\u0105 wid\u017cetu Elfsight<\/h2> <p>Elfsight Apple Store Recenzje to przydatna aplikacja s\u0142u\u017c\u0105ca do prezentacji recenzje Twoich ofert bezpo\u015brednio na Twojej stronie. Za pomoc\u0105 tego wid\u017cetu b\u0119dziesz m\u00f3g\u0142 u\u017cywa\u0107 filtr\u00f3w do ukrywania negatywnych komentarzy, pochwali\u0107 si\u0119 swoj\u0105 liczb\u0105 gwiazdek i ocen, pokaza\u0107 szczeg\u00f3\u0142owe informacje o tw\u00f3rcach komentarzy i doda\u0107 wezwanie do dzia\u0142ania, kt\u00f3re zainspiruje u\u017cytkownik\u00f3w do zostaw swoj\u0105 recenzj\u0119. Widget Recenzje Apple Elfsight pomo\u017ce zademonstrowa\u0107 Tw\u00f3j wspania\u0142y dow\u00f3d spo\u0142eczno\u015bciowy w Twojej witrynie i przyci\u0105gn\u0105\u0107 nowe zakupy. <\/p><p><b>Zwi\u0119ksz sprzeda\u017c, okazuj\u0105c doskona\u0142e oceny i wdzi\u0119czno\u015b\u0107 odwiedzaj\u0105cych<\/b><\/p><\/div> <div class=\"application-platform-content-item-features application-platform-content-item\" id=\"features\" data-nav-section=\"features\"><h2>G\u0142\u00f3wne funkcje Apple App Store Wid\u017cet recenzji<\/h2> <p>Sprawd\u017a wszystkie cechy funkcjonalne produktu. Mo\u017cesz je dostosowa\u0107 bezpo\u015brednio w edytorze, co pomo\u017ce Ci ukszta\u0142towa\u0107 wid\u017cet dok\u0142adnie dla Twojego przypadku u\u017cycia. <\/p> <ul> <li>Opcja ustawienia szybko\u015bci przesuwania i szybko\u015bci automatycznego odtwarzania; <\/li> <li>Wyb\u00f3r typu paginacji w uk\u0142adzie Slider; <\/li> <li>Elastyczna szeroko\u015b\u0107 i wysoko\u015b\u0107; <\/li> <li>Opcja w\u0142\u0105czania\/wy\u0142\u0105czania nag\u0142\u00f3wka wid\u017cetu; <\/li> <\/ul> <p><a href=\"#demo\">Wypr\u00f3buj wszystkie inne funkcje w wersji demonstracyjnej<\/a><\/p> <\/div> <div class=\"application-platform-content-item-installation application-platform-content-item\" id=\"installation\" data-nav-section=\"installation\"><h2> Jak mog\u0119 osadzi\u0107 recenzje Apple Store w Shopify? <\/h2> <p>Aby zintegrowa\u0107 widget, wykonaj kilka szybkich krok\u00f3w. <\/p> <ol><li><b>Skorzystaj z naszego darmowego edytora i zacznij tworzy\u0107 swoj\u0105 unikaln\u0105 aplikacj\u0119. <\/b><br> Wybierz preferowany interfejs i funkcje aplikacji, a nast\u0119pnie zastosuj wszystkie zmiany. <\/li> <li><b>Odbierz sw\u00f3j osobisty kod wy\u015bwietlony w oknie aplikacji Elfsight. <\/b><br> Po skonfigurowaniu aplikacji skopiuj kod osobisty z wy\u015bwietlonego okna i zapisz go do p\u00f3\u017aniejszego wykorzystania. <\/li> <li><b>Zacznij korzysta\u0107 z aplikacji na stronie Shopify. <\/b><br> Dodaj skopiowany wcze\u015bniej kod do swojej witryny i zapisz zmiany. <\/li> <li><b>Gotowe! Osadzanie zosta\u0142o w pe\u0142ni wykonane. <\/b><br> Odwied\u017a swoj\u0105 witryn\u0119, aby sprawdzi\u0107 dzia\u0142anie aplikacji. <\/li><\/ol><p>Mo\u017cesz skontaktowa\u0107 si\u0119 z obs\u0142ug\u0105 klienta Elfsight, je\u015bli potrzebujesz porady lub masz problemy. Ch\u0119tnie pomo\u017cemy przy ka\u017cdym zapytaniu. <\/p> <div class=\"faq\" data-component=\"FAQ\"><div class=\"faq-item\">\r\n\t\t\t\t\t<div class=\"faq-item-question\">\r\n\t\t\t\t\t\t<h3 class=\"faq-item-question-text\">Jak mog\u0119 osadzi\u0107 aplikacj\u0119 Apple App Store Recenzje w mojej witrynie Shopify bez umiej\u0119tno\u015bci kodowania?<\/h3>\r\n\r\n\t\t\t\t\t\t<div class=\"faq-item-question-icon\"><\/div>\r\n\t\t\t\t\t<\/div>\r\n\r\n\t\t\t\t\t<div class=\"faq-item-answer\">\r\n\t\t\t\t\t\t<div class=\"faq-item-answer-text\"><p>Elfsight oferuje rozwi\u0105zanie oparte na chmurze, kt\u00f3re umo\u017cliwia u\u017cytkownikom tworzenie aplikacji Apple Sama aplikacja Recenzje sklepu. Zobacz, jak prosty jest ten proces:<\/p><ul><li>Uzyskaj dost\u0119p do edytora online, aby wygenerowa\u0107 sekcj\u0119 Recenzje aplikacji w sklepie Apple App Store, kt\u00f3r\u0105 chcesz zintegrowa\u0107 ze swoj\u0105 witryn\u0105 Shopify.<\/li><li>Wybierz jedn\u0105 z naszych wst\u0119pnie zaprojektowanych szablon\u00f3w i dostosuj ustawienia aplikacji Apple App Store Recenzje, zmodyfikuj uk\u0142ad i schemat kolor\u00f3w, do\u0142\u0105cz swoj\u0105 tre\u015b\u0107 bez konieczno\u015bci kodowania.<\/li><li>Zapisz ustawienia skonfigurowane dla aplikacji Apple Store Recenzje i uzyskaj kod do osadzenia aplikacji, kt\u00f3ry mo\u017cesz \u0142atwo i bezp\u0142atnie doda\u0107 do swojej witryny Shopify.<\/li><\/ul><p>Dzi\u0119ki pracy w przyjaznym dla u\u017cytkownika Edytorze ka\u017cdy u\u017cytkownik Internetu mo\u017ce tworzy\u0107 sekcj\u0119 Recenzje aplikacji w sklepie Apple App Store i umie\u015b\u0107 j\u0105 w swojej witrynie Shopify. Aby uzyska\u0107 dost\u0119p do Edytora Elfsight, nie jest wymagana \u017cadna p\u0142atno\u015b\u0107 ani ujawnianie danych karty. Je\u015bli na kt\u00f3rymkolwiek etapie napotkasz jakiekolwiek trudno\u015bci, skontaktuj si\u0119 z naszym dzia\u0142em obs\u0142ugi klienta.<\/p><\/div>\r\n\t\t\t\t\t<\/div>\r\n\t\t\t\t<\/div><\/div><\/div>","protected":false},"excerpt":{"rendered":"","protected":false},"author":9,"featured_media":0,"parent":1402,"menu_order":0,"comment_status":"closed","ping_status":"closed","template":"templates\/template-application-platform.php","meta":{"publish_to_discourse":"","publish_post_category":"","wpdc_auto_publish_overridden":"","wpdc_topic_tags":"","wpdc_pin_topic":"","wpdc_pin_until":"","discourse_post_id":"","discourse_permalink":"","wpdc_publishing_response":"","wpdc_publishing_error":"","footnotes":""},"class_list":["post-4166","page","type-page","status-publish","hentry"],"yoast_head":"<!-- This site is optimized with the Yoast SEO plugin v25.3.1 - https:\/\/yoast.com\/wordpress\/plugins\/seo\/ -->\n<title>Osad\u017a recenzje Apple na swojej stronie Shopify (\u0142atwo i szybko)<\/title>\n<meta name=\"description\" content=\"Utworzenie w\u0142asnego wid\u017cetu Recenzje Apple i opublikowanie go w witrynie Shopify jest \u0142atwym procesem. Obs\u0142uga klienta Elfsight jest bezp\u0142atna.\" \/>\n<meta name=\"robots\" content=\"index, follow, max-snippet:-1, max-image-preview:large, max-video-preview:-1\" \/>\n<link rel=\"canonical\" href=\"https:\/\/elfsight.com\/pl\/apple-app-store-reviews-widget\/shopify\/\" \/>\n<meta property=\"og:locale\" content=\"pl_PL\" \/>\n<meta property=\"og:type\" content=\"article\" \/>\n<meta property=\"og:title\" content=\"Osad\u017a recenzje Apple na swojej stronie Shopify (\u0142atwo i szybko)\" \/>\n<meta property=\"og:description\" content=\"Utworzenie w\u0142asnego wid\u017cetu Recenzje Apple i opublikowanie go w witrynie Shopify jest \u0142atwym procesem. Obs\u0142uga klienta Elfsight jest bezp\u0142atna.\" \/>\n<meta property=\"og:url\" content=\"https:\/\/elfsight.com\/pl\/apple-app-store-reviews-widget\/shopify\/\" \/>\n<meta property=\"og:site_name\" content=\"Elfsight PL\" \/>\n<meta property=\"article:modified_time\" content=\"2025-06-24T12:52:33+00:00\" \/>\n<meta name=\"twitter:card\" content=\"summary_large_image\" \/>\n<meta name=\"twitter:label1\" content=\"Szacowany czas czytania\" \/>\n\t<meta name=\"twitter:data1\" content=\"3 minuty\" \/>\n<!-- \/ Yoast SEO plugin. -->","yoast_head_json":{"title":"Osad\u017a recenzje Apple na swojej stronie Shopify (\u0142atwo i szybko)","description":"Utworzenie w\u0142asnego wid\u017cetu Recenzje Apple i opublikowanie go w witrynie Shopify jest \u0142atwym procesem. Obs\u0142uga klienta Elfsight jest bezp\u0142atna.","robots":{"index":"index","follow":"follow","max-snippet":"max-snippet:-1","max-image-preview":"max-image-preview:large","max-video-preview":"max-video-preview:-1"},"canonical":"https:\/\/elfsight.com\/pl\/apple-app-store-reviews-widget\/shopify\/","og_locale":"pl_PL","og_type":"article","og_title":"Osad\u017a recenzje Apple na swojej stronie Shopify (\u0142atwo i szybko)","og_description":"Utworzenie w\u0142asnego wid\u017cetu Recenzje Apple i opublikowanie go w witrynie Shopify jest \u0142atwym procesem. Obs\u0142uga klienta Elfsight jest bezp\u0142atna.","og_url":"https:\/\/elfsight.com\/pl\/apple-app-store-reviews-widget\/shopify\/","og_site_name":"Elfsight PL","article_modified_time":"2025-06-24T12:52:33+00:00","twitter_card":"summary_large_image","twitter_misc":{"Szacowany czas czytania":"3 minuty"},"schema":{"@context":"https:\/\/schema.org","@graph":[{"@type":"WebPage","@id":"https:\/\/elfsight.com\/pl\/apple-app-store-reviews-widget\/shopify\/","url":"https:\/\/elfsight.com\/pl\/apple-app-store-reviews-widget\/shopify\/","name":"Osad\u017a recenzje Apple na swojej stronie Shopify (\u0142atwo i szybko)","isPartOf":{"@id":"https:\/\/elfsight.com\/pl\/#website"},"datePublished":"2024-05-03T06:28:08+00:00","dateModified":"2025-06-24T12:52:33+00:00","description":"Utworzenie w\u0142asnego wid\u017cetu Recenzje Apple i opublikowanie go w witrynie Shopify jest \u0142atwym procesem. Obs\u0142uga klienta Elfsight jest bezp\u0142atna.","breadcrumb":{"@id":"https:\/\/elfsight.com\/pl\/apple-app-store-reviews-widget\/shopify\/#breadcrumb"},"inLanguage":"pl-PL","potentialAction":[{"@type":"ReadAction","target":["https:\/\/elfsight.com\/pl\/apple-app-store-reviews-widget\/shopify\/"]}]},{"@type":"BreadcrumbList","@id":"https:\/\/elfsight.com\/pl\/apple-app-store-reviews-widget\/shopify\/#breadcrumb","itemListElement":[{"@type":"ListItem","position":1,"name":"Home","item":"https:\/\/elfsight.com\/pl\/"},{"@type":"ListItem","position":2,"name":"Apple App Store Reviews","item":"https:\/\/elfsight.com\/pl\/apple-app-store-reviews-widget\/"},{"@type":"ListItem","position":3,"name":"Apple App Store Reviews &#8211; Shopify"}]},{"@type":"WebSite","@id":"https:\/\/elfsight.com\/pl\/#website","url":"https:\/\/elfsight.com\/pl\/","name":"Elfsight PL","description":"Just another Elfsight Sites site","potentialAction":[{"@type":"SearchAction","target":{"@type":"EntryPoint","urlTemplate":"https:\/\/elfsight.com\/pl\/?s={search_term_string}"},"query-input":{"@type":"PropertyValueSpecification","valueRequired":true,"valueName":"search_term_string"}}],"inLanguage":"pl-PL"}]}},"meta_box":{"industry":"","seo_heading":"","heading":"","description":"","cta_heading":"","cta_description":"","application":"1401","h1":"Aplikacja Shopify Apple App Store Recenzje","h1_caption":"Osadzaj recenzje z aplikacji sklepu z aplikacjami Apple, aby bez wysi\u0142ku budowa\u0107 wiarygodno\u015b\u0107 i zach\u0119ca\u0107 do cz\u0119stszych pobra\u0144 w swojej witrynie Shopify.","application_category":[],"applications_title":"","applications_request_title":"","applications_request_button_text":"","hero_text":"","hero_video":"","hero_video_schema_markup":"","selling_points_title":"","selling_points_caption":"","selling_points":[],"selling_points_cta_text":"","features_title":"","features":"","ed_cta_examples_text":"","ed_cta_examples_hidden":"","ed_cta_demo_text":"","ed_cta_demo_hidden":"","why_caption":"","why_editor_title":"","why_editor_text":"","why_team_title":"","why_team_text":"","why_service_title":"","why_service_text":"","template_catalog_visible":"0","template_catalog_title":"","template_catalog_text":"","template_catalog_categories_visible":"","demo_title":"Utw\u00f3rz aplikacj\u0119 Recenzje w sklepie Apple App Store","demo_caption":"Skonfiguruj swoje recenzje w Apple App Store i dodaj je za darmo do swojej witryny Shopify!","default_faq_hidden":"","app_template_category":[],"platform":"7580","template_public_id":"","codecanyon_url":"","codecanyon_item_id":"","codecanyon_price":"","pricing_caption":"","pricing_elfsight_apps_hide_column":"","pricing_elfsight_apps_url":"","pricing_codecanyon_price_caption":"","integration_category":[],"integration_request_title":"","integration_request_cta":"","integration_platform":"","integrations":[],"platform_category":[],"video_schema_markup":"","price":"od 0 USD \/ miesi\u0105c","trial":"","benefits":[{"text":"Bezp\u0142atna us\u0142uga monta\u017cu"},{"text":"Wsparcie premium"},{"text":"14-dniowa gwarancja zwrotu pieni\u0119dzy"}],"button_url":"#demo","button_target_blank":"0","button_nofollow":"0","attributes":[{"name":"Instaluje"},{"name":"Czu\u0142y"},{"name":"Kompatybilne przegl\u0105darki"}],"tags":[],"tags_disable_links":"0","hide_more_platforms":"0","video_object":"","demo_hide_cta":"0","demo_hide_cloud_options":"0","pricing_title":"","pricing":[{"pricing_icon":"cloud","pricing_title":"Elfsight Apps","pricing_title_caption":"Wersja wieloplatformowa, kt\u00f3ra dzia\u0142a na ka\u017cdej stronie internetowej","pricing_price":"od 0 USD \/ miesi\u0105c","pricing_price_caption":"zacznij od bezp\u0142atnego planu","pricing_benefits":[{"text":"Nielimitowane strony internetowe"},{"text":"Wsparcie premium"},{"text":"Bezp\u0142atna us\u0142uga monta\u017cu"},{"text":"Oferta specjalna na wiele aplikacji"}],"pricing_button_text":"Dodaj do witryny","pricing_button_url":"#demo"}],"related_apps_title":"","related_apps_hidden":"0","author":"","image":[],"title":"","job":"","social_networks":[]},"_links":{"self":[{"href":"https:\/\/elfsight.com\/pl\/wp-json\/wp\/v2\/pages\/4166","targetHints":{"allow":["GET"]}}],"collection":[{"href":"https:\/\/elfsight.com\/pl\/wp-json\/wp\/v2\/pages"}],"about":[{"href":"https:\/\/elfsight.com\/pl\/wp-json\/wp\/v2\/types\/page"}],"author":[{"embeddable":true,"href":"https:\/\/elfsight.com\/pl\/wp-json\/wp\/v2\/users\/9"}],"replies":[{"embeddable":true,"href":"https:\/\/elfsight.com\/pl\/wp-json\/wp\/v2\/comments?post=4166"}],"version-history":[{"count":1,"href":"https:\/\/elfsight.com\/pl\/wp-json\/wp\/v2\/pages\/4166\/revisions"}],"predecessor-version":[{"id":4170,"href":"https:\/\/elfsight.com\/pl\/wp-json\/wp\/v2\/pages\/4166\/revisions\/4170"}],"up":[{"embeddable":true,"href":"https:\/\/elfsight.com\/pl\/wp-json\/wp\/v2\/pages\/1402"}],"wp:attachment":[{"href":"https:\/\/elfsight.com\/pl\/wp-json\/wp\/v2\/media?parent=4166"}],"curies":[{"name":"wp","href":"https:\/\/api.w.org\/{rel}","templated":true}]}}