{"id":4165,"date":"2024-05-03T06:28:07","date_gmt":"2024-05-03T06:28:07","guid":{"rendered":"https:\/\/elfsight.com\/pl\/?page_id=4165"},"modified":"2025-06-24T12:53:06","modified_gmt":"2025-06-24T12:53:06","slug":"squarespace","status":"publish","type":"page","link":"https:\/\/elfsight.com\/pl\/apple-app-store-reviews-widget\/squarespace\/","title":{"rendered":"Apple App Store Reviews &#8211; Squarespace"},"content":{"rendered":"<div class=\"application-platform-content-item-description application-platform-content-item\" id=\"description\" data-nav-section=\"description\"><h2>Umie\u015b\u0107 recenzje Apple App Store w Squarespace za pomoc\u0105 wid\u017cetu Elfsight<\/h2> <p>Elfsight Apple App Store Recenzje to przydatne narz\u0119dzie umo\u017cliwiaj\u0105ce mo\u017cliwo\u015b\u0107 zaprezentowania opinii o Twojej firmie bezpo\u015brednio na swojej stronie internetowej. Korzystaj\u0105c z wid\u017cetu Elfsight, b\u0119dziesz w stanie zastosowa\u0107 filtry do ukrywania negatywnych recenzji, pochwali\u0107 si\u0119 swoj\u0105 liczb\u0105 gwiazdek i ocen, ujawni\u0107 informacje o tw\u00f3rcach komentarzy i doda\u0107 CTA, kt\u00f3re zach\u0119ci u\u017cytkownik\u00f3w do opublikowania recenzji. Wid\u017cet Recenzje Apple Elfsight pomo\u017ce Ci pochwali\u0107 si\u0119 wysokim poziomem wiarygodno\u015bci spo\u0142eczno\u015bciowej w witrynie i zwi\u0119kszy\u0107 liczb\u0119 nowych sprzeda\u017cy. <\/p><p><b>Wyprzeda\u017c dzi\u0119ki imponuj\u0105cej ocenie i uznaniu u\u017cytkownik\u00f3w<\/b><\/p><\/div> <div class=\"application-platform-content-item-features application-platform-content-item\" id=\"features\" data-nav-section=\"features\"><h2>G\u0142\u00f3wne funkcje Apple App Store Wid\u017cet recenzji<\/h2> <p>Zobacz wszystkie funkcje produktu. Mo\u017cesz nimi zarz\u0105dza\u0107 bezpo\u015brednio w edytorze, a one pomog\u0105 Ci stworzy\u0107 widget najbardziej odpowiedni dla Twojego przypadku. <\/p> <ul> <li>Ustawianie szybko\u015bci przesuwania i szybko\u015bci automatycznego odtwarzania; <\/li> <li>Wyb\u00f3r typu paginacji w uk\u0142adzie Slider; <\/li> <li>Elastyczna szeroko\u015b\u0107 i wysoko\u015b\u0107; <\/li> <li>Prze\u0142\u0105czany nag\u0142\u00f3wek narz\u0119dzia; <\/li> <\/ul> <p><a href=\"#demo\">Zobacz, jak dzia\u0142aj\u0105 wszystkie funkcje w naszej wersji demonstracyjnej<\/a><\/p> <\/div> <div class=\"application-platform-content-item-installation application-platform-content-item\" id=\"installation\" data-nav-section=\"installation\"> <h2>Jak doda\u0107 recenzje Apple App Store do mojej witryny Squarespace? <\/h2> <p>Aby doda\u0107 wid\u017cet, wykonaj nast\u0119puj\u0105ce szybkie kroki. <\/p> <ul> <li><b>Zaprojektuj swoj\u0105 unikaln\u0105 wtyczk\u0119 Apple<\/b><br> Zarz\u0105dzaj\u0105c naszym bezp\u0142atnym konfiguratorem, uzyskaj wtyczk\u0119 z preferowanym interfejsem i funkcjami. <\/li> <li><b>Zdob\u0105d\u017a osobisty kod, aby zainstalowa\u0107 wtyczk\u0119<\/b><br> Po utworzeniu wid\u017cetu otrzymasz indywidualny kod z wyskakuj\u0105cego okna aplikacji Elfsight. Skopiuj ten kod. <\/li> <li><b>Osad\u017a wtyczk\u0119 na swojej stronie Squarespace<\/b><br> Znajd\u017a miejsce, w kt\u00f3rym chcesz doda\u0107 wtyczk\u0119 i dodaj tam skopiowany kod. Zastosuj wyniki. <\/li> <li><b>Gotowe! <\/b><br> Przejd\u017a do swojej witryny i obejrzyj swoj\u0105 prac\u0119. <\/li> <\/ul> <p>Je\u015bli potrzebujesz porady lub masz problemy, mo\u017cesz skontaktowa\u0107 si\u0119 z obs\u0142ug\u0105 klienta Elfsight. Nasi specjali\u015bci s\u0142u\u017c\u0105 pomoc\u0105 przy ka\u017cdym zapytaniu. <\/p> <div class=\"faq\" data-component=\"FAQ\"><div class=\"faq-item\">\r\n\t\t\t\t\t<div class=\"faq-item-question\">\r\n\t\t\t\t\t\t<h3 class=\"faq-item-question-text\">Jak osadzi\u0107 FAQ w mojej witrynie Squarespace bez wiedzy z zakresu kodowania?<\/h3>\r\n\r\n\t\t\t\t\t\t<div class=\"faq-item-question-icon\"><\/div>\r\n\t\t\t\t\t<\/div>\r\n\r\n\t\t\t\t\t<div class=\"faq-item-answer\">\r\n\t\t\t\t\t\t<div class=\"faq-item-answer-text\"><p>Elfsight oferuje rozwi\u0105zanie SaaS, kt\u00f3re umo\u017cliwia samodzielne utworzenie wid\u017cetu FAQ, przekonaj si\u0119, jak prosty jest ten proces : Dzia\u0142aj bezpo\u015brednio w edytorze online, aby wygenerowa\u0107 wid\u017cet FAQ, jaki chcesz dla swojej witryny Squarespace. Wybierz jeden z naszych gotowych szablon\u00f3w i dostosuj konfiguracje FAQ, osadzaj tre\u015bci, zmieniaj projekt i kolory bez konieczno\u015bci umiej\u0119tno\u015bci kodowania. Zachowaj FAQ i skopiuj jego kod instalacyjny, aby\u015b m\u00f3g\u0142 bez wysi\u0142ku wstawi\u0107 go na swoj\u0105 stron\u0119 internetow\u0105 Squarespace bez konieczno\u015bci zakupu planu premium. Dzi\u0119ki naszemu przyjaznemu dla u\u017cytkownika Edytorowi ka\u017cdy u\u017cytkownik Internetu mo\u017ce stworzy\u0107 wid\u017cet FAQ online i wygodnie zintegrowa\u0107 go ze swoj\u0105 witryn\u0105 Squarespace. Aby uzyska\u0107 dost\u0119p do tej us\u0142ugi, nie trzeba dokonywa\u0107 p\u0142atno\u015bci ani podawa\u0107 danych karty. Je\u015bli na kt\u00f3rymkolwiek etapie napotkasz jakiekolwiek trudno\u015bci, nie wahaj si\u0119 skontaktowa\u0107 z naszym zespo\u0142em pomocy technicznej.<\/p><\/div>\r\n\t\t\t\t\t<\/div>\r\n\t\t\t\t<\/div><\/div><\/div>","protected":false},"excerpt":{"rendered":"","protected":false},"author":9,"featured_media":0,"parent":1402,"menu_order":0,"comment_status":"closed","ping_status":"closed","template":"templates\/template-application-platform.php","meta":{"publish_to_discourse":"","publish_post_category":"","wpdc_auto_publish_overridden":"","wpdc_topic_tags":"","wpdc_pin_topic":"","wpdc_pin_until":"","discourse_post_id":"","discourse_permalink":"","wpdc_publishing_response":"","wpdc_publishing_error":"","footnotes":""},"class_list":["post-4165","page","type-page","status-publish","hentry"],"yoast_head":"<!-- This site is optimized with the Yoast SEO plugin v25.3.1 - https:\/\/yoast.com\/wordpress\/plugins\/seo\/ -->\n<title>Osad\u017a recenzje Apple na swojej stronie Squarespace (\u0142atwo i szybko)<\/title>\n<meta name=\"description\" content=\"Utworzenie w\u0142asnego wid\u017cetu Recenzje Apple i opublikowanie go w witrynie Squarespace jest \u0142atwym procesem. Obs\u0142uga klienta Elfsight jest bezp\u0142atna.\" \/>\n<meta name=\"robots\" content=\"index, follow, max-snippet:-1, max-image-preview:large, max-video-preview:-1\" \/>\n<link rel=\"canonical\" href=\"https:\/\/elfsight.com\/pl\/apple-app-store-reviews-widget\/squarespace\/\" \/>\n<meta property=\"og:locale\" content=\"pl_PL\" \/>\n<meta property=\"og:type\" content=\"article\" \/>\n<meta property=\"og:title\" content=\"Osad\u017a recenzje Apple na swojej stronie Squarespace (\u0142atwo i szybko)\" \/>\n<meta property=\"og:description\" content=\"Utworzenie w\u0142asnego wid\u017cetu Recenzje Apple i opublikowanie go w witrynie Squarespace jest \u0142atwym procesem. Obs\u0142uga klienta Elfsight jest bezp\u0142atna.\" \/>\n<meta property=\"og:url\" content=\"https:\/\/elfsight.com\/pl\/apple-app-store-reviews-widget\/squarespace\/\" \/>\n<meta property=\"og:site_name\" content=\"Elfsight PL\" \/>\n<meta property=\"article:modified_time\" content=\"2025-06-24T12:53:06+00:00\" \/>\n<meta name=\"twitter:card\" content=\"summary_large_image\" \/>\n<meta name=\"twitter:label1\" content=\"Szacowany czas czytania\" \/>\n\t<meta name=\"twitter:data1\" content=\"3 minuty\" \/>\n<!-- \/ Yoast SEO plugin. -->","yoast_head_json":{"title":"Osad\u017a recenzje Apple na swojej stronie Squarespace (\u0142atwo i szybko)","description":"Utworzenie w\u0142asnego wid\u017cetu Recenzje Apple i opublikowanie go w witrynie Squarespace jest \u0142atwym procesem. Obs\u0142uga klienta Elfsight jest bezp\u0142atna.","robots":{"index":"index","follow":"follow","max-snippet":"max-snippet:-1","max-image-preview":"max-image-preview:large","max-video-preview":"max-video-preview:-1"},"canonical":"https:\/\/elfsight.com\/pl\/apple-app-store-reviews-widget\/squarespace\/","og_locale":"pl_PL","og_type":"article","og_title":"Osad\u017a recenzje Apple na swojej stronie Squarespace (\u0142atwo i szybko)","og_description":"Utworzenie w\u0142asnego wid\u017cetu Recenzje Apple i opublikowanie go w witrynie Squarespace jest \u0142atwym procesem. Obs\u0142uga klienta Elfsight jest bezp\u0142atna.","og_url":"https:\/\/elfsight.com\/pl\/apple-app-store-reviews-widget\/squarespace\/","og_site_name":"Elfsight PL","article_modified_time":"2025-06-24T12:53:06+00:00","twitter_card":"summary_large_image","twitter_misc":{"Szacowany czas czytania":"3 minuty"},"schema":{"@context":"https:\/\/schema.org","@graph":[{"@type":"WebPage","@id":"https:\/\/elfsight.com\/pl\/apple-app-store-reviews-widget\/squarespace\/","url":"https:\/\/elfsight.com\/pl\/apple-app-store-reviews-widget\/squarespace\/","name":"Osad\u017a recenzje Apple na swojej stronie Squarespace (\u0142atwo i szybko)","isPartOf":{"@id":"https:\/\/elfsight.com\/pl\/#website"},"datePublished":"2024-05-03T06:28:07+00:00","dateModified":"2025-06-24T12:53:06+00:00","description":"Utworzenie w\u0142asnego wid\u017cetu Recenzje Apple i opublikowanie go w witrynie Squarespace jest \u0142atwym procesem. Obs\u0142uga klienta Elfsight jest bezp\u0142atna.","breadcrumb":{"@id":"https:\/\/elfsight.com\/pl\/apple-app-store-reviews-widget\/squarespace\/#breadcrumb"},"inLanguage":"pl-PL","potentialAction":[{"@type":"ReadAction","target":["https:\/\/elfsight.com\/pl\/apple-app-store-reviews-widget\/squarespace\/"]}]},{"@type":"BreadcrumbList","@id":"https:\/\/elfsight.com\/pl\/apple-app-store-reviews-widget\/squarespace\/#breadcrumb","itemListElement":[{"@type":"ListItem","position":1,"name":"Home","item":"https:\/\/elfsight.com\/pl\/"},{"@type":"ListItem","position":2,"name":"Apple App Store Reviews","item":"https:\/\/elfsight.com\/pl\/apple-app-store-reviews-widget\/"},{"@type":"ListItem","position":3,"name":"Apple App Store Reviews &#8211; Squarespace"}]},{"@type":"WebSite","@id":"https:\/\/elfsight.com\/pl\/#website","url":"https:\/\/elfsight.com\/pl\/","name":"Elfsight PL","description":"Just another Elfsight Sites site","potentialAction":[{"@type":"SearchAction","target":{"@type":"EntryPoint","urlTemplate":"https:\/\/elfsight.com\/pl\/?s={search_term_string}"},"query-input":{"@type":"PropertyValueSpecification","valueRequired":true,"valueName":"search_term_string"}}],"inLanguage":"pl-PL"}]}},"meta_box":{"industry":"","seo_heading":"","heading":"","description":"","cta_heading":"","cta_description":"","application":"1401","h1":"Wtyczka recenzji Squarespace Apple App Store","h1_caption":"Osadzaj recenzje z wtyczki sklepu z wtyczkami do Apple, aby bez wysi\u0142ku budowa\u0107 wiarygodno\u015b\u0107 i zach\u0119ca\u0107 do wi\u0119kszej liczby pobra\u0144 na swojej stronie Squarespace.","application_category":[],"applications_title":"","applications_request_title":"","applications_request_button_text":"","hero_text":"","hero_video":"","hero_video_schema_markup":"","selling_points_title":"","selling_points_caption":"","selling_points":[],"selling_points_cta_text":"","features_title":"","features":"","ed_cta_examples_text":"","ed_cta_examples_hidden":"","ed_cta_demo_text":"","ed_cta_demo_hidden":"","why_caption":"","why_editor_title":"","why_editor_text":"","why_team_title":"","why_team_text":"","why_service_title":"","why_service_text":"","template_catalog_visible":"0","template_catalog_title":"","template_catalog_text":"","template_catalog_categories_visible":"","demo_title":"Utw\u00f3rz wtyczk\u0119 Recenzje w sklepie Apple App Store","demo_caption":"Skonfiguruj recenzje Apple App Store i dodaj je za darmo do swojej witryny Squarespace!","default_faq_hidden":"","app_template_category":[],"platform":"7588","template_public_id":"","codecanyon_url":"","codecanyon_item_id":"","codecanyon_price":"","pricing_caption":"","pricing_elfsight_apps_hide_column":"","pricing_elfsight_apps_url":"","pricing_codecanyon_price_caption":"","integration_category":[],"integration_request_title":"","integration_request_cta":"","integration_platform":"","integrations":[],"platform_category":[],"video_schema_markup":"","price":"od 0 USD \/ miesi\u0105c","trial":"","benefits":[{"text":"Bezp\u0142atna pomoc w instalacji"},{"text":"Skuteczna obs\u0142uga klienta"},{"text":"14-dniowa gwarancja zwrotu pieni\u0119dzy"}],"button_url":"#demo","button_target_blank":"0","button_nofollow":"0","attributes":[{"name":"Instaluje"},{"name":"Czu\u0142y"},{"name":"Kompatybilne przegl\u0105darki"}],"tags":[],"tags_disable_links":"0","hide_more_platforms":"0","video_object":"","demo_hide_cta":"0","demo_hide_cloud_options":"0","pricing_title":"","pricing":[{"pricing_icon":"platform","pricing_title":"Elfsight Apps","pricing_title_caption":"Rozwi\u0105zanie wieloplatformowe, kt\u00f3re dzia\u0142a na ka\u017cdej stronie internetowej","pricing_price":"od 0 USD \/ miesi\u0105c","pricing_price_caption":"zacznij od bezp\u0142atnego planu","pricing_benefits":[{"text":"Nielimitowane strony internetowe"},{"text":"Bezp\u0142atna obs\u0142uga klienta i dobrze udokumentowana"},{"text":"Bezp\u0142atna pomoc przy instalacji"},{"text":"Elastyczny projekt"}],"pricing_button_text":"Dodaj do witryny","pricing_button_url":"#demo"}],"related_apps_title":"","related_apps_hidden":"0","author":"","image":[],"title":"","job":"","social_networks":[]},"_links":{"self":[{"href":"https:\/\/elfsight.com\/pl\/wp-json\/wp\/v2\/pages\/4165","targetHints":{"allow":["GET"]}}],"collection":[{"href":"https:\/\/elfsight.com\/pl\/wp-json\/wp\/v2\/pages"}],"about":[{"href":"https:\/\/elfsight.com\/pl\/wp-json\/wp\/v2\/types\/page"}],"author":[{"embeddable":true,"href":"https:\/\/elfsight.com\/pl\/wp-json\/wp\/v2\/users\/9"}],"replies":[{"embeddable":true,"href":"https:\/\/elfsight.com\/pl\/wp-json\/wp\/v2\/comments?post=4165"}],"version-history":[{"count":1,"href":"https:\/\/elfsight.com\/pl\/wp-json\/wp\/v2\/pages\/4165\/revisions"}],"predecessor-version":[{"id":4169,"href":"https:\/\/elfsight.com\/pl\/wp-json\/wp\/v2\/pages\/4165\/revisions\/4169"}],"up":[{"embeddable":true,"href":"https:\/\/elfsight.com\/pl\/wp-json\/wp\/v2\/pages\/1402"}],"wp:attachment":[{"href":"https:\/\/elfsight.com\/pl\/wp-json\/wp\/v2\/media?parent=4165"}],"curies":[{"name":"wp","href":"https:\/\/api.w.org\/{rel}","templated":true}]}}