{"id":4160,"date":"2024-05-03T06:28:06","date_gmt":"2024-05-03T06:28:06","guid":{"rendered":"https:\/\/elfsight.com\/pl\/?page_id=4160"},"modified":"2024-11-14T09:24:59","modified_gmt":"2024-11-14T09:24:59","slug":"webflow","status":"publish","type":"page","link":"https:\/\/elfsight.com\/pl\/apple-app-store-reviews-widget\/webflow\/","title":{"rendered":"Apple App Store Reviews &#8211; Webflow"},"content":{"rendered":"<div class=\"application-platform-content-item-description application-platform-content-item\" id=\"description\" data-nav-section=\"description\"><h2>Osadzaj recenzje Apple App Store w Webflow za pomoc\u0105 wid\u017cetu Elfsight<\/h2> <p>Elfsight Recenzje Apple Store to przydatny widget umo\u017cliwiaj\u0105cy mo\u017cliwo\u015b\u0107 wy\u015bwietlania recenzji na temat Twojej firmy bezpo\u015brednio na swojej stronie internetowej. Dzi\u0119ki temu wid\u017cetowi b\u0119dziesz m\u00f3g\u0142 zastosowa\u0107 filtry do ukrywania negatywnych komentarzy, ujawni\u0107 swoj\u0105 liczb\u0119 gwiazdek i ocen, ujawni\u0107 dane o autorach komentarzy i doda\u0107 wezwanie do dzia\u0142ania, kt\u00f3re zach\u0119ci u\u017cytkownik\u00f3w do opublikowania recenzji. Recenzje Apple Elfsight pomog\u0105 Ci wykaza\u0107 si\u0119 wysokim poziomem wiarygodno\u015bci spo\u0142ecznej w Twojej witrynie i przyci\u0105gn\u0105\u0107 nowe zakupy. <\/p><p><b>Zwi\u0119ksz sprzeda\u017c, wykazuj\u0105c imponuj\u0105ce oceny i wdzi\u0119czno\u015b\u0107 klient\u00f3w<\/b><\/p><\/div> <div class=\"application-platform-content-item-features application-platform-content-item\" id=\"features\" data-nav-section=\"features\"><h2>G\u0142\u00f3wne cechy recenzji Apple App Store widget<\/h2> <p>Zobacz wszystkie funkcje produktu. Mo\u017cesz nimi zarz\u0105dza\u0107 bezpo\u015brednio w edytorze, a one pomog\u0105 Ci skonfigurowa\u0107 wid\u017cet specjalnie pod Twoje potrzeby. <\/p> <ul> <li>Opcja ustawienia szybko\u015bci przesuwania i szybko\u015bci automatycznego odtwarzania; <\/li> <li>Opcja wyboru typu paginacji w uk\u0142adzie Slider; <\/li> <li>Elastyczna szeroko\u015b\u0107 i wysoko\u015b\u0107; <\/li> <li>Opcja w\u0142\u0105czania\/wy\u0142\u0105czania nag\u0142\u00f3wka narz\u0119dzia; <\/li> <\/ul> <p><a href=\"#demo\">Wypr\u00f3buj wszystkie inne funkcje w wersji demonstracyjnej<\/a><\/p> <\/div> <div class=\"application-platform-content-item-installation application-platform-content-item\" id=\"installation\" data-nav-section=\"installation\"><h2> Jak osadzi\u0107 recenzje Apple App Store w mojej witrynie Webflow? <\/h2> <p>Aby wprowadzi\u0107 widget, wystarczy zastosowa\u0107 si\u0119 do poni\u017cszych instrukcji. <\/p> <ul> <li><b>Skonstruuj w\u0142asn\u0105 wtyczk\u0119 Apple<\/b><br> Korzystaj\u0105c z naszego bezp\u0142atnego konfiguratora, uzyskaj wtyczk\u0119 z niestandardowym uk\u0142adem i funkcjami. <\/li> <li><b>Zdob\u0105d\u017a indywidualny kod do osadzenia wtyczki<\/b><br> Po skonfigurowaniu wid\u017cetu otrzymasz kod instalacyjny z wy\u015bwietlonego okna aplikacji Elfsight. Skopiuj go do dalszego wykorzystania. <\/li> <li><b>Wy\u015bwietl wtyczk\u0119 na swojej stronie Webflow<\/b><br> Okre\u015bl obszar, w kt\u00f3rym chcesz wy\u015bwietla\u0107 wtyczk\u0119 i wklej tam zapisany kod. Zapisz wyniki. <\/li> <li><b>Instalacja zosta\u0142a uko\u0144czona<\/b><br> Odwied\u017a witryn\u0119, aby sprawdzi\u0107 swoj\u0105 prac\u0119. <\/li> <\/ul> <p>Mo\u017cesz skontaktowa\u0107 si\u0119 z obs\u0142ug\u0105 techniczn\u0105 Elfsight, je\u015bli potrzebujesz pomocy lub masz pytania. Przy ka\u017cdym zapytaniu pomo\u017cemy. <\/p> <div class=\"faq\" data-component=\"FAQ\"><div class=\"faq-item\">\r\n\t\t\t\t\t<div class=\"faq-item-question\">\r\n\t\t\t\t\t\t<h3 class=\"faq-item-question-text\">Jak mog\u0119 osadzi\u0107 wid\u017cet recenzji Webflow Apple App Store w mojej witrynie Webflow bez umiej\u0119tno\u015bci kodowania?<\/h3>\r\n\r\n\t\t\t\t\t\t<div class=\"faq-item-question-icon\"><\/div>\r\n\t\t\t\t\t<\/div>\r\n\r\n\t\t\t\t\t<div class=\"faq-item-answer\">\r\n\t\t\t\t\t\t<div class=\"faq-item-answer-text\"><p>Elfsight zapewnia rozwi\u0105zanie oparte na chmurze, kt\u00f3re umo\u017cliwia u\u017cytkownikom tworzenie Webflow Widget Recenzje Apple App Store, przekonaj si\u0119, jak prosty jest ten proces:<\/p><ul><li>Uzyskaj dost\u0119p do edytora online, aby utworzy\u0107 sekcj\u0119 Widget Recenzje Apple App Store dla Webflow, kt\u00f3r\u0105 chcesz zintegrowa\u0107 ze swoj\u0105 witryn\u0105 Webflow.<\/li><li>Wybierz jeden z naszych wst\u0119pnie zaprojektowanych szablon\u00f3w i dostosuj ustawienia wid\u017cetu Webflow Apple App Store Reviews, dostosuj uk\u0142ad i schemat kolor\u00f3w oraz uwzgl\u0119dnij tre\u015b\u0107 bez konieczno\u015bci kodowania.<\/li><li>Zapisz ustawienia dostosowane dla wid\u017cetu recenzji Webflow Apple App Store i uzyskaj kod umo\u017cliwiaj\u0105cy osadzenie wid\u017cetu, kt\u00f3ry mo\u017cna \u0142atwo i bezp\u0142atnie umie\u015bci\u0107 w witrynie Webflow.<\/li><\/ul><p>Dzia\u0142aj\u0105c w ramach przyjaznego dla u\u017cytkownika edytora, ka\u017cdy u\u017cytkownik Internetu mo\u017ce utworzy\u0107 sekcj\u0119 Widget recenzji Webflow Apple App Store i osadzi\u0107 j\u0105 na swojej stronie internetowej Webflow. Aby uzyska\u0107 dost\u0119p do Edytora Elfsight, nie jest wymagana \u017cadna p\u0142atno\u015b\u0107 ani ujawnianie danych karty. Je\u015bli na kt\u00f3rymkolwiek etapie napotkasz jakiekolwiek problemy, nie wahaj si\u0119 skontaktowa\u0107 z naszym dzia\u0142em obs\u0142ugi klienta.<\/p><\/div>\r\n\t\t\t\t\t<\/div>\r\n\t\t\t\t<\/div><\/div><\/div>","protected":false},"excerpt":{"rendered":"","protected":false},"author":9,"featured_media":0,"parent":1402,"menu_order":0,"comment_status":"closed","ping_status":"closed","template":"templates\/template-application-platform.php","meta":{"publish_to_discourse":"","publish_post_category":"","wpdc_auto_publish_overridden":"","wpdc_topic_tags":"","wpdc_pin_topic":"","wpdc_pin_until":"","discourse_post_id":"","discourse_permalink":"","wpdc_publishing_response":"","wpdc_publishing_error":"","footnotes":""},"class_list":["post-4160","page","type-page","status-publish","hentry"],"yoast_head":"<!-- This site is optimized with the Yoast SEO plugin v25.3.1 - https:\/\/yoast.com\/wordpress\/plugins\/seo\/ -->\n<title>Osad\u017a recenzje Apple na swojej stronie internetowej Webflow (\u0142atwo i szybko)<\/title>\n<meta name=\"description\" content=\"Utworzenie w\u0142asnego wid\u017cetu Apple Reviews i opublikowanie go w witrynie Webflow nie wymaga wiele wysi\u0142ku. Obs\u0142uga klienta Elfsight jest bezp\u0142atna.\" \/>\n<meta name=\"robots\" content=\"index, follow, max-snippet:-1, max-image-preview:large, max-video-preview:-1\" \/>\n<link rel=\"canonical\" href=\"https:\/\/elfsight.com\/pl\/apple-app-store-reviews-widget\/webflow\/\" \/>\n<meta property=\"og:locale\" content=\"pl_PL\" \/>\n<meta property=\"og:type\" content=\"article\" \/>\n<meta property=\"og:title\" content=\"Osad\u017a recenzje Apple na swojej stronie internetowej Webflow (\u0142atwo i szybko)\" \/>\n<meta property=\"og:description\" content=\"Utworzenie w\u0142asnego wid\u017cetu Apple Reviews i opublikowanie go w witrynie Webflow nie wymaga wiele wysi\u0142ku. Obs\u0142uga klienta Elfsight jest bezp\u0142atna.\" \/>\n<meta property=\"og:url\" content=\"https:\/\/elfsight.com\/pl\/apple-app-store-reviews-widget\/webflow\/\" \/>\n<meta property=\"og:site_name\" content=\"Elfsight PL\" \/>\n<meta property=\"article:modified_time\" content=\"2024-11-14T09:24:59+00:00\" \/>\n<meta name=\"twitter:card\" content=\"summary_large_image\" \/>\n<meta name=\"twitter:label1\" content=\"Szacowany czas czytania\" \/>\n\t<meta name=\"twitter:data1\" content=\"3 minuty\" \/>\n<!-- \/ Yoast SEO plugin. -->","yoast_head_json":{"title":"Osad\u017a recenzje Apple na swojej stronie internetowej Webflow (\u0142atwo i szybko)","description":"Utworzenie w\u0142asnego wid\u017cetu Apple Reviews i opublikowanie go w witrynie Webflow nie wymaga wiele wysi\u0142ku. Obs\u0142uga klienta Elfsight jest bezp\u0142atna.","robots":{"index":"index","follow":"follow","max-snippet":"max-snippet:-1","max-image-preview":"max-image-preview:large","max-video-preview":"max-video-preview:-1"},"canonical":"https:\/\/elfsight.com\/pl\/apple-app-store-reviews-widget\/webflow\/","og_locale":"pl_PL","og_type":"article","og_title":"Osad\u017a recenzje Apple na swojej stronie internetowej Webflow (\u0142atwo i szybko)","og_description":"Utworzenie w\u0142asnego wid\u017cetu Apple Reviews i opublikowanie go w witrynie Webflow nie wymaga wiele wysi\u0142ku. Obs\u0142uga klienta Elfsight jest bezp\u0142atna.","og_url":"https:\/\/elfsight.com\/pl\/apple-app-store-reviews-widget\/webflow\/","og_site_name":"Elfsight PL","article_modified_time":"2024-11-14T09:24:59+00:00","twitter_card":"summary_large_image","twitter_misc":{"Szacowany czas czytania":"3 minuty"},"schema":{"@context":"https:\/\/schema.org","@graph":[{"@type":"WebPage","@id":"https:\/\/elfsight.com\/pl\/apple-app-store-reviews-widget\/webflow\/","url":"https:\/\/elfsight.com\/pl\/apple-app-store-reviews-widget\/webflow\/","name":"Osad\u017a recenzje Apple na swojej stronie internetowej Webflow (\u0142atwo i szybko)","isPartOf":{"@id":"https:\/\/elfsight.com\/pl\/#website"},"datePublished":"2024-05-03T06:28:06+00:00","dateModified":"2024-11-14T09:24:59+00:00","description":"Utworzenie w\u0142asnego wid\u017cetu Apple Reviews i opublikowanie go w witrynie Webflow nie wymaga wiele wysi\u0142ku. Obs\u0142uga klienta Elfsight jest bezp\u0142atna.","breadcrumb":{"@id":"https:\/\/elfsight.com\/pl\/apple-app-store-reviews-widget\/webflow\/#breadcrumb"},"inLanguage":"pl-PL","potentialAction":[{"@type":"ReadAction","target":["https:\/\/elfsight.com\/pl\/apple-app-store-reviews-widget\/webflow\/"]}]},{"@type":"BreadcrumbList","@id":"https:\/\/elfsight.com\/pl\/apple-app-store-reviews-widget\/webflow\/#breadcrumb","itemListElement":[{"@type":"ListItem","position":1,"name":"Home","item":"https:\/\/elfsight.com\/pl\/"},{"@type":"ListItem","position":2,"name":"Apple App Store Reviews","item":"https:\/\/elfsight.com\/pl\/apple-app-store-reviews-widget\/"},{"@type":"ListItem","position":3,"name":"Apple App Store Reviews &#8211; Webflow"}]},{"@type":"WebSite","@id":"https:\/\/elfsight.com\/pl\/#website","url":"https:\/\/elfsight.com\/pl\/","name":"Elfsight PL","description":"Just another Elfsight Sites site","potentialAction":[{"@type":"SearchAction","target":{"@type":"EntryPoint","urlTemplate":"https:\/\/elfsight.com\/pl\/?s={search_term_string}"},"query-input":{"@type":"PropertyValueSpecification","valueRequired":true,"valueName":"search_term_string"}}],"inLanguage":"pl-PL"}]}},"meta_box":{"industry":"","seo_heading":"","heading":"","description":"","cta_heading":"","cta_description":"","application":"1401","h1":"Wid\u017cet recenzji aplikacji Webflow w sklepie Apple App Store","h1_caption":"Osadzaj recenzje z wid\u017cetu sklepu z wid\u017cetami Apple, aby bez wysi\u0142ku budowa\u0107 wiarygodno\u015b\u0107 i zach\u0119ca\u0107 do cz\u0119stszych pobra\u0144 na swojej stronie internetowej Webflow.","application_category":[],"applications_title":"","applications_request_title":"","applications_request_button_text":"","hero_text":"","hero_video":"","hero_video_schema_markup":"","selling_points_title":"","selling_points_caption":"","selling_points":[],"selling_points_cta_text":"","features_title":"","features":"","ed_cta_examples_text":"","ed_cta_examples_hidden":"","ed_cta_demo_text":"","ed_cta_demo_hidden":"","why_caption":"","why_editor_title":"","why_editor_text":"","why_team_title":"","why_team_text":"","why_service_title":"","why_service_text":"","template_catalog_visible":"","template_catalog_title":"","template_catalog_text":"","template_catalog_categories_visible":"","demo_title":"Utw\u00f3rz wid\u017cet Recenzje w sklepie Apple App Store","demo_caption":"Skonfiguruj swoje recenzje w Apple App Store i dodaj je za darmo do swojej witryny Webflow!","default_faq_hidden":"","app_template_category":[],"platform":"127","template_public_id":"","codecanyon_url":"","codecanyon_item_id":"","codecanyon_price":"","pricing_caption":"","pricing_elfsight_apps_hide_column":"","pricing_elfsight_apps_url":"","pricing_codecanyon_price_caption":"","integration_category":[],"integration_request_title":"","integration_request_cta":"","integration_platform":"","integrations":[],"platform_category":[],"video_schema_markup":"","price":"od 0 USD \/ miesi\u0105c","trial":"","benefits":[{"text":"Bezp\u0142atna pomoc w instalacji"},{"text":"Profesjonalna obs\u0142uga klienta"},{"text":"14-dniowa gwarancja zwrotu pieni\u0119dzy"}],"button_url":"#demo","button_target_blank":"","button_nofollow":"","attributes":[{"name":"Instaluje"},{"name":"Czu\u0142y"},{"name":"Kompatybilne przegl\u0105darki"}],"tags":[],"tags_disable_links":"","hide_more_platforms":"","video_object":"","demo_hide_cta":"","demo_hide_cloud_options":"","pricing_title":"","pricing":[{"pricing_icon":"platform","pricing_title":"Elfsight Apps","pricing_title_caption":"Wersja niezale\u017cna od platformy, kt\u00f3ra pasuje do ka\u017cdej witryny","pricing_price":"od 0 USD \/ miesi\u0105c","pricing_price_caption":"zacznij od bezp\u0142atnego planu","pricing_benefits":[{"text":"Nieograniczona liczba stron internetowych"},{"text":"Najwy\u017csza obs\u0142uga klienta"},{"text":"Bezp\u0142atna pomoc w monta\u017cu"},{"text":"W pe\u0142ni konfigurowalny"}],"pricing_button_text":"Dodaj do witryny","pricing_button_url":"#demo"}],"related_apps_title":"","related_apps_hidden":"","author":"","image":[],"title":"","job":"","social_networks":[]},"_links":{"self":[{"href":"https:\/\/elfsight.com\/pl\/wp-json\/wp\/v2\/pages\/4160","targetHints":{"allow":["GET"]}}],"collection":[{"href":"https:\/\/elfsight.com\/pl\/wp-json\/wp\/v2\/pages"}],"about":[{"href":"https:\/\/elfsight.com\/pl\/wp-json\/wp\/v2\/types\/page"}],"author":[{"embeddable":true,"href":"https:\/\/elfsight.com\/pl\/wp-json\/wp\/v2\/users\/9"}],"replies":[{"embeddable":true,"href":"https:\/\/elfsight.com\/pl\/wp-json\/wp\/v2\/comments?post=4160"}],"version-history":[{"count":1,"href":"https:\/\/elfsight.com\/pl\/wp-json\/wp\/v2\/pages\/4160\/revisions"}],"predecessor-version":[{"id":4164,"href":"https:\/\/elfsight.com\/pl\/wp-json\/wp\/v2\/pages\/4160\/revisions\/4164"}],"up":[{"embeddable":true,"href":"https:\/\/elfsight.com\/pl\/wp-json\/wp\/v2\/pages\/1402"}],"wp:attachment":[{"href":"https:\/\/elfsight.com\/pl\/wp-json\/wp\/v2\/media?parent=4160"}],"curies":[{"name":"wp","href":"https:\/\/api.w.org\/{rel}","templated":true}]}}