{"id":4144,"date":"2024-05-03T06:27:58","date_gmt":"2024-05-03T06:27:58","guid":{"rendered":"https:\/\/elfsight.com\/pl\/?page_id=4144"},"modified":"2024-11-14T08:53:05","modified_gmt":"2024-11-14T08:53:05","slug":"google-sites","status":"publish","type":"page","link":"https:\/\/elfsight.com\/pl\/apple-app-store-reviews-widget\/google-sites\/","title":{"rendered":"Apple App Store Reviews &#8211; Google Sites"},"content":{"rendered":"<div class=\"application-platform-content-item-description application-platform-content-item\" id=\"description\" data-nav-section=\"description\"> <h2>Osadzaj recenzje Apple App Store w Witrynach Google za pomoc\u0105 wid\u017cetu Elfsight<\/h2> <p>Elfsight Apple App Store Recenzje to przydatne narz\u0119dzie do Witryny Google umo\u017cliwiaj\u0105ce prezentowanie recenzji o produktach bezpo\u015brednio w Twojej witrynie. W naszym widgecie mo\u017cesz u\u017cy\u0107 filtr\u00f3w do ukrycia niechcianych komentarzy, pokaza\u0107 swoj\u0105 liczb\u0119 gwiazdek i ocen z App Store, pokaza\u0107 informacje o autorach recenzji i doda\u0107 CTA, kt\u00f3re zainspiruje u\u017cytkownik\u00f3w do opublikowania komentarza. Recenzje App Store pomog\u0105 Ci pochwali\u0107 si\u0119 wysokim poziomem wiarygodno\u015bci spo\u0142eczno\u015bciowej w witrynie i przyci\u0105gn\u0105 now\u0105 sprzeda\u017c. <\/p> <p><b>Zwi\u0119ksz zasi\u0119g komentarzy ze sklepu Apple App Store i opublikuj je w swojej witrynie.<\/b><\/p> <\/div> <div class=\"application-platform-content-item-features application-platform-content-item\" id=\"features\" data-nav-section=\"features\"> <h2>G\u0142\u00f3wne funkcje wid\u017cetu Recenzje Apple App Store<\/h2> <p>Sprawd\u017a wszystkie funkcje produktu. S\u0105 one dost\u0119pne bezpo\u015brednio w edytorze i pomog\u0105 Ci skonstruowa\u0107 wid\u017cet odpowiedni do Twojego przypadku u\u017cycia. <\/p> <ul> <li>Wyb\u00f3r szybko\u015bci slajdu i szybko\u015bci autoodtwarzania; <\/li> <li>Wyb\u00f3r typu paginacji w uk\u0142adzie Slider; <\/li> <li>Elastyczna szeroko\u015b\u0107 i wysoko\u015b\u0107; <\/li> <li>Prze\u0142\u0105czany nag\u0142\u00f3wek wid\u017cetu; <\/li> <\/ul> <p><a href=\"#demo\">Sprawd\u017a, jak dzia\u0142aj\u0105 wszystkie funkcje w naszej wersji demonstracyjnej<\/a><\/p> <\/div> <div class=\"application-platform-content-item-installation application-platform-content-item\" id=\"installation\" data-nav-section=\"installation\"> <h2>Jak mog\u0119 zintegrowa\u0107 Apple App Store z Witrynami Google? <\/h2> <p>Aby wstawi\u0107 wid\u017cet, post\u0119puj zgodnie z poni\u017cszymi wskaz\u00f3wkami. <\/p> <ul> <li><b>Utw\u00f3rz w\u0142asn\u0105 wtyczk\u0119 Apple App Store Reviews<\/b><br> Zarz\u0105dzaj\u0105c nasz\u0105 bezp\u0142atn\u0105 wersj\u0105 demonstracyjn\u0105, wygeneruj wtyczk\u0119 z wybranym sk\u0142adem i funkcjami. <\/li> <li><b>Zdob\u0105d\u017a indywidualny kod do wy\u015bwietlenia wtyczki<\/b><br> Po wygenerowaniu wid\u017cetu otrzymasz kod instalacyjny z wyskakuj\u0105cego powiadomienia w aplikacji Elfsight. Skopiuj ten kod do p\u00f3\u017aniejszego wykorzystania. <\/li> <li><b>Dodaj wtyczk\u0119 na swojej stronie Google<\/b><br> Znajd\u017a obszar, w kt\u00f3rym chcesz osadzi\u0107 wtyczk\u0119 i dodaj tam zapisany kod. Zapisz wyniki. <\/li> <li><b>Instalacja zosta\u0142a uko\u0144czona<\/b><br> Przejd\u017a do witryny internetowej, aby wy\u015bwietli\u0107 wtyczk\u0119. <\/li> <\/ul> <div class=\"tip-yellow tip\"><b>Ze wzgl\u0119du na specyfik\u0119 dzia\u0142ania Witryn Google wid\u017cet mo\u017ce wygl\u0105da\u0107 inaczej ni\u017c wersja demonstracyjna online. Przepraszamy za wszelkie niedogodno\u015bci.<\/b><\/div><p>Nie wahaj si\u0119 skontaktowa\u0107 z obs\u0142ug\u0105 klienta, je\u015bli potrzebujesz pomocy lub masz pytania. Ch\u0119tnie pomo\u017cemy w ka\u017cdym zapytaniu. <\/p> <div class=\"faq\" data-component=\"FAQ\"><div class=\"faq-item\">\r\n\t\t\t\t\t<div class=\"faq-item-question\">\r\n\t\t\t\t\t\t<h3 class=\"faq-item-question-text\">Jak mog\u0119 osadzi\u0107 galeri\u0119 wideo YouTube w mojej witrynie Squarespace bez umiej\u0119tno\u015bci kodowania?<\/h3>\r\n\r\n\t\t\t\t\t\t<div class=\"faq-item-question-icon\"><\/div>\r\n\t\t\t\t\t<\/div>\r\n\r\n\t\t\t\t\t<div class=\"faq-item-answer\">\r\n\t\t\t\t\t\t<div class=\"faq-item-answer-text\"><p>Elfsight zapewnia rozwi\u0105zanie oparte na chmurze, kt\u00f3re umo\u017cliwia u\u017cytkownikom tworzenie galerii wideo YouTube na ich w\u0142asny. Zwr\u00f3\u0107 uwag\u0119, jak nieskomplikowany jest ten proces:<\/p><ul><li>Wejd\u017a do edytora online, aby utworzy\u0107 sekcj\u0119 Galerii wideo YouTube, kt\u00f3r\u0105 chcesz umie\u015bci\u0107 w swojej witrynie Squarespace.<\/li><li>Wybierz jedn\u0105 z naszych wst\u0119pnie gotowe szablony i personalizuj ustawienia Galerii wideo YouTube, dostosuj wygl\u0105d i schemat kolor\u00f3w, do\u0142\u0105cz swoje tre\u015bci bez konieczno\u015bci kodowania.<\/li><li>Zachowaj preferencje zdefiniowane dla Galerii wideo YouTube i zdob\u0105d\u017a kod do osadzaj\u0105c wid\u017cet, kt\u00f3ry mo\u017cna \u0142atwo i bezp\u0142atnie umie\u015bci\u0107 w witrynie Squarespace.<\/li><\/ul><p>Korzystaj\u0105c z intuicyjnego edytora, ka\u017cdy u\u017cytkownik online mo\u017ce zaprojektowa\u0107 sekcj\u0119 Galerii wideo YouTube i doda\u0107 j\u0105 do swojego Squarespace strona internetowa. Aby uzyska\u0107 dost\u0119p do Edytora Elfsight, nie ma konieczno\u015bci dokonywania p\u0142atno\u015bci ani ujawniania danych karty. Je\u015bli na kt\u00f3rymkolwiek etapie napotkasz jakiekolwiek problemy, nie wahaj si\u0119 skontaktowa\u0107 z naszym dzia\u0142em obs\u0142ugi klienta.<\/p><\/div>\r\n\t\t\t\t\t<\/div>\r\n\t\t\t\t<\/div><\/div><\/div>","protected":false},"excerpt":{"rendered":"","protected":false},"author":9,"featured_media":0,"parent":1402,"menu_order":0,"comment_status":"closed","ping_status":"closed","template":"templates\/template-application-platform.php","meta":{"publish_to_discourse":"","publish_post_category":"","wpdc_auto_publish_overridden":"","wpdc_topic_tags":"","wpdc_pin_topic":"","wpdc_pin_until":"","discourse_post_id":"","discourse_permalink":"","wpdc_publishing_response":"","wpdc_publishing_error":"","footnotes":""},"class_list":["post-4144","page","type-page","status-publish","hentry"],"yoast_head":"<!-- This site is optimized with the Yoast SEO plugin v25.3.1 - https:\/\/yoast.com\/wordpress\/plugins\/seo\/ -->\n<title>Recenzje Apple App Store \u2013 dodaj wid\u017cet Recenzje Apple do Witryn Google (2025)<\/title>\n<meta name=\"description\" content=\"Zaimplementuj responsywn\u0105 wtyczk\u0119 Apple App Store Reviews w swojej witrynie Google Sites i zdob\u0105d\u017a pe\u0142ne zaufanie. Skorzystaj z \u0142atwej w u\u017cyciu wersji demonstracyjnej Elfsight, aby zbudowa\u0107 swoje narz\u0119dzie.\" \/>\n<meta name=\"robots\" content=\"index, follow, max-snippet:-1, max-image-preview:large, max-video-preview:-1\" \/>\n<link rel=\"canonical\" href=\"https:\/\/elfsight.com\/pl\/apple-app-store-reviews-widget\/google-sites\/\" \/>\n<meta property=\"og:locale\" content=\"pl_PL\" \/>\n<meta property=\"og:type\" content=\"article\" \/>\n<meta property=\"og:title\" content=\"Recenzje Apple App Store \u2013 dodaj wid\u017cet Recenzje Apple do Witryn Google (2025)\" \/>\n<meta property=\"og:description\" content=\"Zaimplementuj responsywn\u0105 wtyczk\u0119 Apple App Store Reviews w swojej witrynie Google Sites i zdob\u0105d\u017a pe\u0142ne zaufanie. Skorzystaj z \u0142atwej w u\u017cyciu wersji demonstracyjnej Elfsight, aby zbudowa\u0107 swoje narz\u0119dzie.\" \/>\n<meta property=\"og:url\" content=\"https:\/\/elfsight.com\/pl\/apple-app-store-reviews-widget\/google-sites\/\" \/>\n<meta property=\"og:site_name\" content=\"Elfsight PL\" \/>\n<meta property=\"article:modified_time\" content=\"2024-11-14T08:53:05+00:00\" \/>\n<meta name=\"twitter:card\" content=\"summary_large_image\" \/>\n<meta name=\"twitter:label1\" content=\"Szacowany czas czytania\" \/>\n\t<meta name=\"twitter:data1\" content=\"3 minuty\" \/>\n<!-- \/ Yoast SEO plugin. -->","yoast_head_json":{"title":"Recenzje Apple App Store \u2013 dodaj wid\u017cet Recenzje Apple do Witryn Google (2025)","description":"Zaimplementuj responsywn\u0105 wtyczk\u0119 Apple App Store Reviews w swojej witrynie Google Sites i zdob\u0105d\u017a pe\u0142ne zaufanie. Skorzystaj z \u0142atwej w u\u017cyciu wersji demonstracyjnej Elfsight, aby zbudowa\u0107 swoje narz\u0119dzie.","robots":{"index":"index","follow":"follow","max-snippet":"max-snippet:-1","max-image-preview":"max-image-preview:large","max-video-preview":"max-video-preview:-1"},"canonical":"https:\/\/elfsight.com\/pl\/apple-app-store-reviews-widget\/google-sites\/","og_locale":"pl_PL","og_type":"article","og_title":"Recenzje Apple App Store \u2013 dodaj wid\u017cet Recenzje Apple do Witryn Google (2025)","og_description":"Zaimplementuj responsywn\u0105 wtyczk\u0119 Apple App Store Reviews w swojej witrynie Google Sites i zdob\u0105d\u017a pe\u0142ne zaufanie. Skorzystaj z \u0142atwej w u\u017cyciu wersji demonstracyjnej Elfsight, aby zbudowa\u0107 swoje narz\u0119dzie.","og_url":"https:\/\/elfsight.com\/pl\/apple-app-store-reviews-widget\/google-sites\/","og_site_name":"Elfsight PL","article_modified_time":"2024-11-14T08:53:05+00:00","twitter_card":"summary_large_image","twitter_misc":{"Szacowany czas czytania":"3 minuty"},"schema":{"@context":"https:\/\/schema.org","@graph":[{"@type":"WebPage","@id":"https:\/\/elfsight.com\/pl\/apple-app-store-reviews-widget\/google-sites\/","url":"https:\/\/elfsight.com\/pl\/apple-app-store-reviews-widget\/google-sites\/","name":"Recenzje Apple App Store \u2013 dodaj wid\u017cet Recenzje Apple do Witryn Google (2025)","isPartOf":{"@id":"https:\/\/elfsight.com\/pl\/#website"},"datePublished":"2024-05-03T06:27:58+00:00","dateModified":"2024-11-14T08:53:05+00:00","description":"Zaimplementuj responsywn\u0105 wtyczk\u0119 Apple App Store Reviews w swojej witrynie Google Sites i zdob\u0105d\u017a pe\u0142ne zaufanie. Skorzystaj z \u0142atwej w u\u017cyciu wersji demonstracyjnej Elfsight, aby zbudowa\u0107 swoje narz\u0119dzie.","breadcrumb":{"@id":"https:\/\/elfsight.com\/pl\/apple-app-store-reviews-widget\/google-sites\/#breadcrumb"},"inLanguage":"pl-PL","potentialAction":[{"@type":"ReadAction","target":["https:\/\/elfsight.com\/pl\/apple-app-store-reviews-widget\/google-sites\/"]}]},{"@type":"BreadcrumbList","@id":"https:\/\/elfsight.com\/pl\/apple-app-store-reviews-widget\/google-sites\/#breadcrumb","itemListElement":[{"@type":"ListItem","position":1,"name":"Home","item":"https:\/\/elfsight.com\/pl\/"},{"@type":"ListItem","position":2,"name":"Apple App Store Reviews","item":"https:\/\/elfsight.com\/pl\/apple-app-store-reviews-widget\/"},{"@type":"ListItem","position":3,"name":"Apple App Store Reviews &#8211; Google Sites"}]},{"@type":"WebSite","@id":"https:\/\/elfsight.com\/pl\/#website","url":"https:\/\/elfsight.com\/pl\/","name":"Elfsight PL","description":"Just another Elfsight Sites site","potentialAction":[{"@type":"SearchAction","target":{"@type":"EntryPoint","urlTemplate":"https:\/\/elfsight.com\/pl\/?s={search_term_string}"},"query-input":{"@type":"PropertyValueSpecification","valueRequired":true,"valueName":"search_term_string"}}],"inLanguage":"pl-PL"}]}},"meta_box":{"industry":"","seo_heading":"","heading":"","description":"","cta_heading":"","cta_description":"","application":"1401","h1":"Wid\u017cet Recenzje w Witrynach Google w sklepie z aplikacjami","h1_caption":"Osadzaj recenzje z wid\u017cetu sklepu z wid\u017cetami Apple, aby bez wysi\u0142ku budowa\u0107 wiarygodno\u015b\u0107 i zach\u0119ca\u0107 do cz\u0119stszych pobra\u0144 w Witrynach Google.","application_category":[],"applications_title":"","applications_request_title":"","applications_request_button_text":"","hero_text":"","hero_video":"","hero_video_schema_markup":"","selling_points_title":"","selling_points_caption":"","selling_points":[],"selling_points_cta_text":"","features_title":"","features":"","ed_cta_examples_text":"","ed_cta_examples_hidden":"","ed_cta_demo_text":"","ed_cta_demo_hidden":"","why_caption":"","why_editor_title":"","why_editor_text":"","why_team_title":"","why_team_text":"","why_service_title":"","why_service_text":"","template_catalog_visible":"","template_catalog_title":"","template_catalog_text":"","template_catalog_categories_visible":"","demo_title":"Utw\u00f3rz wid\u017cet Recenzje w sklepie Apple App Store","demo_caption":"Skonfiguruj recenzje w Apple App Store i dodaj je za darmo do swojej witryny Google Sites!","default_faq_hidden":"","app_template_category":[],"platform":"484","template_public_id":"","codecanyon_url":"","codecanyon_item_id":"","codecanyon_price":"","pricing_caption":"","pricing_elfsight_apps_hide_column":"","pricing_elfsight_apps_url":"","pricing_codecanyon_price_caption":"","integration_category":[],"integration_request_title":"","integration_request_cta":"","integration_platform":"","integrations":[],"platform_category":[],"video_schema_markup":"","price":"od 0 USD \/ miesi\u0105c","trial":"","benefits":[{"text":"Bezp\u0142atna pomoc w monta\u017cu"},{"text":"Skuteczna obs\u0142uga klienta"},{"text":"14-dniowa gwarancja zwrotu pieni\u0119dzy"}],"button_url":"#demo","button_target_blank":"","button_nofollow":"","attributes":[{"name":"Instaluje"},{"name":"Reakcja na co\u015b"},{"name":"Kompatybilne przegl\u0105darki"}],"tags":[],"tags_disable_links":"","hide_more_platforms":"","video_object":"","demo_hide_cta":"","demo_hide_cloud_options":"","pricing_title":"","pricing":[{"pricing_icon":"platform","pricing_title":"Elfsight Apps","pricing_title_caption":"Niezale\u017cne od platformy rozwi\u0105zanie cyfrowe","pricing_price":"od 0 USD \/ miesi\u0105c","pricing_price_caption":"zacznij od bezp\u0142atnego planu","pricing_benefits":[{"text":"Nielimitowane domeny"},{"text":"Profesjonalna obs\u0142uga klienta"},{"text":"Bezp\u0142atna pomoc przy instalacji"},{"text":"Specjalna cena za wiele aplikacji"}],"pricing_button_text":"Dodaj do witryny","pricing_button_url":"#demo"}],"related_apps_title":"","related_apps_hidden":"","author":"","image":[],"title":"","job":"","social_networks":[]},"_links":{"self":[{"href":"https:\/\/elfsight.com\/pl\/wp-json\/wp\/v2\/pages\/4144","targetHints":{"allow":["GET"]}}],"collection":[{"href":"https:\/\/elfsight.com\/pl\/wp-json\/wp\/v2\/pages"}],"about":[{"href":"https:\/\/elfsight.com\/pl\/wp-json\/wp\/v2\/types\/page"}],"author":[{"embeddable":true,"href":"https:\/\/elfsight.com\/pl\/wp-json\/wp\/v2\/users\/9"}],"replies":[{"embeddable":true,"href":"https:\/\/elfsight.com\/pl\/wp-json\/wp\/v2\/comments?post=4144"}],"version-history":[{"count":1,"href":"https:\/\/elfsight.com\/pl\/wp-json\/wp\/v2\/pages\/4144\/revisions"}],"predecessor-version":[{"id":4148,"href":"https:\/\/elfsight.com\/pl\/wp-json\/wp\/v2\/pages\/4144\/revisions\/4148"}],"up":[{"embeddable":true,"href":"https:\/\/elfsight.com\/pl\/wp-json\/wp\/v2\/pages\/1402"}],"wp:attachment":[{"href":"https:\/\/elfsight.com\/pl\/wp-json\/wp\/v2\/media?parent=4144"}],"curies":[{"name":"wp","href":"https:\/\/api.w.org\/{rel}","templated":true}]}}