{"id":4142,"date":"2024-05-03T06:27:56","date_gmt":"2024-05-03T06:27:56","guid":{"rendered":"https:\/\/elfsight.com\/pl\/?page_id=4142"},"modified":"2024-10-24T11:56:52","modified_gmt":"2024-10-24T11:56:52","slug":"prestashop","status":"publish","type":"page","link":"https:\/\/elfsight.com\/pl\/apple-app-store-reviews-widget\/prestashop\/","title":{"rendered":"Apple App Store Reviews &#8211; PrestaShop"},"content":{"rendered":"<div class=\"application-platform-content-item-description application-platform-content-item\" id=\"description\" data-nav-section=\"description\"> <h2>Opis<\/h2> <p>Recenzje Elfsight Apple App Store to przydatne narz\u0119dzie umo\u017cliwiaj\u0105ce prawid\u0142owe przedstawienie opinii na temat Twoich towar\u00f3w na Twojej stronie internetowej ze wszystkich popularnych witryn z recenzjami biznesowymi. Korzystaj\u0105c z naszego wid\u017cetu, b\u0119dziesz m\u00f3g\u0142 zastosowa\u0107 filtry ukrywaj\u0105ce niepo\u017c\u0105dane referencje, pokaza\u0107 swoj\u0105 ocen\u0119 w postaci gwiazdek i numer\u00f3w z konta na dowolnej stronie z recenzjami biznesowymi, doda\u0107 dane o tw\u00f3rcach recenzji i doda\u0107 wezwanie do dzia\u0142ania przycisk, kt\u00f3ry sk\u0142oni u\u017cytkownik\u00f3w do opublikowania swoich przemy\u015ble\u0144. Widget Recenzje w sklepie Apple App Store poprosi Ci\u0119 o zaprezentowanie na stronie internetowej swojego wyj\u0105tkowego dowodu spo\u0142ecznego i rozpocz\u0119cie wi\u0119kszej sprzeda\u017cy. <\/p><p><b>Dzi\u0119ki recenzjom Apple App Store mo\u017cesz osi\u0105gn\u0105\u0107 silny rozw\u00f3j biznesu i zwi\u0119kszy\u0107 sprzeda\u017c <\/b><\/p> <\/div> <div class=\"application-platform-content-item-features application-platform-content-item\" id=\"features\" data-nav-section=\"features\"> <h2>Widget oferuje pot\u0119\u017cne mo\u017cliwo\u015bci i szybkie funkcje, zobacz niekt\u00f3re z nich: <\/h2> <ul><li>Zintegruj recenzje klient\u00f3w z miejsc Apple App Store<\/li><li>3 rodzaje filtr\u00f3w: wed\u0142ug typu, liczby recenzji i wykluczania wed\u0142ug<\/li><li>Cztery rodzaje uk\u0142ad\u00f3w: suwak, lista, siatka i mur<\/li><li>przeci\u0105ga nawigacj\u0119 i strza\u0142ki w uk\u0142adzie suwaka<\/li><li>Ustaw pr\u0119dko\u015b\u0107 przesuwania i pr\u0119dko\u015b\u0107 automatycznego odtwarzania<\/li><li>Wybierz typ paginacji w uk\u0142adzie suwaka<\/li><li>Przycisk CTA, aby uzyska\u0107 recenzje nowych u\u017cytkownik\u00f3w na stronie Apple App Store<\/li><li>3 szablony recenzji: Spotlight, Classic, Bubble<\/li><li> Sze\u015b\u0107 elastycznych element\u00f3w recenzji: data i liczba gwiazdek, zdj\u0119cie, rekomendacja, nazwisko autora i ikona Apple App Store<\/li><li>Opcja zmiany rozmiaru czcionki tekstu recenzji<\/li><\/ul><p> <a href=\"#demo\">Odkryj wszystkie opcje dostosowywania w pe\u0142nej wersji demonstracyjnej<\/a><\/p> <\/div> <div class=\"application-platform-content-item-installation application-platform-content-item\" id=\"installation\" data-nav-section=\"installation\"> <h2>Jak doda\u0107 Apple App Store do mojego Strona PrestaShopu? <\/h2> <p>Wystarczy post\u0119powa\u0107 zgodnie z poni\u017cszymi wskaz\u00f3wkami, aby zintegrowa\u0107 dodatek. <\/p> <ol><li><b>Uruchom nasz darmowy edytor i zacznij kszta\u0142towa\u0107 sw\u00f3j spersonalizowany instrument. <\/b><br> Okre\u015bl po\u017c\u0105dany wygl\u0105d i aspekty wid\u017cetu i zastosuj modyfikacje. <\/li> <li><b>Zdob\u0105d\u017a sw\u00f3j osobisty kod pojawiaj\u0105cy si\u0119 w oknie aplikacji Elfsight. <\/b><br> Po zako\u0144czeniu konfiguracji wid\u017cetu skopiuj indywidualny kod z wy\u015bwietlonego wyskakuj\u0105cego okienka i zapisz go na przysz\u0142o\u015b\u0107. <\/li> <li><b>Rozpocznij korzystanie z wid\u017cetu na stronie g\u0142\u00f3wnej PrestaShop. <\/b><br> Zaimplementuj zapisany wcze\u015bniej kod na swojej stronie g\u0142\u00f3wnej i zapisz poprawki. <\/li> <li><b>Gotowe! Osadzanie zosta\u0142o ca\u0142kowicie zako\u0144czone. <\/b><br> Przejd\u017a do swojej witryny, aby sprawdzi\u0107, jak dzia\u0142a narz\u0119dzie. <\/li><\/ol> <p>W przypadku pyta\u0144 lub napotkania jakichkolwiek problem\u00f3w prosimy o kontakt z naszym dzia\u0142em obs\u0142ugi klienta. Nasi konsultanci ch\u0119tnie pomog\u0105 Ci we wszystkich problemach, jakie mo\u017cesz mie\u0107 z narz\u0119dziem. <\/p> <\/div>","protected":false},"excerpt":{"rendered":"","protected":false},"author":9,"featured_media":0,"parent":1402,"menu_order":0,"comment_status":"closed","ping_status":"closed","template":"templates\/template-application-platform.php","meta":{"publish_to_discourse":"","publish_post_category":"","wpdc_auto_publish_overridden":"","wpdc_topic_tags":"","wpdc_pin_topic":"","wpdc_pin_until":"","discourse_post_id":"","discourse_permalink":"","wpdc_publishing_response":"","wpdc_publishing_error":"","footnotes":""},"class_list":["post-4142","page","type-page","status-publish","hentry"],"yoast_head":"<!-- This site is optimized with the Yoast SEO plugin v25.3.1 - https:\/\/yoast.com\/wordpress\/plugins\/seo\/ -->\n<title>Osad\u017a recenzje Apple na swojej stronie PrestaShop (\u0142atwo i szybko)<\/title>\n<meta name=\"description\" content=\"Utworzenie w\u0142asnego wid\u017cetu Recenzje Apple i opublikowanie go w witrynie PrestaShop jest \u0142atwym procesem. Obs\u0142uga klienta Elfsight jest bezp\u0142atna.\" \/>\n<meta name=\"robots\" content=\"index, follow, max-snippet:-1, max-image-preview:large, max-video-preview:-1\" \/>\n<link rel=\"canonical\" href=\"https:\/\/elfsight.com\/pl\/apple-app-store-reviews-widget\/prestashop\/\" \/>\n<meta property=\"og:locale\" content=\"pl_PL\" \/>\n<meta property=\"og:type\" content=\"article\" \/>\n<meta property=\"og:title\" content=\"Osad\u017a recenzje Apple na swojej stronie PrestaShop (\u0142atwo i szybko)\" \/>\n<meta property=\"og:description\" content=\"Utworzenie w\u0142asnego wid\u017cetu Recenzje Apple i opublikowanie go w witrynie PrestaShop jest \u0142atwym procesem. Obs\u0142uga klienta Elfsight jest bezp\u0142atna.\" \/>\n<meta property=\"og:url\" content=\"https:\/\/elfsight.com\/pl\/apple-app-store-reviews-widget\/prestashop\/\" \/>\n<meta property=\"og:site_name\" content=\"Elfsight PL\" \/>\n<meta property=\"article:modified_time\" content=\"2024-10-24T11:56:52+00:00\" \/>\n<meta name=\"twitter:card\" content=\"summary_large_image\" \/>\n<meta name=\"twitter:label1\" content=\"Szacowany czas czytania\" \/>\n\t<meta name=\"twitter:data1\" content=\"2 minuty\" \/>\n<!-- \/ Yoast SEO plugin. -->","yoast_head_json":{"title":"Osad\u017a recenzje Apple na swojej stronie PrestaShop (\u0142atwo i szybko)","description":"Utworzenie w\u0142asnego wid\u017cetu Recenzje Apple i opublikowanie go w witrynie PrestaShop jest \u0142atwym procesem. Obs\u0142uga klienta Elfsight jest bezp\u0142atna.","robots":{"index":"index","follow":"follow","max-snippet":"max-snippet:-1","max-image-preview":"max-image-preview:large","max-video-preview":"max-video-preview:-1"},"canonical":"https:\/\/elfsight.com\/pl\/apple-app-store-reviews-widget\/prestashop\/","og_locale":"pl_PL","og_type":"article","og_title":"Osad\u017a recenzje Apple na swojej stronie PrestaShop (\u0142atwo i szybko)","og_description":"Utworzenie w\u0142asnego wid\u017cetu Recenzje Apple i opublikowanie go w witrynie PrestaShop jest \u0142atwym procesem. Obs\u0142uga klienta Elfsight jest bezp\u0142atna.","og_url":"https:\/\/elfsight.com\/pl\/apple-app-store-reviews-widget\/prestashop\/","og_site_name":"Elfsight PL","article_modified_time":"2024-10-24T11:56:52+00:00","twitter_card":"summary_large_image","twitter_misc":{"Szacowany czas czytania":"2 minuty"},"schema":{"@context":"https:\/\/schema.org","@graph":[{"@type":"WebPage","@id":"https:\/\/elfsight.com\/pl\/apple-app-store-reviews-widget\/prestashop\/","url":"https:\/\/elfsight.com\/pl\/apple-app-store-reviews-widget\/prestashop\/","name":"Osad\u017a recenzje Apple na swojej stronie PrestaShop (\u0142atwo i szybko)","isPartOf":{"@id":"https:\/\/elfsight.com\/pl\/#website"},"datePublished":"2024-05-03T06:27:56+00:00","dateModified":"2024-10-24T11:56:52+00:00","description":"Utworzenie w\u0142asnego wid\u017cetu Recenzje Apple i opublikowanie go w witrynie PrestaShop jest \u0142atwym procesem. Obs\u0142uga klienta Elfsight jest bezp\u0142atna.","breadcrumb":{"@id":"https:\/\/elfsight.com\/pl\/apple-app-store-reviews-widget\/prestashop\/#breadcrumb"},"inLanguage":"pl-PL","potentialAction":[{"@type":"ReadAction","target":["https:\/\/elfsight.com\/pl\/apple-app-store-reviews-widget\/prestashop\/"]}]},{"@type":"BreadcrumbList","@id":"https:\/\/elfsight.com\/pl\/apple-app-store-reviews-widget\/prestashop\/#breadcrumb","itemListElement":[{"@type":"ListItem","position":1,"name":"Home","item":"https:\/\/elfsight.com\/pl\/"},{"@type":"ListItem","position":2,"name":"Apple App Store Reviews","item":"https:\/\/elfsight.com\/pl\/apple-app-store-reviews-widget\/"},{"@type":"ListItem","position":3,"name":"Apple App Store Reviews &#8211; PrestaShop"}]},{"@type":"WebSite","@id":"https:\/\/elfsight.com\/pl\/#website","url":"https:\/\/elfsight.com\/pl\/","name":"Elfsight PL","description":"Just another Elfsight Sites site","potentialAction":[{"@type":"SearchAction","target":{"@type":"EntryPoint","urlTemplate":"https:\/\/elfsight.com\/pl\/?s={search_term_string}"},"query-input":{"@type":"PropertyValueSpecification","valueRequired":true,"valueName":"search_term_string"}}],"inLanguage":"pl-PL"}]}},"meta_box":{"industry":"","seo_heading":"","heading":"","description":"","cta_heading":"","cta_description":"","application":"1401","h1":"Dodatek Apple App Store Recenzje dla PrestaShop","h1_caption":"Osadzaj recenzje z wid\u017cetu sklepu z wid\u017cetami Apple, aby bez wysi\u0142ku budowa\u0107 wiarygodno\u015b\u0107 i zach\u0119ca\u0107 do cz\u0119stszych pobra\u0144 na swojej stronie Prestashop.","application_category":[],"applications_title":"","applications_request_title":"","applications_request_button_text":"","hero_text":"","hero_video":"","hero_video_schema_markup":"","selling_points_title":"","selling_points_caption":"","selling_points":[],"selling_points_cta_text":"","features_title":"","features":"","ed_cta_examples_text":"","ed_cta_examples_hidden":"","ed_cta_demo_text":"","ed_cta_demo_hidden":"","why_caption":"","why_editor_title":"","why_editor_text":"","why_team_title":"","why_team_text":"","why_service_title":"","why_service_text":"","template_catalog_visible":"","template_catalog_title":"","template_catalog_text":"","template_catalog_categories_visible":"","demo_title":"Mo\u017cesz swobodnie tworzy\u0107 spersonalizowane recenzje PrestaShop Apple App Store","demo_caption":"Dostosuj go i zintegruj ze swoj\u0105 stron\u0105 za pomoc\u0105 wersji demonstracyjnej","default_faq_hidden":"","app_template_category":[],"platform":"586","template_public_id":"","codecanyon_url":"","codecanyon_item_id":"","codecanyon_price":"","pricing_caption":"","pricing_elfsight_apps_hide_column":"","pricing_elfsight_apps_url":"","pricing_codecanyon_price_caption":"","integration_category":[],"integration_request_title":"","integration_request_cta":"","integration_platform":"","integrations":[],"platform_category":[],"video_schema_markup":"","price":"od 0 USD \/ miesi\u0105c","trial":"","benefits":[{"text":"Bezp\u0142atna pomoc w monta\u017cu"},{"text":"Do\u015bwiadczona obs\u0142uga klienta"},{"text":"14-dniowa gwarancja zwrotu pieni\u0119dzy"}],"button_url":"#demo","button_target_blank":"","button_nofollow":"","attributes":[{"name":"Instaluje"},{"name":"Czu\u0142y"},{"name":"Kompatybilne przegl\u0105darki"}],"tags":[],"tags_disable_links":"","hide_more_platforms":"","video_object":"","demo_hide_cta":"","demo_hide_cloud_options":"","pricing_title":"","pricing":[{"pricing_icon":"platform","pricing_title":"Elfsight Apps","pricing_title_caption":"Wieloplatformowe rozwi\u0105zanie cyfrowe","pricing_price":"od 0 USD \/ miesi\u0105c","pricing_price_caption":"zacznij od bezp\u0142atnego planu","pricing_benefits":[{"text":"Nielimitowane strony internetowe"},{"text":"Bezp\u0142atna obs\u0142uga klienta i dobrze udokumentowana"},{"text":"Bezp\u0142atne wsparcie instalacyjne"},{"text":"100% konfigurowalny"}],"pricing_button_text":"Dodaj do witryny","pricing_button_url":"#demo"}],"related_apps_title":"","related_apps_hidden":"","author":"","image":[],"title":"","job":"","social_networks":[]},"_links":{"self":[{"href":"https:\/\/elfsight.com\/pl\/wp-json\/wp\/v2\/pages\/4142","targetHints":{"allow":["GET"]}}],"collection":[{"href":"https:\/\/elfsight.com\/pl\/wp-json\/wp\/v2\/pages"}],"about":[{"href":"https:\/\/elfsight.com\/pl\/wp-json\/wp\/v2\/types\/page"}],"author":[{"embeddable":true,"href":"https:\/\/elfsight.com\/pl\/wp-json\/wp\/v2\/users\/9"}],"replies":[{"embeddable":true,"href":"https:\/\/elfsight.com\/pl\/wp-json\/wp\/v2\/comments?post=4142"}],"version-history":[{"count":1,"href":"https:\/\/elfsight.com\/pl\/wp-json\/wp\/v2\/pages\/4142\/revisions"}],"predecessor-version":[{"id":4146,"href":"https:\/\/elfsight.com\/pl\/wp-json\/wp\/v2\/pages\/4142\/revisions\/4146"}],"up":[{"embeddable":true,"href":"https:\/\/elfsight.com\/pl\/wp-json\/wp\/v2\/pages\/1402"}],"wp:attachment":[{"href":"https:\/\/elfsight.com\/pl\/wp-json\/wp\/v2\/media?parent=4142"}],"curies":[{"name":"wp","href":"https:\/\/api.w.org\/{rel}","templated":true}]}}