{"id":4141,"date":"2024-05-03T06:27:55","date_gmt":"2024-05-03T06:27:55","guid":{"rendered":"https:\/\/elfsight.com\/pl\/?page_id=4141"},"modified":"2024-10-24T11:57:01","modified_gmt":"2024-10-24T11:57:01","slug":"jimdo","status":"publish","type":"page","link":"https:\/\/elfsight.com\/pl\/apple-app-store-reviews-widget\/jimdo\/","title":{"rendered":"Apple App Store Reviews &#8211; Jimdo"},"content":{"rendered":"<div class=\"application-platform-content-item-description application-platform-content-item\" id=\"description\" data-nav-section=\"description\"><h2>Opis<\/h2> <p>Elfsight Apple App Store Recenzje to przydatny widget oferuj\u0105cy mo\u017cliwo\u015b\u0107 bezpo\u015bredniego przedstawienia opinii na temat Twoich towar\u00f3w w Twojej witrynie ze wszystkich renomowanych witryn z recenzjami. Dzi\u0119ki naszemu wid\u017cetowi b\u0119dziesz mia\u0142 mo\u017cliwo\u015b\u0107 zastosowania filtr\u00f3w w celu ukrycia niechcianych referencji, zaprezentowania swojej liczby gwiazdek i ocen liczbowych ze swojej strony na dowolnej stronie z recenzjami, dodania danych o autorach recenzji i dodania przycisku CTA, kt\u00f3ry zmotywuje odwiedzaj\u0105cych aby opublikowa\u0107 swoj\u0105 recenzj\u0119. Aplikacja Elfsight Apple App Store Recenzje pomo\u017ce Ci zademonstrowa\u0107 sw\u00f3j niezwyk\u0142y dow\u00f3d spo\u0142eczno\u015bciowy na stronie internetowej i zacz\u0105\u0107 otrzymywa\u0107 wi\u0119cej nowych zakup\u00f3w. <\/p><p><b>Przedsprzeda\u017c dzi\u0119ki imponuj\u0105cej ocenie i uznaniu u\u017cytkownik\u00f3w<\/b><\/p><\/div> <div class=\"application-platform-content-item-features application-platform-content-item\" id=\"features\" data-nav-section=\"features\"> <h2>Oferujemy praktyczne i szybkie funkcje, zobacz niekt\u00f3re z nich: <\/h2> <ul><li>Zintegruj recenzje klient\u00f3w ze strony Apple App Store<\/li><li>Trzy typy filtr\u00f3w: wykluczaj wed\u0142ug typu i ilo\u015bci recenzji<\/li><li>Cztery rodzaje uk\u0142adu: murowany, siatka, suwak i lista<\/li><li>przeci\u0105ga nawigacj\u0119 i strza\u0142ki w uk\u0142adzie suwaka<\/li><li>Ustaw pr\u0119dko\u015b\u0107 slajdu i pr\u0119dko\u015b\u0107 automatycznego odtwarzania<\/li><li>Wybierz paginacj\u0119 wpisz uk\u0142ad suwaka<\/li><li>Przycisk wezwania do dzia\u0142ania, aby uzyska\u0107 recenzje nowych u\u017cytkownik\u00f3w na stronie Apple App Store<\/li><li>Trzy szablony recenzji: Spotlight, Bubble, Classic<\/li><li> 6 elastycznych element\u00f3w recenzji: rekomendacja i liczba gwiazdek, data, nazwisko autora, zdj\u0119cie i ikona Apple App Store<\/li><li>Opcja zmiany rozmiaru czcionki tekstu recenzji<\/li><\/ul><p> <a href=\"#demo\">Przetestuj wszystkie ustawienia w 100% funkcjonalnej wersji demonstracyjnej<\/a><\/p> <\/div> <div class=\"application-platform-content-item-installation application-platform-content-item\" id=\"installation\" data-nav-section=\"installation\"> <h2>Jak mog\u0119 osadzi\u0107 recenzje Apple App Store na moja strona Jimdo? <\/h2> <p>Wystarczy spe\u0142ni\u0107 poni\u017csze wskaz\u00f3wki, aby wstawi\u0107 narz\u0119dzie. <\/p> <ol><li><b>Skorzystaj z naszego bezp\u0142atnego edytora i zacznij tworzy\u0107 w\u0142asny widget. <\/b><br> Wybierz wybrany wygl\u0105d i cechy funkcjonalne wid\u017cetu i zastosuj modyfikacje. <\/li> <li><b>Odbierz sw\u00f3j indywidualny kod, kt\u00f3ry pojawi si\u0119 w oknie aplikacji Elfsight. <\/b><br> Po zako\u0144czeniu generowania Twojego osobistego widgetu skopiuj indywidualny kod z wy\u015bwietlonego okna i zachowaj go na p\u00f3\u017aniej. <\/li> <li><b>Rozpocznij korzystanie z narz\u0119dzia na stronie Jimdo. <\/b><br> Umie\u015b\u0107 zapisany wcze\u015bniej kod na swojej stronie i zastosuj poprawki. <\/li> <li><b>Instalacja zosta\u0142a w pe\u0142ni uko\u0144czona. <\/b><br> Odwied\u017a swoj\u0105 stron\u0119 internetow\u0105, aby zobaczy\u0107, jak dzia\u0142a widget. <\/li><\/ol> <p>Je\u015bli napotkasz jakiekolwiek przeszkody, nie wahaj si\u0119 zwr\u00f3ci\u0107 o pomoc do naszego zespo\u0142u obs\u0142ugi klienta. Nasi konsultanci z przyjemno\u015bci\u0105 rozwi\u0105\u017c\u0105 wszelkie trudno\u015bci, jakie mo\u017cesz mie\u0107 z produktem. <\/p> <\/div>","protected":false},"excerpt":{"rendered":"","protected":false},"author":9,"featured_media":0,"parent":1402,"menu_order":0,"comment_status":"closed","ping_status":"closed","template":"templates\/template-application-platform.php","meta":{"publish_to_discourse":"","publish_post_category":"","wpdc_auto_publish_overridden":"","wpdc_topic_tags":"","wpdc_pin_topic":"","wpdc_pin_until":"","discourse_post_id":"","discourse_permalink":"","wpdc_publishing_response":"","wpdc_publishing_error":"","footnotes":""},"class_list":["post-4141","page","type-page","status-publish","hentry"],"yoast_head":"<!-- This site is optimized with the Yoast SEO plugin v25.3.1 - https:\/\/yoast.com\/wordpress\/plugins\/seo\/ -->\n<title>Umie\u015b\u0107 recenzje Apple na swojej stronie internetowej Jimdo (\u0142atwo i szybko)<\/title>\n<meta name=\"description\" content=\"Utworzenie w\u0142asnego wid\u017cetu Apple Reviews i opublikowanie go na swojej stronie internetowej Jimdo nie wymaga wiele wysi\u0142ku. Obs\u0142uga klienta Elfsight jest bezp\u0142atna.\" \/>\n<meta name=\"robots\" content=\"index, follow, max-snippet:-1, max-image-preview:large, max-video-preview:-1\" \/>\n<link rel=\"canonical\" href=\"https:\/\/elfsight.com\/pl\/apple-app-store-reviews-widget\/jimdo\/\" \/>\n<meta property=\"og:locale\" content=\"pl_PL\" \/>\n<meta property=\"og:type\" content=\"article\" \/>\n<meta property=\"og:title\" content=\"Umie\u015b\u0107 recenzje Apple na swojej stronie internetowej Jimdo (\u0142atwo i szybko)\" \/>\n<meta property=\"og:description\" content=\"Utworzenie w\u0142asnego wid\u017cetu Apple Reviews i opublikowanie go na swojej stronie internetowej Jimdo nie wymaga wiele wysi\u0142ku. Obs\u0142uga klienta Elfsight jest bezp\u0142atna.\" \/>\n<meta property=\"og:url\" content=\"https:\/\/elfsight.com\/pl\/apple-app-store-reviews-widget\/jimdo\/\" \/>\n<meta property=\"og:site_name\" content=\"Elfsight PL\" \/>\n<meta property=\"article:modified_time\" content=\"2024-10-24T11:57:01+00:00\" \/>\n<meta name=\"twitter:card\" content=\"summary_large_image\" \/>\n<meta name=\"twitter:label1\" content=\"Szacowany czas czytania\" \/>\n\t<meta name=\"twitter:data1\" content=\"2 minuty\" \/>\n<!-- \/ Yoast SEO plugin. -->","yoast_head_json":{"title":"Umie\u015b\u0107 recenzje Apple na swojej stronie internetowej Jimdo (\u0142atwo i szybko)","description":"Utworzenie w\u0142asnego wid\u017cetu Apple Reviews i opublikowanie go na swojej stronie internetowej Jimdo nie wymaga wiele wysi\u0142ku. Obs\u0142uga klienta Elfsight jest bezp\u0142atna.","robots":{"index":"index","follow":"follow","max-snippet":"max-snippet:-1","max-image-preview":"max-image-preview:large","max-video-preview":"max-video-preview:-1"},"canonical":"https:\/\/elfsight.com\/pl\/apple-app-store-reviews-widget\/jimdo\/","og_locale":"pl_PL","og_type":"article","og_title":"Umie\u015b\u0107 recenzje Apple na swojej stronie internetowej Jimdo (\u0142atwo i szybko)","og_description":"Utworzenie w\u0142asnego wid\u017cetu Apple Reviews i opublikowanie go na swojej stronie internetowej Jimdo nie wymaga wiele wysi\u0142ku. Obs\u0142uga klienta Elfsight jest bezp\u0142atna.","og_url":"https:\/\/elfsight.com\/pl\/apple-app-store-reviews-widget\/jimdo\/","og_site_name":"Elfsight PL","article_modified_time":"2024-10-24T11:57:01+00:00","twitter_card":"summary_large_image","twitter_misc":{"Szacowany czas czytania":"2 minuty"},"schema":{"@context":"https:\/\/schema.org","@graph":[{"@type":"WebPage","@id":"https:\/\/elfsight.com\/pl\/apple-app-store-reviews-widget\/jimdo\/","url":"https:\/\/elfsight.com\/pl\/apple-app-store-reviews-widget\/jimdo\/","name":"Umie\u015b\u0107 recenzje Apple na swojej stronie internetowej Jimdo (\u0142atwo i szybko)","isPartOf":{"@id":"https:\/\/elfsight.com\/pl\/#website"},"datePublished":"2024-05-03T06:27:55+00:00","dateModified":"2024-10-24T11:57:01+00:00","description":"Utworzenie w\u0142asnego wid\u017cetu Apple Reviews i opublikowanie go na swojej stronie internetowej Jimdo nie wymaga wiele wysi\u0142ku. Obs\u0142uga klienta Elfsight jest bezp\u0142atna.","breadcrumb":{"@id":"https:\/\/elfsight.com\/pl\/apple-app-store-reviews-widget\/jimdo\/#breadcrumb"},"inLanguage":"pl-PL","potentialAction":[{"@type":"ReadAction","target":["https:\/\/elfsight.com\/pl\/apple-app-store-reviews-widget\/jimdo\/"]}]},{"@type":"BreadcrumbList","@id":"https:\/\/elfsight.com\/pl\/apple-app-store-reviews-widget\/jimdo\/#breadcrumb","itemListElement":[{"@type":"ListItem","position":1,"name":"Home","item":"https:\/\/elfsight.com\/pl\/"},{"@type":"ListItem","position":2,"name":"Apple App Store Reviews","item":"https:\/\/elfsight.com\/pl\/apple-app-store-reviews-widget\/"},{"@type":"ListItem","position":3,"name":"Apple App Store Reviews &#8211; Jimdo"}]},{"@type":"WebSite","@id":"https:\/\/elfsight.com\/pl\/#website","url":"https:\/\/elfsight.com\/pl\/","name":"Elfsight PL","description":"Just another Elfsight Sites site","potentialAction":[{"@type":"SearchAction","target":{"@type":"EntryPoint","urlTemplate":"https:\/\/elfsight.com\/pl\/?s={search_term_string}"},"query-input":{"@type":"PropertyValueSpecification","valueRequired":true,"valueName":"search_term_string"}}],"inLanguage":"pl-PL"}]}},"meta_box":{"industry":"","seo_heading":"","heading":"","description":"","cta_heading":"","cta_description":"","application":"1401","h1":"Wid\u017cet Recenzje Jimdo Apple App Store","h1_caption":"Osadzaj recenzje z wid\u017cetu sklepu z wid\u017cetami Apple, aby bez wysi\u0142ku budowa\u0107 wiarygodno\u015b\u0107 i zach\u0119ca\u0107 do cz\u0119stszych pobra\u0144 na swojej stronie internetowej Jimdo.","application_category":[],"applications_title":"","applications_request_title":"","applications_request_button_text":"","hero_text":"","hero_video":"","hero_video_schema_markup":"","selling_points_title":"","selling_points_caption":"","selling_points":[],"selling_points_cta_text":"","features_title":"","features":"","ed_cta_examples_text":"","ed_cta_examples_hidden":"","ed_cta_demo_text":"","ed_cta_demo_hidden":"","why_caption":"","why_editor_title":"","why_editor_text":"","why_team_title":"","why_team_text":"","why_service_title":"","why_service_text":"","template_catalog_visible":"","template_catalog_title":"","template_catalog_text":"","template_catalog_categories_visible":"","demo_title":"Skonfiguruj spersonalizowany produkt w mniej ni\u017c minut\u0119!","demo_caption":"Mo\u017cesz dostosowa\u0107 widget w edytorze i zintegrowa\u0107 go ze swoj\u0105 witryn\u0105 bezpo\u015brednio z wersji demonstracyjnej na \u017cywo.","default_faq_hidden":"","app_template_category":[],"platform":"193","template_public_id":"","codecanyon_url":"","codecanyon_item_id":"","codecanyon_price":"","pricing_caption":"","pricing_elfsight_apps_hide_column":"","pricing_elfsight_apps_url":"","pricing_codecanyon_price_caption":"","integration_category":[],"integration_request_title":"","integration_request_cta":"","integration_platform":"","integrations":[],"platform_category":[],"video_schema_markup":"","price":"od 0 USD \/ miesi\u0105c","trial":"","benefits":[{"text":"Bezp\u0142atna pomoc w monta\u017cu"},{"text":"Do\u015bwiadczona obs\u0142uga klienta"},{"text":"14-dniowa gwarancja zwrotu pieni\u0119dzy"}],"button_url":"#demo","button_target_blank":"","button_nofollow":"","attributes":[{"name":"Instaluje"},{"name":"Czu\u0142y"},{"name":"Kompatybilne przegl\u0105darki"}],"tags":[],"tags_disable_links":"","hide_more_platforms":"","video_object":"","demo_hide_cta":"","demo_hide_cloud_options":"","pricing_title":"","pricing":[{"pricing_icon":"platform","pricing_title":"Elfsight Apps","pricing_title_caption":"Wieloplatformowe rozwi\u0105zanie cyfrowe","pricing_price":"od 0 USD \/ miesi\u0105c","pricing_price_caption":"zacznij od bezp\u0142atnego planu","pricing_benefits":[{"text":"Nielimitowane strony internetowe"},{"text":"Bezp\u0142atna obs\u0142uga klienta"},{"text":"Bezp\u0142atne wsparcie przy instalacji"},{"text":"Elastyczny projekt"}],"pricing_button_text":"Dodaj do witryny","pricing_button_url":"#demo"}],"related_apps_title":"","related_apps_hidden":"","author":"","image":[],"title":"","job":"","social_networks":[]},"_links":{"self":[{"href":"https:\/\/elfsight.com\/pl\/wp-json\/wp\/v2\/pages\/4141","targetHints":{"allow":["GET"]}}],"collection":[{"href":"https:\/\/elfsight.com\/pl\/wp-json\/wp\/v2\/pages"}],"about":[{"href":"https:\/\/elfsight.com\/pl\/wp-json\/wp\/v2\/types\/page"}],"author":[{"embeddable":true,"href":"https:\/\/elfsight.com\/pl\/wp-json\/wp\/v2\/users\/9"}],"replies":[{"embeddable":true,"href":"https:\/\/elfsight.com\/pl\/wp-json\/wp\/v2\/comments?post=4141"}],"version-history":[{"count":1,"href":"https:\/\/elfsight.com\/pl\/wp-json\/wp\/v2\/pages\/4141\/revisions"}],"predecessor-version":[{"id":4145,"href":"https:\/\/elfsight.com\/pl\/wp-json\/wp\/v2\/pages\/4141\/revisions\/4145"}],"up":[{"embeddable":true,"href":"https:\/\/elfsight.com\/pl\/wp-json\/wp\/v2\/pages\/1402"}],"wp:attachment":[{"href":"https:\/\/elfsight.com\/pl\/wp-json\/wp\/v2\/media?parent=4141"}],"curies":[{"name":"wp","href":"https:\/\/api.w.org\/{rel}","templated":true}]}}