{"id":4135,"date":"2024-05-03T06:27:53","date_gmt":"2024-05-03T06:27:53","guid":{"rendered":"https:\/\/elfsight.com\/pl\/?page_id=4135"},"modified":"2025-01-16T16:54:22","modified_gmt":"2025-01-16T16:54:22","slug":"bigcommerce","status":"publish","type":"page","link":"https:\/\/elfsight.com\/pl\/amazon-reviews-widget\/bigcommerce\/","title":{"rendered":"Amazon Reviews &#8211; BigCommerce"},"content":{"rendered":"\n<div class=\"application-platform-content-item-description application-platform-content-item\" id=\"description\" data-nav-section=\"description\"><h2>Opis<\/h2><p>Aplikacja Elfsight Reviews from Amazon to najprostszy spos\u00f3b na kszta\u0142towanie wizerunku Twojej firmy poprzez prezentowanie opinii prawdziwych klient\u00f3w na Tw\u00f3j dorobek. Wy\u015bwietlaj tylko najlepsze i najbardziej znacz\u0105ce recenzje i uk\u0142adaj je tak, jak lubisz. Uzyskaj wyniki dzi\u0119ki dowodowi spo\u0142ecznemu, pokazuj\u0105c swoim klientom, \u017ce jeste\u015b niezawodnym partnerem.<\/p><p><b>Inspiruj u\u017cytkownik\u00f3w do publikowania nowych recenzji na temat Twoich towar\u00f3w i ulepszaj rozmowy z klientami!<\/b><\/p><div class=\"faq\" data-component=\"FAQ\"><div class=\"faq-item\">\r\n\t\t\t\t\t<div class=\"faq-item-question\">\r\n\t\t\t\t\t\t<h3 class=\"faq-item-question-text\">Czy mog\u0119 osadzi\u0107 recenzje klient\u00f3w z Amazon na mojej stronie BigCommerce?<\/h3>\r\n\r\n\t\t\t\t\t\t<div class=\"faq-item-question-icon\"><\/div>\r\n\t\t\t\t\t<\/div>\r\n\r\n\t\t\t\t\t<div class=\"faq-item-answer\">\r\n\t\t\t\t\t\t<div class=\"faq-item-answer-text\"><p>Po prostu utw\u00f3rz wtyczk\u0119, nast\u0119pnie zmodyfikuj jej styl i zapisz zmiany. Skopiuj kod w\u0142a\u015bnie utworzonego wid\u017cetu i dodaj go do aktualnie posiadanego uk\u0142adu. <\/p><\/div>\r\n\t\t\t\t\t<\/div>\r\n\t\t\t\t<\/div><div class=\"faq-item\">\r\n\t\t\t\t\t<div class=\"faq-item-question\">\r\n\t\t\t\t\t\t<h3 class=\"faq-item-question-text\">Jak uzyska\u0107 recenzje klient\u00f3w Amazon na temat moich stron produkt\u00f3w?<\/h3>\r\n\r\n\t\t\t\t\t\t<div class=\"faq-item-question-icon\"><\/div>\r\n\t\t\t\t\t<\/div>\r\n\r\n\t\t\t\t\t<div class=\"faq-item-answer\">\r\n\t\t\t\t\t\t<div class=\"faq-item-answer-text\"><p>Wystarczy, \u017ce skorzystasz z przycisku Napisz recenzj\u0119. Klikni\u0119ciem myszy u\u017cytkownicy witryny zostan\u0105 przeniesieni bezpo\u015brednio do Twojego profilu. <\/p><\/div>\r\n\t\t\t\t\t<\/div>\r\n\t\t\t\t<\/div><div class=\"faq-item\">\r\n\t\t\t\t\t<div class=\"faq-item-question\">\r\n\t\t\t\t\t\t<h3 class=\"faq-item-question-text\">Jak ukszta\u0142towa\u0107 wtyczk\u0119 \/ szablon plakietki oceny Amazon?<\/h3>\r\n\r\n\t\t\t\t\t\t<div class=\"faq-item-question-icon\"><\/div>\r\n\t\t\t\t\t<\/div>\r\n\r\n\t\t\t\t\t<div class=\"faq-item-answer\">\r\n\t\t\t\t\t\t<div class=\"faq-item-answer-text\"><p>Przeczytaj wszystkie punkty z poni\u017cszych nieskomplikowanych wskaz\u00f3wek: <\/p><ol><li>Zarz\u0105dzaj naszym konfiguratorem i zacznij tworzy\u0107 w\u0142asny widget. <\/li> <li>Skonfiguruj funkcje wid\u017cetu i zapisz niezb\u0119dne zmiany. <\/li><li>Zdob\u0105d\u017a sw\u00f3j indywidualny kod pokazany w powiadomieniu. <\/li> <li>Zintegruj kod wid\u017cetu ze swoj\u0105 stron\u0105 internetow\u0105 i zapisz go. <\/li><li> Narz\u0119dzie zosta\u0142o bezproblemowo zainstalowane na stronie. <\/li><\/div>\r\n\t\t\t\t\t<\/div>\r\n\t\t\t\t<\/div><\/div><\/div><div class=\"application-platform-content-item-features application-platform-content-item\" id=\"features\" data-nav-section=\"features\"><h2>Funkcje<\/h2><p>Aby lepiej zrozumie\u0107 recenzje Amazon, sp\u00f3jrz na list\u0119 najcenniejsze funkcje. Dzi\u0119ki nim nasz widget jest dla Ciebie naprawd\u0119 skuteczny:<\/p><ul><li>3 gotowe do u\u017cycia filtry: wed\u0142ug typu, wykluczania i ilo\u015bci recenzji do wy\u015bwietlenia;<\/li><li>Cztery dost\u0119pne uk\u0142ady : Lista, Siatka, Mur i Suwak;<\/li><li>Mo\u017cliwo\u015b\u0107 pokazania lub ukrycia nag\u0142\u00f3wka wid\u017cetu;<\/li><li>Przycisk pro\u015bby o recenzj\u0119 przenosi ludzi na Twoj\u0105 stron\u0119 Amazon;<\/li><li>Sze\u015b\u0107 elastycznych element\u00f3w recenzji: nazwisko i zdj\u0119cie autora, tekst rekomendacji, data, ikona Amazon i liczba gwiazdek;<\/li><li>Dwa mo\u017cliwe scenariusze po odrzuceniu pro\u015bby o recenzj\u0119: poka\u017c wiadomo\u015b\u0107 lub usu\u0144 przycisk;<\/li><\/ul><p><a href=\"#demo\">Sprawd\u017a pe\u0142n\u0105 list\u0119 funkcji w naszej wersji demonstracyjnej<\/a><\/p><\/div><div class=\"application-platform-content-item-installation  application-platform-content-item\" id=\"installation \" data-nav-section=\"installation \"><h2>Jak doda\u0107 aplikacj\u0119 Recenzje Amazon do witryny BigCommerce<\/h2><div class=\"video-container\"><iframe width=\"720\" height=\"405\" src=\"https:\/\/www.youtube.com\/embed\/McoY34HXoks\" frameborder=\"0\" allowfullscreen=\"\"><\/iframe><\/div><p>Wystarczy post\u0119powa\u0107 zgodnie z poni\u017cszymi instrukcjami, aby rozpocz\u0105\u0107 korzystanie z wid\u017cetu w BigCommerce.<\/p> <ol><li><b>Skorzystaj z naszego bezp\u0142atnego konfiguratora i zacznij tworzy\u0107 w\u0142asn\u0105 aplikacj\u0119. <\/b><br> Okre\u015bl po\u017c\u0105dan\u0105 form\u0119 i opcje narz\u0119dzia oraz zastosuj poprawki. <\/li> <li><b>Zdob\u0105d\u017a sw\u00f3j indywidualny kod wy\u015bwietlony w oknie aplikacji Elfsight. <\/b><br> Zaraz po wygenerowaniu wid\u017cetu Recenzji Amazon skopiuj kod osobisty w wy\u015bwietlonym polu i zapisz go na dalsze potrzeby. <\/li> <li><b>Zacznij korzysta\u0107 z wid\u017cetu na swojej stronie BigCommerce. <\/b><br> Zintegruj zapisany wcze\u015bniej kod w swojej witrynie i zastosuj ulepszenia. <\/li> <li><b>Instalacja zosta\u0142a ca\u0142kowicie zako\u0144czona. <\/b><br> Odwied\u017a swoj\u0105 witryn\u0119, aby zobaczy\u0107, jak dzia\u0142a widget. <\/li><\/ol><p>Nadal masz w\u0105tpliwo\u015bci? Albo natkn\u0105\u0142e\u015b si\u0119 na co\u015b? Wystarczy wys\u0142a\u0107 zapytanie do naszego dzia\u0142u obs\u0142ugi klienta. Rozwi\u0105\u017cemy ka\u017cdy problem.<\/p><\/div>\n","protected":false},"excerpt":{"rendered":"","protected":false},"author":9,"featured_media":0,"parent":1176,"menu_order":0,"comment_status":"closed","ping_status":"closed","template":"templates\/template-application-platform.php","meta":{"publish_to_discourse":"","publish_post_category":"","wpdc_auto_publish_overridden":"","wpdc_topic_tags":"","wpdc_pin_topic":"","wpdc_pin_until":"","discourse_post_id":"","discourse_permalink":"","wpdc_publishing_response":"","wpdc_publishing_error":"","footnotes":""},"class_list":["post-4135","page","type-page","status-publish","hentry"],"yoast_head":"<!-- This site is optimized with the Yoast SEO plugin v25.3.1 - https:\/\/yoast.com\/wordpress\/plugins\/seo\/ -->\n<title>Recenzje Amazona | Dodaj aplikacj\u0119 Reviews from Amazon na stronie BigCommerce<\/title>\n<meta name=\"description\" content=\"Dzi\u0119ki Elfsight mo\u017cesz stworzy\u0107 wid\u017cet Recenzji Amazon i szybko opublikowa\u0107 go na swojej stronie BigCommerce. Oferujemy bezp\u0142atn\u0105 obs\u0142ug\u0119 klienta i inne bonusy.\" \/>\n<meta name=\"robots\" content=\"index, follow, max-snippet:-1, max-image-preview:large, max-video-preview:-1\" \/>\n<link rel=\"canonical\" href=\"https:\/\/elfsight.com\/pl\/amazon-reviews-widget\/bigcommerce\/\" \/>\n<meta property=\"og:locale\" content=\"pl_PL\" \/>\n<meta property=\"og:type\" content=\"article\" \/>\n<meta property=\"og:title\" content=\"Recenzje Amazona | Dodaj aplikacj\u0119 Reviews from Amazon na stronie BigCommerce\" \/>\n<meta property=\"og:description\" content=\"Dzi\u0119ki Elfsight mo\u017cesz stworzy\u0107 wid\u017cet Recenzji Amazon i szybko opublikowa\u0107 go na swojej stronie BigCommerce. Oferujemy bezp\u0142atn\u0105 obs\u0142ug\u0119 klienta i inne bonusy.\" \/>\n<meta property=\"og:url\" content=\"https:\/\/elfsight.com\/pl\/amazon-reviews-widget\/bigcommerce\/\" \/>\n<meta property=\"og:site_name\" content=\"Elfsight PL\" \/>\n<meta property=\"article:modified_time\" content=\"2025-01-16T16:54:22+00:00\" \/>\n<meta name=\"twitter:card\" content=\"summary_large_image\" \/>\n<meta name=\"twitter:label1\" content=\"Szacowany czas czytania\" \/>\n\t<meta name=\"twitter:data1\" content=\"3 minuty\" \/>\n<!-- \/ Yoast SEO plugin. -->","yoast_head_json":{"title":"Recenzje Amazona | Dodaj aplikacj\u0119 Reviews from Amazon na stronie BigCommerce","description":"Dzi\u0119ki Elfsight mo\u017cesz stworzy\u0107 wid\u017cet Recenzji Amazon i szybko opublikowa\u0107 go na swojej stronie BigCommerce. Oferujemy bezp\u0142atn\u0105 obs\u0142ug\u0119 klienta i inne bonusy.","robots":{"index":"index","follow":"follow","max-snippet":"max-snippet:-1","max-image-preview":"max-image-preview:large","max-video-preview":"max-video-preview:-1"},"canonical":"https:\/\/elfsight.com\/pl\/amazon-reviews-widget\/bigcommerce\/","og_locale":"pl_PL","og_type":"article","og_title":"Recenzje Amazona | Dodaj aplikacj\u0119 Reviews from Amazon na stronie BigCommerce","og_description":"Dzi\u0119ki Elfsight mo\u017cesz stworzy\u0107 wid\u017cet Recenzji Amazon i szybko opublikowa\u0107 go na swojej stronie BigCommerce. Oferujemy bezp\u0142atn\u0105 obs\u0142ug\u0119 klienta i inne bonusy.","og_url":"https:\/\/elfsight.com\/pl\/amazon-reviews-widget\/bigcommerce\/","og_site_name":"Elfsight PL","article_modified_time":"2025-01-16T16:54:22+00:00","twitter_card":"summary_large_image","twitter_misc":{"Szacowany czas czytania":"3 minuty"},"schema":{"@context":"https:\/\/schema.org","@graph":[{"@type":"WebPage","@id":"https:\/\/elfsight.com\/pl\/amazon-reviews-widget\/bigcommerce\/","url":"https:\/\/elfsight.com\/pl\/amazon-reviews-widget\/bigcommerce\/","name":"Recenzje Amazona | Dodaj aplikacj\u0119 Reviews from Amazon na stronie BigCommerce","isPartOf":{"@id":"https:\/\/elfsight.com\/pl\/#website"},"datePublished":"2024-05-03T06:27:53+00:00","dateModified":"2025-01-16T16:54:22+00:00","description":"Dzi\u0119ki Elfsight mo\u017cesz stworzy\u0107 wid\u017cet Recenzji Amazon i szybko opublikowa\u0107 go na swojej stronie BigCommerce. Oferujemy bezp\u0142atn\u0105 obs\u0142ug\u0119 klienta i inne bonusy.","breadcrumb":{"@id":"https:\/\/elfsight.com\/pl\/amazon-reviews-widget\/bigcommerce\/#breadcrumb"},"inLanguage":"pl-PL","potentialAction":[{"@type":"ReadAction","target":["https:\/\/elfsight.com\/pl\/amazon-reviews-widget\/bigcommerce\/"]}]},{"@type":"BreadcrumbList","@id":"https:\/\/elfsight.com\/pl\/amazon-reviews-widget\/bigcommerce\/#breadcrumb","itemListElement":[{"@type":"ListItem","position":1,"name":"Home","item":"https:\/\/elfsight.com\/pl\/"},{"@type":"ListItem","position":2,"name":"Amazon Reviews","item":"https:\/\/elfsight.com\/pl\/amazon-reviews-widget\/"},{"@type":"ListItem","position":3,"name":"Amazon Reviews &#8211; BigCommerce"}]},{"@type":"WebSite","@id":"https:\/\/elfsight.com\/pl\/#website","url":"https:\/\/elfsight.com\/pl\/","name":"Elfsight PL","description":"Just another Elfsight Sites site","potentialAction":[{"@type":"SearchAction","target":{"@type":"EntryPoint","urlTemplate":"https:\/\/elfsight.com\/pl\/?s={search_term_string}"},"query-input":{"@type":"PropertyValueSpecification","valueRequired":true,"valueName":"search_term_string"}}],"inLanguage":"pl-PL"}]}},"meta_box":{"industry":"","seo_heading":"","heading":"","description":"","cta_heading":"","cta_description":"","application":"1175","h1":"Aplikacja Amazon Recenzje dla BigCommerce","h1_caption":"Wy\u015bwietlaj recenzje produkt\u00f3w z Amazon, aby bez wysi\u0142ku zapewni\u0107 odwiedzaj\u0105cym Twoj\u0105 witryn\u0119 dodatkowy dow\u00f3d spo\u0142eczno\u015bciowy w witrynie BigCommerce.","application_category":[],"applications_title":"","applications_request_title":"","applications_request_button_text":"","hero_text":"","hero_video":"","hero_video_schema_markup":"","selling_points_title":"","selling_points_caption":"","selling_points":[],"selling_points_cta_text":"","features_title":"","features":"","ed_cta_examples_text":"","ed_cta_examples_hidden":"","ed_cta_demo_text":"","ed_cta_demo_hidden":"","why_caption":"","why_editor_title":"","why_editor_text":"","why_team_title":"","why_team_text":"","why_service_title":"","why_service_text":"","template_catalog_visible":"0","template_catalog_title":"","template_catalog_text":"","template_catalog_categories_visible":"","demo_title":"Utw\u00f3rz aplikacj\u0119 Recenzje Amazon","demo_caption":"Skonfiguruj swoje recenzje Amazon i dodaj je za darmo do swojej witryny BigCommerce!","default_faq_hidden":"","app_template_category":[],"platform":"41","template_public_id":"","codecanyon_url":"","codecanyon_item_id":"","codecanyon_price":"","pricing_caption":"","pricing_elfsight_apps_hide_column":"","pricing_elfsight_apps_url":"","pricing_codecanyon_price_caption":"","integration_category":[],"integration_request_title":"","integration_request_cta":"","integration_platform":"","integrations":[],"platform_category":[],"video_schema_markup":"","price":"od 0 USD \/ miesi\u0105c","trial":"","benefits":[{"text":"Bezp\u0142atna pomoc w instalacji"},{"text":"Do\u015bwiadczona obs\u0142uga klienta"},{"text":"14-dniowa gwarancja zwrotu pieni\u0119dzy"}],"button_url":"#demo","button_target_blank":"0","button_nofollow":"0","attributes":[{"name":"Instaluje"},{"name":"Czu\u0142y"},{"name":"Kompatybilne przegl\u0105darki"}],"tags":[],"tags_disable_links":"0","hide_more_platforms":"","video_object":"","demo_hide_cta":"0","demo_hide_cloud_options":"0","pricing_title":"","pricing":[{"pricing_icon":"platform","pricing_title":"Elfsight Apps","pricing_title_caption":"Wieloplatformowe rozwi\u0105zanie cyfrowe, kt\u00f3re pasuje do ka\u017cdej witryny internetowej","pricing_price":"od 0 USD \/ miesi\u0105c","pricing_price_caption":"zacznij od bezp\u0142atnego planu","pricing_benefits":[{"text":"Nielimitowane domeny"},{"text":"Szybkie i terminowe wsparcie"},{"text":"Bezp\u0142atna us\u0142uga monta\u017cu"},{"text":"100% konfigurowalny"}],"pricing_button_text":"Dodaj do witryny","pricing_button_url":"#demo"}],"related_apps_title":"","related_apps_hidden":"0","author":"","image":[],"title":"","job":"","social_networks":[]},"_links":{"self":[{"href":"https:\/\/elfsight.com\/pl\/wp-json\/wp\/v2\/pages\/4135","targetHints":{"allow":["GET"]}}],"collection":[{"href":"https:\/\/elfsight.com\/pl\/wp-json\/wp\/v2\/pages"}],"about":[{"href":"https:\/\/elfsight.com\/pl\/wp-json\/wp\/v2\/types\/page"}],"author":[{"embeddable":true,"href":"https:\/\/elfsight.com\/pl\/wp-json\/wp\/v2\/users\/9"}],"replies":[{"embeddable":true,"href":"https:\/\/elfsight.com\/pl\/wp-json\/wp\/v2\/comments?post=4135"}],"version-history":[{"count":3,"href":"https:\/\/elfsight.com\/pl\/wp-json\/wp\/v2\/pages\/4135\/revisions"}],"predecessor-version":[{"id":9757,"href":"https:\/\/elfsight.com\/pl\/wp-json\/wp\/v2\/pages\/4135\/revisions\/9757"}],"up":[{"embeddable":true,"href":"https:\/\/elfsight.com\/pl\/wp-json\/wp\/v2\/pages\/1176"}],"wp:attachment":[{"href":"https:\/\/elfsight.com\/pl\/wp-json\/wp\/v2\/media?parent=4135"}],"curies":[{"name":"wp","href":"https:\/\/api.w.org\/{rel}","templated":true}]}}