{"id":4134,"date":"2024-05-03T06:27:52","date_gmt":"2024-05-03T06:27:52","guid":{"rendered":"https:\/\/elfsight.com\/pl\/?page_id=4134"},"modified":"2025-06-24T14:10:56","modified_gmt":"2025-06-24T14:10:56","slug":"blogger","status":"publish","type":"page","link":"https:\/\/elfsight.com\/pl\/amazon-reviews-widget\/blogger\/","title":{"rendered":"Amazon Reviews &#8211; Blogger"},"content":{"rendered":"<div class=\"application-platform-content-item-description application-platform-content-item\" id=\"description\" data-nav-section=\"description\">\n<h2>Opis<\/h2>\n<p>Nasz wid\u017cet Amazon to najwygodniejszy spos\u00f3b na popraw\u0119 reputacji Twojej firmy poprzez wyra\u017cenie opinii prawdziwych klient\u00f3w na temat Twojej produkcji. Pochwal si\u0119 tylko najlepszymi i najbardziej znacz\u0105cymi my\u015blami i uporz\u0105dkuj je tak, jak chcesz. Zdob\u0105d\u017a dow\u00f3d spo\u0142eczny, pokazuj\u0105c swoim odbiorcom, \u017ce mo\u017cna Ci zaufa\u0107.<\/p>\n<p><b>Motywuj u\u017cytkownik\u00f3w do pisania nowych komentarzy na temat Twojej marki i zach\u0119caj klient\u00f3w do rozm\u00f3w!<\/b><\/p>\n<\/div>\n\n<div class=\"application-platform-content-item-features application-platform-content-item\" id=\"features\" data-nav-section=\"features\">\n<h2>Funkcje<\/h2>\n<p>Aby uzyska\u0107 lepsz\u0105 wiedz\u0119 na temat wid\u017cetu, poni\u017cej znajduje si\u0119 lista g\u0142\u00f3wnych cech. Sprawiaj\u0105, \u017ce ten wid\u017cet jest maksymalnie korzystny dla Twojej firmy:<\/p>\n<ul>\n    <li>Dost\u0119pne trzy filtry: wed\u0142ug typu, wykluczenia i liczby recenzji;<\/li>\n    <li>4 predefiniowane uk\u0142ady: lista, siatka, Kamieniarstwo i Suwak;<\/li>\n    <li>W pe\u0142ni elastyczny nag\u0142\u00f3wek wid\u017cetu;<\/li>\n    <li>Przycisk \u017c\u0105dania recenzji kieruje klient\u00f3w do strony Amazon;<\/li>\n    <li>6 regulowanych element\u00f3w wid\u017cetu: imi\u0119 i nazwisko autora oraz zdj\u0119cie, rekomendacja, data opuszczenia, ikona Amazon i liczba gwiazdek;<\/li>\n    <li>Dwie alternatywne scenariusze po odrzuceniu pro\u015bby o sprawdzenie: zaprezentuj niestandardow\u0105 wiadomo\u015b\u0107 lub ukryj przycisk;<\/li>\n<\/ul>\n<p><a href=\"#demo\">Aby sprawdzi\u0107 pe\u0142n\u0105 list\u0119 funkcji, zobacz demonstracj\u0119 na \u017cywo<\/a><\/p>\n<\/div>\n\n<div class=\"application-platform-content-item-installation application-platform-content-item\" id=\"installation\" data-nav-section=\"installation\"><\/div>\n<h2>Jak doda\u0107 wid\u017cet Amazon do witryny Bloggera<\/h2>\n<div class=\"video-container\"><iframe width=\"720\" height=\"405\" src=\"https:\/\/www.youtube.com\/embed\/Mb1u9Gfc2jE\" frameborder=\"0\" allowfullscreen=\"\"><\/iframe><\/div>\n<p>Te kilka czynno\u015bci to jedyne, czego potrzebujesz, aby recenzje dzia\u0142a\u0142y.<\/p>\n<ol>\n    <li><b>Utw\u00f3rz spersonalizowany wid\u017cet Recenzje Amazon<\/b><br>W naszej bezp\u0142atnej wersji demonstracyjnej utw\u00f3rz wtyczk\u0119 o preferowanym wygl\u0105dzie i funkcjonalno\u015bci.<\/li>\n    <li><b>Odbierz osobisty kod, aby doda\u0107 wid\u017cet<\/b><br>Po dostosowaniu wid\u017cetu otrzymasz kod instalacyjny z wyskakuj\u0105cego okna aplikacji Elfsight. Skopiuj go do p\u00f3\u017aniejszego wykorzystania.<\/li>\n    <li><b>Opublikuj wid\u017cet na swojej stronie Bloggera<\/b><br>Wybierz obszar, do kt\u00f3rego chcesz doda\u0107 wtyczk\u0119 i wstaw tam skopiowany kod. Opublikuj zmiany.<\/li>\n    <li><b>Gotowe!<\/b><br>Wejd\u017a na swoj\u0105 witryn\u0119 i zobacz swoje referencje.<\/li>\n<\/ol>\n<p>Nadal nie mo\u017cesz podj\u0105\u0107 decyzji? Lub masz problemy? Tylko jedna pro\u015bba do naszego dzia\u0142u obs\u0142ugi klienta pomo\u017ce w ka\u017cdej sprawie.<\/p>\n<div class=\"faq\" data-component=\"FAQ\">\n    <div class=\"faq-item\">\r\n\t\t\t\t\t<div class=\"faq-item-question\">\r\n\t\t\t\t\t\t<h3 class=\"faq-item-question-text\">Jak mog\u0119 doda\u0107 recenzje Amazon do mojej witryny Bloggera bez umiej\u0119tno\u015bci kodowania?<\/h3>\r\n\r\n\t\t\t\t\t\t<div class=\"faq-item-question-icon\"><\/div>\r\n\t\t\t\t\t<\/div>\r\n\r\n\t\t\t\t\t<div class=\"faq-item-answer\">\r\n\t\t\t\t\t\t<div class=\"faq-item-answer-text\">\n    <p>Elfsight zapewnia rozwi\u0105zanie SaaS, kt\u00f3re pozwala samodzielnie utworzy\u0107 wid\u017cet Recenzji Amazon, przekonaj si\u0119, jak \u0142atwy jest ten proces: Pracuj bezpo\u015brednio w edytorze online, aby utworzy\u0107 wid\u017cet Recenzji Amazon, kt\u00f3ry chcesz widzie\u0107 w swojej witrynie Bloggera. Wybierz jeden z gotowych szablon\u00f3w i dostosuj ustawienia Recenzji Amazon, dodaj tre\u015b\u0107, zmie\u0144 uk\u0142ad i kolory bez umiej\u0119tno\u015bci kodowania. Zapisz recenzje Amazon i skopiuj ich kod instalacyjny, kt\u00f3ry mo\u017cesz po prostu wklei\u0107 na swojej stronie Bloggera bez kupowania p\u0142atnej subskrypcji. Dzi\u0119ki naszemu intuicyjnemu edytorowi ka\u017cdy u\u017cytkownik Internetu mo\u017ce stworzy\u0107 wid\u017cet Recenzje Amazon online i \u0142atwo osadzi\u0107 go na swojej stronie Bloggera. Aby uzyska\u0107 dost\u0119p do us\u0142ugi, nie trzeba p\u0142aci\u0107 ani wprowadza\u0107 danych uwierzytelniaj\u0105cych karty. Je\u015bli na kt\u00f3rymkolwiek etapie napotkasz jakiekolwiek problemy, skontaktuj si\u0119 z naszym zespo\u0142em pomocy technicznej.<\/p>\n    <\/div>\r\n\t\t\t\t\t<\/div>\r\n\t\t\t\t<\/div>\n<\/div>","protected":false},"excerpt":{"rendered":"Jak doda\u0107 wid\u017cet Amazon do witryny Bloggera Te kilka czynno\u015bci to jedyne, czego potrzebujesz, aby recenzje dzia\u0142a\u0142y. Utw\u00f3rz spersonalizowany wid\u017cet Recenzje AmazonW naszej bezp\u0142atnej wersji demonstracyjnej utw\u00f3rz wtyczk\u0119 o preferowanym wygl\u0105dzie i funkcjonalno\u015bci. Odbierz osobisty kod, aby doda\u0107 wid\u017cetPo dostosowaniu wid\u017cetu otrzymasz kod instalacyjny z wyskakuj\u0105cego okna aplikacji Elfsight. Skopiuj&#8230;","protected":false},"author":9,"featured_media":0,"parent":1176,"menu_order":0,"comment_status":"closed","ping_status":"closed","template":"templates\/template-application-platform.php","meta":{"publish_to_discourse":"","publish_post_category":"","wpdc_auto_publish_overridden":"","wpdc_topic_tags":"","wpdc_pin_topic":"","wpdc_pin_until":"","discourse_post_id":"","discourse_permalink":"","wpdc_publishing_response":"","wpdc_publishing_error":"","footnotes":""},"class_list":["post-4134","page","type-page","status-publish","hentry"],"yoast_head":"<!-- This site is optimized with the Yoast SEO plugin v25.3.1 - https:\/\/yoast.com\/wordpress\/plugins\/seo\/ -->\n<title>Recenzje Amazona | Dodaj wid\u017cet Amazon na stronie Bloggera (bezp\u0142atnie i szybko)<\/title>\n<meta name=\"description\" content=\"Dzi\u0119ki Elfsight mo\u017cesz szybko stworzy\u0107 wtyczk\u0119 Reviews from Amazon i opublikowa\u0107 j\u0105 w witrynie Bloggera. Oferujemy bezp\u0142atn\u0105 obs\u0142ug\u0119 klienta i inne bonusy.\" \/>\n<meta name=\"robots\" content=\"index, follow, max-snippet:-1, max-image-preview:large, max-video-preview:-1\" \/>\n<link rel=\"canonical\" href=\"https:\/\/elfsight.com\/pl\/amazon-reviews-widget\/blogger\/\" \/>\n<meta property=\"og:locale\" content=\"pl_PL\" \/>\n<meta property=\"og:type\" content=\"article\" \/>\n<meta property=\"og:title\" content=\"Recenzje Amazona | Dodaj wid\u017cet Amazon na stronie Bloggera (bezp\u0142atnie i szybko)\" \/>\n<meta property=\"og:description\" content=\"Dzi\u0119ki Elfsight mo\u017cesz szybko stworzy\u0107 wtyczk\u0119 Reviews from Amazon i opublikowa\u0107 j\u0105 w witrynie Bloggera. Oferujemy bezp\u0142atn\u0105 obs\u0142ug\u0119 klienta i inne bonusy.\" \/>\n<meta property=\"og:url\" content=\"https:\/\/elfsight.com\/pl\/amazon-reviews-widget\/blogger\/\" \/>\n<meta property=\"og:site_name\" content=\"Elfsight PL\" \/>\n<meta property=\"article:modified_time\" content=\"2025-06-24T14:10:56+00:00\" \/>\n<meta name=\"twitter:card\" content=\"summary_large_image\" \/>\n<meta name=\"twitter:label1\" content=\"Szacowany czas czytania\" \/>\n\t<meta name=\"twitter:data1\" content=\"3 minuty\" \/>\n<!-- \/ Yoast SEO plugin. -->","yoast_head_json":{"title":"Recenzje Amazona | Dodaj wid\u017cet Amazon na stronie Bloggera (bezp\u0142atnie i szybko)","description":"Dzi\u0119ki Elfsight mo\u017cesz szybko stworzy\u0107 wtyczk\u0119 Reviews from Amazon i opublikowa\u0107 j\u0105 w witrynie Bloggera. Oferujemy bezp\u0142atn\u0105 obs\u0142ug\u0119 klienta i inne bonusy.","robots":{"index":"index","follow":"follow","max-snippet":"max-snippet:-1","max-image-preview":"max-image-preview:large","max-video-preview":"max-video-preview:-1"},"canonical":"https:\/\/elfsight.com\/pl\/amazon-reviews-widget\/blogger\/","og_locale":"pl_PL","og_type":"article","og_title":"Recenzje Amazona | Dodaj wid\u017cet Amazon na stronie Bloggera (bezp\u0142atnie i szybko)","og_description":"Dzi\u0119ki Elfsight mo\u017cesz szybko stworzy\u0107 wtyczk\u0119 Reviews from Amazon i opublikowa\u0107 j\u0105 w witrynie Bloggera. Oferujemy bezp\u0142atn\u0105 obs\u0142ug\u0119 klienta i inne bonusy.","og_url":"https:\/\/elfsight.com\/pl\/amazon-reviews-widget\/blogger\/","og_site_name":"Elfsight PL","article_modified_time":"2025-06-24T14:10:56+00:00","twitter_card":"summary_large_image","twitter_misc":{"Szacowany czas czytania":"3 minuty"},"schema":{"@context":"https:\/\/schema.org","@graph":[{"@type":"WebPage","@id":"https:\/\/elfsight.com\/pl\/amazon-reviews-widget\/blogger\/","url":"https:\/\/elfsight.com\/pl\/amazon-reviews-widget\/blogger\/","name":"Recenzje Amazona | Dodaj wid\u017cet Amazon na stronie Bloggera (bezp\u0142atnie i szybko)","isPartOf":{"@id":"https:\/\/elfsight.com\/pl\/#website"},"datePublished":"2024-05-03T06:27:52+00:00","dateModified":"2025-06-24T14:10:56+00:00","description":"Dzi\u0119ki Elfsight mo\u017cesz szybko stworzy\u0107 wtyczk\u0119 Reviews from Amazon i opublikowa\u0107 j\u0105 w witrynie Bloggera. Oferujemy bezp\u0142atn\u0105 obs\u0142ug\u0119 klienta i inne bonusy.","breadcrumb":{"@id":"https:\/\/elfsight.com\/pl\/amazon-reviews-widget\/blogger\/#breadcrumb"},"inLanguage":"pl-PL","potentialAction":[{"@type":"ReadAction","target":["https:\/\/elfsight.com\/pl\/amazon-reviews-widget\/blogger\/"]}]},{"@type":"BreadcrumbList","@id":"https:\/\/elfsight.com\/pl\/amazon-reviews-widget\/blogger\/#breadcrumb","itemListElement":[{"@type":"ListItem","position":1,"name":"Home","item":"https:\/\/elfsight.com\/pl\/"},{"@type":"ListItem","position":2,"name":"Amazon Reviews","item":"https:\/\/elfsight.com\/pl\/amazon-reviews-widget\/"},{"@type":"ListItem","position":3,"name":"Amazon Reviews &#8211; Blogger"}]},{"@type":"WebSite","@id":"https:\/\/elfsight.com\/pl\/#website","url":"https:\/\/elfsight.com\/pl\/","name":"Elfsight PL","description":"Just another Elfsight Sites site","potentialAction":[{"@type":"SearchAction","target":{"@type":"EntryPoint","urlTemplate":"https:\/\/elfsight.com\/pl\/?s={search_term_string}"},"query-input":{"@type":"PropertyValueSpecification","valueRequired":true,"valueName":"search_term_string"}}],"inLanguage":"pl-PL"}]}},"meta_box":{"industry":"","seo_heading":"","heading":"","description":"","cta_heading":"","cta_description":"","application":"1175","h1":"Widget Recenzje Amazon dla Bloggera","h1_caption":"Wy\u015bwietlaj recenzje produkt\u00f3w z serwisu Amazon, aby bez wysi\u0142ku zapewni\u0107 odwiedzaj\u0105cym Twoj\u0105 witryn\u0119 dodatkowy dow\u00f3d spo\u0142eczno\u015bciowy w witrynie Bloggera.","application_category":[],"applications_title":"","applications_request_title":"","applications_request_button_text":"","hero_text":"","hero_video":"","hero_video_schema_markup":"","selling_points_title":"","selling_points_caption":"","selling_points":[],"selling_points_cta_text":"","features_title":"","features":"","ed_cta_examples_text":"","ed_cta_examples_hidden":"","ed_cta_demo_text":"","ed_cta_demo_hidden":"","why_caption":"","why_editor_title":"","why_editor_text":"","why_team_title":"","why_team_text":"","why_service_title":"","why_service_text":"","template_catalog_visible":"0","template_catalog_title":"","template_catalog_text":"","template_catalog_categories_visible":"","demo_title":"Utw\u00f3rz wid\u017cet Recenzje Amazon","demo_caption":"Skonfiguruj swoje recenzje Amazon i dodaj je do swojej witryny Bloggera za darmo!","default_faq_hidden":"","app_template_category":[],"platform":"44","template_public_id":"","codecanyon_url":"","codecanyon_item_id":"","codecanyon_price":"","pricing_caption":"","pricing_elfsight_apps_hide_column":"","pricing_elfsight_apps_url":"","pricing_codecanyon_price_caption":"","integration_category":[],"integration_request_title":"","integration_request_cta":"","integration_platform":"","integrations":[],"platform_category":[],"video_schema_markup":"","price":"od 0 USD \/ miesi\u0105c","trial":"","benefits":[{"text":"Bezp\u0142atna us\u0142uga monta\u017cu"},{"text":"Skuteczna obs\u0142uga klienta"},{"text":"14-dniowa gwarancja zwrotu pieni\u0119dzy"}],"button_url":"#demo","button_target_blank":"0","button_nofollow":"0","attributes":[{"name":"Instaluje"},{"name":"Czu\u0142y"},{"name":"Kompatybilne przegl\u0105darki"}],"tags":[],"tags_disable_links":"0","hide_more_platforms":"0","video_object":"","demo_hide_cta":"0","demo_hide_cloud_options":"0","pricing_title":"","pricing":[{"pricing_icon":"platform","pricing_title":"Elfsight Apps","pricing_title_caption":"Oprogramowanie wieloplatformowe","pricing_price":"od 0 USD \/ miesi\u0105c","pricing_price_caption":"zacznij od bezp\u0142atnego planu","pricing_benefits":[{"text":"Nielimitowane strony internetowe"},{"text":"Szybka pomoc i dobrze udokumentowana"},{"text":"Bezp\u0142atna us\u0142uga monta\u017cu"},{"text":"100% konfigurowalny"}],"pricing_button_text":"Dodaj do witryny","pricing_button_url":"#demo"}],"related_apps_title":"","related_apps_hidden":"0","author":"","image":[],"title":"","job":"","social_networks":[]},"_links":{"self":[{"href":"https:\/\/elfsight.com\/pl\/wp-json\/wp\/v2\/pages\/4134","targetHints":{"allow":["GET"]}}],"collection":[{"href":"https:\/\/elfsight.com\/pl\/wp-json\/wp\/v2\/pages"}],"about":[{"href":"https:\/\/elfsight.com\/pl\/wp-json\/wp\/v2\/types\/page"}],"author":[{"embeddable":true,"href":"https:\/\/elfsight.com\/pl\/wp-json\/wp\/v2\/users\/9"}],"replies":[{"embeddable":true,"href":"https:\/\/elfsight.com\/pl\/wp-json\/wp\/v2\/comments?post=4134"}],"version-history":[{"count":4,"href":"https:\/\/elfsight.com\/pl\/wp-json\/wp\/v2\/pages\/4134\/revisions"}],"predecessor-version":[{"id":10423,"href":"https:\/\/elfsight.com\/pl\/wp-json\/wp\/v2\/pages\/4134\/revisions\/10423"}],"up":[{"embeddable":true,"href":"https:\/\/elfsight.com\/pl\/wp-json\/wp\/v2\/pages\/1176"}],"wp:attachment":[{"href":"https:\/\/elfsight.com\/pl\/wp-json\/wp\/v2\/media?parent=4134"}],"curies":[{"name":"wp","href":"https:\/\/api.w.org\/{rel}","templated":true}]}}