{"id":4128,"date":"2024-05-03T06:27:50","date_gmt":"2024-05-03T06:27:50","guid":{"rendered":"https:\/\/elfsight.com\/pl\/?page_id=4128"},"modified":"2024-11-14T09:29:57","modified_gmt":"2024-11-14T09:29:57","slug":"elementor","status":"publish","type":"page","link":"https:\/\/elfsight.com\/pl\/amazon-reviews-widget\/elementor\/","title":{"rendered":"Amazon Reviews &#8211; Elementor"},"content":{"rendered":"<div class=\"application-platform-content-item-description application-platform-content-item\" id=\"description\" data-nav-section=\"description\"><h2>Umie\u015b\u0107 recenzje Amazon na Elementorze za pomoc\u0105 wid\u017cetu Elfsight<\/h2><p>Nasz wid\u017cet Amazon to najwygodniejszy spos\u00f3b na budowanie wizerunku Twojej marki poprzez wy\u015bwietlanie komentarzy prawdziwych go\u015bci na temat Twoich towar\u00f3w. Wy\u015bwietlaj tylko najlepsze lub najbardziej znacz\u0105ce punkty widzenia i uk\u0142adaj je tak, jak lubisz. Uzyskaj wyniki dzi\u0119ki dowodowi spo\u0142ecznemu, pokazuj\u0105c odwiedzaj\u0105cym Twoj\u0105 witryn\u0119, \u017ce mo\u017cna Ci zaufa\u0107.<\/p><p><b>Popro\u015b u\u017cytkownik\u00f3w o pozostawienie nowych recenzji o Twoich produktach i usprawnij rozmowy z klientami!<\/b><\/p>[\/ application_platform_content_item]<div class=\"application-platform-content-item-features application-platform-content-item\" id=\"features\" data-nav-section=\"features\"><\/div><h2>G\u0142\u00f3wne funkcje wid\u017cetu Recenzje Amazon<\/h2><p>Aby uzyska\u0107 lepszy odbi\u00f3r Recenzji Amazon, zobacz list\u0119 g\u0142\u00f3wnych funkcji. Sprawiaj\u0105, \u017ce wid\u017cet jest dla Ciebie maksymalnie przydatny:<\/p><ul><li>Trzy opcje filtr\u00f3w: wed\u0142ug typu, wykluczania wed\u0142ug i ilo\u015bci recenzji;<\/li><li>Cztery predefiniowane uk\u0142ady: lista, siatka, Kamieniarstwo i Suwak;<\/li><li>Opcja w\u0142\u0105czenia\/wy\u0142\u0105czenia nag\u0142\u00f3wka wid\u017cetu;<\/li><li>Aktywny przycisk dodawania nowej recenzji kieruje odwiedzaj\u0105cych do Twojej strony Amazon;<\/li><li>6 elastycznych element\u00f3w wid\u017cetu: imi\u0119 i zdj\u0119cie autora, rekomendacja, data, ikona Amazon i liczba gwiazdek;<\/li><li>Dwa warianty scenariuszy po odrzuceniu pro\u015bby o sprawdzenie: wy\u015bwietl niestandardow\u0105 wiadomo\u015b\u0107 lub ukryj si\u0119 przycisk;<\/li><\/ul><p><a href=\"#demo\">Nasza wersja demonstracyjna zademonstruje Ci wszystkie funkcje<\/a><\/p><\/div><div class=\"application-platform-content-item-installation application-platform-content-item\" id=\"installation\" data-nav-section=\"installation\"><h2>Jak doda\u0107 wid\u017cet Recenzje Amazon do witryny Elementor<\/h2><div class=\"video-container\"><iframe width=\"720\" height=\"405\" src=\"https:\/\/www.youtube.com\/embed\/1yuhXVGMKxA\" frameborder=\"0\" allowfullscreen=\"\"><\/iframe><\/div><p>Poni\u017csze kroki to jedyne, co musisz wy\u015bwietli\u0107.<\/p><ol><li><b>Stw\u00f3rz swoj\u0105 osobist\u0105 wtyczk\u0119 Amazon<\/b><br>Korzystaj\u0105c z naszej bezp\u0142atnej wersji demonstracyjnej, utw\u00f3rz wtyczk\u0119 o preferowanym uk\u0142adzie i funkcjonalno\u015bci.<\/li> <li><b>Otrzymaj indywidualny kod umo\u017cliwiaj\u0105cy wy\u015bwietlenie wtyczki<\/b><br>Po ustawieniu wid\u017cetu kod instalacyjny uzyskasz z wyskakuj\u0105cego okna aplikacji Elfsight. Skopiuj kod.<\/li><li><b>Opublikuj wtyczk\u0119 na swojej stronie Elementora<\/b><br>Okre\u015bl miejsce, w kt\u00f3rym chcesz wy\u015bwietla\u0107 wtyczk\u0119 i wklej tam skopiowany kod. Zastosuj wyniki.<\/li><li><b>Gotowe!<\/b><br>Wejd\u017a na stron\u0119 internetow\u0105, aby wy\u015bwietli\u0107 wtyczk\u0119.<\/li><\/ol><p>Nadal mo\u017cesz&#8217; nie zdecydowa\u0142e\u015b si\u0119? Albo masz problemy? Po prostu napisz pro\u015bb\u0119 do naszej obs\u0142ugi klienta, a pomo\u017cesz w przypadku jakichkolwiek problem\u00f3w.<\/p><div class=\"faq\" data-component=\"FAQ\"> <div class=\"faq-item\">\r\n\t\t\t\t\t<div class=\"faq-item-question\">\r\n\t\t\t\t\t\t<h3 class=\"faq-item-question-text\">Jak mog\u0119 doda\u0107 recenzje Amazon do mojej witryny Elementor bez umiej\u0119tno\u015bci kodowania?<\/h3>\r\n\r\n\t\t\t\t\t\t<div class=\"faq-item-question-icon\"><\/div>\r\n\t\t\t\t\t<\/div>\r\n\r\n\t\t\t\t\t<div class=\"faq-item-answer\">\r\n\t\t\t\t\t\t<div class=\"faq-item-answer-text\"> <p>Elfsight zapewnia Rozwi\u0105zanie SaaS, kt\u00f3re pozwala samodzielnie utworzy\u0107 wid\u017cet Recenzji Amazon. Przekonaj si\u0119, jak \u0142atwy jest ten proces: Pracuj bezpo\u015brednio w edytorze online, aby utworzy\u0107 wid\u017cet Recenzji Amazon, kt\u00f3ry chcesz zobaczy\u0107 na swojej stronie internetowej Elementor. Wybierz jeden z gotowych szablon\u00f3w i dostosuj ustawienia Recenzji Amazon, dodaj tre\u015b\u0107, zmie\u0144 uk\u0142ad i schemat kolor\u00f3w bez umiej\u0119tno\u015bci kodowania. Zapisz recenzje Amazon i skopiuj ich kod instalacyjny, kt\u00f3ry mo\u017cesz \u0142atwo osadzi\u0107 na swojej stronie internetowej Elementor bez konieczno\u015bci kupowania wersji p\u0142atnej. Dzi\u0119ki naszemu intuicyjnemu edytorowi ka\u017cdy u\u017cytkownik Internetu mo\u017ce stworzy\u0107 wid\u017cet Recenzje Amazon online i \u0142atwo osadzi\u0107 go na swojej stronie internetowej Elementor. Aby uzyska\u0107 dost\u0119p do us\u0142ugi, nie trzeba p\u0142aci\u0107 ani wprowadza\u0107 danych uwierzytelniaj\u0105cych karty. Je\u015bli na kt\u00f3rymkolwiek etapie napotkasz jakiekolwiek problemy, skontaktuj si\u0119 z naszym zespo\u0142em pomocy technicznej.<\/p> <\/div>\r\n\t\t\t\t\t<\/div>\r\n\t\t\t\t<\/div> <\/div> <\/div>","protected":false},"excerpt":{"rendered":"","protected":false},"author":9,"featured_media":0,"parent":1176,"menu_order":0,"comment_status":"closed","ping_status":"closed","template":"templates\/template-application-platform.php","meta":{"publish_to_discourse":"","publish_post_category":"","wpdc_auto_publish_overridden":"","wpdc_topic_tags":"","wpdc_pin_topic":"","wpdc_pin_until":"","discourse_post_id":"","discourse_permalink":"","wpdc_publishing_response":"","wpdc_publishing_error":"","footnotes":""},"class_list":["post-4128","page","type-page","status-publish","hentry"],"yoast_head":"<!-- This site is optimized with the Yoast SEO plugin v25.3.1 - https:\/\/yoast.com\/wordpress\/plugins\/seo\/ -->\n<title>Osad\u017a wid\u017cet Recenzje Amazon na stronie Elementora (bezp\u0142atnie i szybko)<\/title>\n<meta name=\"description\" content=\"Utworzenie wid\u017cetu Recenzje Amazon i dodanie go do witryny Elementor jest ca\u0142kowicie proste. Obs\u0142uga klienta Elfsight jest bezp\u0142atna.\" \/>\n<meta name=\"robots\" content=\"index, follow, max-snippet:-1, max-image-preview:large, max-video-preview:-1\" \/>\n<link rel=\"canonical\" href=\"https:\/\/elfsight.com\/pl\/amazon-reviews-widget\/elementor\/\" \/>\n<meta property=\"og:locale\" content=\"pl_PL\" \/>\n<meta property=\"og:type\" content=\"article\" \/>\n<meta property=\"og:title\" content=\"Osad\u017a wid\u017cet Recenzje Amazon na stronie Elementora (bezp\u0142atnie i szybko)\" \/>\n<meta property=\"og:description\" content=\"Utworzenie wid\u017cetu Recenzje Amazon i dodanie go do witryny Elementor jest ca\u0142kowicie proste. Obs\u0142uga klienta Elfsight jest bezp\u0142atna.\" \/>\n<meta property=\"og:url\" content=\"https:\/\/elfsight.com\/pl\/amazon-reviews-widget\/elementor\/\" \/>\n<meta property=\"og:site_name\" content=\"Elfsight PL\" \/>\n<meta property=\"article:modified_time\" content=\"2024-11-14T09:29:57+00:00\" \/>\n<meta name=\"twitter:card\" content=\"summary_large_image\" \/>\n<meta name=\"twitter:label1\" content=\"Szacowany czas czytania\" \/>\n\t<meta name=\"twitter:data1\" content=\"3 minuty\" \/>\n<!-- \/ Yoast SEO plugin. -->","yoast_head_json":{"title":"Osad\u017a wid\u017cet Recenzje Amazon na stronie Elementora (bezp\u0142atnie i szybko)","description":"Utworzenie wid\u017cetu Recenzje Amazon i dodanie go do witryny Elementor jest ca\u0142kowicie proste. Obs\u0142uga klienta Elfsight jest bezp\u0142atna.","robots":{"index":"index","follow":"follow","max-snippet":"max-snippet:-1","max-image-preview":"max-image-preview:large","max-video-preview":"max-video-preview:-1"},"canonical":"https:\/\/elfsight.com\/pl\/amazon-reviews-widget\/elementor\/","og_locale":"pl_PL","og_type":"article","og_title":"Osad\u017a wid\u017cet Recenzje Amazon na stronie Elementora (bezp\u0142atnie i szybko)","og_description":"Utworzenie wid\u017cetu Recenzje Amazon i dodanie go do witryny Elementor jest ca\u0142kowicie proste. Obs\u0142uga klienta Elfsight jest bezp\u0142atna.","og_url":"https:\/\/elfsight.com\/pl\/amazon-reviews-widget\/elementor\/","og_site_name":"Elfsight PL","article_modified_time":"2024-11-14T09:29:57+00:00","twitter_card":"summary_large_image","twitter_misc":{"Szacowany czas czytania":"3 minuty"},"schema":{"@context":"https:\/\/schema.org","@graph":[{"@type":"WebPage","@id":"https:\/\/elfsight.com\/pl\/amazon-reviews-widget\/elementor\/","url":"https:\/\/elfsight.com\/pl\/amazon-reviews-widget\/elementor\/","name":"Osad\u017a wid\u017cet Recenzje Amazon na stronie Elementora (bezp\u0142atnie i szybko)","isPartOf":{"@id":"https:\/\/elfsight.com\/pl\/#website"},"datePublished":"2024-05-03T06:27:50+00:00","dateModified":"2024-11-14T09:29:57+00:00","description":"Utworzenie wid\u017cetu Recenzje Amazon i dodanie go do witryny Elementor jest ca\u0142kowicie proste. Obs\u0142uga klienta Elfsight jest bezp\u0142atna.","breadcrumb":{"@id":"https:\/\/elfsight.com\/pl\/amazon-reviews-widget\/elementor\/#breadcrumb"},"inLanguage":"pl-PL","potentialAction":[{"@type":"ReadAction","target":["https:\/\/elfsight.com\/pl\/amazon-reviews-widget\/elementor\/"]}]},{"@type":"BreadcrumbList","@id":"https:\/\/elfsight.com\/pl\/amazon-reviews-widget\/elementor\/#breadcrumb","itemListElement":[{"@type":"ListItem","position":1,"name":"Home","item":"https:\/\/elfsight.com\/pl\/"},{"@type":"ListItem","position":2,"name":"Amazon Reviews","item":"https:\/\/elfsight.com\/pl\/amazon-reviews-widget\/"},{"@type":"ListItem","position":3,"name":"Amazon Reviews &#8211; Elementor"}]},{"@type":"WebSite","@id":"https:\/\/elfsight.com\/pl\/#website","url":"https:\/\/elfsight.com\/pl\/","name":"Elfsight PL","description":"Just another Elfsight Sites site","potentialAction":[{"@type":"SearchAction","target":{"@type":"EntryPoint","urlTemplate":"https:\/\/elfsight.com\/pl\/?s={search_term_string}"},"query-input":{"@type":"PropertyValueSpecification","valueRequired":true,"valueName":"search_term_string"}}],"inLanguage":"pl-PL"}]}},"meta_box":{"industry":"","seo_heading":"","heading":"","description":"","cta_heading":"","cta_description":"","application":"1175","h1":"Widget Recenzje Amazon dla Elementora","h1_caption":"Wy\u015bwietlaj recenzje produkt\u00f3w z Amazon, aby bez wysi\u0142ku zapewni\u0107 odwiedzaj\u0105cym Twoj\u0105 witryn\u0119 dodatkowy dow\u00f3d spo\u0142eczno\u015bciowy w witrynie Elementor.","application_category":[],"applications_title":"","applications_request_title":"","applications_request_button_text":"","hero_text":"","hero_video":"","hero_video_schema_markup":"","selling_points_title":"","selling_points_caption":"","selling_points":[],"selling_points_cta_text":"","features_title":"","features":"","ed_cta_examples_text":"","ed_cta_examples_hidden":"","ed_cta_demo_text":"","ed_cta_demo_hidden":"","why_caption":"","why_editor_title":"","why_editor_text":"","why_team_title":"","why_team_text":"","why_service_title":"","why_service_text":"","template_catalog_visible":"","template_catalog_title":"","template_catalog_text":"","template_catalog_categories_visible":"","demo_title":"Utw\u00f3rz wid\u017cet Recenzje Amazon","demo_caption":"Skonfiguruj swoje recenzje Amazon i dodaj je do swojej witryny Elementor za darmo!","default_faq_hidden":"","app_template_category":[],"platform":"268","template_public_id":"","codecanyon_url":"","codecanyon_item_id":"","codecanyon_price":"","pricing_caption":"","pricing_elfsight_apps_hide_column":"","pricing_elfsight_apps_url":"","pricing_codecanyon_price_caption":"","integration_category":[],"integration_request_title":"","integration_request_cta":"","integration_platform":"","integrations":[],"platform_category":[],"video_schema_markup":"","price":"od 0 USD \/ miesi\u0105c","trial":"","benefits":[{"text":"Bezp\u0142atna us\u0142uga monta\u017cu"},{"text":"Wyj\u0105tkowe wsparcie"},{"text":"14-dniowa gwarancja zwrotu pieni\u0119dzy"}],"button_url":"#demo","button_target_blank":"","button_nofollow":"","attributes":[{"name":"Instaluje"},{"name":"Czu\u0142y"},{"name":"Kompatybilne przegl\u0105darki"}],"tags":[],"tags_disable_links":"","hide_more_platforms":"","video_object":"","demo_hide_cta":"","demo_hide_cloud_options":"","pricing_title":"","pricing":[{"pricing_icon":"platform","pricing_title":"Elfsight Apps","pricing_title_caption":"Oprogramowanie wieloplatformowe, kt\u00f3re dzia\u0142a na dowolnej witrynie","pricing_price":"od 0 USD \/ miesi\u0105c","pricing_price_caption":"zacznij od bezp\u0142atnego planu","pricing_benefits":[{"text":"Nielimitowane domeny"},{"text":"Bezp\u0142atne i terminowe wsparcie oraz dobrze udokumentowane"},{"text":"Bezp\u0142atna us\u0142uga monta\u017cu"},{"text":"Specjalna cena za wiele aplikacji"}],"pricing_button_text":"Dodaj do witryny","pricing_button_url":"#demo"}],"related_apps_title":"","related_apps_hidden":"","author":"","image":[],"title":"","job":"","social_networks":[]},"_links":{"self":[{"href":"https:\/\/elfsight.com\/pl\/wp-json\/wp\/v2\/pages\/4128","targetHints":{"allow":["GET"]}}],"collection":[{"href":"https:\/\/elfsight.com\/pl\/wp-json\/wp\/v2\/pages"}],"about":[{"href":"https:\/\/elfsight.com\/pl\/wp-json\/wp\/v2\/types\/page"}],"author":[{"embeddable":true,"href":"https:\/\/elfsight.com\/pl\/wp-json\/wp\/v2\/users\/9"}],"replies":[{"embeddable":true,"href":"https:\/\/elfsight.com\/pl\/wp-json\/wp\/v2\/comments?post=4128"}],"version-history":[{"count":2,"href":"https:\/\/elfsight.com\/pl\/wp-json\/wp\/v2\/pages\/4128\/revisions"}],"predecessor-version":[{"id":7642,"href":"https:\/\/elfsight.com\/pl\/wp-json\/wp\/v2\/pages\/4128\/revisions\/7642"}],"up":[{"embeddable":true,"href":"https:\/\/elfsight.com\/pl\/wp-json\/wp\/v2\/pages\/1176"}],"wp:attachment":[{"href":"https:\/\/elfsight.com\/pl\/wp-json\/wp\/v2\/media?parent=4128"}],"curies":[{"name":"wp","href":"https:\/\/api.w.org\/{rel}","templated":true}]}}