{"id":4126,"date":"2024-05-03T06:27:48","date_gmt":"2024-05-03T06:27:48","guid":{"rendered":"https:\/\/elfsight.com\/pl\/?page_id=4126"},"modified":"2025-06-24T14:14:32","modified_gmt":"2025-06-24T14:14:32","slug":"jquery","status":"publish","type":"page","link":"https:\/\/elfsight.com\/pl\/amazon-reviews-widget\/jquery\/","title":{"rendered":"Amazon Reviews &#8211; jQuery"},"content":{"rendered":"<div class=\"application-platform-content-item-description application-platform-content-item\" id=\"description\" data-nav-section=\"description\">\n<h2>Opis<\/h2>\n<p>Wtyczka Elfsight Amazon do jQuery to najprostszy spos\u00f3b na kszta\u0142towanie reprezentacji Twojej firmy poprzez pokazanie opinii prawdziwych odwiedzaj\u0105cych na temat Twojego dorobku. Pochwal si\u0119 tylko najlepszymi i najbardziej znacz\u0105cymi recenzjami i uporz\u0105dkuj je tak, jak lubisz. Zdob\u0105d\u017a dow\u00f3d spo\u0142eczny, pokazuj\u0105c odwiedzaj\u0105cym Twoj\u0105 witryn\u0119, \u017ce jeste\u015b niezawodnym partnerem.<\/p>\n<p>Motywuj u\u017cytkownik\u00f3w do pisania nowych recenzji na temat Twojej firmy i ulepszaj rozmowy z klientami!<\/p>\n<\/div>\n\n<div class=\"application-platform-content-item-features application-platform-content-item\" id=\"features\" data-nav-section=\"features\">\n<h2>Funkcje<\/h2>\n<p>Aby uzyska\u0107 jasny obraz wid\u017cetu, przejrzyj list\u0119 g\u0142\u00f3wnych funkcji. Sprawiaj\u0105, \u017ce ten wid\u017cet jest maksymalnie korzystny dla Twojej witryny:<\/p>\n<ul>\n    <li>Trzy gotowe do u\u017cycia filtry: wed\u0142ug typu, wykluczania i liczby wy\u015bwietlanych recenzji;<\/li>\n    <li>Dost\u0119pne s\u0105 cztery uk\u0142ady: Lista, Siatka, Mur i Suwak;<\/li>\n    <li>Prze\u0142\u0105czany nag\u0142\u00f3wek wid\u017cetu;<\/li>\n    <li>Aktywny przycisk umo\u017cliwiaj\u0105cy opublikowanie jeszcze jednej recenzji przenosi u\u017cytkownik\u00f3w na stron\u0119 Amazon;<\/li>\n    <li>6 konfigurowalnych element\u00f3w interfejsu: imi\u0119 i nazwisko autora i zdj\u0119cie, rekomendacja, data, ikona Amazon i liczba gwiazdek;<\/li>\n    <li>Dwie alternatywy scenariuszy po odrzuceniu pro\u015bby o sprawdzenie: wy\u015bwietlenie niestandardowej wiadomo\u015bci lub usu\u0144 przycisk;<\/li>\n<\/ul>\n<p><a href=\"#demo\">Aby odkry\u0107 wszystkie funkcje, zobacz demonstracj\u0119 na \u017cywo<\/a><\/p>\n<\/div>\n\n<div class=\"application-platform-content-item-installation application-platform-content-item\" id=\"installation\" data-nav-section=\"installation\"><\/div>\n<h2>Jak doda\u0107 recenzje Amazon do witryny jQuery<\/h2>\n<p>Wystarczy kilka szybkich krok\u00f3w, aby wid\u017cet by\u0142 aktywny.<\/p>\n<ol>\n    <li>Utw\u00f3rz Twoja niestandardowa wtyczka Amazon<br>W naszym darmowym konfiguratorze skonfiguruj widget z wybranym wygl\u0105dem i funkcjami.<\/li>\n    <li>Skopiuj indywidualny kod, aby doda\u0107 wtyczk\u0119<br>Po wygenerowaniu wid\u017cetu otrzymasz kod instalacyjny z wy\u015bwietlonego okna aplikacji Elfsight. Skopiuj go do wykorzystania w przysz\u0142o\u015bci.<\/li>\n    <li>Osad\u017a wtyczk\u0119 na swojej stronie jQuery<br>Id\u017a do miejsca, w kt\u00f3rym chcesz wy\u015bwietli\u0107 wid\u017cet i wstaw tam skopiowany kod. Zastosuj zmiany.<\/li>\n    <li>Gotowe!<br>Wejd\u017a na swoj\u0105 stron\u0119 i obejrzyj swoj\u0105 prac\u0119.<\/li>\n<\/ol>\n<p>Nadal w co\u015b w\u0105tpisz? Albo natkn\u0105\u0142e\u015b si\u0119 na co\u015b? Wystarczy skierowa\u0107 pro\u015bb\u0119 do naszego dzia\u0142u obs\u0142ugi klienta, aby rozwi\u0105za\u0107 ka\u017cdy problem.<\/p>\n<div class=\"faq\" data-component=\"FAQ\">\n    <div class=\"faq-item\">\r\n\t\t\t\t\t<div class=\"faq-item-question\">\r\n\t\t\t\t\t\t<h3 class=\"faq-item-question-text\">Jak doda\u0107 recenzje Amazon do mojej witryny jQuery bez umiej\u0119tno\u015bci kodowania?<\/h3>\r\n\r\n\t\t\t\t\t\t<div class=\"faq-item-question-icon\"><\/div>\r\n\t\t\t\t\t<\/div>\r\n\r\n\t\t\t\t\t<div class=\"faq-item-answer\">\r\n\t\t\t\t\t\t<div class=\"faq-item-answer-text\">\n    <p>Elfsight zapewnia rozwi\u0105zanie SaaS, kt\u00f3re pozwala sam tworzysz wid\u017cet Recenzji Amazon, przekonaj si\u0119, jak \u0142atwy jest ten proces: Pracuj bezpo\u015brednio w edytorze online, aby utworzy\u0107 wid\u017cet Recenzji Amazon, kt\u00f3ry chcia\u0142by\u015b zobaczy\u0107 na swojej stronie internetowej jQuery. Wybierz jeden z gotowych szablon\u00f3w i dostosuj ustawienia Recenzji Amazon, dodaj tre\u015b\u0107, zmie\u0144 uk\u0142ad i kolory bez umiej\u0119tno\u015bci kodowania. Zapisz recenzje Amazon i skopiuj ich kod instalacyjny, kt\u00f3ry mo\u017cesz \u0142atwo osadzi\u0107 na swojej stronie jQuery bez konieczno\u015bci kupowania p\u0142atnego planu. Dzi\u0119ki naszemu intuicyjnemu edytorowi ka\u017cdy u\u017cytkownik Internetu mo\u017ce stworzy\u0107 wid\u017cet Recenzji Amazon online i \u0142atwo osadzi\u0107 go na swojej stronie internetowej jQuery. Aby uzyska\u0107 dost\u0119p do us\u0142ugi, nie trzeba p\u0142aci\u0107 ani wprowadza\u0107 danych uwierzytelniaj\u0105cych karty. Je\u015bli na kt\u00f3rymkolwiek etapie napotkasz jakiekolwiek problemy, skontaktuj si\u0119 z naszym zespo\u0142em pomocy technicznej<\/p>\n    <\/div>\r\n\t\t\t\t\t<\/div>\r\n\t\t\t\t<\/div>\n<\/div>","protected":false},"excerpt":{"rendered":"Jak doda\u0107 recenzje Amazon do witryny jQuery Wystarczy kilka szybkich krok\u00f3w, aby wid\u017cet by\u0142 aktywny. Utw\u00f3rz Twoja niestandardowa wtyczka AmazonW naszym darmowym konfiguratorze skonfiguruj widget z wybranym wygl\u0105dem i funkcjami. Skopiuj indywidualny kod, aby doda\u0107 wtyczk\u0119Po wygenerowaniu wid\u017cetu otrzymasz kod instalacyjny z wy\u015bwietlonego okna aplikacji Elfsight. Skopiuj go do wykorzystania&#8230;","protected":false},"author":9,"featured_media":0,"parent":1176,"menu_order":0,"comment_status":"closed","ping_status":"closed","template":"templates\/template-application-platform.php","meta":{"publish_to_discourse":"","publish_post_category":"","wpdc_auto_publish_overridden":"","wpdc_topic_tags":"","wpdc_pin_topic":"","wpdc_pin_until":"","discourse_post_id":"","discourse_permalink":"","wpdc_publishing_response":"","wpdc_publishing_error":"","footnotes":""},"class_list":["post-4126","page","type-page","status-publish","hentry"],"yoast_head":"<!-- This site is optimized with the Yoast SEO plugin v25.3.1 - https:\/\/yoast.com\/wordpress\/plugins\/seo\/ -->\n<title>Recenzje Amazona | Dodaj wtyczk\u0119 Amazon na stronie jQuery (bezp\u0142atnie i szybko)<\/title>\n<meta name=\"description\" content=\"Skonstruowanie wtyczki Reviews from Amazon i opublikowanie jej na stronie jQuery jest \u0142atwe. Obs\u0142uga klienta Elfsight jest bezp\u0142atna i szybka.\" \/>\n<meta name=\"robots\" content=\"index, follow, max-snippet:-1, max-image-preview:large, max-video-preview:-1\" \/>\n<link rel=\"canonical\" href=\"https:\/\/elfsight.com\/pl\/amazon-reviews-widget\/jquery\/\" \/>\n<meta property=\"og:locale\" content=\"pl_PL\" \/>\n<meta property=\"og:type\" content=\"article\" \/>\n<meta property=\"og:title\" content=\"Recenzje Amazona | Dodaj wtyczk\u0119 Amazon na stronie jQuery (bezp\u0142atnie i szybko)\" \/>\n<meta property=\"og:description\" content=\"Skonstruowanie wtyczki Reviews from Amazon i opublikowanie jej na stronie jQuery jest \u0142atwe. Obs\u0142uga klienta Elfsight jest bezp\u0142atna i szybka.\" \/>\n<meta property=\"og:url\" content=\"https:\/\/elfsight.com\/pl\/amazon-reviews-widget\/jquery\/\" \/>\n<meta property=\"og:site_name\" content=\"Elfsight PL\" \/>\n<meta property=\"article:modified_time\" content=\"2025-06-24T14:14:32+00:00\" \/>\n<meta name=\"twitter:card\" content=\"summary_large_image\" \/>\n<meta name=\"twitter:label1\" content=\"Szacowany czas czytania\" \/>\n\t<meta name=\"twitter:data1\" content=\"3 minuty\" \/>\n<!-- \/ Yoast SEO plugin. -->","yoast_head_json":{"title":"Recenzje Amazona | Dodaj wtyczk\u0119 Amazon na stronie jQuery (bezp\u0142atnie i szybko)","description":"Skonstruowanie wtyczki Reviews from Amazon i opublikowanie jej na stronie jQuery jest \u0142atwe. Obs\u0142uga klienta Elfsight jest bezp\u0142atna i szybka.","robots":{"index":"index","follow":"follow","max-snippet":"max-snippet:-1","max-image-preview":"max-image-preview:large","max-video-preview":"max-video-preview:-1"},"canonical":"https:\/\/elfsight.com\/pl\/amazon-reviews-widget\/jquery\/","og_locale":"pl_PL","og_type":"article","og_title":"Recenzje Amazona | Dodaj wtyczk\u0119 Amazon na stronie jQuery (bezp\u0142atnie i szybko)","og_description":"Skonstruowanie wtyczki Reviews from Amazon i opublikowanie jej na stronie jQuery jest \u0142atwe. Obs\u0142uga klienta Elfsight jest bezp\u0142atna i szybka.","og_url":"https:\/\/elfsight.com\/pl\/amazon-reviews-widget\/jquery\/","og_site_name":"Elfsight PL","article_modified_time":"2025-06-24T14:14:32+00:00","twitter_card":"summary_large_image","twitter_misc":{"Szacowany czas czytania":"3 minuty"},"schema":{"@context":"https:\/\/schema.org","@graph":[{"@type":"WebPage","@id":"https:\/\/elfsight.com\/pl\/amazon-reviews-widget\/jquery\/","url":"https:\/\/elfsight.com\/pl\/amazon-reviews-widget\/jquery\/","name":"Recenzje Amazona | Dodaj wtyczk\u0119 Amazon na stronie jQuery (bezp\u0142atnie i szybko)","isPartOf":{"@id":"https:\/\/elfsight.com\/pl\/#website"},"datePublished":"2024-05-03T06:27:48+00:00","dateModified":"2025-06-24T14:14:32+00:00","description":"Skonstruowanie wtyczki Reviews from Amazon i opublikowanie jej na stronie jQuery jest \u0142atwe. Obs\u0142uga klienta Elfsight jest bezp\u0142atna i szybka.","breadcrumb":{"@id":"https:\/\/elfsight.com\/pl\/amazon-reviews-widget\/jquery\/#breadcrumb"},"inLanguage":"pl-PL","potentialAction":[{"@type":"ReadAction","target":["https:\/\/elfsight.com\/pl\/amazon-reviews-widget\/jquery\/"]}]},{"@type":"BreadcrumbList","@id":"https:\/\/elfsight.com\/pl\/amazon-reviews-widget\/jquery\/#breadcrumb","itemListElement":[{"@type":"ListItem","position":1,"name":"Home","item":"https:\/\/elfsight.com\/pl\/"},{"@type":"ListItem","position":2,"name":"Amazon Reviews","item":"https:\/\/elfsight.com\/pl\/amazon-reviews-widget\/"},{"@type":"ListItem","position":3,"name":"Amazon Reviews &#8211; jQuery"}]},{"@type":"WebSite","@id":"https:\/\/elfsight.com\/pl\/#website","url":"https:\/\/elfsight.com\/pl\/","name":"Elfsight PL","description":"Just another Elfsight Sites site","potentialAction":[{"@type":"SearchAction","target":{"@type":"EntryPoint","urlTemplate":"https:\/\/elfsight.com\/pl\/?s={search_term_string}"},"query-input":{"@type":"PropertyValueSpecification","valueRequired":true,"valueName":"search_term_string"}}],"inLanguage":"pl-PL"}]}},"meta_box":{"industry":"","seo_heading":"","heading":"","description":"","cta_heading":"","cta_description":"","application":"1175","h1":"Wtyczka Amazon Recenzje dla jQuery","h1_caption":"Wy\u015bwietlaj recenzje produkt\u00f3w z Amazon, aby bez wysi\u0142ku zapewni\u0107 odwiedzaj\u0105cym Twoj\u0105 witryn\u0119 dodatkowy dow\u00f3d spo\u0142eczno\u015bciowy w witrynie jQuery.","application_category":[],"applications_title":"","applications_request_title":"","applications_request_button_text":"","hero_text":"","hero_video":"","hero_video_schema_markup":"","selling_points_title":"","selling_points_caption":"","selling_points":[],"selling_points_cta_text":"","features_title":"","features":"","ed_cta_examples_text":"","ed_cta_examples_hidden":"","ed_cta_demo_text":"","ed_cta_demo_hidden":"","why_caption":"","why_editor_title":"","why_editor_text":"","why_team_title":"","why_team_text":"","why_service_title":"","why_service_text":"","template_catalog_visible":"0","template_catalog_title":"","template_catalog_text":"","template_catalog_categories_visible":"","demo_title":"Utw\u00f3rz wtyczk\u0119 Reviews from Amazon","demo_caption":"Skonfiguruj swoje recenzje Amazon i dodaj je za darmo do swojej witryny jQuery!","default_faq_hidden":"","app_template_category":[],"platform":"56","template_public_id":"","codecanyon_url":"","codecanyon_item_id":"","codecanyon_price":"","pricing_caption":"","pricing_elfsight_apps_hide_column":"","pricing_elfsight_apps_url":"","pricing_codecanyon_price_caption":"","integration_category":[],"integration_request_title":"","integration_request_cta":"","integration_platform":"","integrations":[],"platform_category":[],"video_schema_markup":"","price":"od 0 USD \/ miesi\u0105c","trial":"","benefits":[{"text":"Bezp\u0142atna us\u0142uga monta\u017cu"},{"text":"Kompetentna obs\u0142uga klienta"},{"text":"14-dniowa gwarancja zwrotu pieni\u0119dzy"}],"button_url":"#demo","button_target_blank":"0","button_nofollow":"0","attributes":[{"name":"Instaluje"},{"name":"Czu\u0142y"},{"name":"Kompatybilne przegl\u0105darki"}],"tags":[],"tags_disable_links":"0","hide_more_platforms":"0","video_object":"","demo_hide_cta":"0","demo_hide_cloud_options":"0","pricing_title":"","pricing":[{"pricing_icon":"platform","pricing_title":"Elfsight Apps","pricing_title_caption":"Wersja niezale\u017cna od platformy","pricing_price":"od 0 USD \/ miesi\u0105c","pricing_price_caption":"zacznij od bezp\u0142atnego planu","pricing_benefits":[{"text":"Nielimitowane strony internetowe"},{"text":"Profesjonalna obs\u0142uga klienta i dobrze udokumentowana"},{"text":"Bezp\u0142atna pomoc w monta\u017cu"},{"text":"100% konfigurowalny"}],"pricing_button_text":"Dodaj do witryny","pricing_button_url":"#demo"}],"related_apps_title":"","related_apps_hidden":"0","author":"","image":[],"title":"","job":"","social_networks":[]},"_links":{"self":[{"href":"https:\/\/elfsight.com\/pl\/wp-json\/wp\/v2\/pages\/4126","targetHints":{"allow":["GET"]}}],"collection":[{"href":"https:\/\/elfsight.com\/pl\/wp-json\/wp\/v2\/pages"}],"about":[{"href":"https:\/\/elfsight.com\/pl\/wp-json\/wp\/v2\/types\/page"}],"author":[{"embeddable":true,"href":"https:\/\/elfsight.com\/pl\/wp-json\/wp\/v2\/users\/9"}],"replies":[{"embeddable":true,"href":"https:\/\/elfsight.com\/pl\/wp-json\/wp\/v2\/comments?post=4126"}],"version-history":[{"count":2,"href":"https:\/\/elfsight.com\/pl\/wp-json\/wp\/v2\/pages\/4126\/revisions"}],"predecessor-version":[{"id":10426,"href":"https:\/\/elfsight.com\/pl\/wp-json\/wp\/v2\/pages\/4126\/revisions\/10426"}],"up":[{"embeddable":true,"href":"https:\/\/elfsight.com\/pl\/wp-json\/wp\/v2\/pages\/1176"}],"wp:attachment":[{"href":"https:\/\/elfsight.com\/pl\/wp-json\/wp\/v2\/media?parent=4126"}],"curies":[{"name":"wp","href":"https:\/\/api.w.org\/{rel}","templated":true}]}}