{"id":4125,"date":"2024-05-03T06:27:47","date_gmt":"2024-05-03T06:27:47","guid":{"rendered":"https:\/\/elfsight.com\/pl\/?page_id=4125"},"modified":"2025-06-24T14:15:25","modified_gmt":"2025-06-24T14:15:25","slug":"iframe","status":"publish","type":"page","link":"https:\/\/elfsight.com\/pl\/amazon-reviews-widget\/iframe\/","title":{"rendered":"Amazon Reviews &#8211; iFrame"},"content":{"rendered":"\n<div class=\"application-platform-content-item-description application-platform-content-item\" id=\"description\" data-nav-section=\"description\">\n<h2>Umie\u015b\u0107 recenzje Amazon na iFrame za pomoc\u0105 wid\u017cetu Elfsight<\/h2>\n<p>Nasza wtyczka Reviews from Amazon to najprostszy spos\u00f3b na kszta\u0142towanie reputacji Twojej marki, wyra\u017caj\u0105c opinie prawdziwych klient\u00f3w na temat Twoich towar\u00f3w. Wy\u015bwietlaj tylko najlepsze i najbardziej znacz\u0105ce komentarze i uk\u0142adaj je w dowolny spos\u00f3b. Uzyskaj wyniki dzi\u0119ki dowodowi spo\u0142ecznemu, pokazuj\u0105c swoim odbiorcom, \u017ce mo\u017cna Ci zaufa\u0107.<\/p>\n<p><b>Inspiruj u\u017cytkownik\u00f3w do publikowania nowych recenzji na temat Twoich towar\u00f3w i zach\u0119caj klient\u00f3w do rozm\u00f3w!<\/b><\/p>\n<\/div>\n\n<div class=\"application-platform-content-item-features application-platform-content-item\" id=\"features\" data-nav-section=\"features\">\n<h2>G\u0142\u00f3wne cechy wid\u017cetu Recenzje Amazon<\/h2>\n<p>Aby uzyska\u0107 pe\u0142n\u0105 wiedz\u0119 na temat Recenzji Amazon, sp\u00f3jrz na list\u0119 najwa\u017cniejszych funkcji. Dzi\u0119ki nim wid\u017cet jest naprawd\u0119 wydajny:<\/p>\n<ul>\n    <li>Trzy dost\u0119pne filtry: wed\u0142ug typu, wykluczania i ilo\u015bci recenzji;<\/li>\n    <li>Cztery predefiniowane uk\u0142ady: Lista, Siatka, Mur, i Suwak;<\/li>\n    <li>Mo\u017cliwo\u015b\u0107 kontrolowania wy\u015bwietlania nag\u0142\u00f3wka wid\u017cetu;<\/li>\n    <li>Przycisk \u017c\u0105dania recenzji przenosi odwiedzaj\u0105cych na stron\u0119 Amazon;<\/li>\n    <li>Sze\u015b\u0107 elastycznych element\u00f3w wid\u017cetu: nazwisko i zdj\u0119cie autora, tekst rekomendacji, data, ikona Amazon i liczba gwiazdek;<\/li>\n    <li>Dwie opcje scenariuszy po odrzuceniu pro\u015bby o sprawdzenie: ujawnienie wiadomo\u015bci tekstowej lub usuni\u0119cie przycisku;<\/li>\n<\/ul>\n<p><a href=\"#demo\">Zobacz wszystkie funkcje w wersji demonstracyjnej<\/a><\/p>\n<\/div>\n\n<div class=\"application-platform-content-item-installation application-platform-content-item\" id=\"installation\" data-nav-section=\"installation\"><\/div>\n<h2>Jak doda\u0107 recenzje Amazon do iFrame strona internetowa<\/h2>\n<p>Tylko te kroki musisz wykona\u0107, aby zintegrowa\u0107 wid\u017cet.<\/p>\n<ol>\n    <li><b>Stw\u00f3rz w\u0142asn\u0105 wtyczk\u0119 Amazon<\/b><br>Korzystaj\u0105c z naszego bezp\u0142atnego edytora, wygeneruj widget o preferowanym sk\u0142adzie i funkcjach.<\/li>\n    <li><b>Zdob\u0105d\u017a indywidualny kod, aby doda\u0107 wtyczk\u0119<\/b><br>Po utworzeniu widgetu otrzymasz indywidualny kod z wyskakuj\u0105cego okna aplikacji Elfsight. Skopiuj kod do dalszego wykorzystania.<\/li>\n    <li><b>Dodaj wtyczk\u0119 na swojej stronie iFrame<\/b><br>Przejd\u017a do obszaru, w kt\u00f3rym chcesz wy\u015bwietli\u0107 wid\u017cet i dodaj tam skopiowany kod. Opublikuj zmiany.<\/li>\n    <li><b>Gotowe!<\/b><br>Odwied\u017a swoj\u0105 witryn\u0119 i sprawd\u017a swoj\u0105 prac\u0119.<\/li>\n<\/ol>\n<p>Nadal masz w\u0105tpliwo\u015bci? Albo borykasz si\u0119 z jakimikolwiek problemami? Nasz zesp\u00f3\u0142 pomocy technicznej odpowie na wszelkie pytania.<\/p>\n<div class=\"faq\" data-component=\"FAQ\">\n    <div class=\"faq-item\">\r\n\t\t\t\t\t<div class=\"faq-item-question\">\r\n\t\t\t\t\t\t<h3 class=\"faq-item-question-text\">Jak doda\u0107 recenzje Amazon do mojej witryny iFrame bez umiej\u0119tno\u015bci kodowania?<\/h3>\r\n\r\n\t\t\t\t\t\t<div class=\"faq-item-question-icon\"><\/div>\r\n\t\t\t\t\t<\/div>\r\n\r\n\t\t\t\t\t<div class=\"faq-item-answer\">\r\n\t\t\t\t\t\t<div class=\"faq-item-answer-text\">\n    <p>Elfsight zapewnia rozwi\u0105zanie SaaS, kt\u00f3re pozwala tworzy\u0107 samodzielnie utw\u00f3rz wid\u017cet Recenzji Amazon, przekonaj si\u0119, jak \u0142atwy jest ten proces: Pracuj bezpo\u015brednio w edytorze online, aby utworzy\u0107 wid\u017cet Recenzji Amazon, kt\u00f3ry chcesz zobaczy\u0107 na swojej witrynie iFrame. Wybierz jeden z gotowych szablon\u00f3w i dostosuj ustawienia Recenzji Amazon, dodaj tre\u015b\u0107, zmie\u0144 uk\u0142ad i schemat kolor\u00f3w bez umiej\u0119tno\u015bci kodowania. Zapisz recenzje Amazon i skopiuj ich kod instalacyjny, aby m\u00f3c po prostu doda\u0107 swoj\u0105 witryn\u0119 iFrame bez kupowania p\u0142atnego planu. Dzi\u0119ki naszemu intuicyjnemu edytorowi ka\u017cdy u\u017cytkownik Internetu mo\u017ce stworzy\u0107 wid\u017cet Recenzji Amazon online i \u0142atwo osadzi\u0107 go na swojej stronie internetowej iFrame. Aby uzyska\u0107 dost\u0119p do us\u0142ugi, nie trzeba p\u0142aci\u0107 ani wprowadza\u0107 danych uwierzytelniaj\u0105cych karty. Je\u015bli na kt\u00f3rymkolwiek etapie napotkasz jakiekolwiek problemy, skontaktuj si\u0119 z naszym zespo\u0142em pomocy technicznej.<\/p>\n    <\/div>\r\n\t\t\t\t\t<\/div>\r\n\t\t\t\t<\/div>\n<\/div>\n","protected":false},"excerpt":{"rendered":"Jak doda\u0107 recenzje Amazon do iFrame strona internetowa Tylko te kroki musisz wykona\u0107, aby zintegrowa\u0107 wid\u017cet. Stw\u00f3rz w\u0142asn\u0105 wtyczk\u0119 AmazonKorzystaj\u0105c z naszego bezp\u0142atnego edytora, wygeneruj widget o preferowanym sk\u0142adzie i funkcjach. Zdob\u0105d\u017a indywidualny kod, aby doda\u0107 wtyczk\u0119Po utworzeniu widgetu otrzymasz indywidualny kod z wyskakuj\u0105cego okna aplikacji Elfsight. Skopiuj kod do&#8230;","protected":false},"author":9,"featured_media":0,"parent":1176,"menu_order":0,"comment_status":"closed","ping_status":"closed","template":"templates\/template-application-platform.php","meta":{"publish_to_discourse":"","publish_post_category":"","wpdc_auto_publish_overridden":"","wpdc_topic_tags":"","wpdc_pin_topic":"","wpdc_pin_until":"","discourse_post_id":"","discourse_permalink":"","wpdc_publishing_response":"","wpdc_publishing_error":"","footnotes":""},"class_list":["post-4125","page","type-page","status-publish","hentry"],"yoast_head":"<!-- This site is optimized with the Yoast SEO plugin v25.3.1 - https:\/\/yoast.com\/wordpress\/plugins\/seo\/ -->\n<title>Osad\u017a wid\u017cet Recenzje Amazon na stronie iFrame (bezp\u0142atnie i szybko)<\/title>\n<meta name=\"description\" content=\"Utworzenie wid\u017cetu Recenzje Amazon i wy\u015bwietlenie go w witrynie iFrame jest maksymalnie \u0142atwe. Obs\u0142uga klienta Elfsight jest bezp\u0142atna.\" \/>\n<meta name=\"robots\" content=\"index, follow, max-snippet:-1, max-image-preview:large, max-video-preview:-1\" \/>\n<link rel=\"canonical\" href=\"https:\/\/elfsight.com\/pl\/amazon-reviews-widget\/iframe\/\" \/>\n<meta property=\"og:locale\" content=\"pl_PL\" \/>\n<meta property=\"og:type\" content=\"article\" \/>\n<meta property=\"og:title\" content=\"Osad\u017a wid\u017cet Recenzje Amazon na stronie iFrame (bezp\u0142atnie i szybko)\" \/>\n<meta property=\"og:description\" content=\"Utworzenie wid\u017cetu Recenzje Amazon i wy\u015bwietlenie go w witrynie iFrame jest maksymalnie \u0142atwe. Obs\u0142uga klienta Elfsight jest bezp\u0142atna.\" \/>\n<meta property=\"og:url\" content=\"https:\/\/elfsight.com\/pl\/amazon-reviews-widget\/iframe\/\" \/>\n<meta property=\"og:site_name\" content=\"Elfsight PL\" \/>\n<meta property=\"article:modified_time\" content=\"2025-06-24T14:15:25+00:00\" \/>\n<meta name=\"twitter:card\" content=\"summary_large_image\" \/>\n<meta name=\"twitter:label1\" content=\"Szacowany czas czytania\" \/>\n\t<meta name=\"twitter:data1\" content=\"3 minuty\" \/>\n<!-- \/ Yoast SEO plugin. -->","yoast_head_json":{"title":"Osad\u017a wid\u017cet Recenzje Amazon na stronie iFrame (bezp\u0142atnie i szybko)","description":"Utworzenie wid\u017cetu Recenzje Amazon i wy\u015bwietlenie go w witrynie iFrame jest maksymalnie \u0142atwe. Obs\u0142uga klienta Elfsight jest bezp\u0142atna.","robots":{"index":"index","follow":"follow","max-snippet":"max-snippet:-1","max-image-preview":"max-image-preview:large","max-video-preview":"max-video-preview:-1"},"canonical":"https:\/\/elfsight.com\/pl\/amazon-reviews-widget\/iframe\/","og_locale":"pl_PL","og_type":"article","og_title":"Osad\u017a wid\u017cet Recenzje Amazon na stronie iFrame (bezp\u0142atnie i szybko)","og_description":"Utworzenie wid\u017cetu Recenzje Amazon i wy\u015bwietlenie go w witrynie iFrame jest maksymalnie \u0142atwe. Obs\u0142uga klienta Elfsight jest bezp\u0142atna.","og_url":"https:\/\/elfsight.com\/pl\/amazon-reviews-widget\/iframe\/","og_site_name":"Elfsight PL","article_modified_time":"2025-06-24T14:15:25+00:00","twitter_card":"summary_large_image","twitter_misc":{"Szacowany czas czytania":"3 minuty"},"schema":{"@context":"https:\/\/schema.org","@graph":[{"@type":"WebPage","@id":"https:\/\/elfsight.com\/pl\/amazon-reviews-widget\/iframe\/","url":"https:\/\/elfsight.com\/pl\/amazon-reviews-widget\/iframe\/","name":"Osad\u017a wid\u017cet Recenzje Amazon na stronie iFrame (bezp\u0142atnie i szybko)","isPartOf":{"@id":"https:\/\/elfsight.com\/pl\/#website"},"datePublished":"2024-05-03T06:27:47+00:00","dateModified":"2025-06-24T14:15:25+00:00","description":"Utworzenie wid\u017cetu Recenzje Amazon i wy\u015bwietlenie go w witrynie iFrame jest maksymalnie \u0142atwe. Obs\u0142uga klienta Elfsight jest bezp\u0142atna.","breadcrumb":{"@id":"https:\/\/elfsight.com\/pl\/amazon-reviews-widget\/iframe\/#breadcrumb"},"inLanguage":"pl-PL","potentialAction":[{"@type":"ReadAction","target":["https:\/\/elfsight.com\/pl\/amazon-reviews-widget\/iframe\/"]}]},{"@type":"BreadcrumbList","@id":"https:\/\/elfsight.com\/pl\/amazon-reviews-widget\/iframe\/#breadcrumb","itemListElement":[{"@type":"ListItem","position":1,"name":"Home","item":"https:\/\/elfsight.com\/pl\/"},{"@type":"ListItem","position":2,"name":"Amazon Reviews","item":"https:\/\/elfsight.com\/pl\/amazon-reviews-widget\/"},{"@type":"ListItem","position":3,"name":"Amazon Reviews &#8211; iFrame"}]},{"@type":"WebSite","@id":"https:\/\/elfsight.com\/pl\/#website","url":"https:\/\/elfsight.com\/pl\/","name":"Elfsight PL","description":"Just another Elfsight Sites site","potentialAction":[{"@type":"SearchAction","target":{"@type":"EntryPoint","urlTemplate":"https:\/\/elfsight.com\/pl\/?s={search_term_string}"},"query-input":{"@type":"PropertyValueSpecification","valueRequired":true,"valueName":"search_term_string"}}],"inLanguage":"pl-PL"}]}},"meta_box":{"industry":"","seo_heading":"","heading":"","description":"","cta_heading":"","cta_description":"","application":"1175","h1":"Widget Recenzje Amazon dla iFrame","h1_caption":"Wy\u015bwietlaj recenzje produkt\u00f3w z Amazon, aby bez wysi\u0142ku zapewni\u0107 odwiedzaj\u0105cym Twoj\u0105 witryn\u0119 dodatkowy dow\u00f3d spo\u0142eczno\u015bciowy w witrynie iFrame.","application_category":[],"applications_title":"","applications_request_title":"","applications_request_button_text":"","hero_text":"","hero_video":"","hero_video_schema_markup":"","selling_points_title":"","selling_points_caption":"","selling_points":[],"selling_points_cta_text":"","features_title":"","features":"","ed_cta_examples_text":"","ed_cta_examples_hidden":"","ed_cta_demo_text":"","ed_cta_demo_hidden":"","why_caption":"","why_editor_title":"","why_editor_text":"","why_team_title":"","why_team_text":"","why_service_title":"","why_service_text":"","template_catalog_visible":"0","template_catalog_title":"","template_catalog_text":"","template_catalog_categories_visible":"","demo_title":"Utw\u00f3rz wid\u017cet Recenzje Amazon","demo_caption":"Skonfiguruj swoje recenzje Amazon i dodaj je do swojej witryny iFrame za darmo!","default_faq_hidden":"","app_template_category":[],"platform":"187","template_public_id":"","codecanyon_url":"","codecanyon_item_id":"","codecanyon_price":"","pricing_caption":"","pricing_elfsight_apps_hide_column":"","pricing_elfsight_apps_url":"","pricing_codecanyon_price_caption":"","integration_category":[],"integration_request_title":"","integration_request_cta":"","integration_platform":"","integrations":[],"platform_category":[],"video_schema_markup":"","price":"od 0 USD \/ miesi\u0105c","trial":"","benefits":[{"text":"Bezp\u0142atna us\u0142uga monta\u017cu"},{"text":"Skuteczna obs\u0142uga klienta"},{"text":"14-dniowa gwarancja zwrotu pieni\u0119dzy"}],"button_url":"#demo","button_target_blank":"0","button_nofollow":"0","attributes":[{"name":"Instaluje"},{"name":"Czu\u0142y"},{"name":"Kompatybilne przegl\u0105darki"}],"tags":[],"tags_disable_links":"0","hide_more_platforms":"0","video_object":"","demo_hide_cta":"0","demo_hide_cloud_options":"0","pricing_title":"","pricing":[{"pricing_icon":"platform","pricing_title":"Elfsight Apps","pricing_title_caption":"Niezale\u017cne od platformy rozwi\u0105zanie cyfrowe","pricing_price":"od 0 USD \/ miesi\u0105c","pricing_price_caption":"zacznij od bezp\u0142atnego planu","pricing_benefits":[{"text":"Nieograniczona liczba domen"},{"text":"Szybkie i terminowe wsparcie"},{"text":"Bezp\u0142atna pomoc w instalacji"},{"text":"Specjalna cena za wiele aplikacji"}],"pricing_button_text":"Dodaj do witryny","pricing_button_url":"#demo"}],"related_apps_title":"","related_apps_hidden":"0","author":"","image":[],"title":"","job":"","social_networks":[]},"_links":{"self":[{"href":"https:\/\/elfsight.com\/pl\/wp-json\/wp\/v2\/pages\/4125","targetHints":{"allow":["GET"]}}],"collection":[{"href":"https:\/\/elfsight.com\/pl\/wp-json\/wp\/v2\/pages"}],"about":[{"href":"https:\/\/elfsight.com\/pl\/wp-json\/wp\/v2\/types\/page"}],"author":[{"embeddable":true,"href":"https:\/\/elfsight.com\/pl\/wp-json\/wp\/v2\/users\/9"}],"replies":[{"embeddable":true,"href":"https:\/\/elfsight.com\/pl\/wp-json\/wp\/v2\/comments?post=4125"}],"version-history":[{"count":3,"href":"https:\/\/elfsight.com\/pl\/wp-json\/wp\/v2\/pages\/4125\/revisions"}],"predecessor-version":[{"id":10427,"href":"https:\/\/elfsight.com\/pl\/wp-json\/wp\/v2\/pages\/4125\/revisions\/10427"}],"up":[{"embeddable":true,"href":"https:\/\/elfsight.com\/pl\/wp-json\/wp\/v2\/pages\/1176"}],"wp:attachment":[{"href":"https:\/\/elfsight.com\/pl\/wp-json\/wp\/v2\/media?parent=4125"}],"curies":[{"name":"wp","href":"https:\/\/api.w.org\/{rel}","templated":true}]}}