{"id":4120,"date":"2024-05-03T06:27:46","date_gmt":"2024-05-03T06:27:46","guid":{"rendered":"https:\/\/elfsight.com\/pl\/?page_id=4120"},"modified":"2025-06-24T14:16:13","modified_gmt":"2025-06-24T14:16:13","slug":"magento","status":"publish","type":"page","link":"https:\/\/elfsight.com\/pl\/amazon-reviews-widget\/magento\/","title":{"rendered":"Amazon Reviews &#8211; Magento"},"content":{"rendered":"\n<div class=\"application-platform-content-item-description application-platform-content-item\" id=\"description\" data-nav-section=\"description\">\n<h2>Opis<\/h2>\n<p>Nasza wtyczka Amazon to najprostsza metoda kreowania wizerunku Twojej firmy poprzez pokazywanie prawdziwym odwiedzaj\u0105cym opinii na temat Twoich towar\u00f3w. Wy\u015bwietlaj tylko najlepsze i najbardziej znacz\u0105ce recenzje i uk\u0142adaj je tak, jak potrzebujesz. Zdob\u0105d\u017a dow\u00f3d spo\u0142eczny, pokazuj\u0105c odwiedzaj\u0105cym Twoj\u0105 witryn\u0119, \u017ce mo\u017cna Ci zaufa\u0107.<\/p>\n<p><b>Zach\u0119\u0107 u\u017cytkownik\u00f3w do pisania nowych komentarzy na temat Twoich towar\u00f3w i zach\u0119caj klient\u00f3w do rozm\u00f3w!<\/b><\/p>\n<\/div>\n\n<div class=\"application-platform-content-item-features application-platform-content-item\" id=\"features\" data-nav-section=\"features\">\n<h2>Funkcje<\/h2>\n<p>Aby lepiej zrozumie\u0107 wtyczk\u0119 Reviews from Amazon, sp\u00f3jrz na list\u0119 jej g\u0142\u00f3wnych cech. Sprawiaj\u0105, \u017ce wid\u017cet jest dla Ciebie maksymalnie przydatny:<\/p>\n<ul>\n    <li>Trzy gotowe do u\u017cycia filtry: wed\u0142ug typu, wykluczania i ilo\u015bci wy\u015bwietlanych recenzji;<\/li>\n    <li>4 predefiniowane uk\u0142ady: Lista, Siatka, Mur i Suwak;<\/li>\n    <li>Prze\u0142\u0105czany nag\u0142\u00f3wek wid\u017cetu;<\/li>\n    <li>Przycisk \u017c\u0105dania recenzji przenosi u\u017cytkownik\u00f3w na Twoj\u0105 stron\u0119 Amazon;<\/li>\n    <li>Sze\u015b\u0107 regulowanych element\u00f3w wid\u017cetu: nazwisko i zdj\u0119cie autora, rekomendacja, data opublikowania, ikona Amazon i liczba gwiazdek;<\/li>\n    <li>Dwie mo\u017cliwo\u015bci odrzucenia pro\u015bby o recenzj\u0119: poka\u017c SMS-a lub ukryj przycisk;<\/li>\n<\/ul>\n<p><a href=\"#demo\">Aby odkry\u0107 wi\u0119cej funkcji, obejrzyj demonstracj\u0119 na \u017cywo<\/a><\/p>\n<\/div>\n\n<div class=\"application-platform-content-item-installation application-platform-content-item\" id=\"installation\" data-nav-section=\"installation\"><\/div>\n<h2>Jak doda\u0107 rozszerzenie Amazon do witryny Magento<\/h2>\n<p>Tych kilka krok\u00f3w to jedyne, czego potrzebujesz, aby osadzi\u0107.<\/p>\n<ol>\n    <li><b>Zastosuj nasz darmowy edytor i zacznij kszta\u0142towa\u0107 sw\u00f3j spersonalizowany rozszerzenie.<\/b><br>Znajd\u017a preferowany wygl\u0105d i opcje rozszerzenia Recenzje i zastosuj wszystkie poprawki.<\/li>\n    <li><b>Poka\u017c sw\u00f3j unikalny kod w oknie aplikacji Elfsight.<\/b><br>Po zako\u0144czeniu konfiguracji Twojego osobistego rozszerzenia skopiuj indywidualny kod z pojawiaj\u0105cego si\u0119 wyskakuj\u0105cego okienka i zapisz go na p\u00f3\u017aniej.<\/li>\n    <li><b>Rozpocznij stosowanie rozszerzenia na stronie internetowej Magento.<\/b><br>Umie\u015b\u0107 zapisany wcze\u015bniej kod w swojej witrynie i zapisz ulepszenia.<\/li>\n    <li><b>Instalacja zosta\u0142a ca\u0142kowicie zako\u0144czona.<\/b><br>Przejd\u017a do swojej witryny, aby zobaczy\u0107 w akcji dzia\u0142anie rozszerzenia.<\/li>\n<\/ol>\n<p>Nadal nie mo\u017cesz si\u0119 zdecydowa\u0107? Albo natkn\u0105\u0142e\u015b si\u0119 na co\u015b? Nasz dzia\u0142 obs\u0142ugi klienta rozwi\u0105\u017ce ka\u017cdy problem.<\/p>\n<div class=\"faq\" data-component=\"FAQ\">\n    <div class=\"faq-item\">\r\n\t\t\t\t\t<div class=\"faq-item-question\">\r\n\t\t\t\t\t\t<h3 class=\"faq-item-question-text\">Czy mog\u0119 u\u017cywa\u0107 recenzji klient\u00f3w Amazon w mojej witrynie Magento?<\/h3>\r\n\r\n\t\t\t\t\t\t<div class=\"faq-item-question-icon\"><\/div>\r\n\t\t\t\t\t<\/div>\r\n\r\n\t\t\t\t\t<div class=\"faq-item-answer\">\r\n\t\t\t\t\t\t<div class=\"faq-item-answer-text\">\n    <p>Wystarczy zaprojektowa\u0107 swoje narz\u0119dzie, a nast\u0119pnie zmodyfikuj jego projekt i zapisz wprowadzone zmiany. Skopiuj r\u00f3wnie\u017c sw\u00f3j kod i dodaj go do uk\u0142adu, kt\u00f3rego u\u017cywasz. <\/p>\n    <\/div>\r\n\t\t\t\t\t<\/div>\r\n\t\t\t\t<\/div>\n    <div class=\"faq-item\">\r\n\t\t\t\t\t<div class=\"faq-item-question\">\r\n\t\t\t\t\t\t<h3 class=\"faq-item-question-text\">W jaki spos\u00f3b zbieram recenzje klient\u00f3w Amazon na temat moich stron produkt\u00f3w?<\/h3>\r\n\r\n\t\t\t\t\t\t<div class=\"faq-item-question-icon\"><\/div>\r\n\t\t\t\t\t<\/div>\r\n\r\n\t\t\t\t\t<div class=\"faq-item-answer\">\r\n\t\t\t\t\t\t<div class=\"faq-item-answer-text\">\n    <p>Mo\u017cesz to \u0142atwo zrobi\u0107 za pomoc\u0105 przycisku CTA. Po klikni\u0119ciu u\u017cytkownicy zostan\u0105 przeniesieni bezpo\u015brednio do Twojego profilu. <\/p>\n    <\/div>\r\n\t\t\t\t\t<\/div>\r\n\t\t\t\t<\/div>\n    <div class=\"faq-item\">\r\n\t\t\t\t\t<div class=\"faq-item-question\">\r\n\t\t\t\t\t\t<h3 class=\"faq-item-question-text\">W jaki spos\u00f3b mog\u0119 ukszta\u0142towa\u0107 m\u00f3j wid\u017cet\/szablon oceny Amazon?<\/h3>\r\n\r\n\t\t\t\t\t\t<div class=\"faq-item-question-icon\"><\/div>\r\n\t\t\t\t\t<\/div>\r\n\r\n\t\t\t\t\t<div class=\"faq-item-answer\">\r\n\t\t\t\t\t\t<div class=\"faq-item-answer-text\">\n    <p>Wykonaj kroki z prostego samouczka: <\/p>\n    <ol>\n        <li>Wykonaj Konfigurator Elfsight i zacznij kszta\u0142towa\u0107 sw\u00f3j w\u0142asny wid\u017cet. <\/li>\n        <li>Zmodyfikuj cechy funkcjonalne wid\u017cetu i zapisz niezb\u0119dne ulepszenia. <\/li>\n        <li>Pobierz indywidualny kod pojawiaj\u0105cy si\u0119 w powiadomieniu. <\/li>\n        <li>Wklej kod aplikacji na swoj\u0105 stron\u0119 internetow\u0105 i naci\u015bnij przycisk \u201eZapisz\u201d. <\/li>\n        <li>Gratulacje! Sprawnie zaimplementowa\u0142e\u015b now\u0105 wtyczk\u0119 na stronie. <\/li>\n    <\/ol>\n    <\/div>\r\n\t\t\t\t\t<\/div>\r\n\t\t\t\t<\/div>\n    <div class=\"faq-item\">\r\n\t\t\t\t\t<div class=\"faq-item-question\">\r\n\t\t\t\t\t\t<h3 class=\"faq-item-question-text\">Jak mog\u0119 doda\u0107 recenzje Amazon do mojej witryny Magento bez umiej\u0119tno\u015bci kodowania?<\/h3>\r\n\r\n\t\t\t\t\t\t<div class=\"faq-item-question-icon\"><\/div>\r\n\t\t\t\t\t<\/div>\r\n\r\n\t\t\t\t\t<div class=\"faq-item-answer\">\r\n\t\t\t\t\t\t<div class=\"faq-item-answer-text\">\n    <p>Elfsight zapewnia rozwi\u0105zanie SaaS, kt\u00f3re pozwala samodzielnie utworzy\u0107 wid\u017cet Recenzje Amazon, zobacz, jakie to proste: Pracuj bezpo\u015brednio w edytorze online, aby utworzy\u0107 wid\u017cet Recenzje Amazon, kt\u00f3ry chcia\u0142by\u015b zobaczy\u0107 na swojej stronie Magento. Wybierz jeden z gotowych szablon\u00f3w i dostosuj ustawienia Recenzji Amazon, dodaj tre\u015b\u0107, zmie\u0144 uk\u0142ad i schemat kolor\u00f3w bez umiej\u0119tno\u015bci kodowania. Zapisz recenzje Amazon i skopiuj ich kod instalacyjny, kt\u00f3ry mo\u017cesz \u0142atwo wklei\u0107 na swojej stronie Magento bez konieczno\u015bci kupowania p\u0142atnej subskrypcji. Dzi\u0119ki naszemu intuicyjnemu edytorowi ka\u017cdy u\u017cytkownik Internetu mo\u017ce stworzy\u0107 wid\u017cet Recenzji Amazon online i \u0142atwo osadzi\u0107 go na swojej stronie Magento. Aby uzyska\u0107 dost\u0119p do us\u0142ugi, nie trzeba p\u0142aci\u0107 ani wprowadza\u0107 danych uwierzytelniaj\u0105cych karty. Je\u015bli na kt\u00f3rymkolwiek etapie napotkasz jakiekolwiek problemy, skontaktuj si\u0119 z naszym zespo\u0142em pomocy technicznej.<\/p>\n    <\/div>\r\n\t\t\t\t\t<\/div>\r\n\t\t\t\t<\/div>\n<\/div>","protected":false},"excerpt":{"rendered":"Jak doda\u0107 rozszerzenie Amazon do witryny Magento Tych kilka krok\u00f3w to jedyne, czego potrzebujesz, aby osadzi\u0107. Zastosuj nasz darmowy edytor i zacznij kszta\u0142towa\u0107 sw\u00f3j spersonalizowany rozszerzenie.Znajd\u017a preferowany wygl\u0105d i opcje rozszerzenia Recenzje i zastosuj wszystkie poprawki. Poka\u017c sw\u00f3j unikalny kod w oknie aplikacji Elfsight.Po zako\u0144czeniu konfiguracji Twojego osobistego rozszerzenia skopiuj&#8230;","protected":false},"author":9,"featured_media":0,"parent":1176,"menu_order":0,"comment_status":"closed","ping_status":"closed","template":"templates\/template-application-platform.php","meta":{"publish_to_discourse":"","publish_post_category":"","wpdc_auto_publish_overridden":"","wpdc_topic_tags":"","wpdc_pin_topic":"","wpdc_pin_until":"","discourse_post_id":"","discourse_permalink":"","wpdc_publishing_response":"","wpdc_publishing_error":"","footnotes":""},"class_list":["post-4120","page","type-page","status-publish","hentry"],"yoast_head":"<!-- This site is optimized with the Yoast SEO plugin v25.3.1 - https:\/\/yoast.com\/wordpress\/plugins\/seo\/ -->\n<title>Recenzje Amazona | Osad\u017a rozszerzenie Amazon na stronie Magento<\/title>\n<meta name=\"description\" content=\"Stw\u00f3rz swoj\u0105 wtyczk\u0119 Amazon i poka\u017c j\u0105 na stronie Magento szybko i za darmo. Zwi\u0119ksz zaufanie klient\u00f3w dzi\u0119ki wid\u017cetom Elfsight!\" \/>\n<meta name=\"robots\" content=\"index, follow, max-snippet:-1, max-image-preview:large, max-video-preview:-1\" \/>\n<link rel=\"canonical\" href=\"https:\/\/elfsight.com\/pl\/amazon-reviews-widget\/magento\/\" \/>\n<meta property=\"og:locale\" content=\"pl_PL\" \/>\n<meta property=\"og:type\" content=\"article\" \/>\n<meta property=\"og:title\" content=\"Recenzje Amazona | Osad\u017a rozszerzenie Amazon na stronie Magento\" \/>\n<meta property=\"og:description\" content=\"Stw\u00f3rz swoj\u0105 wtyczk\u0119 Amazon i poka\u017c j\u0105 na stronie Magento szybko i za darmo. Zwi\u0119ksz zaufanie klient\u00f3w dzi\u0119ki wid\u017cetom Elfsight!\" \/>\n<meta property=\"og:url\" content=\"https:\/\/elfsight.com\/pl\/amazon-reviews-widget\/magento\/\" \/>\n<meta property=\"og:site_name\" content=\"Elfsight PL\" \/>\n<meta property=\"article:modified_time\" content=\"2025-06-24T14:16:13+00:00\" \/>\n<meta name=\"twitter:card\" content=\"summary_large_image\" \/>\n<meta name=\"twitter:label1\" content=\"Szacowany czas czytania\" \/>\n\t<meta name=\"twitter:data1\" content=\"4 minuty\" \/>\n<!-- \/ Yoast SEO plugin. -->","yoast_head_json":{"title":"Recenzje Amazona | Osad\u017a rozszerzenie Amazon na stronie Magento","description":"Stw\u00f3rz swoj\u0105 wtyczk\u0119 Amazon i poka\u017c j\u0105 na stronie Magento szybko i za darmo. Zwi\u0119ksz zaufanie klient\u00f3w dzi\u0119ki wid\u017cetom Elfsight!","robots":{"index":"index","follow":"follow","max-snippet":"max-snippet:-1","max-image-preview":"max-image-preview:large","max-video-preview":"max-video-preview:-1"},"canonical":"https:\/\/elfsight.com\/pl\/amazon-reviews-widget\/magento\/","og_locale":"pl_PL","og_type":"article","og_title":"Recenzje Amazona | Osad\u017a rozszerzenie Amazon na stronie Magento","og_description":"Stw\u00f3rz swoj\u0105 wtyczk\u0119 Amazon i poka\u017c j\u0105 na stronie Magento szybko i za darmo. Zwi\u0119ksz zaufanie klient\u00f3w dzi\u0119ki wid\u017cetom Elfsight!","og_url":"https:\/\/elfsight.com\/pl\/amazon-reviews-widget\/magento\/","og_site_name":"Elfsight PL","article_modified_time":"2025-06-24T14:16:13+00:00","twitter_card":"summary_large_image","twitter_misc":{"Szacowany czas czytania":"4 minuty"},"schema":{"@context":"https:\/\/schema.org","@graph":[{"@type":"WebPage","@id":"https:\/\/elfsight.com\/pl\/amazon-reviews-widget\/magento\/","url":"https:\/\/elfsight.com\/pl\/amazon-reviews-widget\/magento\/","name":"Recenzje Amazona | Osad\u017a rozszerzenie Amazon na stronie Magento","isPartOf":{"@id":"https:\/\/elfsight.com\/pl\/#website"},"datePublished":"2024-05-03T06:27:46+00:00","dateModified":"2025-06-24T14:16:13+00:00","description":"Stw\u00f3rz swoj\u0105 wtyczk\u0119 Amazon i poka\u017c j\u0105 na stronie Magento szybko i za darmo. Zwi\u0119ksz zaufanie klient\u00f3w dzi\u0119ki wid\u017cetom Elfsight!","breadcrumb":{"@id":"https:\/\/elfsight.com\/pl\/amazon-reviews-widget\/magento\/#breadcrumb"},"inLanguage":"pl-PL","potentialAction":[{"@type":"ReadAction","target":["https:\/\/elfsight.com\/pl\/amazon-reviews-widget\/magento\/"]}]},{"@type":"BreadcrumbList","@id":"https:\/\/elfsight.com\/pl\/amazon-reviews-widget\/magento\/#breadcrumb","itemListElement":[{"@type":"ListItem","position":1,"name":"Home","item":"https:\/\/elfsight.com\/pl\/"},{"@type":"ListItem","position":2,"name":"Amazon Reviews","item":"https:\/\/elfsight.com\/pl\/amazon-reviews-widget\/"},{"@type":"ListItem","position":3,"name":"Amazon Reviews &#8211; Magento"}]},{"@type":"WebSite","@id":"https:\/\/elfsight.com\/pl\/#website","url":"https:\/\/elfsight.com\/pl\/","name":"Elfsight PL","description":"Just another Elfsight Sites site","potentialAction":[{"@type":"SearchAction","target":{"@type":"EntryPoint","urlTemplate":"https:\/\/elfsight.com\/pl\/?s={search_term_string}"},"query-input":{"@type":"PropertyValueSpecification","valueRequired":true,"valueName":"search_term_string"}}],"inLanguage":"pl-PL"}]}},"meta_box":{"industry":"","seo_heading":"","heading":"","description":"","cta_heading":"","cta_description":"","application":"1175","h1":"Rozszerzenie Reviews from Amazon dla Magento","h1_caption":"Wy\u015bwietlaj recenzje produkt\u00f3w z Amazon, aby bez wysi\u0142ku zapewni\u0107 odwiedzaj\u0105cym Twoj\u0105 witryn\u0119 dodatkowy dow\u00f3d spo\u0142eczno\u015bciowy na Twojej stronie Magento.","application_category":[],"applications_title":"","applications_request_title":"","applications_request_button_text":"","hero_text":"","hero_video":"","hero_video_schema_markup":"","selling_points_title":"","selling_points_caption":"","selling_points":[],"selling_points_cta_text":"","features_title":"","features":"","ed_cta_examples_text":"","ed_cta_examples_hidden":"","ed_cta_demo_text":"","ed_cta_demo_hidden":"","why_caption":"","why_editor_title":"","why_editor_text":"","why_team_title":"","why_team_text":"","why_service_title":"","why_service_text":"","template_catalog_visible":"0","template_catalog_title":"","template_catalog_text":"","template_catalog_categories_visible":"","demo_title":"Utw\u00f3rz rozszerzenie Amazon Recenzje","demo_caption":"Skonfiguruj swoje recenzje Amazon i dodaj je za darmo do swojej witryny Magento!","default_faq_hidden":"","app_template_category":[],"platform":"92","template_public_id":"","codecanyon_url":"","codecanyon_item_id":"","codecanyon_price":"","pricing_caption":"","pricing_elfsight_apps_hide_column":"","pricing_elfsight_apps_url":"","pricing_codecanyon_price_caption":"","integration_category":[],"integration_request_title":"","integration_request_cta":"","integration_platform":"","integrations":[],"platform_category":[],"video_schema_markup":"","price":"od 0 USD \/ miesi\u0105c","trial":"","benefits":[{"text":"Bezp\u0142atna pomoc w monta\u017cu"},{"text":"Do\u015bwiadczona obs\u0142uga klienta"},{"text":"14-dniowa gwarancja zwrotu pieni\u0119dzy"}],"button_url":"#demo","button_target_blank":"0","button_nofollow":"0","attributes":[{"name":"Instaluje"},{"name":"Czu\u0142y"},{"name":"Kompatybilne przegl\u0105darki"}],"tags":[],"tags_disable_links":"0","hide_more_platforms":"0","video_object":"","demo_hide_cta":"0","demo_hide_cloud_options":"0","pricing_title":"","pricing":[{"pricing_icon":"platform","pricing_title":"Elfsight Apps","pricing_title_caption":"Oprogramowanie wieloplatformowe, kt\u00f3re pasuje do ka\u017cdej witryny","pricing_price":"od 0 USD \/ miesi\u0105c","pricing_price_caption":"zacznij od bezp\u0142atnego planu","pricing_benefits":[{"text":"Nielimitowane domeny"},{"text":"Profesjonalne wsparcie"},{"text":"Bezp\u0142atna us\u0142uga monta\u017cu"},{"text":"Elastyczny projekt"}],"pricing_button_text":"Dodaj do witryny","pricing_button_url":"#demo"}],"related_apps_title":"","related_apps_hidden":"0","author":"","image":[],"title":"","job":"","social_networks":[]},"_links":{"self":[{"href":"https:\/\/elfsight.com\/pl\/wp-json\/wp\/v2\/pages\/4120","targetHints":{"allow":["GET"]}}],"collection":[{"href":"https:\/\/elfsight.com\/pl\/wp-json\/wp\/v2\/pages"}],"about":[{"href":"https:\/\/elfsight.com\/pl\/wp-json\/wp\/v2\/types\/page"}],"author":[{"embeddable":true,"href":"https:\/\/elfsight.com\/pl\/wp-json\/wp\/v2\/users\/9"}],"replies":[{"embeddable":true,"href":"https:\/\/elfsight.com\/pl\/wp-json\/wp\/v2\/comments?post=4120"}],"version-history":[{"count":3,"href":"https:\/\/elfsight.com\/pl\/wp-json\/wp\/v2\/pages\/4120\/revisions"}],"predecessor-version":[{"id":10428,"href":"https:\/\/elfsight.com\/pl\/wp-json\/wp\/v2\/pages\/4120\/revisions\/10428"}],"up":[{"embeddable":true,"href":"https:\/\/elfsight.com\/pl\/wp-json\/wp\/v2\/pages\/1176"}],"wp:attachment":[{"href":"https:\/\/elfsight.com\/pl\/wp-json\/wp\/v2\/media?parent=4120"}],"curies":[{"name":"wp","href":"https:\/\/api.w.org\/{rel}","templated":true}]}}