{"id":412,"date":"2020-11-19T14:04:23","date_gmt":"2020-11-19T14:04:23","guid":{"rendered":"https:\/\/elfsight.com\/pl\/?page_id=412"},"modified":"2021-04-21T13:43:53","modified_gmt":"2021-04-21T13:43:53","slug":"pinnaclecart-widgets","status":"publish","type":"page","link":"https:\/\/elfsight.com\/pl\/pinnaclecart-widgets\/","title":{"rendered":"PinnacleCart widgets"},"content":{"rendered":"\n<h2>Najdoskonalsze wid\u017cety Elfsight dla unowocze\u015bnienia twojej witryny internetowej PinnacleCart<\/h2>\n\n<p>Od wielu lat nasz zesp\u00f3\u0142 programist\u00f3w Elfsight wypuszcza korzystne i dostosowywane pluginy chmurowe dla Twojej dzia\u0142alno\u015bci. Gwarantujemy obs\u0142ug\u0119 techniczn\u0105 oraz szybkie \u0142adowanie. Us\u0142ugi aplikacyjne Elfsight pomagaj\u0105 w\u0142a\u015bcicielom witryn www, niekomercyjnych oraz innym z r\u00f3\u017cnych cz\u0119\u015bci \u015bwiata poradzi\u0107 sobie z powa\u017cnymi dzia\u0142aniami wydajniej. \n<\/p>\n\n<p>A\u017ceby zwi\u0119kszy\u0107 poziom sprzeda\u017cy, pokaza\u0107 5-gwiazdkow\u0105 ocen\u0119 na Pa\u0144stwa oferty, zwi\u0119kszy\u0107 zaufanie do swojej marki, przez wbudowanie wtyczki do swojej strony internetowej. Nasze plany taryfowe wahaj\u0105 si\u0119 od bezp\u0142atnych do premium. Spr\u00f3buj do\u0142\u0105czy\u0107 dowolnie odpowiednie elementy interfejsu u\u017cywaj\u0105c naszej demonstracji i sprawd\u017a jak bardzo mo\u017ce to by\u0107 korzystne w kwestii rozwoju strony Web Twojego firmy. <\/p>\n\n<h2>Co powoduje, \u017ce nasze pluginy Elfsight s\u0105 tak wyj\u0105tkowymi instrumentami dla Ciebie? <\/h2>\n\n<p> Zobacz list\u0119 podstawowych cech naszych aplikacji, kt\u00f3re pomagaj\u0105 nam wyprzedzi\u0107 konkurencj\u0119: <\/p>\n\n\n<ul>\n<li> Bezp\u0142atna i sprawna pomoc przy dodaniu lub personalizacji dodatk\u00f3w; <\/li>\n<li> W pe\u0142ni responsywne do wszystkich rozdzielczo\u015bci witryn internetowych i dostosowane do urz\u0105dze\u0144 mobilnych; <\/li>\n<li> Nie musisz uczy\u0107 si\u0119 programowa\u0107; <\/li>\n<li> Bogaty wyb\u00f3r ustawie\u0144 dostosowywania; <\/li>\n<li> Rozwi\u0105zania w chmurze pomagaj\u0105 zwi\u0119kszy\u0107 pr\u0119dko\u015b\u0107 witryny; <\/li>\n<li> Wszystkie dost\u0119pne aktualizacje s\u0105 darmowe i regularnie publikowane; <\/li>\n<li> Sprawiedliwe ceny; <\/li>\n<li> Profesjonalna pomoc z problemami klient\u00f3w. <\/li>\n<\/ul>\n\n<p> Sprawd\u017a wolne wersje Lite naszych plugin\u00f3w i zastosuj jej potencja\u0142 lub zainstaluj dowolne wymagane wtyczk\u0119 z 20% zni\u017ck\u0105. <\/p>\n\n\n<h2> W jaki spos\u00f3b osadzi\u0107 Twoje widgety Elfsight na witrynie PinnacleCart <\/h2>\n\n<p> A\u017ceby integrowa\u0107 pluginy, wykonaj nast\u0119pnie kroki z oczywistej instrukcji: <\/p>\n\n\n<ol>\n<li> Naci\u015bnij odpowiedni\u0105 wtyczk\u0119; <\/li>\n<li> Zmie\u0144 wymagane konfiguracji; <\/li>\n<li> Nie zapomnij zapisa\u0107 zmiany; <\/li>\n<li> Kliknij generowany kod; <\/li>\n<li> Wstaw kod w wymaganym miejscu Twojej witryny lub szablonu; <\/li>\n<li> Zrobione! Masz zainstalowany plugin. <\/li>\n<\/ol>\n\n<p> Je\u015bli chcesz uzyska\u0107 pomoc, nie wahaj si\u0119 zwr\u00f3ci\u0107 si\u0119 do zespo\u0142u obs\u0142ugi Elfsight. <\/p>\n","protected":false},"excerpt":{"rendered":"Najdoskonalsze wid\u017cety Elfsight dla unowocze\u015bnienia twojej witryny internetowej PinnacleCart Od wielu lat nasz zesp\u00f3\u0142 programist\u00f3w Elfsight wypuszcza korzystne i dostosowywane pluginy chmurowe dla Twojej dzia\u0142alno\u015bci. Gwarantujemy obs\u0142ug\u0119 techniczn\u0105 oraz szybkie \u0142adowanie. Us\u0142ugi aplikacyjne Elfsight pomagaj\u0105 w\u0142a\u015bcicielom witryn www, niekomercyjnych oraz innym z r\u00f3\u017cnych cz\u0119\u015bci \u015bwiata poradzi\u0107 sobie z powa\u017cnymi dzia\u0142aniami&#8230;","protected":false},"author":13,"featured_media":0,"parent":0,"menu_order":0,"comment_status":"closed","ping_status":"closed","template":"templates\/template-platform.php","meta":{"publish_to_discourse":"","publish_post_category":"","wpdc_auto_publish_overridden":"","wpdc_topic_tags":"","wpdc_pin_topic":"","wpdc_pin_until":"","discourse_post_id":"","discourse_permalink":"","wpdc_publishing_response":"","wpdc_publishing_error":"","footnotes":""},"class_list":["post-412","page","type-page","status-publish","hentry"],"yoast_head":"<!-- This site is optimized with the Yoast SEO plugin v25.3.1 - https:\/\/yoast.com\/wordpress\/plugins\/seo\/ -->\n<title>Ponad 80 najlepszych PinnacleCart widget\u00f3w dla strony internetowej<\/title>\n<meta name=\"description\" content=\"Odbi\u00f3r gratisowych dodatk\u00f3w pierwszej klasy dla twojej strony www PinnacleCart. Pom\u00f3c przy dostosowanie a tak\u017ce rozbudowana gama opcji.\" \/>\n<meta name=\"robots\" content=\"index, follow, max-snippet:-1, max-image-preview:large, max-video-preview:-1\" \/>\n<link rel=\"canonical\" href=\"https:\/\/elfsight.com\/pl\/pinnaclecart-widgets\/\" \/>\n<meta property=\"og:locale\" content=\"pl_PL\" \/>\n<meta property=\"og:type\" content=\"article\" \/>\n<meta property=\"og:title\" content=\"Ponad 80 najlepszych PinnacleCart widget\u00f3w dla strony internetowej\" \/>\n<meta property=\"og:description\" content=\"Odbi\u00f3r gratisowych dodatk\u00f3w pierwszej klasy dla twojej strony www PinnacleCart. Pom\u00f3c przy dostosowanie a tak\u017ce rozbudowana gama opcji.\" \/>\n<meta property=\"og:url\" content=\"https:\/\/elfsight.com\/pl\/pinnaclecart-widgets\/\" \/>\n<meta property=\"og:site_name\" content=\"Elfsight PL\" \/>\n<meta property=\"article:modified_time\" content=\"2021-04-21T13:43:53+00:00\" \/>\n<meta name=\"twitter:card\" content=\"summary_large_image\" \/>\n<meta name=\"twitter:label1\" content=\"Szacowany czas czytania\" \/>\n\t<meta name=\"twitter:data1\" content=\"2 minuty\" \/>\n<!-- \/ Yoast SEO plugin. -->","yoast_head_json":{"title":"Ponad 80 najlepszych PinnacleCart widget\u00f3w dla strony internetowej","description":"Odbi\u00f3r gratisowych dodatk\u00f3w pierwszej klasy dla twojej strony www PinnacleCart. Pom\u00f3c przy dostosowanie a tak\u017ce rozbudowana gama opcji.","robots":{"index":"index","follow":"follow","max-snippet":"max-snippet:-1","max-image-preview":"max-image-preview:large","max-video-preview":"max-video-preview:-1"},"canonical":"https:\/\/elfsight.com\/pl\/pinnaclecart-widgets\/","og_locale":"pl_PL","og_type":"article","og_title":"Ponad 80 najlepszych PinnacleCart widget\u00f3w dla strony internetowej","og_description":"Odbi\u00f3r gratisowych dodatk\u00f3w pierwszej klasy dla twojej strony www PinnacleCart. Pom\u00f3c przy dostosowanie a tak\u017ce rozbudowana gama opcji.","og_url":"https:\/\/elfsight.com\/pl\/pinnaclecart-widgets\/","og_site_name":"Elfsight PL","article_modified_time":"2021-04-21T13:43:53+00:00","twitter_card":"summary_large_image","twitter_misc":{"Szacowany czas czytania":"2 minuty"},"schema":{"@context":"https:\/\/schema.org","@graph":[{"@type":"WebPage","@id":"https:\/\/elfsight.com\/pl\/pinnaclecart-widgets\/","url":"https:\/\/elfsight.com\/pl\/pinnaclecart-widgets\/","name":"Ponad 80 najlepszych PinnacleCart widget\u00f3w dla strony internetowej","isPartOf":{"@id":"https:\/\/elfsight.com\/pl\/#website"},"datePublished":"2020-11-19T14:04:23+00:00","dateModified":"2021-04-21T13:43:53+00:00","description":"Odbi\u00f3r gratisowych dodatk\u00f3w pierwszej klasy dla twojej strony www PinnacleCart. Pom\u00f3c przy dostosowanie a tak\u017ce rozbudowana gama opcji.","breadcrumb":{"@id":"https:\/\/elfsight.com\/pl\/pinnaclecart-widgets\/#breadcrumb"},"inLanguage":"pl-PL","potentialAction":[{"@type":"ReadAction","target":["https:\/\/elfsight.com\/pl\/pinnaclecart-widgets\/"]}]},{"@type":"BreadcrumbList","@id":"https:\/\/elfsight.com\/pl\/pinnaclecart-widgets\/#breadcrumb","itemListElement":[{"@type":"ListItem","position":1,"name":"Home","item":"https:\/\/elfsight.com\/pl\/"},{"@type":"ListItem","position":2,"name":"PinnacleCart widgets"}]},{"@type":"WebSite","@id":"https:\/\/elfsight.com\/pl\/#website","url":"https:\/\/elfsight.com\/pl\/","name":"Elfsight PL","description":"Just another Elfsight Sites site","potentialAction":[{"@type":"SearchAction","target":{"@type":"EntryPoint","urlTemplate":"https:\/\/elfsight.com\/pl\/?s={search_term_string}"},"query-input":{"@type":"PropertyValueSpecification","valueRequired":true,"valueName":"search_term_string"}}],"inLanguage":"pl-PL"}]}},"meta_box":{"industry":"","seo_heading":"","heading":"","description":"","cta_heading":"","cta_description":"","application":"","h1":"Najlepsze widgety PinnacleCart","h1_caption":"Gratisowy katalog nowych element\u00f3w interfejsu pierwszej klasy z szerokim zakresem funkcji dla powi\u0119kszania sprzeda\u017cy i realizacji wszystkich kluczowych dzia\u0142a\u0144 o charakterze handlowym. Nieskomplikowane integrowanie, obszerny wyb\u00f3r opcji dostosowywania oraz szybka obs\u0142uga klienta.","application_category":[],"applications_title":"Poznaj najlepsze widgety dla twojej strony www w\u015br\u00f3d wszystkich dodatk\u00f3w darmowych w demonstracje online","applications_request_title":"Nie mo\u017cesz znale\u017a\u0107 odpowiedniego widgeta?","applications_request_button_text":"Zam\u00f3w widget","hero_text":"","hero_video":"","hero_video_schema_markup":"","selling_points_title":"","selling_points_caption":"","selling_points":[],"selling_points_cta_text":"","features_title":"","features":"","ed_cta_examples_text":"","ed_cta_examples_hidden":"","ed_cta_demo_text":"","ed_cta_demo_hidden":"","why_caption":"","why_editor_title":"","why_editor_text":"","why_team_title":"","why_team_text":"","why_service_title":"","why_service_text":"","template_catalog_visible":"","template_catalog_title":"","template_catalog_text":"","template_catalog_categories_visible":"","demo_title":"","demo_caption":"","default_faq_hidden":"","app_template_category":[],"platform":"409","template_public_id":"","codecanyon_url":"","codecanyon_item_id":"","codecanyon_price":"","pricing_caption":"","pricing_elfsight_apps_hide_column":"","pricing_elfsight_apps_url":"","pricing_codecanyon_price_caption":"","integration_category":[],"integration_request_title":"","integration_request_cta":"","integration_platform":"","integrations":[],"platform_category":[],"video_schema_markup":"","price":"","trial":"","benefits":[],"button_url":"","button_target_blank":"","button_nofollow":"","attributes":[],"tags":[],"tags_disable_links":"","hide_more_platforms":"","video_object":"","demo_hide_cta":"","demo_hide_cloud_options":"","pricing_title":"","pricing":[],"related_apps_title":"","related_apps_hidden":"","author":"","image":[],"title":"","job":"","social_networks":[]},"_links":{"self":[{"href":"https:\/\/elfsight.com\/pl\/wp-json\/wp\/v2\/pages\/412","targetHints":{"allow":["GET"]}}],"collection":[{"href":"https:\/\/elfsight.com\/pl\/wp-json\/wp\/v2\/pages"}],"about":[{"href":"https:\/\/elfsight.com\/pl\/wp-json\/wp\/v2\/types\/page"}],"author":[{"embeddable":true,"href":"https:\/\/elfsight.com\/pl\/wp-json\/wp\/v2\/users\/13"}],"replies":[{"embeddable":true,"href":"https:\/\/elfsight.com\/pl\/wp-json\/wp\/v2\/comments?post=412"}],"version-history":[{"count":2,"href":"https:\/\/elfsight.com\/pl\/wp-json\/wp\/v2\/pages\/412\/revisions"}],"predecessor-version":[{"id":414,"href":"https:\/\/elfsight.com\/pl\/wp-json\/wp\/v2\/pages\/412\/revisions\/414"}],"wp:attachment":[{"href":"https:\/\/elfsight.com\/pl\/wp-json\/wp\/v2\/media?parent=412"}],"curies":[{"name":"wp","href":"https:\/\/api.w.org\/{rel}","templated":true}]}}