{"id":4117,"date":"2024-05-03T06:27:43","date_gmt":"2024-05-03T06:27:43","guid":{"rendered":"https:\/\/elfsight.com\/pl\/?page_id=4117"},"modified":"2025-01-16T17:09:27","modified_gmt":"2025-01-16T17:09:27","slug":"opencart","status":"publish","type":"page","link":"https:\/\/elfsight.com\/pl\/amazon-reviews-widget\/opencart\/","title":{"rendered":"Amazon Reviews &#8211; OpenCart"},"content":{"rendered":"<div class=\"application-platform-content-item-description application-platform-content-item\" id=\"description\" data-nav-section=\"description\"><h2>Opis<\/h2><p>Rozszerzenie Elfsight Amazon to naj\u0142atwiejsza metoda kszta\u0142towania reputacji Twojej firmy poprzez pokazywanie prawdziwych recenzji klient\u00f3w na temat Twoich towar\u00f3w . Pochwal si\u0119 tylko najlepszymi i najbardziej znacz\u0105cymi reakcjami i u\u0142\u00f3\u017c je tak, jak chcesz. Zdob\u0105d\u017a dow\u00f3d spo\u0142eczny, pokazuj\u0105c swoim klientom, \u017ce masz wiarygodno\u015b\u0107.<\/p><p><b>Inspiruj u\u017cytkownik\u00f3w do pisania nowych komentarzy na temat Twojej marki i zach\u0119caj klient\u00f3w do rozm\u00f3w!<\/b><\/p><\/div><div class=\"application-platform-content-item-features application-platform-content-item\" id=\"features\" data-nav-section=\"features\"><h2>Funkcje<\/h2><p>Aby mie\u0107 pe\u0142ny obraz wid\u017cetu, sprawd\u017a list\u0119 podstawowych funkcji. Sprawiaj\u0105, \u017ce ten widget jest maksymalnie efektywny dla Twojej witryny:<\/p><ul><li>Trzy predefiniowane filtry: wed\u0142ug typu, wykluczenia i ilo\u015bci wy\u015bwietlanych recenzji;<\/li><li>4 opcje uk\u0142ad\u00f3w: Lista , Siatka, Mur i Suwak;<\/li><li>Prze\u0142\u0105czany nag\u0142\u00f3wek wid\u017cetu;<\/li><li>Przycisk \u017c\u0105dania sprawdzenia przenosi u\u017cytkownik\u00f3w na Twoj\u0105 stron\u0119 Amazon;<\/li><li>Sze\u015b\u0107 elastycznych element\u00f3w wid\u017cetu interfejs: nazwisko i zdj\u0119cie autora, tekst rekomendacji, data opublikowania, ikona Amazon i liczba gwiazdek;<\/li><li>Dwa mo\u017cliwe scenariusze po odrzuceniu pro\u015bby o sprawdzenie: ujawnij swoj\u0105 wiadomo\u015b\u0107 lub usu\u0144 przycisk;<\/li><\/ul><p><a href=\"#demo\">Demonstracja na \u017cywo udost\u0119pni Ci wszystkie funkcje<\/a><\/p><\/div><div class=\"application-platform-content-item-installation application-platform-content-item\" id=\"installation\" data-nav-section=\"installation\"><h2>Jak doda\u0107 recenzje Amazon rozszerzenie do witryny OpenCart<\/h2><p>Poni\u017csze kroki to jedyne, co musisz wykona\u0107, aby doda\u0107 wid\u017cet na swojej stronie.<\/p><ol><li><b>Otw\u00f3rz nasze bezp\u0142atne demo i zacznij kszta\u0142towa\u0107 sw\u00f3j przed\u0142u\u017cenie wykonane na zam\u00f3wienie. <\/b><br> Okre\u015bl preferowany uk\u0142ad i funkcjonalno\u015b\u0107 rozszerzenia i zastosuj wszystkie zmiany. <\/li> <li><b>Odbierz sw\u00f3j unikalny kod pokazany w oknie aplikacji Elfsight. <\/b><br> Po zako\u0144czeniu dostosowywania rozszerzenia Recenzje skopiuj ekskluzywny kod z wy\u015bwietlonego wyskakuj\u0105cego okienka i zachowaj go na przysz\u0142o\u015b\u0107. <\/li> <li><b>Rozpocznij korzystanie z rozszerzenia na stronie OpenCart. <\/b><br> Umie\u015b\u0107 skopiowany wcze\u015bniej kod na swojej stronie internetowej i zapisz zmiany. <\/li> <li><b>Instalacja zosta\u0142a pomy\u015blnie zako\u0144czona. <\/b><br> Przejd\u017a do swojej witryny, aby sprawdzi\u0107 dzia\u0142anie rozszerzenia. <\/li><\/ol><p>Nadal masz w\u0105tpliwo\u015bci? Lub jakie\u015b pytania? Tylko jedno zg\u0142oszenie do naszego dzia\u0142u obs\u0142ugi klienta rozwi\u0105\u017ce ka\u017cdy problem.<\/p><div class=\"faq\" data-component=\"FAQ\"> <div class=\"faq-item\">\r\n\t\t\t\t\t<div class=\"faq-item-question\">\r\n\t\t\t\t\t\t<h3 class=\"faq-item-question-text\">Jak doda\u0107 recenzje Amazon do mojej witryny OpenCart bez umiej\u0119tno\u015bci kodowania?<\/h3>\r\n\r\n\t\t\t\t\t\t<div class=\"faq-item-question-icon\"><\/div>\r\n\t\t\t\t\t<\/div>\r\n\r\n\t\t\t\t\t<div class=\"faq-item-answer\">\r\n\t\t\t\t\t\t<div class=\"faq-item-answer-text\"> <p>Elfsight zapewnia rozwi\u0105zanie SaaS, kt\u00f3re pozwala sam tworzysz wid\u017cet Recenzji Amazon, przekonaj si\u0119, jak \u0142atwy jest ten proces: Pracuj bezpo\u015brednio w edytorze online, aby utworzy\u0107 wid\u017cet Recenzji Amazon, kt\u00f3ry chcia\u0142by\u015b zobaczy\u0107 na swojej stronie OpenCart. Wybierz jeden z gotowych szablon\u00f3w i dostosuj ustawienia Recenzji Amazon, dodaj tre\u015b\u0107, zmie\u0144 uk\u0142ad i kolory bez umiej\u0119tno\u015bci kodowania. Zapisz recenzje Amazon i skopiuj ich kod instalacyjny, kt\u00f3ry mo\u017cesz bez wysi\u0142ku wklei\u0107 na swojej stronie OpenCart bez konieczno\u015bci kupowania p\u0142atnego planu. Dzi\u0119ki naszemu intuicyjnemu edytorowi ka\u017cdy u\u017cytkownik Internetu mo\u017ce stworzy\u0107 wid\u017cet Recenzje Amazon online i \u0142atwo osadzi\u0107 go na swojej stronie internetowej OpenCart. Aby uzyska\u0107 dost\u0119p do us\u0142ugi, nie trzeba p\u0142aci\u0107 ani wprowadza\u0107 danych uwierzytelniaj\u0105cych karty. Je\u015bli na kt\u00f3rymkolwiek etapie napotkasz jakiekolwiek problemy, skontaktuj si\u0119 z naszym zespo\u0142em pomocy technicznej.<\/p> <\/div>\r\n\t\t\t\t\t<\/div>\r\n\t\t\t\t<\/div> <\/div> <\/div>","protected":false},"excerpt":{"rendered":"","protected":false},"author":9,"featured_media":0,"parent":1176,"menu_order":0,"comment_status":"closed","ping_status":"closed","template":"templates\/template-application-platform.php","meta":{"publish_to_discourse":"","publish_post_category":"","wpdc_auto_publish_overridden":"","wpdc_topic_tags":"","wpdc_pin_topic":"","wpdc_pin_until":"","discourse_post_id":"","discourse_permalink":"","wpdc_publishing_response":"","wpdc_publishing_error":"","footnotes":""},"class_list":["post-4117","page","type-page","status-publish","hentry"],"yoast_head":"<!-- This site is optimized with the Yoast SEO plugin v25.3.1 - https:\/\/yoast.com\/wordpress\/plugins\/seo\/ -->\n<title>Recenzje Amazona | Umie\u015b\u0107 wid\u017cet Amazon na stronie OpenCart<\/title>\n<meta name=\"description\" content=\"Dzi\u0119ki Elfsight utw\u00f3rz rozszerzenie Reviews from Amazon i z \u0142atwo\u015bci\u0105 poka\u017c je na stronie OpenCart. Oferujemy bezp\u0142atn\u0105 obs\u0142ug\u0119 klienta i inne bonusy.\" \/>\n<meta name=\"robots\" content=\"index, follow, max-snippet:-1, max-image-preview:large, max-video-preview:-1\" \/>\n<link rel=\"canonical\" href=\"https:\/\/elfsight.com\/pl\/amazon-reviews-widget\/opencart\/\" \/>\n<meta property=\"og:locale\" content=\"pl_PL\" \/>\n<meta property=\"og:type\" content=\"article\" \/>\n<meta property=\"og:title\" content=\"Recenzje Amazona | Umie\u015b\u0107 wid\u017cet Amazon na stronie OpenCart\" \/>\n<meta property=\"og:description\" content=\"Dzi\u0119ki Elfsight utw\u00f3rz rozszerzenie Reviews from Amazon i z \u0142atwo\u015bci\u0105 poka\u017c je na stronie OpenCart. Oferujemy bezp\u0142atn\u0105 obs\u0142ug\u0119 klienta i inne bonusy.\" \/>\n<meta property=\"og:url\" content=\"https:\/\/elfsight.com\/pl\/amazon-reviews-widget\/opencart\/\" \/>\n<meta property=\"og:site_name\" content=\"Elfsight PL\" \/>\n<meta property=\"article:modified_time\" content=\"2025-01-16T17:09:27+00:00\" \/>\n<meta name=\"twitter:card\" content=\"summary_large_image\" \/>\n<meta name=\"twitter:label1\" content=\"Szacowany czas czytania\" \/>\n\t<meta name=\"twitter:data1\" content=\"3 minuty\" \/>\n<!-- \/ Yoast SEO plugin. -->","yoast_head_json":{"title":"Recenzje Amazona | Umie\u015b\u0107 wid\u017cet Amazon na stronie OpenCart","description":"Dzi\u0119ki Elfsight utw\u00f3rz rozszerzenie Reviews from Amazon i z \u0142atwo\u015bci\u0105 poka\u017c je na stronie OpenCart. Oferujemy bezp\u0142atn\u0105 obs\u0142ug\u0119 klienta i inne bonusy.","robots":{"index":"index","follow":"follow","max-snippet":"max-snippet:-1","max-image-preview":"max-image-preview:large","max-video-preview":"max-video-preview:-1"},"canonical":"https:\/\/elfsight.com\/pl\/amazon-reviews-widget\/opencart\/","og_locale":"pl_PL","og_type":"article","og_title":"Recenzje Amazona | Umie\u015b\u0107 wid\u017cet Amazon na stronie OpenCart","og_description":"Dzi\u0119ki Elfsight utw\u00f3rz rozszerzenie Reviews from Amazon i z \u0142atwo\u015bci\u0105 poka\u017c je na stronie OpenCart. Oferujemy bezp\u0142atn\u0105 obs\u0142ug\u0119 klienta i inne bonusy.","og_url":"https:\/\/elfsight.com\/pl\/amazon-reviews-widget\/opencart\/","og_site_name":"Elfsight PL","article_modified_time":"2025-01-16T17:09:27+00:00","twitter_card":"summary_large_image","twitter_misc":{"Szacowany czas czytania":"3 minuty"},"schema":{"@context":"https:\/\/schema.org","@graph":[{"@type":"WebPage","@id":"https:\/\/elfsight.com\/pl\/amazon-reviews-widget\/opencart\/","url":"https:\/\/elfsight.com\/pl\/amazon-reviews-widget\/opencart\/","name":"Recenzje Amazona | Umie\u015b\u0107 wid\u017cet Amazon na stronie OpenCart","isPartOf":{"@id":"https:\/\/elfsight.com\/pl\/#website"},"datePublished":"2024-05-03T06:27:43+00:00","dateModified":"2025-01-16T17:09:27+00:00","description":"Dzi\u0119ki Elfsight utw\u00f3rz rozszerzenie Reviews from Amazon i z \u0142atwo\u015bci\u0105 poka\u017c je na stronie OpenCart. Oferujemy bezp\u0142atn\u0105 obs\u0142ug\u0119 klienta i inne bonusy.","breadcrumb":{"@id":"https:\/\/elfsight.com\/pl\/amazon-reviews-widget\/opencart\/#breadcrumb"},"inLanguage":"pl-PL","potentialAction":[{"@type":"ReadAction","target":["https:\/\/elfsight.com\/pl\/amazon-reviews-widget\/opencart\/"]}]},{"@type":"BreadcrumbList","@id":"https:\/\/elfsight.com\/pl\/amazon-reviews-widget\/opencart\/#breadcrumb","itemListElement":[{"@type":"ListItem","position":1,"name":"Home","item":"https:\/\/elfsight.com\/pl\/"},{"@type":"ListItem","position":2,"name":"Amazon Reviews","item":"https:\/\/elfsight.com\/pl\/amazon-reviews-widget\/"},{"@type":"ListItem","position":3,"name":"Amazon Reviews &#8211; OpenCart"}]},{"@type":"WebSite","@id":"https:\/\/elfsight.com\/pl\/#website","url":"https:\/\/elfsight.com\/pl\/","name":"Elfsight PL","description":"Just another Elfsight Sites site","potentialAction":[{"@type":"SearchAction","target":{"@type":"EntryPoint","urlTemplate":"https:\/\/elfsight.com\/pl\/?s={search_term_string}"},"query-input":{"@type":"PropertyValueSpecification","valueRequired":true,"valueName":"search_term_string"}}],"inLanguage":"pl-PL"}]}},"meta_box":{"industry":"","seo_heading":"","heading":"","description":"","cta_heading":"","cta_description":"","application":"1175","h1":"Rozszerzenie Amazon Recenzje dla OpenCart","h1_caption":"Wy\u015bwietlaj recenzje produkt\u00f3w z Amazon, aby bez wysi\u0142ku zapewni\u0107 odwiedzaj\u0105cym Twoj\u0105 witryn\u0119 dodatkowy dow\u00f3d spo\u0142eczno\u015bciowy w witrynie Opencart.","application_category":[],"applications_title":"","applications_request_title":"","applications_request_button_text":"","hero_text":"","hero_video":"","hero_video_schema_markup":"","selling_points_title":"","selling_points_caption":"","selling_points":[],"selling_points_cta_text":"","features_title":"","features":"","ed_cta_examples_text":"","ed_cta_examples_hidden":"","ed_cta_demo_text":"","ed_cta_demo_hidden":"","why_caption":"","why_editor_title":"","why_editor_text":"","why_team_title":"","why_team_text":"","why_service_title":"","why_service_text":"","template_catalog_visible":"0","template_catalog_title":"","template_catalog_text":"","template_catalog_categories_visible":"","demo_title":"Utw\u00f3rz rozszerzenie Amazon Recenzje","demo_caption":"Skonfiguruj swoje recenzje Amazon i dodaj je za darmo do swojej witryny OpenCart!","default_faq_hidden":"","app_template_category":[],"platform":"107","template_public_id":"","codecanyon_url":"","codecanyon_item_id":"","codecanyon_price":"","pricing_caption":"","pricing_elfsight_apps_hide_column":"","pricing_elfsight_apps_url":"","pricing_codecanyon_price_caption":"","integration_category":[],"integration_request_title":"","integration_request_cta":"","integration_platform":"","integrations":[],"platform_category":[],"video_schema_markup":"","price":"od 0 USD \/ miesi\u0105c","trial":"","benefits":[{"text":"Bezp\u0142atna pomoc w monta\u017cu"},{"text":"Do\u015bwiadczona obs\u0142uga klienta"},{"text":"14-dniowa gwarancja zwrotu pieni\u0119dzy"}],"button_url":"#demo","button_target_blank":"0","button_nofollow":"0","attributes":[{"name":"Instaluje"},{"name":"Czu\u0142y"},{"name":"Kompatybilne przegl\u0105darki"}],"tags":[],"tags_disable_links":"0","hide_more_platforms":"","video_object":"","demo_hide_cta":"0","demo_hide_cloud_options":"0","pricing_title":"","pricing":[{"pricing_icon":"platform","pricing_title":"Elfsight Apps","pricing_title_caption":"Oprogramowanie wieloplatformowe, kt\u00f3re pasuje do ka\u017cdej witryny internetowej","pricing_price":"od 0 USD \/ miesi\u0105c","pricing_price_caption":"zacznij od bezp\u0142atnego planu","pricing_benefits":[{"text":"Nielimitowane strony internetowe"},{"text":"Wsparcie premium"},{"text":"Bezp\u0142atna us\u0142uga monta\u017cu"},{"text":"W pe\u0142ni konfigurowalny"}],"pricing_button_text":"Dodaj do witryny","pricing_button_url":"#demo"}],"related_apps_title":"","related_apps_hidden":"0","author":"","image":[],"title":"","job":"","social_networks":[]},"_links":{"self":[{"href":"https:\/\/elfsight.com\/pl\/wp-json\/wp\/v2\/pages\/4117","targetHints":{"allow":["GET"]}}],"collection":[{"href":"https:\/\/elfsight.com\/pl\/wp-json\/wp\/v2\/pages"}],"about":[{"href":"https:\/\/elfsight.com\/pl\/wp-json\/wp\/v2\/types\/page"}],"author":[{"embeddable":true,"href":"https:\/\/elfsight.com\/pl\/wp-json\/wp\/v2\/users\/9"}],"replies":[{"embeddable":true,"href":"https:\/\/elfsight.com\/pl\/wp-json\/wp\/v2\/comments?post=4117"}],"version-history":[{"count":1,"href":"https:\/\/elfsight.com\/pl\/wp-json\/wp\/v2\/pages\/4117\/revisions"}],"predecessor-version":[{"id":4121,"href":"https:\/\/elfsight.com\/pl\/wp-json\/wp\/v2\/pages\/4117\/revisions\/4121"}],"up":[{"embeddable":true,"href":"https:\/\/elfsight.com\/pl\/wp-json\/wp\/v2\/pages\/1176"}],"wp:attachment":[{"href":"https:\/\/elfsight.com\/pl\/wp-json\/wp\/v2\/media?parent=4117"}],"curies":[{"name":"wp","href":"https:\/\/api.w.org\/{rel}","templated":true}]}}