{"id":4112,"date":"2024-05-03T06:27:42","date_gmt":"2024-05-03T06:27:42","guid":{"rendered":"https:\/\/elfsight.com\/pl\/?page_id=4112"},"modified":"2025-06-24T14:17:08","modified_gmt":"2025-06-24T14:17:08","slug":"shopify","status":"publish","type":"page","link":"https:\/\/elfsight.com\/pl\/amazon-reviews-widget\/shopify\/","title":{"rendered":"Amazon Reviews &#8211; Shopify"},"content":{"rendered":"\n<div class=\"application-platform-content-item-description application-platform-content-item\" id=\"description\" data-nav-section=\"description\">\n<h2>Osadzaj recenzje Amazon na Shopify za pomoc\u0105 wid\u017cetu Elfsight<\/h2>\n<p>Wtyczka Elfsight Amazon to najprostszy spos\u00f3b na kszta\u0142towanie wizerunku Twojej marki, demonstruj\u0105c komentarze prawdziwych go\u015bci na temat Twojej produkcji. Poka\u017c tylko najlepsze lub najbardziej znacz\u0105ce reakcje i u\u0142\u00f3\u017c je tak, jak potrzebujesz. Zdob\u0105d\u017a dow\u00f3d spo\u0142eczny, pokazuj\u0105c odwiedzaj\u0105cym Twoj\u0105 witryn\u0119, \u017ce jeste\u015b wiarygodny.<\/p>\n<p><b>Motywuj u\u017cytkownik\u00f3w do pisania nowych recenzji na temat Twoich towar\u00f3w i zach\u0119caj klient\u00f3w do rozm\u00f3w!<\/b><\/p>\n<\/div>\n\n<div class=\"application-platform-content-item-features application-platform-content-item\" id=\"features\" data-nav-section=\"features\">\n<h2>G\u0142\u00f3wne funkcje wid\u017cetu Recenzje Amazon<\/h2>\n<p>Aby lepiej zrozumie\u0107 wid\u017cet, przejrzyj list\u0119 jego g\u0142\u00f3wnych funkcji. Sprawiaj\u0105, \u017ce nasz widget jest niezwykle skuteczny dla Twojego sklepu:<\/p>\n<ul>\n    <li>3 opcje filtr\u00f3w: wed\u0142ug typu, wykluczenia i ilo\u015bci recenzji;<\/li>\n    <li>4 opcje uk\u0142ad\u00f3w: Lista, Siatka, Mur i Suwak;<\/li>\n    <li>Prze\u0142\u0105czany nag\u0142\u00f3wek wid\u017cetu;<\/li>\n    <li>Przycisk pro\u015bby o recenzj\u0119 kieruje ludzi do strony Amazon;<\/li>\n    <li>6 regulowanych element\u00f3w recenzji: nazwisko i zdj\u0119cie autora, rekomendacja, data opuszczenia, ikona Amazon i liczba gwiazdek;<\/li>\n    <li>Dwa warianty scenariuszy po odrzuceniu pro\u015bby o recenzj\u0119: ujawnij wiadomo\u015b\u0107 lub ukryj przycisk;<\/li>\n<\/ul>\n<p><a href=\"#demo\">Aby pozna\u0107 wi\u0119cej funkcji, obejrzyj demonstracj\u0119 na \u017cywo<\/a><\/p>\n<\/div>\n\n<div class=\"application-platform-content-item-installation application-platform-content-item\" id=\"installation\" data-nav-section=\"installation\">\n<h2>Jak doda\u0107 Aplikacj\u0119 Amazon Recenzje na stronie Shopify<\/h2>\n<div class=\"video-container\">\n    <iframe width=\"720\" height=\"405\" src=\"https:\/\/www.youtube.com\/embed\/Sfb3zGMbHo4\" frameborder=\"0\" allowfullscreen=\"\"><\/iframe>\n<\/div>\n<p>Poni\u017csze kroki to jedyne, co musisz wykona\u0107, aby zintegrowa\u0107 wtyczk\u0119.<\/p>\n<ol>\n    <li><b>Skorzystaj z naszego bezp\u0142atnego edytora i zacznij tworzy\u0107 niestandardow\u0105 aplikacj\u0119.<\/b><br> Znajd\u017a niestandardowy uk\u0142ad i specyfikacje aplikacji i zastosuj wszystkie zmiany.<\/li>\n    <li><b>Skopiuj sw\u00f3j indywidualny kod, kt\u00f3ry pojawi si\u0119 w polu aplikacji Elfsight.<\/b><br> Zaraz po zako\u0144czeniu dostosowywania aplikacji osobistej, skopiuj ekskluzywny kod w wy\u015bwietlonym oknie i zapisz go do wykorzystania w przysz\u0142o\u015bci.<\/li>\n    <li><b>Rozpocznij korzystanie z aplikacji w swojej witrynie Shopify.<\/b><br> Zaimplementuj skopiowany wcze\u015bniej kod na swoj\u0105 stron\u0119 internetow\u0105 i zastosuj poprawki.<\/li>\n    <li><b>Gotowe! Konfiguracja zosta\u0142a pomy\u015blnie przeprowadzona.<\/b><br> Przejd\u017a do swojej witryny, aby zapozna\u0107 si\u0119 z dzia\u0142aniem aplikacji.<\/li>\n<\/ol>\n<p>Nadal nie jeste\u015b pewien? Lub masz jakie\u015b pytania? Tylko jedna pro\u015bba do naszego zespo\u0142u pomocy technicznej rozwi\u0105\u017ce ka\u017cdy problem.<\/p>\n<\/div>\n\n<div class=\"faq\" data-component=\"FAQ\">\n<div class=\"faq-item\">\r\n\t\t\t\t\t<div class=\"faq-item-question\">\r\n\t\t\t\t\t\t<h3 class=\"faq-item-question-text\">Jak umie\u015bci\u0107 recenzje klient\u00f3w Amazon na mojej witrynie Shopify?<\/h3>\r\n\r\n\t\t\t\t\t\t<div class=\"faq-item-question-icon\"><\/div>\r\n\t\t\t\t\t<\/div>\r\n\r\n\t\t\t\t\t<div class=\"faq-item-answer\">\r\n\t\t\t\t\t\t<div class=\"faq-item-answer-text\">\n<p>Po prostu utw\u00f3rz wid\u017cet, nast\u0119pnie zmodyfikuj jego projekt i zapisz zmiany. Skopiuj kod wtyczki, kt\u00f3r\u0105 w\u0142a\u015bnie utworzy\u0142e\u015b i dodaj go do aktualnie posiadanego uk\u0142adu.<\/p>\n<\/div>\r\n\t\t\t\t\t<\/div>\r\n\t\t\t\t<\/div>\n\n<div class=\"faq-item\">\r\n\t\t\t\t\t<div class=\"faq-item-question\">\r\n\t\t\t\t\t\t<h3 class=\"faq-item-question-text\">Jak zdoby\u0107 recenzje u\u017cytkownik\u00f3w Amazon na stronach produkt\u00f3w?<\/h3>\r\n\r\n\t\t\t\t\t\t<div class=\"faq-item-question-icon\"><\/div>\r\n\t\t\t\t\t<\/div>\r\n\r\n\t\t\t\t\t<div class=\"faq-item-answer\">\r\n\t\t\t\t\t\t<div class=\"faq-item-answer-text\">\n<p>Wystarczy, \u017ce u\u017cyjesz przycisku Napisz recenzj\u0119. Klikaj\u0105c na niego, odwiedzaj\u0105cy witryn\u0119 b\u0119d\u0105 mieli natychmiastowy dost\u0119p do Twojego profilu.<\/p>\n<\/div>\r\n\t\t\t\t\t<\/div>\r\n\t\t\t\t<\/div>\n\n<div class=\"faq-item\">\r\n\t\t\t\t\t<div class=\"faq-item-question\">\r\n\t\t\t\t\t\t<h3 class=\"faq-item-question-text\">W jaki spos\u00f3b utworzy\u0107 rozszerzenie oceny \/ szablon plakietki Shopify?<\/h3>\r\n\r\n\t\t\t\t\t\t<div class=\"faq-item-question-icon\"><\/div>\r\n\t\t\t\t\t<\/div>\r\n\r\n\t\t\t\t\t<div class=\"faq-item-answer\">\r\n\t\t\t\t\t\t<div class=\"faq-item-answer-text\">\n<p>Zapoznaj si\u0119 z punktami z przejrzystej instrukcji poni\u017cej:<\/p>\n<ol>\n    <li>Zarz\u0105dzaj nasz\u0105 wersj\u0105 demonstracyjn\u0105 i zacznij tworzy\u0107 w\u0142asn\u0105 aplikacj\u0119.<\/li>\n    <li>Spersonalizuj opcje wtyczki i kliknij, aby zapisa\u0107 niezb\u0119dne poprawki.<\/li>\n    <li>Skopiuj unikalny kod ujawniony w powiadomieniu.<\/li>\n    <li>Wklej kod wid\u017cetu na swojej stronie g\u0142\u00f3wnej i zapisz stron\u0119.<\/li>\n    <li>Aplikacja zosta\u0142a pomy\u015blnie zainstalowana na stronie internetowej.<\/li>\n<\/ol>\n<\/div>\r\n\t\t\t\t\t<\/div>\r\n\t\t\t\t<\/div>\n<\/div>\n\n","protected":false},"excerpt":{"rendered":"","protected":false},"author":9,"featured_media":0,"parent":1176,"menu_order":0,"comment_status":"closed","ping_status":"closed","template":"templates\/template-application-platform.php","meta":{"publish_to_discourse":"","publish_post_category":"","wpdc_auto_publish_overridden":"","wpdc_topic_tags":"","wpdc_pin_topic":"","wpdc_pin_until":"","discourse_post_id":"","discourse_permalink":"","wpdc_publishing_response":"","wpdc_publishing_error":"","footnotes":""},"class_list":["post-4112","page","type-page","status-publish","hentry"],"yoast_head":"<!-- This site is optimized with the Yoast SEO plugin v25.3.1 - https:\/\/yoast.com\/wordpress\/plugins\/seo\/ -->\n<title>Recenzje Amazona | Dodaj aplikacj\u0119 Amazon na stronie Shopify (bezp\u0142atnie i szybko)<\/title>\n<meta name=\"description\" content=\"Utworzenie aplikacji Recenzje Amazon i umieszczenie jej na stronie Shopify jest ca\u0142kowicie proste. Obs\u0142uga klienta Elfsight jest bezp\u0142atna.\" \/>\n<meta name=\"robots\" content=\"index, follow, max-snippet:-1, max-image-preview:large, max-video-preview:-1\" \/>\n<link rel=\"canonical\" href=\"https:\/\/elfsight.com\/pl\/amazon-reviews-widget\/shopify\/\" \/>\n<meta property=\"og:locale\" content=\"pl_PL\" \/>\n<meta property=\"og:type\" content=\"article\" \/>\n<meta property=\"og:title\" content=\"Recenzje Amazona | Dodaj aplikacj\u0119 Amazon na stronie Shopify (bezp\u0142atnie i szybko)\" \/>\n<meta property=\"og:description\" content=\"Utworzenie aplikacji Recenzje Amazon i umieszczenie jej na stronie Shopify jest ca\u0142kowicie proste. Obs\u0142uga klienta Elfsight jest bezp\u0142atna.\" \/>\n<meta property=\"og:url\" content=\"https:\/\/elfsight.com\/pl\/amazon-reviews-widget\/shopify\/\" \/>\n<meta property=\"og:site_name\" content=\"Elfsight PL\" \/>\n<meta property=\"article:modified_time\" content=\"2025-06-24T14:17:08+00:00\" \/>\n<meta name=\"twitter:card\" content=\"summary_large_image\" \/>\n<meta name=\"twitter:label1\" content=\"Szacowany czas czytania\" \/>\n\t<meta name=\"twitter:data1\" content=\"3 minuty\" \/>\n<!-- \/ Yoast SEO plugin. -->","yoast_head_json":{"title":"Recenzje Amazona | Dodaj aplikacj\u0119 Amazon na stronie Shopify (bezp\u0142atnie i szybko)","description":"Utworzenie aplikacji Recenzje Amazon i umieszczenie jej na stronie Shopify jest ca\u0142kowicie proste. Obs\u0142uga klienta Elfsight jest bezp\u0142atna.","robots":{"index":"index","follow":"follow","max-snippet":"max-snippet:-1","max-image-preview":"max-image-preview:large","max-video-preview":"max-video-preview:-1"},"canonical":"https:\/\/elfsight.com\/pl\/amazon-reviews-widget\/shopify\/","og_locale":"pl_PL","og_type":"article","og_title":"Recenzje Amazona | Dodaj aplikacj\u0119 Amazon na stronie Shopify (bezp\u0142atnie i szybko)","og_description":"Utworzenie aplikacji Recenzje Amazon i umieszczenie jej na stronie Shopify jest ca\u0142kowicie proste. Obs\u0142uga klienta Elfsight jest bezp\u0142atna.","og_url":"https:\/\/elfsight.com\/pl\/amazon-reviews-widget\/shopify\/","og_site_name":"Elfsight PL","article_modified_time":"2025-06-24T14:17:08+00:00","twitter_card":"summary_large_image","twitter_misc":{"Szacowany czas czytania":"3 minuty"},"schema":{"@context":"https:\/\/schema.org","@graph":[{"@type":"WebPage","@id":"https:\/\/elfsight.com\/pl\/amazon-reviews-widget\/shopify\/","url":"https:\/\/elfsight.com\/pl\/amazon-reviews-widget\/shopify\/","name":"Recenzje Amazona | Dodaj aplikacj\u0119 Amazon na stronie Shopify (bezp\u0142atnie i szybko)","isPartOf":{"@id":"https:\/\/elfsight.com\/pl\/#website"},"datePublished":"2024-05-03T06:27:42+00:00","dateModified":"2025-06-24T14:17:08+00:00","description":"Utworzenie aplikacji Recenzje Amazon i umieszczenie jej na stronie Shopify jest ca\u0142kowicie proste. Obs\u0142uga klienta Elfsight jest bezp\u0142atna.","breadcrumb":{"@id":"https:\/\/elfsight.com\/pl\/amazon-reviews-widget\/shopify\/#breadcrumb"},"inLanguage":"pl-PL","potentialAction":[{"@type":"ReadAction","target":["https:\/\/elfsight.com\/pl\/amazon-reviews-widget\/shopify\/"]}]},{"@type":"BreadcrumbList","@id":"https:\/\/elfsight.com\/pl\/amazon-reviews-widget\/shopify\/#breadcrumb","itemListElement":[{"@type":"ListItem","position":1,"name":"Home","item":"https:\/\/elfsight.com\/pl\/"},{"@type":"ListItem","position":2,"name":"Amazon Reviews","item":"https:\/\/elfsight.com\/pl\/amazon-reviews-widget\/"},{"@type":"ListItem","position":3,"name":"Amazon Reviews &#8211; Shopify"}]},{"@type":"WebSite","@id":"https:\/\/elfsight.com\/pl\/#website","url":"https:\/\/elfsight.com\/pl\/","name":"Elfsight PL","description":"Just another Elfsight Sites site","potentialAction":[{"@type":"SearchAction","target":{"@type":"EntryPoint","urlTemplate":"https:\/\/elfsight.com\/pl\/?s={search_term_string}"},"query-input":{"@type":"PropertyValueSpecification","valueRequired":true,"valueName":"search_term_string"}}],"inLanguage":"pl-PL"}]}},"meta_box":{"industry":"","seo_heading":"","heading":"","description":"","cta_heading":"","cta_description":"","application":"1175","h1":"Aplikacja Amazon Recenzje dla Shopify","h1_caption":"Wy\u015bwietlaj recenzje produkt\u00f3w z Amazon, aby bez wysi\u0142ku zapewni\u0107 odwiedzaj\u0105cym Twoj\u0105 witryn\u0119 dodatkowy dow\u00f3d spo\u0142eczno\u015bciowy w witrynie Shopify.","application_category":[],"applications_title":"","applications_request_title":"","applications_request_button_text":"","hero_text":"","hero_video":"","hero_video_schema_markup":"","selling_points_title":"","selling_points_caption":"","selling_points":[],"selling_points_cta_text":"","features_title":"","features":"","ed_cta_examples_text":"","ed_cta_examples_hidden":"","ed_cta_demo_text":"","ed_cta_demo_hidden":"","why_caption":"","why_editor_title":"","why_editor_text":"","why_team_title":"","why_team_text":"","why_service_title":"","why_service_text":"","template_catalog_visible":"0","template_catalog_title":"","template_catalog_text":"","template_catalog_categories_visible":"","demo_title":"Utw\u00f3rz aplikacj\u0119 Recenzje Amazon","demo_caption":"Skonfiguruj swoje recenzje Amazon i dodaj je za darmo do swojej witryny Shopify!","default_faq_hidden":"","app_template_category":[],"platform":"7580","template_public_id":"","codecanyon_url":"","codecanyon_item_id":"","codecanyon_price":"","pricing_caption":"","pricing_elfsight_apps_hide_column":"","pricing_elfsight_apps_url":"","pricing_codecanyon_price_caption":"","integration_category":[],"integration_request_title":"","integration_request_cta":"","integration_platform":"","integrations":[],"platform_category":[],"video_schema_markup":"","price":"od 0 USD \/ miesi\u0105c","trial":"","benefits":[{"text":"Bezp\u0142atna us\u0142uga monta\u017cu"},{"text":"Wsparcie premium"},{"text":"14-dniowa gwarancja zwrotu pieni\u0119dzy"}],"button_url":"#demo","button_target_blank":"0","button_nofollow":"0","attributes":[{"name":"Instaluje"},{"name":"Czu\u0142y"},{"name":"Kompatybilne przegl\u0105darki"}],"tags":[],"tags_disable_links":"0","hide_more_platforms":"0","video_object":"","demo_hide_cta":"0","demo_hide_cloud_options":"0","pricing_title":"","pricing":[{"pricing_icon":"cloud","pricing_title":"Elfsight Apps","pricing_title_caption":"Wersja wieloplatformowa, kt\u00f3ra dzia\u0142a na ka\u017cdej stronie internetowej","pricing_price":"od 0 USD \/ miesi\u0105c","pricing_price_caption":"zacznij od bezp\u0142atnego planu","pricing_benefits":[{"text":"Nielimitowane strony internetowe"},{"text":"Wsparcie premium"},{"text":"Bezp\u0142atna us\u0142uga monta\u017cu"},{"text":"Oferta specjalna na wiele aplikacji"}],"pricing_button_text":"Dodaj do witryny","pricing_button_url":"#demo"}],"related_apps_title":"","related_apps_hidden":"0","author":"","image":[],"title":"","job":"","social_networks":[]},"_links":{"self":[{"href":"https:\/\/elfsight.com\/pl\/wp-json\/wp\/v2\/pages\/4112","targetHints":{"allow":["GET"]}}],"collection":[{"href":"https:\/\/elfsight.com\/pl\/wp-json\/wp\/v2\/pages"}],"about":[{"href":"https:\/\/elfsight.com\/pl\/wp-json\/wp\/v2\/types\/page"}],"author":[{"embeddable":true,"href":"https:\/\/elfsight.com\/pl\/wp-json\/wp\/v2\/users\/9"}],"replies":[{"embeddable":true,"href":"https:\/\/elfsight.com\/pl\/wp-json\/wp\/v2\/comments?post=4112"}],"version-history":[{"count":3,"href":"https:\/\/elfsight.com\/pl\/wp-json\/wp\/v2\/pages\/4112\/revisions"}],"predecessor-version":[{"id":8474,"href":"https:\/\/elfsight.com\/pl\/wp-json\/wp\/v2\/pages\/4112\/revisions\/8474"}],"up":[{"embeddable":true,"href":"https:\/\/elfsight.com\/pl\/wp-json\/wp\/v2\/pages\/1176"}],"wp:attachment":[{"href":"https:\/\/elfsight.com\/pl\/wp-json\/wp\/v2\/media?parent=4112"}],"curies":[{"name":"wp","href":"https:\/\/api.w.org\/{rel}","templated":true}]}}