{"id":4111,"date":"2024-05-03T06:27:41","date_gmt":"2024-05-03T06:27:41","guid":{"rendered":"https:\/\/elfsight.com\/pl\/?page_id=4111"},"modified":"2025-06-24T14:18:17","modified_gmt":"2025-06-24T14:18:17","slug":"squarespace","status":"publish","type":"page","link":"https:\/\/elfsight.com\/pl\/amazon-reviews-widget\/squarespace\/","title":{"rendered":"Amazon Reviews &#8211; Squarespace"},"content":{"rendered":"\n<div class=\"application-platform-content-item-description application-platform-content-item\" id=\"description\" data-nav-section=\"description\">\n<h2>Opis<\/h2>\n<p>Nasza wtyczka Amazon to najbardziej nieskomplikowany spos\u00f3b na popraw\u0119 wizerunku marki poprzez wyra\u017canie komentarzy prawdziwych go\u015bci na temat Twojej produkcji. Wy\u015bwietlaj tylko najlepsze i najbardziej znacz\u0105ce my\u015bli i organizuj je tak, jak potrzebujesz. Zdob\u0105d\u017a dow\u00f3d spo\u0142eczny, pokazuj\u0105c swoim odbiorcom, \u017ce jeste\u015b niezawodnym partnerem.<\/p>\n<p><b>Zach\u0119\u0107 u\u017cytkownik\u00f3w do zamieszczania nowych komentarzy na temat Twoich towar\u00f3w i usprawniaj rozmowy z klientami!<\/b><\/p>\n<\/div>\n\n<div class=\"application-platform-content-item-features application-platform-content-item\" id=\"features\" data-nav-section=\"features\">\n<h2>G\u0142\u00f3wne cechy wid\u017cetu Recenzje Amazon<\/h2>\n<p>Aby mie\u0107 pe\u0142n\u0105 wiedz\u0119 na temat wtyczki, mo\u017cesz rzuci\u0107 okiem na list\u0119 jej g\u0142\u00f3wnych cech. Dzi\u0119ki nim widget jest naprawd\u0119 wydajny:<\/p>\n<ul>\n    <li>Trzy dost\u0119pne filtry: wed\u0142ug typu, wykluczania i ilo\u015bci recenzji;<\/li>\n    <li>4 rodzaje uk\u0142ad\u00f3w: lista, siatka, kamieniarstwo i suwak;<\/li>\n    <li>Prze\u0142\u0105czany nag\u0142\u00f3wek wid\u017cetu;<\/li>\n    <li>Aktywny przycisk do dodawania nowej recenzji kieruje ludzi do Twojej strony Amazon;<\/li>\n    <li>6 konfigurowalnych element\u00f3w recenzji: nazwisko i zdj\u0119cie autora, rekomendacja, data, ikona Amazon i liczba gwiazdek;<\/li>\n    <li>Dwie opcje scenariuszy po odrzuceniu pro\u015bby o recenzj\u0119: ujawnij niestandardow\u0105 wiadomo\u015b\u0107 lub usu\u0144 przycisk;<\/li>\n<\/ul>\n<p><a href=\"#demo\">Nasza demonstracja na \u017cywo zademonstruje Ci wi\u0119cej funkcji<\/a><\/p>\n<\/div>\n\n<div class=\"application-platform-content-item-installation application-platform-content-item\" id=\"installation\" data-nav-section=\"installation\">\n<h2>Jak doda\u0107 Wtyczka Reviews from Amazon do witryny Squarespace<\/h2>\n<p>Poni\u017csze czynno\u015bci to jedyne, czego potrzebujesz, aby wid\u017cet dzia\u0142a\u0142.<\/p>\n<ol>\n    <li><b>Stw\u00f3rz w\u0142asn\u0105 wtyczk\u0119 Amazon<\/b><br>Zarz\u0105dzaj\u0105c naszym bezp\u0142atnym edytorem, uzyskaj wid\u017cet z preferowanym uk\u0142adem i cechami funkcjonalnymi.<\/li>\n    <li><b>Skopiuj indywidualny kod, aby osadzi\u0107 wtyczk\u0119<\/b><br>Po skonfigurowaniu wid\u017cetu otrzymasz kod instalacyjny z wyskakuj\u0105cego powiadomienia w aplikacjach Elfsight. Skopiuj kod do dalszego wykorzystania.<\/li>\n    <li><b>Osad\u017a wtyczk\u0119 Amazon na swojej stronie Squarespace<\/b><br>Znajd\u017a obszar, w kt\u00f3rym chcesz wy\u015bwietli\u0107 wid\u017cet, i wklej tam skopiowany kod. Zapisz zmiany.<\/li>\n    <li><b>Gotowe!<\/b><br>Przejd\u017a do swojej witryny i sprawd\u017a swoj\u0105 prac\u0119.<\/li>\n<\/ol>\n<p>Nadal co\u015b sprawia, \u017ce nie jeste\u015b pewien? Lub do\u015bwiadczasz problem\u00f3w? Tylko jedno zg\u0142oszenie do naszego dzia\u0142u obs\u0142ugi klienta rozwi\u0105\u017ce ka\u017cdy problem.<\/p>\n<\/div>\n\n<div class=\"faq\" data-component=\"FAQ\">\n    <div class=\"faq-item\">\r\n\t\t\t\t\t<div class=\"faq-item-question\">\r\n\t\t\t\t\t\t<h3 class=\"faq-item-question-text\">Jak mog\u0119 osadzi\u0107 recenzje klient\u00f3w Amazon w mojej witrynie Squarespace?<\/h3>\r\n\r\n\t\t\t\t\t\t<div class=\"faq-item-question-icon\"><\/div>\r\n\t\t\t\t\t<\/div>\r\n\r\n\t\t\t\t\t<div class=\"faq-item-answer\">\r\n\t\t\t\t\t\t<div class=\"faq-item-answer-text\">\n    <p>Po prostu utw\u00f3rz wid\u017cet, nast\u0119pnie zmie\u0144 jego wygl\u0105d i zapisz zmiany. Skopiuj kod swojego narz\u0119dzia i osad\u017a go w posiadanym uk\u0142adzie. <\/p>\n    <\/div>\r\n\t\t\t\t\t<\/div>\r\n\t\t\t\t<\/div>\n    <div class=\"faq-item\">\r\n\t\t\t\t\t<div class=\"faq-item-question\">\r\n\t\t\t\t\t\t<h3 class=\"faq-item-question-text\">Jak uzyska\u0107 recenzje u\u017cytkownik\u00f3w Amazon na temat moich stron produkt\u00f3w?<\/h3>\r\n\r\n\t\t\t\t\t\t<div class=\"faq-item-question-icon\"><\/div>\r\n\t\t\t\t\t<\/div>\r\n\r\n\t\t\t\t\t<div class=\"faq-item-answer\">\r\n\t\t\t\t\t\t<div class=\"faq-item-answer-text\">\n    <p>Mo\u017cesz to \u0142atwo zrobi\u0107, u\u017cywaj\u0105c przycisku CTA. Po naci\u015bni\u0119ciu przycisku odbiorcy b\u0119d\u0105 mieli natychmiastowy dost\u0119p do Twojego profilu. <\/p>\n    <\/div>\r\n\t\t\t\t\t<\/div>\r\n\t\t\t\t<\/div>\n    <div class=\"faq-item\">\r\n\t\t\t\t\t<div class=\"faq-item-question\">\r\n\t\t\t\t\t\t<h3 class=\"faq-item-question-text\">Jak zbudowa\u0107 aplikacj\u0119\/szablon plakietki do oceny Amazon?<\/h3>\r\n\r\n\t\t\t\t\t\t<div class=\"faq-item-question-icon\"><\/div>\r\n\t\t\t\t\t<\/div>\r\n\r\n\t\t\t\t\t<div class=\"faq-item-answer\">\r\n\t\t\t\t\t\t<div class=\"faq-item-answer-text\">\n    <p>Wy\u015bwietl punkty na podstawie prostych wskaz\u00f3wek: <\/p>\n    <ol>\n        <li>Zarz\u0105dzaj konfiguratorem Elfsight i zacznij tworzy\u0107 sw\u00f3j w\u0142asny widget. <\/li>\n        <li>Dostosuj cechy funkcjonalne widgetu i zapisz niezb\u0119dne modyfikacje. <\/li>\n        <li>Skopiuj sw\u00f3j osobisty kod wy\u015bwietlony w oknie. <\/li>\n        <li>Osad\u017a kod wtyczki na swojej stronie internetowej i zapisz go. <\/li>\n        <li>Dobra robota! Osadzi\u0142e\u015b wid\u017cet na stronie. <\/li>\n    <\/ol>\n    <\/div>\r\n\t\t\t\t\t<\/div>\r\n\t\t\t\t<\/div>\n<\/div>","protected":false},"excerpt":{"rendered":"","protected":false},"author":9,"featured_media":0,"parent":1176,"menu_order":0,"comment_status":"closed","ping_status":"closed","template":"templates\/template-application-platform.php","meta":{"publish_to_discourse":"","publish_post_category":"","wpdc_auto_publish_overridden":"","wpdc_topic_tags":"","wpdc_pin_topic":"","wpdc_pin_until":"","discourse_post_id":"","discourse_permalink":"","wpdc_publishing_response":"","wpdc_publishing_error":"","footnotes":""},"class_list":["post-4111","page","type-page","status-publish","hentry"],"yoast_head":"<!-- This site is optimized with the Yoast SEO plugin v25.3.1 - https:\/\/yoast.com\/wordpress\/plugins\/seo\/ -->\n<title>Recenzje Amazona | Dodaj wtyczk\u0119 Amazon na stronie Squarespace<\/title>\n<meta name=\"description\" content=\"Utw\u00f3rz wtyczk\u0119 Reviews from Amazon i szybko umie\u015b\u0107 j\u0105 na stronie Squarespace. Oferujemy bezp\u0142atn\u0105 obs\u0142ug\u0119 klienta i wi\u0119cej bonus\u00f3w.\" \/>\n<meta name=\"robots\" content=\"index, follow, max-snippet:-1, max-image-preview:large, max-video-preview:-1\" \/>\n<link rel=\"canonical\" href=\"https:\/\/elfsight.com\/pl\/amazon-reviews-widget\/squarespace\/\" \/>\n<meta property=\"og:locale\" content=\"pl_PL\" \/>\n<meta property=\"og:type\" content=\"article\" \/>\n<meta property=\"og:title\" content=\"Recenzje Amazona | Dodaj wtyczk\u0119 Amazon na stronie Squarespace\" \/>\n<meta property=\"og:description\" content=\"Utw\u00f3rz wtyczk\u0119 Reviews from Amazon i szybko umie\u015b\u0107 j\u0105 na stronie Squarespace. Oferujemy bezp\u0142atn\u0105 obs\u0142ug\u0119 klienta i wi\u0119cej bonus\u00f3w.\" \/>\n<meta property=\"og:url\" content=\"https:\/\/elfsight.com\/pl\/amazon-reviews-widget\/squarespace\/\" \/>\n<meta property=\"og:site_name\" content=\"Elfsight PL\" \/>\n<meta property=\"article:modified_time\" content=\"2025-06-24T14:18:17+00:00\" \/>\n<meta name=\"twitter:card\" content=\"summary_large_image\" \/>\n<meta name=\"twitter:label1\" content=\"Szacowany czas czytania\" \/>\n\t<meta name=\"twitter:data1\" content=\"3 minuty\" \/>\n<!-- \/ Yoast SEO plugin. -->","yoast_head_json":{"title":"Recenzje Amazona | Dodaj wtyczk\u0119 Amazon na stronie Squarespace","description":"Utw\u00f3rz wtyczk\u0119 Reviews from Amazon i szybko umie\u015b\u0107 j\u0105 na stronie Squarespace. Oferujemy bezp\u0142atn\u0105 obs\u0142ug\u0119 klienta i wi\u0119cej bonus\u00f3w.","robots":{"index":"index","follow":"follow","max-snippet":"max-snippet:-1","max-image-preview":"max-image-preview:large","max-video-preview":"max-video-preview:-1"},"canonical":"https:\/\/elfsight.com\/pl\/amazon-reviews-widget\/squarespace\/","og_locale":"pl_PL","og_type":"article","og_title":"Recenzje Amazona | Dodaj wtyczk\u0119 Amazon na stronie Squarespace","og_description":"Utw\u00f3rz wtyczk\u0119 Reviews from Amazon i szybko umie\u015b\u0107 j\u0105 na stronie Squarespace. Oferujemy bezp\u0142atn\u0105 obs\u0142ug\u0119 klienta i wi\u0119cej bonus\u00f3w.","og_url":"https:\/\/elfsight.com\/pl\/amazon-reviews-widget\/squarespace\/","og_site_name":"Elfsight PL","article_modified_time":"2025-06-24T14:18:17+00:00","twitter_card":"summary_large_image","twitter_misc":{"Szacowany czas czytania":"3 minuty"},"schema":{"@context":"https:\/\/schema.org","@graph":[{"@type":"WebPage","@id":"https:\/\/elfsight.com\/pl\/amazon-reviews-widget\/squarespace\/","url":"https:\/\/elfsight.com\/pl\/amazon-reviews-widget\/squarespace\/","name":"Recenzje Amazona | Dodaj wtyczk\u0119 Amazon na stronie Squarespace","isPartOf":{"@id":"https:\/\/elfsight.com\/pl\/#website"},"datePublished":"2024-05-03T06:27:41+00:00","dateModified":"2025-06-24T14:18:17+00:00","description":"Utw\u00f3rz wtyczk\u0119 Reviews from Amazon i szybko umie\u015b\u0107 j\u0105 na stronie Squarespace. Oferujemy bezp\u0142atn\u0105 obs\u0142ug\u0119 klienta i wi\u0119cej bonus\u00f3w.","breadcrumb":{"@id":"https:\/\/elfsight.com\/pl\/amazon-reviews-widget\/squarespace\/#breadcrumb"},"inLanguage":"pl-PL","potentialAction":[{"@type":"ReadAction","target":["https:\/\/elfsight.com\/pl\/amazon-reviews-widget\/squarespace\/"]}]},{"@type":"BreadcrumbList","@id":"https:\/\/elfsight.com\/pl\/amazon-reviews-widget\/squarespace\/#breadcrumb","itemListElement":[{"@type":"ListItem","position":1,"name":"Home","item":"https:\/\/elfsight.com\/pl\/"},{"@type":"ListItem","position":2,"name":"Amazon Reviews","item":"https:\/\/elfsight.com\/pl\/amazon-reviews-widget\/"},{"@type":"ListItem","position":3,"name":"Amazon Reviews &#8211; Squarespace"}]},{"@type":"WebSite","@id":"https:\/\/elfsight.com\/pl\/#website","url":"https:\/\/elfsight.com\/pl\/","name":"Elfsight PL","description":"Just another Elfsight Sites site","potentialAction":[{"@type":"SearchAction","target":{"@type":"EntryPoint","urlTemplate":"https:\/\/elfsight.com\/pl\/?s={search_term_string}"},"query-input":{"@type":"PropertyValueSpecification","valueRequired":true,"valueName":"search_term_string"}}],"inLanguage":"pl-PL"}]}},"meta_box":{"industry":"","seo_heading":"","heading":"","description":"","cta_heading":"","cta_description":"","application":"1175","h1":"Wtyczka Amazon Recenzje dla Squarespace","h1_caption":"Wy\u015bwietlaj recenzje produkt\u00f3w z Amazon, aby bez wysi\u0142ku zapewni\u0107 odwiedzaj\u0105cym Twoj\u0105 witryn\u0119 dodatkowy dow\u00f3d spo\u0142eczno\u015bciowy w witrynie Squarespace.","application_category":[],"applications_title":"","applications_request_title":"","applications_request_button_text":"","hero_text":"","hero_video":"","hero_video_schema_markup":"","selling_points_title":"","selling_points_caption":"","selling_points":[],"selling_points_cta_text":"","features_title":"","features":"","ed_cta_examples_text":"","ed_cta_examples_hidden":"","ed_cta_demo_text":"","ed_cta_demo_hidden":"","why_caption":"","why_editor_title":"","why_editor_text":"","why_team_title":"","why_team_text":"","why_service_title":"","why_service_text":"","template_catalog_visible":"0","template_catalog_title":"","template_catalog_text":"","template_catalog_categories_visible":"","demo_title":"Utw\u00f3rz wtyczk\u0119 Reviews from Amazon","demo_caption":"Skonfiguruj swoje recenzje Amazon i dodaj je do swojej witryny Squarespace za darmo!","default_faq_hidden":"","app_template_category":[],"platform":"7588","template_public_id":"","codecanyon_url":"","codecanyon_item_id":"","codecanyon_price":"","pricing_caption":"","pricing_elfsight_apps_hide_column":"","pricing_elfsight_apps_url":"","pricing_codecanyon_price_caption":"","integration_category":[],"integration_request_title":"","integration_request_cta":"","integration_platform":"","integrations":[],"platform_category":[],"video_schema_markup":"","price":"od 0 USD \/ miesi\u0105c","trial":"","benefits":[{"text":"Bezp\u0142atna pomoc w monta\u017cu"},{"text":"Wyj\u0105tkowe wsparcie"},{"text":"14-dniowa gwarancja zwrotu pieni\u0119dzy"}],"button_url":"#demo","button_target_blank":"0","button_nofollow":"0","attributes":[{"name":"Instaluje"},{"name":"Czu\u0142y"},{"name":"Kompatybilne przegl\u0105darki"}],"tags":[],"tags_disable_links":"0","hide_more_platforms":"0","video_object":"","demo_hide_cta":"0","demo_hide_cloud_options":"0","pricing_title":"","pricing":[{"pricing_icon":"platform","pricing_title":"Elfsight Apps","pricing_title_caption":"Wieloplatformowe rozwi\u0105zanie cyfrowe","pricing_price":"od 0 USD \/ miesi\u0105c","pricing_price_caption":"zacznij od bezp\u0142atnego planu","pricing_benefits":[{"text":"Nielimitowane strony internetowe"},{"text":"Bezp\u0142atne wsparcie firmy i dobrze udokumentowane"},{"text":"Bezp\u0142atna us\u0142uga monta\u017cu"},{"text":"Elastyczny projekt"}],"pricing_button_text":"Dodaj do witryny","pricing_button_url":"#demo"}],"related_apps_title":"","related_apps_hidden":"0","author":"","image":[],"title":"","job":"","social_networks":[]},"_links":{"self":[{"href":"https:\/\/elfsight.com\/pl\/wp-json\/wp\/v2\/pages\/4111","targetHints":{"allow":["GET"]}}],"collection":[{"href":"https:\/\/elfsight.com\/pl\/wp-json\/wp\/v2\/pages"}],"about":[{"href":"https:\/\/elfsight.com\/pl\/wp-json\/wp\/v2\/types\/page"}],"author":[{"embeddable":true,"href":"https:\/\/elfsight.com\/pl\/wp-json\/wp\/v2\/users\/9"}],"replies":[{"embeddable":true,"href":"https:\/\/elfsight.com\/pl\/wp-json\/wp\/v2\/comments?post=4111"}],"version-history":[{"count":4,"href":"https:\/\/elfsight.com\/pl\/wp-json\/wp\/v2\/pages\/4111\/revisions"}],"predecessor-version":[{"id":10429,"href":"https:\/\/elfsight.com\/pl\/wp-json\/wp\/v2\/pages\/4111\/revisions\/10429"}],"up":[{"embeddable":true,"href":"https:\/\/elfsight.com\/pl\/wp-json\/wp\/v2\/pages\/1176"}],"wp:attachment":[{"href":"https:\/\/elfsight.com\/pl\/wp-json\/wp\/v2\/media?parent=4111"}],"curies":[{"name":"wp","href":"https:\/\/api.w.org\/{rel}","templated":true}]}}