{"id":4110,"date":"2024-05-03T06:27:40","date_gmt":"2024-05-03T06:27:40","guid":{"rendered":"https:\/\/elfsight.com\/pl\/?page_id=4110"},"modified":"2024-11-14T09:29:42","modified_gmt":"2024-11-14T09:29:42","slug":"webflow","status":"publish","type":"page","link":"https:\/\/elfsight.com\/pl\/amazon-reviews-widget\/webflow\/","title":{"rendered":"Amazon Reviews &#8211; Webflow"},"content":{"rendered":"<div class=\"application-platform-content-item-description application-platform-content-item\" id=\"description\" data-nav-section=\"description\"><h2>Osadzaj recenzje Amazon w Webflow za pomoc\u0105 wid\u017cetu Elfsight<\/h2><p>Widget Elfsight Amazon to naj\u0142atwiejsza metoda budowania wizerunku marki poprzez prezentowanie prawdziwych komentarzy klient\u00f3w na temat Twoich produkt\u00f3w. Pochwal si\u0119 tylko najlepszymi i najbardziej znacz\u0105cymi reakcjami i u\u0142\u00f3\u017c je tak, jak lubisz. Zdob\u0105d\u017a dow\u00f3d spo\u0142eczny, pokazuj\u0105c swoim odbiorcom, \u017ce jeste\u015b niezawodnym partnerem.<\/p><p><b>Zach\u0119\u0107 u\u017cytkownik\u00f3w do napisania nowych recenzji na temat Twoich produkt\u00f3w i zach\u0119caj klient\u00f3w do rozm\u00f3w!<\/b><\/p><\/div> <div class=\"application-platform-content-item-features application-platform-content-item\" id=\"features\" data-nav-section=\"features\"><h2>G\u0142\u00f3wne funkcje wid\u017cetu Recenzje Amazon<\/h2><p>Aby uzyska\u0107 ja\u015bniejszy obraz Recenzji Amazon, przejrzyj list\u0119 g\u0142\u00f3wnych funkcji. Sprawiaj\u0105, \u017ce widget jest niezwykle korzystny dla Twojego sklepu:<\/p><ul><li>3 gotowe do u\u017cycia filtry: wed\u0142ug rodzaju, wykluczania i ilo\u015bci recenzji;<\/li><li>4 gotowe do u\u017cycia -u\u017cyj uk\u0142ad\u00f3w: Lista, Siatka, Mur i Suwak;<\/li><li>Opcja kontrolowania wy\u015bwietlania nag\u0142\u00f3wka wid\u017cetu;<\/li><li>Przycisk \u017c\u0105dania recenzji przenosi ludzi na stron\u0119 Amazon;<\/li><li> li&gt;<li>6 regulowanych element\u00f3w recenzji: nazwisko i zdj\u0119cie autora, rekomendacja, data opublikowania, ikona Amazon i liczba gwiazdek;<\/li><li>Dwa mo\u017cliwe scenariusze odrzucenia pro\u015bby o recenzj\u0119: zademonstruj swoj\u0105 wiadomo\u015b\u0107 lub ukryj przycisk;<\/li><\/ul><p><a href=\"#demo\">Sprawd\u017a pe\u0142n\u0105 list\u0119 funkcji w wersji demonstracyjnej<\/a><\/p><\/div><div class=\"application-platform-content-item-installation application-platform-content-item\" id=\"installation\" data-nav-section=\"installation\"><h2>Jak doda\u0107 wid\u017cet Recenzje Amazon do witryny Webflow<\/h2><div class=\"video-container\"><iframe width=\"720\" height=\"405\" src=\"https:\/\/www.youtube.com\/embed\/mggQEq4D-lE\" frameborder=\"0\" allowfullscreen=\"\"><\/iframe><\/div><p>Poni\u017csze czynno\u015bci to jedyne, czego potrzebujesz, aby osadzi\u0107 wid\u017cet.<\/p><ol><li><b>Stw\u00f3rz swoj\u0105 osobist\u0105 wtyczk\u0119 Amazon<\/b><br>W naszym darmowym edytorze pobierz wtyczk\u0119 z preferowanym interfejsem i cechami funkcjonalnymi.<\/li><li><b>Odbierz osobisty kod aby zintegrowa\u0107 wtyczk\u0119<\/b><br>Po dostosowaniu wid\u017cetu kod instalacyjny uzyskasz z powiadomienia pojawiaj\u0105cego si\u0119 w aplikacjach Elfsight. Skopiuj ten kod do dalszego wykorzystania.<\/li><li><b>Zintegruj wtyczk\u0119 ze swoj\u0105 witryn\u0105 Webflow<\/b><br>Wybierz miejsce, w kt\u00f3rym planujesz udost\u0119pni\u0107 wtyczk\u0119 i tam dodaj zapisany kod. Zapisz wyniki.<\/li><li><b>Instalacja zosta\u0142a w pe\u0142ni uko\u0144czona<\/b><br>Wejd\u017a do sklepu, aby sprawdzi\u0107 swoj\u0105 prac\u0119.<\/li><\/ol><p>Nadal nie mo\u017cna uzupe\u0142ni\u0107 sw\u00f3j umys\u0142? Albo do\u015bwiadczasz problem\u00f3w? Po prostu skieruj pro\u015bb\u0119 do naszego dzia\u0142u obs\u0142ugi klienta.<\/p><div class=\"faq\" data-component=\"FAQ\"> <div class=\"faq-item\">\r\n\t\t\t\t\t<div class=\"faq-item-question\">\r\n\t\t\t\t\t\t<h3 class=\"faq-item-question-text\">Jak doda\u0107 recenzje Amazon do mojej witryny Webflow bez umiej\u0119tno\u015bci kodowania?<\/h3>\r\n\r\n\t\t\t\t\t\t<div class=\"faq-item-question-icon\"><\/div>\r\n\t\t\t\t\t<\/div>\r\n\r\n\t\t\t\t\t<div class=\"faq-item-answer\">\r\n\t\t\t\t\t\t<div class=\"faq-item-answer-text\"> <p>Elfsight zapewnia rozwi\u0105zanie SaaS, kt\u00f3re pozwala utworzy\u0107 Sam wid\u017cet Recenzji Amazon, przekonaj si\u0119, jak \u0142atwy jest ten proces: Pracuj bezpo\u015brednio w edytorze online, aby utworzy\u0107 wid\u017cet Recenzji Amazon, kt\u00f3ry chcesz zobaczy\u0107 na swojej stronie internetowej Webflow. Wybierz jeden z gotowych szablon\u00f3w i dostosuj ustawienia Recenzji Amazon, dodaj tre\u015b\u0107, zmie\u0144 uk\u0142ad i schemat kolor\u00f3w bez umiej\u0119tno\u015bci kodowania. Zapisz recenzje Amazon i skopiuj ich kod instalacyjny, kt\u00f3ry mo\u017cesz po prostu osadzi\u0107 na swojej stronie internetowej Webflow bez konieczno\u015bci kupowania p\u0142atnej subskrypcji. Dzi\u0119ki naszemu intuicyjnemu edytorowi ka\u017cdy u\u017cytkownik Internetu mo\u017ce stworzy\u0107 wid\u017cet Recenzji Amazon online i \u0142atwo osadzi\u0107 go na swojej stronie internetowej Webflow. Aby uzyska\u0107 dost\u0119p do us\u0142ugi, nie trzeba p\u0142aci\u0107 ani wprowadza\u0107 danych uwierzytelniaj\u0105cych karty. Je\u015bli na kt\u00f3rymkolwiek etapie napotkasz jakiekolwiek problemy, skontaktuj si\u0119 z naszym zespo\u0142em pomocy technicznej.<\/p> <\/div>\r\n\t\t\t\t\t<\/div>\r\n\t\t\t\t<\/div> <\/div> <\/div>","protected":false},"excerpt":{"rendered":"","protected":false},"author":9,"featured_media":0,"parent":1176,"menu_order":0,"comment_status":"closed","ping_status":"closed","template":"templates\/template-application-platform.php","meta":{"publish_to_discourse":"","publish_post_category":"","wpdc_auto_publish_overridden":"","wpdc_topic_tags":"","wpdc_pin_topic":"","wpdc_pin_until":"","discourse_post_id":"","discourse_permalink":"","wpdc_publishing_response":"","wpdc_publishing_error":"","footnotes":""},"class_list":["post-4110","page","type-page","status-publish","hentry"],"yoast_head":"<!-- This site is optimized with the Yoast SEO plugin v25.3.1 - https:\/\/yoast.com\/wordpress\/plugins\/seo\/ -->\n<title>Osad\u017a wid\u017cet Recenzje Amazon na stronie internetowej Webflow (bezp\u0142atnie i szybko)<\/title>\n<meta name=\"description\" content=\"Dzi\u0119ki Elfsight mo\u017cesz szybko i \u0142atwo stworzy\u0107 wid\u017cet Recenzji Amazon i doda\u0107 go do swojej witryny Webflow. Oferujemy bezp\u0142atn\u0105 obs\u0142ug\u0119 klienta i inne bonusy.\" \/>\n<meta name=\"robots\" content=\"index, follow, max-snippet:-1, max-image-preview:large, max-video-preview:-1\" \/>\n<link rel=\"canonical\" href=\"https:\/\/elfsight.com\/pl\/amazon-reviews-widget\/webflow\/\" \/>\n<meta property=\"og:locale\" content=\"pl_PL\" \/>\n<meta property=\"og:type\" content=\"article\" \/>\n<meta property=\"og:title\" content=\"Osad\u017a wid\u017cet Recenzje Amazon na stronie internetowej Webflow (bezp\u0142atnie i szybko)\" \/>\n<meta property=\"og:description\" content=\"Dzi\u0119ki Elfsight mo\u017cesz szybko i \u0142atwo stworzy\u0107 wid\u017cet Recenzji Amazon i doda\u0107 go do swojej witryny Webflow. Oferujemy bezp\u0142atn\u0105 obs\u0142ug\u0119 klienta i inne bonusy.\" \/>\n<meta property=\"og:url\" content=\"https:\/\/elfsight.com\/pl\/amazon-reviews-widget\/webflow\/\" \/>\n<meta property=\"og:site_name\" content=\"Elfsight PL\" \/>\n<meta property=\"article:modified_time\" content=\"2024-11-14T09:29:42+00:00\" \/>\n<meta name=\"twitter:card\" content=\"summary_large_image\" \/>\n<meta name=\"twitter:label1\" content=\"Szacowany czas czytania\" \/>\n\t<meta name=\"twitter:data1\" content=\"3 minuty\" \/>\n<!-- \/ Yoast SEO plugin. -->","yoast_head_json":{"title":"Osad\u017a wid\u017cet Recenzje Amazon na stronie internetowej Webflow (bezp\u0142atnie i szybko)","description":"Dzi\u0119ki Elfsight mo\u017cesz szybko i \u0142atwo stworzy\u0107 wid\u017cet Recenzji Amazon i doda\u0107 go do swojej witryny Webflow. Oferujemy bezp\u0142atn\u0105 obs\u0142ug\u0119 klienta i inne bonusy.","robots":{"index":"index","follow":"follow","max-snippet":"max-snippet:-1","max-image-preview":"max-image-preview:large","max-video-preview":"max-video-preview:-1"},"canonical":"https:\/\/elfsight.com\/pl\/amazon-reviews-widget\/webflow\/","og_locale":"pl_PL","og_type":"article","og_title":"Osad\u017a wid\u017cet Recenzje Amazon na stronie internetowej Webflow (bezp\u0142atnie i szybko)","og_description":"Dzi\u0119ki Elfsight mo\u017cesz szybko i \u0142atwo stworzy\u0107 wid\u017cet Recenzji Amazon i doda\u0107 go do swojej witryny Webflow. Oferujemy bezp\u0142atn\u0105 obs\u0142ug\u0119 klienta i inne bonusy.","og_url":"https:\/\/elfsight.com\/pl\/amazon-reviews-widget\/webflow\/","og_site_name":"Elfsight PL","article_modified_time":"2024-11-14T09:29:42+00:00","twitter_card":"summary_large_image","twitter_misc":{"Szacowany czas czytania":"3 minuty"},"schema":{"@context":"https:\/\/schema.org","@graph":[{"@type":"WebPage","@id":"https:\/\/elfsight.com\/pl\/amazon-reviews-widget\/webflow\/","url":"https:\/\/elfsight.com\/pl\/amazon-reviews-widget\/webflow\/","name":"Osad\u017a wid\u017cet Recenzje Amazon na stronie internetowej Webflow (bezp\u0142atnie i szybko)","isPartOf":{"@id":"https:\/\/elfsight.com\/pl\/#website"},"datePublished":"2024-05-03T06:27:40+00:00","dateModified":"2024-11-14T09:29:42+00:00","description":"Dzi\u0119ki Elfsight mo\u017cesz szybko i \u0142atwo stworzy\u0107 wid\u017cet Recenzji Amazon i doda\u0107 go do swojej witryny Webflow. Oferujemy bezp\u0142atn\u0105 obs\u0142ug\u0119 klienta i inne bonusy.","breadcrumb":{"@id":"https:\/\/elfsight.com\/pl\/amazon-reviews-widget\/webflow\/#breadcrumb"},"inLanguage":"pl-PL","potentialAction":[{"@type":"ReadAction","target":["https:\/\/elfsight.com\/pl\/amazon-reviews-widget\/webflow\/"]}]},{"@type":"BreadcrumbList","@id":"https:\/\/elfsight.com\/pl\/amazon-reviews-widget\/webflow\/#breadcrumb","itemListElement":[{"@type":"ListItem","position":1,"name":"Home","item":"https:\/\/elfsight.com\/pl\/"},{"@type":"ListItem","position":2,"name":"Amazon Reviews","item":"https:\/\/elfsight.com\/pl\/amazon-reviews-widget\/"},{"@type":"ListItem","position":3,"name":"Amazon Reviews &#8211; Webflow"}]},{"@type":"WebSite","@id":"https:\/\/elfsight.com\/pl\/#website","url":"https:\/\/elfsight.com\/pl\/","name":"Elfsight PL","description":"Just another Elfsight Sites site","potentialAction":[{"@type":"SearchAction","target":{"@type":"EntryPoint","urlTemplate":"https:\/\/elfsight.com\/pl\/?s={search_term_string}"},"query-input":{"@type":"PropertyValueSpecification","valueRequired":true,"valueName":"search_term_string"}}],"inLanguage":"pl-PL"}]}},"meta_box":{"industry":"","seo_heading":"","heading":"","description":"","cta_heading":"","cta_description":"","application":"1175","h1":"Widget Recenzje Amazon dla Webflow","h1_caption":"Wy\u015bwietlaj recenzje produkt\u00f3w z Amazon, aby bez wysi\u0142ku zapewni\u0107 odwiedzaj\u0105cym Twoj\u0105 witryn\u0119 dodatkowy dow\u00f3d spo\u0142eczno\u015bciowy w witrynie Webflow.","application_category":[],"applications_title":"","applications_request_title":"","applications_request_button_text":"","hero_text":"","hero_video":"","hero_video_schema_markup":"","selling_points_title":"","selling_points_caption":"","selling_points":[],"selling_points_cta_text":"","features_title":"","features":"","ed_cta_examples_text":"","ed_cta_examples_hidden":"","ed_cta_demo_text":"","ed_cta_demo_hidden":"","why_caption":"","why_editor_title":"","why_editor_text":"","why_team_title":"","why_team_text":"","why_service_title":"","why_service_text":"","template_catalog_visible":"","template_catalog_title":"","template_catalog_text":"","template_catalog_categories_visible":"","demo_title":"Utw\u00f3rz wid\u017cet Recenzje Amazon","demo_caption":"Skonfiguruj swoje recenzje Amazon i dodaj je za darmo do swojej witryny Webflow!","default_faq_hidden":"","app_template_category":[],"platform":"127","template_public_id":"","codecanyon_url":"","codecanyon_item_id":"","codecanyon_price":"","pricing_caption":"","pricing_elfsight_apps_hide_column":"","pricing_elfsight_apps_url":"","pricing_codecanyon_price_caption":"","integration_category":[],"integration_request_title":"","integration_request_cta":"","integration_platform":"","integrations":[],"platform_category":[],"video_schema_markup":"","price":"od 0 USD \/ miesi\u0105c","trial":"","benefits":[{"text":"Bezp\u0142atna pomoc w monta\u017cu"},{"text":"Kompetentny zesp\u00f3\u0142 wsparcia"},{"text":"14-dniowa gwarancja zwrotu pieni\u0119dzy"}],"button_url":"#demo","button_target_blank":"","button_nofollow":"","attributes":[{"name":"Instaluje"},{"name":"Czu\u0142y"},{"name":"Kompatybilne przegl\u0105darki"}],"tags":[],"tags_disable_links":"","hide_more_platforms":"","video_object":"","demo_hide_cta":"","demo_hide_cloud_options":"","pricing_title":"","pricing":[{"pricing_icon":"platform","pricing_title":"Elfsight Apps","pricing_title_caption":"Oprogramowanie wieloplatformowe","pricing_price":"od 0 USD \/ miesi\u0105c","pricing_price_caption":"zacznij od bezp\u0142atnego planu","pricing_benefits":[{"text":"Nielimitowane strony internetowe"},{"text":"Szybkie wsparcie"},{"text":"Bezp\u0142atna pomoc przy instalacji"},{"text":"Specjalna cena za wiele aplikacji"}],"pricing_button_text":"Dodaj do witryny","pricing_button_url":"#demo"}],"related_apps_title":"","related_apps_hidden":"","author":"","image":[],"title":"","job":"","social_networks":[]},"_links":{"self":[{"href":"https:\/\/elfsight.com\/pl\/wp-json\/wp\/v2\/pages\/4110","targetHints":{"allow":["GET"]}}],"collection":[{"href":"https:\/\/elfsight.com\/pl\/wp-json\/wp\/v2\/pages"}],"about":[{"href":"https:\/\/elfsight.com\/pl\/wp-json\/wp\/v2\/types\/page"}],"author":[{"embeddable":true,"href":"https:\/\/elfsight.com\/pl\/wp-json\/wp\/v2\/users\/9"}],"replies":[{"embeddable":true,"href":"https:\/\/elfsight.com\/pl\/wp-json\/wp\/v2\/comments?post=4110"}],"version-history":[{"count":2,"href":"https:\/\/elfsight.com\/pl\/wp-json\/wp\/v2\/pages\/4110\/revisions"}],"predecessor-version":[{"id":7637,"href":"https:\/\/elfsight.com\/pl\/wp-json\/wp\/v2\/pages\/4110\/revisions\/7637"}],"up":[{"embeddable":true,"href":"https:\/\/elfsight.com\/pl\/wp-json\/wp\/v2\/pages\/1176"}],"wp:attachment":[{"href":"https:\/\/elfsight.com\/pl\/wp-json\/wp\/v2\/media?parent=4110"}],"curies":[{"name":"wp","href":"https:\/\/api.w.org\/{rel}","templated":true}]}}