{"id":4102,"date":"2024-05-03T06:27:36","date_gmt":"2024-05-03T06:27:36","guid":{"rendered":"https:\/\/elfsight.com\/pl\/?page_id=4102"},"modified":"2024-11-14T09:29:34","modified_gmt":"2024-11-14T09:29:34","slug":"wordpress","status":"publish","type":"page","link":"https:\/\/elfsight.com\/pl\/amazon-reviews-widget\/wordpress\/","title":{"rendered":"Amazon Reviews &#8211; WordPress"},"content":{"rendered":"<div class=\"application-platform-content-item-description application-platform-content-item\" id=\"description\" data-nav-section=\"description\"><h2>Osadzaj recenzje Amazon na WordPressie za pomoc\u0105 wid\u017cetu Elfsight<\/h2><p>Wtyczka Elfsight Amazon to najwygodniejsza metoda kszta\u0142towania reputacji Twojej marki poprzez przedstawienie opinii prawdziwych klient\u00f3w na temat Twojej produkcji. Ujawniaj tylko najlepsze i najbardziej znacz\u0105ce komentarze i uk\u0142adaj je tak, jak chcesz. Zdob\u0105d\u017a dow\u00f3d spo\u0142eczny, pokazuj\u0105c odwiedzaj\u0105cym Twoj\u0105 witryn\u0119, \u017ce jeste\u015b wiarygodny.<\/p><p><b>Zach\u0119\u0107 u\u017cytkownik\u00f3w do publikowania nowych komentarzy na temat Twojej firmy i usprawniaj rozmowy z klientami!<\/b><\/p><\/div>[ application_platform_content_item id=&#8221;features&#8221;]<h2>G\u0142\u00f3wne funkcje wid\u017cetu Recenzje Amazon<\/h2><p>Aby uzyska\u0107 lepszy odbi\u00f3r wtyczki, przejrzyj list\u0119 jej podstawowych funkcji. Sprawiaj\u0105, \u017ce wid\u017cet jest maksymalnie skuteczny w Twojej promocji:<\/p><ul><li>Dost\u0119pne s\u0105 trzy filtry: wed\u0142ug typu, wykluczenia i liczby wy\u015bwietlanych recenzji;<\/li><li>4 predefiniowane uk\u0142ady: lista, Siatka, Mur i Suwak;<\/li><li>W pe\u0142ni elastyczny nag\u0142\u00f3wek wid\u017cetu;<\/li><li>Przycisk pro\u015bby o recenzj\u0119 kieruje u\u017cytkownik\u00f3w do Twojej strony Amazon;<\/li><li>6 elastyczny elementy interfejsu: nazwisko i zdj\u0119cie autora, rekomendacja, data, ikona Amazon i ocena w gwiazdkach;<\/li><li>Dwa mo\u017cliwe scenariusze po odrzuceniu pro\u015bby o recenzj\u0119: ujawnienie wiadomo\u015bci SMS lub ukrycie przycisku;<\/li><\/ul><p><a href=\"#demo\">Poznaj wszystkie funkcje w naszej wersji demonstracyjnej na \u017cywo<\/a><\/p>[\/application_platform_content_item]<div class=\"application-platform-content-item-installation application-platform-content-item\" id=\"installation\" data-nav-section=\"installation\"><h2>Jak doda\u0107 Wtyczka Amazon Recenzje do witryny WordPress<\/h2><div class=\"video-container\"><iframe width=\"720\" height=\"405\" src=\"https:\/\/www.youtube.com\/embed\/qBBEa1HWkY4\" frameborder=\"0\" allowfullscreen=\"\"><\/iframe><\/div><p>Te kilka czynno\u015bci to jedyne, czego potrzebujesz, aby ustali\u0107.<\/p><ol><li><b>Wykonaj nasze bezp\u0142atne edytorze i zacznij tworzy\u0107 w\u0142asn\u0105 wtyczk\u0119 Amazon Reviews. <\/b><br> Wybierz po\u017c\u0105dany wygl\u0105d i wydajno\u015b\u0107 wtyczki i zapisz wszystkie modyfikacje. <\/li> <li><b>Zdob\u0105d\u017a sw\u00f3j unikalny kod, kt\u00f3ry jest wy\u015bwietlany w specjalnym formularzu w aplikacjach Elfsight. <\/b><br> Gdy tylko Twoja osobista wtyczka zostanie skonfigurowana, skopiuj sw\u00f3j kod w wy\u015bwietlonym oknie i zachowaj go do p\u00f3\u017aniejszego wykorzystania. <\/li> <li><b>Rozpocznij korzystanie z wtyczki w witrynie WordPress. <\/b><br> Umie\u015b\u0107 ostatnio skopiowany kod na swojej stronie i zastosuj ulepszenia. <\/li> <li><b>Gotowe! Integracja zosta\u0142a pomy\u015blnie przeprowadzona. <\/b><br> Odwied\u017a swoj\u0105 witryn\u0119, aby zobaczy\u0107 dzia\u0142anie wtyczki. <\/li><\/ol><p>Nadal nie mo\u017cesz si\u0119 zdecydowa\u0107? Lub masz pytania do zadania? Po prostu wy\u015blij zapytanie do naszego dzia\u0142u obs\u0142ugi klienta, a my rozwi\u0105\u017cemy ka\u017cdy problem.<\/p><\/div><div class=\"faq\" data-component=\"FAQ\"><div class=\"faq-item\">\r\n\t\t\t\t\t<div class=\"faq-item-question\">\r\n\t\t\t\t\t\t<h3 class=\"faq-item-question-text\">Jak mog\u0119 osadzi\u0107 recenzje klient\u00f3w Amazon na mojej stronie WordPress?<\/h3>\r\n\r\n\t\t\t\t\t\t<div class=\"faq-item-question-icon\"><\/div>\r\n\t\t\t\t\t<\/div>\r\n\r\n\t\t\t\t\t<div class=\"faq-item-answer\">\r\n\t\t\t\t\t\t<div class=\"faq-item-answer-text\"><p>Wystarczy utworzy\u0107 wid\u017cet, nast\u0119pnie zmodyfikowa\u0107 jego styl i zapisa\u0107 zmiany. Skopiuj kod wtyczki, kt\u00f3r\u0105 w\u0142a\u015bnie utworzy\u0142e\u015b i wprowad\u017a go do aktualnie posiadanego uk\u0142adu. <\/p><\/div>\r\n\t\t\t\t\t<\/div>\r\n\t\t\t\t<\/div><div class=\"faq-item\">\r\n\t\t\t\t\t<div class=\"faq-item-question\">\r\n\t\t\t\t\t\t<h3 class=\"faq-item-question-text\">W jaki spos\u00f3b mog\u0119 uzyska\u0107 recenzje klient\u00f3w Amazon na temat stron produkt\u00f3w?<\/h3>\r\n\r\n\t\t\t\t\t\t<div class=\"faq-item-question-icon\"><\/div>\r\n\t\t\t\t\t<\/div>\r\n\r\n\t\t\t\t\t<div class=\"faq-item-answer\">\r\n\t\t\t\t\t\t<div class=\"faq-item-answer-text\"><p>Wystarczy, \u017ce u\u017cyjesz przycisku CTA. Po naci\u015bni\u0119ciu przycisku odwiedzaj\u0105cy witryn\u0119 b\u0119d\u0105 mieli bezpo\u015bredni dost\u0119p do Twojego profilu. <\/p><\/div>\r\n\t\t\t\t\t<\/div>\r\n\t\t\t\t<\/div><div class=\"faq-item\">\r\n\t\t\t\t\t<div class=\"faq-item-question\">\r\n\t\t\t\t\t\t<h3 class=\"faq-item-question-text\">W jaki spos\u00f3b mog\u0119 zbudowa\u0107 rozszerzenie \/ szablon plakietki Amazon?<\/h3>\r\n\r\n\t\t\t\t\t\t<div class=\"faq-item-question-icon\"><\/div>\r\n\t\t\t\t\t<\/div>\r\n\r\n\t\t\t\t\t<div class=\"faq-item-answer\">\r\n\t\t\t\t\t\t<div class=\"faq-item-answer-text\"><p>Zobacz wszystkie kroki z prostych wskaz\u00f3wek poni\u017cej: <\/p><ol><li>Uruchom edytor Elfsight i zacznij tworzy\u0107 w\u0142asn\u0105 wtyczk\u0119. <\/li> <li>Dostosuj funkcje wid\u017cetu i kliknij, aby zapisa\u0107 niezb\u0119dne zmiany. <\/li><li>Zdob\u0105d\u017a sw\u00f3j unikalny kod pokazany w oknie. <\/li> <li>Zaimplementuj kod wtyczki na swojej stronie i naci\u015bnij przycisk \u201eZapisz\u201d. <\/li><li> Zintegrowa\u0142e\u015b now\u0105 wtyczk\u0119 w swojej witrynie. <\/li><\/div>\r\n\t\t\t\t\t<\/div>\r\n\t\t\t\t<\/div><\/div><\/ol>","protected":false},"excerpt":{"rendered":"[ application_platform_content_item id=&#8221;features&#8221;]G\u0142\u00f3wne funkcje wid\u017cetu Recenzje AmazonAby uzyska\u0107 lepszy odbi\u00f3r wtyczki, przejrzyj list\u0119 jej podstawowych funkcji. Sprawiaj\u0105, \u017ce wid\u017cet jest maksymalnie skuteczny w Twojej promocji:Dost\u0119pne s\u0105 trzy filtry: wed\u0142ug typu, wykluczenia i liczby wy\u015bwietlanych recenzji;4 predefiniowane uk\u0142ady: lista, Siatka, Mur i Suwak;W pe\u0142ni elastyczny nag\u0142\u00f3wek wid\u017cetu;Przycisk pro\u015bby o recenzj\u0119 kieruje&#8230;","protected":false},"author":9,"featured_media":0,"parent":1176,"menu_order":0,"comment_status":"closed","ping_status":"closed","template":"templates\/template-application-platform.php","meta":{"publish_to_discourse":"","publish_post_category":"","wpdc_auto_publish_overridden":"","wpdc_topic_tags":"","wpdc_pin_topic":"","wpdc_pin_until":"","discourse_post_id":"","discourse_permalink":"","wpdc_publishing_response":"","wpdc_publishing_error":"","footnotes":""},"class_list":["post-4102","page","type-page","status-publish","hentry"],"yoast_head":"<!-- This site is optimized with the Yoast SEO plugin v25.3.1 - https:\/\/yoast.com\/wordpress\/plugins\/seo\/ -->\n<title>Recenzje Amazona | Dodaj wtyczk\u0119 Amazon na stronie WordPress [2026]<\/title>\n<meta name=\"description\" content=\"W prosty i szybki spos\u00f3b utw\u00f3rz wtyczk\u0119 Amazon Reviews i umie\u015b\u0107 j\u0105 na stronie WordPress. Zwi\u0119ksz zaufanie klient\u00f3w dzi\u0119ki wid\u017cetom Elfsight!\" \/>\n<meta name=\"robots\" content=\"index, follow, max-snippet:-1, max-image-preview:large, max-video-preview:-1\" \/>\n<link rel=\"canonical\" href=\"https:\/\/elfsight.com\/pl\/amazon-reviews-widget\/wordpress\/\" \/>\n<meta property=\"og:locale\" content=\"pl_PL\" \/>\n<meta property=\"og:type\" content=\"article\" \/>\n<meta property=\"og:title\" content=\"Recenzje Amazona | Dodaj wtyczk\u0119 Amazon na stronie WordPress [2026]\" \/>\n<meta property=\"og:description\" content=\"W prosty i szybki spos\u00f3b utw\u00f3rz wtyczk\u0119 Amazon Reviews i umie\u015b\u0107 j\u0105 na stronie WordPress. Zwi\u0119ksz zaufanie klient\u00f3w dzi\u0119ki wid\u017cetom Elfsight!\" \/>\n<meta property=\"og:url\" content=\"https:\/\/elfsight.com\/pl\/amazon-reviews-widget\/wordpress\/\" \/>\n<meta property=\"og:site_name\" content=\"Elfsight PL\" \/>\n<meta property=\"article:modified_time\" content=\"2024-11-14T09:29:34+00:00\" \/>\n<meta name=\"twitter:card\" content=\"summary_large_image\" \/>\n<meta name=\"twitter:label1\" content=\"Szacowany czas czytania\" \/>\n\t<meta name=\"twitter:data1\" content=\"3 minuty\" \/>\n<!-- \/ Yoast SEO plugin. -->","yoast_head_json":{"title":"Recenzje Amazona | Dodaj wtyczk\u0119 Amazon na stronie WordPress [2026]","description":"W prosty i szybki spos\u00f3b utw\u00f3rz wtyczk\u0119 Amazon Reviews i umie\u015b\u0107 j\u0105 na stronie WordPress. Zwi\u0119ksz zaufanie klient\u00f3w dzi\u0119ki wid\u017cetom Elfsight!","robots":{"index":"index","follow":"follow","max-snippet":"max-snippet:-1","max-image-preview":"max-image-preview:large","max-video-preview":"max-video-preview:-1"},"canonical":"https:\/\/elfsight.com\/pl\/amazon-reviews-widget\/wordpress\/","og_locale":"pl_PL","og_type":"article","og_title":"Recenzje Amazona | Dodaj wtyczk\u0119 Amazon na stronie WordPress [2026]","og_description":"W prosty i szybki spos\u00f3b utw\u00f3rz wtyczk\u0119 Amazon Reviews i umie\u015b\u0107 j\u0105 na stronie WordPress. Zwi\u0119ksz zaufanie klient\u00f3w dzi\u0119ki wid\u017cetom Elfsight!","og_url":"https:\/\/elfsight.com\/pl\/amazon-reviews-widget\/wordpress\/","og_site_name":"Elfsight PL","article_modified_time":"2024-11-14T09:29:34+00:00","twitter_card":"summary_large_image","twitter_misc":{"Szacowany czas czytania":"3 minuty"},"schema":{"@context":"https:\/\/schema.org","@graph":[{"@type":"WebPage","@id":"https:\/\/elfsight.com\/pl\/amazon-reviews-widget\/wordpress\/","url":"https:\/\/elfsight.com\/pl\/amazon-reviews-widget\/wordpress\/","name":"Recenzje Amazona | Dodaj wtyczk\u0119 Amazon na stronie WordPress [2026]","isPartOf":{"@id":"https:\/\/elfsight.com\/pl\/#website"},"datePublished":"2024-05-03T06:27:36+00:00","dateModified":"2024-11-14T09:29:34+00:00","description":"W prosty i szybki spos\u00f3b utw\u00f3rz wtyczk\u0119 Amazon Reviews i umie\u015b\u0107 j\u0105 na stronie WordPress. Zwi\u0119ksz zaufanie klient\u00f3w dzi\u0119ki wid\u017cetom Elfsight!","breadcrumb":{"@id":"https:\/\/elfsight.com\/pl\/amazon-reviews-widget\/wordpress\/#breadcrumb"},"inLanguage":"pl-PL","potentialAction":[{"@type":"ReadAction","target":["https:\/\/elfsight.com\/pl\/amazon-reviews-widget\/wordpress\/"]}]},{"@type":"BreadcrumbList","@id":"https:\/\/elfsight.com\/pl\/amazon-reviews-widget\/wordpress\/#breadcrumb","itemListElement":[{"@type":"ListItem","position":1,"name":"Home","item":"https:\/\/elfsight.com\/pl\/"},{"@type":"ListItem","position":2,"name":"Amazon Reviews","item":"https:\/\/elfsight.com\/pl\/amazon-reviews-widget\/"},{"@type":"ListItem","position":3,"name":"Amazon Reviews &#8211; WordPress"}]},{"@type":"WebSite","@id":"https:\/\/elfsight.com\/pl\/#website","url":"https:\/\/elfsight.com\/pl\/","name":"Elfsight PL","description":"Just another Elfsight Sites site","potentialAction":[{"@type":"SearchAction","target":{"@type":"EntryPoint","urlTemplate":"https:\/\/elfsight.com\/pl\/?s={search_term_string}"},"query-input":{"@type":"PropertyValueSpecification","valueRequired":true,"valueName":"search_term_string"}}],"inLanguage":"pl-PL"}]}},"meta_box":{"industry":"","seo_heading":"","heading":"","description":"","cta_heading":"","cta_description":"","application":"1175","h1":"Wtyczka Amazon Recenzje dla WordPress","h1_caption":"Wy\u015bwietlaj recenzje produkt\u00f3w z Amazon, aby bez wysi\u0142ku zapewni\u0107 odwiedzaj\u0105cym Twoj\u0105 witryn\u0119 dodatkowy dow\u00f3d spo\u0142eczno\u015bciowy w witrynie WordPress.","application_category":[],"applications_title":"","applications_request_title":"","applications_request_button_text":"","hero_text":"","hero_video":"","hero_video_schema_markup":"","selling_points_title":"","selling_points_caption":"","selling_points":[],"selling_points_cta_text":"","features_title":"","features":"","ed_cta_examples_text":"","ed_cta_examples_hidden":"","ed_cta_demo_text":"","ed_cta_demo_hidden":"","why_caption":"","why_editor_title":"","why_editor_text":"","why_team_title":"","why_team_text":"","why_service_title":"","why_service_text":"","template_catalog_visible":"","template_catalog_title":"","template_catalog_text":"","template_catalog_categories_visible":"","demo_title":"Utw\u00f3rz wtyczk\u0119 Amazon Reviews","demo_caption":"Skonfiguruj swoje recenzje Amazon i dodaj je za darmo do swojej witryny WordPress!","default_faq_hidden":"","app_template_category":[],"platform":"31","template_public_id":"","codecanyon_url":"","codecanyon_item_id":"","codecanyon_price":"","pricing_caption":"","pricing_elfsight_apps_hide_column":"","pricing_elfsight_apps_url":"","pricing_codecanyon_price_caption":"","integration_category":[],"integration_request_title":"","integration_request_cta":"","integration_platform":"","integrations":[],"platform_category":[],"video_schema_markup":"","price":"od 0 USD \/ miesi\u0105c","trial":"","benefits":[{"text":"Bezp\u0142atna pomoc w monta\u017cu"},{"text":"Wyj\u0105tkowe wsparcie"},{"text":"14-dniowa gwarancja zwrotu pieni\u0119dzy"}],"button_url":"#demo","button_target_blank":"","button_nofollow":"","attributes":[{"name":"Instaluje"},{"name":"Czu\u0142y"},{"name":"Kompatybilne przegl\u0105darki"}],"tags":[],"tags_disable_links":"","hide_more_platforms":"","video_object":"","demo_hide_cta":"","demo_hide_cloud_options":"","pricing_title":"","pricing":[{"pricing_icon":"platform","pricing_title":"Elfsight Apps","pricing_title_caption":"Wieloplatformowe rozwi\u0105zanie cyfrowe, kt\u00f3re pasuje do ka\u017cdej witryny","pricing_price":"od 0 USD \/ miesi\u0105c","pricing_price_caption":"zacznij od bezp\u0142atnego planu","pricing_benefits":[{"text":"Nielimitowane domeny"},{"text":"Wsparcie 24\/7"},{"text":"Bezp\u0142atna us\u0142uga monta\u017cu"},{"text":"\u015awietna oferta na wiele aplikacji"}],"pricing_button_text":"Dodaj do witryny","pricing_button_url":"#demo"}],"related_apps_title":"","related_apps_hidden":"","author":"","image":[],"title":"","job":"","social_networks":[]},"_links":{"self":[{"href":"https:\/\/elfsight.com\/pl\/wp-json\/wp\/v2\/pages\/4102","targetHints":{"allow":["GET"]}}],"collection":[{"href":"https:\/\/elfsight.com\/pl\/wp-json\/wp\/v2\/pages"}],"about":[{"href":"https:\/\/elfsight.com\/pl\/wp-json\/wp\/v2\/types\/page"}],"author":[{"embeddable":true,"href":"https:\/\/elfsight.com\/pl\/wp-json\/wp\/v2\/users\/9"}],"replies":[{"embeddable":true,"href":"https:\/\/elfsight.com\/pl\/wp-json\/wp\/v2\/comments?post=4102"}],"version-history":[{"count":2,"href":"https:\/\/elfsight.com\/pl\/wp-json\/wp\/v2\/pages\/4102\/revisions"}],"predecessor-version":[{"id":7634,"href":"https:\/\/elfsight.com\/pl\/wp-json\/wp\/v2\/pages\/4102\/revisions\/7634"}],"up":[{"embeddable":true,"href":"https:\/\/elfsight.com\/pl\/wp-json\/wp\/v2\/pages\/1176"}],"wp:attachment":[{"href":"https:\/\/elfsight.com\/pl\/wp-json\/wp\/v2\/media?parent=4102"}],"curies":[{"name":"wp","href":"https:\/\/api.w.org\/{rel}","templated":true}]}}