{"id":4101,"date":"2024-05-03T06:27:35","date_gmt":"2024-05-03T06:27:35","guid":{"rendered":"https:\/\/elfsight.com\/pl\/?page_id=4101"},"modified":"2025-06-24T14:12:17","modified_gmt":"2025-06-24T14:12:17","slug":"facebook","status":"publish","type":"page","link":"https:\/\/elfsight.com\/pl\/amazon-reviews-widget\/facebook\/","title":{"rendered":"Amazon Reviews &#8211; Facebook Page"},"content":{"rendered":"<div class=\"application-platform-content-item-description application-platform-content-item\" id=\"description\" data-nav-section=\"description\">\n<h2>Opis<\/h2>\n<p>Wid\u017cet Elfsight Amazon Reviews to najwygodniejsza metoda kszta\u0142towania reputacji Twojej marki poprzez wy\u015bwietlanie recenzji prawdziwych klient\u00f3w na Twoich zasobach. Poka\u017c tylko najlepsze lub najbardziej znacz\u0105ce reakcje i u\u0142\u00f3\u017c je tak, jak lubisz. Zdob\u0105d\u017a dow\u00f3d spo\u0142eczny, pokazuj\u0105c swoim klientom, \u017ce mo\u017cna Ci zaufa\u0107.<\/p>\n<p><b>Motywuj u\u017cytkownik\u00f3w do publikowania nowych recenzji na temat Twojej marki i zach\u0119caj klient\u00f3w do rozm\u00f3w!<\/b><\/p>\n<\/div>\n\n<div class=\"application-platform-content-item-features application-platform-content-item\" id=\"features\" data-nav-section=\"features\">\n<h2>Funkcje<\/h2>\n<p>Sprawd\u017a list\u0119 funkcji wid\u017cetu. Sprawiaj\u0105, \u017ce jest to niezwykle skuteczne w promocji:<\/p>\n<ul>\n    <li>Trzy predefiniowane filtry: wed\u0142ug typu, wykluczenia i liczby recenzji;<\/li>\n    <li>Cztery dost\u0119pne uk\u0142ady: Lista, Siatka, Murarstwo, i Suwak;<\/li>\n    <li>W pe\u0142ni elastyczny nag\u0142\u00f3wek wid\u017cetu;<\/li>\n    <li>Aktywny przycisk umo\u017cliwiaj\u0105cy udost\u0119pnienie jeszcze jednej recenzji przenosi ludzi na Twoj\u0105 stron\u0119 Amazon;<\/li>\n    <li>Sze\u015b\u0107 regulowanych element\u00f3w wid\u017cetu: nazwisko i zdj\u0119cie autora, rekomendacja, data udost\u0119pnienia, ikona Amazon i liczba gwiazdek;<\/li>\n    <li>Dwa mo\u017cliwe scenariusze odmowy pro\u015bby o recenzj\u0119: zaprezentuj niestandardow\u0105 wiadomo\u015b\u0107 lub ukryj przycisk;<\/li>\n<\/ul>\n<p><a href=\"#demo\">Demonstracja na \u017cywo poka\u017ce Ci wi\u0119cej funkcji<\/a><\/p>\n<\/div>\n\n<div class=\"application-platform-content-item-installation application-platform-content-item\" id=\"installation\" data-nav-section=\"installation\"><\/div>\n<h2>Jak doda\u0107 recenzje Amazon tab do strony firmowej na Facebooku<\/h2>\n<p>Te kilka krok\u00f3w to jedyna rzecz, kt\u00f3rej potrzebujesz, aby skonfigurowa\u0107 Amazon na swojej stronie. Zajmie to minut\u0119, a nie linijk\u0119 kodowania.<\/p>\n<ol>\n    <li><b>Zaprojektuj w\u0142asny wid\u017cet Amazon<\/b><br>Za pomoc\u0105 naszego bezp\u0142atnego konfiguratora skonfiguruj wtyczk\u0119 z wybranym projektem i wybierz recenzje, kt\u00f3re chcesz wy\u015bwietli\u0107.<\/li>\n    <li><b>Zdob\u0105d\u017a indywidualny kod, aby doda\u0107 wtyczk\u0119<\/b><br>Po utworzeniu wid\u017cetu otrzymasz sw\u00f3j osobisty kod z wy\u015bwietlonego powiadomienia w aplikacjach Elfsight. Skopiuj go do dalszego wykorzystania.<\/li>\n    <li><b>Dodaj kart\u0119 Amazon do strony na Facebooku<\/b><br>Utw\u00f3rz niestandardow\u0105 kart\u0119 na Facebooku. Wpisz w zak\u0142adce kod otrzymany w aplikacji Elfsight. Je\u015bli masz jakiekolwiek problemy, po prostu zapoznaj si\u0119 z naszym przewodnikiem na stronie <a href=\"https:\/\/elfsight.com\/blog\/how-to-add-custom-tab-to-facebook-page\/\" target=\"_blank\" rel=\"noopener noreferrer\">tworzenie niestandardowej karty na Facebooku<\/a><\/li>\n    <li><b>Gotowe!<\/b><br>Wejd\u017a na swoj\u0105 stron\u0119, aby zobaczy\u0107 swoj\u0105 prac\u0119.<\/li>\n<\/ol>\n<p>Nadal nie jeste\u015b pewien? Albo natkn\u0105\u0142e\u015b si\u0119 na co\u015b? Po prostu skieruj pro\u015bb\u0119 do naszego zespo\u0142u pomocy technicznej, a oni pomog\u0105 w rozwi\u0105zaniu ka\u017cdego problemu.<\/p>\n<div class=\"faq\" data-component=\"FAQ\">\n    <div class=\"faq-item\">\r\n\t\t\t\t\t<div class=\"faq-item-question\">\r\n\t\t\t\t\t\t<h3 class=\"faq-item-question-text\">Czy mog\u0119 osadzi\u0107 recenzje Amazon na mojej stronie na Facebooku?<\/h3>\r\n\r\n\t\t\t\t\t\t<div class=\"faq-item-question-icon\"><\/div>\r\n\t\t\t\t\t<\/div>\r\n\r\n\t\t\t\t\t<div class=\"faq-item-answer\">\r\n\t\t\t\t\t\t<div class=\"faq-item-answer-text\">\n    <p>Wystarczy, \u017ce zbudujesz narz\u0119dzie, zmienisz jego projekt i zapiszesz zmiany. Nast\u0119pnie we\u017a kod swojego wid\u017cetu i zintegruj go z aktualnie posiadanym szablonem.<\/p>\n    <\/div>\r\n\t\t\t\t\t<\/div>\r\n\t\t\t\t<\/div>\n    <div class=\"faq-item\">\r\n\t\t\t\t\t<div class=\"faq-item-question\">\r\n\t\t\t\t\t\t<h3 class=\"faq-item-question-text\">Jak zdoby\u0107 recenzje klient\u00f3w Amazon na stronach produkt\u00f3w?<\/h3>\r\n\r\n\t\t\t\t\t\t<div class=\"faq-item-question-icon\"><\/div>\r\n\t\t\t\t\t<\/div>\r\n\r\n\t\t\t\t\t<div class=\"faq-item-answer\">\r\n\t\t\t\t\t\t<div class=\"faq-item-answer-text\">\n    <p>Wystarczy, \u017ce zastosujesz przycisk Napisz recenzj\u0119. Klikaj\u0105c w niego, odbiorcy serwisu zostan\u0105 przeniesieni bezpo\u015brednio do Twojego profilu.<\/p>\n    <\/div>\r\n\t\t\t\t\t<\/div>\r\n\t\t\t\t<\/div>\n    <div class=\"faq-item\">\r\n\t\t\t\t\t<div class=\"faq-item-question\">\r\n\t\t\t\t\t\t<h3 class=\"faq-item-question-text\">Jak utworzy\u0107 wid\u017cet\/szablon odznaki oceny Amazon?<\/h3>\r\n\r\n\t\t\t\t\t\t<div class=\"faq-item-question-icon\"><\/div>\r\n\t\t\t\t\t<\/div>\r\n\r\n\t\t\t\t\t<div class=\"faq-item-answer\">\r\n\t\t\t\t\t\t<div class=\"faq-item-answer-text\">\n    <p>Zastosuj punkty z poni\u017cszego nieskomplikowanego przewodnika: <\/p>\n    <ol>\n        <li>Zatrudnij skorzystaj z naszego konfiguratora i zacznij budowa\u0107 narz\u0119dzie szyte na miar\u0119.<\/li>\n        <li>Dostosuj aspekty wid\u017cetu i zapisz zmiany.<\/li>\n        <li>Uzyskaj indywidualny kod ujawniony w powiadomieniu.<\/li>\n        <li>Umie\u015b\u0107 unikalny kod na swojej stronie g\u0142\u00f3wnej i zapisz stron\u0119.<\/li>\n        <li>Poprawnie umie\u015bci\u0142e\u015b aplikacj\u0119 Elfsight na swojej stronie.<\/li>\n    <\/ol>\n    <\/div>\r\n\t\t\t\t\t<\/div>\r\n\t\t\t\t<\/div>\n<\/div>","protected":false},"excerpt":{"rendered":"Jak doda\u0107 recenzje Amazon tab do strony firmowej na Facebooku Te kilka krok\u00f3w to jedyna rzecz, kt\u00f3rej potrzebujesz, aby skonfigurowa\u0107 Amazon na swojej stronie. Zajmie to minut\u0119, a nie linijk\u0119 kodowania. Zaprojektuj w\u0142asny wid\u017cet AmazonZa pomoc\u0105 naszego bezp\u0142atnego konfiguratora skonfiguruj wtyczk\u0119 z wybranym projektem i wybierz recenzje, kt\u00f3re chcesz wy\u015bwietli\u0107&#8230;.","protected":false},"author":9,"featured_media":0,"parent":1176,"menu_order":0,"comment_status":"closed","ping_status":"closed","template":"templates\/template-application-platform.php","meta":{"publish_to_discourse":"","publish_post_category":"","wpdc_auto_publish_overridden":"","wpdc_topic_tags":"","wpdc_pin_topic":"","wpdc_pin_until":"","discourse_post_id":"","discourse_permalink":"","wpdc_publishing_response":"","wpdc_publishing_error":"","footnotes":""},"class_list":["post-4101","page","type-page","status-publish","hentry"],"yoast_head":"<!-- This site is optimized with the Yoast SEO plugin v25.3.1 - https:\/\/yoast.com\/wordpress\/plugins\/seo\/ -->\n<title>Recenzje Amazona | Dodaj wtyczk\u0119 Amazon na stronie na Facebooku [2025]<\/title>\n<meta name=\"description\" content=\"Dzi\u0119ki Elfsight utw\u00f3rz zak\u0142adk\u0119 Recenzje Amazon i z \u0142atwo\u015bci\u0105 dodaj j\u0105 do swojej strony firmowej na Facebooku. Oferujemy bezp\u0142atn\u0105 obs\u0142ug\u0119 klienta i wi\u0119cej bonus\u00f3w.\" \/>\n<meta name=\"robots\" content=\"index, follow, max-snippet:-1, max-image-preview:large, max-video-preview:-1\" \/>\n<link rel=\"canonical\" href=\"https:\/\/elfsight.com\/pl\/amazon-reviews-widget\/facebook\/\" \/>\n<meta property=\"og:locale\" content=\"pl_PL\" \/>\n<meta property=\"og:type\" content=\"article\" \/>\n<meta property=\"og:title\" content=\"Recenzje Amazona | Dodaj wtyczk\u0119 Amazon na stronie na Facebooku [2025]\" \/>\n<meta property=\"og:description\" content=\"Dzi\u0119ki Elfsight utw\u00f3rz zak\u0142adk\u0119 Recenzje Amazon i z \u0142atwo\u015bci\u0105 dodaj j\u0105 do swojej strony firmowej na Facebooku. Oferujemy bezp\u0142atn\u0105 obs\u0142ug\u0119 klienta i wi\u0119cej bonus\u00f3w.\" \/>\n<meta property=\"og:url\" content=\"https:\/\/elfsight.com\/pl\/amazon-reviews-widget\/facebook\/\" \/>\n<meta property=\"og:site_name\" content=\"Elfsight PL\" \/>\n<meta property=\"article:modified_time\" content=\"2025-06-24T14:12:17+00:00\" \/>\n<meta name=\"twitter:card\" content=\"summary_large_image\" \/>\n<meta name=\"twitter:label1\" content=\"Szacowany czas czytania\" \/>\n\t<meta name=\"twitter:data1\" content=\"3 minuty\" \/>\n<!-- \/ Yoast SEO plugin. -->","yoast_head_json":{"title":"Recenzje Amazona | Dodaj wtyczk\u0119 Amazon na stronie na Facebooku [2025]","description":"Dzi\u0119ki Elfsight utw\u00f3rz zak\u0142adk\u0119 Recenzje Amazon i z \u0142atwo\u015bci\u0105 dodaj j\u0105 do swojej strony firmowej na Facebooku. Oferujemy bezp\u0142atn\u0105 obs\u0142ug\u0119 klienta i wi\u0119cej bonus\u00f3w.","robots":{"index":"index","follow":"follow","max-snippet":"max-snippet:-1","max-image-preview":"max-image-preview:large","max-video-preview":"max-video-preview:-1"},"canonical":"https:\/\/elfsight.com\/pl\/amazon-reviews-widget\/facebook\/","og_locale":"pl_PL","og_type":"article","og_title":"Recenzje Amazona | Dodaj wtyczk\u0119 Amazon na stronie na Facebooku [2025]","og_description":"Dzi\u0119ki Elfsight utw\u00f3rz zak\u0142adk\u0119 Recenzje Amazon i z \u0142atwo\u015bci\u0105 dodaj j\u0105 do swojej strony firmowej na Facebooku. Oferujemy bezp\u0142atn\u0105 obs\u0142ug\u0119 klienta i wi\u0119cej bonus\u00f3w.","og_url":"https:\/\/elfsight.com\/pl\/amazon-reviews-widget\/facebook\/","og_site_name":"Elfsight PL","article_modified_time":"2025-06-24T14:12:17+00:00","twitter_card":"summary_large_image","twitter_misc":{"Szacowany czas czytania":"3 minuty"},"schema":{"@context":"https:\/\/schema.org","@graph":[{"@type":"WebPage","@id":"https:\/\/elfsight.com\/pl\/amazon-reviews-widget\/facebook\/","url":"https:\/\/elfsight.com\/pl\/amazon-reviews-widget\/facebook\/","name":"Recenzje Amazona | Dodaj wtyczk\u0119 Amazon na stronie na Facebooku [2025]","isPartOf":{"@id":"https:\/\/elfsight.com\/pl\/#website"},"datePublished":"2024-05-03T06:27:35+00:00","dateModified":"2025-06-24T14:12:17+00:00","description":"Dzi\u0119ki Elfsight utw\u00f3rz zak\u0142adk\u0119 Recenzje Amazon i z \u0142atwo\u015bci\u0105 dodaj j\u0105 do swojej strony firmowej na Facebooku. Oferujemy bezp\u0142atn\u0105 obs\u0142ug\u0119 klienta i wi\u0119cej bonus\u00f3w.","breadcrumb":{"@id":"https:\/\/elfsight.com\/pl\/amazon-reviews-widget\/facebook\/#breadcrumb"},"inLanguage":"pl-PL","potentialAction":[{"@type":"ReadAction","target":["https:\/\/elfsight.com\/pl\/amazon-reviews-widget\/facebook\/"]}]},{"@type":"BreadcrumbList","@id":"https:\/\/elfsight.com\/pl\/amazon-reviews-widget\/facebook\/#breadcrumb","itemListElement":[{"@type":"ListItem","position":1,"name":"Home","item":"https:\/\/elfsight.com\/pl\/"},{"@type":"ListItem","position":2,"name":"Amazon Reviews","item":"https:\/\/elfsight.com\/pl\/amazon-reviews-widget\/"},{"@type":"ListItem","position":3,"name":"Amazon Reviews &#8211; Facebook Page"}]},{"@type":"WebSite","@id":"https:\/\/elfsight.com\/pl\/#website","url":"https:\/\/elfsight.com\/pl\/","name":"Elfsight PL","description":"Just another Elfsight Sites site","potentialAction":[{"@type":"SearchAction","target":{"@type":"EntryPoint","urlTemplate":"https:\/\/elfsight.com\/pl\/?s={search_term_string}"},"query-input":{"@type":"PropertyValueSpecification","valueRequired":true,"valueName":"search_term_string"}}],"inLanguage":"pl-PL"}]}},"meta_box":{"industry":"","seo_heading":"","heading":"","description":"","cta_heading":"","cta_description":"","application":"1175","h1":"Recenzje Amazon dla strony na Facebooku","h1_caption":"Wy\u015bwietlaj recenzje produkt\u00f3w z Amazon, aby bez wysi\u0142ku zapewni\u0107 odwiedzaj\u0105cym Twoj\u0105 witryn\u0119 dodatkowy dow\u00f3d spo\u0142eczno\u015bciowy na stronie na Facebooku.","application_category":[],"applications_title":"","applications_request_title":"","applications_request_button_text":"","hero_text":"","hero_video":"","hero_video_schema_markup":"","selling_points_title":"","selling_points_caption":"","selling_points":[],"selling_points_cta_text":"","features_title":"","features":"","ed_cta_examples_text":"","ed_cta_examples_hidden":"","ed_cta_demo_text":"","ed_cta_demo_hidden":"","why_caption":"","why_editor_title":"","why_editor_text":"","why_team_title":"","why_team_text":"","why_service_title":"","why_service_text":"","template_catalog_visible":"0","template_catalog_title":"","template_catalog_text":"","template_catalog_categories_visible":"","demo_title":"Utw\u00f3rz wid\u017cet Recenzje Amazon","demo_caption":"Skonfiguruj swoje recenzje Amazon i dodaj je za darmo do swojej strony na Facebooku!","default_faq_hidden":"","app_template_category":[],"platform":"319","template_public_id":"","codecanyon_url":"","codecanyon_item_id":"","codecanyon_price":"","pricing_caption":"","pricing_elfsight_apps_hide_column":"","pricing_elfsight_apps_url":"","pricing_codecanyon_price_caption":"","integration_category":[],"integration_request_title":"","integration_request_cta":"","integration_platform":"","integrations":[],"platform_category":[],"video_schema_markup":"","price":"od 0 USD \/ miesi\u0105c","trial":"","benefits":[{"text":"Bezp\u0142atna pomoc w monta\u017cu"},{"text":"Profesjonalna obs\u0142uga klienta"},{"text":"14-dniowa gwarancja zwrotu pieni\u0119dzy"}],"button_url":"#demo","button_target_blank":"0","button_nofollow":"0","attributes":[{"name":"Instaluje"},{"name":"Czu\u0142y"},{"name":"Kompatybilne przegl\u0105darki"}],"tags":[],"tags_disable_links":"0","hide_more_platforms":"0","video_object":"","demo_hide_cta":"0","demo_hide_cloud_options":"0","pricing_title":"","pricing":[{"pricing_icon":"platform","pricing_title":"Elfsight Apps","pricing_title_caption":"Niezale\u017cne od platformy rozwi\u0105zanie cyfrowe","pricing_price":"od 0 USD \/ miesi\u0105c","pricing_price_caption":"zacznij od bezp\u0142atnego planu","pricing_benefits":[{"text":"Nielimitowane domeny"},{"text":"Dedykowana obs\u0142uga klienta"},{"text":"Bezp\u0142atne wsparcie przy instalacji"},{"text":"Elastyczny projekt"}],"pricing_button_text":"Dodaj do witryny","pricing_button_url":"#demo"}],"related_apps_title":"","related_apps_hidden":"0","author":"","image":[],"title":"","job":"","social_networks":[]},"_links":{"self":[{"href":"https:\/\/elfsight.com\/pl\/wp-json\/wp\/v2\/pages\/4101","targetHints":{"allow":["GET"]}}],"collection":[{"href":"https:\/\/elfsight.com\/pl\/wp-json\/wp\/v2\/pages"}],"about":[{"href":"https:\/\/elfsight.com\/pl\/wp-json\/wp\/v2\/types\/page"}],"author":[{"embeddable":true,"href":"https:\/\/elfsight.com\/pl\/wp-json\/wp\/v2\/users\/9"}],"replies":[{"embeddable":true,"href":"https:\/\/elfsight.com\/pl\/wp-json\/wp\/v2\/comments?post=4101"}],"version-history":[{"count":2,"href":"https:\/\/elfsight.com\/pl\/wp-json\/wp\/v2\/pages\/4101\/revisions"}],"predecessor-version":[{"id":10424,"href":"https:\/\/elfsight.com\/pl\/wp-json\/wp\/v2\/pages\/4101\/revisions\/10424"}],"up":[{"embeddable":true,"href":"https:\/\/elfsight.com\/pl\/wp-json\/wp\/v2\/pages\/1176"}],"wp:attachment":[{"href":"https:\/\/elfsight.com\/pl\/wp-json\/wp\/v2\/media?parent=4101"}],"curies":[{"name":"wp","href":"https:\/\/api.w.org\/{rel}","templated":true}]}}