{"id":4088,"date":"2024-05-03T06:27:30","date_gmt":"2024-05-03T06:27:30","guid":{"rendered":"https:\/\/elfsight.com\/pl\/?page_id=4088"},"modified":"2025-01-16T17:09:59","modified_gmt":"2025-01-16T17:09:59","slug":"prestashop","status":"publish","type":"page","link":"https:\/\/elfsight.com\/pl\/amazon-reviews-widget\/prestashop\/","title":{"rendered":"Amazon Reviews &#8211; PrestaShop"},"content":{"rendered":"<div class=\"application-platform-content-item-description application-platform-content-item\" id=\"description\" data-nav-section=\"description\"> <h2>Opis<\/h2> <p>Recenzje Amazon to przydatne narz\u0119dzie oferuj\u0105ce mo\u017cliwo\u015b\u0107 pokazania opinii o Twoich towarach bezpo\u015brednio na Twojej stronie internetowej ze wszystkich renomowanych witryn z recenzjami. Korzystaj\u0105c z naszego dodatku, b\u0119dziesz m\u00f3g\u0142 u\u017cywa\u0107 filtr\u00f3w do ukrywania niepo\u017c\u0105danych komentarzy, chwali\u0107 si\u0119 swoj\u0105 liczb\u0105 gwiazdek i ocen\u0105 ilo\u015bciow\u0105 ze swojego konta na dowolnej stronie z recenzjami biznesowymi, dodawa\u0107 informacje o tw\u00f3rcach recenzji i do\u0142\u0105cza\u0107 CTA, kt\u00f3re b\u0119dzie motywowa\u0107 u\u017cytkownik\u00f3w do zamieszczania swoich opinii. Nasze narz\u0119dzie Recenzje Amazon pomo\u017ce Ci wy\u015bwietli\u0107 na stronie internetowej Tw\u00f3j wspania\u0142y dow\u00f3d spo\u0142eczny i zacz\u0105\u0107 uzyskiwa\u0107 wi\u0119cej nowych zakup\u00f3w.<\/p> <p><b>Zwi\u0119ksz skuteczno\u015b\u0107 swojej witryny internetowej w celach biznesowych dzi\u0119ki Recenzjom Amazon.<\/b><\/p> <\/div> <div class=\"application-platform-content-item-features application-platform-content-item\" id=\"features\" data-nav-section=\"features\"> <h2>Sprawd\u017a list\u0119 najwa\u017cniejszych funkcji: <\/h2> <ul><li>Osadzaj recenzje klient\u00f3w ze strony Amazon<\/li><li> Trzy typy filtr\u00f3w: wykluczanie wed\u0142ug, ilo\u015bci recenzji i typu<\/li><li>Cztery rodzaje uk\u0142ad\u00f3w: lista, mur, suwak i siatka<\/li><li>strza\u0142ki i przeci\u0105ganie typ\u00f3w nawigacji w uk\u0142adzie suwaka<\/li><li>Ustaw pr\u0119dko\u015b\u0107 slajdu i pr\u0119dko\u015b\u0107 automatycznego odtwarzania<\/li><li>Wybierz typ paginacji w uk\u0142adzie suwaka<\/li><li>Przycisk CTA, aby uzyska\u0107 recenzje nowych u\u017cytkownik\u00f3w na stronie Amazon<\/li><li>Trzy recenzje szablony: Spotlight, Bubble, Classic<\/li><li>6 elastycznych element\u00f3w recenzji: ikona i data Amazon, rekomendacja, nazwisko autora, liczba gwiazdek i zdj\u0119cie<\/li><li>Opcja zmiany czcionki tekstu recenzji rozmiar<\/li><\/ul><p><a href=\"#demo\">Pe\u0142ne mo\u017cliwo\u015bci wid\u017cetu mo\u017cesz sprawdzi\u0107 w wersji demonstracyjnej tutaj<\/a><\/p> <\/div> <div class=\"application-platform-content-item-installation application-platform-content-item\" id=\"installation\" data-nav-section=\"installation\"> <h2>Jak mog\u0119 doda\u0107 recenzje Amazon do mojej witryny PrestaShop? <\/h2> <p>Wystarczy zastosowa\u0107 si\u0119 do poni\u017cszych instrukcji, aby zintegrowa\u0107 dodatek. <\/p> <ol><li><b>Zarz\u0105dzaj naszym bezp\u0142atnym edytorem i zacznij tworzy\u0107 w\u0142asny dodatek. <\/b><br> Okre\u015bl wybrany wygl\u0105d i funkcje dodatku i zapisz zmiany. <\/li> <li><b>Skopiuj unikalny kod, kt\u00f3ry pojawia si\u0119 w specjalnym formularzu w aplikacjach Elfsight. <\/b><br> Po zako\u0144czeniu generowania dodatku skopiuj indywidualny kod w wy\u015bwietlonym oknie i zapisz go na p\u00f3\u017aniej. <\/li> <li><b>Zainicjuj u\u017cycie dodatku na swojej stronie PrestaShop. <\/b><br> Umie\u015b\u0107 ostatnio zapisany kod na swojej stronie i zapisz poprawki. <\/li> <li><b>Konfiguracja zosta\u0142a w pe\u0142ni uko\u0144czona. <\/b><br> Przejd\u017a do swojej witryny, aby zobaczy\u0107 w akcji dzia\u0142anie narz\u0119dzia. <\/li><\/ol> <p>Je\u015bli masz pytania lub napotkasz jakiekolwiek przeszkody, bez wahania skontaktuj si\u0119 z naszym personelem obs\u0142ugi klienta. Nasi specjali\u015bci pragn\u0105 rozwi\u0105za\u0107 wszystkie problemy, jakie mo\u017cesz napotka\u0107 w zwi\u0105zku z tym narz\u0119dziem. <\/p> <div class=\"faq\" data-component=\"FAQ\"> <div class=\"faq-item\">\r\n\t\t\t\t\t<div class=\"faq-item-question\">\r\n\t\t\t\t\t\t<h3 class=\"faq-item-question-text\">Jak mog\u0119 doda\u0107 recenzje Amazon do mojej witryny PrestaShop bez umiej\u0119tno\u015bci kodowania?<\/h3>\r\n\r\n\t\t\t\t\t\t<div class=\"faq-item-question-icon\"><\/div>\r\n\t\t\t\t\t<\/div>\r\n\r\n\t\t\t\t\t<div class=\"faq-item-answer\">\r\n\t\t\t\t\t\t<div class=\"faq-item-answer-text\"> <p>Elfsight zapewnia rozwi\u0105zanie SaaS, kt\u00f3re pozwala samodzielnie utworzy\u0107 wid\u017cet Recenzje Amazon. Zobacz, jak \u0142atwo proces jest nast\u0119puj\u0105cy: Pracuj bezpo\u015brednio w edytorze online, aby utworzy\u0107 wid\u017cet Recenzji Amazon, kt\u00f3ry chcia\u0142by\u015b zobaczy\u0107 na swojej stronie PrestaShop. Wybierz jeden z gotowych szablon\u00f3w i dostosuj ustawienia Recenzji Amazon, dodaj tre\u015b\u0107, zmie\u0144 uk\u0142ad i schemat kolor\u00f3w bez umiej\u0119tno\u015bci kodowania. Zapisz recenzje Amazon i skopiuj ich kod instalacyjny, kt\u00f3ry mo\u017cesz doda\u0107 na swojej stronie PrestaShop bez konieczno\u015bci kupowania wersji p\u0142atnej. Dzi\u0119ki naszemu intuicyjnemu edytorowi ka\u017cdy u\u017cytkownik Internetu mo\u017ce stworzy\u0107 wid\u017cet Recenzji Amazon online i \u0142atwo osadzi\u0107 go na swojej stronie PrestaShop. Aby uzyska\u0107 dost\u0119p do us\u0142ugi, nie trzeba p\u0142aci\u0107 ani wprowadza\u0107 danych uwierzytelniaj\u0105cych karty. Je\u015bli na kt\u00f3rymkolwiek etapie napotkasz jakiekolwiek problemy, skontaktuj si\u0119 z naszym zespo\u0142em pomocy technicznej.<\/p> <\/div>\r\n\t\t\t\t\t<\/div>\r\n\t\t\t\t<\/div> <\/div> <\/div>","protected":false},"excerpt":{"rendered":"","protected":false},"author":9,"featured_media":0,"parent":1176,"menu_order":0,"comment_status":"closed","ping_status":"closed","template":"templates\/template-application-platform.php","meta":{"publish_to_discourse":"","publish_post_category":"","wpdc_auto_publish_overridden":"","wpdc_topic_tags":"","wpdc_pin_topic":"","wpdc_pin_until":"","discourse_post_id":"","discourse_permalink":"","wpdc_publishing_response":"","wpdc_publishing_error":"","footnotes":""},"class_list":["post-4088","page","type-page","status-publish","hentry"],"yoast_head":"<!-- This site is optimized with the Yoast SEO plugin v25.3.1 - https:\/\/yoast.com\/wordpress\/plugins\/seo\/ -->\n<title>Recenzje Amazona | Dodaj wtyczk\u0119 Amazon na stronie Squarespace<\/title>\n<meta name=\"description\" content=\"Utw\u00f3rz wtyczk\u0119 Reviews from Amazon i szybko umie\u015b\u0107 j\u0105 na stronie Squarespace. Oferujemy bezp\u0142atn\u0105 obs\u0142ug\u0119 klienta i wi\u0119cej bonus\u00f3w.\" \/>\n<meta name=\"robots\" content=\"index, follow, max-snippet:-1, max-image-preview:large, max-video-preview:-1\" \/>\n<link rel=\"canonical\" href=\"https:\/\/elfsight.com\/pl\/amazon-reviews-widget\/prestashop\/\" \/>\n<meta property=\"og:locale\" content=\"pl_PL\" \/>\n<meta property=\"og:type\" content=\"article\" \/>\n<meta property=\"og:title\" content=\"Recenzje Amazona | Dodaj wtyczk\u0119 Amazon na stronie Squarespace\" \/>\n<meta property=\"og:description\" content=\"Utw\u00f3rz wtyczk\u0119 Reviews from Amazon i szybko umie\u015b\u0107 j\u0105 na stronie Squarespace. Oferujemy bezp\u0142atn\u0105 obs\u0142ug\u0119 klienta i wi\u0119cej bonus\u00f3w.\" \/>\n<meta property=\"og:url\" content=\"https:\/\/elfsight.com\/pl\/amazon-reviews-widget\/prestashop\/\" \/>\n<meta property=\"og:site_name\" content=\"Elfsight PL\" \/>\n<meta property=\"article:modified_time\" content=\"2025-01-16T17:09:59+00:00\" \/>\n<meta name=\"twitter:card\" content=\"summary_large_image\" \/>\n<meta name=\"twitter:label1\" content=\"Szacowany czas czytania\" \/>\n\t<meta name=\"twitter:data1\" content=\"3 minuty\" \/>\n<!-- \/ Yoast SEO plugin. -->","yoast_head_json":{"title":"Recenzje Amazona | Dodaj wtyczk\u0119 Amazon na stronie Squarespace","description":"Utw\u00f3rz wtyczk\u0119 Reviews from Amazon i szybko umie\u015b\u0107 j\u0105 na stronie Squarespace. Oferujemy bezp\u0142atn\u0105 obs\u0142ug\u0119 klienta i wi\u0119cej bonus\u00f3w.","robots":{"index":"index","follow":"follow","max-snippet":"max-snippet:-1","max-image-preview":"max-image-preview:large","max-video-preview":"max-video-preview:-1"},"canonical":"https:\/\/elfsight.com\/pl\/amazon-reviews-widget\/prestashop\/","og_locale":"pl_PL","og_type":"article","og_title":"Recenzje Amazona | Dodaj wtyczk\u0119 Amazon na stronie Squarespace","og_description":"Utw\u00f3rz wtyczk\u0119 Reviews from Amazon i szybko umie\u015b\u0107 j\u0105 na stronie Squarespace. Oferujemy bezp\u0142atn\u0105 obs\u0142ug\u0119 klienta i wi\u0119cej bonus\u00f3w.","og_url":"https:\/\/elfsight.com\/pl\/amazon-reviews-widget\/prestashop\/","og_site_name":"Elfsight PL","article_modified_time":"2025-01-16T17:09:59+00:00","twitter_card":"summary_large_image","twitter_misc":{"Szacowany czas czytania":"3 minuty"},"schema":{"@context":"https:\/\/schema.org","@graph":[{"@type":"WebPage","@id":"https:\/\/elfsight.com\/pl\/amazon-reviews-widget\/prestashop\/","url":"https:\/\/elfsight.com\/pl\/amazon-reviews-widget\/prestashop\/","name":"Recenzje Amazona | Dodaj wtyczk\u0119 Amazon na stronie Squarespace","isPartOf":{"@id":"https:\/\/elfsight.com\/pl\/#website"},"datePublished":"2024-05-03T06:27:30+00:00","dateModified":"2025-01-16T17:09:59+00:00","description":"Utw\u00f3rz wtyczk\u0119 Reviews from Amazon i szybko umie\u015b\u0107 j\u0105 na stronie Squarespace. Oferujemy bezp\u0142atn\u0105 obs\u0142ug\u0119 klienta i wi\u0119cej bonus\u00f3w.","breadcrumb":{"@id":"https:\/\/elfsight.com\/pl\/amazon-reviews-widget\/prestashop\/#breadcrumb"},"inLanguage":"pl-PL","potentialAction":[{"@type":"ReadAction","target":["https:\/\/elfsight.com\/pl\/amazon-reviews-widget\/prestashop\/"]}]},{"@type":"BreadcrumbList","@id":"https:\/\/elfsight.com\/pl\/amazon-reviews-widget\/prestashop\/#breadcrumb","itemListElement":[{"@type":"ListItem","position":1,"name":"Home","item":"https:\/\/elfsight.com\/pl\/"},{"@type":"ListItem","position":2,"name":"Amazon Reviews","item":"https:\/\/elfsight.com\/pl\/amazon-reviews-widget\/"},{"@type":"ListItem","position":3,"name":"Amazon Reviews &#8211; PrestaShop"}]},{"@type":"WebSite","@id":"https:\/\/elfsight.com\/pl\/#website","url":"https:\/\/elfsight.com\/pl\/","name":"Elfsight PL","description":"Just another Elfsight Sites site","potentialAction":[{"@type":"SearchAction","target":{"@type":"EntryPoint","urlTemplate":"https:\/\/elfsight.com\/pl\/?s={search_term_string}"},"query-input":{"@type":"PropertyValueSpecification","valueRequired":true,"valueName":"search_term_string"}}],"inLanguage":"pl-PL"}]}},"meta_box":{"industry":"","seo_heading":"","heading":"","description":"","cta_heading":"","cta_description":"","application":"1175","h1":"Wtyczka Amazon Recenzje dla Squarespace","h1_caption":"Wy\u015bwietlaj recenzje produkt\u00f3w z Amazon, aby bez wysi\u0142ku zapewni\u0107 odwiedzaj\u0105cym Twoj\u0105 witryn\u0119 dodatkowy dow\u00f3d spo\u0142eczno\u015bciowy w witrynie Prestashop.","application_category":[],"applications_title":"","applications_request_title":"","applications_request_button_text":"","hero_text":"","hero_video":"","hero_video_schema_markup":"","selling_points_title":"","selling_points_caption":"","selling_points":[],"selling_points_cta_text":"","features_title":"","features":"","ed_cta_examples_text":"","ed_cta_examples_hidden":"","ed_cta_demo_text":"","ed_cta_demo_hidden":"","why_caption":"","why_editor_title":"","why_editor_text":"","why_team_title":"","why_team_text":"","why_service_title":"","why_service_text":"","template_catalog_visible":"0","template_catalog_title":"","template_catalog_text":"","template_catalog_categories_visible":"","demo_title":"Tw\u00f3rz recenzje Squarespace Amazon za pomoc\u0105 zaledwie kilku klikni\u0119\u0107!","demo_caption":"Skorzystaj z wersji demonstracyjnej, aby zbudowa\u0107 wtyczk\u0119 dla swojej witryny i zintegrowa\u0107 j\u0105 z ni\u0105.","default_faq_hidden":"","app_template_category":[],"platform":"586","template_public_id":"","codecanyon_url":"","codecanyon_item_id":"","codecanyon_price":"","pricing_caption":"","pricing_elfsight_apps_hide_column":"","pricing_elfsight_apps_url":"","pricing_codecanyon_price_caption":"","integration_category":[],"integration_request_title":"","integration_request_cta":"","integration_platform":"","integrations":[],"platform_category":[],"video_schema_markup":"","price":"od 0 USD \/ miesi\u0105c","trial":"","benefits":[{"text":"Bezp\u0142atna pomoc w monta\u017cu"},{"text":"Wyj\u0105tkowe wsparcie"},{"text":"14-dniowa gwarancja zwrotu pieni\u0119dzy"}],"button_url":"#demo","button_target_blank":"0","button_nofollow":"0","attributes":[{"name":"Instaluje"},{"name":"Czu\u0142y"},{"name":"Kompatybilne przegl\u0105darki"}],"tags":[],"tags_disable_links":"0","hide_more_platforms":"","video_object":"","demo_hide_cta":"0","demo_hide_cloud_options":"0","pricing_title":"","pricing":[{"pricing_icon":"platform","pricing_title":"Elfsight Apps","pricing_title_caption":"Wieloplatformowe rozwi\u0105zanie cyfrowe","pricing_price":"od 0 USD \/ miesi\u0105c","pricing_price_caption":"zacznij od bezp\u0142atnego planu","pricing_benefits":[{"text":"Nielimitowane strony internetowe"},{"text":"Bezp\u0142atne wsparcie firmy i dobrze udokumentowane"},{"text":"Bezp\u0142atna us\u0142uga monta\u017cu"},{"text":"Elastyczny projekt"}],"pricing_button_text":"Dodaj do witryny","pricing_button_url":"#demo"}],"related_apps_title":"","related_apps_hidden":"0","author":"","image":[],"title":"","job":"","social_networks":[]},"_links":{"self":[{"href":"https:\/\/elfsight.com\/pl\/wp-json\/wp\/v2\/pages\/4088","targetHints":{"allow":["GET"]}}],"collection":[{"href":"https:\/\/elfsight.com\/pl\/wp-json\/wp\/v2\/pages"}],"about":[{"href":"https:\/\/elfsight.com\/pl\/wp-json\/wp\/v2\/types\/page"}],"author":[{"embeddable":true,"href":"https:\/\/elfsight.com\/pl\/wp-json\/wp\/v2\/users\/9"}],"replies":[{"embeddable":true,"href":"https:\/\/elfsight.com\/pl\/wp-json\/wp\/v2\/comments?post=4088"}],"version-history":[{"count":1,"href":"https:\/\/elfsight.com\/pl\/wp-json\/wp\/v2\/pages\/4088\/revisions"}],"predecessor-version":[{"id":4092,"href":"https:\/\/elfsight.com\/pl\/wp-json\/wp\/v2\/pages\/4088\/revisions\/4092"}],"up":[{"embeddable":true,"href":"https:\/\/elfsight.com\/pl\/wp-json\/wp\/v2\/pages\/1176"}],"wp:attachment":[{"href":"https:\/\/elfsight.com\/pl\/wp-json\/wp\/v2\/media?parent=4088"}],"curies":[{"name":"wp","href":"https:\/\/api.w.org\/{rel}","templated":true}]}}