{"id":4080,"date":"2024-05-03T06:27:26","date_gmt":"2024-05-03T06:27:26","guid":{"rendered":"https:\/\/elfsight.com\/pl\/?page_id=4080"},"modified":"2025-06-24T09:17:53","modified_gmt":"2025-06-24T09:17:53","slug":"blogger","status":"publish","type":"page","link":"https:\/\/elfsight.com\/pl\/all-in-one-reviews-widget\/blogger\/","title":{"rendered":"All-in-One Reviews &#8211; Blogger"},"content":{"rendered":"<div class=\"application-platform-content-item-description application-platform-content-item\" id=\"description\" data-nav-section=\"description\">\n<h2>Opis<\/h2>\n<p>Recenzje Elfsight All-in-One to \u0142atwy w u\u017cyciu wid\u017cet dla Bloggera, kt\u00f3ry zapewnia mo\u017cliwo\u015b\u0107 ujawnienia wszystkich opinii na temat Twoich ofert bezpo\u015brednio na Twojej stronie ze wszystkich znanych serwis\u00f3w z recenzjami. Korzystaj\u0105c z naszego wid\u017cetu, b\u0119dziesz w stanie u\u017cywa\u0107 filtr\u00f3w do ukrywania niechcianych referencji, eksponowa\u0107 swoj\u0105 liczb\u0119 gwiazdek i liczby na swojej stronie na dowolnej platformie z recenzjami biznesowymi, do\u0142\u0105cza\u0107 informacje o tw\u00f3rcach recenzji i do\u0142\u0105cza\u0107 fascynuj\u0105cy przycisk wezwania do dzia\u0142ania, kt\u00f3ry zainspiruje odwiedzaj\u0105cych witryn\u0119 do opublikowania komentarza. Nasz wid\u017cet pomo\u017ce Ci ujawni\u0107 znacz\u0105cy dow\u00f3d spo\u0142eczno\u015bciowy na Twojej stronie internetowej i zacz\u0105\u0107 zdobywa\u0107 wi\u0119cej nowych zakup\u00f3w.<\/p>\n<p>Opinie z Amazon, Airbnb, Facebook, Google i wielu innych w jednym module, aby uzyska\u0107 najwy\u017cszy wsp\u00f3\u0142czynnik konwersji i wiarygodno\u015b\u0107 klient\u00f3w!<\/p>\n<p>Podnie\u015b swoj\u0105 sprzeda\u017c za pomoc\u0105 dowodu spo\u0142eczno\u015bciowego<br>Dzi\u0119ki wid\u017cetowi Recenzje mo\u017cesz zaprezentowa\u0107 swoje najbardziej zapadaj\u0105ce w pami\u0119\u0107 recenzje z Google, Amazon, Airbnb, Facebooka i innych najpopularniejszych witryn z recenzjami biznesowymi, zdobywaj\u0105c wi\u0119cej nowych klient\u00f3w.<\/p>\n<p>Zbierz wi\u0119cej recenzji<br>Kusz\u0105cy przycisk \u201eOpublikuj recenzj\u0119\u201d sprawi, \u017ce wi\u0119cej os\u00f3b kliknie, aby podzieli\u0107 si\u0119 swoimi przemy\u015bleniami na temat Twoich produkt\u00f3w i us\u0142ug, co prze\u0142o\u017cy si\u0119 na najwy\u017csz\u0105 mo\u017cliw\u0105 ocen\u0119 klient\u00f3w.<\/p>\n<p>Ogranicz negatywne recenzje<br>Wtyczka Opinie klient\u00f3w sugeruje wiele opcji filtrowania, kt\u00f3re dadz\u0105 Ci mo\u017cliwo\u015b\u0107 wy\u015bwietlania negatywnych recenzji, wy\u015bwietlaj\u0105c tylko te pozytywne.<\/p>\n<\/div>\n\n<div class=\"application-platform-content-item-features application-platform-content-item\" id=\"features\" data-nav-section=\"features\">\n<h2>Oferujemy zaawansowane i nieskomplikowane funkcje, sprawd\u017a niekt\u00f3re z nich:<\/h2>\n<ul>\n    <li>Prze\u0142\u0105czany nag\u0142\u00f3wek wid\u017cetu<\/li>\n    <li>Opcja dodania przycisku \u017c\u0105dania przekierowuj\u0105cego na Twojej stronie<\/li>\n    <li>Doskona\u0142a stylizacja w zasi\u0119gu jednego klikni\u0119cia<\/li>\n    <li>Elementy interfejsu, kt\u00f3re mo\u017cna malowa\u0107<\/li>\n    <li>Maksymalna liczba szczeg\u00f3\u0142\u00f3w w celu budowania zaufania<\/li>\n<\/ul>\n<p><a href=\"#demo\">Mo\u017cesz poczu\u0107, ile wart jest wid\u017cet, korzystaj\u0105c z wersji demonstracyjnej<\/a><\/p>\n<\/div>\n\n<div class=\"application-platform-content-item-installation application-platform-content-item\" id=\"installation\" data-nav-section=\"installation\"><\/div>\n<h2>Jak mog\u0119 doda\u0107 recenzje typu \u201ewszystko w jednym\u201d do mojej strony internetowej Bloggera?<\/h2>\n<p>Wystarczy wykona\u0107 kilka krok\u00f3w przedstawionych poni\u017cej, aby zintegrowa\u0107 narz\u0119dzie.<\/p>\n<ol>\n    <li>Zarz\u0105dzaj nasz\u0105 bezp\u0142atn\u0105 wersj\u0105 demonstracyjn\u0105 i zacznij tworzy\u0107 w\u0142asny wid\u017cet.\n        <br>Znajd\u017a preferowan\u0105 form\u0119 i funkcjonalno\u015b\u0107 wtyczki i zastosuj modyfikacje.<\/li>\n    <li>Skopiuj indywidualny kod pojawiaj\u0105cy si\u0119 w oknie aplikacji Elfsight.\n        <br>Po zako\u0144czeniu konfiguracji wid\u017cetu skopiuj indywidualny kod z wy\u015bwietlonego wyskakuj\u0105cego okienka i zapisz go na przysz\u0142o\u015b\u0107.<\/li>\n    <li>Zainicjuj korzystanie z wtyczki na swojej stronie g\u0142\u00f3wnej Bloggera.\n        <br>Dodaj ostatnio zapisany kod do swojej strony i zapisz zmiany.<\/li>\n    <li>Konfiguracja zosta\u0142a w pe\u0142ni przeprowadzona.\n        <br>Odwied\u017a swoj\u0105 stron\u0119 internetow\u0105, aby sprawdzi\u0107 dzia\u0142anie narz\u0119dzia.<\/li>\n<\/ol>\n<p>Je\u015bli napotkasz jakiekolwiek problemy, nie wahaj si\u0119 i zwr\u00f3\u0107 si\u0119 do naszego zespo\u0142u wsparcia. Nasi ludzie z przyjemno\u015bci\u0105 rozwi\u0105\u017c\u0105 wszystkie problemy, jakie mo\u017cesz napotka\u0107 w zwi\u0105zku z tym narz\u0119dziem.<\/p>\n\n<div class=\"faq\" data-component=\"FAQ\">\n    <div class=\"faq-item\">\r\n\t\t\t\t\t<div class=\"faq-item-question\">\r\n\t\t\t\t\t\t<h3 class=\"faq-item-question-text\">Jak mog\u0119 doda\u0107 recenzje typu \u201ewszystko w jednym\u201d do mojej witryny w serwisie Blogger bez umiej\u0119tno\u015bci kodowania?<\/h3>\r\n\r\n\t\t\t\t\t\t<div class=\"faq-item-question-icon\"><\/div>\r\n\t\t\t\t\t<\/div>\r\n\r\n\t\t\t\t\t<div class=\"faq-item-answer\">\r\n\t\t\t\t\t\t<div class=\"faq-item-answer-text\">\n    <p>Elfsight zapewnia rozwi\u0105zanie SaaS, kt\u00f3re umo\u017cliwia utworzenie urz\u0105dzenia typu \u201ewszystko w jednym\u201d Sam wid\u017cet Recenzje, przekonaj si\u0119, jak \u0142atwy jest ten proces: Pracuj bezpo\u015brednio w edytorze online, aby utworzy\u0107 kompleksowy wid\u017cet Recenzje, kt\u00f3ry chcesz widzie\u0107 w swojej witrynie Bloggera. Wybierz jeden z gotowych szablon\u00f3w i dostosuj ustawienia Recenzji All-in-one, dodaj swoj\u0105 tre\u015b\u0107, zmie\u0144 uk\u0142ad i kolor element\u00f3w bez umiej\u0119tno\u015bci kodowania. Zapisz recenzje All-in-one i skopiuj ich kod instalacyjny, kt\u00f3ry mo\u017cesz \u0142atwo umie\u015bci\u0107 na swojej stronie Bloggera bez kupowania p\u0142atnego planu. Dzi\u0119ki naszemu intuicyjnemu edytorowi ka\u017cdy u\u017cytkownik Internetu mo\u017ce utworzy\u0107 wid\u017cet \u201eWszystkie recenzje\u201d online i \u0142atwo osadzi\u0107 go na swojej stronie Bloggera. Aby uzyska\u0107 dost\u0119p do us\u0142ugi, nie trzeba p\u0142aci\u0107 ani wprowadza\u0107 danych uwierzytelniaj\u0105cych karty. Je\u015bli na kt\u00f3rymkolwiek etapie napotkasz jakiekolwiek problemy, skontaktuj si\u0119 z naszym zespo\u0142em pomocy technicznej.<\/p>\n    <\/div>\r\n\t\t\t\t\t<\/div>\r\n\t\t\t\t<\/div>\n<\/div>","protected":false},"excerpt":{"rendered":"Jak mog\u0119 doda\u0107 recenzje typu \u201ewszystko w jednym\u201d do mojej strony internetowej Bloggera? Wystarczy wykona\u0107 kilka krok\u00f3w przedstawionych poni\u017cej, aby zintegrowa\u0107 narz\u0119dzie. Zarz\u0105dzaj nasz\u0105 bezp\u0142atn\u0105 wersj\u0105 demonstracyjn\u0105 i zacznij tworzy\u0107 w\u0142asny wid\u017cet. Znajd\u017a preferowan\u0105 form\u0119 i funkcjonalno\u015b\u0107 wtyczki i zastosuj modyfikacje. Skopiuj indywidualny kod pojawiaj\u0105cy si\u0119 w oknie aplikacji Elfsight&#8230;.","protected":false},"author":9,"featured_media":0,"parent":711,"menu_order":0,"comment_status":"closed","ping_status":"closed","template":"templates\/template-application-platform.php","meta":{"publish_to_discourse":"","publish_post_category":"","wpdc_auto_publish_overridden":"","wpdc_topic_tags":"","wpdc_pin_topic":"","wpdc_pin_until":"","discourse_post_id":"","discourse_permalink":"","wpdc_publishing_response":"","wpdc_publishing_error":"","footnotes":""},"class_list":["post-4080","page","type-page","status-publish","hentry"],"yoast_head":"<!-- This site is optimized with the Yoast SEO plugin v25.3.1 - https:\/\/yoast.com\/wordpress\/plugins\/seo\/ -->\n<title>Dodaj responsywny wid\u017cet Recenzje typu \u201ewszystko w jednym\u201d do swojej witryny Bloggera<\/title>\n<meta name=\"description\" content=\"Umie\u015b\u0107 responsywny wid\u017cet Recenzje w swojej witrynie Bloggera i zdob\u0105d\u017a pe\u0142ne zaufanie. Skorzystaj z przydatnej wersji demonstracyjnej Elfsight, aby stworzy\u0107 swoj\u0105 unikaln\u0105 funkcj\u0119.\" \/>\n<meta name=\"robots\" content=\"index, follow, max-snippet:-1, max-image-preview:large, max-video-preview:-1\" \/>\n<link rel=\"canonical\" href=\"https:\/\/elfsight.com\/pl\/all-in-one-reviews-widget\/blogger\/\" \/>\n<meta property=\"og:locale\" content=\"pl_PL\" \/>\n<meta property=\"og:type\" content=\"article\" \/>\n<meta property=\"og:title\" content=\"Dodaj responsywny wid\u017cet Recenzje typu \u201ewszystko w jednym\u201d do swojej witryny Bloggera\" \/>\n<meta property=\"og:description\" content=\"Umie\u015b\u0107 responsywny wid\u017cet Recenzje w swojej witrynie Bloggera i zdob\u0105d\u017a pe\u0142ne zaufanie. Skorzystaj z przydatnej wersji demonstracyjnej Elfsight, aby stworzy\u0107 swoj\u0105 unikaln\u0105 funkcj\u0119.\" \/>\n<meta property=\"og:url\" content=\"https:\/\/elfsight.com\/pl\/all-in-one-reviews-widget\/blogger\/\" \/>\n<meta property=\"og:site_name\" content=\"Elfsight PL\" \/>\n<meta property=\"article:modified_time\" content=\"2025-06-24T09:17:53+00:00\" \/>\n<meta name=\"twitter:card\" content=\"summary_large_image\" \/>\n<!-- \/ Yoast SEO plugin. -->","yoast_head_json":{"title":"Dodaj responsywny wid\u017cet Recenzje typu \u201ewszystko w jednym\u201d do swojej witryny Bloggera","description":"Umie\u015b\u0107 responsywny wid\u017cet Recenzje w swojej witrynie Bloggera i zdob\u0105d\u017a pe\u0142ne zaufanie. Skorzystaj z przydatnej wersji demonstracyjnej Elfsight, aby stworzy\u0107 swoj\u0105 unikaln\u0105 funkcj\u0119.","robots":{"index":"index","follow":"follow","max-snippet":"max-snippet:-1","max-image-preview":"max-image-preview:large","max-video-preview":"max-video-preview:-1"},"canonical":"https:\/\/elfsight.com\/pl\/all-in-one-reviews-widget\/blogger\/","og_locale":"pl_PL","og_type":"article","og_title":"Dodaj responsywny wid\u017cet Recenzje typu \u201ewszystko w jednym\u201d do swojej witryny Bloggera","og_description":"Umie\u015b\u0107 responsywny wid\u017cet Recenzje w swojej witrynie Bloggera i zdob\u0105d\u017a pe\u0142ne zaufanie. Skorzystaj z przydatnej wersji demonstracyjnej Elfsight, aby stworzy\u0107 swoj\u0105 unikaln\u0105 funkcj\u0119.","og_url":"https:\/\/elfsight.com\/pl\/all-in-one-reviews-widget\/blogger\/","og_site_name":"Elfsight PL","article_modified_time":"2025-06-24T09:17:53+00:00","twitter_card":"summary_large_image","schema":{"@context":"https:\/\/schema.org","@graph":[{"@type":"WebPage","@id":"https:\/\/elfsight.com\/pl\/all-in-one-reviews-widget\/blogger\/","url":"https:\/\/elfsight.com\/pl\/all-in-one-reviews-widget\/blogger\/","name":"Dodaj responsywny wid\u017cet Recenzje typu \u201ewszystko w jednym\u201d do swojej witryny Bloggera","isPartOf":{"@id":"https:\/\/elfsight.com\/pl\/#website"},"datePublished":"2024-05-03T06:27:26+00:00","dateModified":"2025-06-24T09:17:53+00:00","description":"Umie\u015b\u0107 responsywny wid\u017cet Recenzje w swojej witrynie Bloggera i zdob\u0105d\u017a pe\u0142ne zaufanie. Skorzystaj z przydatnej wersji demonstracyjnej Elfsight, aby stworzy\u0107 swoj\u0105 unikaln\u0105 funkcj\u0119.","breadcrumb":{"@id":"https:\/\/elfsight.com\/pl\/all-in-one-reviews-widget\/blogger\/#breadcrumb"},"inLanguage":"pl-PL","potentialAction":[{"@type":"ReadAction","target":["https:\/\/elfsight.com\/pl\/all-in-one-reviews-widget\/blogger\/"]}]},{"@type":"BreadcrumbList","@id":"https:\/\/elfsight.com\/pl\/all-in-one-reviews-widget\/blogger\/#breadcrumb","itemListElement":[{"@type":"ListItem","position":1,"name":"Home","item":"https:\/\/elfsight.com\/pl\/"},{"@type":"ListItem","position":2,"name":"All-in-One Reviews","item":"https:\/\/elfsight.com\/pl\/all-in-one-reviews-widget\/"},{"@type":"ListItem","position":3,"name":"All-in-One Reviews &#8211; Blogger"}]},{"@type":"WebSite","@id":"https:\/\/elfsight.com\/pl\/#website","url":"https:\/\/elfsight.com\/pl\/","name":"Elfsight PL","description":"Just another Elfsight Sites site","potentialAction":[{"@type":"SearchAction","target":{"@type":"EntryPoint","urlTemplate":"https:\/\/elfsight.com\/pl\/?s={search_term_string}"},"query-input":{"@type":"PropertyValueSpecification","valueRequired":true,"valueName":"search_term_string"}}],"inLanguage":"pl-PL"}]}},"meta_box":{"industry":"","seo_heading":"","heading":"","description":"","cta_heading":"","cta_description":"","application":"710","h1":"Wid\u017cet All-in-One z recenzjami Bloggera","h1_caption":"Zbieraj i prezentuj recenzje z wielu platform, takich jak Google, Facebook i Yelp, w jednym wid\u017cecie, aby bez wysi\u0142ku budowa\u0107 zaufanie i wiarygodno\u015b\u0107 swojej witryny Bloggera.","application_category":[],"applications_title":"","applications_request_title":"","applications_request_button_text":"","hero_text":"","hero_video":"","hero_video_schema_markup":"","selling_points_title":"","selling_points_caption":"","selling_points":[],"selling_points_cta_text":"","features_title":"","features":"","ed_cta_examples_text":"","ed_cta_examples_hidden":"","ed_cta_demo_text":"","ed_cta_demo_hidden":"","why_caption":"","why_editor_title":"","why_editor_text":"","why_team_title":"","why_team_text":"","why_service_title":"","why_service_text":"","template_catalog_visible":"0","template_catalog_title":"","template_catalog_text":"","template_catalog_categories_visible":"","demo_title":"Utw\u00f3rz wid\u017cet Recenzje typu \u201ewszystko w jednym\u201d.","demo_caption":"Skonfiguruj recenzje All-in-One i dodaj je do swojej witryny Bloggera za darmo!","default_faq_hidden":"","app_template_category":[],"platform":"44","template_public_id":"","codecanyon_url":"","codecanyon_item_id":"","codecanyon_price":"","pricing_caption":"","pricing_elfsight_apps_hide_column":"","pricing_elfsight_apps_url":"","pricing_codecanyon_price_caption":"","integration_category":[],"integration_request_title":"","integration_request_cta":"","integration_platform":"","integrations":[],"platform_category":[],"video_schema_markup":"","price":"od 0 USD \/ miesi\u0105c","trial":"","benefits":[{"text":"Bezp\u0142atna pomoc w monta\u017cu"},{"text":"Profesjonalna obs\u0142uga klienta"},{"text":"14-dniowa gwarancja zwrotu pieni\u0119dzy"}],"button_url":"#demo","button_target_blank":"0","button_nofollow":"0","attributes":[{"name":"Instaluje"},{"name":"Czu\u0142y"},{"name":"Kompatybilne przegl\u0105darki"}],"tags":[],"tags_disable_links":"0","hide_more_platforms":"0","video_object":"","demo_hide_cta":"0","demo_hide_cloud_options":"0","pricing_title":"","pricing":[{"pricing_icon":"platform","pricing_title":"Elfsight Apps","pricing_title_caption":"Rozwi\u0105zanie wieloplatformowe","pricing_price":"od 0 USD \/ miesi\u0105c","pricing_price_caption":"zacznij od bezp\u0142atnego planu","pricing_benefits":[{"text":"Nielimitowane strony internetowe"},{"text":"Szybka obs\u0142uga klienta"},{"text":"Bezp\u0142atne wsparcie przy instalacji"},{"text":"100% konfigurowalny"}],"pricing_button_text":"Dodaj do witryny","pricing_button_url":"#demo"}],"related_apps_title":"","related_apps_hidden":"0","author":"","image":[],"title":"","job":"","social_networks":[]},"_links":{"self":[{"href":"https:\/\/elfsight.com\/pl\/wp-json\/wp\/v2\/pages\/4080","targetHints":{"allow":["GET"]}}],"collection":[{"href":"https:\/\/elfsight.com\/pl\/wp-json\/wp\/v2\/pages"}],"about":[{"href":"https:\/\/elfsight.com\/pl\/wp-json\/wp\/v2\/types\/page"}],"author":[{"embeddable":true,"href":"https:\/\/elfsight.com\/pl\/wp-json\/wp\/v2\/users\/9"}],"replies":[{"embeddable":true,"href":"https:\/\/elfsight.com\/pl\/wp-json\/wp\/v2\/comments?post=4080"}],"version-history":[{"count":2,"href":"https:\/\/elfsight.com\/pl\/wp-json\/wp\/v2\/pages\/4080\/revisions"}],"predecessor-version":[{"id":10393,"href":"https:\/\/elfsight.com\/pl\/wp-json\/wp\/v2\/pages\/4080\/revisions\/10393"}],"up":[{"embeddable":true,"href":"https:\/\/elfsight.com\/pl\/wp-json\/wp\/v2\/pages\/711"}],"wp:attachment":[{"href":"https:\/\/elfsight.com\/pl\/wp-json\/wp\/v2\/media?parent=4080"}],"curies":[{"name":"wp","href":"https:\/\/api.w.org\/{rel}","templated":true}]}}