{"id":4079,"date":"2024-05-03T06:27:25","date_gmt":"2024-05-03T06:27:25","guid":{"rendered":"https:\/\/elfsight.com\/pl\/?page_id=4079"},"modified":"2025-06-24T09:19:05","modified_gmt":"2025-06-24T09:19:05","slug":"drupal","status":"publish","type":"page","link":"https:\/\/elfsight.com\/pl\/all-in-one-reviews-widget\/drupal\/","title":{"rendered":"All-in-One Reviews &#8211; Drupal"},"content":{"rendered":"<div class=\"application-platform-content-item-description application-platform-content-item\" id=\"description\" data-nav-section=\"description\">\n<h2>Opis<\/h2>\n<p>Elfsight All-in-One Recenzje to przydatny modu\u0142 dla Drupala daj\u0105cy mo\u017cliwo\u015b\u0107 pokazania wszystkich recenzji na temat Twojej firmy bezpo\u015brednio na Twojej stronie internetowej ze wszystkich popularnych witryn z recenzjami biznesowymi. Korzystaj\u0105c z naszego wid\u017cetu, b\u0119dziesz m\u00f3g\u0142 u\u017cywa\u0107 filtr\u00f3w do ukrywania niechcianych komentarzy, chwali\u0107 si\u0119 swoj\u0105 ocen\u0105 i liczb\u0105 ocen ze swojego profilu na dowolnej stronie z recenzjami, do\u0142\u0105cza\u0107 informacje o autorach referencji i do\u0142\u0105cza\u0107 fascynuj\u0105cy przycisk CTA, kt\u00f3ry przyci\u0105gnie u\u017cytkownik\u00f3w, aby opublikowa\u0107 nowy komentarz. Nasz wid\u017cet Recenzje pomo\u017ce Ci zaprezentowa\u0107 sw\u00f3j wspania\u0142y dow\u00f3d spo\u0142eczno\u015bciowy na swojej stronie internetowej i zwi\u0119kszy\u0107 sprzeda\u017c.<\/p>\n<p>Opinie z Facebooka, Google, Amazon, Airbnb i wielu innych witryn z recenzjami biznesowymi w jednym wid\u017cecie, aby zapewni\u0107 najwy\u017cszy mo\u017cliwy wsp\u00f3\u0142czynnik konwersji i wiarygodno\u015b\u0107 klienta!<\/p>\n<ul>\n    <li>Podnie\u015b swoj\u0105 sprzeda\u017c, stosuj\u0105c dow\u00f3d spo\u0142eczny<br>Dzi\u0119ki modu\u0142owi Recenzje zaprezentujesz swoje pierwszorz\u0119dne recenzje z Google, Facebooka, Airbnb, Amazon i innych popularnych witryn z recenzjami biznesowymi, zyskuj\u0105c wi\u0119cej nowych klient\u00f3w.<\/li>\n    <li>Uzyskaj wi\u0119cej opinii<br>N\u0119tny przycisk \u201eOpublikuj recenzj\u0119\u201d zmotywuje ludzi do klikni\u0119cia, aby podzieli\u0107 si\u0119 swoimi przemy\u015bleniami na temat Twoich produkt\u00f3w i us\u0142ug, co prze\u0142o\u017cy si\u0119 na maksymaln\u0105 ocen\u0119 klient\u00f3w.<\/li>\n    <li>Mniej negatywnych recenzji<br>Wtyczka \u201eOpinie klient\u00f3w\u201d udost\u0119pnia wiele mo\u017cliwo\u015bci filtrowania, dzi\u0119ki kt\u00f3rym mo\u017cesz wstrzymywa\u0107 negatywne recenzje i wy\u015bwietla\u0107 tylko te korzystne.<\/li>\n<\/ul>\n<\/div>\n\n<div class=\"application-platform-content-item-features application-platform-content-item\" id=\"features\" data-nav-section=\"features\">\n<h2>Oferujemy zaawansowane i nieskomplikowane funkcje, sprawd\u017a niekt\u00f3re z nich:<\/h2>\n<ul>\n    <li>Prze\u0142\u0105czany nag\u0142\u00f3wek modu\u0142u<\/li>\n    <li>\u201dNapisz recenzj\u0119\u201d przycisk do przekierowania na Twoj\u0105 stron\u0119<\/li>\n    <li>Doskona\u0142a stylizacja w zasi\u0119gu jednego klikni\u0119cia<\/li>\n    <li>Elementy interfejsu, kt\u00f3re mo\u017cna malowa\u0107<\/li>\n    <li>Maksymalna liczba szczeg\u00f3\u0142\u00f3w zapewniaj\u0105cych budowanie pewno\u015bci siebie<\/li>\n<\/ul>\n<p><a href=\"#demo\">Mo\u017cesz poczu\u0107, jak dzia\u0142a widget, wypr\u00f3bowuj\u0105c wersj\u0119 demonstracyjn\u0105<\/a><\/p>\n<\/div>\n\n<div class=\"application-platform-content-item-installation application-platform-content-item\" id=\"installation\" data-nav-section=\"installation\">\n<h2>Jak mog\u0119 osadzi\u0107 recenzje All-in-One na mojej stronie internetowej Drupal?<\/h2>\n<p>Wystarczy wykona\u0107 poni\u017csze wskaz\u00f3wki, aby zintegrowa\u0107 modu\u0142.<\/p>\n<ol>\n    <li>Zarz\u0105dzaj naszym bezp\u0142atnym konfiguratorem i zacznij kszta\u0142towa\u0107 sw\u00f3j niestandardowy modu\u0142.\n        <br>Wybierz wybrany wygl\u0105d i funkcjonalno\u015b\u0107 modu\u0142u oraz zastosuj wszystkie modyfikacje.<\/li>\n    <li>Zdob\u0105d\u017a sw\u00f3j osobisty kod ujawniony w specjalnym formularzu w aplikacjach Elfsight.\n        <br>Po zako\u0144czeniu konfiguracji modu\u0142u skopiuj ekskluzywny kod z wyskakuj\u0105cego okienka i zapisz go na p\u00f3\u017aniej.<\/li>\n    <li>Rozpocznij korzystanie z modu\u0142u na swojej stronie Drupal.\n        <br>Wprowad\u017a kod zapisany wcze\u015bniej na swojej stronie internetowej i zastosuj zmiany.<\/li>\n    <li>Gotowe! Osadzanie zosta\u0142o w pe\u0142ni zako\u0144czone.\n        <br>Przejd\u017a na swoj\u0105 stron\u0119 internetow\u0105, aby sprawdzi\u0107, jak dzia\u0142a modu\u0142.<\/li>\n<\/ol>\n<p>Je\u015bli napotkasz pewne komplikacje, nie b\u00f3j si\u0119 zwr\u00f3ci\u0107 si\u0119 do naszego personelu pomocniczego. Nasi ludzie ch\u0119tnie odpowiedz\u0105 na wszystkie pytania dotycz\u0105ce tego narz\u0119dzia.<\/p>\n\n<div class=\"faq\" data-component=\"FAQ\">\n    <div class=\"faq-item\">\r\n\t\t\t\t\t<div class=\"faq-item-question\">\r\n\t\t\t\t\t\t<h3 class=\"faq-item-question-text\">Jak doda\u0107 kompleksowe recenzje do mojej witryny Drupal bez umiej\u0119tno\u015bci kodowania?<\/h3>\r\n\r\n\t\t\t\t\t\t<div class=\"faq-item-question-icon\"><\/div>\r\n\t\t\t\t\t<\/div>\r\n\r\n\t\t\t\t\t<div class=\"faq-item-answer\">\r\n\t\t\t\t\t\t<div class=\"faq-item-answer-text\">\n    <p>Elfsight zapewnia rozwi\u0105zanie SaaS, kt\u00f3re umo\u017cliwia tworzenie kompleksowych recenzji samodzielnie wid\u017cet, przekonaj si\u0119, jak \u0142atwy jest ten proces: Pracuj bezpo\u015brednio w edytorze online, aby utworzy\u0107 wid\u017cet Recenzje typu \u201ewszystko w jednym\u201d, kt\u00f3ry chcia\u0142by\u015b zobaczy\u0107 na swojej stronie Drupal. Wybierz jeden z gotowych szablon\u00f3w i dostosuj ustawienia Recenzji All-in-one, dodaj tre\u015b\u0107, zmie\u0144 uk\u0142ad i schemat kolor\u00f3w bez umiej\u0119tno\u015bci kodowania. Zapisz recenzje All-in-one i skopiuj jego kod instalacyjny, kt\u00f3ry mo\u017cesz \u0142atwo doda\u0107 na swojej stronie Drupal, bez konieczno\u015bci kupowania p\u0142atnego planu. Dzi\u0119ki naszemu intuicyjnemu Edytorowi ka\u017cdy u\u017cytkownik Internetu mo\u017ce stworzy\u0107 wid\u017cet Recenzje typu \u201ewszystko w jednym\u201d online i \u0142atwo osadzi\u0107 go na swojej stronie Drupal. Aby uzyska\u0107 dost\u0119p do us\u0142ugi, nie trzeba p\u0142aci\u0107 ani wprowadza\u0107 danych uwierzytelniaj\u0105cych karty. Je\u015bli na kt\u00f3rymkolwiek etapie napotkasz jakiekolwiek problemy, skontaktuj si\u0119 z naszym zespo\u0142em pomocy technicznej.<\/p>\n    <\/div>\r\n\t\t\t\t\t<\/div>\r\n\t\t\t\t<\/div>\n<\/div>\n<\/div>","protected":false},"excerpt":{"rendered":"","protected":false},"author":9,"featured_media":0,"parent":711,"menu_order":0,"comment_status":"closed","ping_status":"closed","template":"templates\/template-application-platform.php","meta":{"publish_to_discourse":"","publish_post_category":"","wpdc_auto_publish_overridden":"","wpdc_topic_tags":"","wpdc_pin_topic":"","wpdc_pin_until":"","discourse_post_id":"","discourse_permalink":"","wpdc_publishing_response":"","wpdc_publishing_error":"","footnotes":""},"class_list":["post-4079","page","type-page","status-publish","hentry"],"yoast_head":"<!-- This site is optimized with the Yoast SEO plugin v25.3.1 - https:\/\/yoast.com\/wordpress\/plugins\/seo\/ -->\n<title>Dodaj responsywny modu\u0142 All-in-One Reviews do swojej witryny Drupal<\/title>\n<meta name=\"description\" content=\"Umie\u015b\u0107 responsywny modu\u0142 All-in-One Reviews na swojej stronie Drupal i zdob\u0105d\u017a pe\u0142ne zaufanie. Zastosuj wersj\u0119 demonstracyjn\u0105 Elfsight, aby zbudowa\u0107 swoj\u0105 unikaln\u0105 funkcj\u0119.\" \/>\n<meta name=\"robots\" content=\"index, follow, max-snippet:-1, max-image-preview:large, max-video-preview:-1\" \/>\n<link rel=\"canonical\" href=\"https:\/\/elfsight.com\/pl\/all-in-one-reviews-widget\/drupal\/\" \/>\n<meta property=\"og:locale\" content=\"pl_PL\" \/>\n<meta property=\"og:type\" content=\"article\" \/>\n<meta property=\"og:title\" content=\"Dodaj responsywny modu\u0142 All-in-One Reviews do swojej witryny Drupal\" \/>\n<meta property=\"og:description\" content=\"Umie\u015b\u0107 responsywny modu\u0142 All-in-One Reviews na swojej stronie Drupal i zdob\u0105d\u017a pe\u0142ne zaufanie. Zastosuj wersj\u0119 demonstracyjn\u0105 Elfsight, aby zbudowa\u0107 swoj\u0105 unikaln\u0105 funkcj\u0119.\" \/>\n<meta property=\"og:url\" content=\"https:\/\/elfsight.com\/pl\/all-in-one-reviews-widget\/drupal\/\" \/>\n<meta property=\"og:site_name\" content=\"Elfsight PL\" \/>\n<meta property=\"article:modified_time\" content=\"2025-06-24T09:19:05+00:00\" \/>\n<meta name=\"twitter:card\" content=\"summary_large_image\" \/>\n<meta name=\"twitter:label1\" content=\"Szacowany czas czytania\" \/>\n\t<meta name=\"twitter:data1\" content=\"4 minuty\" \/>\n<!-- \/ Yoast SEO plugin. -->","yoast_head_json":{"title":"Dodaj responsywny modu\u0142 All-in-One Reviews do swojej witryny Drupal","description":"Umie\u015b\u0107 responsywny modu\u0142 All-in-One Reviews na swojej stronie Drupal i zdob\u0105d\u017a pe\u0142ne zaufanie. Zastosuj wersj\u0119 demonstracyjn\u0105 Elfsight, aby zbudowa\u0107 swoj\u0105 unikaln\u0105 funkcj\u0119.","robots":{"index":"index","follow":"follow","max-snippet":"max-snippet:-1","max-image-preview":"max-image-preview:large","max-video-preview":"max-video-preview:-1"},"canonical":"https:\/\/elfsight.com\/pl\/all-in-one-reviews-widget\/drupal\/","og_locale":"pl_PL","og_type":"article","og_title":"Dodaj responsywny modu\u0142 All-in-One Reviews do swojej witryny Drupal","og_description":"Umie\u015b\u0107 responsywny modu\u0142 All-in-One Reviews na swojej stronie Drupal i zdob\u0105d\u017a pe\u0142ne zaufanie. Zastosuj wersj\u0119 demonstracyjn\u0105 Elfsight, aby zbudowa\u0107 swoj\u0105 unikaln\u0105 funkcj\u0119.","og_url":"https:\/\/elfsight.com\/pl\/all-in-one-reviews-widget\/drupal\/","og_site_name":"Elfsight PL","article_modified_time":"2025-06-24T09:19:05+00:00","twitter_card":"summary_large_image","twitter_misc":{"Szacowany czas czytania":"4 minuty"},"schema":{"@context":"https:\/\/schema.org","@graph":[{"@type":"WebPage","@id":"https:\/\/elfsight.com\/pl\/all-in-one-reviews-widget\/drupal\/","url":"https:\/\/elfsight.com\/pl\/all-in-one-reviews-widget\/drupal\/","name":"Dodaj responsywny modu\u0142 All-in-One Reviews do swojej witryny Drupal","isPartOf":{"@id":"https:\/\/elfsight.com\/pl\/#website"},"datePublished":"2024-05-03T06:27:25+00:00","dateModified":"2025-06-24T09:19:05+00:00","description":"Umie\u015b\u0107 responsywny modu\u0142 All-in-One Reviews na swojej stronie Drupal i zdob\u0105d\u017a pe\u0142ne zaufanie. Zastosuj wersj\u0119 demonstracyjn\u0105 Elfsight, aby zbudowa\u0107 swoj\u0105 unikaln\u0105 funkcj\u0119.","breadcrumb":{"@id":"https:\/\/elfsight.com\/pl\/all-in-one-reviews-widget\/drupal\/#breadcrumb"},"inLanguage":"pl-PL","potentialAction":[{"@type":"ReadAction","target":["https:\/\/elfsight.com\/pl\/all-in-one-reviews-widget\/drupal\/"]}]},{"@type":"BreadcrumbList","@id":"https:\/\/elfsight.com\/pl\/all-in-one-reviews-widget\/drupal\/#breadcrumb","itemListElement":[{"@type":"ListItem","position":1,"name":"Home","item":"https:\/\/elfsight.com\/pl\/"},{"@type":"ListItem","position":2,"name":"All-in-One Reviews","item":"https:\/\/elfsight.com\/pl\/all-in-one-reviews-widget\/"},{"@type":"ListItem","position":3,"name":"All-in-One Reviews &#8211; Drupal"}]},{"@type":"WebSite","@id":"https:\/\/elfsight.com\/pl\/#website","url":"https:\/\/elfsight.com\/pl\/","name":"Elfsight PL","description":"Just another Elfsight Sites site","potentialAction":[{"@type":"SearchAction","target":{"@type":"EntryPoint","urlTemplate":"https:\/\/elfsight.com\/pl\/?s={search_term_string}"},"query-input":{"@type":"PropertyValueSpecification","valueRequired":true,"valueName":"search_term_string"}}],"inLanguage":"pl-PL"}]}},"meta_box":{"industry":"","seo_heading":"","heading":"","description":"","cta_heading":"","cta_description":"","application":"710","h1":"Modu\u0142 Drupal All-in-One Recenzje","h1_caption":"Zbieraj i prezentuj recenzje z wielu platform, takich jak Google, Facebook i Yelp, w jednym module, aby bez wysi\u0142ku budowa\u0107 zaufanie i wiarygodno\u015b\u0107 swojej witryny Drupal.","application_category":[],"applications_title":"","applications_request_title":"","applications_request_button_text":"","hero_text":"","hero_video":"","hero_video_schema_markup":"","selling_points_title":"","selling_points_caption":"","selling_points":[],"selling_points_cta_text":"","features_title":"","features":"","ed_cta_examples_text":"","ed_cta_examples_hidden":"","ed_cta_demo_text":"","ed_cta_demo_hidden":"","why_caption":"","why_editor_title":"","why_editor_text":"","why_team_title":"","why_team_text":"","why_service_title":"","why_service_text":"","template_catalog_visible":"0","template_catalog_title":"","template_catalog_text":"","template_catalog_categories_visible":"","demo_title":"Utw\u00f3rz modu\u0142 recenzji All-in-One","demo_caption":"Skonfiguruj swoje recenzje All-in-One i dodaj je do swojej witryny Drupal za darmo!","default_faq_hidden":"","app_template_category":[],"platform":"47","template_public_id":"","codecanyon_url":"","codecanyon_item_id":"","codecanyon_price":"","pricing_caption":"","pricing_elfsight_apps_hide_column":"","pricing_elfsight_apps_url":"","pricing_codecanyon_price_caption":"","integration_category":[],"integration_request_title":"","integration_request_cta":"","integration_platform":"","integrations":[],"platform_category":[],"video_schema_markup":"","price":"od 0 USD \/ miesi\u0105c","trial":"","benefits":[{"text":"Bezp\u0142atna pomoc w monta\u017cu"},{"text":"Do\u015bwiadczona obs\u0142uga klienta"},{"text":"14-dniowa gwarancja zwrotu pieni\u0119dzy"}],"button_url":"#demo","button_target_blank":"0","button_nofollow":"0","attributes":[{"name":"Instaluje"},{"name":"Czu\u0142y"},{"name":"Kompatybilne przegl\u0105darki"}],"tags":[],"tags_disable_links":"0","hide_more_platforms":"0","video_object":"","demo_hide_cta":"0","demo_hide_cloud_options":"0","pricing_title":"","pricing":[{"pricing_icon":"platform","pricing_title":"Elfsight Apps","pricing_title_caption":"Oprogramowanie wieloplatformowe, kt\u00f3re dzia\u0142a na dowolnej stronie internetowej","pricing_price":"od 0 USD \/ miesi\u0105c","pricing_price_caption":"zacznij od bezp\u0142atnego planu","pricing_benefits":[{"text":"Nielimitowane strony internetowe"},{"text":"Szybka pomoc i dobrze udokumentowana"},{"text":"Bezp\u0142atna pomoc w monta\u017cu"},{"text":"Specjalna cena za wiele aplikacji"}],"pricing_button_text":"Dodaj do witryny","pricing_button_url":"#demo"}],"related_apps_title":"","related_apps_hidden":"0","author":"","image":[],"title":"","job":"","social_networks":[]},"_links":{"self":[{"href":"https:\/\/elfsight.com\/pl\/wp-json\/wp\/v2\/pages\/4079","targetHints":{"allow":["GET"]}}],"collection":[{"href":"https:\/\/elfsight.com\/pl\/wp-json\/wp\/v2\/pages"}],"about":[{"href":"https:\/\/elfsight.com\/pl\/wp-json\/wp\/v2\/types\/page"}],"author":[{"embeddable":true,"href":"https:\/\/elfsight.com\/pl\/wp-json\/wp\/v2\/users\/9"}],"replies":[{"embeddable":true,"href":"https:\/\/elfsight.com\/pl\/wp-json\/wp\/v2\/comments?post=4079"}],"version-history":[{"count":2,"href":"https:\/\/elfsight.com\/pl\/wp-json\/wp\/v2\/pages\/4079\/revisions"}],"predecessor-version":[{"id":10394,"href":"https:\/\/elfsight.com\/pl\/wp-json\/wp\/v2\/pages\/4079\/revisions\/10394"}],"up":[{"embeddable":true,"href":"https:\/\/elfsight.com\/pl\/wp-json\/wp\/v2\/pages\/711"}],"wp:attachment":[{"href":"https:\/\/elfsight.com\/pl\/wp-json\/wp\/v2\/media?parent=4079"}],"curies":[{"name":"wp","href":"https:\/\/api.w.org\/{rel}","templated":true}]}}