{"id":4077,"date":"2024-05-03T06:27:23","date_gmt":"2024-05-03T06:27:23","guid":{"rendered":"https:\/\/elfsight.com\/pl\/?page_id=4077"},"modified":"2024-11-14T08:54:50","modified_gmt":"2024-11-14T08:54:50","slug":"elementor","status":"publish","type":"page","link":"https:\/\/elfsight.com\/pl\/all-in-one-reviews-widget\/elementor\/","title":{"rendered":"All-in-One Reviews &#8211; Elementor"},"content":{"rendered":"<div class=\"application-platform-content-item-description application-platform-content-item\" id=\"description\" data-nav-section=\"description\"> <h2>Osadzaj kompleksowe recenzje na Elementorze za pomoc\u0105 wid\u017cetu Elfsight<\/h2> <p>Recenzje Elfsight All-in-One to \u0142atwy w u\u017cyciu widget dla Elementora, dzi\u0119ki kt\u00f3remu mo\u017cesz ujawni\u0107 wszystkie referencje dotycz\u0105ce Twoich ofert bezpo\u015brednio na Twojej stronie ze wszystkich znanych serwis\u00f3w z recenzjami. Korzystaj\u0105c z naszego widgetu, zyskasz mo\u017cliwo\u015b\u0107 u\u017cycia filtr\u00f3w do ukrycia niechcianych komentarzy, ujawnienia swojej oceny i numer\u00f3w ze swojego konta na dowolnej platformie z recenzjami biznesowymi, do\u0142\u0105czenia informacji o tw\u00f3rcach referencji i dodania przekonuj\u0105cego wezwania do przycisk akcji, kt\u00f3ry sk\u0142oni odwiedzaj\u0105cych witryn\u0119 do napisania nowego komentarza. Widget Recenzje Elfsight pomo\u017ce Ci pochwali\u0107 si\u0119 imponuj\u0105cym dowodem spo\u0142eczno\u015bciowym na stronie internetowej i zacz\u0105\u0107 uzyskiwa\u0107 wi\u0119ksz\u0105 sprzeda\u017c. <\/p> <p><b>Opinie z Facebooka, Amazona, Airbnb, Google i wielu innych w jednej wtyczce, aby uzyska\u0107 najwy\u017cszy mo\u017cliwy wsp\u00f3\u0142czynnik konwersji i wiarygodno\u015b\u0107 klienta!<\/b><\/p> <p><b>Zwi\u0119ksz liczba sprzeda\u017cy za pomoc\u0105 dowodu spo\u0142eczno\u015bciowego<\/b><br>Dzi\u0119ki naszej wtyczce Recenzje b\u0119dziesz m\u00f3g\u0142 ujawni\u0107 swoje najbardziej zapadaj\u0105ce w pami\u0119\u0107 recenzje z Google, Airbnb, Facebook, Amazon i innych najwa\u017cniejszych witryn z recenzjami biznesowymi, uzyskuj\u0105c wi\u0119cej nowych klient\u00f3w.<\/p><p><b>Uzyskaj wi\u0119cej opinii<\/b><br>Atrakcyjny przycisk \u201eOpublikuj recenzj\u0119\u201d zainspiruje wi\u0119cej os\u00f3b do klikni\u0119cia i podzielenia si\u0119 przemy\u015bleniami na temat Twoich produkt\u00f3w i us\u0142ug, co przyniesie maksymalne korzy\u015bci ocena klient\u00f3w.<\/p><p><b>Mniej negatywnych opinii<\/b><br>Widget Opinie klient\u00f3w oferuje wiele mo\u017cliwo\u015bci filtrowania, kt\u00f3re pozwol\u0105 Ci ukry\u0107 negatywne recenzje, prezentuj\u0105c tylko korzystne one.<\/div> <div class=\"application-platform-content-item-features application-platform-content-item\" id=\"features\" data-nav-section=\"features\"> <\/p><h2>Oferujemy cenne i \u0142atwe funkcje, oto niekt\u00f3re z nich: <\/h2> <ul><li>Opcja w\u0142\u0105czenia\/ poza nag\u0142\u00f3wkiem wid\u017cetu<\/li><li>Przycisk \u017c\u0105dania sprawdzenia, aby przekierowa\u0107 na Twoj\u0105 stron\u0119<\/li><li>Wyj\u0105tkowa stylizacja na wyci\u0105gni\u0119cie r\u0119ki<\/li><li>Elementy interfejsu wid\u017cetu z mo\u017cliwo\u015bci\u0105 malowania<\/li><li>Maksymalne szczeg\u00f3\u0142y dotycz\u0105ce generowania zaufania<\/li><\/ul><p><a href=\"#demo\">Pe\u0142n\u0105 funkcjonalno\u015b\u0107 wid\u017cetu mo\u017cesz sprawdzi\u0107 w poni\u017cszej wersji demonstracyjnej<\/a><\/p> <\/div> <div class=\"application-platform-content-item-installation application-platform-content-item\" id=\"installation\" data-nav-section=\"installation\"> <h2>Jak mog\u0119 doda\u0107 recenzje typu \u201ewszystko w jednym\u201d do mojej witryny Elementor? <\/h2> <p>Wystarczy zastosowa\u0107 si\u0119 do poni\u017cszych instrukcji, aby doda\u0107 wtyczk\u0119. <\/p> <ol><li><b>Uruchom nasz darmowy edytor i zacznij tworzy\u0107 w\u0142asny widget. <\/b><br> Znajd\u017a wybrany uk\u0142ad i parametry narz\u0119dzia i zapisz zmiany. <\/li> <li><b>Odbierz unikalny kod pojawiaj\u0105cy si\u0119 w specjalnym formularzu w aplikacjach Elfsight. <\/b><br> Po zako\u0144czeniu dostosowywania osobistego wid\u017cetu skopiuj kod osobisty w wy\u015bwietlonym oknie i zachowaj go na p\u00f3\u017aniej. <\/li> <li><b>Zaanga\u017cuj si\u0119 w korzystanie z narz\u0119dzia na stronie internetowej Elementora. <\/b><br> Zintegruj ostatnio zapisany kod ze swoj\u0105 stron\u0105 internetow\u0105 i zapisz zmiany. <\/li> <li><b>Gotowe! Konfiguracja zosta\u0142a pomy\u015blnie przeprowadzona. <\/b><br> Odwied\u017a swoj\u0105 stron\u0119 i sprawd\u017a dzia\u0142anie narz\u0119dzia. <\/li><\/ol> <p>Je\u015bli masz pytania lub napotkasz przeszkody, nie wahaj si\u0119 skontaktowa\u0107 z naszym zespo\u0142em wsparcia. Nasi specjali\u015bci ch\u0119tnie odpowiedz\u0105 na wszystkie pytania, jakie mo\u017cesz mie\u0107 w zwi\u0105zku z wtyczk\u0105. <\/p> <div class=\"faq\" data-component=\"FAQ\"> <div class=\"faq-item\">\r\n\t\t\t\t\t<div class=\"faq-item-question\">\r\n\t\t\t\t\t\t<h3 class=\"faq-item-question-text\">Jak doda\u0107 kompleksowe recenzje do mojej witryny Elementor bez umiej\u0119tno\u015bci kodowania?<\/h3>\r\n\r\n\t\t\t\t\t\t<div class=\"faq-item-question-icon\"><\/div>\r\n\t\t\t\t\t<\/div>\r\n\r\n\t\t\t\t\t<div class=\"faq-item-answer\">\r\n\t\t\t\t\t\t<div class=\"faq-item-answer-text\"> <p>Elfsight zapewnia rozwi\u0105zanie SaaS, kt\u00f3re umo\u017cliwia tworzenie kompleksowych recenzji samodzielnie wid\u017cet, przekonaj si\u0119, jak \u0142atwy jest ten proces: Pracuj bezpo\u015brednio w edytorze online, aby utworzy\u0107 wid\u017cet Recenzje typu \u201ewszystko w jednym\u201d, kt\u00f3ry chcesz zobaczy\u0107 na swojej stronie internetowej Elementor. Wybierz jeden z gotowych szablon\u00f3w i dostosuj ustawienia Recenzji All-in-one, dodaj tre\u015b\u0107, zmie\u0144 uk\u0142ad i kolory bez umiej\u0119tno\u015bci kodowania. Zapisz recenzje All-in-one i skopiuj ich kod instalacyjny, kt\u00f3ry mo\u017cesz \u0142atwo osadzi\u0107 na swojej stronie internetowej Elementor bez kupowania p\u0142atnego planu. Dzi\u0119ki naszemu intuicyjnemu edytorowi ka\u017cdy u\u017cytkownik Internetu mo\u017ce stworzy\u0107 wid\u017cet Recenzje typu \u201ewszystko w jednym\u201d online i \u0142atwo osadzi\u0107 go na swojej stronie internetowej Elementor. Aby uzyska\u0107 dost\u0119p do us\u0142ugi, nie trzeba p\u0142aci\u0107 ani wprowadza\u0107 danych uwierzytelniaj\u0105cych karty. Je\u015bli na kt\u00f3rymkolwiek etapie napotkasz jakiekolwiek problemy, skontaktuj si\u0119 z naszym zespo\u0142em pomocy technicznej.<\/p> <\/div>\r\n\t\t\t\t\t<\/div>\r\n\t\t\t\t<\/div> <\/div> <\/div>","protected":false},"excerpt":{"rendered":"","protected":false},"author":9,"featured_media":0,"parent":711,"menu_order":0,"comment_status":"closed","ping_status":"closed","template":"templates\/template-application-platform.php","meta":{"publish_to_discourse":"","publish_post_category":"","wpdc_auto_publish_overridden":"","wpdc_topic_tags":"","wpdc_pin_topic":"","wpdc_pin_until":"","discourse_post_id":"","discourse_permalink":"","wpdc_publishing_response":"","wpdc_publishing_error":"","footnotes":""},"class_list":["post-4077","page","type-page","status-publish","hentry"],"yoast_head":"<!-- This site is optimized with the Yoast SEO plugin v25.3.1 - https:\/\/yoast.com\/wordpress\/plugins\/seo\/ -->\n<title>Dodaj responsywny wid\u017cet Recenzje All-in-One do swojej witryny Elementor<\/title>\n<meta name=\"description\" content=\"Zaimplementuj responsywn\u0105 aplikacj\u0119 All-in-One Reviews na swojej stronie internetowej Elementor i zdob\u0105d\u017a pe\u0142ne zaufanie. Skorzystaj z przydatnej wersji demonstracyjnej Elfsight, aby zbudowa\u0107 swoj\u0105 unikaln\u0105 funkcj\u0119.\" \/>\n<meta name=\"robots\" content=\"index, follow, max-snippet:-1, max-image-preview:large, max-video-preview:-1\" \/>\n<link rel=\"canonical\" href=\"https:\/\/elfsight.com\/pl\/all-in-one-reviews-widget\/elementor\/\" \/>\n<meta property=\"og:locale\" content=\"pl_PL\" \/>\n<meta property=\"og:type\" content=\"article\" \/>\n<meta property=\"og:title\" content=\"Dodaj responsywny wid\u017cet Recenzje All-in-One do swojej witryny Elementor\" \/>\n<meta property=\"og:description\" content=\"Zaimplementuj responsywn\u0105 aplikacj\u0119 All-in-One Reviews na swojej stronie internetowej Elementor i zdob\u0105d\u017a pe\u0142ne zaufanie. Skorzystaj z przydatnej wersji demonstracyjnej Elfsight, aby zbudowa\u0107 swoj\u0105 unikaln\u0105 funkcj\u0119.\" \/>\n<meta property=\"og:url\" content=\"https:\/\/elfsight.com\/pl\/all-in-one-reviews-widget\/elementor\/\" \/>\n<meta property=\"og:site_name\" content=\"Elfsight PL\" \/>\n<meta property=\"article:modified_time\" content=\"2024-11-14T08:54:50+00:00\" \/>\n<meta name=\"twitter:card\" content=\"summary_large_image\" \/>\n<meta name=\"twitter:label1\" content=\"Szacowany czas czytania\" \/>\n\t<meta name=\"twitter:data1\" content=\"3 minuty\" \/>\n<!-- \/ Yoast SEO plugin. -->","yoast_head_json":{"title":"Dodaj responsywny wid\u017cet Recenzje All-in-One do swojej witryny Elementor","description":"Zaimplementuj responsywn\u0105 aplikacj\u0119 All-in-One Reviews na swojej stronie internetowej Elementor i zdob\u0105d\u017a pe\u0142ne zaufanie. Skorzystaj z przydatnej wersji demonstracyjnej Elfsight, aby zbudowa\u0107 swoj\u0105 unikaln\u0105 funkcj\u0119.","robots":{"index":"index","follow":"follow","max-snippet":"max-snippet:-1","max-image-preview":"max-image-preview:large","max-video-preview":"max-video-preview:-1"},"canonical":"https:\/\/elfsight.com\/pl\/all-in-one-reviews-widget\/elementor\/","og_locale":"pl_PL","og_type":"article","og_title":"Dodaj responsywny wid\u017cet Recenzje All-in-One do swojej witryny Elementor","og_description":"Zaimplementuj responsywn\u0105 aplikacj\u0119 All-in-One Reviews na swojej stronie internetowej Elementor i zdob\u0105d\u017a pe\u0142ne zaufanie. Skorzystaj z przydatnej wersji demonstracyjnej Elfsight, aby zbudowa\u0107 swoj\u0105 unikaln\u0105 funkcj\u0119.","og_url":"https:\/\/elfsight.com\/pl\/all-in-one-reviews-widget\/elementor\/","og_site_name":"Elfsight PL","article_modified_time":"2024-11-14T08:54:50+00:00","twitter_card":"summary_large_image","twitter_misc":{"Szacowany czas czytania":"3 minuty"},"schema":{"@context":"https:\/\/schema.org","@graph":[{"@type":"WebPage","@id":"https:\/\/elfsight.com\/pl\/all-in-one-reviews-widget\/elementor\/","url":"https:\/\/elfsight.com\/pl\/all-in-one-reviews-widget\/elementor\/","name":"Dodaj responsywny wid\u017cet Recenzje All-in-One do swojej witryny Elementor","isPartOf":{"@id":"https:\/\/elfsight.com\/pl\/#website"},"datePublished":"2024-05-03T06:27:23+00:00","dateModified":"2024-11-14T08:54:50+00:00","description":"Zaimplementuj responsywn\u0105 aplikacj\u0119 All-in-One Reviews na swojej stronie internetowej Elementor i zdob\u0105d\u017a pe\u0142ne zaufanie. Skorzystaj z przydatnej wersji demonstracyjnej Elfsight, aby zbudowa\u0107 swoj\u0105 unikaln\u0105 funkcj\u0119.","breadcrumb":{"@id":"https:\/\/elfsight.com\/pl\/all-in-one-reviews-widget\/elementor\/#breadcrumb"},"inLanguage":"pl-PL","potentialAction":[{"@type":"ReadAction","target":["https:\/\/elfsight.com\/pl\/all-in-one-reviews-widget\/elementor\/"]}]},{"@type":"BreadcrumbList","@id":"https:\/\/elfsight.com\/pl\/all-in-one-reviews-widget\/elementor\/#breadcrumb","itemListElement":[{"@type":"ListItem","position":1,"name":"Home","item":"https:\/\/elfsight.com\/pl\/"},{"@type":"ListItem","position":2,"name":"All-in-One Reviews","item":"https:\/\/elfsight.com\/pl\/all-in-one-reviews-widget\/"},{"@type":"ListItem","position":3,"name":"All-in-One Reviews &#8211; Elementor"}]},{"@type":"WebSite","@id":"https:\/\/elfsight.com\/pl\/#website","url":"https:\/\/elfsight.com\/pl\/","name":"Elfsight PL","description":"Just another Elfsight Sites site","potentialAction":[{"@type":"SearchAction","target":{"@type":"EntryPoint","urlTemplate":"https:\/\/elfsight.com\/pl\/?s={search_term_string}"},"query-input":{"@type":"PropertyValueSpecification","valueRequired":true,"valueName":"search_term_string"}}],"inLanguage":"pl-PL"}]}},"meta_box":{"industry":"","seo_heading":"","heading":"","description":"","cta_heading":"","cta_description":"","application":"710","h1":"Widget Recenzje urz\u0105dzenia wielofunkcyjnego Elementor","h1_caption":"Zbieraj i prezentuj recenzje z wielu platform, takich jak Google, Facebook i Yelp, w jednym wid\u017cecie, aby bez wysi\u0142ku budowa\u0107 zaufanie i wiarygodno\u015b\u0107 swojej witryny Elementor.","application_category":[],"applications_title":"","applications_request_title":"","applications_request_button_text":"","hero_text":"","hero_video":"","hero_video_schema_markup":"","selling_points_title":"","selling_points_caption":"","selling_points":[],"selling_points_cta_text":"","features_title":"","features":"","ed_cta_examples_text":"","ed_cta_examples_hidden":"","ed_cta_demo_text":"","ed_cta_demo_hidden":"","why_caption":"","why_editor_title":"","why_editor_text":"","why_team_title":"","why_team_text":"","why_service_title":"","why_service_text":"","template_catalog_visible":"","template_catalog_title":"","template_catalog_text":"","template_catalog_categories_visible":"","demo_title":"Utw\u00f3rz wid\u017cet Recenzje typu \u201ewszystko w jednym\u201d.","demo_caption":"Skonfiguruj swoje recenzje All-in-One i dodaj je do swojej witryny Elementor za darmo!","default_faq_hidden":"","app_template_category":[],"platform":"268","template_public_id":"","codecanyon_url":"","codecanyon_item_id":"","codecanyon_price":"","pricing_caption":"","pricing_elfsight_apps_hide_column":"","pricing_elfsight_apps_url":"","pricing_codecanyon_price_caption":"","integration_category":[],"integration_request_title":"","integration_request_cta":"","integration_platform":"","integrations":[],"platform_category":[],"video_schema_markup":"","price":"od 0 USD \/ miesi\u0105c","trial":"","benefits":[{"text":"Bezp\u0142atna pomoc w monta\u017cu"},{"text":"Do\u015bwiadczona obs\u0142uga klienta"},{"text":"14-dniowa gwarancja zwrotu pieni\u0119dzy"}],"button_url":"#demo","button_target_blank":"","button_nofollow":"","attributes":[{"name":"Instaluje"},{"name":"Czu\u0142y"},{"name":"Kompatybilne przegl\u0105darki"}],"tags":[],"tags_disable_links":"","hide_more_platforms":"","video_object":"","demo_hide_cta":"","demo_hide_cloud_options":"","pricing_title":"","pricing":[{"pricing_icon":"platform","pricing_title":"Elfsight Apps","pricing_title_caption":"Oprogramowanie wieloplatformowe","pricing_price":"od 0 USD \/ miesi\u0105c","pricing_price_caption":"zacznij od bezp\u0142atnego planu","pricing_benefits":[{"text":"Nielimitowane domeny"},{"text":"Bezp\u0142atna obs\u0142uga klienta"},{"text":"Bezp\u0142atna us\u0142uga monta\u017cu"},{"text":"Cena do z\u0142apania dla wielu aplikacji"}],"pricing_button_text":"Dodaj do witryny","pricing_button_url":"#demo"}],"related_apps_title":"","related_apps_hidden":"","author":"","image":[],"title":"","job":"","social_networks":[]},"_links":{"self":[{"href":"https:\/\/elfsight.com\/pl\/wp-json\/wp\/v2\/pages\/4077","targetHints":{"allow":["GET"]}}],"collection":[{"href":"https:\/\/elfsight.com\/pl\/wp-json\/wp\/v2\/pages"}],"about":[{"href":"https:\/\/elfsight.com\/pl\/wp-json\/wp\/v2\/types\/page"}],"author":[{"embeddable":true,"href":"https:\/\/elfsight.com\/pl\/wp-json\/wp\/v2\/users\/9"}],"replies":[{"embeddable":true,"href":"https:\/\/elfsight.com\/pl\/wp-json\/wp\/v2\/comments?post=4077"}],"version-history":[{"count":1,"href":"https:\/\/elfsight.com\/pl\/wp-json\/wp\/v2\/pages\/4077\/revisions"}],"predecessor-version":[{"id":4081,"href":"https:\/\/elfsight.com\/pl\/wp-json\/wp\/v2\/pages\/4077\/revisions\/4081"}],"up":[{"embeddable":true,"href":"https:\/\/elfsight.com\/pl\/wp-json\/wp\/v2\/pages\/711"}],"wp:attachment":[{"href":"https:\/\/elfsight.com\/pl\/wp-json\/wp\/v2\/media?parent=4077"}],"curies":[{"name":"wp","href":"https:\/\/api.w.org\/{rel}","templated":true}]}}