{"id":4054,"date":"2024-05-03T06:27:12","date_gmt":"2024-05-03T06:27:12","guid":{"rendered":"https:\/\/elfsight.com\/pl\/?page_id=4054"},"modified":"2024-11-14T08:54:34","modified_gmt":"2024-11-14T08:54:34","slug":"webflow","status":"publish","type":"page","link":"https:\/\/elfsight.com\/pl\/all-in-one-reviews-widget\/webflow\/","title":{"rendered":"All-in-One Reviews &#8211; Webflow"},"content":{"rendered":"<div class=\"application-platform-content-item-description application-platform-content-item\" id=\"description\" data-nav-section=\"description\"> <h2>Osadzaj kompleksowe recenzje w Webflow za pomoc\u0105 wid\u017cetu Elfsight<\/h2> <p>Recenzje Elfsight All-in-One to przydatny widget dla Webflow oferuj\u0105cy mo\u017cliwo\u015b\u0107 wy\u015bwietlenia wszystkich recenzji o Twojej firmie bezpo\u015brednio na Twojej stronie ze wszystkich popularnych serwis\u00f3w z recenzjami. Korzystaj\u0105c z naszej wtyczki, zyskasz mo\u017cliwo\u015b\u0107 wykorzystania filtr\u00f3w do ukrywania niepo\u017c\u0105danych recenzji, zaprezentowania swojej liczby gwiazdek i ocen liczbowych ze swojego konta na dowolnej stronie internetowej z recenzjami biznesowymi, dodania informacji o tw\u00f3rcach recenzji i dodania fascynuj\u0105cego przycisku CTA, kt\u00f3ry zmotywuje u\u017cytkownik\u00f3w do napisania nowego komentarza. Widget Elfsight mo\u017ce pom\u00f3c Ci pochwali\u0107 si\u0119 \u015bwietnym dowodem spo\u0142eczno\u015bciowym na Twojej stronie internetowej i zacz\u0105\u0107 zwi\u0119ksza\u0107 sprzeda\u017c. <\/p> <p><b>Zwi\u0119ksz sprzeda\u017c, pokazuj\u0105c swoj\u0105 doskona\u0142\u0105 wycen\u0119<\/b><\/p> <\/div> <div class=\"application-platform-content-item-features application-platform-content-item\" id=\"features\" data-nav-section=\"features\"> <h2>To tylko kilka z bogatych funkcji widgetu: <\/h2> <ul><li>Prze\u0142\u0105czany nag\u0142\u00f3wek wid\u017cetu<\/li><li>Przycisk \u017c\u0105dania sprawdzenia, aby przyci\u0105gn\u0105\u0107 u\u017cytkownik\u00f3w na Twoj\u0105 stron\u0119<\/li><li>Niezwyk\u0142a stylizacja na wyci\u0105gni\u0119cie r\u0119ki<\/li><li>Elementy interfejsu, kt\u00f3re mo\u017cna malowa\u0107<\/li><li>Maksymalna liczba szczeg\u00f3\u0142\u00f3w zapewniaj\u0105cych pewno\u015b\u0107 siebie<\/li><\/ul><p><a href=\"#demo\">Sprawd\u017a wszystkie opcje dostosowywania we w pe\u0142ni funkcjonalnej wersji demonstracyjnej<\/a><\/p> <\/div> <div class=\"application-platform-content-item-installation application-platform-content-item\" id=\"installation\" data-nav-section=\"installation\"> <h2>Jak osadzi\u0107 recenzje typu \u201ewszystko w jednym\u201d w mojej witrynie Webflow? <\/h2> <p>Wystarczy wykona\u0107 kilka krok\u00f3w podanych poni\u017cej, aby rozpocz\u0105\u0107 prac\u0119 z wid\u017cetem. <\/p> <ol><li><b>Skorzystaj z naszego bezp\u0142atnego edytora i zacznij tworzy\u0107 niestandardowy widget. <\/b><br> Znajd\u017a preferowan\u0105 form\u0119 i cechy narz\u0119dzia i zastosuj modyfikacje. <\/li> <li><b>Odbierz sw\u00f3j osobisty kod widoczny w oknie aplikacji Elfsight. <\/b><br> Zaraz po zako\u0144czeniu tworzenia w\u0142asnego narz\u0119dzia skopiuj ekskluzywny kod z wy\u015bwietlonego pola i zachowaj go do p\u00f3\u017aniejszego wykorzystania. <\/li> <li><b>Wpisz zgod\u0119 na korzystanie z wid\u017cetu na stronie g\u0142\u00f3wnej Webflow. <\/b><br> Umie\u015b\u0107 zapisany wcze\u015bniej kod na swojej stronie i zastosuj modyfikacje. <\/li> <li><b>Gotowe! Integracja zosta\u0142a pomy\u015blnie przeprowadzona. <\/b><br> Odwied\u017a swoj\u0105 witryn\u0119, aby sprawdzi\u0107 dzia\u0142anie wid\u017cetu. <\/li><\/ol> <p>Je\u015bli napotkasz jakie\u015b trudno\u015bci, bez wahania zwr\u00f3\u0107 si\u0119 o pomoc do naszego zespo\u0142u wsparcia. Nasi konsultanci ch\u0119tnie pomog\u0105 Ci we wszystkich problemach, jakie mo\u017cesz mie\u0107 z narz\u0119dziem. <\/p> <div class=\"faq\" data-component=\"FAQ\"> <div class=\"faq-item\">\r\n\t\t\t\t\t<div class=\"faq-item-question\">\r\n\t\t\t\t\t\t<h3 class=\"faq-item-question-text\">Jak doda\u0107 kompleksowe recenzje do mojej witryny internetowej Webflow bez umiej\u0119tno\u015bci kodowania?<\/h3>\r\n\r\n\t\t\t\t\t\t<div class=\"faq-item-question-icon\"><\/div>\r\n\t\t\t\t\t<\/div>\r\n\r\n\t\t\t\t\t<div class=\"faq-item-answer\">\r\n\t\t\t\t\t\t<div class=\"faq-item-answer-text\"> <p>Elfsight zapewnia rozwi\u0105zanie SaaS, kt\u00f3re umo\u017cliwia tworzenie kompleksowych recenzji samodzielnie wid\u017cet, przekonaj si\u0119, jakie to proste: Pracuj bezpo\u015brednio w edytorze online, aby utworzy\u0107 kompleksowy wid\u017cet Recenzje, kt\u00f3ry chcesz zobaczy\u0107 w swojej witrynie Webflow. Wybierz jeden z gotowych szablon\u00f3w i dostosuj ustawienia Recenzji All-in-one, dodaj tre\u015b\u0107, zmie\u0144 uk\u0142ad i schemat kolor\u00f3w bez umiej\u0119tno\u015bci kodowania. Zapisz recenzje All-in-one i skopiuj ich kod instalacyjny, kt\u00f3ry mo\u017cesz \u0142atwo osadzi\u0107 na swojej stronie internetowej Webflow bez konieczno\u015bci kupowania p\u0142atnej subskrypcji. Dzi\u0119ki naszemu intuicyjnemu edytorowi ka\u017cdy u\u017cytkownik Internetu mo\u017ce stworzy\u0107 wid\u017cet All-in-one Reviews online i \u0142atwo osadzi\u0107 go na swojej stronie internetowej Webflow. Aby uzyska\u0107 dost\u0119p do us\u0142ugi, nie trzeba p\u0142aci\u0107 ani wprowadza\u0107 danych uwierzytelniaj\u0105cych karty. Je\u015bli na kt\u00f3rymkolwiek etapie napotkasz jakiekolwiek problemy, skontaktuj si\u0119 z naszym zespo\u0142em pomocy technicznej.<\/p> <\/div>\r\n\t\t\t\t\t<\/div>\r\n\t\t\t\t<\/div> <\/div> <\/div>","protected":false},"excerpt":{"rendered":"","protected":false},"author":9,"featured_media":0,"parent":711,"menu_order":0,"comment_status":"closed","ping_status":"closed","template":"templates\/template-application-platform.php","meta":{"publish_to_discourse":"","publish_post_category":"","wpdc_auto_publish_overridden":"","wpdc_topic_tags":"","wpdc_pin_topic":"","wpdc_pin_until":"","discourse_post_id":"","discourse_permalink":"","wpdc_publishing_response":"","wpdc_publishing_error":"","footnotes":""},"class_list":["post-4054","page","type-page","status-publish","hentry"],"yoast_head":"<!-- This site is optimized with the Yoast SEO plugin v25.3.1 - https:\/\/yoast.com\/wordpress\/plugins\/seo\/ -->\n<title>Dodaj responsywny wid\u017cet Recenzje typu \u201ewszystko w jednym\u201d do swojej witryny Webflow<\/title>\n<meta name=\"description\" content=\"Umie\u015b\u0107 responsywny wid\u017cet Recenzje na swojej witrynie Webflow i zyskaj pe\u0142ne zaufanie. Skorzystaj z por\u0119cznej wersji demonstracyjnej Elfsight, aby zbudowa\u0107 spersonalizowane narz\u0119dzie.\" \/>\n<meta name=\"robots\" content=\"index, follow, max-snippet:-1, max-image-preview:large, max-video-preview:-1\" \/>\n<link rel=\"canonical\" href=\"https:\/\/elfsight.com\/pl\/all-in-one-reviews-widget\/webflow\/\" \/>\n<meta property=\"og:locale\" content=\"pl_PL\" \/>\n<meta property=\"og:type\" content=\"article\" \/>\n<meta property=\"og:title\" content=\"Dodaj responsywny wid\u017cet Recenzje typu \u201ewszystko w jednym\u201d do swojej witryny Webflow\" \/>\n<meta property=\"og:description\" content=\"Umie\u015b\u0107 responsywny wid\u017cet Recenzje na swojej witrynie Webflow i zyskaj pe\u0142ne zaufanie. Skorzystaj z por\u0119cznej wersji demonstracyjnej Elfsight, aby zbudowa\u0107 spersonalizowane narz\u0119dzie.\" \/>\n<meta property=\"og:url\" content=\"https:\/\/elfsight.com\/pl\/all-in-one-reviews-widget\/webflow\/\" \/>\n<meta property=\"og:site_name\" content=\"Elfsight PL\" \/>\n<meta property=\"article:modified_time\" content=\"2024-11-14T08:54:34+00:00\" \/>\n<meta name=\"twitter:card\" content=\"summary_large_image\" \/>\n<meta name=\"twitter:label1\" content=\"Szacowany czas czytania\" \/>\n\t<meta name=\"twitter:data1\" content=\"3 minuty\" \/>\n<!-- \/ Yoast SEO plugin. -->","yoast_head_json":{"title":"Dodaj responsywny wid\u017cet Recenzje typu \u201ewszystko w jednym\u201d do swojej witryny Webflow","description":"Umie\u015b\u0107 responsywny wid\u017cet Recenzje na swojej witrynie Webflow i zyskaj pe\u0142ne zaufanie. Skorzystaj z por\u0119cznej wersji demonstracyjnej Elfsight, aby zbudowa\u0107 spersonalizowane narz\u0119dzie.","robots":{"index":"index","follow":"follow","max-snippet":"max-snippet:-1","max-image-preview":"max-image-preview:large","max-video-preview":"max-video-preview:-1"},"canonical":"https:\/\/elfsight.com\/pl\/all-in-one-reviews-widget\/webflow\/","og_locale":"pl_PL","og_type":"article","og_title":"Dodaj responsywny wid\u017cet Recenzje typu \u201ewszystko w jednym\u201d do swojej witryny Webflow","og_description":"Umie\u015b\u0107 responsywny wid\u017cet Recenzje na swojej witrynie Webflow i zyskaj pe\u0142ne zaufanie. Skorzystaj z por\u0119cznej wersji demonstracyjnej Elfsight, aby zbudowa\u0107 spersonalizowane narz\u0119dzie.","og_url":"https:\/\/elfsight.com\/pl\/all-in-one-reviews-widget\/webflow\/","og_site_name":"Elfsight PL","article_modified_time":"2024-11-14T08:54:34+00:00","twitter_card":"summary_large_image","twitter_misc":{"Szacowany czas czytania":"3 minuty"},"schema":{"@context":"https:\/\/schema.org","@graph":[{"@type":"WebPage","@id":"https:\/\/elfsight.com\/pl\/all-in-one-reviews-widget\/webflow\/","url":"https:\/\/elfsight.com\/pl\/all-in-one-reviews-widget\/webflow\/","name":"Dodaj responsywny wid\u017cet Recenzje typu \u201ewszystko w jednym\u201d do swojej witryny Webflow","isPartOf":{"@id":"https:\/\/elfsight.com\/pl\/#website"},"datePublished":"2024-05-03T06:27:12+00:00","dateModified":"2024-11-14T08:54:34+00:00","description":"Umie\u015b\u0107 responsywny wid\u017cet Recenzje na swojej witrynie Webflow i zyskaj pe\u0142ne zaufanie. Skorzystaj z por\u0119cznej wersji demonstracyjnej Elfsight, aby zbudowa\u0107 spersonalizowane narz\u0119dzie.","breadcrumb":{"@id":"https:\/\/elfsight.com\/pl\/all-in-one-reviews-widget\/webflow\/#breadcrumb"},"inLanguage":"pl-PL","potentialAction":[{"@type":"ReadAction","target":["https:\/\/elfsight.com\/pl\/all-in-one-reviews-widget\/webflow\/"]}]},{"@type":"BreadcrumbList","@id":"https:\/\/elfsight.com\/pl\/all-in-one-reviews-widget\/webflow\/#breadcrumb","itemListElement":[{"@type":"ListItem","position":1,"name":"Home","item":"https:\/\/elfsight.com\/pl\/"},{"@type":"ListItem","position":2,"name":"All-in-One Reviews","item":"https:\/\/elfsight.com\/pl\/all-in-one-reviews-widget\/"},{"@type":"ListItem","position":3,"name":"All-in-One Reviews &#8211; Webflow"}]},{"@type":"WebSite","@id":"https:\/\/elfsight.com\/pl\/#website","url":"https:\/\/elfsight.com\/pl\/","name":"Elfsight PL","description":"Just another Elfsight Sites site","potentialAction":[{"@type":"SearchAction","target":{"@type":"EntryPoint","urlTemplate":"https:\/\/elfsight.com\/pl\/?s={search_term_string}"},"query-input":{"@type":"PropertyValueSpecification","valueRequired":true,"valueName":"search_term_string"}}],"inLanguage":"pl-PL"}]}},"meta_box":{"industry":"","seo_heading":"","heading":"","description":"","cta_heading":"","cta_description":"","application":"710","h1":"Widget Webflow All-in-One Recenzje","h1_caption":"Zbieraj i prezentuj recenzje z wielu platform, takich jak Google, Facebook i Yelp, w jednym wid\u017cecie, aby bez wysi\u0142ku budowa\u0107 zaufanie i wiarygodno\u015b\u0107 swojej witryny Webflow.","application_category":[],"applications_title":"","applications_request_title":"","applications_request_button_text":"","hero_text":"","hero_video":"","hero_video_schema_markup":"","selling_points_title":"","selling_points_caption":"","selling_points":[],"selling_points_cta_text":"","features_title":"","features":"","ed_cta_examples_text":"","ed_cta_examples_hidden":"","ed_cta_demo_text":"","ed_cta_demo_hidden":"","why_caption":"","why_editor_title":"","why_editor_text":"","why_team_title":"","why_team_text":"","why_service_title":"","why_service_text":"","template_catalog_visible":"","template_catalog_title":"","template_catalog_text":"","template_catalog_categories_visible":"","demo_title":"Utw\u00f3rz wid\u017cet Recenzje typu \u201ewszystko w jednym\u201d.","demo_caption":"Skonfiguruj swoje recenzje All-in-One i dodaj je do swojej witryny Webflow za darmo!","default_faq_hidden":"","app_template_category":[],"platform":"127","template_public_id":"","codecanyon_url":"","codecanyon_item_id":"","codecanyon_price":"","pricing_caption":"","pricing_elfsight_apps_hide_column":"","pricing_elfsight_apps_url":"","pricing_codecanyon_price_caption":"","integration_category":[],"integration_request_title":"","integration_request_cta":"","integration_platform":"","integrations":[],"platform_category":[],"video_schema_markup":"","price":"od 0 USD \/ miesi\u0105c","trial":"","benefits":[{"text":"Bezp\u0142atna pomoc w monta\u017cu"},{"text":"Skuteczna obs\u0142uga klienta"},{"text":"14-dniowa gwarancja zwrotu pieni\u0119dzy"}],"button_url":"#demo","button_target_blank":"","button_nofollow":"","attributes":[{"name":"Instaluje"},{"name":"Czu\u0142y"},{"name":"Kompatybilne przegl\u0105darki"}],"tags":[],"tags_disable_links":"","hide_more_platforms":"","video_object":"","demo_hide_cta":"","demo_hide_cloud_options":"","pricing_title":"","pricing":[{"pricing_icon":"platform","pricing_title":"Elfsight Apps","pricing_title_caption":"Wieloplatformowe rozwi\u0105zanie cyfrowe, kt\u00f3re pasuje do ka\u017cdej witryny internetowej","pricing_price":"od 0 USD \/ miesi\u0105c","pricing_price_caption":"zacznij od bezp\u0142atnego planu","pricing_benefits":[{"text":"Nielimitowane strony internetowe"},{"text":"Dedykowana obs\u0142uga klienta"},{"text":"Bezp\u0142atna pomoc w instalacji"},{"text":"Specjalna oferta na wiele aplikacji"}],"pricing_button_text":"Dodaj do witryny","pricing_button_url":"#demo"}],"related_apps_title":"","related_apps_hidden":"","author":"","image":[],"title":"","job":"","social_networks":[]},"_links":{"self":[{"href":"https:\/\/elfsight.com\/pl\/wp-json\/wp\/v2\/pages\/4054","targetHints":{"allow":["GET"]}}],"collection":[{"href":"https:\/\/elfsight.com\/pl\/wp-json\/wp\/v2\/pages"}],"about":[{"href":"https:\/\/elfsight.com\/pl\/wp-json\/wp\/v2\/types\/page"}],"author":[{"embeddable":true,"href":"https:\/\/elfsight.com\/pl\/wp-json\/wp\/v2\/users\/9"}],"replies":[{"embeddable":true,"href":"https:\/\/elfsight.com\/pl\/wp-json\/wp\/v2\/comments?post=4054"}],"version-history":[{"count":1,"href":"https:\/\/elfsight.com\/pl\/wp-json\/wp\/v2\/pages\/4054\/revisions"}],"predecessor-version":[{"id":4058,"href":"https:\/\/elfsight.com\/pl\/wp-json\/wp\/v2\/pages\/4054\/revisions\/4058"}],"up":[{"embeddable":true,"href":"https:\/\/elfsight.com\/pl\/wp-json\/wp\/v2\/pages\/711"}],"wp:attachment":[{"href":"https:\/\/elfsight.com\/pl\/wp-json\/wp\/v2\/media?parent=4054"}],"curies":[{"name":"wp","href":"https:\/\/api.w.org\/{rel}","templated":true}]}}