{"id":405,"date":"2020-11-19T13:51:02","date_gmt":"2020-11-19T13:51:02","guid":{"rendered":"https:\/\/elfsight.com\/pl\/?page_id=405"},"modified":"2021-04-21T13:43:45","modified_gmt":"2021-04-21T13:43:45","slug":"zyro-widgets","status":"publish","type":"page","link":"https:\/\/elfsight.com\/pl\/zyro-widgets\/","title":{"rendered":"Zyro widgets"},"content":{"rendered":"\n<h2>Najdoskonalsze wtyczki Elfsight dla unowocze\u015bnienia twojej witryny internetowej Zyro<\/h2>\n\n<p>Przez 9 lat nasza dru\u017cyna specjalist\u00f3w Elfsight stwarza Plug&amp;Play i konfigurowalne pluginy chmurowe dla Twojej strony internetowej. Nasz zesp\u00f3\u0142 gwarantuj\u0105 us\u0142ugi wsparcia i szybkie \u0142adowanie. Narz\u0119dzia Elfsight s\u0142u\u017c\u0105 w\u0142a\u015bcicielom stron online, edukacyjnych i innym na ca\u0142ym \u015bwiecie zaradzi\u0107 podstawowymi zadaniami bardziej wydajnie. \n<\/p>\n\n<p>Mo\u017cesz powi\u0119kszy\u0107 sprzeda\u017c, pokaza\u0107 5-gwiazdkow\u0105 ocen\u0119 na Twoje oferty, zwi\u0119kszy\u0107 zaufanie do swojej marki, wystarczy zainstalowa\u0107 wtyczku do swojej witryny. Nasze plany subskrypcji wahaj\u0105 si\u0119 od bezp\u0142atnych do premium. \u0141atwo wbudowa\u0107 dowolnie wybrane dodatki korzystaj\u0105c z naszej wersji demonstracyjnej i poznaj jak bardzo to b\u0119dzie korzystne w kwestii rozwoju strony Web Twojego przedsi\u0119biorstwa. <\/p>\n\n<h2>Co sprawia, \u017ce nasze rozszerzenia Elfsight s\u0105 tak wyj\u0105tkowymi instrumentami dla was? <\/h2>\n\n<p> Zobacz spis podstawowych cech naszych dodatk\u00f3w, kt\u00f3re umo\u017cliwiaj\u0105 nam wyprzedzi\u0107 konkurencj\u0119: <\/p>\n\n\n<ul>\n<li> Nieodp\u0142atna i natychmiastowa obs\u0142uga przy dodaniu lub customizacji widget\u00f3w; <\/li>\n<li> Zdolno\u015b\u0107 dostosowywania do wszystkich rozdzielczo\u015bci witryn internetowych i przyjazne dla urz\u0105dze\u0144 mobilnych; <\/li>\n<li> Nie ma potrzeby prosi\u0107 o pomoc programisty; <\/li>\n<li> Bogaty wyb\u00f3r opcji dostosowywania; <\/li>\n<li> Oparte na chmurze aplikacji pomagaj\u0105 zwi\u0119kszy\u0107 pr\u0119dko\u015b\u0107 wczytywania witryny; <\/li>\n<li> Wszystkie aktualizacje s\u0105 darmowe i regularne; <\/li>\n<li> Rozs\u0105dny zakres cen; <\/li>\n<li> Szybka pomoc z problemami klient\u00f3w. <\/li>\n<\/ul>\n\n<p> Sprawd\u017a bezp\u0142atne opcje naszych wid\u017cet\u00f3w i zastosuj jej potencja\u0142 lub zainstaluj dowolne wymagane rozwi\u0105zanie z 20% rabatem. <\/p>\n\n\n<h2> Jak umie\u015bci\u0107 widgety Elfsight na Twojej witrynie Zyro <\/h2>\n\n<p> Mo\u017cesz do\u0142\u0105czy\u0107 nasze wid\u017cety, robi\u0105c wszystkie etapy z oczywistej wskaz\u00f3wki: <\/p>\n\n\n<ol>\n<li> Wybierz odpowiedni\u0105 wtyczk\u0119; <\/li>\n<li> Zmodyfikuj niekt\u00f3re konieczne konfiguracji; <\/li>\n<li> Zapisz zmiany; <\/li>\n<li> Otrzymaj wygenerowany kod; <\/li>\n<li> Dodaj go w potrzebnym miejscu Pa\u0144stwa strony lub szablonu; <\/li>\n<li> Gotowe! Masz zainstalowany dodatek. <\/li>\n<\/ol>\n\n<p> Je\u015bli potrzebujesz pomocy, nie wahaj si\u0119 skontaktowa\u0107 si\u0119 z zespo\u0142em wsparcia Elfsight. <\/p>\n","protected":false},"excerpt":{"rendered":"Najdoskonalsze wtyczki Elfsight dla unowocze\u015bnienia twojej witryny internetowej Zyro Przez 9 lat nasza dru\u017cyna specjalist\u00f3w Elfsight stwarza Plug&amp;Play i konfigurowalne pluginy chmurowe dla Twojej strony internetowej. Nasz zesp\u00f3\u0142 gwarantuj\u0105 us\u0142ugi wsparcia i szybkie \u0142adowanie. Narz\u0119dzia Elfsight s\u0142u\u017c\u0105 w\u0142a\u015bcicielom stron online, edukacyjnych i innym na ca\u0142ym \u015bwiecie zaradzi\u0107 podstawowymi zadaniami bardziej&#8230;","protected":false},"author":13,"featured_media":0,"parent":0,"menu_order":0,"comment_status":"closed","ping_status":"closed","template":"templates\/template-platform.php","meta":{"publish_to_discourse":"","publish_post_category":"","wpdc_auto_publish_overridden":"","wpdc_topic_tags":"","wpdc_pin_topic":"","wpdc_pin_until":"","discourse_post_id":"","discourse_permalink":"","wpdc_publishing_response":"","wpdc_publishing_error":"","footnotes":""},"class_list":["post-405","page","type-page","status-publish","hentry"],"yoast_head":"<!-- This site is optimized with the Yoast SEO plugin v25.3.1 - https:\/\/yoast.com\/wordpress\/plugins\/seo\/ -->\n<title>Ponad 80 najlepszych darmowych Zyro widget\u00f3w dla strony internetowej<\/title>\n<meta name=\"description\" content=\"Spotkaj najlepszi dopasowania dla twojej witryny internetowej w\u015br\u00f3d wszystkich element\u00f3w interfejsu gratisowych w edytorze internetowym\" \/>\n<meta name=\"robots\" content=\"index, follow, max-snippet:-1, max-image-preview:large, max-video-preview:-1\" \/>\n<link rel=\"canonical\" href=\"https:\/\/elfsight.com\/pl\/zyro-widgets\/\" \/>\n<meta property=\"og:locale\" content=\"pl_PL\" \/>\n<meta property=\"og:type\" content=\"article\" \/>\n<meta property=\"og:title\" content=\"Ponad 80 najlepszych darmowych Zyro widget\u00f3w dla strony internetowej\" \/>\n<meta property=\"og:description\" content=\"Spotkaj najlepszi dopasowania dla twojej witryny internetowej w\u015br\u00f3d wszystkich element\u00f3w interfejsu gratisowych w edytorze internetowym\" \/>\n<meta property=\"og:url\" content=\"https:\/\/elfsight.com\/pl\/zyro-widgets\/\" \/>\n<meta property=\"og:site_name\" content=\"Elfsight PL\" \/>\n<meta property=\"article:modified_time\" content=\"2021-04-21T13:43:45+00:00\" \/>\n<meta name=\"twitter:card\" content=\"summary_large_image\" \/>\n<meta name=\"twitter:label1\" content=\"Szacowany czas czytania\" \/>\n\t<meta name=\"twitter:data1\" content=\"1 minuta\" \/>\n<!-- \/ Yoast SEO plugin. -->","yoast_head_json":{"title":"Ponad 80 najlepszych darmowych Zyro widget\u00f3w dla strony internetowej","description":"Spotkaj najlepszi dopasowania dla twojej witryny internetowej w\u015br\u00f3d wszystkich element\u00f3w interfejsu gratisowych w edytorze internetowym","robots":{"index":"index","follow":"follow","max-snippet":"max-snippet:-1","max-image-preview":"max-image-preview:large","max-video-preview":"max-video-preview:-1"},"canonical":"https:\/\/elfsight.com\/pl\/zyro-widgets\/","og_locale":"pl_PL","og_type":"article","og_title":"Ponad 80 najlepszych darmowych Zyro widget\u00f3w dla strony internetowej","og_description":"Spotkaj najlepszi dopasowania dla twojej witryny internetowej w\u015br\u00f3d wszystkich element\u00f3w interfejsu gratisowych w edytorze internetowym","og_url":"https:\/\/elfsight.com\/pl\/zyro-widgets\/","og_site_name":"Elfsight PL","article_modified_time":"2021-04-21T13:43:45+00:00","twitter_card":"summary_large_image","twitter_misc":{"Szacowany czas czytania":"1 minuta"},"schema":{"@context":"https:\/\/schema.org","@graph":[{"@type":"WebPage","@id":"https:\/\/elfsight.com\/pl\/zyro-widgets\/","url":"https:\/\/elfsight.com\/pl\/zyro-widgets\/","name":"Ponad 80 najlepszych darmowych Zyro widget\u00f3w dla strony internetowej","isPartOf":{"@id":"https:\/\/elfsight.com\/pl\/#website"},"datePublished":"2020-11-19T13:51:02+00:00","dateModified":"2021-04-21T13:43:45+00:00","description":"Spotkaj najlepszi dopasowania dla twojej witryny internetowej w\u015br\u00f3d wszystkich element\u00f3w interfejsu gratisowych w edytorze internetowym","breadcrumb":{"@id":"https:\/\/elfsight.com\/pl\/zyro-widgets\/#breadcrumb"},"inLanguage":"pl-PL","potentialAction":[{"@type":"ReadAction","target":["https:\/\/elfsight.com\/pl\/zyro-widgets\/"]}]},{"@type":"BreadcrumbList","@id":"https:\/\/elfsight.com\/pl\/zyro-widgets\/#breadcrumb","itemListElement":[{"@type":"ListItem","position":1,"name":"Home","item":"https:\/\/elfsight.com\/pl\/"},{"@type":"ListItem","position":2,"name":"Zyro widgets"}]},{"@type":"WebSite","@id":"https:\/\/elfsight.com\/pl\/#website","url":"https:\/\/elfsight.com\/pl\/","name":"Elfsight PL","description":"Just another Elfsight Sites site","potentialAction":[{"@type":"SearchAction","target":{"@type":"EntryPoint","urlTemplate":"https:\/\/elfsight.com\/pl\/?s={search_term_string}"},"query-input":{"@type":"PropertyValueSpecification","valueRequired":true,"valueName":"search_term_string"}}],"inLanguage":"pl-PL"}]}},"meta_box":{"industry":"","seo_heading":"","heading":"","description":"","cta_heading":"","cta_description":"","application":"","h1":"Najlepsze widgety Zyro","h1_caption":"Darmowy odbi\u00f3r rewelacyjnych wtyczek wysokiej klasy z szerokim wachlarzem funkcjonalno\u015bci dla zwi\u0119kszenia zaanga\u017cowania u\u017cytkownika i osi\u0105gni\u0119cia wszystkich podstawowych cel\u00f3w handlowych. Nieskomplikowana integracja, bogata oferta mo\u017cliwo\u015bci personalizacji i wysoko wykwalifikowane wsparcie klienta.","application_category":[],"applications_title":"Spotkaj najlepszi dopasowania dla twojej witryny internetowej w\u015br\u00f3d wszystkich element\u00f3w interfejsu gratisowych w edytorze internetowym","applications_request_title":"Nie mo\u017cesz znale\u017a\u0107 odpowiedniego widgeta?","applications_request_button_text":"Zam\u00f3w widget","hero_text":"","hero_video":"","hero_video_schema_markup":"","selling_points_title":"","selling_points_caption":"","selling_points":[],"selling_points_cta_text":"","features_title":"","features":"","ed_cta_examples_text":"","ed_cta_examples_hidden":"","ed_cta_demo_text":"","ed_cta_demo_hidden":"","why_caption":"","why_editor_title":"","why_editor_text":"","why_team_title":"","why_team_text":"","why_service_title":"","why_service_text":"","template_catalog_visible":"","template_catalog_title":"","template_catalog_text":"","template_catalog_categories_visible":"","demo_title":"","demo_caption":"","default_faq_hidden":"","app_template_category":[],"platform":"402","template_public_id":"","codecanyon_url":"","codecanyon_item_id":"","codecanyon_price":"","pricing_caption":"","pricing_elfsight_apps_hide_column":"","pricing_elfsight_apps_url":"","pricing_codecanyon_price_caption":"","integration_category":[],"integration_request_title":"","integration_request_cta":"","integration_platform":"","integrations":[],"platform_category":[],"video_schema_markup":"","price":"","trial":"","benefits":[],"button_url":"","button_target_blank":"","button_nofollow":"","attributes":[],"tags":[],"tags_disable_links":"","hide_more_platforms":"","video_object":"","demo_hide_cta":"","demo_hide_cloud_options":"","pricing_title":"","pricing":[],"related_apps_title":"","related_apps_hidden":"","author":"","image":[],"title":"","job":"","social_networks":[]},"_links":{"self":[{"href":"https:\/\/elfsight.com\/pl\/wp-json\/wp\/v2\/pages\/405","targetHints":{"allow":["GET"]}}],"collection":[{"href":"https:\/\/elfsight.com\/pl\/wp-json\/wp\/v2\/pages"}],"about":[{"href":"https:\/\/elfsight.com\/pl\/wp-json\/wp\/v2\/types\/page"}],"author":[{"embeddable":true,"href":"https:\/\/elfsight.com\/pl\/wp-json\/wp\/v2\/users\/13"}],"replies":[{"embeddable":true,"href":"https:\/\/elfsight.com\/pl\/wp-json\/wp\/v2\/comments?post=405"}],"version-history":[{"count":3,"href":"https:\/\/elfsight.com\/pl\/wp-json\/wp\/v2\/pages\/405\/revisions"}],"predecessor-version":[{"id":408,"href":"https:\/\/elfsight.com\/pl\/wp-json\/wp\/v2\/pages\/405\/revisions\/408"}],"wp:attachment":[{"href":"https:\/\/elfsight.com\/pl\/wp-json\/wp\/v2\/media?parent=405"}],"curies":[{"name":"wp","href":"https:\/\/api.w.org\/{rel}","templated":true}]}}