{"id":4048,"date":"2024-05-03T06:27:10","date_gmt":"2024-05-03T06:27:10","guid":{"rendered":"https:\/\/elfsight.com\/pl\/?page_id=4048"},"modified":"2024-11-14T08:54:26","modified_gmt":"2024-11-14T08:54:26","slug":"weebly","status":"publish","type":"page","link":"https:\/\/elfsight.com\/pl\/all-in-one-reviews-widget\/weebly\/","title":{"rendered":"All-in-One Reviews &#8211; Weebly"},"content":{"rendered":"<div class=\"application-platform-content-item-description application-platform-content-item\" id=\"description\" data-nav-section=\"description\"> <h2>Opis<\/h2> <p>Elfsight All-in-One Reviews to \u0142atwa w u\u017cyciu aplikacja dla Weebly, kt\u00f3ra zapewnia mo\u017cliwo\u015b\u0107 ujawnienia wszystkich recenzji Twoich ofert bezpo\u015brednio na Twojej stronie internetowej ze wszystkich popularnych witryn z recenzjami. Stosuj\u0105c nasz widget, b\u0119dziesz m\u00f3g\u0142 u\u017cywa\u0107 filtr\u00f3w do ukrywania niechcianych komentarzy, ujawnia\u0107 swoj\u0105 ocen\u0119 i numer oceny ze swojej strony na dowolnej stronie internetowej z recenzjami biznesowymi, do\u0142\u0105cza\u0107 informacje o tw\u00f3rcach referencji i do\u0142\u0105cza\u0107 przekonuj\u0105ce wezwanie do dzia\u0142ania przycisk, kt\u00f3ry zmotywuje u\u017cytkownik\u00f3w do opublikowania komentarza. Nasze narz\u0119dzie pomo\u017ce Ci zaprezentowa\u0107 na stronie internetowej sw\u00f3j znacz\u0105cy dow\u00f3d spo\u0142eczno\u015bciowy i zacz\u0105\u0107 dokonywa\u0107 wi\u0119kszej liczby nowych zakup\u00f3w. <\/p> <p><b>Zwi\u0119ksz sprzeda\u017c, pokazuj\u0105c swoj\u0105 wysok\u0105 ocen\u0119<\/b><\/p> <\/div> <div class=\"application-platform-content-item-features application-platform-content-item\" id=\"features\" data-nav-section=\"features\"> <h2>Widget ma przydatne i proste funkcje, sprawd\u017a niekt\u00f3re z im: <\/h2> <ul><li>Prze\u0142\u0105czany nag\u0142\u00f3wek wid\u017cetu<\/li><li>Opcja dodania przycisku \u017c\u0105dania w celu przekierowania na Twojej stronie<\/li><li>Wspania\u0142a stylizacja w zasi\u0119gu jednego klikni\u0119cia<\/li><li>Malowalne elementy interfejsu wid\u017cetu<\/li><li>Maksymalne szczeg\u00f3\u0142y dotycz\u0105ce generowania zaufania<\/li><\/ul><p><a href=\"#demo\">Wystarczy sprawdzi\u0107 t\u0119 wersj\u0119 demonstracyjn\u0105, aby uzyska\u0107 pe\u0142ny pomys\u0142<\/a><\/p> <\/div> <div class=\"application-platform-content-item-installation application-platform-content-item\" id=\"installation\" data-nav-section=\"installation\"> <h2>Jak mog\u0119 osadzi\u0107 recenzje typu \u201ewszystko w jednym\u201d w mojej witrynie Weebly? <\/h2> <p>Wystarczy wykona\u0107 poni\u017csze kroki, aby zintegrowa\u0107 aplikacj\u0119. <\/p> <ol><li><b>Skorzystaj z naszego bezp\u0142atnego edytora i zacznij tworzy\u0107 spersonalizowan\u0105 aplikacj\u0119. <\/b><br> Okre\u015bl wybrany uk\u0142ad i funkcje aplikacji oraz zapisz wszystkie poprawki. <\/li> <li><b>Odbierz sw\u00f3j unikalny kod, kt\u00f3ry jest widoczny w polu w aplikacjach Elfsight. <\/b><br> Zaraz po dostosowaniu aplikacji osobistej skopiuj kod w wy\u015bwietlonym oknie i zapisz go do dalszego wykorzystania. <\/li> <li><b>Rozpocznij stosowanie aplikacji w witrynie Weebly. <\/b><br> Wklej ostatnio zapisany kod na swoj\u0105 stron\u0119 i zapisz zmiany. <\/li> <li><b>Instalacja zosta\u0142a ca\u0142kowicie zako\u0144czona. <\/b><br> Otw\u00f3rz swoj\u0105 stron\u0119 internetow\u0105, aby sprawdzi\u0107 dzia\u0142anie aplikacji. <\/li><\/ol><p>W przypadku napotkania jakichkolwiek trudno\u015bci nie wahaj si\u0119 skontaktowa\u0107 z naszym dzia\u0142em obs\u0142ugi klienta. Nasi konsultanci ch\u0119tnie rozwi\u0105\u017c\u0105 wszystkie problemy, jakie mo\u017cesz mie\u0107 z widgetem. <\/p> <div class=\"faq\" data-component=\"FAQ\"> <div class=\"faq-item\">\r\n\t\t\t\t\t<div class=\"faq-item-question\">\r\n\t\t\t\t\t\t<h3 class=\"faq-item-question-text\"><\/h3>\r\n\r\n\t\t\t\t\t\t<div class=\"faq-item-question-icon\"><\/div>\r\n\t\t\t\t\t<\/div>\r\n\r\n\t\t\t\t\t<div class=\"faq-item-answer\">\r\n\t\t\t\t\t\t<div class=\"faq-item-answer-text\"> <p>Elfsight zapewnia rozwi\u0105zanie SaaS, kt\u00f3re umo\u017cliwia utworzenie urz\u0105dzenia typu \u201ewszystko w jednym\u201d Sam wid\u017cet Recenzje, przekonaj si\u0119, jak \u0142atwy jest ten proces: Pracuj bezpo\u015brednio w edytorze online, aby utworzy\u0107 kompleksowy wid\u017cet Recenzje, kt\u00f3ry chcesz zobaczy\u0107 w swojej witrynie Weebly. Wybierz jeden z gotowych szablon\u00f3w i dostosuj ustawienia Recenzji All-in-one, dodaj tre\u015b\u0107, zmie\u0144 uk\u0142ad i schemat kolor\u00f3w bez umiej\u0119tno\u015bci kodowania. Zapisz recenzje All-in-one i skopiuj ich kod instalacyjny, kt\u00f3ry mo\u017cesz \u0142atwo osadzi\u0107 na swojej stronie internetowej Weebly bez konieczno\u015bci kupowania wersji p\u0142atnej. Za pomoc\u0105 naszego intuicyjnego edytora ka\u017cdy u\u017cytkownik Internetu mo\u017ce stworzy\u0107 wid\u017cet Recenzje typu \u201ewszystko w jednym\u201d online i \u0142atwo osadzi\u0107 go na swojej stronie internetowej Weebly. Aby uzyska\u0107 dost\u0119p do us\u0142ugi, nie trzeba p\u0142aci\u0107 ani wprowadza\u0107 danych uwierzytelniaj\u0105cych karty. Je\u015bli na kt\u00f3rymkolwiek etapie napotkasz jakiekolwiek problemy, skontaktuj si\u0119 z naszym zespo\u0142em pomocy technicznej.<\/p> <\/div>\r\n\t\t\t\t\t<\/div>\r\n\t\t\t\t<\/div> <\/div> <\/div>","protected":false},"excerpt":{"rendered":"","protected":false},"author":9,"featured_media":0,"parent":711,"menu_order":0,"comment_status":"closed","ping_status":"closed","template":"templates\/template-application-platform.php","meta":{"publish_to_discourse":"","publish_post_category":"","wpdc_auto_publish_overridden":"","wpdc_topic_tags":"","wpdc_pin_topic":"","wpdc_pin_until":"","discourse_post_id":"","discourse_permalink":"","wpdc_publishing_response":"","wpdc_publishing_error":"","footnotes":""},"class_list":["post-4048","page","type-page","status-publish","hentry"],"yoast_head":"<!-- This site is optimized with the Yoast SEO plugin v25.3.1 - https:\/\/yoast.com\/wordpress\/plugins\/seo\/ -->\n<title>Dodaj responsywn\u0105 aplikacj\u0119 All-in-One Reviews do swojej witryny Weebly<\/title>\n<meta name=\"description\" content=\"Zaimplementuj responsywn\u0105 wtyczk\u0119 Recenzje w swojej witrynie Weebly i zdob\u0105d\u017a pe\u0142ne zaufanie. Zastosuj por\u0119czn\u0105 wersj\u0119 demonstracyjn\u0105 Elfsight, aby stworzy\u0107 spersonalizowane narz\u0119dzie.\" \/>\n<meta name=\"robots\" content=\"index, follow, max-snippet:-1, max-image-preview:large, max-video-preview:-1\" \/>\n<link rel=\"canonical\" href=\"https:\/\/elfsight.com\/pl\/all-in-one-reviews-widget\/weebly\/\" \/>\n<meta property=\"og:locale\" content=\"pl_PL\" \/>\n<meta property=\"og:type\" content=\"article\" \/>\n<meta property=\"og:title\" content=\"Dodaj responsywn\u0105 aplikacj\u0119 All-in-One Reviews do swojej witryny Weebly\" \/>\n<meta property=\"og:description\" content=\"Zaimplementuj responsywn\u0105 wtyczk\u0119 Recenzje w swojej witrynie Weebly i zdob\u0105d\u017a pe\u0142ne zaufanie. Zastosuj por\u0119czn\u0105 wersj\u0119 demonstracyjn\u0105 Elfsight, aby stworzy\u0107 spersonalizowane narz\u0119dzie.\" \/>\n<meta property=\"og:url\" content=\"https:\/\/elfsight.com\/pl\/all-in-one-reviews-widget\/weebly\/\" \/>\n<meta property=\"og:site_name\" content=\"Elfsight PL\" \/>\n<meta property=\"article:modified_time\" content=\"2024-11-14T08:54:26+00:00\" \/>\n<meta name=\"twitter:card\" content=\"summary_large_image\" \/>\n<meta name=\"twitter:label1\" content=\"Szacowany czas czytania\" \/>\n\t<meta name=\"twitter:data1\" content=\"3 minuty\" \/>\n<!-- \/ Yoast SEO plugin. -->","yoast_head_json":{"title":"Dodaj responsywn\u0105 aplikacj\u0119 All-in-One Reviews do swojej witryny Weebly","description":"Zaimplementuj responsywn\u0105 wtyczk\u0119 Recenzje w swojej witrynie Weebly i zdob\u0105d\u017a pe\u0142ne zaufanie. Zastosuj por\u0119czn\u0105 wersj\u0119 demonstracyjn\u0105 Elfsight, aby stworzy\u0107 spersonalizowane narz\u0119dzie.","robots":{"index":"index","follow":"follow","max-snippet":"max-snippet:-1","max-image-preview":"max-image-preview:large","max-video-preview":"max-video-preview:-1"},"canonical":"https:\/\/elfsight.com\/pl\/all-in-one-reviews-widget\/weebly\/","og_locale":"pl_PL","og_type":"article","og_title":"Dodaj responsywn\u0105 aplikacj\u0119 All-in-One Reviews do swojej witryny Weebly","og_description":"Zaimplementuj responsywn\u0105 wtyczk\u0119 Recenzje w swojej witrynie Weebly i zdob\u0105d\u017a pe\u0142ne zaufanie. Zastosuj por\u0119czn\u0105 wersj\u0119 demonstracyjn\u0105 Elfsight, aby stworzy\u0107 spersonalizowane narz\u0119dzie.","og_url":"https:\/\/elfsight.com\/pl\/all-in-one-reviews-widget\/weebly\/","og_site_name":"Elfsight PL","article_modified_time":"2024-11-14T08:54:26+00:00","twitter_card":"summary_large_image","twitter_misc":{"Szacowany czas czytania":"3 minuty"},"schema":{"@context":"https:\/\/schema.org","@graph":[{"@type":"WebPage","@id":"https:\/\/elfsight.com\/pl\/all-in-one-reviews-widget\/weebly\/","url":"https:\/\/elfsight.com\/pl\/all-in-one-reviews-widget\/weebly\/","name":"Dodaj responsywn\u0105 aplikacj\u0119 All-in-One Reviews do swojej witryny Weebly","isPartOf":{"@id":"https:\/\/elfsight.com\/pl\/#website"},"datePublished":"2024-05-03T06:27:10+00:00","dateModified":"2024-11-14T08:54:26+00:00","description":"Zaimplementuj responsywn\u0105 wtyczk\u0119 Recenzje w swojej witrynie Weebly i zdob\u0105d\u017a pe\u0142ne zaufanie. Zastosuj por\u0119czn\u0105 wersj\u0119 demonstracyjn\u0105 Elfsight, aby stworzy\u0107 spersonalizowane narz\u0119dzie.","breadcrumb":{"@id":"https:\/\/elfsight.com\/pl\/all-in-one-reviews-widget\/weebly\/#breadcrumb"},"inLanguage":"pl-PL","potentialAction":[{"@type":"ReadAction","target":["https:\/\/elfsight.com\/pl\/all-in-one-reviews-widget\/weebly\/"]}]},{"@type":"BreadcrumbList","@id":"https:\/\/elfsight.com\/pl\/all-in-one-reviews-widget\/weebly\/#breadcrumb","itemListElement":[{"@type":"ListItem","position":1,"name":"Home","item":"https:\/\/elfsight.com\/pl\/"},{"@type":"ListItem","position":2,"name":"All-in-One Reviews","item":"https:\/\/elfsight.com\/pl\/all-in-one-reviews-widget\/"},{"@type":"ListItem","position":3,"name":"All-in-One Reviews &#8211; Weebly"}]},{"@type":"WebSite","@id":"https:\/\/elfsight.com\/pl\/#website","url":"https:\/\/elfsight.com\/pl\/","name":"Elfsight PL","description":"Just another Elfsight Sites site","potentialAction":[{"@type":"SearchAction","target":{"@type":"EntryPoint","urlTemplate":"https:\/\/elfsight.com\/pl\/?s={search_term_string}"},"query-input":{"@type":"PropertyValueSpecification","valueRequired":true,"valueName":"search_term_string"}}],"inLanguage":"pl-PL"}]}},"meta_box":{"industry":"","seo_heading":"","heading":"","description":"","cta_heading":"","cta_description":"","application":"710","h1":"Aplikacja Weebly All-in-One Recenzje","h1_caption":"Zbieraj i prezentuj recenzje z wielu platform, takich jak Google, Facebook i Yelp, w jednej aplikacji, aby bez wysi\u0142ku budowa\u0107 zaufanie i wiarygodno\u015b\u0107 swojej witryny Weebly.","application_category":[],"applications_title":"","applications_request_title":"","applications_request_button_text":"","hero_text":"","hero_video":"","hero_video_schema_markup":"","selling_points_title":"","selling_points_caption":"","selling_points":[],"selling_points_cta_text":"","features_title":"","features":"","ed_cta_examples_text":"","ed_cta_examples_hidden":"","ed_cta_demo_text":"","ed_cta_demo_hidden":"","why_caption":"","why_editor_title":"","why_editor_text":"","why_team_title":"","why_team_text":"","why_service_title":"","why_service_text":"","template_catalog_visible":"","template_catalog_title":"","template_catalog_text":"","template_catalog_categories_visible":"","demo_title":"Utw\u00f3rz aplikacj\u0119 All-in-One Recenzje","demo_caption":"Skonfiguruj recenzje All-in-One i dodaj je za darmo do swojej witryny Weebly!","default_faq_hidden":"","app_template_category":[],"platform":"132","template_public_id":"","codecanyon_url":"","codecanyon_item_id":"","codecanyon_price":"","pricing_caption":"","pricing_elfsight_apps_hide_column":"","pricing_elfsight_apps_url":"","pricing_codecanyon_price_caption":"","integration_category":[],"integration_request_title":"","integration_request_cta":"","integration_platform":"","integrations":[],"platform_category":[],"video_schema_markup":"","price":"od 0 USD \/ miesi\u0105c","trial":"","benefits":[{"text":"Bezp\u0142atna pomoc w instalacji"},{"text":"Kompetentna obs\u0142uga klienta"},{"text":"14-dniowa gwarancja zwrotu pieni\u0119dzy"}],"button_url":"#demo","button_target_blank":"","button_nofollow":"","attributes":[{"name":"Instaluje"},{"name":"Czu\u0142y"},{"name":"Kompatybilne przegl\u0105darki"}],"tags":[],"tags_disable_links":"","hide_more_platforms":"","video_object":"","demo_hide_cta":"","demo_hide_cloud_options":"","pricing_title":"","pricing":[{"pricing_icon":"platform","pricing_title":"Elfsight Apps","pricing_title_caption":"Oprogramowanie niezale\u017cne od platformy, kt\u00f3re pasuje do ka\u017cdej witryny","pricing_price":"od 0 USD \/ miesi\u0105c","pricing_price_caption":"zacznij od bezp\u0142atnego planu","pricing_benefits":[{"text":"Nielimitowane strony internetowe"},{"text":"Profesjonalna i terminowa pomoc oraz dobrze udokumentowana"},{"text":"Bezp\u0142atna pomoc w monta\u017cu"},{"text":"Elastyczny projekt"}],"pricing_button_text":"Dodaj do witryny","pricing_button_url":"#demo"}],"related_apps_title":"","related_apps_hidden":"","author":"","image":[],"title":"","job":"","social_networks":[]},"_links":{"self":[{"href":"https:\/\/elfsight.com\/pl\/wp-json\/wp\/v2\/pages\/4048","targetHints":{"allow":["GET"]}}],"collection":[{"href":"https:\/\/elfsight.com\/pl\/wp-json\/wp\/v2\/pages"}],"about":[{"href":"https:\/\/elfsight.com\/pl\/wp-json\/wp\/v2\/types\/page"}],"author":[{"embeddable":true,"href":"https:\/\/elfsight.com\/pl\/wp-json\/wp\/v2\/users\/9"}],"replies":[{"embeddable":true,"href":"https:\/\/elfsight.com\/pl\/wp-json\/wp\/v2\/comments?post=4048"}],"version-history":[{"count":1,"href":"https:\/\/elfsight.com\/pl\/wp-json\/wp\/v2\/pages\/4048\/revisions"}],"predecessor-version":[{"id":4052,"href":"https:\/\/elfsight.com\/pl\/wp-json\/wp\/v2\/pages\/4048\/revisions\/4052"}],"up":[{"embeddable":true,"href":"https:\/\/elfsight.com\/pl\/wp-json\/wp\/v2\/pages\/711"}],"wp:attachment":[{"href":"https:\/\/elfsight.com\/pl\/wp-json\/wp\/v2\/media?parent=4048"}],"curies":[{"name":"wp","href":"https:\/\/api.w.org\/{rel}","templated":true}]}}