{"id":4047,"date":"2024-05-03T06:27:09","date_gmt":"2024-05-03T06:27:09","guid":{"rendered":"https:\/\/elfsight.com\/pl\/?page_id=4047"},"modified":"2024-11-14T08:54:26","modified_gmt":"2024-11-14T08:54:26","slug":"wix","status":"publish","type":"page","link":"https:\/\/elfsight.com\/pl\/all-in-one-reviews-widget\/wix\/","title":{"rendered":"All-in-One Reviews &#8211; Wix"},"content":{"rendered":"<div class=\"application-platform-content-item-description application-platform-content-item\" id=\"description\" data-nav-section=\"description\"> <h2>Opis<\/h2> <p>Elfsight All-in-One Recenzje to przydatna aplikacja dla Wix, kt\u00f3ra umo\u017cliwia zaprezentowanie wszystkich referencji o Twojej firmie bezpo\u015brednio na stronie internetowej ze wszystkich popularnych witryn z recenzjami. Korzystaj\u0105c z naszego narz\u0119dzia, b\u0119dziesz w stanie u\u017cy\u0107 filtr\u00f3w do ukrycia niechcianych komentarzy, zademonstrowa\u0107 swoj\u0105 ocen\u0119 i liczby na swojej stronie na dowolnej platformie z recenzjami biznesowymi, doda\u0107 informacje o tw\u00f3rcach referencji i doda\u0107 atrakcyjny przycisk CTA, kt\u00f3ry zmotywuje u\u017cytkownik\u00f3w do publikowania ich komentarz. Nasze narz\u0119dzie pomo\u017ce Ci zaprezentowa\u0107 imponuj\u0105cy dow\u00f3d spo\u0142eczno\u015bciowy na swojej stronie internetowej i zacz\u0105\u0107 uzyskiwa\u0107 wi\u0119cej nowych zakup\u00f3w. <\/p> <p><b>Podnie\u015b sprzeda\u017c prezentuj\u0105c swoj\u0105 niezwyk\u0142\u0105 wycen\u0119<\/b><\/p> <\/div> <div class=\"application-platform-content-item-features application-platform-content-item\" id=\"features\" data-nav-section=\"features\"> <h2>Oferujemy cenne i szybkie funkcje, sprawd\u017a niekt\u00f3re z nich : <\/h2> <ul><li>Opcja w\u0142\u0105czania\/wy\u0142\u0105czania nag\u0142\u00f3wka aplikacji<\/li><li>Przejrzyj przycisk \u201eNapisz recenzj\u0119\u201d, aby przyci\u0105gn\u0105\u0107 u\u017cytkownik\u00f3w na Twoj\u0105 stron\u0119<\/li><li>Godne podziw stylizacja jest dost\u0119pna jednym klikni\u0119ciem<\/li><li>Elementy interfejsu wid\u017cetu z mo\u017cliwo\u015bci\u0105 malowania<\/li><li>Maksymalna liczba szczeg\u00f3\u0142\u00f3w pozwalaj\u0105cych budowa\u0107 zaufanie<\/li><\/ul><p><a href=\"#demo\"> Mo\u017cesz zobaczy\u0107, kiedy wid\u017cet oferuje us\u0142ug\u0119 za pomoc\u0105 wersji demonstracyjnej<\/a><\/p> <\/div> <div class=\"application-platform-content-item-installation application-platform-content-item\" id=\"installation\" data-nav-section=\"installation\"> <h2>Jak mog\u0119 doda\u0107 recenzje All-in-One do mojej sieci Wix strona? <\/h2> <p>Wystarczy post\u0119powa\u0107 zgodnie z poni\u017cszymi instrukcjami, aby doda\u0107 wid\u017cet. <\/p> <ol><li><b>Uruchom nasz darmowy edytor i zacznij tworzy\u0107 w\u0142asn\u0105 aplikacj\u0119. <\/b><br> Okre\u015bl niestandardowy interfejs i parametry narz\u0119dzia i zastosuj zmiany. <\/li> <li><b>Zdob\u0105d\u017a sw\u00f3j indywidualny kod pokazany w polu w aplikacjach Elfsight. <\/b><br> Po zako\u0144czeniu tworzenia narz\u0119dzia skopiuj ekskluzywny kod z wy\u015bwietlonego pola i zachowaj go do wykorzystania w przysz\u0142o\u015bci. <\/li> <li><b>Rozpocznij korzystanie z widgetu na stronie Wix. <\/b><br> Dodaj ostatnio zapisany kod do swojej strony internetowej i zapisz zmiany. <\/li> <li><b>Instalacja zosta\u0142a pomy\u015blnie przeprowadzona. <\/b><br> Przejd\u017a na swoj\u0105 witryn\u0119, aby zobaczy\u0107 dzia\u0142anie narz\u0119dzia. <\/li><\/ol> <p>Je\u015bli masz pytania lub napotkasz jakiekolwiek problemy, nie wahaj si\u0119 zwr\u00f3ci\u0107 do naszego zespo\u0142u obs\u0142ugi klienta. Nasi specjali\u015bci pragn\u0105 rozwi\u0105za\u0107 wszystkie problemy, jakie mo\u017cesz mie\u0107 z produktem. <\/p> <div class=\"faq\" data-component=\"FAQ\"> <div class=\"faq-item\">\r\n\t\t\t\t\t<div class=\"faq-item-question\">\r\n\t\t\t\t\t\t<h3 class=\"faq-item-question-text\"><\/h3>\r\n\r\n\t\t\t\t\t\t<div class=\"faq-item-question-icon\"><\/div>\r\n\t\t\t\t\t<\/div>\r\n\r\n\t\t\t\t\t<div class=\"faq-item-answer\">\r\n\t\t\t\t\t\t<div class=\"faq-item-answer-text\"> <p>Elfsight zapewnia rozwi\u0105zanie SaaS, kt\u00f3re pozwala na utworzenie urz\u0105dzenia typu \u201ewszystko w jednym\u201d Sam wid\u017cet Recenzji, przekonaj si\u0119, jak \u0142atwy jest ten proces: Pracuj bezpo\u015brednio w Edytorze online, aby utworzy\u0107 widget Recenzji typu \u201ewszystko w jednym\u201d, kt\u00f3ry chcia\u0142by\u015b zobaczy\u0107 na swojej stronie Wix. Wybierz jeden z gotowych szablon\u00f3w i dostosuj ustawienia Recenzji All-in-one, dodaj tre\u015b\u0107, zmie\u0144 uk\u0142ad i kolory bez umiej\u0119tno\u015bci kodowania. Zapisz Recenzj\u0119 All-in-one i skopiuj jej kod instalacyjny, kt\u00f3ry mo\u017cesz wklei\u0107 na swojej stronie Wix bez konieczno\u015bci kupowania p\u0142atnej subskrypcji. Dzi\u0119ki naszemu intuicyjnemu edytorowi ka\u017cdy u\u017cytkownik Internetu mo\u017ce stworzy\u0107 wid\u017cet Recenzji typu \u201ewszystko w jednym\u201d online i \u0142atwo osadzi\u0107 go na swojej stronie internetowej Wix. Aby uzyska\u0107 dost\u0119p do us\u0142ugi, nie trzeba p\u0142aci\u0107 ani wprowadza\u0107 danych uwierzytelniaj\u0105cych karty. Je\u015bli na kt\u00f3rymkolwiek etapie napotkasz jakiekolwiek problemy, skontaktuj si\u0119 z naszym zespo\u0142em pomocy technicznej.<\/p> <\/div>\r\n\t\t\t\t\t<\/div>\r\n\t\t\t\t<\/div> <\/div> <\/div>","protected":false},"excerpt":{"rendered":"","protected":false},"author":9,"featured_media":0,"parent":711,"menu_order":0,"comment_status":"closed","ping_status":"closed","template":"templates\/template-application-platform.php","meta":{"publish_to_discourse":"","publish_post_category":"","wpdc_auto_publish_overridden":"","wpdc_topic_tags":"","wpdc_pin_topic":"","wpdc_pin_until":"","discourse_post_id":"","discourse_permalink":"","wpdc_publishing_response":"","wpdc_publishing_error":"","footnotes":""},"class_list":["post-4047","page","type-page","status-publish","hentry"],"yoast_head":"<!-- This site is optimized with the Yoast SEO plugin v25.3.1 - https:\/\/yoast.com\/wordpress\/plugins\/seo\/ -->\n<title>Dodaj responsywn\u0105 aplikacj\u0119 All-in-One Recenzje do swojej witryny Wix<\/title>\n<meta name=\"description\" content=\"Dodaj responsywne rozszerzenie Recenzji na swojej stronie Wix i zdob\u0105d\u017a pe\u0142ne zaufanie. Skorzystaj z por\u0119cznej wersji demonstracyjnej Elfsight, aby stworzy\u0107 swoje unikalne narz\u0119dzie w mniej ni\u017c trzy minuty.\" \/>\n<meta name=\"robots\" content=\"index, follow, max-snippet:-1, max-image-preview:large, max-video-preview:-1\" \/>\n<link rel=\"canonical\" href=\"https:\/\/elfsight.com\/pl\/all-in-one-reviews-widget\/wix\/\" \/>\n<meta property=\"og:locale\" content=\"pl_PL\" \/>\n<meta property=\"og:type\" content=\"article\" \/>\n<meta property=\"og:title\" content=\"Dodaj responsywn\u0105 aplikacj\u0119 All-in-One Recenzje do swojej witryny Wix\" \/>\n<meta property=\"og:description\" content=\"Dodaj responsywne rozszerzenie Recenzji na swojej stronie Wix i zdob\u0105d\u017a pe\u0142ne zaufanie. Skorzystaj z por\u0119cznej wersji demonstracyjnej Elfsight, aby stworzy\u0107 swoje unikalne narz\u0119dzie w mniej ni\u017c trzy minuty.\" \/>\n<meta property=\"og:url\" content=\"https:\/\/elfsight.com\/pl\/all-in-one-reviews-widget\/wix\/\" \/>\n<meta property=\"og:site_name\" content=\"Elfsight PL\" \/>\n<meta property=\"article:modified_time\" content=\"2024-11-14T08:54:26+00:00\" \/>\n<meta name=\"twitter:card\" content=\"summary_large_image\" \/>\n<meta name=\"twitter:label1\" content=\"Szacowany czas czytania\" \/>\n\t<meta name=\"twitter:data1\" content=\"3 minuty\" \/>\n<!-- \/ Yoast SEO plugin. -->","yoast_head_json":{"title":"Dodaj responsywn\u0105 aplikacj\u0119 All-in-One Recenzje do swojej witryny Wix","description":"Dodaj responsywne rozszerzenie Recenzji na swojej stronie Wix i zdob\u0105d\u017a pe\u0142ne zaufanie. Skorzystaj z por\u0119cznej wersji demonstracyjnej Elfsight, aby stworzy\u0107 swoje unikalne narz\u0119dzie w mniej ni\u017c trzy minuty.","robots":{"index":"index","follow":"follow","max-snippet":"max-snippet:-1","max-image-preview":"max-image-preview:large","max-video-preview":"max-video-preview:-1"},"canonical":"https:\/\/elfsight.com\/pl\/all-in-one-reviews-widget\/wix\/","og_locale":"pl_PL","og_type":"article","og_title":"Dodaj responsywn\u0105 aplikacj\u0119 All-in-One Recenzje do swojej witryny Wix","og_description":"Dodaj responsywne rozszerzenie Recenzji na swojej stronie Wix i zdob\u0105d\u017a pe\u0142ne zaufanie. Skorzystaj z por\u0119cznej wersji demonstracyjnej Elfsight, aby stworzy\u0107 swoje unikalne narz\u0119dzie w mniej ni\u017c trzy minuty.","og_url":"https:\/\/elfsight.com\/pl\/all-in-one-reviews-widget\/wix\/","og_site_name":"Elfsight PL","article_modified_time":"2024-11-14T08:54:26+00:00","twitter_card":"summary_large_image","twitter_misc":{"Szacowany czas czytania":"3 minuty"},"schema":{"@context":"https:\/\/schema.org","@graph":[{"@type":"WebPage","@id":"https:\/\/elfsight.com\/pl\/all-in-one-reviews-widget\/wix\/","url":"https:\/\/elfsight.com\/pl\/all-in-one-reviews-widget\/wix\/","name":"Dodaj responsywn\u0105 aplikacj\u0119 All-in-One Recenzje do swojej witryny Wix","isPartOf":{"@id":"https:\/\/elfsight.com\/pl\/#website"},"datePublished":"2024-05-03T06:27:09+00:00","dateModified":"2024-11-14T08:54:26+00:00","description":"Dodaj responsywne rozszerzenie Recenzji na swojej stronie Wix i zdob\u0105d\u017a pe\u0142ne zaufanie. Skorzystaj z por\u0119cznej wersji demonstracyjnej Elfsight, aby stworzy\u0107 swoje unikalne narz\u0119dzie w mniej ni\u017c trzy minuty.","breadcrumb":{"@id":"https:\/\/elfsight.com\/pl\/all-in-one-reviews-widget\/wix\/#breadcrumb"},"inLanguage":"pl-PL","potentialAction":[{"@type":"ReadAction","target":["https:\/\/elfsight.com\/pl\/all-in-one-reviews-widget\/wix\/"]}]},{"@type":"BreadcrumbList","@id":"https:\/\/elfsight.com\/pl\/all-in-one-reviews-widget\/wix\/#breadcrumb","itemListElement":[{"@type":"ListItem","position":1,"name":"Home","item":"https:\/\/elfsight.com\/pl\/"},{"@type":"ListItem","position":2,"name":"All-in-One Reviews","item":"https:\/\/elfsight.com\/pl\/all-in-one-reviews-widget\/"},{"@type":"ListItem","position":3,"name":"All-in-One Reviews &#8211; Wix"}]},{"@type":"WebSite","@id":"https:\/\/elfsight.com\/pl\/#website","url":"https:\/\/elfsight.com\/pl\/","name":"Elfsight PL","description":"Just another Elfsight Sites site","potentialAction":[{"@type":"SearchAction","target":{"@type":"EntryPoint","urlTemplate":"https:\/\/elfsight.com\/pl\/?s={search_term_string}"},"query-input":{"@type":"PropertyValueSpecification","valueRequired":true,"valueName":"search_term_string"}}],"inLanguage":"pl-PL"}]}},"meta_box":{"industry":"","seo_heading":"","heading":"","description":"","cta_heading":"","cta_description":"","application":"710","h1":"Aplikacja Wix All-in-One Recenzje","h1_caption":"Zbieraj i prezentuj recenzje z wielu platform, takich jak Google, Facebook i Yelp, w jednej aplikacji, aby bez wysi\u0142ku budowa\u0107 zaufanie i wiarygodno\u015b\u0107 swojej witryny Wix.","application_category":[],"applications_title":"","applications_request_title":"","applications_request_button_text":"","hero_text":"","hero_video":"","hero_video_schema_markup":"","selling_points_title":"","selling_points_caption":"","selling_points":[],"selling_points_cta_text":"","features_title":"","features":"","ed_cta_examples_text":"","ed_cta_examples_hidden":"","ed_cta_demo_text":"","ed_cta_demo_hidden":"","why_caption":"","why_editor_title":"","why_editor_text":"","why_team_title":"","why_team_text":"","why_service_title":"","why_service_text":"","template_catalog_visible":"","template_catalog_title":"","template_catalog_text":"","template_catalog_categories_visible":"","demo_title":"Utw\u00f3rz aplikacj\u0119 All-in-One Recenzje","demo_caption":"Skonfiguruj swoje recenzje All-in-One i dodaj je do swojej witryny Wix za darmo!","default_faq_hidden":"","app_template_category":[],"platform":"30","template_public_id":"","codecanyon_url":"","codecanyon_item_id":"","codecanyon_price":"","pricing_caption":"","pricing_elfsight_apps_hide_column":"","pricing_elfsight_apps_url":"","pricing_codecanyon_price_caption":"","integration_category":[],"integration_request_title":"","integration_request_cta":"","integration_platform":"","integrations":[],"platform_category":[],"video_schema_markup":"","price":"od 0 USD \/ miesi\u0105c","trial":"","benefits":[{"text":"Bezp\u0142atna pomoc w monta\u017cu"},{"text":"Do\u015bwiadczone wsparcie"},{"text":"14-dniowa gwarancja zwrotu pieni\u0119dzy"}],"button_url":"#demo","button_target_blank":"","button_nofollow":"","attributes":[{"name":"Instaluje"},{"name":"Czu\u0142y"},{"name":"Kompatybilne przegl\u0105darki"}],"tags":[],"tags_disable_links":"","hide_more_platforms":"","video_object":"","demo_hide_cta":"","demo_hide_cloud_options":"","pricing_title":"","pricing":[{"pricing_icon":"platform","pricing_title":"Elfsight Apps","pricing_title_caption":"Wieloplatformowe rozwi\u0105zanie cyfrowe","pricing_price":"od 0 USD \/ miesi\u0105c","pricing_price_caption":"zacznij od bezp\u0142atnego planu","pricing_benefits":[{"text":"Nielimitowane strony internetowe"},{"text":"Szybkie wsparcie"},{"text":"Bezp\u0142atne wsparcie instalacyjne"},{"text":"100% konfigurowalny"}],"pricing_button_text":"Dodaj do witryny","pricing_button_url":"#demo"}],"related_apps_title":"","related_apps_hidden":"","author":"","image":[],"title":"","job":"","social_networks":[]},"_links":{"self":[{"href":"https:\/\/elfsight.com\/pl\/wp-json\/wp\/v2\/pages\/4047","targetHints":{"allow":["GET"]}}],"collection":[{"href":"https:\/\/elfsight.com\/pl\/wp-json\/wp\/v2\/pages"}],"about":[{"href":"https:\/\/elfsight.com\/pl\/wp-json\/wp\/v2\/types\/page"}],"author":[{"embeddable":true,"href":"https:\/\/elfsight.com\/pl\/wp-json\/wp\/v2\/users\/9"}],"replies":[{"embeddable":true,"href":"https:\/\/elfsight.com\/pl\/wp-json\/wp\/v2\/comments?post=4047"}],"version-history":[{"count":1,"href":"https:\/\/elfsight.com\/pl\/wp-json\/wp\/v2\/pages\/4047\/revisions"}],"predecessor-version":[{"id":4051,"href":"https:\/\/elfsight.com\/pl\/wp-json\/wp\/v2\/pages\/4047\/revisions\/4051"}],"up":[{"embeddable":true,"href":"https:\/\/elfsight.com\/pl\/wp-json\/wp\/v2\/pages\/711"}],"wp:attachment":[{"href":"https:\/\/elfsight.com\/pl\/wp-json\/wp\/v2\/media?parent=4047"}],"curies":[{"name":"wp","href":"https:\/\/api.w.org\/{rel}","templated":true}]}}