{"id":4046,"date":"2024-05-03T06:27:08","date_gmt":"2024-05-03T06:27:08","guid":{"rendered":"https:\/\/elfsight.com\/pl\/?page_id=4046"},"modified":"2025-06-24T09:43:20","modified_gmt":"2025-06-24T09:43:20","slug":"wordpress","status":"publish","type":"page","link":"https:\/\/elfsight.com\/pl\/all-in-one-reviews-widget\/wordpress\/","title":{"rendered":"All-in-One Reviews &#8211; WordPress"},"content":{"rendered":"<div class=\"application-platform-content-item-description application-platform-content-item\" id=\"description\" data-nav-section=\"description\"> <h2>Osadzaj kompleksowe recenzje w WordPressie za pomoc\u0105 wid\u017cetu Elfsight<\/h2> <p>Elfsight All-in-One Recenzje to przydatna wtyczka do WordPressa, dzi\u0119ki kt\u00f3rej mo\u017cesz wy\u015bwietli\u0107 wszystkie referencje na temat Twojej firmy bezpo\u015brednio na swojej stronie internetowej ze wszystkich znanych platform recenzji biznesowych. Korzystaj\u0105c z naszego narz\u0119dzia, b\u0119dziesz w stanie u\u017cy\u0107 filtr\u00f3w do ukrycia niepo\u017c\u0105danych komentarzy, zademonstrowa\u0107 swoj\u0105 ocen\u0119 i numer oceny ze swojego konta na dowolnej stronie z recenzjami, do\u0142\u0105czy\u0107 informacje o tw\u00f3rcach recenzji i do\u0142\u0105czy\u0107 fascynuj\u0105cy przycisk wezwania do dzia\u0142ania, kt\u00f3ry zmotywuj odwiedzaj\u0105cych witryn\u0119 do opublikowania nowej recenzji. Wid\u017cet Recenzje Elfsight pomo\u017ce Ci pochwali\u0107 si\u0119 na stronie internetowej swoim znacz\u0105cym dowodem spo\u0142eczno\u015bciowym i zacz\u0105\u0107 zdobywa\u0107 wi\u0119cej nowych zakup\u00f3w. <\/p> <p><b>Zwi\u0119ksz sprzeda\u017c dzi\u0119ki doskona\u0142ej wycenie<\/b><\/p> <\/div> <div class=\"application-platform-content-item-features application-platform-content-item\" id=\"features\" data-nav-section=\"features\"> <h2>Wid\u017cet oferuje praktyczne i nieskomplikowane funkcje, oto kilka z nich: <\/h2> <ul><li>Opcja w\u0142\u0105czenia\/wy\u0142\u0105czenia nag\u0142\u00f3wka wtyczki<\/li><li>Opcja pokazania przycisku \u017c\u0105dania, aby przyci\u0105gn\u0105\u0107 u\u017cytkownik\u00f3w na Twoj\u0105 stron\u0119<\/li><li>Niezwyk\u0142a stylizacja w zasi\u0119gu jednego klikni\u0119cia<\/li><li>Elementy interfejsu z mo\u017cliwo\u015bci\u0105 malowania<\/li><li>Maksymalna liczba szczeg\u00f3\u0142\u00f3w zapewniaj\u0105cych budowanie pewno\u015bci siebie<\/li><\/ul><p><a href=\"#demo\">Mo\u017cesz poczu\u0107, jak dzia\u0142a widget, wypr\u00f3bowuj\u0105c wersj\u0119 demonstracyjn\u0105<\/a><\/p> <\/div> <div class=\"application-platform-content-item-installation application-platform-content-item\" id=\"installation\" data-nav-section=\"installation\"> <h2>Jak mog\u0119 osadzi\u0107 recenzje typu \u201ewszystko w jednym\u201d w mojej witrynie WordPress? <\/h2> <p>Wystarczy post\u0119powa\u0107 zgodnie z poni\u017cszymi instrukcjami, aby rozpocz\u0105\u0107 prac\u0119 z narz\u0119dziem. <\/p> <ol><li><b>Skorzystaj z naszego bezp\u0142atnego edytora i zacznij tworzy\u0107 swoj\u0105 unikaln\u0105 wtyczk\u0119. <\/b><br> Okre\u015bl preferowany interfejs i wydajno\u015b\u0107 wtyczki i zapisz wszystkie modyfikacje. <\/li> <li><b>Skopiuj sw\u00f3j unikalny kod, kt\u00f3ry pojawia si\u0119 w specjalnym formularzu w aplikacjach Elfsight. <\/b><br> Po zako\u0144czeniu konfiguracji wtyczki skopiuj kod osobisty z wy\u015bwietlonego pola i zachowaj go na przysz\u0142o\u015b\u0107. <\/li> <li><b>Rozpocznij korzystanie z wtyczki na stronie WordPress. <\/b><br> Wprowad\u017a skopiowany ostatnio kod na swoj\u0105 stron\u0119 i zapisz poprawki. <\/li> <li><b>Instalacja zosta\u0142a ca\u0142kowicie zako\u0144czona. <\/b><br> Przejd\u017a na swoj\u0105 stron\u0119 internetow\u0105, aby sprawdzi\u0107 dzia\u0142anie wtyczki. <\/li><\/ol><p>Je\u015bli napotkasz pewne trudno\u015bci, nie wahaj si\u0119 skontaktowa\u0107 z naszym zespo\u0142em wsparcia. Nasi specjali\u015bci ch\u0119tnie odpowiedz\u0105 na wszystkie pytania, jakie mo\u017cesz mie\u0107 w zwi\u0105zku z tym narz\u0119dziem. <\/p> <div class=\"faq\" data-component=\"FAQ\"> <div class=\"faq-item\">\r\n\t\t\t\t\t<div class=\"faq-item-question\">\r\n\t\t\t\t\t\t<h3 class=\"faq-item-question-text\">Jak mog\u0119 doda\u0107 recenzje typu \u201ewszystko w jednym\u201d do mojej witryny WordPress bez umiej\u0119tno\u015bci kodowania?<\/h3>\r\n\r\n\t\t\t\t\t\t<div class=\"faq-item-question-icon\"><\/div>\r\n\t\t\t\t\t<\/div>\r\n\r\n\t\t\t\t\t<div class=\"faq-item-answer\">\r\n\t\t\t\t\t\t<div class=\"faq-item-answer-text\"> <p>Elfsight zapewnia rozwi\u0105zanie SaaS, kt\u00f3re umo\u017cliwia utworzenie urz\u0105dzenia typu \u201ewszystko w jednym\u201d Sam wid\u017cet Recenzje, przekonaj si\u0119, jak \u0142atwy jest ten proces: Pracuj bezpo\u015brednio w edytorze online, aby utworzy\u0107 kompleksowy wid\u017cet Recenzje, kt\u00f3ry chcesz zobaczy\u0107 na swojej stronie WordPress. Wybierz jeden z gotowych szablon\u00f3w i dostosuj ustawienia Recenzji All-in-one, dodaj tre\u015b\u0107, zmie\u0144 uk\u0142ad i kolory bez umiej\u0119tno\u015bci kodowania. Zapisz recenzje All-in-one i skopiuj ich kod instalacyjny, kt\u00f3ry mo\u017cesz bez wysi\u0142ku doda\u0107 do swojej witryny WordPress bez konieczno\u015bci kupowania p\u0142atnej subskrypcji. Dzi\u0119ki naszemu intuicyjnemu edytorowi ka\u017cdy u\u017cytkownik Internetu mo\u017ce stworzy\u0107 wid\u017cet Recenzje typu \u201ewszystko w jednym\u201d online i \u0142atwo osadzi\u0107 go na swojej stronie WordPress. Aby uzyska\u0107 dost\u0119p do us\u0142ugi, nie trzeba p\u0142aci\u0107 ani wprowadza\u0107 danych uwierzytelniaj\u0105cych karty. Je\u015bli na kt\u00f3rymkolwiek etapie napotkasz jakiekolwiek problemy, skontaktuj si\u0119 z naszym zespo\u0142em pomocy technicznej.<\/p> <\/div>\r\n\t\t\t\t\t<\/div>\r\n\t\t\t\t<\/div> <\/div> <\/div>","protected":false},"excerpt":{"rendered":"","protected":false},"author":9,"featured_media":0,"parent":711,"menu_order":0,"comment_status":"closed","ping_status":"closed","template":"templates\/template-application-platform.php","meta":{"publish_to_discourse":"","publish_post_category":"","wpdc_auto_publish_overridden":"","wpdc_topic_tags":"","wpdc_pin_topic":"","wpdc_pin_until":"","discourse_post_id":"","discourse_permalink":"","wpdc_publishing_response":"","wpdc_publishing_error":"","footnotes":""},"class_list":["post-4046","page","type-page","status-publish","hentry"],"yoast_head":"<!-- This site is optimized with the Yoast SEO plugin v25.3.1 - https:\/\/yoast.com\/wordpress\/plugins\/seo\/ -->\n<title>Dodaj responsywn\u0105 wtyczk\u0119 All-in-One Reviews do swojej witryny WordPress<\/title>\n<meta name=\"description\" content=\"Umie\u015b\u0107 wid\u017cet Recenzje All-in-One na swojej witrynie WordPress i zdob\u0105d\u017a pe\u0142ne zaufanie. Skorzystaj z przydatnej wersji demonstracyjnej Elfsight, aby zbudowa\u0107 swoje unikalne narz\u0119dzie.\" \/>\n<meta name=\"robots\" content=\"index, follow, max-snippet:-1, max-image-preview:large, max-video-preview:-1\" \/>\n<link rel=\"canonical\" href=\"https:\/\/elfsight.com\/pl\/all-in-one-reviews-widget\/wordpress\/\" \/>\n<meta property=\"og:locale\" content=\"pl_PL\" \/>\n<meta property=\"og:type\" content=\"article\" \/>\n<meta property=\"og:title\" content=\"Dodaj responsywn\u0105 wtyczk\u0119 All-in-One Reviews do swojej witryny WordPress\" \/>\n<meta property=\"og:description\" content=\"Umie\u015b\u0107 wid\u017cet Recenzje All-in-One na swojej witrynie WordPress i zdob\u0105d\u017a pe\u0142ne zaufanie. Skorzystaj z przydatnej wersji demonstracyjnej Elfsight, aby zbudowa\u0107 swoje unikalne narz\u0119dzie.\" \/>\n<meta property=\"og:url\" content=\"https:\/\/elfsight.com\/pl\/all-in-one-reviews-widget\/wordpress\/\" \/>\n<meta property=\"og:site_name\" content=\"Elfsight PL\" \/>\n<meta property=\"article:modified_time\" content=\"2025-06-24T09:43:20+00:00\" \/>\n<meta name=\"twitter:card\" content=\"summary_large_image\" \/>\n<meta name=\"twitter:label1\" content=\"Szacowany czas czytania\" \/>\n\t<meta name=\"twitter:data1\" content=\"3 minuty\" \/>\n<!-- \/ Yoast SEO plugin. -->","yoast_head_json":{"title":"Dodaj responsywn\u0105 wtyczk\u0119 All-in-One Reviews do swojej witryny WordPress","description":"Umie\u015b\u0107 wid\u017cet Recenzje All-in-One na swojej witrynie WordPress i zdob\u0105d\u017a pe\u0142ne zaufanie. Skorzystaj z przydatnej wersji demonstracyjnej Elfsight, aby zbudowa\u0107 swoje unikalne narz\u0119dzie.","robots":{"index":"index","follow":"follow","max-snippet":"max-snippet:-1","max-image-preview":"max-image-preview:large","max-video-preview":"max-video-preview:-1"},"canonical":"https:\/\/elfsight.com\/pl\/all-in-one-reviews-widget\/wordpress\/","og_locale":"pl_PL","og_type":"article","og_title":"Dodaj responsywn\u0105 wtyczk\u0119 All-in-One Reviews do swojej witryny WordPress","og_description":"Umie\u015b\u0107 wid\u017cet Recenzje All-in-One na swojej witrynie WordPress i zdob\u0105d\u017a pe\u0142ne zaufanie. Skorzystaj z przydatnej wersji demonstracyjnej Elfsight, aby zbudowa\u0107 swoje unikalne narz\u0119dzie.","og_url":"https:\/\/elfsight.com\/pl\/all-in-one-reviews-widget\/wordpress\/","og_site_name":"Elfsight PL","article_modified_time":"2025-06-24T09:43:20+00:00","twitter_card":"summary_large_image","twitter_misc":{"Szacowany czas czytania":"3 minuty"},"schema":{"@context":"https:\/\/schema.org","@graph":[{"@type":"WebPage","@id":"https:\/\/elfsight.com\/pl\/all-in-one-reviews-widget\/wordpress\/","url":"https:\/\/elfsight.com\/pl\/all-in-one-reviews-widget\/wordpress\/","name":"Dodaj responsywn\u0105 wtyczk\u0119 All-in-One Reviews do swojej witryny WordPress","isPartOf":{"@id":"https:\/\/elfsight.com\/pl\/#website"},"datePublished":"2024-05-03T06:27:08+00:00","dateModified":"2025-06-24T09:43:20+00:00","description":"Umie\u015b\u0107 wid\u017cet Recenzje All-in-One na swojej witrynie WordPress i zdob\u0105d\u017a pe\u0142ne zaufanie. Skorzystaj z przydatnej wersji demonstracyjnej Elfsight, aby zbudowa\u0107 swoje unikalne narz\u0119dzie.","breadcrumb":{"@id":"https:\/\/elfsight.com\/pl\/all-in-one-reviews-widget\/wordpress\/#breadcrumb"},"inLanguage":"pl-PL","potentialAction":[{"@type":"ReadAction","target":["https:\/\/elfsight.com\/pl\/all-in-one-reviews-widget\/wordpress\/"]}]},{"@type":"BreadcrumbList","@id":"https:\/\/elfsight.com\/pl\/all-in-one-reviews-widget\/wordpress\/#breadcrumb","itemListElement":[{"@type":"ListItem","position":1,"name":"Home","item":"https:\/\/elfsight.com\/pl\/"},{"@type":"ListItem","position":2,"name":"All-in-One Reviews","item":"https:\/\/elfsight.com\/pl\/all-in-one-reviews-widget\/"},{"@type":"ListItem","position":3,"name":"All-in-One Reviews &#8211; WordPress"}]},{"@type":"WebSite","@id":"https:\/\/elfsight.com\/pl\/#website","url":"https:\/\/elfsight.com\/pl\/","name":"Elfsight PL","description":"Just another Elfsight Sites site","potentialAction":[{"@type":"SearchAction","target":{"@type":"EntryPoint","urlTemplate":"https:\/\/elfsight.com\/pl\/?s={search_term_string}"},"query-input":{"@type":"PropertyValueSpecification","valueRequired":true,"valueName":"search_term_string"}}],"inLanguage":"pl-PL"}]}},"meta_box":{"industry":"","seo_heading":"","heading":"","description":"","cta_heading":"","cta_description":"","application":"710","h1":"Wtyczka WordPress All-in-One Recenzje","h1_caption":"Zbieraj i prezentuj recenzje z wielu platform, takich jak Google, Facebook i Yelp, za pomoc\u0105 jednej wtyczki, aby bez wysi\u0142ku budowa\u0107 zaufanie i wiarygodno\u015b\u0107 swojej witryny WordPress.","application_category":[],"applications_title":"","applications_request_title":"","applications_request_button_text":"","hero_text":"","hero_video":"","hero_video_schema_markup":"","selling_points_title":"","selling_points_caption":"","selling_points":[],"selling_points_cta_text":"","features_title":"","features":"","ed_cta_examples_text":"","ed_cta_examples_hidden":"","ed_cta_demo_text":"","ed_cta_demo_hidden":"","why_caption":"","why_editor_title":"","why_editor_text":"","why_team_title":"","why_team_text":"","why_service_title":"","why_service_text":"","template_catalog_visible":"0","template_catalog_title":"","template_catalog_text":"","template_catalog_categories_visible":"","demo_title":"Utw\u00f3rz wtyczk\u0119 All-in-One Reviews","demo_caption":"Skonfiguruj swoje recenzje All-in-One i dodaj je do swojej witryny WordPress za darmo!","default_faq_hidden":"","app_template_category":[],"platform":"31","template_public_id":"","codecanyon_url":"","codecanyon_item_id":"","codecanyon_price":"","pricing_caption":"","pricing_elfsight_apps_hide_column":"","pricing_elfsight_apps_url":"","pricing_codecanyon_price_caption":"","integration_category":[],"integration_request_title":"","integration_request_cta":"","integration_platform":"","integrations":[],"platform_category":[],"video_schema_markup":"","price":"od 0 USD \/ miesi\u0105c","trial":"","benefits":[{"text":"Bezp\u0142atna pomoc w instalacji"},{"text":"Wyj\u0105tkowe wsparcie"},{"text":"14-dniowa gwarancja zwrotu pieni\u0119dzy"}],"button_url":"#demo","button_target_blank":"0","button_nofollow":"0","attributes":[{"name":"Instaluje"},{"name":"Czu\u0142y"},{"name":"Kompatybilne przegl\u0105darki"}],"tags":[],"tags_disable_links":"0","hide_more_platforms":"0","video_object":"","demo_hide_cta":"0","demo_hide_cloud_options":"0","pricing_title":"","pricing":[{"pricing_icon":"platform","pricing_title":"Elfsight Apps","pricing_title_caption":"Wieloplatformowe rozwi\u0105zanie cyfrowe","pricing_price":"od 0 USD \/ miesi\u0105c","pricing_price_caption":"zacznij od bezp\u0142atnego planu","pricing_benefits":[{"text":"Nielimitowane domeny"},{"text":"Dedykowane wsparcie firmy i dobrze udokumentowane"},{"text":"Bezp\u0142atna pomoc w instalacji"},{"text":"Cena do z\u0142apania dla wielu aplikacji"}],"pricing_button_text":"Dodaj do witryny","pricing_button_url":"#demo"}],"related_apps_title":"","related_apps_hidden":"0","author":"","image":[],"title":"","job":"","social_networks":[]},"_links":{"self":[{"href":"https:\/\/elfsight.com\/pl\/wp-json\/wp\/v2\/pages\/4046","targetHints":{"allow":["GET"]}}],"collection":[{"href":"https:\/\/elfsight.com\/pl\/wp-json\/wp\/v2\/pages"}],"about":[{"href":"https:\/\/elfsight.com\/pl\/wp-json\/wp\/v2\/types\/page"}],"author":[{"embeddable":true,"href":"https:\/\/elfsight.com\/pl\/wp-json\/wp\/v2\/users\/9"}],"replies":[{"embeddable":true,"href":"https:\/\/elfsight.com\/pl\/wp-json\/wp\/v2\/comments?post=4046"}],"version-history":[{"count":2,"href":"https:\/\/elfsight.com\/pl\/wp-json\/wp\/v2\/pages\/4046\/revisions"}],"predecessor-version":[{"id":10403,"href":"https:\/\/elfsight.com\/pl\/wp-json\/wp\/v2\/pages\/4046\/revisions\/10403"}],"up":[{"embeddable":true,"href":"https:\/\/elfsight.com\/pl\/wp-json\/wp\/v2\/pages\/711"}],"wp:attachment":[{"href":"https:\/\/elfsight.com\/pl\/wp-json\/wp\/v2\/media?parent=4046"}],"curies":[{"name":"wp","href":"https:\/\/api.w.org\/{rel}","templated":true}]}}