{"id":4045,"date":"2024-05-03T06:27:07","date_gmt":"2024-05-03T06:27:07","guid":{"rendered":"https:\/\/elfsight.com\/pl\/?page_id=4045"},"modified":"2024-11-14T08:54:18","modified_gmt":"2024-11-14T08:54:18","slug":"woocommerce","status":"publish","type":"page","link":"https:\/\/elfsight.com\/pl\/all-in-one-reviews-widget\/woocommerce\/","title":{"rendered":"All-in-One Reviews &#8211; WooCommerce"},"content":{"rendered":"<div class=\"application-platform-content-item-description application-platform-content-item\" id=\"description\" data-nav-section=\"description\"> <h2>Opis<\/h2> <p>Elfsight All-in-One Recenzje to \u0142atwa w u\u017cyciu wtyczka do WooCommerce zapewniaj\u0105ca mo\u017cliwo\u015b\u0107 pokazania wszystkich recenzji Twoich ofert bezpo\u015brednio na Twojej stronie internetowej ze wszystkich najcz\u0119\u015bciej u\u017cywanych witryn z recenzjami. Korzystaj\u0105c z naszego widgetu, b\u0119dziesz w stanie ukry\u0107 niechciane referencje za pomoc\u0105 filtr\u00f3w, pochwali\u0107 si\u0119 swoj\u0105 ocen\u0105 i numerami na swojej stronie na dowolnej platformie z recenzjami, doda\u0107 informacje o autorach recenzji i do\u0142\u0105czy\u0107 atrakcyjny przycisk wezwania do dzia\u0142ania, kt\u00f3ry zmotywuje odwiedzaj\u0105cy witryn\u0119, aby napisa\u0107 nowy komentarz. Nasz widget mo\u017ce pom\u00f3c Ci zademonstrowa\u0107 sw\u00f3j wspania\u0142y dow\u00f3d spo\u0142eczno\u015bciowy na stronie internetowej i zacz\u0105\u0107 zdobywa\u0107 wi\u0119cej nowych zakup\u00f3w. <\/p> <p><b> sprzeda\u017c prezentuj\u0105ca Twoj\u0105 doskona\u0142\u0105 wycen\u0119<\/b><\/p> <\/div> <div class=\"application-platform-content-item-features application-platform-content-item\" id=\"features\" data-nav-section=\"features\"> <h2>Wid\u017cet ma pot\u0119\u017cne i nieskomplikowane funkcje, zobacz niekt\u00f3re z nich : <\/h2> <ul><li>Prze\u0142\u0105czany nag\u0142\u00f3wek wtyczki<\/li><li>Opcja wy\u015bwietlania przycisku \u201eNapisz recenzj\u0119\u201d, aby przyci\u0105gn\u0105\u0107 u\u017cytkownik\u00f3w na Twoj\u0105 stron\u0119<\/li><li>Wspania\u0142a stylistyka to tylko kliknij<\/li><li>Elementy interfejsu, kt\u00f3re mo\u017cna pomalowa\u0107<\/li><li>Maksymalne szczeg\u00f3\u0142y umo\u017cliwiaj\u0105ce budowanie zaufania<\/li><\/ul><p><a href=\"#demo\">Mo\u017cesz odkry\u0107 pe\u0142ne mo\u017cliwo\u015bci wid\u017cetu w wersji demonstracyjnej tutaj<\/a><\/p> <\/div> <div class=\"application-platform-content-item-installation application-platform-content-item\" id=\"installation\" data-nav-section=\"installation\"> <h2>Jak doda\u0107 recenzje typu \u201ewszystko w jednym\u201d na mojej stronie WooCommerce? <\/h2> <p>Wystarczy wykona\u0107 poni\u017csze wskaz\u00f3wki, aby aktywowa\u0107 wid\u017cet. <\/p> <ol><li><b>Skorzystaj z naszej bezp\u0142atnej wersji demonstracyjnej i zacznij tworzy\u0107 w\u0142asn\u0105 wtyczk\u0119. <\/b><br> Wybierz wybrany uk\u0142ad i parametry wid\u017cetu i zapisz zmiany. <\/li> <li><b>Zdob\u0105d\u017a indywidualny kod widoczny w oknie aplikacji Elfsight. <\/b><br> Po zako\u0144czeniu konfiguracji Twojego narz\u0119dzia osobistego skopiuj kod osobisty z wy\u015bwietlonego wyskakuj\u0105cego okienka i zachowaj go na p\u00f3\u017aniej. <\/li> <li><b>Rozpocznij korzystanie z narz\u0119dzia na stronie WooCommerce. <\/b><br> Wpisz skopiowany wcze\u015bniej kod na swojej stronie i zapisz zmiany. <\/li> <li><b>Instalacja zosta\u0142a pomy\u015blnie uko\u0144czona. <\/b><br> Przejd\u017a na swoj\u0105 stron\u0119 internetow\u0105, aby sprawdzi\u0107 dzia\u0142anie narz\u0119dzia. <\/li><\/ol> <p>W przypadku problem\u00f3w mo\u017cesz zwr\u00f3ci\u0107 si\u0119 do naszego personelu obs\u0142ugi klienta. Nasi konsultanci ch\u0119tnie pomog\u0105 Ci we wszystkich pytaniach zwi\u0105zanych z widgetem. <\/p> <div class=\"faq\" data-component=\"FAQ\"> <div class=\"faq-item\">\r\n\t\t\t\t\t<div class=\"faq-item-question\">\r\n\t\t\t\t\t\t<h3 class=\"faq-item-question-text\"><\/h3>\r\n\r\n\t\t\t\t\t\t<div class=\"faq-item-question-icon\"><\/div>\r\n\t\t\t\t\t<\/div>\r\n\r\n\t\t\t\t\t<div class=\"faq-item-answer\">\r\n\t\t\t\t\t\t<div class=\"faq-item-answer-text\"> <p>Elfsight zapewnia rozwi\u0105zanie SaaS, kt\u00f3re pozwala utworzy\u0107 narz\u0119dzie typu \u201ewszystko w jednym\u201d Sam wid\u017cet Recenzje, przekonaj si\u0119, jak \u0142atwy jest ten proces: Pracuj bezpo\u015brednio w edytorze online, aby utworzy\u0107 kompleksowy wid\u017cet Recenzje, kt\u00f3ry chcesz zobaczy\u0107 na swojej stronie WooCommerce. Wybierz jeden z gotowych szablon\u00f3w i dostosuj ustawienia Recenzji All-in-one, dodaj tre\u015b\u0107, zmie\u0144 uk\u0142ad i schemat kolor\u00f3w bez umiej\u0119tno\u015bci kodowania. Zapisz recenzje All-in-one i skopiuj ich kod instalacyjny, kt\u00f3ry mo\u017cesz \u0142atwo wklei\u0107 na swojej stronie WooCommerce bez kupowania wersji p\u0142atnej. Dzi\u0119ki naszemu intuicyjnemu edytorowi ka\u017cdy u\u017cytkownik Internetu mo\u017ce stworzy\u0107 wid\u017cet Recenzje typu \u201ewszystko w jednym\u201d online i \u0142atwo osadzi\u0107 go na swojej stronie WooCommerce. Aby uzyska\u0107 dost\u0119p do us\u0142ugi, nie trzeba p\u0142aci\u0107 ani wprowadza\u0107 danych uwierzytelniaj\u0105cych karty. Je\u015bli na kt\u00f3rymkolwiek etapie napotkasz jakiekolwiek problemy, skontaktuj si\u0119 z naszym zespo\u0142em pomocy technicznej.<\/p> <\/div>\r\n\t\t\t\t\t<\/div>\r\n\t\t\t\t<\/div> <\/div> <\/div>","protected":false},"excerpt":{"rendered":"","protected":false},"author":9,"featured_media":0,"parent":711,"menu_order":0,"comment_status":"closed","ping_status":"closed","template":"templates\/template-application-platform.php","meta":{"publish_to_discourse":"","publish_post_category":"","wpdc_auto_publish_overridden":"","wpdc_topic_tags":"","wpdc_pin_topic":"","wpdc_pin_until":"","discourse_post_id":"","discourse_permalink":"","wpdc_publishing_response":"","wpdc_publishing_error":"","footnotes":""},"class_list":["post-4045","page","type-page","status-publish","hentry"],"yoast_head":"<!-- This site is optimized with the Yoast SEO plugin v25.3.1 - https:\/\/yoast.com\/wordpress\/plugins\/seo\/ -->\n<title>Dodaj wtyczk\u0119 All-in-One Reviews do swojej witryny WooCommerce<\/title>\n<meta name=\"description\" content=\"Dodaj responsywn\u0105 aplikacj\u0119 Recenzje na swojej stronie WooCommerce i zdob\u0105d\u017a pe\u0142ne zaufanie. Skorzystaj z przydatnej wersji demonstracyjnej Elfsight, aby stworzy\u0107 swoj\u0105 unikaln\u0105 funkcj\u0119.\" \/>\n<meta name=\"robots\" content=\"index, follow, max-snippet:-1, max-image-preview:large, max-video-preview:-1\" \/>\n<link rel=\"canonical\" href=\"https:\/\/elfsight.com\/pl\/all-in-one-reviews-widget\/woocommerce\/\" \/>\n<meta property=\"og:locale\" content=\"pl_PL\" \/>\n<meta property=\"og:type\" content=\"article\" \/>\n<meta property=\"og:title\" content=\"Dodaj wtyczk\u0119 All-in-One Reviews do swojej witryny WooCommerce\" \/>\n<meta property=\"og:description\" content=\"Dodaj responsywn\u0105 aplikacj\u0119 Recenzje na swojej stronie WooCommerce i zdob\u0105d\u017a pe\u0142ne zaufanie. Skorzystaj z przydatnej wersji demonstracyjnej Elfsight, aby stworzy\u0107 swoj\u0105 unikaln\u0105 funkcj\u0119.\" \/>\n<meta property=\"og:url\" content=\"https:\/\/elfsight.com\/pl\/all-in-one-reviews-widget\/woocommerce\/\" \/>\n<meta property=\"og:site_name\" content=\"Elfsight PL\" \/>\n<meta property=\"article:modified_time\" content=\"2024-11-14T08:54:18+00:00\" \/>\n<meta name=\"twitter:card\" content=\"summary_large_image\" \/>\n<meta name=\"twitter:label1\" content=\"Szacowany czas czytania\" \/>\n\t<meta name=\"twitter:data1\" content=\"3 minuty\" \/>\n<!-- \/ Yoast SEO plugin. -->","yoast_head_json":{"title":"Dodaj wtyczk\u0119 All-in-One Reviews do swojej witryny WooCommerce","description":"Dodaj responsywn\u0105 aplikacj\u0119 Recenzje na swojej stronie WooCommerce i zdob\u0105d\u017a pe\u0142ne zaufanie. Skorzystaj z przydatnej wersji demonstracyjnej Elfsight, aby stworzy\u0107 swoj\u0105 unikaln\u0105 funkcj\u0119.","robots":{"index":"index","follow":"follow","max-snippet":"max-snippet:-1","max-image-preview":"max-image-preview:large","max-video-preview":"max-video-preview:-1"},"canonical":"https:\/\/elfsight.com\/pl\/all-in-one-reviews-widget\/woocommerce\/","og_locale":"pl_PL","og_type":"article","og_title":"Dodaj wtyczk\u0119 All-in-One Reviews do swojej witryny WooCommerce","og_description":"Dodaj responsywn\u0105 aplikacj\u0119 Recenzje na swojej stronie WooCommerce i zdob\u0105d\u017a pe\u0142ne zaufanie. Skorzystaj z przydatnej wersji demonstracyjnej Elfsight, aby stworzy\u0107 swoj\u0105 unikaln\u0105 funkcj\u0119.","og_url":"https:\/\/elfsight.com\/pl\/all-in-one-reviews-widget\/woocommerce\/","og_site_name":"Elfsight PL","article_modified_time":"2024-11-14T08:54:18+00:00","twitter_card":"summary_large_image","twitter_misc":{"Szacowany czas czytania":"3 minuty"},"schema":{"@context":"https:\/\/schema.org","@graph":[{"@type":"WebPage","@id":"https:\/\/elfsight.com\/pl\/all-in-one-reviews-widget\/woocommerce\/","url":"https:\/\/elfsight.com\/pl\/all-in-one-reviews-widget\/woocommerce\/","name":"Dodaj wtyczk\u0119 All-in-One Reviews do swojej witryny WooCommerce","isPartOf":{"@id":"https:\/\/elfsight.com\/pl\/#website"},"datePublished":"2024-05-03T06:27:07+00:00","dateModified":"2024-11-14T08:54:18+00:00","description":"Dodaj responsywn\u0105 aplikacj\u0119 Recenzje na swojej stronie WooCommerce i zdob\u0105d\u017a pe\u0142ne zaufanie. Skorzystaj z przydatnej wersji demonstracyjnej Elfsight, aby stworzy\u0107 swoj\u0105 unikaln\u0105 funkcj\u0119.","breadcrumb":{"@id":"https:\/\/elfsight.com\/pl\/all-in-one-reviews-widget\/woocommerce\/#breadcrumb"},"inLanguage":"pl-PL","potentialAction":[{"@type":"ReadAction","target":["https:\/\/elfsight.com\/pl\/all-in-one-reviews-widget\/woocommerce\/"]}]},{"@type":"BreadcrumbList","@id":"https:\/\/elfsight.com\/pl\/all-in-one-reviews-widget\/woocommerce\/#breadcrumb","itemListElement":[{"@type":"ListItem","position":1,"name":"Home","item":"https:\/\/elfsight.com\/pl\/"},{"@type":"ListItem","position":2,"name":"All-in-One Reviews","item":"https:\/\/elfsight.com\/pl\/all-in-one-reviews-widget\/"},{"@type":"ListItem","position":3,"name":"All-in-One Reviews &#8211; WooCommerce"}]},{"@type":"WebSite","@id":"https:\/\/elfsight.com\/pl\/#website","url":"https:\/\/elfsight.com\/pl\/","name":"Elfsight PL","description":"Just another Elfsight Sites site","potentialAction":[{"@type":"SearchAction","target":{"@type":"EntryPoint","urlTemplate":"https:\/\/elfsight.com\/pl\/?s={search_term_string}"},"query-input":{"@type":"PropertyValueSpecification","valueRequired":true,"valueName":"search_term_string"}}],"inLanguage":"pl-PL"}]}},"meta_box":{"industry":"","seo_heading":"","heading":"","description":"","cta_heading":"","cta_description":"","application":"710","h1":"Wtyczka WooCommerce All-in-One Recenzje","h1_caption":"Zbieraj i prezentuj recenzje z wielu platform, takich jak Google, Facebook i Yelp, w jednej aplikacji, aby bez wysi\u0142ku budowa\u0107 zaufanie i wiarygodno\u015b\u0107 swojej witryny WooCommerce.","application_category":[],"applications_title":"","applications_request_title":"","applications_request_button_text":"","hero_text":"","hero_video":"","hero_video_schema_markup":"","selling_points_title":"","selling_points_caption":"","selling_points":[],"selling_points_cta_text":"","features_title":"","features":"","ed_cta_examples_text":"","ed_cta_examples_hidden":"","ed_cta_demo_text":"","ed_cta_demo_hidden":"","why_caption":"","why_editor_title":"","why_editor_text":"","why_team_title":"","why_team_text":"","why_service_title":"","why_service_text":"","template_catalog_visible":"","template_catalog_title":"","template_catalog_text":"","template_catalog_categories_visible":"","demo_title":"Utw\u00f3rz aplikacj\u0119 All-in-One Recenzje","demo_caption":"Skonfiguruj swoje recenzje All-in-One i dodaj je do swojej witryny WooCommerce za darmo!","default_faq_hidden":"","app_template_category":[],"platform":"335","template_public_id":"","codecanyon_url":"","codecanyon_item_id":"","codecanyon_price":"","pricing_caption":"","pricing_elfsight_apps_hide_column":"","pricing_elfsight_apps_url":"","pricing_codecanyon_price_caption":"","integration_category":[],"integration_request_title":"","integration_request_cta":"","integration_platform":"","integrations":[],"platform_category":[],"video_schema_markup":"","price":"od 0 USD \/ miesi\u0105c","trial":"","benefits":[{"text":"Skuteczna obs\u0142uga klienta"},{"text":"Bezp\u0142atna pomoc w instalacji"},{"text":"14-dniowa gwarancja zwrotu pieni\u0119dzy"}],"button_url":"#demo","button_target_blank":"","button_nofollow":"","attributes":[{"name":"Instaluje"},{"name":"Czu\u0142y"},{"name":"Kompatybilne przegl\u0105darki"}],"tags":[],"tags_disable_links":"","hide_more_platforms":"","video_object":"","demo_hide_cta":"","demo_hide_cloud_options":"","pricing_title":"","pricing":[{"pricing_icon":"platform","pricing_title":"Elfsight Apps","pricing_title_caption":"Oprogramowanie wieloplatformowe, kt\u00f3re dzia\u0142a na dowolnej witrynie","pricing_price":"od 0 USD \/ miesi\u0105c","pricing_price_caption":"zacznij od bezp\u0142atnego planu","pricing_benefits":[{"text":"Nielimitowane domeny"},{"text":"Profesjonalne wsparcie i dobrze udokumentowane"},{"text":"Bezp\u0142atna pomoc w monta\u017cu"},{"text":"Elastyczny projekt"}],"pricing_button_text":"Dodaj do witryny","pricing_button_url":"#demo"}],"related_apps_title":"","related_apps_hidden":"","author":"","image":[],"title":"","job":"","social_networks":[]},"_links":{"self":[{"href":"https:\/\/elfsight.com\/pl\/wp-json\/wp\/v2\/pages\/4045","targetHints":{"allow":["GET"]}}],"collection":[{"href":"https:\/\/elfsight.com\/pl\/wp-json\/wp\/v2\/pages"}],"about":[{"href":"https:\/\/elfsight.com\/pl\/wp-json\/wp\/v2\/types\/page"}],"author":[{"embeddable":true,"href":"https:\/\/elfsight.com\/pl\/wp-json\/wp\/v2\/users\/9"}],"replies":[{"embeddable":true,"href":"https:\/\/elfsight.com\/pl\/wp-json\/wp\/v2\/comments?post=4045"}],"version-history":[{"count":1,"href":"https:\/\/elfsight.com\/pl\/wp-json\/wp\/v2\/pages\/4045\/revisions"}],"predecessor-version":[{"id":4049,"href":"https:\/\/elfsight.com\/pl\/wp-json\/wp\/v2\/pages\/4045\/revisions\/4049"}],"up":[{"embeddable":true,"href":"https:\/\/elfsight.com\/pl\/wp-json\/wp\/v2\/pages\/711"}],"wp:attachment":[{"href":"https:\/\/elfsight.com\/pl\/wp-json\/wp\/v2\/media?parent=4045"}],"curies":[{"name":"wp","href":"https:\/\/api.w.org\/{rel}","templated":true}]}}