{"id":4039,"date":"2024-05-03T06:27:05","date_gmt":"2024-05-03T06:27:05","guid":{"rendered":"https:\/\/elfsight.com\/pl\/?page_id=4039"},"modified":"2025-06-24T09:46:23","modified_gmt":"2025-06-24T09:46:23","slug":"godaddy","status":"publish","type":"page","link":"https:\/\/elfsight.com\/pl\/all-in-one-reviews-widget\/godaddy\/","title":{"rendered":"All-in-one Reviews  &#8211; GoDaddy"},"content":{"rendered":"<div class=\"application-platform-content-item-description application-platform-content-item\" id=\"description\" data-nav-section=\"description\">\n<h2>Umie\u015b\u0107 kompleksowe recenzje w serwisie GoDaddy za pomoc\u0105 wid\u017cetu Elfsight<\/h2>\n<p>Wtyczka Elfsight All-in-One Recenzje dla GoDaddy to \u0142atwe w u\u017cyciu narz\u0119dzie umo\u017cliwiaj\u0105ce zaprezentowanie wszystkich opinii na temat Twojej firmy bezpo\u015brednio na Twojej stronie internetowej ze wszystkich najcz\u0119\u015bciej u\u017cywanych witryn z recenzjami. Korzystaj\u0105c z naszego narz\u0119dzia, b\u0119dziesz w stanie ukry\u0107 niechciane recenzje za pomoc\u0105 filtr\u00f3w, pochwali\u0107 si\u0119 liczb\u0105 gwiazdek i liczbami w swoim profilu na dowolnej stronie z recenzjami, doda\u0107 informacje o tw\u00f3rcach referencji i doda\u0107 fascynuj\u0105cy przycisk wezwania do dzia\u0142ania, kt\u00f3ry zach\u0119ci u\u017cytkownik\u00f3w do opublikowania nowej recenzji. Nasze narz\u0119dzie mo\u017ce pom\u00f3c Ci pochwali\u0107 si\u0119 \u015bwietnym dowodem spo\u0142eczno\u015bciowym na Twojej stronie internetowej i zacz\u0105\u0107 zwi\u0119ksza\u0107 sprzeda\u017c. <\/p>\n<p><b>Zwi\u0119ksz sprzeda\u017c, wykazuj\u0105c si\u0119 doskona\u0142\u0105 wycen\u0105<\/b><\/p>\n<\/div>\n\n<div class=\"application-platform-content-item-features application-platform-content-item\" id=\"features\" data-nav-section=\"features\">\n<h2>Przeanalizuj list\u0119 najbardziej przydatnych funkcji:<\/h2>\n<ul>\n    <li>Prze\u0142\u0105czany nag\u0142\u00f3wek wtyczki<\/li>\n    <li>Przycisk \u017c\u0105dania sprawdzenia, aby przyci\u0105gn\u0105\u0107 u\u017cytkownik\u00f3w na Twoj\u0105 stron\u0119<\/li>\n    <li>Wspania\u0142a stylizacja dost\u0119pna jednym klikni\u0119ciem<\/li>\n    <li>Mo\u017cliwo\u015b\u0107 malowania element\u00f3w interfejsu<\/li>\n    <li>Maksymalna ilo\u015b\u0107 szczeg\u00f3\u0142\u00f3w pozwalaj\u0105cych budowa\u0107 zaufanie<\/li>\n<\/ul>\n<p><a href=\"#demo\">Wystarczy wypr\u00f3bowa\u0107 t\u0119 wersj\u0119 demonstracyjn\u0105, aby uzyska\u0107 pe\u0142ny obraz<\/a><\/p>\n<\/div>\n\n<div class=\"application-platform-content-item-installation application-platform-content-item\" id=\"installation\" data-nav-section=\"installation\"><\/div>\n<h2>Jak doda\u0107 recenzje typu \u201ewszystko w jednym\u201d do mojej witryny GoDaddy? <\/h2>\n<p>Wystarczy wykona\u0107 kilka krok\u00f3w przedstawionych poni\u017cej, aby zintegrowa\u0107 wtyczk\u0119. <\/p>\n<ol>\n    <li><b>Uruchom nasz darmowy edytor i zacznij tworzy\u0107 w\u0142asn\u0105 wtyczk\u0119.<\/b><br>Wybierz preferowan\u0105 form\u0119 i specyfikacj\u0119 wtyczki i zapisz zmiany. <\/li>\n    <li><b>Uzyskaj osobisty kod wy\u015bwietlony w oknie aplikacji Elfsight.<\/b><br>Po zako\u0144czeniu tworzenia osobistej wtyczki skopiuj osobisty kod z wy\u015bwietlonego okna i zachowaj go na przysz\u0142o\u015b\u0107. <\/li>\n    <li><b>Wpisz opcj\u0119 korzystania z wtyczki w witrynie GoDaddy.<\/b><br>Zintegruj ostatnio skopiowany kod ze swoj\u0105 stron\u0105 g\u0142\u00f3wn\u0105 i zapisz zmiany. <\/li>\n    <li><b>Gotowe! Konfiguracja zosta\u0142a pomy\u015blnie przeprowadzona.<\/b><br>Przejd\u017a na swoj\u0105 stron\u0119 i sprawd\u017a dzia\u0142anie narz\u0119dzia. <\/li>\n<\/ol>\n<p>W przypadku jakichkolwiek komplikacji prosimy o kontakt z naszym dzia\u0142em obs\u0142ugi klienta. Nasi specjali\u015bci z przyjemno\u015bci\u0105 odpowiedz\u0105 na wszystkie pytania dotycz\u0105ce wtyczki. <\/p>\n<div class=\"faq\" data-component=\"FAQ\">\n    <div class=\"faq-item\">\r\n\t\t\t\t\t<div class=\"faq-item-question\">\r\n\t\t\t\t\t\t<h3 class=\"faq-item-question-text\">Jak mog\u0119 doda\u0107 recenzje Airbnb do mojej witryny GoDaddy bez umiej\u0119tno\u015bci kodowania?<\/h3>\r\n\r\n\t\t\t\t\t\t<div class=\"faq-item-question-icon\"><\/div>\r\n\t\t\t\t\t<\/div>\r\n\r\n\t\t\t\t\t<div class=\"faq-item-answer\">\r\n\t\t\t\t\t\t<div class=\"faq-item-answer-text\">\n    <p>Elfsight zapewnia rozwi\u0105zanie SaaS, kt\u00f3re pozwala samodzielnie utworzy\u0107 wid\u017cet Recenzji Airbnb. Zobacz, jak \u0142atwo jest to zrobi\u0107 proces jest nast\u0119puj\u0105cy: Pracuj bezpo\u015brednio w edytorze online, aby utworzy\u0107 wid\u017cet Recenzji Airbnb, kt\u00f3ry chcesz widzie\u0107 w swojej witrynie GoDaddy. Wybierz jeden z gotowych szablon\u00f3w i dostosuj ustawienia Recenzji Airbnb, dodaj tre\u015bci, zmie\u0144 uk\u0142ad i kolory bez umiej\u0119tno\u015bci kodowania. Zapisz recenzje Airbnb i skopiuj ich kod instalacyjny, kt\u00f3ry mo\u017cesz umie\u015bci\u0107 na swojej stronie GoDaddy bez konieczno\u015bci kupowania wersji p\u0142atnej. Dzi\u0119ki naszemu intuicyjnemu edytorowi ka\u017cdy u\u017cytkownik Internetu mo\u017ce utworzy\u0107 wid\u017cet Recenzji Airbnb online i \u0142atwo umie\u015bci\u0107 go na swojej stronie GoDaddy. Aby uzyska\u0107 dost\u0119p do us\u0142ugi, nie trzeba p\u0142aci\u0107 ani wprowadza\u0107 danych uwierzytelniaj\u0105cych karty. Je\u015bli na kt\u00f3rymkolwiek etapie napotkasz jakiekolwiek problemy, skontaktuj si\u0119 z naszym zespo\u0142em pomocy technicznej.<\/p>\n    <\/div>\r\n\t\t\t\t\t<\/div>\r\n\t\t\t\t<\/div>\n<\/div>","protected":false},"excerpt":{"rendered":"Jak doda\u0107 recenzje typu \u201ewszystko w jednym\u201d do mojej witryny GoDaddy? Wystarczy wykona\u0107 kilka krok\u00f3w przedstawionych poni\u017cej, aby zintegrowa\u0107 wtyczk\u0119. Uruchom nasz darmowy edytor i zacznij tworzy\u0107 w\u0142asn\u0105 wtyczk\u0119.Wybierz preferowan\u0105 form\u0119 i specyfikacj\u0119 wtyczki i zapisz zmiany. Uzyskaj osobisty kod wy\u015bwietlony w oknie aplikacji Elfsight.Po zako\u0144czeniu tworzenia osobistej wtyczki skopiuj&#8230;","protected":false},"author":9,"featured_media":0,"parent":711,"menu_order":0,"comment_status":"closed","ping_status":"closed","template":"templates\/template-application-platform.php","meta":{"publish_to_discourse":"","publish_post_category":"","wpdc_auto_publish_overridden":"","wpdc_topic_tags":"","wpdc_pin_topic":"","wpdc_pin_until":"","discourse_post_id":"","discourse_permalink":"","wpdc_publishing_response":"","wpdc_publishing_error":"","footnotes":""},"class_list":["post-4039","page","type-page","status-publish","hentry"],"yoast_head":"<!-- This site is optimized with the Yoast SEO plugin v25.3.1 - https:\/\/yoast.com\/wordpress\/plugins\/seo\/ -->\n<title>Recenzje typu \u201ewszystko w jednym\u201d \u2014 dodaj wtyczk\u0119 Recenzje do witryny GoDaddy!<\/title>\n<meta name=\"description\" content=\"Zaimplementuj responsywn\u0105 aplikacj\u0119 Recenzje w swojej witrynie GoDaddy i zdob\u0105d\u017a pe\u0142ne zaufanie. Zastosuj \u0142atwe w u\u017cyciu demo Elfsight, aby stworzy\u0107 swoje unikalne narz\u0119dzie!\" \/>\n<meta name=\"robots\" content=\"index, follow, max-snippet:-1, max-image-preview:large, max-video-preview:-1\" \/>\n<link rel=\"canonical\" href=\"https:\/\/elfsight.com\/pl\/all-in-one-reviews-widget\/godaddy\/\" \/>\n<meta property=\"og:locale\" content=\"pl_PL\" \/>\n<meta property=\"og:type\" content=\"article\" \/>\n<meta property=\"og:title\" content=\"Recenzje typu \u201ewszystko w jednym\u201d \u2014 dodaj wtyczk\u0119 Recenzje do witryny GoDaddy!\" \/>\n<meta property=\"og:description\" content=\"Zaimplementuj responsywn\u0105 aplikacj\u0119 Recenzje w swojej witrynie GoDaddy i zdob\u0105d\u017a pe\u0142ne zaufanie. Zastosuj \u0142atwe w u\u017cyciu demo Elfsight, aby stworzy\u0107 swoje unikalne narz\u0119dzie!\" \/>\n<meta property=\"og:url\" content=\"https:\/\/elfsight.com\/pl\/all-in-one-reviews-widget\/godaddy\/\" \/>\n<meta property=\"og:site_name\" content=\"Elfsight PL\" \/>\n<meta property=\"article:modified_time\" content=\"2025-06-24T09:46:23+00:00\" \/>\n<meta name=\"twitter:card\" content=\"summary_large_image\" \/>\n<meta name=\"twitter:label1\" content=\"Szacowany czas czytania\" \/>\n\t<meta name=\"twitter:data1\" content=\"3 minuty\" \/>\n<!-- \/ Yoast SEO plugin. -->","yoast_head_json":{"title":"Recenzje typu \u201ewszystko w jednym\u201d \u2014 dodaj wtyczk\u0119 Recenzje do witryny GoDaddy!","description":"Zaimplementuj responsywn\u0105 aplikacj\u0119 Recenzje w swojej witrynie GoDaddy i zdob\u0105d\u017a pe\u0142ne zaufanie. Zastosuj \u0142atwe w u\u017cyciu demo Elfsight, aby stworzy\u0107 swoje unikalne narz\u0119dzie!","robots":{"index":"index","follow":"follow","max-snippet":"max-snippet:-1","max-image-preview":"max-image-preview:large","max-video-preview":"max-video-preview:-1"},"canonical":"https:\/\/elfsight.com\/pl\/all-in-one-reviews-widget\/godaddy\/","og_locale":"pl_PL","og_type":"article","og_title":"Recenzje typu \u201ewszystko w jednym\u201d \u2014 dodaj wtyczk\u0119 Recenzje do witryny GoDaddy!","og_description":"Zaimplementuj responsywn\u0105 aplikacj\u0119 Recenzje w swojej witrynie GoDaddy i zdob\u0105d\u017a pe\u0142ne zaufanie. Zastosuj \u0142atwe w u\u017cyciu demo Elfsight, aby stworzy\u0107 swoje unikalne narz\u0119dzie!","og_url":"https:\/\/elfsight.com\/pl\/all-in-one-reviews-widget\/godaddy\/","og_site_name":"Elfsight PL","article_modified_time":"2025-06-24T09:46:23+00:00","twitter_card":"summary_large_image","twitter_misc":{"Szacowany czas czytania":"3 minuty"},"schema":{"@context":"https:\/\/schema.org","@graph":[{"@type":"WebPage","@id":"https:\/\/elfsight.com\/pl\/all-in-one-reviews-widget\/godaddy\/","url":"https:\/\/elfsight.com\/pl\/all-in-one-reviews-widget\/godaddy\/","name":"Recenzje typu \u201ewszystko w jednym\u201d \u2014 dodaj wtyczk\u0119 Recenzje do witryny GoDaddy!","isPartOf":{"@id":"https:\/\/elfsight.com\/pl\/#website"},"datePublished":"2024-05-03T06:27:05+00:00","dateModified":"2025-06-24T09:46:23+00:00","description":"Zaimplementuj responsywn\u0105 aplikacj\u0119 Recenzje w swojej witrynie GoDaddy i zdob\u0105d\u017a pe\u0142ne zaufanie. Zastosuj \u0142atwe w u\u017cyciu demo Elfsight, aby stworzy\u0107 swoje unikalne narz\u0119dzie!","breadcrumb":{"@id":"https:\/\/elfsight.com\/pl\/all-in-one-reviews-widget\/godaddy\/#breadcrumb"},"inLanguage":"pl-PL","potentialAction":[{"@type":"ReadAction","target":["https:\/\/elfsight.com\/pl\/all-in-one-reviews-widget\/godaddy\/"]}]},{"@type":"BreadcrumbList","@id":"https:\/\/elfsight.com\/pl\/all-in-one-reviews-widget\/godaddy\/#breadcrumb","itemListElement":[{"@type":"ListItem","position":1,"name":"Home","item":"https:\/\/elfsight.com\/pl\/"},{"@type":"ListItem","position":2,"name":"All-in-One Reviews","item":"https:\/\/elfsight.com\/pl\/all-in-one-reviews-widget\/"},{"@type":"ListItem","position":3,"name":"All-in-one Reviews &#8211; GoDaddy"}]},{"@type":"WebSite","@id":"https:\/\/elfsight.com\/pl\/#website","url":"https:\/\/elfsight.com\/pl\/","name":"Elfsight PL","description":"Just another Elfsight Sites site","potentialAction":[{"@type":"SearchAction","target":{"@type":"EntryPoint","urlTemplate":"https:\/\/elfsight.com\/pl\/?s={search_term_string}"},"query-input":{"@type":"PropertyValueSpecification","valueRequired":true,"valueName":"search_term_string"}}],"inLanguage":"pl-PL"}]}},"meta_box":{"industry":"","seo_heading":"","heading":"","description":"","cta_heading":"","cta_description":"","application":"710","h1":"Wtyczka GoDaddy All-in-one Recenzje","h1_caption":"Wysoki poziom zaufania, pokazuj\u0105cy komentarze prawdziwych go\u015bci z informacjami o autorze","application_category":[],"applications_title":"","applications_request_title":"","applications_request_button_text":"","hero_text":"","hero_video":"","hero_video_schema_markup":"","selling_points_title":"","selling_points_caption":"","selling_points":[],"selling_points_cta_text":"","features_title":"","features":"","ed_cta_examples_text":"","ed_cta_examples_hidden":"","ed_cta_demo_text":"","ed_cta_demo_hidden":"","why_caption":"","why_editor_title":"","why_editor_text":"","why_team_title":"","why_team_text":"","why_service_title":"","why_service_text":"","template_catalog_visible":"0","template_catalog_title":"","template_catalog_text":"","template_catalog_categories_visible":"","demo_title":"Pospiesz si\u0119, aby stworzy\u0107 w\u0142asne recenzje urz\u0105dzenia wielofunkcyjnego GoDaddy","demo_caption":"Dostosuj go i dodaj wtyczk\u0119 do swojej strony, korzystaj\u0105c z aktywnego demo.","default_faq_hidden":"","app_template_category":[],"platform":"180","template_public_id":"","codecanyon_url":"","codecanyon_item_id":"","codecanyon_price":"","pricing_caption":"","pricing_elfsight_apps_hide_column":"","pricing_elfsight_apps_url":"","pricing_codecanyon_price_caption":"","integration_category":[],"integration_request_title":"","integration_request_cta":"","integration_platform":"","integrations":[],"platform_category":[],"video_schema_markup":"","price":"od 0 USD \/ miesi\u0105c","trial":"","benefits":[{"text":"Bezp\u0142atna us\u0142uga monta\u017cu"},{"text":"Skuteczna obs\u0142uga klienta"},{"text":"14-dniowa gwarancja zwrotu pieni\u0119dzy"}],"button_url":"#demo","button_target_blank":"0","button_nofollow":"0","attributes":[{"name":"Instaluje"},{"name":"Czu\u0142y"},{"name":"Kompatybilne przegl\u0105darki"}],"tags":[],"tags_disable_links":"0","hide_more_platforms":"0","video_object":"","demo_hide_cta":"0","demo_hide_cloud_options":"0","pricing_title":"","pricing":[{"pricing_icon":"platform","pricing_title":"Elfsight Apps","pricing_title_caption":"Wieloplatformowe rozwi\u0105zanie cyfrowe, kt\u00f3re dzia\u0142a na ka\u017cdej stronie internetowej","pricing_price":"od 0 USD \/ miesi\u0105c","pricing_price_caption":"zacznij od bezp\u0142atnego planu","pricing_benefits":[{"text":"Nielimitowane domeny"},{"text":"Szybkie wsparcie firmy"},{"text":"Bezp\u0142atna pomoc w monta\u017cu"},{"text":"W pe\u0142ni konfigurowalny"}],"pricing_button_text":"Dodaj do witryny","pricing_button_url":"#demo"}],"related_apps_title":"","related_apps_hidden":"0","author":"","image":[],"title":"","job":"","social_networks":[]},"_links":{"self":[{"href":"https:\/\/elfsight.com\/pl\/wp-json\/wp\/v2\/pages\/4039","targetHints":{"allow":["GET"]}}],"collection":[{"href":"https:\/\/elfsight.com\/pl\/wp-json\/wp\/v2\/pages"}],"about":[{"href":"https:\/\/elfsight.com\/pl\/wp-json\/wp\/v2\/types\/page"}],"author":[{"embeddable":true,"href":"https:\/\/elfsight.com\/pl\/wp-json\/wp\/v2\/users\/9"}],"replies":[{"embeddable":true,"href":"https:\/\/elfsight.com\/pl\/wp-json\/wp\/v2\/comments?post=4039"}],"version-history":[{"count":3,"href":"https:\/\/elfsight.com\/pl\/wp-json\/wp\/v2\/pages\/4039\/revisions"}],"predecessor-version":[{"id":10406,"href":"https:\/\/elfsight.com\/pl\/wp-json\/wp\/v2\/pages\/4039\/revisions\/10406"}],"up":[{"embeddable":true,"href":"https:\/\/elfsight.com\/pl\/wp-json\/wp\/v2\/pages\/711"}],"wp:attachment":[{"href":"https:\/\/elfsight.com\/pl\/wp-json\/wp\/v2\/media?parent=4039"}],"curies":[{"name":"wp","href":"https:\/\/api.w.org\/{rel}","templated":true}]}}