{"id":4038,"date":"2024-05-03T06:27:04","date_gmt":"2024-05-03T06:27:04","guid":{"rendered":"https:\/\/elfsight.com\/pl\/?page_id=4038"},"modified":"2025-06-24T09:39:10","modified_gmt":"2025-06-24T09:39:10","slug":"prestashop","status":"publish","type":"page","link":"https:\/\/elfsight.com\/pl\/all-in-one-reviews-widget\/prestashop\/","title":{"rendered":"All-in-One Reviews &#8211; PrestaShop"},"content":{"rendered":"<h2>Opis<\/h2> <p>Widget All-in-One Recenzje to przydatne narz\u0119dzie, kt\u00f3re umo\u017cliwia zaprezentowanie recenzji Twoich towar\u00f3w bezpo\u015brednio na Twojej stronie internetowej z wszystkie popularne witryny z recenzjami. Za pomoc\u0105 naszego dodatku b\u0119dziesz m\u00f3g\u0142 u\u017cywa\u0107 filtr\u00f3w do ukrywania niechcianych recenzji, pochwali\u0107 si\u0119 swoj\u0105 liczb\u0105 gwiazdek i ocen\u0105 ilo\u015bciow\u0105 bezpo\u015brednio ze swojego konta na dowolnej stronie z recenzjami biznesowymi, doda\u0107 dane o autorach recenzji i do\u0142\u0105czy\u0107 do rozmowy- przycisk do dzia\u0142ania, kt\u00f3ry zainspiruje odwiedzaj\u0105cych do napisania swojej opinii. Wid\u017cet Recenzje All-in-One poprosi Ci\u0119 o wy\u015bwietlenie na stronie internetowej swojego wspania\u0142ego dowodu spo\u0142ecznego i rozpocz\u0119cie otrzymywania wi\u0119kszej liczby nowych sprzeda\u017cy. <\/p><p><b>Zacznij stosowa\u0107 Recenzje All-in-One, aby szybciej osi\u0105gn\u0105\u0107 swoje cele biznesowe! <\/b><\/p> [\/application_platform_content_item] <div class=\"application-platform-content-item-features application-platform-content-item\" id=\"features\" data-nav-section=\"features\"> <h2>Przejrzyj list\u0119 najwa\u017cniejszych funkcji: <\/h2> <ul><li>Dodaj przyciski CTA, kt\u00f3re poprowadz\u0105 odwiedzaj\u0105cych witryn\u0119 do konwersja. <\/li><li>Reguluj czas prze\u0142\u0105czania slajd\u00f3w. <\/li><li>Wybieraj spo\u015br\u00f3d wielu funkcji. <\/li><li>Umie\u015b\u0107 swoj\u0105 tre\u015b\u0107 w dowolnym miejscu strony za pomoc\u0105 zaawansowanej pozycji. <\/li><li>Zmodyfikuj 5 opcji tre\u015bci. <\/li><\/ul><p><a href=\"#demo\">Przetestuj wszystkie opcje dostosowywania w pe\u0142nej wersji demonstracyjnej<\/a><\/p> <\/div> <div class=\"application-platform-content-item-installation application-platform-content-item\" id=\"installation\" data-nav-section=\"installation\"> <h2>Jak mog\u0119 doda\u0107 recenzje typu \u201ewszystko w jednym\u201d do mojej witryny PrestaShop? <\/h2> <p>Wystarczy spe\u0142ni\u0107 poni\u017csze wskaz\u00f3wki, aby rozpocz\u0105\u0107 korzystanie z narz\u0119dzia. <\/p> <ol><li><b>Otw\u00f3rz nasze bezp\u0142atne demo i rozpocznij tworzenie niestandardowej wtyczki. <\/b><br> Okre\u015bl niestandardowy wygl\u0105d i aspekty narz\u0119dzia oraz zapisz poprawki. <\/li> <li><b>Zdob\u0105d\u017a osobisty kod pojawiaj\u0105cy si\u0119 w oknie aplikacji Elfsight. <\/b><br> Po zako\u0144czeniu dostosowywania wid\u017cetu skopiuj ekskluzywny kod w wy\u015bwietlonym oknie i zachowaj go do wykorzystania w przysz\u0142o\u015bci. <\/li> <li><b>Rozpocznij korzystanie z wtyczki na swojej stronie PrestaShop. <\/b><br> Zintegruj kod, kt\u00f3ry ostatnio zapisa\u0142e\u015b na swojej stronie g\u0142\u00f3wnej i zapisz zmiany. <\/li> <li><b>Gotowe! Konfiguracja zosta\u0142a w pe\u0142ni uko\u0144czona. <\/b><br> Przejd\u017a na swoj\u0105 stron\u0119, aby sprawdzi\u0107 dzia\u0142anie wid\u017cetu. <\/li><\/ol> <p>W przypadku wyst\u0105pienia jakichkolwiek problem\u00f3w nie wahaj si\u0119 skontaktowa\u0107 z naszym personelem pomocy technicznej. Nasi ludzie z przyjemno\u015bci\u0105 odpowiedz\u0105 na wszystkie pytania dotycz\u0105ce wtyczki. <\/p> <div class=\"faq\" data-component=\"FAQ\"> <div class=\"faq-item\">\r\n\t\t\t\t\t<div class=\"faq-item-question\">\r\n\t\t\t\t\t\t<h3 class=\"faq-item-question-text\">Jak mog\u0119 doda\u0107 recenzje typu \u201ewszystko w jednym\u201d do mojej witryny PrestaShop bez umiej\u0119tno\u015bci kodowania?<\/h3>\r\n\r\n\t\t\t\t\t\t<div class=\"faq-item-question-icon\"><\/div>\r\n\t\t\t\t\t<\/div>\r\n\r\n\t\t\t\t\t<div class=\"faq-item-answer\">\r\n\t\t\t\t\t\t<div class=\"faq-item-answer-text\"> <p>Elfsight zapewnia rozwi\u0105zanie SaaS, kt\u00f3re umo\u017cliwia utworzenie urz\u0105dzenia typu \u201ewszystko w jednym\u201d Sam wid\u017cet Recenzji, przekonaj si\u0119, jak \u0142atwy jest ten proces: Pracuj bezpo\u015brednio w edytorze online, aby utworzy\u0107 kompleksowy wid\u017cet Recenzje, kt\u00f3ry chcesz zobaczy\u0107 na swojej stronie PrestaShop. Wybierz jeden z gotowych szablon\u00f3w i dostosuj ustawienia Recenzji All-in-one, dodaj tre\u015b\u0107, zmie\u0144 uk\u0142ad i schemat kolor\u00f3w bez umiej\u0119tno\u015bci kodowania. Zapisz recenzje All-in-one i skopiuj ich kod instalacyjny, kt\u00f3ry mo\u017cesz bez wysi\u0142ku osadzi\u0107 na swojej stronie PrestaShop bez konieczno\u015bci kupowania p\u0142atnego planu. Dzi\u0119ki naszemu intuicyjnemu edytorowi ka\u017cdy u\u017cytkownik Internetu mo\u017ce stworzy\u0107 wid\u017cet Recenzje typu \u201ewszystko w jednym\u201d online i \u0142atwo osadzi\u0107 go na swojej stronie PrestaShop. Aby uzyska\u0107 dost\u0119p do us\u0142ugi, nie trzeba p\u0142aci\u0107 ani wprowadza\u0107 danych uwierzytelniaj\u0105cych karty. Je\u015bli na kt\u00f3rymkolwiek etapie napotkasz jakiekolwiek problemy, skontaktuj si\u0119 z naszym zespo\u0142em pomocy technicznej.<\/p> <\/div>\r\n\t\t\t\t\t<\/div>\r\n\t\t\t\t<\/div> <\/div> <\/div>","protected":false},"excerpt":{"rendered":"Opis Widget All-in-One Recenzje to przydatne narz\u0119dzie, kt\u00f3re umo\u017cliwia zaprezentowanie recenzji Twoich towar\u00f3w bezpo\u015brednio na Twojej stronie internetowej z wszystkie popularne witryny z recenzjami. Za pomoc\u0105 naszego dodatku b\u0119dziesz m\u00f3g\u0142 u\u017cywa\u0107 filtr\u00f3w do ukrywania niechcianych recenzji, pochwali\u0107 si\u0119 swoj\u0105 liczb\u0105 gwiazdek i ocen\u0105 ilo\u015bciow\u0105 bezpo\u015brednio ze swojego konta na dowolnej&#8230;","protected":false},"author":9,"featured_media":0,"parent":711,"menu_order":0,"comment_status":"closed","ping_status":"closed","template":"templates\/template-application-platform.php","meta":{"publish_to_discourse":"","publish_post_category":"","wpdc_auto_publish_overridden":"","wpdc_topic_tags":"","wpdc_pin_topic":"","wpdc_pin_until":"","discourse_post_id":"","discourse_permalink":"","wpdc_publishing_response":"","wpdc_publishing_error":"","footnotes":""},"class_list":["post-4038","page","type-page","status-publish","hentry"],"yoast_head":"<!-- This site is optimized with the Yoast SEO plugin v25.3.1 - https:\/\/yoast.com\/wordpress\/plugins\/seo\/ -->\n<title>Dodaj responsywny wid\u017cet Recenzje All-in-One do swojej witryny PrestaShop<\/title>\n<meta name=\"description\" content=\"Umie\u015b\u0107 responsywn\u0105 wtyczk\u0119 Recenzje na swojej stronie PrestaShop i zdob\u0105d\u017a pe\u0142ne zaufanie. Skorzystaj z \u0142atwej w u\u017cyciu wersji demonstracyjnej Elfsight, aby zbudowa\u0107 sw\u00f3j dodatek.\" \/>\n<meta name=\"robots\" content=\"index, follow, max-snippet:-1, max-image-preview:large, max-video-preview:-1\" \/>\n<link rel=\"canonical\" href=\"https:\/\/elfsight.com\/pl\/all-in-one-reviews-widget\/prestashop\/\" \/>\n<meta property=\"og:locale\" content=\"pl_PL\" \/>\n<meta property=\"og:type\" content=\"article\" \/>\n<meta property=\"og:title\" content=\"Dodaj responsywny wid\u017cet Recenzje All-in-One do swojej witryny PrestaShop\" \/>\n<meta property=\"og:description\" content=\"Umie\u015b\u0107 responsywn\u0105 wtyczk\u0119 Recenzje na swojej stronie PrestaShop i zdob\u0105d\u017a pe\u0142ne zaufanie. Skorzystaj z \u0142atwej w u\u017cyciu wersji demonstracyjnej Elfsight, aby zbudowa\u0107 sw\u00f3j dodatek.\" \/>\n<meta property=\"og:url\" content=\"https:\/\/elfsight.com\/pl\/all-in-one-reviews-widget\/prestashop\/\" \/>\n<meta property=\"og:site_name\" content=\"Elfsight PL\" \/>\n<meta property=\"article:modified_time\" content=\"2025-06-24T09:39:10+00:00\" \/>\n<meta name=\"twitter:card\" content=\"summary_large_image\" \/>\n<meta name=\"twitter:label1\" content=\"Szacowany czas czytania\" \/>\n\t<meta name=\"twitter:data1\" content=\"3 minuty\" \/>\n<!-- \/ Yoast SEO plugin. -->","yoast_head_json":{"title":"Dodaj responsywny wid\u017cet Recenzje All-in-One do swojej witryny PrestaShop","description":"Umie\u015b\u0107 responsywn\u0105 wtyczk\u0119 Recenzje na swojej stronie PrestaShop i zdob\u0105d\u017a pe\u0142ne zaufanie. Skorzystaj z \u0142atwej w u\u017cyciu wersji demonstracyjnej Elfsight, aby zbudowa\u0107 sw\u00f3j dodatek.","robots":{"index":"index","follow":"follow","max-snippet":"max-snippet:-1","max-image-preview":"max-image-preview:large","max-video-preview":"max-video-preview:-1"},"canonical":"https:\/\/elfsight.com\/pl\/all-in-one-reviews-widget\/prestashop\/","og_locale":"pl_PL","og_type":"article","og_title":"Dodaj responsywny wid\u017cet Recenzje All-in-One do swojej witryny PrestaShop","og_description":"Umie\u015b\u0107 responsywn\u0105 wtyczk\u0119 Recenzje na swojej stronie PrestaShop i zdob\u0105d\u017a pe\u0142ne zaufanie. Skorzystaj z \u0142atwej w u\u017cyciu wersji demonstracyjnej Elfsight, aby zbudowa\u0107 sw\u00f3j dodatek.","og_url":"https:\/\/elfsight.com\/pl\/all-in-one-reviews-widget\/prestashop\/","og_site_name":"Elfsight PL","article_modified_time":"2025-06-24T09:39:10+00:00","twitter_card":"summary_large_image","twitter_misc":{"Szacowany czas czytania":"3 minuty"},"schema":{"@context":"https:\/\/schema.org","@graph":[{"@type":"WebPage","@id":"https:\/\/elfsight.com\/pl\/all-in-one-reviews-widget\/prestashop\/","url":"https:\/\/elfsight.com\/pl\/all-in-one-reviews-widget\/prestashop\/","name":"Dodaj responsywny wid\u017cet Recenzje All-in-One do swojej witryny PrestaShop","isPartOf":{"@id":"https:\/\/elfsight.com\/pl\/#website"},"datePublished":"2024-05-03T06:27:04+00:00","dateModified":"2025-06-24T09:39:10+00:00","description":"Umie\u015b\u0107 responsywn\u0105 wtyczk\u0119 Recenzje na swojej stronie PrestaShop i zdob\u0105d\u017a pe\u0142ne zaufanie. Skorzystaj z \u0142atwej w u\u017cyciu wersji demonstracyjnej Elfsight, aby zbudowa\u0107 sw\u00f3j dodatek.","breadcrumb":{"@id":"https:\/\/elfsight.com\/pl\/all-in-one-reviews-widget\/prestashop\/#breadcrumb"},"inLanguage":"pl-PL","potentialAction":[{"@type":"ReadAction","target":["https:\/\/elfsight.com\/pl\/all-in-one-reviews-widget\/prestashop\/"]}]},{"@type":"BreadcrumbList","@id":"https:\/\/elfsight.com\/pl\/all-in-one-reviews-widget\/prestashop\/#breadcrumb","itemListElement":[{"@type":"ListItem","position":1,"name":"Home","item":"https:\/\/elfsight.com\/pl\/"},{"@type":"ListItem","position":2,"name":"All-in-One Reviews","item":"https:\/\/elfsight.com\/pl\/all-in-one-reviews-widget\/"},{"@type":"ListItem","position":3,"name":"All-in-One Reviews &#8211; PrestaShop"}]},{"@type":"WebSite","@id":"https:\/\/elfsight.com\/pl\/#website","url":"https:\/\/elfsight.com\/pl\/","name":"Elfsight PL","description":"Just another Elfsight Sites site","potentialAction":[{"@type":"SearchAction","target":{"@type":"EntryPoint","urlTemplate":"https:\/\/elfsight.com\/pl\/?s={search_term_string}"},"query-input":{"@type":"PropertyValueSpecification","valueRequired":true,"valueName":"search_term_string"}}],"inLanguage":"pl-PL"}]}},"meta_box":{"industry":"","seo_heading":"","heading":"","description":"","cta_heading":"","cta_description":"","application":"710","h1":"Dodatek PrestaShop All-in-One Recenzje","h1_caption":"Zbieraj i prezentuj recenzje z wielu platform, takich jak Google, Facebook i Yelp, w jednym wid\u017cecie, aby bez wysi\u0142ku budowa\u0107 zaufanie i wiarygodno\u015b\u0107 swojej witryny Prestashop.","application_category":[],"applications_title":"","applications_request_title":"","applications_request_button_text":"","hero_text":"","hero_video":"","hero_video_schema_markup":"","selling_points_title":"","selling_points_caption":"","selling_points":[],"selling_points_cta_text":"","features_title":"","features":"","ed_cta_examples_text":"","ed_cta_examples_hidden":"","ed_cta_demo_text":"","ed_cta_demo_hidden":"","why_caption":"","why_editor_title":"","why_editor_text":"","why_team_title":"","why_team_text":"","why_service_title":"","why_service_text":"","template_catalog_visible":"0","template_catalog_title":"","template_catalog_text":"","template_catalog_categories_visible":"","demo_title":"Pospiesz si\u0119, aby stworzy\u0107 spersonalizowane kompleksowe recenzje PrestaShop","demo_caption":"Dostosuj go i dodaj wid\u017cet na swojej stronie za pomoc\u0105 wersji demonstracyjnej","default_faq_hidden":"","app_template_category":[],"platform":"586","template_public_id":"","codecanyon_url":"","codecanyon_item_id":"","codecanyon_price":"","pricing_caption":"","pricing_elfsight_apps_hide_column":"","pricing_elfsight_apps_url":"","pricing_codecanyon_price_caption":"","integration_category":[],"integration_request_title":"","integration_request_cta":"","integration_platform":"","integrations":[],"platform_category":[],"video_schema_markup":"","price":"od 0 USD \/ miesi\u0105c","trial":"","benefits":[{"text":"Bezp\u0142atna pomoc w monta\u017cu"},{"text":"Wsparcie premium"},{"text":"14-dniowa gwarancja zwrotu pieni\u0119dzy"}],"button_url":"#demo","button_target_blank":"0","button_nofollow":"0","attributes":[{"name":"Instaluje"},{"name":"Czu\u0142y"},{"name":"Kompatybilne przegl\u0105darki"}],"tags":[],"tags_disable_links":"0","hide_more_platforms":"0","video_object":"","demo_hide_cta":"0","demo_hide_cloud_options":"0","pricing_title":"","pricing":[{"pricing_icon":"platform","pricing_title":"Elfsight Apps","pricing_title_caption":"Rozwi\u0105zanie wieloplatformowe, kt\u00f3re dzia\u0142a na ka\u017cdej stronie internetowej","pricing_price":"od 0 USD \/ miesi\u0105c","pricing_price_caption":"zacznij od bezp\u0142atnego planu","pricing_benefits":[{"text":"Nielimitowane domeny"},{"text":"Profesjonalne wsparcie firmy"},{"text":"Bezp\u0142atna pomoc w monta\u017cu"},{"text":"Elastyczny projekt"}],"pricing_button_text":"Dodaj do witryny","pricing_button_url":"#demo"}],"related_apps_title":"","related_apps_hidden":"0","author":"","image":[],"title":"","job":"","social_networks":[]},"_links":{"self":[{"href":"https:\/\/elfsight.com\/pl\/wp-json\/wp\/v2\/pages\/4038","targetHints":{"allow":["GET"]}}],"collection":[{"href":"https:\/\/elfsight.com\/pl\/wp-json\/wp\/v2\/pages"}],"about":[{"href":"https:\/\/elfsight.com\/pl\/wp-json\/wp\/v2\/types\/page"}],"author":[{"embeddable":true,"href":"https:\/\/elfsight.com\/pl\/wp-json\/wp\/v2\/users\/9"}],"replies":[{"embeddable":true,"href":"https:\/\/elfsight.com\/pl\/wp-json\/wp\/v2\/comments?post=4038"}],"version-history":[{"count":2,"href":"https:\/\/elfsight.com\/pl\/wp-json\/wp\/v2\/pages\/4038\/revisions"}],"predecessor-version":[{"id":10398,"href":"https:\/\/elfsight.com\/pl\/wp-json\/wp\/v2\/pages\/4038\/revisions\/10398"}],"up":[{"embeddable":true,"href":"https:\/\/elfsight.com\/pl\/wp-json\/wp\/v2\/pages\/711"}],"wp:attachment":[{"href":"https:\/\/elfsight.com\/pl\/wp-json\/wp\/v2\/media?parent=4038"}],"curies":[{"name":"wp","href":"https:\/\/api.w.org\/{rel}","templated":true}]}}